{"id":799,"date":"2020-07-10T11:03:05","date_gmt":"2020-07-10T11:03:05","guid":{"rendered":"https:\/\/distribucionarc.com\/?post_type=product&#038;p=799"},"modified":"2023-01-13T16:44:36","modified_gmt":"2023-01-13T16:44:36","slug":"forno-per-pizza-elettrico-a-2-piani-in-pietra","status":"publish","type":"product","link":"https:\/\/distribucionarc.com\/it\/producto\/horno-de-pizza-de-2-niveles-de-piedra-electrico\/","title":{"rendered":"Forno elettrico per pizza a pietra a 2 livelli"},"content":{"rendered":"<h3>Forno elettrico per pizza a pietra a 2 livelli <span style=\"color: #ff0000;\">A<\/span><span style=\"color: #0000ff;\">R<\/span>CHPN2<\/h3>\n<p>&nbsp;<\/p>\n<p>La temperatura pu\u00f2 essere regolata individualmente per creare pizze perfette e gustose. Lui <strong>forno per pizze<\/strong> pu\u00f2 essere riscaldato fino ad una temperatura massima di 350\u00b0C. Non appena viene raggiunta la temperatura desiderata, il forno per pizza mantiene la temperatura <strong><span style=\"color: #008000;\">temperatura costante con un consumo energetico minimo<\/span><\/strong>. Ci\u00f2 garantisce pizze croccanti e altri piatti di pasta. Ha due livelli per aumentare la produzione<\/p>\n<p>Il forno per le pizze <span style=\"color: #ff0000;\">A<\/span><span style=\"color: #0000ff;\">R<\/span>CHPN2 \u00e8 dotato di tacchetti in gomma antiscivolo e di una struttura solida che garantisce una posizione sicura. Per una cottura perfetta, il forno per pizza \u00e8 dotato di illuminazione integrata e porte in vetro. Il piano di cottura \u00e8 dotato di a <strong>mattoni refrattari<\/strong>. La pietra ignifuga rende le pizze come a <strong>forno in pietra,<\/strong>\u00a0 immagazzinando il calore emesso. La pietra garantisce quindi alle pizze una temperatura costante e le rende croccanti.<\/p>\n<p>La parte anteriore del forno per pizza \u00e8 realizzata in acciaio inossidabile ed \u00e8 <strong>facile da pulire.<\/strong> Grazie alla lavorazione di materiali resistenti al calore e antiruggine, il forno non \u00e8 solo robusto, ma ha anche una lunga durata. progettato per lavori prolungati adatto per uso industriale<\/p>\n<p>&nbsp;<\/p>\n<h6><strong>garanzia\u00a0<span style=\"color: #ff0000;\">A<\/span><span style=\"color: #0000ff;\">R<\/span>C 2 ANNI<\/strong><\/h6>\n<h6><span style=\"color: #008000;\"><strong>Forno pizza efficiente a basso consumo 2500w<\/strong><\/span><\/h6>\n<h6><strong>supporto tecnico incluso.<\/strong><\/h6>\n<p>&nbsp;<\/p>\n<p><iframe loading=\"lazy\" src=\"https:\/\/www.youtube.com\/embed\/M6amTii8wPs\" width=\"560\" height=\"315\" frameborder=\"0\" allowfullscreen=\"allowfullscreen\"><\/iframe><\/p>\n<table role=\"presentation\" width=\"100%\" cellspacing=\"0\" cellpadding=\"0\">\n<tbody>\n<tr>\n<td class=\"attrLabels\">Temperatura:<\/td>\n<td width=\"50.0%\">0-350\u00baC<\/td>\n<\/tr>\n<tr>\n<td class=\"attrLabels\">Paese di distribuzione:<\/td>\n<td width=\"50.0%\">Spagna, Germania, Stati Uniti<\/td>\n<td class=\"attrLabels\">Peso:<\/td>\n<td width=\"50.0%\">26 kg<\/td>\n<\/tr>\n<tr>\n<td class=\"attrLabels\">Marca:<\/td>\n<td width=\"50.0%\">ARCO<\/td>\n<td class=\"attrLabels\">Altezza:<\/td>\n<td width=\"50.0%\">48 centimetri<\/td>\n<\/tr>\n<tr>\n<td class=\"attrLabels\">Colore:<\/td>\n<td width=\"50.0%\">Argento<\/td>\n<td class=\"attrLabels\">Lungo:<\/td>\n<td width=\"50.0%\">63 cm<\/td>\n<\/tr>\n<tr>\n<td class=\"attrLabels\">Tipo di prodotto:<\/td>\n<td width=\"50.0%\">forno in pietra<\/td>\n<td class=\"attrLabels\">Ampio:<\/td>\n<td width=\"50.0%\">58 cm<\/td>\n<\/tr>\n<tr>\n<td class=\"attrLabels\">Numero del produttore:<\/td>\n<td width=\"50.0%\"><span style=\"color: #ff0000;\">A<\/span><span style=\"color: #0000ff;\">R<\/span>CHPN2<\/td>\n<td class=\"attrLabels\">Energia:<\/td>\n<td width=\"50.0%\">2500 W<\/td>\n<\/tr>\n<tr>\n<td class=\"attrLabels\">Materiale:<\/td>\n<td width=\"50.0%\">acciaio inossidabile, pietra riflettente<\/td>\n<td class=\"attrLabels\">Tensione in ingresso<\/td>\n<td width=\"50.0%\">230 V \u2013 50 Hz<\/td>\n<\/tr>\n<tr>\n<td class=\"attrLabels\">Larghezza:<\/td>\n<td width=\"50.0%\">57 cm<\/td>\n<td class=\"attrLabels\">Modelli di modulo:<\/td>\n<td width=\"50.0%\">5\u00b0 pz<\/td>\n<\/tr>\n<tr>\n<td class=\"attrLabels\">Strumenti di installazione:<\/td>\n<td width=\"50.0%\">S\u00ec<\/td>\n<td class=\"attrLabels\">Garanzia:<\/td>\n<td width=\"50.0%\">ARCO 2 ANNI<\/td>\n<\/tr>\n<\/tbody>\n<\/table>\n<p>&nbsp;<\/p>","protected":false},"excerpt":{"rendered":"<h2>Forno per pizza a 2 livelli <span style=\"color: #ff0000;\">A<\/span><span style=\"color: #0000ff;\">R<\/span>CHPN2<\/h2>\n<p>&nbsp;<\/p>\n<p>Il forno per pizza 2 x 40 \u00e8 un forno compatto e robusto realizzato in acciaio inox. Questo forno per pizza di <strong><span style=\"color: #ff0000;\">A<\/span><span style=\"color: #0000ff;\">R<\/span>C<\/strong> Non ha solo lastre di pietra, ma anche luci della fotocamera. C&#039;\u00e8 spazio per 2 pizze di circa 40 centimetri contemporaneamente. Questo forno per pizza <strong><span style=\"color: #ff0000;\">A<\/span><span style=\"color: #0000ff;\">R<\/span>CHPN2<\/strong><\/p>\n<p>\u00c8 qualcosa che pu\u00f2 essere sollevato, poich\u00e9 non pesa pi\u00f9 di 26 chilogrammi. La comodit\u00e0 di questo forno per pizza \u00e8 che puoi regolare la temperatura per camera sia nella parte inferiore che in quella superiore.<\/p>\n<p>&nbsp;<\/p>\n<h6><strong>garanzia\u00a0<span style=\"color: #ff0000;\">A<\/span><span style=\"color: #0000ff;\">R<\/span>C 2 ANNI<\/strong><\/h6>\n<h6><span style=\"color: #008000;\"><strong>Forno pizza efficiente a basso consumo 2500w<\/strong><\/span><\/h6>\n<h6><strong>supporto tecnico incluso.<\/strong><\/h6>","protected":false},"featured_media":800,"comment_status":"open","ping_status":"closed","template":"","meta":{"wds_primary_product_brand":0,"wds_primary_product_cat":0},"product_brand":[],"product_cat":[40],"product_tag":[],"class_list":{"0":"post-799","1":"product","2":"type-product","3":"status-publish","4":"has-post-thumbnail","6":"product_cat-hornos","7":"product_shipping_class-hosteleria","9":"first","10":"instock","11":"sale","12":"taxable","13":"shipping-taxable","14":"purchasable","15":"product-type-simple"},"yoast_head":"<!-- This site is optimized with the Yoast SEO Premium plugin v24.9 (Yoast SEO v26.1) - https:\/\/yoast.com\/wordpress\/plugins\/seo\/ -->\n<title>Horno de pizza de 2 niveles de piedra electrico - distribuci\u00f3n ARC<\/title>\n<meta name=\"robots\" content=\"index, follow, max-snippet:-1, max-image-preview:large, max-video-preview:-1\" \/>\n<link rel=\"canonical\" href=\"https:\/\/www.distribucionarc.com\/producto\/horno-de-pizza-de-2-niveles-de-piedra-electrico\/\" \/>\n<meta property=\"og:locale\" content=\"it_IT\" \/>\n<meta property=\"og:type\" content=\"article\" \/>\n<meta property=\"og:title\" content=\"Horno de pizza de 2 niveles de piedra electrico\" \/>\n<meta property=\"og:description\" content=\"Horno de pizza de 2 niveles ARCHPN2 &nbsp;  Horno de pizza 2 x 40 es un horno compacto y robusto hecho de acero inoxidable. Este horno de pizza por ARC no s\u00f3lo tiene placas de piedra, pero tambi\u00e9n luces de la c\u00e1mara. Hay espacio para 2 pizzas de alrededor de 40 cent\u00edmetros al mismo tiempo. Este horno de pizza ARCHPN2  es algo que se puede levantar, ya que no pesa m\u00e1s de 26 kilogramos. Lo conveniente de este horno de pizza es que se puede ajustar la temperatura por c\u00e1mara tanto en la parte inferior y la parte superior.  &nbsp; garantia\u00a0ARC 2A\u00d1OS Horno Pizza eficiente bajo consumo 2500w soporte tecnico incluido.\" \/>\n<meta property=\"og:url\" content=\"https:\/\/www.distribucionarc.com\/producto\/horno-de-pizza-de-2-niveles-de-piedra-electrico\/\" \/>\n<meta property=\"og:site_name\" content=\"distribuci\u00f3n ARC\" \/>\n<meta property=\"article:modified_time\" content=\"2023-01-13T16:44:36+00:00\" \/>\n<meta property=\"og:image\" content=\"https:\/\/www.distribucionarc.com\/wp-content\/uploads\/2020\/07\/Horno-de-pizza-de-2-niveles-de-piedra-electrico-0.jpg\" \/>\n\t<meta property=\"og:image:width\" content=\"1600\" \/>\n\t<meta property=\"og:image:height\" content=\"1600\" \/>\n\t<meta property=\"og:image:type\" content=\"image\/jpeg\" \/>\n<meta name=\"twitter:card\" content=\"summary_large_image\" \/>\n<meta name=\"twitter:label1\" content=\"Tempo di lettura stimato\" \/>\n\t<meta name=\"twitter:data1\" content=\"1 minuto\" \/>\n<script type=\"application\/ld+json\" class=\"yoast-schema-graph\">{\"@context\":\"https:\/\/schema.org\",\"@graph\":[{\"@type\":\"WebPage\",\"@id\":\"https:\/\/www.distribucionarc.com\/producto\/horno-de-pizza-de-2-niveles-de-piedra-electrico\/\",\"url\":\"https:\/\/www.distribucionarc.com\/producto\/horno-de-pizza-de-2-niveles-de-piedra-electrico\/\",\"name\":\"Horno de pizza de 2 niveles de piedra electrico - distribuci\u00f3n ARC\",\"isPartOf\":{\"@id\":\"https:\/\/www.distribucionarc.com\/sl\/#website\"},\"primaryImageOfPage\":{\"@id\":\"https:\/\/www.distribucionarc.com\/producto\/horno-de-pizza-de-2-niveles-de-piedra-electrico\/#primaryimage\"},\"image\":{\"@id\":\"https:\/\/www.distribucionarc.com\/producto\/horno-de-pizza-de-2-niveles-de-piedra-electrico\/#primaryimage\"},\"thumbnailUrl\":\"https:\/\/distribucionarc.com\/wp-content\/uploads\/2020\/07\/Horno-de-pizza-de-2-niveles-de-piedra-electrico-0.jpg\",\"datePublished\":\"2020-07-10T11:03:05+00:00\",\"dateModified\":\"2023-01-13T16:44:36+00:00\",\"breadcrumb\":{\"@id\":\"https:\/\/www.distribucionarc.com\/producto\/horno-de-pizza-de-2-niveles-de-piedra-electrico\/#breadcrumb\"},\"inLanguage\":\"it-IT\",\"potentialAction\":[{\"@type\":\"ReadAction\",\"target\":[\"https:\/\/www.distribucionarc.com\/producto\/horno-de-pizza-de-2-niveles-de-piedra-electrico\/\"]}]},{\"@type\":\"ImageObject\",\"inLanguage\":\"it-IT\",\"@id\":\"https:\/\/www.distribucionarc.com\/producto\/horno-de-pizza-de-2-niveles-de-piedra-electrico\/#primaryimage\",\"url\":\"https:\/\/distribucionarc.com\/wp-content\/uploads\/2020\/07\/Horno-de-pizza-de-2-niveles-de-piedra-electrico-0.jpg\",\"contentUrl\":\"https:\/\/distribucionarc.com\/wp-content\/uploads\/2020\/07\/Horno-de-pizza-de-2-niveles-de-piedra-electrico-0.jpg\",\"width\":1600,\"height\":1600,\"caption\":\"Horno-de-pizza-de-2-niveles-de-piedra-electrico\"},{\"@type\":\"BreadcrumbList\",\"@id\":\"https:\/\/www.distribucionarc.com\/producto\/horno-de-pizza-de-2-niveles-de-piedra-electrico\/#breadcrumb\",\"itemListElement\":[{\"@type\":\"ListItem\",\"position\":1,\"name\":\"Portada\",\"item\":\"https:\/\/www.distribucionarc.com\/\"},{\"@type\":\"ListItem\",\"position\":2,\"name\":\"\u00dcr\u00fcnler\",\"item\":\"https:\/\/www.distribucionarc.com\/tr\/magaza\/\"},{\"@type\":\"ListItem\",\"position\":3,\"name\":\"Horno de pizza de 2 niveles de piedra electrico\"}]},{\"@type\":\"WebSite\",\"@id\":\"https:\/\/www.distribucionarc.com\/sl\/#website\",\"url\":\"https:\/\/www.distribucionarc.com\/sl\/\",\"name\":\"distribuci\u00f3n ARC\",\"description\":\"Empresa especializada en la fabricaci\u00f3n y distribuci\u00f3n de maquinaria industrial, selladoras de latas, Maquinas de hacer pastillas, Maquinas de cortar carne...\",\"publisher\":{\"@id\":\"https:\/\/www.distribucionarc.com\/sl\/#organization\"},\"potentialAction\":[{\"@type\":\"SearchAction\",\"target\":{\"@type\":\"EntryPoint\",\"urlTemplate\":\"https:\/\/www.distribucionarc.com\/sl\/?s={search_term_string}\"},\"query-input\":{\"@type\":\"PropertyValueSpecification\",\"valueRequired\":true,\"valueName\":\"search_term_string\"}}],\"inLanguage\":\"it-IT\"},{\"@type\":\"Organization\",\"@id\":\"https:\/\/www.distribucionarc.com\/sl\/#organization\",\"name\":\"Distribuci\u00f3n ARC\",\"url\":\"https:\/\/www.distribucionarc.com\/sl\/\",\"logo\":{\"@type\":\"ImageObject\",\"inLanguage\":\"it-IT\",\"@id\":\"https:\/\/www.distribucionarc.com\/sl\/#\/schema\/logo\/image\/\",\"url\":\"https:\/\/distribucionarc.com\/wp-content\/uploads\/2024\/10\/distribucion-ARC-COLOR-SIN-FONDO-e1732295305345.png\",\"contentUrl\":\"https:\/\/distribucionarc.com\/wp-content\/uploads\/2024\/10\/distribucion-ARC-COLOR-SIN-FONDO-e1732295305345.png\",\"width\":1164,\"height\":558,\"caption\":\"Distribuci\u00f3n ARC\"},\"image\":{\"@id\":\"https:\/\/www.distribucionarc.com\/sl\/#\/schema\/logo\/image\/\"},\"description\":\"Empresa especializada en la fabricaci\u00f3n y distribuci\u00f3n de maquinaria industrial para los sectores alimentario y farmac\u00e9utico. Nos especializamos en: M\u00e1quinas de cortar carne Fabricaci\u00f3n de comprimidos Sistemas de transporte industrial L\u00edneas de embotellado Dosificadores Y mucho m\u00e1s... Ofrecemos soluciones innovadoras y personalizadas para optimizar los procesos productivos de tu empresa.\",\"email\":\"Admistracion@distribucionarc.com\",\"telephone\":\"+34 643496664\",\"legalName\":\"ARC TECH SOLUTIONS\",\"foundingDate\":\"2024-04-09\",\"vatID\":\"B55480172\",\"numberOfEmployees\":{\"@type\":\"QuantitativeValue\",\"minValue\":\"1\",\"maxValue\":\"10\"}}]}<\/script>\n<!-- \/ Yoast SEO Premium plugin. -->","yoast_head_json":{"title":"Forno elettrico per pizza a 2 livelli in pietra - distribuzione ARC","robots":{"index":"index","follow":"follow","max-snippet":"max-snippet:-1","max-image-preview":"max-image-preview:large","max-video-preview":"max-video-preview:-1"},"canonical":"https:\/\/www.distribucionarc.com\/producto\/horno-de-pizza-de-2-niveles-de-piedra-electrico\/","og_locale":"it_IT","og_type":"article","og_title":"Horno de pizza de 2 niveles de piedra electrico","og_description":"Horno de pizza de 2 niveles ARCHPN2 &nbsp;  Horno de pizza 2 x 40 es un horno compacto y robusto hecho de acero inoxidable. Este horno de pizza por ARC no s\u00f3lo tiene placas de piedra, pero tambi\u00e9n luces de la c\u00e1mara. Hay espacio para 2 pizzas de alrededor de 40 cent\u00edmetros al mismo tiempo. Este horno de pizza ARCHPN2  es algo que se puede levantar, ya que no pesa m\u00e1s de 26 kilogramos. Lo conveniente de este horno de pizza es que se puede ajustar la temperatura por c\u00e1mara tanto en la parte inferior y la parte superior.  &nbsp; garantia\u00a0ARC 2A\u00d1OS Horno Pizza eficiente bajo consumo 2500w soporte tecnico incluido.","og_url":"https:\/\/www.distribucionarc.com\/producto\/horno-de-pizza-de-2-niveles-de-piedra-electrico\/","og_site_name":"distribuci\u00f3n ARC","article_modified_time":"2023-01-13T16:44:36+00:00","og_image":[{"width":1600,"height":1600,"url":"https:\/\/www.distribucionarc.com\/wp-content\/uploads\/2020\/07\/Horno-de-pizza-de-2-niveles-de-piedra-electrico-0.jpg","type":"image\/jpeg"}],"twitter_card":"summary_large_image","twitter_misc":{"Tempo di lettura stimato":"1 minuto"},"schema":{"@context":"https:\/\/schema.org","@graph":[{"@type":"WebPage","@id":"https:\/\/www.distribucionarc.com\/producto\/horno-de-pizza-de-2-niveles-de-piedra-electrico\/","url":"https:\/\/www.distribucionarc.com\/producto\/horno-de-pizza-de-2-niveles-de-piedra-electrico\/","name":"Forno elettrico per pizza a 2 livelli in pietra - distribuzione ARC","isPartOf":{"@id":"https:\/\/www.distribucionarc.com\/sl\/#website"},"primaryImageOfPage":{"@id":"https:\/\/www.distribucionarc.com\/producto\/horno-de-pizza-de-2-niveles-de-piedra-electrico\/#primaryimage"},"image":{"@id":"https:\/\/www.distribucionarc.com\/producto\/horno-de-pizza-de-2-niveles-de-piedra-electrico\/#primaryimage"},"thumbnailUrl":"https:\/\/distribucionarc.com\/wp-content\/uploads\/2020\/07\/Horno-de-pizza-de-2-niveles-de-piedra-electrico-0.jpg","datePublished":"2020-07-10T11:03:05+00:00","dateModified":"2023-01-13T16:44:36+00:00","breadcrumb":{"@id":"https:\/\/www.distribucionarc.com\/producto\/horno-de-pizza-de-2-niveles-de-piedra-electrico\/#breadcrumb"},"inLanguage":"it-IT","potentialAction":[{"@type":"ReadAction","target":["https:\/\/www.distribucionarc.com\/producto\/horno-de-pizza-de-2-niveles-de-piedra-electrico\/"]}]},{"@type":"ImageObject","inLanguage":"it-IT","@id":"https:\/\/www.distribucionarc.com\/producto\/horno-de-pizza-de-2-niveles-de-piedra-electrico\/#primaryimage","url":"https:\/\/distribucionarc.com\/wp-content\/uploads\/2020\/07\/Horno-de-pizza-de-2-niveles-de-piedra-electrico-0.jpg","contentUrl":"https:\/\/distribucionarc.com\/wp-content\/uploads\/2020\/07\/Horno-de-pizza-de-2-niveles-de-piedra-electrico-0.jpg","width":1600,"height":1600,"caption":"Horno-de-pizza-de-2-niveles-de-piedra-electrico"},{"@type":"BreadcrumbList","@id":"https:\/\/www.distribucionarc.com\/producto\/horno-de-pizza-de-2-niveles-de-piedra-electrico\/#breadcrumb","itemListElement":[{"@type":"ListItem","position":1,"name":"Portada","item":"https:\/\/www.distribucionarc.com\/"},{"@type":"ListItem","position":2,"name":"\u00dcr\u00fcnler","item":"https:\/\/www.distribucionarc.com\/tr\/magaza\/"},{"@type":"ListItem","position":3,"name":"Horno de pizza de 2 niveles de piedra electrico"}]},{"@type":"WebSite","@id":"https:\/\/www.distribucionarc.com\/sl\/#website","url":"https:\/\/www.distribucionarc.com\/sl\/","name":"Distribuzione dell&#039;ARCO","description":"Azienda specializzata nella produzione e distribuzione di macchinari industriali, macchine sigillatrici di lattine, macchine per la produzione di compresse, macchine per il taglio della carne...","publisher":{"@id":"https:\/\/www.distribucionarc.com\/sl\/#organization"},"potentialAction":[{"@type":"SearchAction","target":{"@type":"EntryPoint","urlTemplate":"https:\/\/www.distribucionarc.com\/sl\/?s={search_term_string}"},"query-input":{"@type":"PropertyValueSpecification","valueRequired":true,"valueName":"search_term_string"}}],"inLanguage":"it-IT"},{"@type":"Organization","@id":"https:\/\/www.distribucionarc.com\/sl\/#organization","name":"Distribuzione dell&#039;ARC","url":"https:\/\/www.distribucionarc.com\/sl\/","logo":{"@type":"ImageObject","inLanguage":"it-IT","@id":"https:\/\/www.distribucionarc.com\/sl\/#\/schema\/logo\/image\/","url":"https:\/\/distribucionarc.com\/wp-content\/uploads\/2024\/10\/distribucion-ARC-COLOR-SIN-FONDO-e1732295305345.png","contentUrl":"https:\/\/distribucionarc.com\/wp-content\/uploads\/2024\/10\/distribucion-ARC-COLOR-SIN-FONDO-e1732295305345.png","width":1164,"height":558,"caption":"Distribuci\u00f3n ARC"},"image":{"@id":"https:\/\/www.distribucionarc.com\/sl\/#\/schema\/logo\/image\/"},"description":"Azienda specializzata nella produzione e distribuzione di macchinari industriali per il settore alimentare e farmaceutico. Siamo specializzati in: Macchine per il taglio della carne Produzione di compresse Sistemi di trasporto industriale Linee di imbottigliamento Dispenser E molto altro ancora... Offriamo soluzioni innovative e personalizzate per ottimizzare i processi produttivi della vostra azienda.","email":"Admistracion@distribucionarc.com","telephone":"+34 643496664","legalName":"ARC TECH SOLUTIONS","foundingDate":"2024-04-09","vatID":"B55480172","numberOfEmployees":{"@type":"QuantitativeValue","minValue":"1","maxValue":"10"}}]}},"_links":{"self":[{"href":"https:\/\/distribucionarc.com\/it\/wp-json\/wp\/v2\/product\/799","targetHints":{"allow":["GET"]}}],"collection":[{"href":"https:\/\/distribucionarc.com\/it\/wp-json\/wp\/v2\/product"}],"about":[{"href":"https:\/\/distribucionarc.com\/it\/wp-json\/wp\/v2\/types\/product"}],"replies":[{"embeddable":true,"href":"https:\/\/distribucionarc.com\/it\/wp-json\/wp\/v2\/comments?post=799"}],"version-history":[{"count":0,"href":"https:\/\/distribucionarc.com\/it\/wp-json\/wp\/v2\/product\/799\/revisions"}],"wp:featuredmedia":[{"embeddable":true,"href":"https:\/\/distribucionarc.com\/it\/wp-json\/wp\/v2\/media\/800"}],"wp:attachment":[{"href":"https:\/\/distribucionarc.com\/it\/wp-json\/wp\/v2\/media?parent=799"}],"wp:term":[{"taxonomy":"product_brand","embeddable":true,"href":"https:\/\/distribucionarc.com\/it\/wp-json\/wp\/v2\/product_brand?post=799"},{"taxonomy":"product_cat","embeddable":true,"href":"https:\/\/distribucionarc.com\/it\/wp-json\/wp\/v2\/product_cat?post=799"},{"taxonomy":"product_tag","embeddable":true,"href":"https:\/\/distribucionarc.com\/it\/wp-json\/wp\/v2\/product_tag?post=799"}],"curies":[{"name":"wp","href":"https:\/\/api.w.org\/{rel}","templated":true}]}}