{"id":820,"date":"2020-07-12T16:37:37","date_gmt":"2020-07-12T16:37:37","guid":{"rendered":"https:\/\/distribucionarc.com\/?post_type=product&#038;p=820"},"modified":"2020-09-26T15:30:52","modified_gmt":"2020-09-26T15:30:52","slug":"macchina-per-frittelle","status":"publish","type":"product","link":"https:\/\/distribucionarc.com\/it\/producto\/maquina-de-panqueques\/","title":{"rendered":"Mini macchina per pancake"},"content":{"rendered":"<h3>Mini macchina per pancake<\/h3>\n<p>Questo<strong> macchina per frittelle<\/strong> Professional \u00e8 rivestito da una cassa in acciaio inossidabile di alta qualit\u00e0 per uso alimentare e da una piastra in ghisa con rivestimento antiaderente. Igienico e durevole.<\/p>\n<p>La piastra in ghisa ad alta conduzione distribuisce il calore in modo uniforme e fornisce <strong>frittelle<\/strong> dorato con un&#039;ampia superficie di cottura (260 x 260 mm). La cottura simultanea di un massimo di 25 pancake (45 x 10 mm) richiede solo 3-5 minuti.<\/p>\n<p>IL <strong>macchina per frittelle<\/strong> Di <strong><span style=\"color: #ff0000;\">A<\/span><span style=\"color: #0000ff;\">R<\/span>CMP1<\/strong> E&#039; dotato di due termostati e di un timer da 5 minuti, che permette il controllo separato di due zone diverse. L&#039;intervallo di temperatura \u00e8 50-300\u00baC.<\/p>\n<p>Dopo aver cotto i pancake con questa macchina, puoi semplicemente pulirli con spugne non abrasive e un po&#039; di detersivo per piatti, poich\u00e9 le spugne abrasive possono danneggiare o rimuovere la superficie antiaderente.<\/p>\n<p>Il mini <strong>macchina per cuocere i pancake<\/strong> \u00e8 adatto per la cottura al forno <strong>dorayaki<\/strong>, <strong>crepes<\/strong>, <strong>poffertjes<\/strong>, <strong>cupcakes<\/strong> E<strong> pancake olandesi<\/strong>. Viene spesso utilizzato in ristoranti, bar, congelatori, mense e altre industrie alimentari.<\/p>\n<p><b>Garanzia<\/b><strong>\u00a0<\/strong><span style=\"color: #ff0000;\"><strong>A<\/strong><\/span><span style=\"color: #0000ff;\"><strong>R<\/strong><\/span><strong>C 2 ANNI<\/strong><\/p>\n<p><span style=\"color: #008000;\"><b>Macchina per pancake a basso consumo 600w<\/b><\/span><\/p>\n<p><b>supporto tecnico incluso.\u00a0<\/b><\/p>\n<p>&nbsp;<\/p>\n<table role=\"presentation\" width=\"100%\" cellspacing=\"0\" cellpadding=\"0\">\n<tbody>\n<tr>\n<td class=\"attrLabels\">Temperatura:<\/td>\n<td width=\"50.0%\">50-300\u00baC<\/td>\n<\/tr>\n<tr>\n<td class=\"attrLabels\">Paese di distribuzione:<\/td>\n<td width=\"50.0%\">Spagna, Germania, Stati Uniti<\/td>\n<td class=\"attrLabels\">Peso:<\/td>\n<td width=\"50.0%\">7kg<\/td>\n<\/tr>\n<tr>\n<td class=\"attrLabels\">Marca:<\/td>\n<td width=\"50.0%\">ARCO<\/td>\n<td class=\"attrLabels\">Altezza:<\/td>\n<td width=\"50.0%\">7,5 centimetri<\/td>\n<\/tr>\n<tr>\n<td class=\"attrLabels\">Colore:<\/td>\n<td width=\"50.0%\">Argento<\/td>\n<td class=\"attrLabels\">Lungo:<\/td>\n<td width=\"50.0%\">14 cm<\/td>\n<\/tr>\n<tr>\n<td class=\"attrLabels\">Tipo di prodotto:<\/td>\n<td width=\"50.0%\">Macchina per pancake<\/td>\n<td class=\"attrLabels\">Ampio:<\/td>\n<td width=\"50.0%\">12 cm<\/td>\n<\/tr>\n<tr>\n<td class=\"attrLabels\">Numero del produttore:<\/td>\n<td width=\"50.0%\"><span style=\"color: #ff0000;\">A<\/span><span style=\"color: #0000ff;\">R<\/span>CMP1<\/td>\n<td class=\"attrLabels\">Energia:<\/td>\n<td width=\"50.0%\">600W<\/td>\n<\/tr>\n<tr>\n<td class=\"attrLabels\">Materiale:<\/td>\n<td width=\"50.0%\">acciaio inossidabile, antiaderente<\/td>\n<td class=\"attrLabels\">tensione di ingresso<\/td>\n<td width=\"50.0%\">230 V \u2013 50 Hz<\/td>\n<\/tr>\n<tr>\n<td class=\"attrLabels\">Dimensione della frittella:<\/td>\n<td width=\"50.0%\">4,5x1 cm<\/td>\n<td class=\"attrLabels\">Garanzia<\/td>\n<td width=\"50.0%\">\u00a0<span style=\"color: #ff0000;\">A<\/span><span style=\"color: #0000ff;\">R<\/span>C 2 anni<\/td>\n<\/tr>\n<tr>\n<td class=\"attrLabels\">Tempo di riscaldamento:<\/td>\n<td width=\"50.0%\">0-5 minuti<\/td>\n<td class=\"attrLabels\">Contenuto della confezione<\/td>\n<td width=\"50.0%\">1 macchina per pancake<\/p>\n<p>4 spugne per la pulizia<\/p>\n<p>2 spazzole<\/p>\n<p>1 schiumarola<\/p>\n<p>1 pinza per alimenti<\/td>\n<\/tr>\n<\/tbody>\n<\/table>\n<p>&nbsp;<\/p>","protected":false},"excerpt":{"rendered":"<h2>macchina per frittelle<\/h2>\n<p><strong>Macchina per waffle professionale<\/strong> <span style=\"color: #ff0000;\">A<\/span><span style=\"color: #0000ff;\">R<\/span>C Piccoli pancake soffici dalla consistenza leggera e soffice. Perfetto per la colazione o come aperitivo. Con questo <strong>macchina per waffle professionale<\/strong> <span style=\"color: #ff0000;\">A<\/span><span style=\"color: #0000ff;\">R<\/span>CMP1, pu\u00f2 cuocere fino a 25 piccoli pancake alla volta in soli 3-5 minuti, rendendoti pi\u00f9 conveniente servire questo antipasto velocemente senza far aspettare i tuoi clienti.<\/p>\n<p>&nbsp;<\/p>\n<p><b>Garanzia<\/b><strong>\u00a0<\/strong><span style=\"color: #ff0000;\"><strong>A<\/strong><span style=\"color: #0000ff;\"><strong>R<\/strong><\/span><\/span><strong>C 2 ANNI<\/strong><\/p>\n<p><span style=\"color: #008000;\"><b>Macchina per pancake 600W<\/b><\/span><\/p>\n<p><b>supporto tecnico incluso.<\/b><\/p>","protected":false},"featured_media":830,"comment_status":"open","ping_status":"closed","template":"","meta":{"wds_primary_product_brand":0,"wds_primary_product_cat":0},"product_brand":[],"product_cat":[51],"product_tag":[],"class_list":{"0":"post-820","1":"product","2":"type-product","3":"status-publish","4":"has-post-thumbnail","6":"product_cat-gofreras-profesionales","7":"product_shipping_class-hosteleria","9":"first","10":"instock","11":"sale","12":"taxable","13":"shipping-taxable","14":"purchasable","15":"product-type-simple"},"yoast_head":"<!-- This site is optimized with the Yoast SEO Premium plugin v24.9 (Yoast SEO v26.1) - https:\/\/yoast.com\/wordpress\/plugins\/seo\/ -->\n<title>M\u00e1quina de mini Pancakes - distribuci\u00f3n ARC<\/title>\n<meta name=\"robots\" content=\"index, follow, max-snippet:-1, max-image-preview:large, max-video-preview:-1\" \/>\n<link rel=\"canonical\" href=\"https:\/\/distribucionarc.com\/it\/prodotto\/macchina-per-frittelle\/\" \/>\n<meta property=\"og:locale\" content=\"it_IT\" \/>\n<meta property=\"og:type\" content=\"article\" \/>\n<meta property=\"og:title\" content=\"M\u00e1quina de mini Pancakes\" \/>\n<meta property=\"og:description\" content=\"M\u00e1quina de pancakes Gofrera profesional ARC Peque\u00f1os panqueques esponjosos con una textura ligera y esponjosa. Perfecto para el desayuno o como aperitivo. Con esta gofrera profesional ARCMP1, puede hornear hasta 25 tortitas peque\u00f1as a la vez en s\u00f3lo 3-5 minutos, por lo que es m\u00e1s c\u00f3modo para usted servir este aperitivo r\u00e1pidamente sin hacer esperar a sus clientes.  &nbsp;  Garant\u00eda\u00a0ARC 2 A\u00d1OS  Maquina de Panqueques 600W  soporte t\u00e9cnico incluido.\" \/>\n<meta property=\"og:url\" content=\"https:\/\/distribucionarc.com\/it\/prodotto\/macchina-per-frittelle\/\" \/>\n<meta property=\"og:site_name\" content=\"distribuci\u00f3n ARC\" \/>\n<meta property=\"article:modified_time\" content=\"2020-09-26T15:30:52+00:00\" \/>\n<meta property=\"og:image\" content=\"https:\/\/distribucionarc.com\/wp-content\/uploads\/2020\/07\/M\u00e1quina-de-Panqueques-3.jpg\" \/>\n\t<meta property=\"og:image:width\" content=\"1600\" \/>\n\t<meta property=\"og:image:height\" content=\"1600\" \/>\n\t<meta property=\"og:image:type\" content=\"image\/jpeg\" \/>\n<meta name=\"twitter:card\" content=\"summary_large_image\" \/>\n<meta name=\"twitter:label1\" content=\"Tempo di lettura stimato\" \/>\n\t<meta name=\"twitter:data1\" content=\"1 minuto\" \/>\n<script type=\"application\/ld+json\" class=\"yoast-schema-graph\">{\"@context\":\"https:\/\/schema.org\",\"@graph\":[{\"@type\":\"WebPage\",\"@id\":\"https:\/\/distribucionarc.com\/lt\/producto\/maquina-de-panqueques\/\",\"url\":\"https:\/\/distribucionarc.com\/lt\/producto\/maquina-de-panqueques\/\",\"name\":\"M\u00e1quina de mini Pancakes - distribuci\u00f3n ARC\",\"isPartOf\":{\"@id\":\"https:\/\/www.distribucionarc.com\/de\/#website\"},\"primaryImageOfPage\":{\"@id\":\"https:\/\/distribucionarc.com\/lt\/producto\/maquina-de-panqueques\/#primaryimage\"},\"image\":{\"@id\":\"https:\/\/distribucionarc.com\/lt\/producto\/maquina-de-panqueques\/#primaryimage\"},\"thumbnailUrl\":\"https:\/\/distribucionarc.com\/wp-content\/uploads\/2020\/07\/M\u00e1quina-de-Panqueques-3.jpg\",\"datePublished\":\"2020-07-12T16:37:37+00:00\",\"dateModified\":\"2020-09-26T15:30:52+00:00\",\"breadcrumb\":{\"@id\":\"https:\/\/distribucionarc.com\/lt\/producto\/maquina-de-panqueques\/#breadcrumb\"},\"inLanguage\":\"it-IT\",\"potentialAction\":[{\"@type\":\"ReadAction\",\"target\":[\"https:\/\/distribucionarc.com\/lt\/producto\/maquina-de-panqueques\/\"]}]},{\"@type\":\"ImageObject\",\"inLanguage\":\"it-IT\",\"@id\":\"https:\/\/distribucionarc.com\/lt\/producto\/maquina-de-panqueques\/#primaryimage\",\"url\":\"https:\/\/distribucionarc.com\/wp-content\/uploads\/2020\/07\/M\u00e1quina-de-Panqueques-3.jpg\",\"contentUrl\":\"https:\/\/distribucionarc.com\/wp-content\/uploads\/2020\/07\/M\u00e1quina-de-Panqueques-3.jpg\",\"width\":1600,\"height\":1600,\"caption\":\"M\u00e1quina de panqueques\"},{\"@type\":\"BreadcrumbList\",\"@id\":\"https:\/\/distribucionarc.com\/lt\/producto\/maquina-de-panqueques\/#breadcrumb\",\"itemListElement\":[{\"@type\":\"ListItem\",\"position\":1,\"name\":\"Portada\",\"item\":\"https:\/\/www.distribucionarc.com\/en\/\"},{\"@type\":\"ListItem\",\"position\":2,\"name\":\"Products\",\"item\":\"https:\/\/www.distribucionarc.com\/en\/shop\/\"},{\"@type\":\"ListItem\",\"position\":3,\"name\":\"M\u00e1quina de mini Pancakes\"}]},{\"@type\":\"WebSite\",\"@id\":\"https:\/\/www.distribucionarc.com\/de\/#website\",\"url\":\"https:\/\/www.distribucionarc.com\/de\/\",\"name\":\"distribuci\u00f3n ARC\",\"description\":\"Empresa especializada en la fabricaci\u00f3n y distribuci\u00f3n de maquinaria industrial, selladoras de latas, Maquinas de hacer pastillas, Maquinas de cortar carne...\",\"publisher\":{\"@id\":\"https:\/\/www.distribucionarc.com\/de\/#organization\"},\"potentialAction\":[{\"@type\":\"SearchAction\",\"target\":{\"@type\":\"EntryPoint\",\"urlTemplate\":\"https:\/\/www.distribucionarc.com\/de\/?s={search_term_string}\"},\"query-input\":{\"@type\":\"PropertyValueSpecification\",\"valueRequired\":true,\"valueName\":\"search_term_string\"}}],\"inLanguage\":\"it-IT\"},{\"@type\":\"Organization\",\"@id\":\"https:\/\/www.distribucionarc.com\/de\/#organization\",\"name\":\"Distribuci\u00f3n ARC\",\"url\":\"https:\/\/www.distribucionarc.com\/de\/\",\"logo\":{\"@type\":\"ImageObject\",\"inLanguage\":\"it-IT\",\"@id\":\"https:\/\/www.distribucionarc.com\/de\/#\/schema\/logo\/image\/\",\"url\":\"https:\/\/distribucionarc.com\/wp-content\/uploads\/2024\/10\/distribucion-ARC-COLOR-SIN-FONDO-e1732295305345.png\",\"contentUrl\":\"https:\/\/distribucionarc.com\/wp-content\/uploads\/2024\/10\/distribucion-ARC-COLOR-SIN-FONDO-e1732295305345.png\",\"width\":1164,\"height\":558,\"caption\":\"Distribuci\u00f3n ARC\"},\"image\":{\"@id\":\"https:\/\/www.distribucionarc.com\/de\/#\/schema\/logo\/image\/\"},\"description\":\"Empresa especializada en la fabricaci\u00f3n y distribuci\u00f3n de maquinaria industrial para los sectores alimentario y farmac\u00e9utico. Nos especializamos en: M\u00e1quinas de cortar carne Fabricaci\u00f3n de comprimidos Sistemas de transporte industrial L\u00edneas de embotellado Dosificadores Y mucho m\u00e1s... Ofrecemos soluciones innovadoras y personalizadas para optimizar los procesos productivos de tu empresa.\",\"email\":\"Admistracion@distribucionarc.com\",\"telephone\":\"+34 643496664\",\"legalName\":\"ARC TECH SOLUTIONS\",\"foundingDate\":\"2024-04-09\",\"vatID\":\"B55480172\",\"numberOfEmployees\":{\"@type\":\"QuantitativeValue\",\"minValue\":\"1\",\"maxValue\":\"10\"}}]}<\/script>\n<!-- \/ Yoast SEO Premium plugin. -->","yoast_head_json":{"title":"Mini Pancake Machine - Distribuzione ARC","robots":{"index":"index","follow":"follow","max-snippet":"max-snippet:-1","max-image-preview":"max-image-preview:large","max-video-preview":"max-video-preview:-1"},"canonical":"https:\/\/distribucionarc.com\/it\/prodotto\/macchina-per-frittelle\/","og_locale":"it_IT","og_type":"article","og_title":"M\u00e1quina de mini Pancakes","og_description":"M\u00e1quina de pancakes Gofrera profesional ARC Peque\u00f1os panqueques esponjosos con una textura ligera y esponjosa. Perfecto para el desayuno o como aperitivo. Con esta gofrera profesional ARCMP1, puede hornear hasta 25 tortitas peque\u00f1as a la vez en s\u00f3lo 3-5 minutos, por lo que es m\u00e1s c\u00f3modo para usted servir este aperitivo r\u00e1pidamente sin hacer esperar a sus clientes.  &nbsp;  Garant\u00eda\u00a0ARC 2 A\u00d1OS  Maquina de Panqueques 600W  soporte t\u00e9cnico incluido.","og_url":"https:\/\/distribucionarc.com\/it\/prodotto\/macchina-per-frittelle\/","og_site_name":"distribuci\u00f3n ARC","article_modified_time":"2020-09-26T15:30:52+00:00","og_image":[{"width":1600,"height":1600,"url":"https:\/\/distribucionarc.com\/wp-content\/uploads\/2020\/07\/M\u00e1quina-de-Panqueques-3.jpg","type":"image\/jpeg"}],"twitter_card":"summary_large_image","twitter_misc":{"Tempo di lettura stimato":"1 minuto"},"schema":{"@context":"https:\/\/schema.org","@graph":[{"@type":"WebPage","@id":"https:\/\/distribucionarc.com\/lt\/producto\/maquina-de-panqueques\/","url":"https:\/\/distribucionarc.com\/lt\/producto\/maquina-de-panqueques\/","name":"Mini Pancake Machine - Distribuzione ARC","isPartOf":{"@id":"https:\/\/www.distribucionarc.com\/de\/#website"},"primaryImageOfPage":{"@id":"https:\/\/distribucionarc.com\/lt\/producto\/maquina-de-panqueques\/#primaryimage"},"image":{"@id":"https:\/\/distribucionarc.com\/lt\/producto\/maquina-de-panqueques\/#primaryimage"},"thumbnailUrl":"https:\/\/distribucionarc.com\/wp-content\/uploads\/2020\/07\/M\u00e1quina-de-Panqueques-3.jpg","datePublished":"2020-07-12T16:37:37+00:00","dateModified":"2020-09-26T15:30:52+00:00","breadcrumb":{"@id":"https:\/\/distribucionarc.com\/lt\/producto\/maquina-de-panqueques\/#breadcrumb"},"inLanguage":"it-IT","potentialAction":[{"@type":"ReadAction","target":["https:\/\/distribucionarc.com\/lt\/producto\/maquina-de-panqueques\/"]}]},{"@type":"ImageObject","inLanguage":"it-IT","@id":"https:\/\/distribucionarc.com\/lt\/producto\/maquina-de-panqueques\/#primaryimage","url":"https:\/\/distribucionarc.com\/wp-content\/uploads\/2020\/07\/M\u00e1quina-de-Panqueques-3.jpg","contentUrl":"https:\/\/distribucionarc.com\/wp-content\/uploads\/2020\/07\/M\u00e1quina-de-Panqueques-3.jpg","width":1600,"height":1600,"caption":"M\u00e1quina de panqueques"},{"@type":"BreadcrumbList","@id":"https:\/\/distribucionarc.com\/lt\/producto\/maquina-de-panqueques\/#breadcrumb","itemListElement":[{"@type":"ListItem","position":1,"name":"Portada","item":"https:\/\/www.distribucionarc.com\/en\/"},{"@type":"ListItem","position":2,"name":"Products","item":"https:\/\/www.distribucionarc.com\/en\/shop\/"},{"@type":"ListItem","position":3,"name":"M\u00e1quina de mini Pancakes"}]},{"@type":"WebSite","@id":"https:\/\/www.distribucionarc.com\/de\/#website","url":"https:\/\/www.distribucionarc.com\/de\/","name":"Distribuzione dell&#039;ARCO","description":"Azienda specializzata nella produzione e distribuzione di macchinari industriali, macchine sigillatrici di lattine, macchine per la produzione di compresse, macchine per il taglio della carne...","publisher":{"@id":"https:\/\/www.distribucionarc.com\/de\/#organization"},"potentialAction":[{"@type":"SearchAction","target":{"@type":"EntryPoint","urlTemplate":"https:\/\/www.distribucionarc.com\/de\/?s={search_term_string}"},"query-input":{"@type":"PropertyValueSpecification","valueRequired":true,"valueName":"search_term_string"}}],"inLanguage":"it-IT"},{"@type":"Organization","@id":"https:\/\/www.distribucionarc.com\/de\/#organization","name":"Distribuzione dell&#039;ARC","url":"https:\/\/www.distribucionarc.com\/de\/","logo":{"@type":"ImageObject","inLanguage":"it-IT","@id":"https:\/\/www.distribucionarc.com\/de\/#\/schema\/logo\/image\/","url":"https:\/\/distribucionarc.com\/wp-content\/uploads\/2024\/10\/distribucion-ARC-COLOR-SIN-FONDO-e1732295305345.png","contentUrl":"https:\/\/distribucionarc.com\/wp-content\/uploads\/2024\/10\/distribucion-ARC-COLOR-SIN-FONDO-e1732295305345.png","width":1164,"height":558,"caption":"Distribuci\u00f3n ARC"},"image":{"@id":"https:\/\/www.distribucionarc.com\/de\/#\/schema\/logo\/image\/"},"description":"Azienda specializzata nella produzione e distribuzione di macchinari industriali per il settore alimentare e farmaceutico. Siamo specializzati in: Macchine per il taglio della carne Produzione di compresse Sistemi di trasporto industriale Linee di imbottigliamento Dispenser E molto altro ancora... Offriamo soluzioni innovative e personalizzate per ottimizzare i processi produttivi della vostra azienda.","email":"Admistracion@distribucionarc.com","telephone":"+34 643496664","legalName":"ARC TECH SOLUTIONS","foundingDate":"2024-04-09","vatID":"B55480172","numberOfEmployees":{"@type":"QuantitativeValue","minValue":"1","maxValue":"10"}}]}},"_links":{"self":[{"href":"https:\/\/distribucionarc.com\/it\/wp-json\/wp\/v2\/product\/820","targetHints":{"allow":["GET"]}}],"collection":[{"href":"https:\/\/distribucionarc.com\/it\/wp-json\/wp\/v2\/product"}],"about":[{"href":"https:\/\/distribucionarc.com\/it\/wp-json\/wp\/v2\/types\/product"}],"replies":[{"embeddable":true,"href":"https:\/\/distribucionarc.com\/it\/wp-json\/wp\/v2\/comments?post=820"}],"version-history":[{"count":0,"href":"https:\/\/distribucionarc.com\/it\/wp-json\/wp\/v2\/product\/820\/revisions"}],"wp:featuredmedia":[{"embeddable":true,"href":"https:\/\/distribucionarc.com\/it\/wp-json\/wp\/v2\/media\/830"}],"wp:attachment":[{"href":"https:\/\/distribucionarc.com\/it\/wp-json\/wp\/v2\/media?parent=820"}],"wp:term":[{"taxonomy":"product_brand","embeddable":true,"href":"https:\/\/distribucionarc.com\/it\/wp-json\/wp\/v2\/product_brand?post=820"},{"taxonomy":"product_cat","embeddable":true,"href":"https:\/\/distribucionarc.com\/it\/wp-json\/wp\/v2\/product_cat?post=820"},{"taxonomy":"product_tag","embeddable":true,"href":"https:\/\/distribucionarc.com\/it\/wp-json\/wp\/v2\/product_tag?post=820"}],"curies":[{"name":"wp","href":"https:\/\/api.w.org\/{rel}","templated":true}]}}