{"id":5025,"date":"2022-11-21T16:57:14","date_gmt":"2022-11-21T16:57:14","guid":{"rendered":"https:\/\/distribucionarc.com\/?page_id=5025"},"modified":"2025-04-24T06:01:57","modified_gmt":"2025-04-24T04:01:57","slug":"sukurti-gamykla-ir-pramone-nuo-nulio","status":"publish","type":"page","link":"https:\/\/distribucionarc.com\/lt\/crear-una-fabrica-e-industria-desde-cero\/","title":{"rendered":"Sukurkite gamykl\u0105 ir pramon\u0119 nuo nulio"},"content":{"rendered":"<div data-elementor-type=\"wp-page\" data-elementor-id=\"5025\" class=\"elementor elementor-5025\" data-elementor-post-type=\"page\">\n\t\t\t\t<div class=\"elementor-element elementor-element-fceeb90 wd-section-stretch e-flex e-con-boxed wpr-particle-no wpr-jarallax-no wpr-parallax-no wpr-sticky-section-no e-con e-parent\" data-id=\"fceeb90\" data-element_type=\"container\" data-e-type=\"container\" data-settings=\"{&quot;background_background&quot;:&quot;classic&quot;}\">\n\t\t\t\t\t<div class=\"e-con-inner\">\n\t\t<div class=\"elementor-element elementor-element-9b8ec44 e-con-full e-flex wpr-particle-no wpr-jarallax-no wpr-parallax-no wpr-sticky-section-no e-con e-child\" data-id=\"9b8ec44\" data-element_type=\"container\" data-e-type=\"container\">\n\t\t\t\t<div class=\"elementor-element elementor-element-343db2a elementor-widget elementor-widget-heading\" data-id=\"343db2a\" data-element_type=\"widget\" data-e-type=\"widget\" data-widget_type=\"heading.default\">\n\t\t\t\t\t<h2 class=\"elementor-heading-title elementor-size-default\">Sukurkite gamykl\u0105 ir pramon\u0119 nuo nulio<\/h2>\t\t\t\t<\/div>\n\t\t\t\t<\/div>\n\t\t\t\t\t<\/div>\n\t\t\t\t<\/div>\n\t\t\t\t<section class=\"wd-negative-gap elementor-section elementor-top-section elementor-element elementor-element-b1de429 elementor-section-boxed elementor-section-height-default elementor-section-height-default wpr-particle-no wpr-jarallax-no wpr-parallax-no wpr-sticky-section-no\" data-id=\"b1de429\" data-element_type=\"section\" data-e-type=\"section\">\n\t\t\t\t\t\t<div class=\"elementor-container elementor-column-gap-default\">\n\t\t\t\t\t<div class=\"elementor-column elementor-col-100 elementor-top-column elementor-element elementor-element-5ace1ec\" data-id=\"5ace1ec\" data-element_type=\"column\" data-e-type=\"column\">\n\t\t\t<div class=\"elementor-widget-wrap elementor-element-populated\">\n\t\t\t\t\t\t<div class=\"elementor-element elementor-element-cf9fbaa elementor-widget elementor-widget-heading\" data-id=\"cf9fbaa\" data-element_type=\"widget\" data-e-type=\"widget\" data-widget_type=\"heading.default\">\n\t\t\t\t\t<h2 class=\"elementor-heading-title elementor-size-default\">Sukurkite gamykl\u0105 ir pramon\u0119 nuo nulio <\/h2>\t\t\t\t<\/div>\n\t\t\t\t<div class=\"elementor-element elementor-element-53c70b7 color-scheme-inherit text-left elementor-widget elementor-widget-text-editor\" data-id=\"53c70b7\" data-element_type=\"widget\" data-e-type=\"widget\" data-widget_type=\"text-editor.default\">\n\t\t\t\t\t\t\t\t\t<p>Yra daug veiksni\u0173, \u012f kuriuos reikia atsi\u017evelgti, kada <b>prad\u0117ti gamykl\u0105 nuo nulio<\/b>.&nbsp;<\/p>\n<p>Pirmas \u017eingsnis yra nustatyti pramon\u0117s tip\u0105 ir produkt\u0105 ar produktus, kuriuos gamykla gamins.&nbsp;<\/p>\n<p>Tada reikia pasirinkti gamyklos viet\u0105.&nbsp;<\/p>\n<p>Gamykla turi b\u016bti \u0161alia gamybai reikaling\u0173 \u017ealiav\u0173, taip pat arti potenciali\u0173 gatavos produkcijos rink\u0173.&nbsp;<\/p>\n<p>Pasirinkus viet\u0105, <b>gamykla turi b\u016bti suprojektuota ir pastatyta<\/b>.&nbsp;<\/p>\n<p>Gamyklos i\u0161d\u0117stymas ir tipas <b>reikalingos ma\u0161inos priklausys nuo gaminam\u0173 produkt\u0173<\/b>. Galiausiai gamykloje turi b\u016bti darbuotoj\u0173, turin\u010di\u0173 reikiam\u0173 \u012fg\u016bd\u017ei\u0173 valdyti ma\u0161inas ir gaminti produktus.<\/p>\t\t\t\t\t\t\t\t<\/div>\n\t\t\t\t<div class=\"elementor-element elementor-element-f239900 color-scheme-inherit text-left elementor-widget elementor-widget-text-editor\" data-id=\"f239900\" data-element_type=\"widget\" data-e-type=\"widget\" data-widget_type=\"text-editor.default\">\n\t\t\t\t\t\t\t\t\t<h2>Gamykl\u0173 tipai<\/h2><p>Gamyklos yra \u012fvairi\u0173 tip\u0173, priklausomai nuo j\u0173 perdirbam\u0173 produkt\u0173 ir galutini\u0173 produkt\u0173. Jie skirstomi \u012f dvi dideles klases: sunki\u0105j\u0105 gamykl\u0105 ir lengv\u0105j\u0105 gamykl\u0105.<\/p><h3>sunkioji gamykla<\/h3><p>Sunkioji gamykla skirta \u017ealiavoms apdoroti, kad jas paverst\u0173 pusgaminiais, o retai \u2013 galutiniais produktais, skirtais tiesioginiam vartojimui. Sunkiosios gamyklos pasi\u017eymi dideliu dyd\u017eiu ir daugybe ma\u0161in\u0173. \u0160ios gamyklos taip pat \u017einomos kaip <b>pramon\u0117s \u012fmon\u0117s.<\/b> Keletas sunki\u0173j\u0173 gamykl\u0173 pavyzd\u017ei\u0173:<\/p><ul><li><b>Chemija<\/b>: gaminti chemines med\u017eiagas, tokias kaip tr\u0105\u0161os, da\u017eai ir sintetiniai komponentai.<\/li><li><b>Metalurgijos<\/b>: Jie specializuojasi metalo apdorojime.<\/li><li><b>Plienas<\/b>: Jie skirti plien\u0105 paversti gele\u017eimi.<\/li><li><b>cemento gamykla<\/b>: paver\u010dia uolienas cementu ir kalk\u0117mis.<\/li><\/ul><h3>\u0161viesos gamykla<\/h3><p>Lengvoji gamykla yra ta, kuri \u017ealiavas arba tarpines med\u017eiagas perdirba \u012f produktus, skirtus tiesioginiam vartojimui. Lengvosios gamyklos pasi\u017eymi tuo, kad yra ma\u017eesn\u0117s ir apima tiek ma\u0161inas, tiek \u017emogi\u0161kuosius i\u0161teklius. Kai kurie tokio tipo gamykl\u0173 pavyzd\u017eiai:<\/p><ul><li><strong>Tekstil\u0117<\/strong>: jie gamina drabu\u017eius.<\/li><li><b>Maistas<\/b>: jie gamina maist\u0105.<\/li><li><strong>Farmacijos<\/strong>: jie gamina vaistus.<\/li><\/ul><h3>Gamyklos pagal gamybos sistemas, pramon\u0117s \u012fmon\u0117s<\/h3><p>Gamyklos taip pat klasifikuojamos pagal j\u0173 veikl\u0105, skirstant \u012f \u0161iuos proces\u0173 tipus:<\/p><ul><li>Nepertraukiama: n\u0117ra pertraukos ir palaikoma 24 valand\u0173 gamyba, pavyzd\u017eiui, naftos perdirbimo gamyklose.<\/li><li>Pasikartojantis: gamybos linija valdoma partijomis, pavyzd\u017eiui, tekstil\u0117s ir automobili\u0173 gamyklose.<\/li><li>Su pertraukomis: gaminiai gaminami kliento pageidavimu po pirkimo u\u017esakymo i\u0161davimo, pavyzd\u017eiui, turbin\u0173 gamyklose, laivuose ar l\u0117ktuvuose.<\/li><\/ul>\t\t\t\t\t\t\t\t<\/div>\n\t\t\t\t\t<\/div>\n\t\t<\/div>\n\t\t\t\t\t<\/div>\n\t\t<\/section>\n\t\t\t\t<\/div>","protected":false},"excerpt":{"rendered":"<p>Gamyklos ir pramon\u0117s k\u016brimas nuo nulio Gamyklos ir pramon\u0117s k\u016brimas nuo nulio Kuriant gamykl\u0105 ir pramon\u0119 nuo nulio, reikia atsi\u017evelgti \u012f daugel\u012f veiksni\u0173.<\/p>","protected":false},"author":1,"featured_media":0,"parent":0,"menu_order":0,"comment_status":"closed","ping_status":"closed","template":"elementor_header_footer","meta":{"footnotes":""},"class_list":["post-5025","page","type-page","status-publish","hentry"],"yoast_head":"<!-- This site is optimized with the Yoast SEO Premium plugin v24.9 (Yoast SEO v26.1) - https:\/\/yoast.com\/wordpress\/plugins\/seo\/ -->\n<title>Crear una fabrica e industria desde cero - distribuci\u00f3n ARC<\/title>\n<meta name=\"robots\" content=\"index, follow, max-snippet:-1, max-image-preview:large, max-video-preview:-1\" \/>\n<link rel=\"canonical\" href=\"https:\/\/www.distribucionarc.com\/pl\/crear-una-fabrica-e-industria-desde-cero\/\" \/>\n<meta property=\"og:locale\" content=\"lt_LT\" \/>\n<meta property=\"og:type\" content=\"article\" \/>\n<meta property=\"og:title\" content=\"Crear una fabrica e industria desde cero\" \/>\n<meta property=\"og:description\" content=\"Crear una fabrica e industria desde cero Crear una fabrica e industria desde cero Hay muchos factores a considerar al\" \/>\n<meta property=\"og:url\" content=\"https:\/\/www.distribucionarc.com\/pl\/crear-una-fabrica-e-industria-desde-cero\/\" \/>\n<meta property=\"og:site_name\" content=\"distribuci\u00f3n ARC\" \/>\n<meta property=\"article:modified_time\" content=\"2025-04-24T04:01:57+00:00\" \/>\n<meta property=\"og:image\" content=\"https:\/\/distribucionarc.com\/wp-content\/uploads\/2024\/12\/icono-arc.jpg\" \/>\n\t<meta property=\"og:image:width\" content=\"612\" \/>\n\t<meta property=\"og:image:height\" content=\"792\" \/>\n\t<meta property=\"og:image:type\" content=\"image\/jpeg\" \/>\n<meta name=\"twitter:card\" content=\"summary_large_image\" \/>\n<meta name=\"twitter:label1\" content=\"Est. reading time\" \/>\n\t<meta name=\"twitter:data1\" content=\"2 minut\u0117s\" \/>\n<script type=\"application\/ld+json\" class=\"yoast-schema-graph\">{\"@context\":\"https:\/\/schema.org\",\"@graph\":[{\"@type\":\"WebPage\",\"@id\":\"https:\/\/www.distribucionarc.com\/pl\/crear-una-fabrica-e-industria-desde-cero\/\",\"url\":\"https:\/\/www.distribucionarc.com\/pl\/crear-una-fabrica-e-industria-desde-cero\/\",\"name\":\"Crear una fabrica e industria desde cero - distribuci\u00f3n ARC\",\"isPartOf\":{\"@id\":\"https:\/\/www.distribucionarc.com\/sl\/#website\"},\"datePublished\":\"2022-11-21T16:57:14+00:00\",\"dateModified\":\"2025-04-24T04:01:57+00:00\",\"breadcrumb\":{\"@id\":\"https:\/\/www.distribucionarc.com\/pl\/crear-una-fabrica-e-industria-desde-cero\/#breadcrumb\"},\"inLanguage\":\"lt-LT\",\"potentialAction\":[{\"@type\":\"ReadAction\",\"target\":[\"https:\/\/www.distribucionarc.com\/pl\/crear-una-fabrica-e-industria-desde-cero\/\"]}]},{\"@type\":\"BreadcrumbList\",\"@id\":\"https:\/\/www.distribucionarc.com\/pl\/crear-una-fabrica-e-industria-desde-cero\/#breadcrumb\",\"itemListElement\":[{\"@type\":\"ListItem\",\"position\":1,\"name\":\"Portada\",\"item\":\"https:\/\/www.distribucionarc.com\/\"},{\"@type\":\"ListItem\",\"position\":2,\"name\":\"Crear una fabrica e industria desde cero\"}]},{\"@type\":\"WebSite\",\"@id\":\"https:\/\/www.distribucionarc.com\/sl\/#website\",\"url\":\"https:\/\/www.distribucionarc.com\/sl\/\",\"name\":\"distribuci\u00f3n ARC\",\"description\":\"Empresa especializada en la fabricaci\u00f3n y distribuci\u00f3n de maquinaria industrial, selladoras de latas, Maquinas de hacer pastillas, Maquinas de cortar carne...\",\"publisher\":{\"@id\":\"https:\/\/www.distribucionarc.com\/sl\/#organization\"},\"potentialAction\":[{\"@type\":\"SearchAction\",\"target\":{\"@type\":\"EntryPoint\",\"urlTemplate\":\"https:\/\/www.distribucionarc.com\/sl\/?s={search_term_string}\"},\"query-input\":{\"@type\":\"PropertyValueSpecification\",\"valueRequired\":true,\"valueName\":\"search_term_string\"}}],\"inLanguage\":\"lt-LT\"},{\"@type\":\"Organization\",\"@id\":\"https:\/\/www.distribucionarc.com\/sl\/#organization\",\"name\":\"Distribuci\u00f3n ARC\",\"url\":\"https:\/\/www.distribucionarc.com\/sl\/\",\"logo\":{\"@type\":\"ImageObject\",\"inLanguage\":\"lt-LT\",\"@id\":\"https:\/\/www.distribucionarc.com\/sl\/#\/schema\/logo\/image\/\",\"url\":\"https:\/\/distribucionarc.com\/wp-content\/uploads\/2024\/10\/distribucion-ARC-COLOR-SIN-FONDO-e1732295305345.png\",\"contentUrl\":\"https:\/\/distribucionarc.com\/wp-content\/uploads\/2024\/10\/distribucion-ARC-COLOR-SIN-FONDO-e1732295305345.png\",\"width\":1164,\"height\":558,\"caption\":\"Distribuci\u00f3n ARC\"},\"image\":{\"@id\":\"https:\/\/www.distribucionarc.com\/sl\/#\/schema\/logo\/image\/\"},\"description\":\"Empresa especializada en la fabricaci\u00f3n y distribuci\u00f3n de maquinaria industrial para los sectores alimentario y farmac\u00e9utico. Nos especializamos en: M\u00e1quinas de cortar carne Fabricaci\u00f3n de comprimidos Sistemas de transporte industrial L\u00edneas de embotellado Dosificadores Y mucho m\u00e1s... Ofrecemos soluciones innovadoras y personalizadas para optimizar los procesos productivos de tu empresa.\",\"email\":\"Admistracion@distribucionarc.com\",\"telephone\":\"+34 643496664\",\"legalName\":\"ARC TECH SOLUTIONS\",\"foundingDate\":\"2024-04-09\",\"vatID\":\"B55480172\",\"numberOfEmployees\":{\"@type\":\"QuantitativeValue\",\"minValue\":\"1\",\"maxValue\":\"10\"}}]}<\/script>\n<!-- \/ Yoast SEO Premium plugin. -->","yoast_head_json":{"title":"Sukurkite gamykl\u0105 ir pramon\u0119 nuo nulio \u2013 ARC platinimas","robots":{"index":"index","follow":"follow","max-snippet":"max-snippet:-1","max-image-preview":"max-image-preview:large","max-video-preview":"max-video-preview:-1"},"canonical":"https:\/\/www.distribucionarc.com\/pl\/crear-una-fabrica-e-industria-desde-cero\/","og_locale":"lt_LT","og_type":"article","og_title":"Crear una fabrica e industria desde cero","og_description":"Crear una fabrica e industria desde cero Crear una fabrica e industria desde cero Hay muchos factores a considerar al","og_url":"https:\/\/www.distribucionarc.com\/pl\/crear-una-fabrica-e-industria-desde-cero\/","og_site_name":"distribuci\u00f3n ARC","article_modified_time":"2025-04-24T04:01:57+00:00","og_image":[{"width":612,"height":792,"url":"https:\/\/distribucionarc.com\/wp-content\/uploads\/2024\/12\/icono-arc.jpg","type":"image\/jpeg"}],"twitter_card":"summary_large_image","twitter_misc":{"Est. reading time":"2 minut\u0117s"},"schema":{"@context":"https:\/\/schema.org","@graph":[{"@type":"WebPage","@id":"https:\/\/www.distribucionarc.com\/pl\/crear-una-fabrica-e-industria-desde-cero\/","url":"https:\/\/www.distribucionarc.com\/pl\/crear-una-fabrica-e-industria-desde-cero\/","name":"Sukurkite gamykl\u0105 ir pramon\u0119 nuo nulio \u2013 ARC platinimas","isPartOf":{"@id":"https:\/\/www.distribucionarc.com\/sl\/#website"},"datePublished":"2022-11-21T16:57:14+00:00","dateModified":"2025-04-24T04:01:57+00:00","breadcrumb":{"@id":"https:\/\/www.distribucionarc.com\/pl\/crear-una-fabrica-e-industria-desde-cero\/#breadcrumb"},"inLanguage":"lt-LT","potentialAction":[{"@type":"ReadAction","target":["https:\/\/www.distribucionarc.com\/pl\/crear-una-fabrica-e-industria-desde-cero\/"]}]},{"@type":"BreadcrumbList","@id":"https:\/\/www.distribucionarc.com\/pl\/crear-una-fabrica-e-industria-desde-cero\/#breadcrumb","itemListElement":[{"@type":"ListItem","position":1,"name":"Portada","item":"https:\/\/www.distribucionarc.com\/"},{"@type":"ListItem","position":2,"name":"Crear una fabrica e industria desde cero"}]},{"@type":"WebSite","@id":"https:\/\/www.distribucionarc.com\/sl\/#website","url":"https:\/\/www.distribucionarc.com\/sl\/","name":"ARC paskirstymas","description":"\u012emon\u0117 specializuojasi pramonini\u0173 ma\u0161in\u0173, skardini\u0173 sandarinimo ma\u0161in\u0173, table\u010di\u0173 gamybos ma\u0161in\u0173, m\u0117sos pjaustymo ma\u0161in\u0173 gamyboje ir platinime...","publisher":{"@id":"https:\/\/www.distribucionarc.com\/sl\/#organization"},"potentialAction":[{"@type":"SearchAction","target":{"@type":"EntryPoint","urlTemplate":"https:\/\/www.distribucionarc.com\/sl\/?s={search_term_string}"},"query-input":{"@type":"PropertyValueSpecification","valueRequired":true,"valueName":"search_term_string"}}],"inLanguage":"lt-LT"},{"@type":"Organization","@id":"https:\/\/www.distribucionarc.com\/sl\/#organization","name":"ARC platinimas","url":"https:\/\/www.distribucionarc.com\/sl\/","logo":{"@type":"ImageObject","inLanguage":"lt-LT","@id":"https:\/\/www.distribucionarc.com\/sl\/#\/schema\/logo\/image\/","url":"https:\/\/distribucionarc.com\/wp-content\/uploads\/2024\/10\/distribucion-ARC-COLOR-SIN-FONDO-e1732295305345.png","contentUrl":"https:\/\/distribucionarc.com\/wp-content\/uploads\/2024\/10\/distribucion-ARC-COLOR-SIN-FONDO-e1732295305345.png","width":1164,"height":558,"caption":"Distribuci\u00f3n ARC"},"image":{"@id":"https:\/\/www.distribucionarc.com\/sl\/#\/schema\/logo\/image\/"},"description":"\u012emon\u0117 specializuojasi maisto ir farmacijos sektoriams skirt\u0173 pramonini\u0173 ma\u0161in\u0173 gamyboje ir platinime. M\u016bs\u0173 specializacija: M\u0117sos pjaustymo ma\u0161inos Table\u010di\u0173 gamyba Pramonin\u0117s transportavimo sistemos I\u0161pilstymo linijos Dozatoriai Ir dar daugiau... Si\u016blome novatori\u0161kus ir individualiems poreikiams pritaikytus sprendimus, kad optimizuotume j\u016bs\u0173 \u012fmon\u0117s gamybos procesus.","email":"Admistracion@distribucionarc.com","telephone":"+34 643496664","legalName":"ARC TECH SOLUTIONS","foundingDate":"2024-04-09","vatID":"B55480172","numberOfEmployees":{"@type":"QuantitativeValue","minValue":"1","maxValue":"10"}}]}},"_links":{"self":[{"href":"https:\/\/distribucionarc.com\/lt\/wp-json\/wp\/v2\/pages\/5025","targetHints":{"allow":["GET"]}}],"collection":[{"href":"https:\/\/distribucionarc.com\/lt\/wp-json\/wp\/v2\/pages"}],"about":[{"href":"https:\/\/distribucionarc.com\/lt\/wp-json\/wp\/v2\/types\/page"}],"author":[{"embeddable":true,"href":"https:\/\/distribucionarc.com\/lt\/wp-json\/wp\/v2\/users\/1"}],"replies":[{"embeddable":true,"href":"https:\/\/distribucionarc.com\/lt\/wp-json\/wp\/v2\/comments?post=5025"}],"version-history":[{"count":5,"href":"https:\/\/distribucionarc.com\/lt\/wp-json\/wp\/v2\/pages\/5025\/revisions"}],"predecessor-version":[{"id":16218,"href":"https:\/\/distribucionarc.com\/lt\/wp-json\/wp\/v2\/pages\/5025\/revisions\/16218"}],"wp:attachment":[{"href":"https:\/\/distribucionarc.com\/lt\/wp-json\/wp\/v2\/media?parent=5025"}],"curies":[{"name":"wp","href":"https:\/\/api.w.org\/{rel}","templated":true}]}}