{"id":71,"date":"2020-04-15T09:30:06","date_gmt":"2020-04-15T09:30:06","guid":{"rendered":"https:\/\/distribucionarc.com\/?page_id=71"},"modified":"2025-04-25T07:08:47","modified_gmt":"2025-04-25T05:08:47","slug":"privatumo-politika","status":"publish","type":"page","link":"https:\/\/distribucionarc.com\/lt\/politica-de-privacidad\/","title":{"rendered":"Privatumo politika"},"content":{"rendered":"<div data-elementor-type=\"wp-page\" data-elementor-id=\"71\" class=\"elementor elementor-71\" data-elementor-post-type=\"page\">\n\t\t\t\t<div class=\"elementor-element elementor-element-55ddc61 wd-section-stretch e-flex e-con-boxed wpr-particle-no wpr-jarallax-no wpr-parallax-no wpr-sticky-section-no e-con e-parent\" data-id=\"55ddc61\" data-element_type=\"container\" data-e-type=\"container\" data-settings=\"{&quot;background_background&quot;:&quot;classic&quot;}\">\n\t\t\t\t\t<div class=\"e-con-inner\">\n\t\t<div class=\"elementor-element elementor-element-5745e6e e-con-full e-flex wpr-particle-no wpr-jarallax-no wpr-parallax-no wpr-sticky-section-no e-con e-child\" data-id=\"5745e6e\" data-element_type=\"container\" data-e-type=\"container\">\n\t\t\t\t<div class=\"elementor-element elementor-element-05ceda0 elementor-widget elementor-widget-heading\" data-id=\"05ceda0\" data-element_type=\"widget\" data-e-type=\"widget\" data-widget_type=\"heading.default\">\n\t\t\t\t\t<h2 class=\"elementor-heading-title elementor-size-default\">Privatumo politika<\/h2>\t\t\t\t<\/div>\n\t\t\t\t<\/div>\n\t\t\t\t\t<\/div>\n\t\t\t\t<\/div>\n\t\t<div class=\"wd-negative-gap elementor-element elementor-element-428fd617 e-flex e-con-boxed wpr-particle-no wpr-jarallax-no wpr-parallax-no wpr-sticky-section-no e-con e-parent\" data-id=\"428fd617\" data-element_type=\"container\" data-e-type=\"container\">\n\t\t\t\t\t<div class=\"e-con-inner\">\n\t\t\t\t<div class=\"elementor-element elementor-element-8a7b043 color-scheme-inherit text-left elementor-widget elementor-widget-text-editor\" data-id=\"8a7b043\" data-element_type=\"widget\" data-e-type=\"widget\" data-widget_type=\"text-editor.default\">\n\t\t\t\t\t\t\t\t\t\n<h2 class=\"wp-block-heading\">Ankstesn\u0117 rekomendacija<\/h2>\n\n<p>Sveikiname jus apsilank\u0119 \u0161ioje svetain\u0117je ir rekomenduojame perskaityti m\u016bs\u0173 privatumo politik\u0105. Tai apib\u016bdina b\u016bd\u0105, kuriuo\u00a0 <strong>DISTRIBUCIONARC.COM<\/strong> \u00a0renka ir naudoja informacij\u0105 apie savo klientus, vartotojus ir \u0161ios svetain\u0117s prenumeratorius.\u00a0<\/p>\n\n<p><strong>DISTRIBUCIONARC.COM<\/strong> su B55480172 ir adresu C\/CASTELL N1 46970 ALAQUAS (VALENCIA), kaip atsakinga u\u017e j\u016bs\u0173 duomen\u0173 tvarkym\u0105, tvarko j\u016bs\u0173 duomenis per \u0161i\u0105 svetain\u0119, kurioje gerbiami ir r\u016bpinamasi vartotoj\u0173 asmens duomenimis. Kaip vartotojas tur\u0117tum\u0117te \u017einoti, kad j\u016bs\u0173 teis\u0117s yra garantuotos.<\/p>\n\n<p>B\u016btina \u012fsp\u0117ti, kad \u0161i Privatumo politika gali skirtis priklausomai nuo teis\u0117s akt\u0173 ar savireguliacijos reikalavim\u0173, tod\u0117l vartotojams patariama joje apsilankyti periodi\u0161kai. Jis bus taikomas, jei vartotojai nuspr\u0119s u\u017epildyti bet kuri\u0105 i\u0161 savo kontaktini\u0173 form\u0173, kuriose renkami asmens duomenys.<\/p>\n\n<p>Teisin\u0117s nuostatos, kuri\u0173 laikosi \u0161i Privatumo politika<\/p>\n\n<ul class=\"wp-block-list\">\n<li>Jis\u00a0<strong>GDPR (2016 m. baland\u017eio 27 d. Europos Parlamento ir Tarybos reglamentas (ES) 2016\/679 d\u0117l fizini\u0173 asmen\u0173 apsaugos)<\/strong>, kuris yra naujas Europos S\u0105jungos reglamentas, suvienodinantis asmens duomen\u0173 tvarkymo reguliavim\u0105 skirtingose ES \u0161alyse.<\/li>\n\n<li>The\u00a0<strong>LOPD (gruod\u017eio 5 d. organinis \u012fstatymas 03\/2018 d\u0117l duomen\u0173 apsaugos ir skaitmenini\u0173 teisi\u0173 garantij\u0173).<\/strong><\/li>\n\n<li>The\u00a0<strong>LSSI arba LSSICE (Liepos 11 d. \u012fstatymas Nr. 34\/2002 d\u0117l Informacin\u0117s visuomen\u0117s paslaug\u0173 ir elektronin\u0117s komercijos)<\/strong>, kuris reguliuoja \u016bkines operacijas elektronin\u0117mis priemon\u0117mis, kaip ir \u0161ioje svetain\u0117je.<\/li>\n<\/ul>\n\n<p>Gydymo tikslai<\/p>\n\n<p>U\u017eklaus\u0173 ir pasi\u016blym\u0173, pateikt\u0173 per esamus \u0161iuo tikslu skirtus skyrius, atveju informacija bus naudojama tik atsakant \u012f i\u0161keltus klausimus.<\/p>\n\n<p>I\u0161skyrus laukelius, kuriuose ai\u0161kiai nurodyta kitaip, duomen\u0173 u\u017eklaus\u0173 formose reikalaujamos informacijos pateikimas yra privalomas, kad b\u016bt\u0173 galima teisingai tvarkyti J\u016bs\u0173 pateiktus pra\u0161ymus, u\u017eklausas ir pasi\u016blymus. Neu\u017epild\u017eius privalomais nustatyt\u0173 lauk\u0173 arba pateikus neteisingus duomenis, bus ne\u012fmanoma\u00a0<strong>LANKO PASKIRSTYMAS<\/strong>\u00a0gali juos teisingai valdyti.<\/p>\n\n<p>Gydymo \u012fteisinimas<\/p>\n\n<p>Kreipdamasis \u012f mus per m\u016bs\u0173 svetain\u0119, Vartotojas parei\u0161kia, kad buvo informuotas apie asmens duomen\u0173 apsaugos s\u0105lygas, sutinka ir sutinka, kad mes juos tvarkytume.\u00a0 <strong>LANKO PASKIRSTYMAS<\/strong> \u00a0nurodytais b\u016bdais ir tikslais.<\/p>\n\n<p>Duomen\u0173 i\u0161saugojimas ir perdavimas<\/p>\n\n<p>Pateikti duomenys bus saugomi tol, kol bus palaikomi komerciniai santykiai arba tiek met\u0173, kiek reikia teisiniams \u012fsipareigojimams \u012fvykdyti.<\/p>\n\n<p>Duomenys nebus perduodami tre\u010diosioms \u0161alims, i\u0161skyrus atvejus, kai yra teisin\u0117 prievol\u0117.\u00a0 <strong>LANKO PASKIRSTYMAS<\/strong> \u00a0neparduoda, nei\u0161nuomoja ir neperduoda tre\u010diosioms \u0161alims be i\u0161ankstinio sutikimo asmens duomen\u0173, kurie gali identifikuoti vartotoj\u0105, ir neperduos to ateityje. Ta\u010diau kai kuriais atvejais gali b\u016bti bendradarbiaujama su kitais specialistais organizuojant mokymus ar teikiant paslaugas. Tokiais atvejais bus reikalingas vartotoj\u0173 sutikimas, informuojantis apie bendradarbio tapatyb\u0119 ir bendradarbiavimo tiksl\u0105. Tai visada bus atliekama laikantis grie\u017e\u010diausi\u0173 saugos standart\u0173.<\/p>\n\n<p>Duomen\u0173 apsaugos teisi\u0173 \u012fgyvendinimas<\/p>\n\n<p>Vartotojas gali nukreipti savo ry\u0161ius ir pasinaudoti prieigos, taisymo, i\u0161trynimo ir prie\u0161taravimo teis\u0117mis, taip pat duomen\u0173 tvarkymo ir perkeliamumo apribojimu pa\u0161tu el.\u00a0<strong>CARRER CASTELL N1 46970 ALAQUAS (VALENCIA)<\/strong>, arba el. pa\u0161tu: rgpd@distribucionarc.com kartu su galiojan\u010diu tapatyb\u0117s dokumentu, pvz., DNI fotokopija arba lygiaver\u010diu dokumentu, skiltyje \u201eDUOMEN\u0172 APSAUGA\u201c nurodant.<\/p>\n\n<p>Tre\u010di\u0173j\u0173 \u0161ali\u0173 paslaugos, kuriomis naudojuosi \u0161ioje svetain\u0117je<\/p>\n\n<ul class=\"wp-block-list\">\n<li><strong>Hostingas: strato<\/strong><\/li>\n\n<li><strong>Interneto platforma: WordPress<\/strong><\/li>\n\n<li><strong>Google Analytics<\/strong><\/li>\n<\/ul>\n\n<p>Vartotojai gali bet kada atsisakyti teikiam\u0173 paslaug\u0173 prenumeratos <strong>DISTRIBUCIONARC.COM<\/strong> tas pats naujienlai\u0161kis. Laikydamasis galiojan\u010di\u0173 asmens duomen\u0173 apsaugos taisykli\u0173, tiek u\u017esiprenumeruodamas \u0161\u012f tinklara\u0161t\u012f, tiek komentuodamas bet kur\u012f jo puslap\u012f ir (arba) \u012fra\u0161\u0105, vartotojas sutinka:<\/p>\n\n<h2 class=\"wp-block-heading\">Duomen\u0173 tikslumas ir tikrumas<\/h2>\n\n<p>Vartotojas yra visi\u0161kai atsakingas u\u017e siun\u010diam\u0173 duomen\u0173 tikrum\u0105 ir teisingum\u0105\u00a0 <strong>DISTRIBUCIONARC.COM<\/strong> \u00a0atleid\u017eiant Teik\u0117j\u0105 nuo bet kokios atsakomyb\u0117s \u0161iuo at\u017evilgiu. Vartotojai garantuoja ir yra bet kuriuo atveju atsakingi u\u017e pateikt\u0173 asmens duomen\u0173 tikslum\u0105, pagr\u012fstum\u0105 ir tikrum\u0105 bei \u012fsipareigoja juos tinkamai atnaujinti. Vartotojas sutinka pateikti i\u0161sami\u0105 ir teising\u0105 informacij\u0105 kontaktin\u0117je arba prenumeratos formoje.<\/p>\n\n<h2 class=\"wp-block-heading\">\u0160ios privatumo politikos pakeitimai<\/h2>\n\n<p><strong>LANKO PASKIRSTYMAS<\/strong>\u00a0pasilieka teis\u0119 keisti \u0161i\u0105 politik\u0105, kad ji b\u016bt\u0173 pritaikyta prie teis\u0117s akt\u0173 ar jurisprudencijos poky\u010di\u0173 bei pramon\u0117s praktikos. Tokiais atvejais Teik\u0117jas prane\u0161 apie \u0161iame puslapyje \u012fvestus pakeitimus, i\u0161 anksto \u012fsp\u0117j\u0119s apie j\u0173 \u012fgyvendinim\u0105.<\/p>\n\t\t\t\t\t\t\t\t<\/div>\n\t\t\t\t\t<\/div>\n\t\t\t\t<\/div>\n\t\t\t\t<\/div>","protected":false},"excerpt":{"rendered":"<p>Privatumo politika I\u0161ankstin\u0117 rekomendacija Sveikiname jus \u0161ioje svetain\u0117je ir rekomenduojame perskaityti m\u016bs\u0173 privatumo politik\u0105.<\/p>","protected":false},"author":1,"featured_media":0,"parent":0,"menu_order":0,"comment_status":"closed","ping_status":"closed","template":"elementor_header_footer","meta":{"footnotes":""},"class_list":["post-71","page","type-page","status-publish","hentry"],"yoast_head":"<!-- This site is optimized with the Yoast SEO Premium plugin v24.9 (Yoast SEO v26.1) - https:\/\/yoast.com\/wordpress\/plugins\/seo\/ -->\n<title>politica de privacidad - distribuci\u00f3n ARC<\/title>\n<meta name=\"robots\" content=\"index, follow, max-snippet:-1, max-image-preview:large, max-video-preview:-1\" \/>\n<link rel=\"canonical\" href=\"https:\/\/www.distribucionarc.com\/hr\/politica-de-privacidad\/\" \/>\n<meta property=\"og:locale\" content=\"lt_LT\" \/>\n<meta property=\"og:type\" content=\"article\" \/>\n<meta property=\"og:title\" content=\"politica de privacidad\" \/>\n<meta property=\"og:description\" content=\"politica de privacidad Recomendaci\u00f3n previa Les damos la bienvenida a esta web y les recomendamos que lean nuestra pol\u00edtica de\" \/>\n<meta property=\"og:url\" content=\"https:\/\/www.distribucionarc.com\/hr\/politica-de-privacidad\/\" \/>\n<meta property=\"og:site_name\" content=\"distribuci\u00f3n ARC\" \/>\n<meta property=\"article:modified_time\" content=\"2025-04-25T05:08:47+00:00\" \/>\n<meta property=\"og:image\" content=\"https:\/\/distribucionarc.com\/wp-content\/uploads\/2024\/12\/icono-arc.jpg\" \/>\n\t<meta property=\"og:image:width\" content=\"612\" \/>\n\t<meta property=\"og:image:height\" content=\"792\" \/>\n\t<meta property=\"og:image:type\" content=\"image\/jpeg\" \/>\n<meta name=\"twitter:card\" content=\"summary_large_image\" \/>\n<meta name=\"twitter:label1\" content=\"Est. reading time\" \/>\n\t<meta name=\"twitter:data1\" content=\"4 minut\u0117s\" \/>\n<script type=\"application\/ld+json\" class=\"yoast-schema-graph\">{\"@context\":\"https:\/\/schema.org\",\"@graph\":[{\"@type\":\"WebPage\",\"@id\":\"https:\/\/www.distribucionarc.com\/hr\/politica-de-privacidad\/\",\"url\":\"https:\/\/www.distribucionarc.com\/hr\/politica-de-privacidad\/\",\"name\":\"politica de privacidad - distribuci\u00f3n ARC\",\"isPartOf\":{\"@id\":\"https:\/\/www.distribucionarc.com\/sl\/#website\"},\"datePublished\":\"2020-04-15T09:30:06+00:00\",\"dateModified\":\"2025-04-25T05:08:47+00:00\",\"breadcrumb\":{\"@id\":\"https:\/\/www.distribucionarc.com\/hr\/politica-de-privacidad\/#breadcrumb\"},\"inLanguage\":\"lt-LT\",\"potentialAction\":[{\"@type\":\"ReadAction\",\"target\":[\"https:\/\/www.distribucionarc.com\/hr\/politica-de-privacidad\/\"]}]},{\"@type\":\"BreadcrumbList\",\"@id\":\"https:\/\/www.distribucionarc.com\/hr\/politica-de-privacidad\/#breadcrumb\",\"itemListElement\":[{\"@type\":\"ListItem\",\"position\":1,\"name\":\"Portada\",\"item\":\"https:\/\/www.distribucionarc.com\/\"},{\"@type\":\"ListItem\",\"position\":2,\"name\":\"politica de privacidad\"}]},{\"@type\":\"WebSite\",\"@id\":\"https:\/\/www.distribucionarc.com\/sl\/#website\",\"url\":\"https:\/\/www.distribucionarc.com\/sl\/\",\"name\":\"distribuci\u00f3n ARC\",\"description\":\"Empresa especializada en la fabricaci\u00f3n y distribuci\u00f3n de maquinaria industrial, selladoras de latas, Maquinas de hacer pastillas, Maquinas de cortar carne...\",\"publisher\":{\"@id\":\"https:\/\/www.distribucionarc.com\/sl\/#organization\"},\"potentialAction\":[{\"@type\":\"SearchAction\",\"target\":{\"@type\":\"EntryPoint\",\"urlTemplate\":\"https:\/\/www.distribucionarc.com\/sl\/?s={search_term_string}\"},\"query-input\":{\"@type\":\"PropertyValueSpecification\",\"valueRequired\":true,\"valueName\":\"search_term_string\"}}],\"inLanguage\":\"lt-LT\"},{\"@type\":\"Organization\",\"@id\":\"https:\/\/www.distribucionarc.com\/sl\/#organization\",\"name\":\"Distribuci\u00f3n ARC\",\"url\":\"https:\/\/www.distribucionarc.com\/sl\/\",\"logo\":{\"@type\":\"ImageObject\",\"inLanguage\":\"lt-LT\",\"@id\":\"https:\/\/www.distribucionarc.com\/sl\/#\/schema\/logo\/image\/\",\"url\":\"https:\/\/distribucionarc.com\/wp-content\/uploads\/2024\/10\/distribucion-ARC-COLOR-SIN-FONDO-e1732295305345.png\",\"contentUrl\":\"https:\/\/distribucionarc.com\/wp-content\/uploads\/2024\/10\/distribucion-ARC-COLOR-SIN-FONDO-e1732295305345.png\",\"width\":1164,\"height\":558,\"caption\":\"Distribuci\u00f3n ARC\"},\"image\":{\"@id\":\"https:\/\/www.distribucionarc.com\/sl\/#\/schema\/logo\/image\/\"},\"description\":\"Empresa especializada en la fabricaci\u00f3n y distribuci\u00f3n de maquinaria industrial para los sectores alimentario y farmac\u00e9utico. Nos especializamos en: M\u00e1quinas de cortar carne Fabricaci\u00f3n de comprimidos Sistemas de transporte industrial L\u00edneas de embotellado Dosificadores Y mucho m\u00e1s... Ofrecemos soluciones innovadoras y personalizadas para optimizar los procesos productivos de tu empresa.\",\"email\":\"Admistracion@distribucionarc.com\",\"telephone\":\"+34 643496664\",\"legalName\":\"ARC TECH SOLUTIONS\",\"foundingDate\":\"2024-04-09\",\"vatID\":\"B55480172\",\"numberOfEmployees\":{\"@type\":\"QuantitativeValue\",\"minValue\":\"1\",\"maxValue\":\"10\"}}]}<\/script>\n<!-- \/ Yoast SEO Premium plugin. -->","yoast_head_json":{"title":"privatumo politika \u2013 ARC platinimas","robots":{"index":"index","follow":"follow","max-snippet":"max-snippet:-1","max-image-preview":"max-image-preview:large","max-video-preview":"max-video-preview:-1"},"canonical":"https:\/\/www.distribucionarc.com\/hr\/politica-de-privacidad\/","og_locale":"lt_LT","og_type":"article","og_title":"politica de privacidad","og_description":"politica de privacidad Recomendaci\u00f3n previa Les damos la bienvenida a esta web y les recomendamos que lean nuestra pol\u00edtica de","og_url":"https:\/\/www.distribucionarc.com\/hr\/politica-de-privacidad\/","og_site_name":"distribuci\u00f3n ARC","article_modified_time":"2025-04-25T05:08:47+00:00","og_image":[{"width":612,"height":792,"url":"https:\/\/distribucionarc.com\/wp-content\/uploads\/2024\/12\/icono-arc.jpg","type":"image\/jpeg"}],"twitter_card":"summary_large_image","twitter_misc":{"Est. reading time":"4 minut\u0117s"},"schema":{"@context":"https:\/\/schema.org","@graph":[{"@type":"WebPage","@id":"https:\/\/www.distribucionarc.com\/hr\/politica-de-privacidad\/","url":"https:\/\/www.distribucionarc.com\/hr\/politica-de-privacidad\/","name":"privatumo politika \u2013 ARC platinimas","isPartOf":{"@id":"https:\/\/www.distribucionarc.com\/sl\/#website"},"datePublished":"2020-04-15T09:30:06+00:00","dateModified":"2025-04-25T05:08:47+00:00","breadcrumb":{"@id":"https:\/\/www.distribucionarc.com\/hr\/politica-de-privacidad\/#breadcrumb"},"inLanguage":"lt-LT","potentialAction":[{"@type":"ReadAction","target":["https:\/\/www.distribucionarc.com\/hr\/politica-de-privacidad\/"]}]},{"@type":"BreadcrumbList","@id":"https:\/\/www.distribucionarc.com\/hr\/politica-de-privacidad\/#breadcrumb","itemListElement":[{"@type":"ListItem","position":1,"name":"Portada","item":"https:\/\/www.distribucionarc.com\/"},{"@type":"ListItem","position":2,"name":"politica de privacidad"}]},{"@type":"WebSite","@id":"https:\/\/www.distribucionarc.com\/sl\/#website","url":"https:\/\/www.distribucionarc.com\/sl\/","name":"ARC paskirstymas","description":"\u012emon\u0117 specializuojasi pramonini\u0173 ma\u0161in\u0173, skardini\u0173 sandarinimo ma\u0161in\u0173, table\u010di\u0173 gamybos ma\u0161in\u0173, m\u0117sos pjaustymo ma\u0161in\u0173 gamyboje ir platinime...","publisher":{"@id":"https:\/\/www.distribucionarc.com\/sl\/#organization"},"potentialAction":[{"@type":"SearchAction","target":{"@type":"EntryPoint","urlTemplate":"https:\/\/www.distribucionarc.com\/sl\/?s={search_term_string}"},"query-input":{"@type":"PropertyValueSpecification","valueRequired":true,"valueName":"search_term_string"}}],"inLanguage":"lt-LT"},{"@type":"Organization","@id":"https:\/\/www.distribucionarc.com\/sl\/#organization","name":"ARC platinimas","url":"https:\/\/www.distribucionarc.com\/sl\/","logo":{"@type":"ImageObject","inLanguage":"lt-LT","@id":"https:\/\/www.distribucionarc.com\/sl\/#\/schema\/logo\/image\/","url":"https:\/\/distribucionarc.com\/wp-content\/uploads\/2024\/10\/distribucion-ARC-COLOR-SIN-FONDO-e1732295305345.png","contentUrl":"https:\/\/distribucionarc.com\/wp-content\/uploads\/2024\/10\/distribucion-ARC-COLOR-SIN-FONDO-e1732295305345.png","width":1164,"height":558,"caption":"Distribuci\u00f3n ARC"},"image":{"@id":"https:\/\/www.distribucionarc.com\/sl\/#\/schema\/logo\/image\/"},"description":"\u012emon\u0117 specializuojasi maisto ir farmacijos sektoriams skirt\u0173 pramonini\u0173 ma\u0161in\u0173 gamyboje ir platinime. M\u016bs\u0173 specializacija: M\u0117sos pjaustymo ma\u0161inos Table\u010di\u0173 gamyba Pramonin\u0117s transportavimo sistemos I\u0161pilstymo linijos Dozatoriai Ir dar daugiau... Si\u016blome novatori\u0161kus ir individualiems poreikiams pritaikytus sprendimus, kad optimizuotume j\u016bs\u0173 \u012fmon\u0117s gamybos procesus.","email":"Admistracion@distribucionarc.com","telephone":"+34 643496664","legalName":"ARC TECH SOLUTIONS","foundingDate":"2024-04-09","vatID":"B55480172","numberOfEmployees":{"@type":"QuantitativeValue","minValue":"1","maxValue":"10"}}]}},"_links":{"self":[{"href":"https:\/\/distribucionarc.com\/lt\/wp-json\/wp\/v2\/pages\/71","targetHints":{"allow":["GET"]}}],"collection":[{"href":"https:\/\/distribucionarc.com\/lt\/wp-json\/wp\/v2\/pages"}],"about":[{"href":"https:\/\/distribucionarc.com\/lt\/wp-json\/wp\/v2\/types\/page"}],"author":[{"embeddable":true,"href":"https:\/\/distribucionarc.com\/lt\/wp-json\/wp\/v2\/users\/1"}],"replies":[{"embeddable":true,"href":"https:\/\/distribucionarc.com\/lt\/wp-json\/wp\/v2\/comments?post=71"}],"version-history":[{"count":5,"href":"https:\/\/distribucionarc.com\/lt\/wp-json\/wp\/v2\/pages\/71\/revisions"}],"predecessor-version":[{"id":16724,"href":"https:\/\/distribucionarc.com\/lt\/wp-json\/wp\/v2\/pages\/71\/revisions\/16724"}],"wp:attachment":[{"href":"https:\/\/distribucionarc.com\/lt\/wp-json\/wp\/v2\/media?parent=71"}],"curies":[{"name":"wp","href":"https:\/\/api.w.org\/{rel}","templated":true}]}}