{"id":74,"date":"2020-04-15T09:38:42","date_gmt":"2020-04-15T09:38:42","guid":{"rendered":"https:\/\/distribucionarc.com\/?page_id=74"},"modified":"2025-05-06T15:58:50","modified_gmt":"2025-05-06T13:58:50","slug":"teisinis-ispejimas","status":"publish","type":"page","link":"https:\/\/distribucionarc.com\/lt\/inicio\/aviso-legal\/","title":{"rendered":"teisinis prane\u0161imas"},"content":{"rendered":"<div data-elementor-type=\"wp-page\" data-elementor-id=\"74\" class=\"elementor elementor-74\" data-elementor-post-type=\"page\">\n\t\t\t\t<div class=\"elementor-element elementor-element-17a78b4 wd-section-stretch e-flex e-con-boxed wpr-particle-no wpr-jarallax-no wpr-parallax-no wpr-sticky-section-no e-con e-parent\" data-id=\"17a78b4\" data-element_type=\"container\" data-e-type=\"container\" data-settings=\"{&quot;background_background&quot;:&quot;classic&quot;}\">\n\t\t\t\t\t<div class=\"e-con-inner\">\n\t\t<div class=\"elementor-element elementor-element-8e49855 e-con-full e-flex wpr-particle-no wpr-jarallax-no wpr-parallax-no wpr-sticky-section-no e-con e-child\" data-id=\"8e49855\" data-element_type=\"container\" data-e-type=\"container\">\n\t\t\t\t<div class=\"elementor-element elementor-element-3d3bbd4 elementor-widget elementor-widget-heading\" data-id=\"3d3bbd4\" data-element_type=\"widget\" data-e-type=\"widget\" data-widget_type=\"heading.default\">\n\t\t\t\t\t<h2 class=\"elementor-heading-title elementor-size-default\">teisinis prane\u0161imas<\/h2>\t\t\t\t<\/div>\n\t\t\t\t<\/div>\n\t\t\t\t\t<\/div>\n\t\t\t\t<\/div>\n\t\t<div class=\"elementor-element elementor-element-7cdcae67 e-flex e-con-boxed wpr-particle-no wpr-jarallax-no wpr-parallax-no wpr-sticky-section-no e-con e-parent\" data-id=\"7cdcae67\" data-element_type=\"container\" data-e-type=\"container\">\n\t\t\t\t\t<div class=\"e-con-inner\">\n\t\t\t\t<div class=\"elementor-element elementor-element-fa54b7a color-scheme-inherit text-left elementor-widget elementor-widget-text-editor\" data-id=\"fa54b7a\" data-element_type=\"widget\" data-e-type=\"widget\" data-widget_type=\"text-editor.default\">\n\t\t\t\t\t\t\t\t\t\n<p>Pardav\u0117jo informacija<\/p>\n\n<p>Savininkas: ARC TECH SOLUTIONS SL<\/p>\n\n<p>Adresas: Carrer Castell N1 Bajo Left 46970 Alaquas (Valensija)<\/p>\n\n<p>NIF: B55480172<\/p>\n\n<p>\u00a0<\/p>\n\n<p>pa\u0161tas: info@distribucionarc.com<\/p>\n\n<p>Telefonas: +34 643496664<\/p>\n\n<p>Klientas (toliau \u2013 \u201e<strong>Klientas<\/strong>&quot;), kuris pasiekia svetain\u0119 (&quot;<strong>Svetain\u0117<\/strong>\u201c), priklauso DISTRIBUCION ARC. (&quot;<strong>Visuomen\u0117<\/strong>\u201c), registruodamiesi arba \u012fsigydami produktus per svetain\u0119, sutinkate laikytis \u0161io teisinio prane\u0161imo ir bendr\u0173j\u0173 s\u0105lyg\u0173, kurios yra para\u0161ytos jums prisijungiant prie interneto, ir esate j\u0173 saistomas.<\/p>\n\n<p>Autorizuoto naudojimosi svetaine taisykl\u0117s (\u201c<strong>Svetain\u0117<\/strong>\u201c)<\/p>\n\n<p>Klientas gali prisijungti prie Svetain\u0117s nemokamai, nepa\u017eeid\u017eiant prisijungimo per telekomunikacij\u0173 tinkl\u0105 mokes\u010di\u0173, kuriuos reikia sumok\u0117ti subjektui, su kuriuo buvo sudaryta sutartis.<\/p>\n\n<p>Apskritai prieiga prie Svetain\u0117s draud\u017eiama nepilname\u010diams iki 18 met\u0173, neturintiems atitinkamo savo t\u0117v\u0173 ar teis\u0117t\u0173 glob\u0117j\u0173 leidimo.<\/p>\n\n<p>Klientas \u012fsipareigoja laikytis \u0161io Teisinio prane\u0161imo ir speciali\u0173 \u012fsp\u0117jim\u0173 ar naudojimo instrukcij\u0173, esan\u010di\u0173 Svetain\u0117je, ir visada elgtis pagal \u012estatym\u0105, gerus papro\u010dius ir s\u0105\u017einingumo reikalavimus, r\u016bpestingai, atsi\u017evelgiant \u012f teikiamos paslaugos pob\u016bd\u012f. m\u0117gautis.<\/p>\n\n<p>Klientas privalo susilaikyti nuo: (i) neteis\u0117to ar nes\u0105\u017einingo naudojimosi Svetaine ir\/ar jos turiniu; (ii) pasiekti arba bandyti pasiekti apribotus Svetain\u0117s i\u0161teklius ar sritis, nesilaikant tokiai prieigai keliam\u0173 s\u0105lyg\u0173; (iii) s\u0105\u017einingai ir vie\u0161ai naudoti svetain\u0119 ir (arba) turin\u012f kitiems tikslams, nei \u012fsigyti bet koki\u0173 svetain\u0117je si\u016blom\u0173 produkt\u0173, tikslams ar padariniams, kurie yra neteis\u0117ti, neteis\u0117ti, prie\u0161ingai nei nustatyta \u0161iame teisiniame prane\u0161ime. tvarka, kenkia tre\u010di\u0173j\u0173 \u0161ali\u0173 teis\u0117ms ir interesams arba gali bet kokiu b\u016bdu sugadinti, i\u0161jungti ar perkrauti Svetain\u0119 arba trukdyti normaliai naudotis ar m\u0117gautis ja; (iv) padaryti \u017ealos Bendrov\u0117s, jos tiek\u0117j\u0173, klient\u0173 ar tre\u010di\u0173j\u0173 \u0161ali\u0173 \u017emon\u0117ms ar turtui; (v) \u012fvesti arba platinti tinkle kompiuterinius virusus ar bet kokias kitas fizines ar logines sistemas, kurios gali pakenkti Bendrov\u0117s, jos tiek\u0117j\u0173 ar tre\u010di\u0173j\u0173 \u0161ali\u0173 fizin\u0117ms ar login\u0117ms sistemoms.<\/p>\n\n<p>Klientas sutinka naudoti Svetaine tik teisi\u0161kai pagr\u012fstoms u\u017eklausoms ar u\u017esakymams pateikti ir nedaryti melaging\u0173 ar nes\u0105\u017eining\u0173 u\u017esakym\u0173. Prie\u0161ingu atveju b\u016bsime \u012fgalioti j\u012f at\u0161aukti ir informuoti atitinkamas institucijas.<\/p>\n\n<p>Mes neb\u016bsime atsakingi u\u017e joki\u0105 \u017eal\u0105 ar nuostolius, kurie paveiks j\u016bs\u0173 kompiuter\u012f d\u0117l ankstesni\u0173 veiksm\u0173, naudojimosi svetaine ar turinio atsisiuntimo i\u0161 jos arba \u012f kuri\u0105 jis gali b\u016bti nukreiptas.<\/p>\n\n<p>Svetain\u0117je gali b\u016bti nuorod\u0173 \u012f kitas svetaines, socialinius tinklus ir tre\u010di\u0173j\u0173 \u0161ali\u0173 med\u017eiag\u0105. \u0160ios nuorodos pateikiamos tik informaciniais tikslais, tod\u0117l Bendrov\u0117 nekontroliuoja min\u0117t\u0173 tinklalapi\u0173 ar med\u017eiagos turinio. Vadinasi, Bendrov\u0117 nebus atsakinga u\u017e joki\u0105 \u017eal\u0105 ar nuostolius, atsiradusius d\u0117l \u0161i\u0173 nuorod\u0173 ar tre\u010di\u0173j\u0173 \u0161ali\u0173 med\u017eiagos naudojimo.<\/p>\n\n<p>Duomen\u0173 apsauga<\/p>\n\n<p>Gruod\u017eio 13 d. Organinio \u012fstatymo 15\/1999 d\u0117l asmens duomen\u0173 apsaugos nuostat\u0173 (\u201c<strong>LOPD<\/strong>\u201c), DISTRIBUCION ARC informuoja Klient\u0105, kad bet kokie asmens duomenys, bet kuriuo metu ir savanori\u0161kai pateikti m\u016bs\u0173 \u012fmonei ar m\u016bs\u0173 darbuotojams, bus \u012ftraukti \u012f automatizuot\u0105 asmens duomen\u0173 rinkmen\u0105, sukurt\u0105 ir tvarkom\u0105 DISTRIBUCION ARC atsakomybe. ir bus tvarkomi i\u0161skirtiniu tikslu apdoroti J\u016bs\u0173 u\u017esakymo u\u017eklaus\u0105, taip pat Kliento u\u017eklausas ar pasi\u016blymus. J\u016bs galite bet kada pasinaudoti savo teise susipa\u017einti, i\u0161taisyti, at\u0161aukti ir nesutikti, nukreipdami savo pra\u0161ym\u0105 ankstesniame skyriuje nurodytu adresu, el. pa\u0161tu, telefonu arba faksu.<\/p>\n\n<p>Kad m\u016bs\u0173 failuose esanti informacija visada b\u016bt\u0173 naujausia ir joje neb\u016bt\u0173 klaid\u0173, pra\u0161ome Kliento kuo grei\u010diau informuoti mus apie bet kokius savo asmens duomen\u0173 pakeitimus ir taisymus.<\/p>\n\n<p>Informuojame, kad buvo imtasi vis\u0173 b\u016btin\u0173 technini\u0173 ir organizacini\u0173 saugumo priemoni\u0173, u\u017etikrinan\u010di\u0173 J\u016bs\u0173 asmens duomen\u0173 apsaug\u0105 ir u\u017ekirsti keli\u0105 j\u0173 pakeitimui, praradimui, apdorojimui ir (arba) neteis\u0117tai prieigai, atsi\u017evelgiant \u012f technikos lyg\u012f, duomen\u0173 pob\u016bd\u012f. saugomus duomenis ir jiems kylan\u010di\u0105 rizik\u0105, visa tai vadovaujantis LOPD ir jo \u012fgyvendinimo reglament\u0173 nuostatomis.<\/p>\n\n<p>I\u0161skyrus laukelius, kuriuose ai\u0161kiai nurodyta kitaip, duomen\u0173 u\u017eklausos formose reikalaujamos informacijos pateikimas yra privalomas, kad b\u016bt\u0173 galima teisingai valdyti J\u016bs\u0173 pateiktus u\u017esakymus, u\u017eklausas ir pasi\u016blymus. Neu\u017epild\u017eius privalomais nustatyt\u0173 lauk\u0173 arba pateikus neteisingus duomenis, DISTRIBUCION ARC negal\u0117s tinkamai j\u0173 tvarkyti.<\/p>\n\n<p>Garantija ir atsakomyb\u0117<\/p>\n\n<p>Klientas vis\u0105 laik\u0105 naudojasi Svetaine, prisiimdamas vis\u0105 rizik\u0105 ir atsakomyb\u0119, kuri\u0105 jis ai\u0161kiai pripa\u017e\u012fsta ir prisiima, u\u017e k\u0105 Bendrov\u0117 neprisiims jokios tiesiogin\u0117s ar netiesiogin\u0117s atsakomyb\u0117s, kylan\u010dios d\u0117l netinkamo ar netinkamo naudojimo. nes\u0105\u017einingas ar neteis\u0117tas Klient\u0173 naudojimasis Svetaine.<\/p>\n\n<p>Bendrov\u0117 darys visk\u0105, kas \u012fmanoma, kad u\u017etikrint\u0173 skland\u0173 Svetain\u0117s veikim\u0105, Klientui ai\u0161kiai pripa\u017eindama, kad ne\u012fmanoma pasi\u016blyti visi\u0161ko 100% prieinamumo. Ta\u010diau Bendrov\u0117 \u012fsipareigoja u\u017etikrinti, kad internetin\u0117 svetain\u0117 b\u016bt\u0173 prieinama kuo ilgiau. Ta\u010diau Bendrov\u0117 pasilieka teis\u0119 apriboti prieig\u0105 prie interneto svetain\u0117s visi\u0161kai ar i\u0161 dalies, laikinai ar visam laikui d\u0117l prie\u017ei\u016bros darb\u0173, paj\u0117gum\u0173 ar \u012fvyki\u0173, kuri\u0173 Bendrov\u0117 nekontroliuoja.<\/p>\n\n<p>Nei\u0161samiai pa\u017eymima, kad Bendrov\u0117 nebus atsakinga u\u017e:<\/p>\n\n<ul class=\"wp-block-list\">\n<li>Sistem\u0173 pertr\u016bkiai, gedimai, praleidimai ar atjungimai, trukd\u017eiai ar virusai, prieigos problemos ir apskritai bet kokios paslaugos prieinamumo, gedimo ir (arba) paslaug\u0173 teikimo t\u0119stinumo problemos, kurios gali tur\u0117ti \u012ftakos Svetainei.<\/li>\n<\/ul>\n\n<ul class=\"wp-block-list\">\n<li>Bet kokia \u017eala, kuri gali atsirasti Klient\u0173 \u012frangai ar technologiniams \u012frenginiams d\u0117l naudojimosi Svetaine.<\/li>\n<\/ul>\n\n<ul class=\"wp-block-list\">\n<li>Tre\u010di\u0173j\u0173 asmen\u0173, \u012fskaitant pa\u010dius Klientus, veiksmai, kuri\u0173 Bendrov\u0117 negali kontroliuoti.<\/li>\n<\/ul>\n\n<p>Intelektin\u0117 ir pramonin\u0117 nuosavyb\u0117<\/p>\n\n<p>Bendrov\u0117 yra i\u0161skirtin\u0117 Svetain\u0117s savinink\u0117. Draud\u017eiamas bet koks visos ar dalies Svetain\u0117s atk\u016brimas.<\/p>\n\n<p>Visas Svetain\u0117je rodomas turinys, ypa\u010d bet kokie produktai, dizainai, tekstai, grafika, logotipai, piktogramos, mygtukai, programin\u0117 \u012franga, preki\u0173 pavadinimai, prek\u0117s \u017eenklai, pramoniniai br\u0117\u017einiai ar bet kokie kiti pramoniniam ir komerciniam naudojimui tinkami \u017eenklai, priklauso intelektualiniam naudojimui. ir Bendrov\u0117s arba tre\u010di\u0173j\u0173 \u0161ali\u0173 savinink\u0173, kurie tinkamai leido jas \u012ftraukti \u012f Svetain\u0119, pramonin\u0117s nuosavyb\u0117s teis\u0117s.<\/p>\n\n<p>Jokiu b\u016bdu nebus suprantama, kad licencija suteikiama arba kad min\u0117t\u0173 teisi\u0173 atsisakoma, jos perduodamos, perleistos visi\u0161kai ar i\u0161 dalies, taip pat nesuteikiama jokia teis\u0117, ypa\u010d keisti, naudoti, atgaminti, platinti ar vie\u0161ai skelbti min\u0117to turinio be i\u0161ankstinio ai\u0161kaus Bendrov\u0117s ar atitinkam\u0173 savinink\u0173 leidimo, tod\u0117l Klientas negali atgaminti, transformuoti, modifikuoti, i\u0161ardyti, apgr\u0119\u017eti, platinti, nuomoti, skolinti, padaryti prieinam\u0105 ar leisti vie\u0161ai naudotis jokiais b\u016bdais. vie\u0161as bet kurio i\u0161 ankstesn\u0117je dalyje nurodyt\u0173 element\u0173 paskelbimas.<\/p>\n\n<p>Slapukai<\/p>\n\n<p>Svetain\u0117je naudojami slapukai, tai yra failai, kurie atsisiun\u010diami \u012f Kliento \u012frengin\u012f j\u012f pasiekiant. Slapukai, be kita ko, leid\u017eia mums suprasti, kaip Klientai nar\u0161o Svetain\u0117je, saugo ir nuskaito informacij\u0105, susijusi\u0105 su Klient\u0173 nar\u0161ymu ir \u012fpro\u010diais.<\/p>\n\n<p>Svetain\u0117 naudoja savo ir tre\u010di\u0173j\u0173 \u0161ali\u0173 slapukus, kurie leid\u017eia \u012fsiminti nar\u0161ymo duomenis, kad b\u016bt\u0173 pagerinta nar\u0161ymo patirtis. Klientas gali sukonfig\u016bruoti savo interneto nar\u0161ykl\u0119 taip, kad ji i\u0161trint\u0173, blokuot\u0173 arba gaut\u0173 \u012fsp\u0117jimus, jei yra \u012fdiegti slapukai, nepa\u017eeid\u017eiant to, kad norint naudotis tam tikromis Svetain\u0117s paslaugomis, slapukai turi b\u016bti \u012fjungti.<\/p>\n\n<p>Svetain\u0117je naudojami slapukai:<\/p>\n\n<ul class=\"wp-block-list\">\n<li>Techniniai slapukai: jie leid\u017eia Klientui naudotis skirtingomis Svetain\u0117s nar\u0161ymo parinktimis ar paslaugomis, pavyzd\u017eiui, identifikuoti seans\u0105 arba atlikti pirkimo proces\u0105 ar registracij\u0105.<\/li>\n<\/ul>\n\n<ul class=\"wp-block-list\">\n<li>Personalizavimo slapukai: leid\u017eia Klientui pasiekti paslaug\u0105 su i\u0161 anksto nustatytomis bendromis savyb\u0117mis, tokiomis kaip kalbos ar \u0161alies nustatymai.<\/li>\n<\/ul>\n\n<ul class=\"wp-block-list\">\n<li>Analiz\u0117s slapukai: jie naudojami klient\u0173 elgesiui m\u016bs\u0173 svetain\u0117je sekti, siekiant patobulinti svetain\u0119.<\/li>\n<\/ul>\n\n<ul class=\"wp-block-list\">\n<li>Reklamos ir elgesio reklamos slapukai: jie saugo informacij\u0105 apie Kliento elges\u012f ir pritaiko prie jo reklam\u0105.<\/li>\n<\/ul>\n\n<p>Susisiekite<\/p>\n\n<p>Esame pasireng\u0119 atsakyti \u012f j\u016bs\u0173 klausimus, pasi\u016blymus ar pastabas d\u0117l m\u016bs\u0173 \u012fmon\u0117s, m\u016bs\u0173 produkt\u0173, m\u016bs\u0173 svetain\u0117s ar privatumo politikos. Nor\u0117dami tai padaryti, galite susisiekti su mumis el. pa\u0161tu, telefono numeriu arba fakso numeriu, nurodytu pardav\u0117jo informacijoje.<\/p>\n\n<p>M\u016bs\u0173 klient\u0173 aptarnavimo valandos yra nuo pirmadienio iki penktadienio nuo 8 iki 18 val.<\/p>\n\t\t\t\t\t\t\t\t<\/div>\n\t\t\t\t\t<\/div>\n\t\t\t\t<\/div>\n\t\t\t\t<\/div>","protected":false},"excerpt":{"rendered":"<p>Pardav\u0117jo duomenys Savininkas: ARC TECH SOLUTIONS SL Adresas: Carrer Castell N1, apa\u010dioje kair\u0117je, 46970 Alaquas (Valensija) NIF:<\/p>","protected":false},"author":1,"featured_media":0,"parent":45,"menu_order":0,"comment_status":"closed","ping_status":"closed","template":"elementor_header_footer","meta":{"footnotes":""},"class_list":["post-74","page","type-page","status-publish","hentry"],"yoast_head":"<!-- This site is optimized with the Yoast SEO Premium plugin v24.9 (Yoast SEO v26.1) - https:\/\/yoast.com\/wordpress\/plugins\/seo\/ -->\n<title>aviso legal - distribuci\u00f3n ARC<\/title>\n<meta name=\"robots\" content=\"index, follow, max-snippet:-1, max-image-preview:large, max-video-preview:-1\" \/>\n<link rel=\"canonical\" href=\"https:\/\/distribucionarc.com\/lt\/pradzios\/teisinis-ispejimas\/\" \/>\n<meta property=\"og:locale\" content=\"lt_LT\" \/>\n<meta property=\"og:type\" content=\"article\" \/>\n<meta property=\"og:title\" content=\"aviso legal\" \/>\n<meta property=\"og:description\" content=\"aviso legal Datos del vendedor Titular: ARC TECH SOLUTIONS S.L Direcci\u00f3n: carrer castell n1 bajo izquierda 46970 alaquas (valencia) N.I.F.:\" \/>\n<meta property=\"og:url\" content=\"https:\/\/distribucionarc.com\/lt\/pradzios\/teisinis-ispejimas\/\" \/>\n<meta property=\"og:site_name\" content=\"distribuci\u00f3n ARC\" \/>\n<meta property=\"article:modified_time\" content=\"2025-05-06T13:58:50+00:00\" \/>\n<meta property=\"og:image\" content=\"https:\/\/distribucionarc.com\/wp-content\/uploads\/2024\/12\/icono-arc.jpg\" \/>\n\t<meta property=\"og:image:width\" content=\"612\" \/>\n\t<meta property=\"og:image:height\" content=\"792\" \/>\n\t<meta property=\"og:image:type\" content=\"image\/jpeg\" \/>\n<meta name=\"twitter:card\" content=\"summary_large_image\" \/>\n<meta name=\"twitter:label1\" content=\"Est. reading time\" \/>\n\t<meta name=\"twitter:data1\" content=\"8 minut\u0117s\" \/>\n<script type=\"application\/ld+json\" class=\"yoast-schema-graph\">{\"@context\":\"https:\/\/schema.org\",\"@graph\":[{\"@type\":\"WebPage\",\"@id\":\"https:\/\/distribucionarc.com\/it\/inicio\/aviso-legal\/\",\"url\":\"https:\/\/distribucionarc.com\/it\/inicio\/aviso-legal\/\",\"name\":\"aviso legal - distribuci\u00f3n ARC\",\"isPartOf\":{\"@id\":\"https:\/\/www.distribucionarc.com\/sl\/#website\"},\"datePublished\":\"2020-04-15T09:38:42+00:00\",\"dateModified\":\"2025-05-06T13:58:50+00:00\",\"breadcrumb\":{\"@id\":\"https:\/\/distribucionarc.com\/it\/inicio\/aviso-legal\/#breadcrumb\"},\"inLanguage\":\"lt-LT\",\"potentialAction\":[{\"@type\":\"ReadAction\",\"target\":[\"https:\/\/distribucionarc.com\/it\/inicio\/aviso-legal\/\"]}]},{\"@type\":\"BreadcrumbList\",\"@id\":\"https:\/\/distribucionarc.com\/it\/inicio\/aviso-legal\/#breadcrumb\",\"itemListElement\":[{\"@type\":\"ListItem\",\"position\":1,\"name\":\"Portada\",\"item\":\"https:\/\/www.distribucionarc.com\/\"},{\"@type\":\"ListItem\",\"position\":2,\"name\":\"inicio\",\"item\":\"https:\/\/www.distribucionarc.com\/inicio\/\"},{\"@type\":\"ListItem\",\"position\":3,\"name\":\"aviso legal\"}]},{\"@type\":\"WebSite\",\"@id\":\"https:\/\/www.distribucionarc.com\/sl\/#website\",\"url\":\"https:\/\/www.distribucionarc.com\/sl\/\",\"name\":\"distribuci\u00f3n ARC\",\"description\":\"Empresa especializada en la fabricaci\u00f3n y distribuci\u00f3n de maquinaria industrial, selladoras de latas, Maquinas de hacer pastillas, Maquinas de cortar carne...\",\"publisher\":{\"@id\":\"https:\/\/www.distribucionarc.com\/sl\/#organization\"},\"potentialAction\":[{\"@type\":\"SearchAction\",\"target\":{\"@type\":\"EntryPoint\",\"urlTemplate\":\"https:\/\/www.distribucionarc.com\/sl\/?s={search_term_string}\"},\"query-input\":{\"@type\":\"PropertyValueSpecification\",\"valueRequired\":true,\"valueName\":\"search_term_string\"}}],\"inLanguage\":\"lt-LT\"},{\"@type\":\"Organization\",\"@id\":\"https:\/\/www.distribucionarc.com\/sl\/#organization\",\"name\":\"Distribuci\u00f3n ARC\",\"url\":\"https:\/\/www.distribucionarc.com\/sl\/\",\"logo\":{\"@type\":\"ImageObject\",\"inLanguage\":\"lt-LT\",\"@id\":\"https:\/\/www.distribucionarc.com\/sl\/#\/schema\/logo\/image\/\",\"url\":\"https:\/\/distribucionarc.com\/wp-content\/uploads\/2024\/10\/distribucion-ARC-COLOR-SIN-FONDO-e1732295305345.png\",\"contentUrl\":\"https:\/\/distribucionarc.com\/wp-content\/uploads\/2024\/10\/distribucion-ARC-COLOR-SIN-FONDO-e1732295305345.png\",\"width\":1164,\"height\":558,\"caption\":\"Distribuci\u00f3n ARC\"},\"image\":{\"@id\":\"https:\/\/www.distribucionarc.com\/sl\/#\/schema\/logo\/image\/\"},\"description\":\"Empresa especializada en la fabricaci\u00f3n y distribuci\u00f3n de maquinaria industrial para los sectores alimentario y farmac\u00e9utico. Nos especializamos en: M\u00e1quinas de cortar carne Fabricaci\u00f3n de comprimidos Sistemas de transporte industrial L\u00edneas de embotellado Dosificadores Y mucho m\u00e1s... Ofrecemos soluciones innovadoras y personalizadas para optimizar los procesos productivos de tu empresa.\",\"email\":\"Admistracion@distribucionarc.com\",\"telephone\":\"+34 643496664\",\"legalName\":\"ARC TECH SOLUTIONS\",\"foundingDate\":\"2024-04-09\",\"vatID\":\"B55480172\",\"numberOfEmployees\":{\"@type\":\"QuantitativeValue\",\"minValue\":\"1\",\"maxValue\":\"10\"}}]}<\/script>\n<!-- \/ Yoast SEO Premium plugin. -->","yoast_head_json":{"title":"Teisinis prane\u0161imas \u2013 ARC platinimas","robots":{"index":"index","follow":"follow","max-snippet":"max-snippet:-1","max-image-preview":"max-image-preview:large","max-video-preview":"max-video-preview:-1"},"canonical":"https:\/\/distribucionarc.com\/lt\/pradzios\/teisinis-ispejimas\/","og_locale":"lt_LT","og_type":"article","og_title":"aviso legal","og_description":"aviso legal Datos del vendedor Titular: ARC TECH SOLUTIONS S.L Direcci\u00f3n: carrer castell n1 bajo izquierda 46970 alaquas (valencia) N.I.F.:","og_url":"https:\/\/distribucionarc.com\/lt\/pradzios\/teisinis-ispejimas\/","og_site_name":"distribuci\u00f3n ARC","article_modified_time":"2025-05-06T13:58:50+00:00","og_image":[{"width":612,"height":792,"url":"https:\/\/distribucionarc.com\/wp-content\/uploads\/2024\/12\/icono-arc.jpg","type":"image\/jpeg"}],"twitter_card":"summary_large_image","twitter_misc":{"Est. reading time":"8 minut\u0117s"},"schema":{"@context":"https:\/\/schema.org","@graph":[{"@type":"WebPage","@id":"https:\/\/distribucionarc.com\/it\/inicio\/aviso-legal\/","url":"https:\/\/distribucionarc.com\/it\/inicio\/aviso-legal\/","name":"Teisinis prane\u0161imas \u2013 ARC platinimas","isPartOf":{"@id":"https:\/\/www.distribucionarc.com\/sl\/#website"},"datePublished":"2020-04-15T09:38:42+00:00","dateModified":"2025-05-06T13:58:50+00:00","breadcrumb":{"@id":"https:\/\/distribucionarc.com\/it\/inicio\/aviso-legal\/#breadcrumb"},"inLanguage":"lt-LT","potentialAction":[{"@type":"ReadAction","target":["https:\/\/distribucionarc.com\/it\/inicio\/aviso-legal\/"]}]},{"@type":"BreadcrumbList","@id":"https:\/\/distribucionarc.com\/it\/inicio\/aviso-legal\/#breadcrumb","itemListElement":[{"@type":"ListItem","position":1,"name":"Portada","item":"https:\/\/www.distribucionarc.com\/"},{"@type":"ListItem","position":2,"name":"inicio","item":"https:\/\/www.distribucionarc.com\/inicio\/"},{"@type":"ListItem","position":3,"name":"aviso legal"}]},{"@type":"WebSite","@id":"https:\/\/www.distribucionarc.com\/sl\/#website","url":"https:\/\/www.distribucionarc.com\/sl\/","name":"ARC paskirstymas","description":"\u012emon\u0117 specializuojasi pramonini\u0173 ma\u0161in\u0173, skardini\u0173 sandarinimo ma\u0161in\u0173, table\u010di\u0173 gamybos ma\u0161in\u0173, m\u0117sos pjaustymo ma\u0161in\u0173 gamyboje ir platinime...","publisher":{"@id":"https:\/\/www.distribucionarc.com\/sl\/#organization"},"potentialAction":[{"@type":"SearchAction","target":{"@type":"EntryPoint","urlTemplate":"https:\/\/www.distribucionarc.com\/sl\/?s={search_term_string}"},"query-input":{"@type":"PropertyValueSpecification","valueRequired":true,"valueName":"search_term_string"}}],"inLanguage":"lt-LT"},{"@type":"Organization","@id":"https:\/\/www.distribucionarc.com\/sl\/#organization","name":"ARC platinimas","url":"https:\/\/www.distribucionarc.com\/sl\/","logo":{"@type":"ImageObject","inLanguage":"lt-LT","@id":"https:\/\/www.distribucionarc.com\/sl\/#\/schema\/logo\/image\/","url":"https:\/\/distribucionarc.com\/wp-content\/uploads\/2024\/10\/distribucion-ARC-COLOR-SIN-FONDO-e1732295305345.png","contentUrl":"https:\/\/distribucionarc.com\/wp-content\/uploads\/2024\/10\/distribucion-ARC-COLOR-SIN-FONDO-e1732295305345.png","width":1164,"height":558,"caption":"Distribuci\u00f3n ARC"},"image":{"@id":"https:\/\/www.distribucionarc.com\/sl\/#\/schema\/logo\/image\/"},"description":"\u012emon\u0117 specializuojasi maisto ir farmacijos sektoriams skirt\u0173 pramonini\u0173 ma\u0161in\u0173 gamyboje ir platinime. M\u016bs\u0173 specializacija: M\u0117sos pjaustymo ma\u0161inos Table\u010di\u0173 gamyba Pramonin\u0117s transportavimo sistemos I\u0161pilstymo linijos Dozatoriai Ir dar daugiau... Si\u016blome novatori\u0161kus ir individualiems poreikiams pritaikytus sprendimus, kad optimizuotume j\u016bs\u0173 \u012fmon\u0117s gamybos procesus.","email":"Admistracion@distribucionarc.com","telephone":"+34 643496664","legalName":"ARC TECH SOLUTIONS","foundingDate":"2024-04-09","vatID":"B55480172","numberOfEmployees":{"@type":"QuantitativeValue","minValue":"1","maxValue":"10"}}]}},"_links":{"self":[{"href":"https:\/\/distribucionarc.com\/lt\/wp-json\/wp\/v2\/pages\/74","targetHints":{"allow":["GET"]}}],"collection":[{"href":"https:\/\/distribucionarc.com\/lt\/wp-json\/wp\/v2\/pages"}],"about":[{"href":"https:\/\/distribucionarc.com\/lt\/wp-json\/wp\/v2\/types\/page"}],"author":[{"embeddable":true,"href":"https:\/\/distribucionarc.com\/lt\/wp-json\/wp\/v2\/users\/1"}],"replies":[{"embeddable":true,"href":"https:\/\/distribucionarc.com\/lt\/wp-json\/wp\/v2\/comments?post=74"}],"version-history":[{"count":5,"href":"https:\/\/distribucionarc.com\/lt\/wp-json\/wp\/v2\/pages\/74\/revisions"}],"predecessor-version":[{"id":17442,"href":"https:\/\/distribucionarc.com\/lt\/wp-json\/wp\/v2\/pages\/74\/revisions\/17442"}],"up":[{"embeddable":true,"href":"https:\/\/distribucionarc.com\/lt\/wp-json\/wp\/v2\/pages\/45"}],"wp:attachment":[{"href":"https:\/\/distribucionarc.com\/lt\/wp-json\/wp\/v2\/media?parent=74"}],"curies":[{"name":"wp","href":"https:\/\/api.w.org\/{rel}","templated":true}]}}