{"id":1043,"date":"2020-07-16T09:25:55","date_gmt":"2020-07-16T09:25:55","guid":{"rendered":"https:\/\/distribucionarc.com\/?post_type=product&#038;p=1043"},"modified":"2024-09-05T21:08:07","modified_gmt":"2024-09-05T21:08:07","slug":"vafliu-gamintoja-profesionale","status":"publish","type":"product","link":"https:\/\/distribucionarc.com\/lt\/producto\/gofrera-profesional\/","title":{"rendered":"Profesionali vaflin\u0117"},"content":{"rendered":"<h2><strong>Profesionali vaflin\u0117\u00a0<\/strong><\/h2>\n<p>The\u00a0<strong>Dviguba profesionali vaflin\u0117<\/strong>\u00a0i\u0161<span style=\"color: #ff0000;\">\u00a0<\/span><strong><span style=\"color: #ff0000;\">KAM<\/span><span style=\"color: #0000ff;\">R<\/span>c<\/strong>, pritaikytas dvigubos galvut\u0117s dizainui, tod\u0117l gaminimo procesas tampa ma\u017eesnis\u00a0<strong>vafliai<\/strong> b\u016bti efektyvesnis ir pelningesnis. Pakankama 1880 W galia. Forma u\u017etikrina 360 laipsni\u0173 nuolatin\u012f kaitinim\u0105 ir geresn\u0119 gaminimo patirt\u012f. Jie taip pat vis dar prisideda <span style=\"color: #008000;\">r<strong>efektyvus energijos vartojimo efektyvumas<\/strong><\/span>\u00a0i\u0161\u00a0<strong>profesionali vaflin\u0117<\/strong>.<\/p>\n<p>Galva yra valdoma nepriklausomai lygiomis ranken\u0117l\u0117mis. Temperat\u016bra svyruoja nuo 50 iki 300\u00baC su LED lempute, rodan\u010dia veikimo b\u016bsen\u0105. The <strong>profesionali vaflin\u0117\u00a0<span style=\"color: #ff0000;\">KAM<\/span><span style=\"color: #0000ff;\">R<\/span>CMGE2<\/strong>\u00a0Jame yra tikslus daugiausiai 5 minu\u010di\u0173 laikmatis su ai\u0161kiu ir melodingu \u017eadintuvu, kai vafliai bus paruo\u0161ti.<\/p>\n<p>Vadovas <strong>profesionali vaflin\u0117<\/strong>\u00a0Jis priima dvi formas (vir\u0161utin\u0119 ir apatin\u0119). Kartu jie suformuoja skanius vaflius. Abi formos u\u017etikrina tolyg\u0173 \u0161ildym\u0105. Teflonu dengtas kepimo pavir\u0161ius yra nelipnus, tod\u0117l ma\u0161in\u0105 lengva valyti.\u00a0<strong>vafliai<\/strong>.<\/p>\n<p>Pastorinta galin\u0117 atrama jungia form\u0105 su\u00a0<strong>vaflin\u0117 ma\u0161ina<\/strong>, priekin\u0117 atrama turi stabili\u0105 trikamp\u0119 strukt\u016br\u0105. Toks dizainas pagerina saugos lyg\u012f, ilgaam\u017ei\u0161kum\u0105 ir daro<strong> vaflin\u0117 <span style=\"color: #ff0000;\">KAM<\/span><span style=\"color: #0000ff;\">R<\/span>CMGE2<\/strong>\u00a0Gaukite funkcional\u0173 dizain\u0105, kuris taip pat yra esteti\u0161kai eleganti\u0161kas. Storas ner\u016bdijan\u010dio plieno ranken\u0173 rinkinys, skirtas lengvai suimti ir be vargo. Gerai \u0161ilum\u0105 i\u0161sklaidan\u010dios med\u017eiagos naudojimas u\u017etikrina, kad jos temperat\u016bra neb\u016bt\u0173 per auk\u0161ta. Apsaugo vartotoj\u0105 nuo nudegim\u0173.<\/p>\n<p>Su\u00a0<strong>Profesionali vaflin\u0117<\/strong>\u00a0i\u0161\u00a0<strong><span style=\"color: #ff0000;\">KAM<\/span><span style=\"color: #0000ff;\">R<\/span>c<\/strong>\u00a0kai k\u0105 gausi\u00a0<strong>Vafliai<\/strong> unikalus su labai \u012fsp\u016bdingu \u0161irdies dizainu, mink\u0161tu interjeru ir tra\u0161kia i\u0161ore su begaliniu poskoniu. \u0160okoladas, saldainiai ir kiti papuo\u0161imai gali b\u016bti laisvai dedami, kad b\u016bt\u0173 suteiktas skonis.<\/p>\n<p>&nbsp;<\/p>\n<h6><strong>Garantija\u00a0<span style=\"color: #ff0000;\">KAM<\/span><span style=\"color: #0000ff;\">R<\/span>C 2 METAI<\/strong><\/h6>\n<h6><span style=\"color: #008000;\">Efektyvi profesionali vaflin\u0117, ma\u017eos s\u0105naudos 1550w<\/span><\/h6>\n<h6><strong>\u012ftraukta technin\u0117 pagalba.<\/strong><\/h6>\n<p>&nbsp;<\/p>\n<p>&nbsp;<\/p>\n<table role=\"presentation\" width=\"100%\" cellspacing=\"0\" cellpadding=\"0\">\n<tbody>\n<tr>\n<td class=\"attrLabels\">Temperat\u016bra:<\/td>\n<td width=\"50.0%\">50-300\u00baC<\/td>\n<\/tr>\n<tr>\n<td class=\"attrLabels\">Platinimo \u0161alis:<\/td>\n<td width=\"50.0%\">Ispanija, Vokietija, JAV, Lotyn\u0173 Amerika<\/td>\n<td class=\"attrLabels\">Svoris:<\/td>\n<td width=\"50.0%\">11,6 kg<\/td>\n<\/tr>\n<tr>\n<td class=\"attrLabels\">Prekinis \u017eenklas:<\/td>\n<td width=\"50.0%\">ARC<\/td>\n<td class=\"attrLabels\">Auk\u0161tis:<\/td>\n<td width=\"50.0%\">33 cm<\/td>\n<\/tr>\n<tr>\n<td class=\"attrLabels\">Spalva:<\/td>\n<td width=\"50.0%\">Sidabras<\/td>\n<td class=\"attrLabels\">Ilgas:<\/td>\n<td width=\"50.0%\">49 cm<\/td>\n<\/tr>\n<tr>\n<td class=\"attrLabels\">Produkto tipas:<\/td>\n<td width=\"50.0%\">Profesionali vaflin\u0117<\/td>\n<td class=\"attrLabels\">Platus:<\/td>\n<td width=\"50.0%\">39 cm<\/td>\n<\/tr>\n<tr>\n<td class=\"attrLabels\">Gamintojo numeris:<\/td>\n<td width=\"50.0%\">ARCMGE2<\/td>\n<td class=\"attrLabels\">Galia:<\/td>\n<td width=\"50.0%\">1880W<\/td>\n<\/tr>\n<tr>\n<td class=\"attrLabels\">Med\u017eiaga:<\/td>\n<td width=\"50.0%\">ner\u016bdijantis plienas, teflono plok\u0161t\u0117, temperat\u016bros kontrol\u0117<\/td>\n<td class=\"attrLabels\">\u012f\u0117jimo \u012ftampa<\/td>\n<td width=\"50.0%\">220V \u2013 60Hz 110V \u2013 50Hz<\/td>\n<\/tr>\n<tr>\n<td class=\"attrLabels\">Vaflio dydis:<\/td>\n<td width=\"50.0%\">\u00a035cm skersmens<\/td>\n<td class=\"attrLabels\">Garantija:<\/td>\n<td width=\"50.0%\">2 METAI<\/td>\n<\/tr>\n<tr>\n<td class=\"attrLabels\">Montavimo \u012frankiai:<\/td>\n<td width=\"50.0%\">Taip<\/td>\n<td class=\"attrLabels\">Gamyba:<\/td>\n<td width=\"50.0%\">1 gabaliukai<\/td>\n<\/tr>\n<\/tbody>\n<\/table>","protected":false},"excerpt":{"rendered":"<h2><strong>\u0160irdies formos vafli\u0173 virimo aparatas \u2013 5 porcijos su laikma\u010diu<\/strong><\/h2>\n<p>M\u016bs\u0173 <strong>\u0161irdies formos vaflin\u0117<\/strong> yra ideali priemon\u0117 kuriant patrauklius ir skanius \u0161irdies formos vaflius, suskirstytus \u012f <strong>5 porcijos<\/strong>. Su a <strong>reguliuojamas laikmatis nuo 0 iki 5 minu\u010di\u0173<\/strong> ir temperat\u016bros diapazonas <strong>50\u2013300 laipsni\u0173 Celsijaus (\u00b0C)<\/strong>, \u0161is aparatas garantuoja greit\u0105 ir tiksl\u0173 gaminim\u0105. Vaflio skersmuo yra <strong>35 centimetrai (cm)<\/strong>, leisdami sukurti didelius, patrauklius vaflius, kurie puikiai tinka dalintis.<\/p>\n<h3>Produktai, kuriuos galite pagaminti naudodami \u0161\u012f <strong>\u0161irdies formos vaflin\u0117<\/strong>:<\/h3>\n<ul>\n<li><strong>Tradiciniai vafliai<\/strong>: Patiekiama su sirupu, grietin\u0117le arba \u0161vie\u017eiais vaisiais.<\/li>\n<li><strong>\u0160okoladiniai vafliai<\/strong>: Su i\u0161tirpusio \u0161okolado gabaliukais te\u0161loje.<\/li>\n<li><strong>Vafliai be glitimo<\/strong>: sveika alternatyva \u017emon\u0117ms, netoleruojantiems maisto.<\/li>\n<li><strong>Viso gr\u016bdo vafliai<\/strong>: Puikiai tinka sveikiems meniu.<\/li>\n<li><strong>Bananiniai avi\u017einiai vafliai<\/strong>: Skanus ir maistingas pasirinkimas.<\/li>\n<li><strong>Pikanti\u0161ki vafliai<\/strong>: \u012edaryti s\u016briu, kumpiu arba \u0161pinatais, idealiai tinka prie\u0161pie\u010diams.<\/li>\n<li><strong>Mini vaflin\u0117s picos<\/strong>: K\u016brybinis variantas naudojant \u0161irdies form\u0105 picos padams.<\/li>\n<\/ul>\n<h3>Sektoriai, kuriuose tai galima \u012fgyvendinti <strong>Profesionali \u0161irdies vaflin\u0117<\/strong>:<\/h3>\n<ul>\n<li><strong>Kavin\u0117s ir konditerijos parduotuv\u0117s<\/strong>: Puikiai tinka pritraukti klientus ak\u012f traukian\u010diais sald\u017ei\u0173 ir pikanti\u0161k\u0173 vafli\u0173 pristatymais.<\/li>\n<li><strong>Restoranai<\/strong>: Idealiai tinka desertams ir ypatingiems \u0161irdies formos patiekalams si\u016blyti.<\/li>\n<li><strong>maisto sunkve\u017eimiai<\/strong>: Patrauklus mug\u0117ms ir renginiams, kur \u0161irdel\u0117s formos vafliai bus populiariausi.<\/li>\n<li><strong>Vie\u0161bu\u010diai ir bufetai<\/strong>: puikiai tinka pusry\u010diams ir v\u0117lyviesiems pusry\u010diams.<\/li>\n<li><strong>Maitinimas ir special\u016bs renginiai<\/strong>: Tokios kaip vestuv\u0117s, jubiliejai ar teminiai vakar\u0117liai, kur \u0161irdies forma suteikia ypating\u0105 atspalv\u012f.<\/li>\n<li><strong>Kepyklos<\/strong>: I\u0161pl\u0117skite pasi\u016bl\u0105 originali\u0173 form\u0173 \u0161vie\u017eiais vafliais, kad nustebintum\u0117te klientus.<\/li>\n<li><strong>Maistas vaikams<\/strong>: \u0160eimos renginiuose ar vaikams skirtose vietose \u0161irdies forma ypa\u010d patraukli.<\/li>\n<\/ul>\n<p>Su \u0161iuo <strong>\u0161irdies formos vaflin\u0117<\/strong>, galite pasi\u016blyti unikali\u0173 produkt\u0173, kurie ne tik gerai atrodo, bet ir skonis. Be to, <strong>profesionali elektrin\u0117 vaflin\u0117<\/strong> Jame yra lengvai naudojama temperat\u016bros valdymo sistema, u\u017etikrinanti nepriekai\u0161ting\u0105 gaminim\u0105 kiekvien\u0105 kart\u0105.<\/p>","protected":false},"featured_media":1050,"comment_status":"open","ping_status":"closed","template":"","meta":{"wds_primary_product_brand":0,"wds_primary_product_cat":0},"product_brand":[],"product_cat":[51],"product_tag":[],"class_list":{"0":"post-1043","1":"product","2":"type-product","3":"status-publish","4":"has-post-thumbnail","6":"product_cat-gofreras-profesionales","7":"product_shipping_class-hosteleria","9":"first","10":"instock","11":"taxable","12":"shipping-taxable","13":"purchasable","14":"product-type-simple"},"yoast_head":"<!-- This site is optimized with the Yoast SEO Premium plugin v24.9 (Yoast SEO v26.1) - https:\/\/yoast.com\/wordpress\/plugins\/seo\/ -->\n<title>Gofrera profesional - distribuci\u00f3n ARC<\/title>\n<meta name=\"robots\" content=\"index, follow, max-snippet:-1, max-image-preview:large, max-video-preview:-1\" \/>\n<link rel=\"canonical\" href=\"https:\/\/www.distribucionarc.com\/lt\/producto\/gofrera-profesional\/\" \/>\n<meta property=\"og:locale\" content=\"lt_LT\" \/>\n<meta property=\"og:type\" content=\"article\" \/>\n<meta property=\"og:title\" content=\"Gofrera profesional\" \/>\n<meta property=\"og:description\" content=\"M\u00e1quina para hacer gofres en forma de coraz\u00f3n \u2013 5 porciones con temporizador Nuestra m\u00e1quina para hacer gofres en forma de coraz\u00f3n es la herramienta ideal para crear gofres atractivos y deliciosos en forma de coraz\u00f3n, divididos en 5 porciones. Con un temporizador ajustable de 0 a 5 minutos y un rango de temperatura de 50 a 300 grados cent\u00edgrados (\u00b0C), esta m\u00e1quina garantiza una cocci\u00f3n r\u00e1pida y precisa. El di\u00e1metro del gofre es de 35 cent\u00edmetros (cm), lo que permite crear gofres grandes y atractivos que son perfectos para compartir. Productos que puedes hacer con esta gofrera en forma de coraz\u00f3n:   Gofres tradicionales: Servidos con jarabe, crema o frutas frescas.  Gofres de chocolate: Con trozos de chocolate fundido en la masa.  Gofres sin gluten: Alternativa saludable para personas con intolerancias alimentarias.  Gofres integrales: Perfectos para ofrecer en men\u00fas saludables.  Gofres de avena y pl\u00e1tano: Opci\u00f3n deliciosa y nutritiva.  Gofres salados: Rellenos de queso, jam\u00f3n o espinacas, ideales para brunches.  Mini pizzas de gofre: Variaci\u00f3n creativa usando la forma de coraz\u00f3n para bases de pizza.  Sectores donde se puede implementar esta gofrera de coraz\u00f3n profesional:   Cafeter\u00edas y pasteler\u00edas: Perfecta para atraer a clientes con presentaciones llamativas de gofres dulces y salados.  Restaurantes: Ideal para ofrecer postres y platos especiales en forma de coraz\u00f3n.  Food trucks: Atractiva para ferias y eventos donde los gofres en forma de coraz\u00f3n ser\u00e1n un \u00e9xito.  Hoteles y buffets: Perfecta para ofrecer en desayunos y brunches, con opciones personalizables para los comensales.  Catering y eventos especiales: Como bodas, aniversarios o fiestas tem\u00e1ticas, donde la forma de coraz\u00f3n a\u00f1ade un toque especial.  Panader\u00edas: Ampl\u00eda la oferta con gofres frescos y en formas originales para sorprender a los clientes.  Comidas para ni\u00f1os: En eventos familiares o en locales orientados a ni\u00f1os, la forma de coraz\u00f3n es especialmente atractiva.  Con esta m\u00e1quina de gofres en forma de coraz\u00f3n, puedes ofrecer productos \u00fanicos que no solo se ven bien, sino que tambi\u00e9n tienen un sabor excelente. Adem\u00e1s, la gofrera el\u00e9ctrica profesional cuenta con un sistema de control de temperatura f\u00e1cil de usar, lo que garantiza la cocci\u00f3n perfecta en todo momento.\" \/>\n<meta property=\"og:url\" content=\"https:\/\/www.distribucionarc.com\/lt\/producto\/gofrera-profesional\/\" \/>\n<meta property=\"og:site_name\" content=\"distribuci\u00f3n ARC\" \/>\n<meta property=\"article:modified_time\" content=\"2024-09-05T21:08:07+00:00\" \/>\n<meta property=\"og:image\" content=\"https:\/\/www.distribucionarc.com\/wp-content\/uploads\/2020\/07\/Gofrera-profesional-0.jpg\" \/>\n\t<meta property=\"og:image:width\" content=\"1600\" \/>\n\t<meta property=\"og:image:height\" content=\"1600\" \/>\n\t<meta property=\"og:image:type\" content=\"image\/jpeg\" \/>\n<meta name=\"twitter:card\" content=\"summary_large_image\" \/>\n<meta name=\"twitter:label1\" content=\"Est. reading time\" \/>\n\t<meta name=\"twitter:data1\" content=\"2 minut\u0117s\" \/>\n<script type=\"application\/ld+json\" class=\"yoast-schema-graph\">{\"@context\":\"https:\/\/schema.org\",\"@graph\":[{\"@type\":\"WebPage\",\"@id\":\"https:\/\/www.distribucionarc.com\/lt\/producto\/gofrera-profesional\/\",\"url\":\"https:\/\/www.distribucionarc.com\/lt\/producto\/gofrera-profesional\/\",\"name\":\"Gofrera profesional - distribuci\u00f3n ARC\",\"isPartOf\":{\"@id\":\"https:\/\/www.distribucionarc.com\/sl\/#website\"},\"primaryImageOfPage\":{\"@id\":\"https:\/\/www.distribucionarc.com\/lt\/producto\/gofrera-profesional\/#primaryimage\"},\"image\":{\"@id\":\"https:\/\/www.distribucionarc.com\/lt\/producto\/gofrera-profesional\/#primaryimage\"},\"thumbnailUrl\":\"https:\/\/distribucionarc.com\/wp-content\/uploads\/2020\/07\/Gofrera-profesional-0.jpg\",\"datePublished\":\"2020-07-16T09:25:55+00:00\",\"dateModified\":\"2024-09-05T21:08:07+00:00\",\"breadcrumb\":{\"@id\":\"https:\/\/www.distribucionarc.com\/lt\/producto\/gofrera-profesional\/#breadcrumb\"},\"inLanguage\":\"lt-LT\",\"potentialAction\":[{\"@type\":\"ReadAction\",\"target\":[\"https:\/\/www.distribucionarc.com\/lt\/producto\/gofrera-profesional\/\"]}]},{\"@type\":\"ImageObject\",\"inLanguage\":\"lt-LT\",\"@id\":\"https:\/\/www.distribucionarc.com\/lt\/producto\/gofrera-profesional\/#primaryimage\",\"url\":\"https:\/\/distribucionarc.com\/wp-content\/uploads\/2020\/07\/Gofrera-profesional-0.jpg\",\"contentUrl\":\"https:\/\/distribucionarc.com\/wp-content\/uploads\/2020\/07\/Gofrera-profesional-0.jpg\",\"width\":1600,\"height\":1600,\"caption\":\"Gofrera profesional\"},{\"@type\":\"BreadcrumbList\",\"@id\":\"https:\/\/www.distribucionarc.com\/lt\/producto\/gofrera-profesional\/#breadcrumb\",\"itemListElement\":[{\"@type\":\"ListItem\",\"position\":1,\"name\":\"Portada\",\"item\":\"https:\/\/www.distribucionarc.com\/\"},{\"@type\":\"ListItem\",\"position\":2,\"name\":\"\u00dcr\u00fcnler\",\"item\":\"https:\/\/www.distribucionarc.com\/tr\/magaza\/\"},{\"@type\":\"ListItem\",\"position\":3,\"name\":\"Gofrera profesional\"}]},{\"@type\":\"WebSite\",\"@id\":\"https:\/\/www.distribucionarc.com\/sl\/#website\",\"url\":\"https:\/\/www.distribucionarc.com\/sl\/\",\"name\":\"distribuci\u00f3n ARC\",\"description\":\"Empresa especializada en la fabricaci\u00f3n y distribuci\u00f3n de maquinaria industrial, selladoras de latas, Maquinas de hacer pastillas, Maquinas de cortar carne...\",\"publisher\":{\"@id\":\"https:\/\/www.distribucionarc.com\/sl\/#organization\"},\"potentialAction\":[{\"@type\":\"SearchAction\",\"target\":{\"@type\":\"EntryPoint\",\"urlTemplate\":\"https:\/\/www.distribucionarc.com\/sl\/?s={search_term_string}\"},\"query-input\":{\"@type\":\"PropertyValueSpecification\",\"valueRequired\":true,\"valueName\":\"search_term_string\"}}],\"inLanguage\":\"lt-LT\"},{\"@type\":\"Organization\",\"@id\":\"https:\/\/www.distribucionarc.com\/sl\/#organization\",\"name\":\"Distribuci\u00f3n ARC\",\"url\":\"https:\/\/www.distribucionarc.com\/sl\/\",\"logo\":{\"@type\":\"ImageObject\",\"inLanguage\":\"lt-LT\",\"@id\":\"https:\/\/www.distribucionarc.com\/sl\/#\/schema\/logo\/image\/\",\"url\":\"https:\/\/distribucionarc.com\/wp-content\/uploads\/2024\/10\/distribucion-ARC-COLOR-SIN-FONDO-e1732295305345.png\",\"contentUrl\":\"https:\/\/distribucionarc.com\/wp-content\/uploads\/2024\/10\/distribucion-ARC-COLOR-SIN-FONDO-e1732295305345.png\",\"width\":1164,\"height\":558,\"caption\":\"Distribuci\u00f3n ARC\"},\"image\":{\"@id\":\"https:\/\/www.distribucionarc.com\/sl\/#\/schema\/logo\/image\/\"},\"description\":\"Empresa especializada en la fabricaci\u00f3n y distribuci\u00f3n de maquinaria industrial para los sectores alimentario y farmac\u00e9utico. Nos especializamos en: M\u00e1quinas de cortar carne Fabricaci\u00f3n de comprimidos Sistemas de transporte industrial L\u00edneas de embotellado Dosificadores Y mucho m\u00e1s... Ofrecemos soluciones innovadoras y personalizadas para optimizar los procesos productivos de tu empresa.\",\"email\":\"Admistracion@distribucionarc.com\",\"telephone\":\"+34 643496664\",\"legalName\":\"ARC TECH SOLUTIONS\",\"foundingDate\":\"2024-04-09\",\"vatID\":\"B55480172\",\"numberOfEmployees\":{\"@type\":\"QuantitativeValue\",\"minValue\":\"1\",\"maxValue\":\"10\"}}]}<\/script>\n<!-- \/ Yoast SEO Premium plugin. -->","yoast_head_json":{"title":"Profesionali vaflin\u0117 - ARC platinimas","robots":{"index":"index","follow":"follow","max-snippet":"max-snippet:-1","max-image-preview":"max-image-preview:large","max-video-preview":"max-video-preview:-1"},"canonical":"https:\/\/www.distribucionarc.com\/lt\/producto\/gofrera-profesional\/","og_locale":"lt_LT","og_type":"article","og_title":"Gofrera profesional","og_description":"M\u00e1quina para hacer gofres en forma de coraz\u00f3n \u2013 5 porciones con temporizador Nuestra m\u00e1quina para hacer gofres en forma de coraz\u00f3n es la herramienta ideal para crear gofres atractivos y deliciosos en forma de coraz\u00f3n, divididos en 5 porciones. Con un temporizador ajustable de 0 a 5 minutos y un rango de temperatura de 50 a 300 grados cent\u00edgrados (\u00b0C), esta m\u00e1quina garantiza una cocci\u00f3n r\u00e1pida y precisa. El di\u00e1metro del gofre es de 35 cent\u00edmetros (cm), lo que permite crear gofres grandes y atractivos que son perfectos para compartir. Productos que puedes hacer con esta gofrera en forma de coraz\u00f3n:   Gofres tradicionales: Servidos con jarabe, crema o frutas frescas.  Gofres de chocolate: Con trozos de chocolate fundido en la masa.  Gofres sin gluten: Alternativa saludable para personas con intolerancias alimentarias.  Gofres integrales: Perfectos para ofrecer en men\u00fas saludables.  Gofres de avena y pl\u00e1tano: Opci\u00f3n deliciosa y nutritiva.  Gofres salados: Rellenos de queso, jam\u00f3n o espinacas, ideales para brunches.  Mini pizzas de gofre: Variaci\u00f3n creativa usando la forma de coraz\u00f3n para bases de pizza.  Sectores donde se puede implementar esta gofrera de coraz\u00f3n profesional:   Cafeter\u00edas y pasteler\u00edas: Perfecta para atraer a clientes con presentaciones llamativas de gofres dulces y salados.  Restaurantes: Ideal para ofrecer postres y platos especiales en forma de coraz\u00f3n.  Food trucks: Atractiva para ferias y eventos donde los gofres en forma de coraz\u00f3n ser\u00e1n un \u00e9xito.  Hoteles y buffets: Perfecta para ofrecer en desayunos y brunches, con opciones personalizables para los comensales.  Catering y eventos especiales: Como bodas, aniversarios o fiestas tem\u00e1ticas, donde la forma de coraz\u00f3n a\u00f1ade un toque especial.  Panader\u00edas: Ampl\u00eda la oferta con gofres frescos y en formas originales para sorprender a los clientes.  Comidas para ni\u00f1os: En eventos familiares o en locales orientados a ni\u00f1os, la forma de coraz\u00f3n es especialmente atractiva.  Con esta m\u00e1quina de gofres en forma de coraz\u00f3n, puedes ofrecer productos \u00fanicos que no solo se ven bien, sino que tambi\u00e9n tienen un sabor excelente. Adem\u00e1s, la gofrera el\u00e9ctrica profesional cuenta con un sistema de control de temperatura f\u00e1cil de usar, lo que garantiza la cocci\u00f3n perfecta en todo momento.","og_url":"https:\/\/www.distribucionarc.com\/lt\/producto\/gofrera-profesional\/","og_site_name":"distribuci\u00f3n ARC","article_modified_time":"2024-09-05T21:08:07+00:00","og_image":[{"width":1600,"height":1600,"url":"https:\/\/www.distribucionarc.com\/wp-content\/uploads\/2020\/07\/Gofrera-profesional-0.jpg","type":"image\/jpeg"}],"twitter_card":"summary_large_image","twitter_misc":{"Est. reading time":"2 minut\u0117s"},"schema":{"@context":"https:\/\/schema.org","@graph":[{"@type":"WebPage","@id":"https:\/\/www.distribucionarc.com\/lt\/producto\/gofrera-profesional\/","url":"https:\/\/www.distribucionarc.com\/lt\/producto\/gofrera-profesional\/","name":"Profesionali vaflin\u0117 - ARC platinimas","isPartOf":{"@id":"https:\/\/www.distribucionarc.com\/sl\/#website"},"primaryImageOfPage":{"@id":"https:\/\/www.distribucionarc.com\/lt\/producto\/gofrera-profesional\/#primaryimage"},"image":{"@id":"https:\/\/www.distribucionarc.com\/lt\/producto\/gofrera-profesional\/#primaryimage"},"thumbnailUrl":"https:\/\/distribucionarc.com\/wp-content\/uploads\/2020\/07\/Gofrera-profesional-0.jpg","datePublished":"2020-07-16T09:25:55+00:00","dateModified":"2024-09-05T21:08:07+00:00","breadcrumb":{"@id":"https:\/\/www.distribucionarc.com\/lt\/producto\/gofrera-profesional\/#breadcrumb"},"inLanguage":"lt-LT","potentialAction":[{"@type":"ReadAction","target":["https:\/\/www.distribucionarc.com\/lt\/producto\/gofrera-profesional\/"]}]},{"@type":"ImageObject","inLanguage":"lt-LT","@id":"https:\/\/www.distribucionarc.com\/lt\/producto\/gofrera-profesional\/#primaryimage","url":"https:\/\/distribucionarc.com\/wp-content\/uploads\/2020\/07\/Gofrera-profesional-0.jpg","contentUrl":"https:\/\/distribucionarc.com\/wp-content\/uploads\/2020\/07\/Gofrera-profesional-0.jpg","width":1600,"height":1600,"caption":"Gofrera profesional"},{"@type":"BreadcrumbList","@id":"https:\/\/www.distribucionarc.com\/lt\/producto\/gofrera-profesional\/#breadcrumb","itemListElement":[{"@type":"ListItem","position":1,"name":"Portada","item":"https:\/\/www.distribucionarc.com\/"},{"@type":"ListItem","position":2,"name":"\u00dcr\u00fcnler","item":"https:\/\/www.distribucionarc.com\/tr\/magaza\/"},{"@type":"ListItem","position":3,"name":"Gofrera profesional"}]},{"@type":"WebSite","@id":"https:\/\/www.distribucionarc.com\/sl\/#website","url":"https:\/\/www.distribucionarc.com\/sl\/","name":"ARC paskirstymas","description":"\u012emon\u0117 specializuojasi pramonini\u0173 ma\u0161in\u0173, skardini\u0173 sandarinimo ma\u0161in\u0173, table\u010di\u0173 gamybos ma\u0161in\u0173, m\u0117sos pjaustymo ma\u0161in\u0173 gamyboje ir platinime...","publisher":{"@id":"https:\/\/www.distribucionarc.com\/sl\/#organization"},"potentialAction":[{"@type":"SearchAction","target":{"@type":"EntryPoint","urlTemplate":"https:\/\/www.distribucionarc.com\/sl\/?s={search_term_string}"},"query-input":{"@type":"PropertyValueSpecification","valueRequired":true,"valueName":"search_term_string"}}],"inLanguage":"lt-LT"},{"@type":"Organization","@id":"https:\/\/www.distribucionarc.com\/sl\/#organization","name":"ARC platinimas","url":"https:\/\/www.distribucionarc.com\/sl\/","logo":{"@type":"ImageObject","inLanguage":"lt-LT","@id":"https:\/\/www.distribucionarc.com\/sl\/#\/schema\/logo\/image\/","url":"https:\/\/distribucionarc.com\/wp-content\/uploads\/2024\/10\/distribucion-ARC-COLOR-SIN-FONDO-e1732295305345.png","contentUrl":"https:\/\/distribucionarc.com\/wp-content\/uploads\/2024\/10\/distribucion-ARC-COLOR-SIN-FONDO-e1732295305345.png","width":1164,"height":558,"caption":"Distribuci\u00f3n ARC"},"image":{"@id":"https:\/\/www.distribucionarc.com\/sl\/#\/schema\/logo\/image\/"},"description":"\u012emon\u0117 specializuojasi maisto ir farmacijos sektoriams skirt\u0173 pramonini\u0173 ma\u0161in\u0173 gamyboje ir platinime. M\u016bs\u0173 specializacija: M\u0117sos pjaustymo ma\u0161inos Table\u010di\u0173 gamyba Pramonin\u0117s transportavimo sistemos I\u0161pilstymo linijos Dozatoriai Ir dar daugiau... Si\u016blome novatori\u0161kus ir individualiems poreikiams pritaikytus sprendimus, kad optimizuotume j\u016bs\u0173 \u012fmon\u0117s gamybos procesus.","email":"Admistracion@distribucionarc.com","telephone":"+34 643496664","legalName":"ARC TECH SOLUTIONS","foundingDate":"2024-04-09","vatID":"B55480172","numberOfEmployees":{"@type":"QuantitativeValue","minValue":"1","maxValue":"10"}}]}},"_links":{"self":[{"href":"https:\/\/distribucionarc.com\/lt\/wp-json\/wp\/v2\/product\/1043","targetHints":{"allow":["GET"]}}],"collection":[{"href":"https:\/\/distribucionarc.com\/lt\/wp-json\/wp\/v2\/product"}],"about":[{"href":"https:\/\/distribucionarc.com\/lt\/wp-json\/wp\/v2\/types\/product"}],"replies":[{"embeddable":true,"href":"https:\/\/distribucionarc.com\/lt\/wp-json\/wp\/v2\/comments?post=1043"}],"version-history":[{"count":0,"href":"https:\/\/distribucionarc.com\/lt\/wp-json\/wp\/v2\/product\/1043\/revisions"}],"wp:featuredmedia":[{"embeddable":true,"href":"https:\/\/distribucionarc.com\/lt\/wp-json\/wp\/v2\/media\/1050"}],"wp:attachment":[{"href":"https:\/\/distribucionarc.com\/lt\/wp-json\/wp\/v2\/media?parent=1043"}],"wp:term":[{"taxonomy":"product_brand","embeddable":true,"href":"https:\/\/distribucionarc.com\/lt\/wp-json\/wp\/v2\/product_brand?post=1043"},{"taxonomy":"product_cat","embeddable":true,"href":"https:\/\/distribucionarc.com\/lt\/wp-json\/wp\/v2\/product_cat?post=1043"},{"taxonomy":"product_tag","embeddable":true,"href":"https:\/\/distribucionarc.com\/lt\/wp-json\/wp\/v2\/product_tag?post=1043"}],"curies":[{"name":"wp","href":"https:\/\/api.w.org\/{rel}","templated":true}]}}