{"id":1084,"date":"2020-07-16T12:04:37","date_gmt":"2020-07-16T12:04:37","guid":{"rendered":"https:\/\/distribucionarc.com\/?post_type=product&#038;p=1084"},"modified":"2020-09-27T08:52:14","modified_gmt":"2020-09-27T08:52:14","slug":"vitrina-parodos-dalyvis-karstas-didelis","status":"publish","type":"product","link":"https:\/\/distribucionarc.com\/lt\/producto\/vitrina-expositor-caliente-grande\/","title":{"rendered":"Didel\u0117 kar\u0161ta vitrina"},"content":{"rendered":"<h3>Didel\u0117 kar\u0161ta vitrina<\/h3>\n<p>Jei ie\u0161kote tobulo sprendimo, kaip i\u0161laikyti savo maist\u0105 \u0161ilt\u0105 tiekimo temperat\u016broje kelet\u0105 valand\u0173 \u201edemonstravimo ir pardavimo\u201c vietose, j\u016bs ie\u0161kote<strong>\u00a0\u0161ildytuvai<\/strong>\u00a0ir\u00a0<strong>kar\u0161to maisto vitrinos<\/strong>\u00a0i\u0161\u00a0<strong><span style=\"color: #ff0000;\">KAM<\/span><span style=\"color: #0000ff;\">R<\/span>c<\/strong>. The\u00a0<strong>kar\u0161ta vitrina<\/strong>\u00a0i\u0161\u00a0<strong><span style=\"color: #ff0000;\">KAM<\/span><span style=\"color: #0000ff;\">R<\/span>c<\/strong>\u00a0si\u016blo \u012frangos sprendimus\u00a0<strong>kavin\u0117s<\/strong>,\u00a0<strong>fur\u0161etai<\/strong>, parduotuv\u0117se ir restoranuose.<\/p>\n<p>Tai\u00a0<strong>vitrina<\/strong>\u00a0<strong>kar\u0161ta\u00a0<span style=\"color: #ff0000;\">KAM<\/span><span style=\"color: #0000ff;\">R<\/span>c<\/strong>\u00a0Stalvir\u0161is turi tvirt\u0105 ner\u016bdijan\u010dio plieno r\u0117m\u0105, gr\u016bdinto stiklo sienas ir akrilines duris. Su dideliu stabilumu ir geresniu matomumu. Jame yra lengvai atidaromos durys, gr\u016bdintas stiklas ir magnetinio u\u017edarymo sistema. U\u017etikrina geresn\u012f dur\u0173 sandarum\u0105.<\/p>\n<p>The\u00a0<strong>kar\u0161ta vitrina <span style=\"color: #ff0000;\">KAM<\/span><span style=\"color: #0000ff;\">R<\/span>CVEC36<\/strong> Turi sukam\u0105j\u012f termostatin\u012f valdymo mygtuk\u0105, leid\u017eiant\u012f pasirinkti tinkamiausi\u0105 temperat\u016br\u0105 \u012fvairioms maisto r\u016b\u0161ims. Jis <strong>kar\u0161tas ekranas<\/strong> Jis turi 3 lygius, apatiniame lygyje yra 82 x 33 x 10 cm erdv\u0117, viduriniame - 82 x 31 x 10 cm, o vir\u0161utiniame - 82 x 29 x 10 cm. Pad\u0117klus galima perkelti \u012f vid\u0173 ir i\u0161traukti, tod\u0117l padid\u0117ja j\u0173 talpa <strong>\u0161ildytuvai<\/strong>\u00a0i\u0161<strong>\u00a0kar\u0161tos vitrinos<\/strong>, paprastai turi kibirus maistui ant baro sud\u0117ti, dar vadinam\u0105\u00a0<strong>vitrinos<\/strong>r, juose palaikoma tinkama temperat\u016bra d\u0117l \u0161ilumos, \u012f kuri\u0105 panardinami kibirai. Paprastai\u00a0<strong>kar\u0161tos vitrinos<\/strong>\u00a0Bain-marie turi kanalizacij\u0105, kad b\u016bt\u0173 lengviau pri\u017ei\u016br\u0117ti ir valyti. Taip pat stumdomos durys, kad palaikyt\u0173 temperat\u016br\u0105 ir neeikvotum\u0117te energijos, paver\u010diant j\u0105 a\u00a0<strong>efektyvi vartojimo ma\u0161ina<\/strong>.<\/p>\n<p>Dekoratyvin\u0117s \u0161iltos \u0161viesos daro maist\u0105 patrauklesn\u012f ir patrauklesn\u012f klientui; \u012ejungimo\/i\u0161jungimo jungiklis yra saugesnis, atsparus vandeniui, atsparus dulk\u0117ms ir elektros nutek\u0117jimui; Apa\u010dioje yra alyvos surinkimo d\u0117klas, kuris palengvina ma\u0161inos prie\u017ei\u016br\u0105.<\/p>\n<h6><\/h6>\n<h6><strong>Garantija\u00a0<span style=\"color: #ff0000;\">KAM<\/span><span style=\"color: #0000ff;\">R<\/span>C 2 METAI<\/strong><\/h6>\n<h6><span style=\"color: #008000;\">Efektyvi kar\u0161ta vitrina, ma\u017eos s\u0105naudos 1600w<\/span><\/h6>\n<h6><strong>\u012ftraukta technin\u0117 pagalba.<\/strong><\/h6>\n<p>&nbsp;<\/p>\n<p>&nbsp;<\/p>\n<table role=\"presentation\" width=\"100%\" cellspacing=\"0\" cellpadding=\"0\">\n<tbody>\n<tr>\n<td class=\"attrLabels\">Temperat\u016bra:<\/td>\n<td width=\"50.0%\">30-85\u00baC<\/td>\n<\/tr>\n<tr>\n<td class=\"attrLabels\">Platinimo \u0161alis:<\/td>\n<td width=\"50.0%\">Ispanija, Vokietija, JAV<\/td>\n<td class=\"attrLabels\">Svoris:<\/td>\n<td width=\"50.0%\">36 kg<\/td>\n<\/tr>\n<tr>\n<td class=\"attrLabels\">Prekinis \u017eenklas:<\/td>\n<td width=\"50.0%\">ARC<\/td>\n<td class=\"attrLabels\">Auk\u0161tis:<\/td>\n<td width=\"50.0%\">64 cm<\/td>\n<\/tr>\n<tr>\n<td class=\"attrLabels\">Spalva:<\/td>\n<td width=\"50.0%\">Sidabras<\/td>\n<td class=\"attrLabels\">Ilgas:<\/td>\n<td width=\"50.0%\">90 cm<\/td>\n<\/tr>\n<tr>\n<td class=\"attrLabels\">Produkto tipas:<\/td>\n<td width=\"50.0%\">Kar\u0161ta vitrina<\/td>\n<td class=\"attrLabels\">Platus:<\/td>\n<td width=\"50.0%\">\u00a048 cm<\/td>\n<\/tr>\n<tr>\n<td class=\"attrLabels\">Gamintojo numeris:<\/td>\n<td width=\"50.0%\">ARCVEC36<\/td>\n<td class=\"attrLabels\">Galia:<\/td>\n<td width=\"50.0%\">1600W<\/td>\n<\/tr>\n<tr>\n<td class=\"attrLabels\">Med\u017eiaga:<\/td>\n<td width=\"50.0%\">ner\u016bdijantis plienas, temperat\u016bros reguliatorius, gr\u016bdintas stiklas<\/td>\n<td class=\"attrLabels\">\u012f\u0117jimo \u012ftampa<\/td>\n<td width=\"50.0%\">220V \u2013 60Hz<\/td>\n<\/tr>\n<tr>\n<td class=\"attrLabels\">Lygiai:<\/td>\n<td width=\"50.0%\">\u00a03<\/td>\n<td class=\"attrLabels\">Kabinos dydis:<\/td>\n<td width=\"50.0%\">82 x 33 x 10 cm kiekvienam lygiui<\/td>\n<\/tr>\n<tr>\n<td class=\"attrLabels\">Montavimo \u012frankiai:<\/td>\n<td width=\"50.0%\">Taip<\/td>\n<td class=\"attrLabels\">Garantija:<\/td>\n<td width=\"50.0%\">2 METAI<\/td>\n<\/tr>\n<\/tbody>\n<\/table>","protected":false},"excerpt":{"rendered":"<h2>Didel\u0117 vitrina<\/h2>\n<p>Galite naudoti tai<strong>\u00a0vitrina\u00a0<span style=\"color: #ff0000;\">KAM<\/span><span style=\"color: #0000ff;\">R<\/span>c<\/strong>\u00a0\u012fvairiose valgomojo aplinkose, \u012fskaitant\u00a0<strong>kino teatrai<\/strong>,\u00a0<strong>kepyklos<\/strong>,\u00a0<strong>kavin\u0117s<\/strong>,\u00a0<strong>greito maisto restoranai<\/strong>\u00a0ir daugelis kit\u0173 \u012fstaig\u0173, skirt\u0173\u00a0<strong>svetingumas<\/strong>.<\/p>\n<p>Jis\u00a0<strong>kar\u0161tas ekranas<\/strong>\u00a0Yra 3 atramos lygiai, 3 ner\u016bdijan\u010dio plieno pad\u0117klai, suteikiantys daugiau vietos \u012fvairi\u0173 dyd\u017ei\u0173 maistui laikyti. Dekoratyvin\u0117s \u0161iltos \u0161viesos daro maist\u0105 patrauklesn\u012f ir patrauklesn\u012f. \u012ejungimas \/ i\u0161jungimas<strong>\u00a0kar\u0161ta vitrina<\/strong>\u00a0i\u0161\u00a0<strong><span style=\"color: #ff0000;\">KAM<\/span><span style=\"color: #0000ff;\">R<\/span>c<\/strong>\u00a0Jis yra patikimas ir pagerina saugos koeficient\u0105, taip pailgina prie\u0161prie\u0161inio \u0161ildytuvo tarnavimo laik\u0105; Be skatinimo a\u00a0<strong>efektyvus energijos suvartojimas<\/strong>. Jo apa\u010dioje yra pad\u0117klas alyvai surinkti, kad b\u016bt\u0173 lengviau valyti. Jame yra reguliuojama termostatin\u0117 temperat\u016bra\u00a0<strong><span style=\"color: #ff0000;\">KAM<\/span><span style=\"color: #0000ff;\">R<\/span>CVEC36<\/strong>\u00a0Tai leid\u017eia lengvai reguliuoti temperat\u016br\u0105 pagal skirtingus maisto tipus.<\/p>\n<h6><strong>Garantija\u00a0<span style=\"color: #ff0000;\">KAM<\/span><span style=\"color: #0000ff;\">R<\/span>C 2 METAI<\/strong><\/h6>\n<h6><span style=\"color: #008000;\">Efektyvi kar\u0161ta vitrina, ma\u017eos s\u0105naudos 1600w<\/span><\/h6>\n<p><strong>\u012etraukta technin\u0117 pagalba.<\/strong><\/p>","protected":false},"featured_media":1090,"comment_status":"open","ping_status":"closed","template":"","meta":{"wds_primary_product_brand":0,"wds_primary_product_cat":0},"product_brand":[],"product_cat":[41],"product_tag":[],"class_list":{"0":"post-1084","1":"product","2":"type-product","3":"status-publish","4":"has-post-thumbnail","6":"product_cat-expositor-de-alimentos","7":"product_shipping_class-hosteleria","9":"first","10":"instock","11":"sale","12":"taxable","13":"shipping-taxable","14":"purchasable","15":"product-type-simple"},"yoast_head":"<!-- This site is optimized with the Yoast SEO Premium plugin v24.9 (Yoast SEO v26.1) - https:\/\/yoast.com\/wordpress\/plugins\/seo\/ -->\n<title>Vitrina expositor caliente grande - distribuci\u00f3n ARC<\/title>\n<meta name=\"robots\" content=\"index, follow, max-snippet:-1, max-image-preview:large, max-video-preview:-1\" \/>\n<link rel=\"canonical\" href=\"https:\/\/distribucionarc.com\/lt\/produktas\/vitrina-parodos-dalyvis-karstas-didelis\/\" \/>\n<meta property=\"og:locale\" content=\"lt_LT\" \/>\n<meta property=\"og:type\" content=\"article\" \/>\n<meta property=\"og:title\" content=\"Vitrina expositor caliente grande\" \/>\n<meta property=\"og:description\" content=\"Vitrina expositor grande Puede usar esta\u00a0vitrina expositor de\u00a0ARC\u00a0en una amplia variedad de ambientes gastron\u00f3micos, incluyendo\u00a0cines,\u00a0panader\u00edas,\u00a0cafeter\u00edas,\u00a0restaurantes de comida r\u00e1pida\u00a0y muchos otros establecimientos dedicados a la\u00a0hosteler\u00eda.  El\u00a0expositor caliente\u00a0viene con 3 niveles de soporte, 3 bandejas de acero inoxidable, proporcionando m\u00e1s espacio para almacenar alimentos de diferentes tama\u00f1os. Las luces c\u00e1lidas decorativas permiten que los alimentos sean m\u00e1s atractivos y llamativos. El encendido\/apagado de\u00a0la vitrina caliente\u00a0de\u00a0ARC\u00a0es fiable y mejora el factor de seguridad as\u00ed la vida \u00fatil del calentador de contador; adem\u00e1s de favorecer un\u00a0consumo energ\u00e9tico eficiente. Cuenta con una bandeja en la parte inferior para la recolecci\u00f3n de aceite para facilitar su limpieza. Dispone de una temperatura termost\u00e1tica ajustable, la\u00a0ARCVEC36\u00a0le facilita ajustar la temperatura seg\u00fan los distintos tipos de alimentos. Garant\u00eda\u00a0ARC 2 A\u00d1OS Vitrina expositora caliente eficiente, bajo consumo 1600w Soporte t\u00e9cnico incluido.\" \/>\n<meta property=\"og:url\" content=\"https:\/\/distribucionarc.com\/lt\/produktas\/vitrina-parodos-dalyvis-karstas-didelis\/\" \/>\n<meta property=\"og:site_name\" content=\"distribuci\u00f3n ARC\" \/>\n<meta property=\"article:modified_time\" content=\"2020-09-27T08:52:14+00:00\" \/>\n<meta property=\"og:image\" content=\"https:\/\/distribucionarc.com\/wp-content\/uploads\/2020\/07\/Vitrina-expositor-caliente-36-0.jpg\" \/>\n\t<meta property=\"og:image:width\" content=\"1600\" \/>\n\t<meta property=\"og:image:height\" content=\"1600\" \/>\n\t<meta property=\"og:image:type\" content=\"image\/jpeg\" \/>\n<meta name=\"twitter:card\" content=\"summary_large_image\" \/>\n<meta name=\"twitter:label1\" content=\"Est. reading time\" \/>\n\t<meta name=\"twitter:data1\" content=\"2 minut\u0117s\" \/>\n<script type=\"application\/ld+json\" class=\"yoast-schema-graph\">{\"@context\":\"https:\/\/schema.org\",\"@graph\":[{\"@type\":\"WebPage\",\"@id\":\"https:\/\/distribucionarc.com\/de\/producto\/vitrina-expositor-caliente-grande\/\",\"url\":\"https:\/\/distribucionarc.com\/de\/producto\/vitrina-expositor-caliente-grande\/\",\"name\":\"Vitrina expositor caliente grande - distribuci\u00f3n ARC\",\"isPartOf\":{\"@id\":\"https:\/\/distribucionarc.com\/de\/#website\"},\"primaryImageOfPage\":{\"@id\":\"https:\/\/distribucionarc.com\/de\/producto\/vitrina-expositor-caliente-grande\/#primaryimage\"},\"image\":{\"@id\":\"https:\/\/distribucionarc.com\/de\/producto\/vitrina-expositor-caliente-grande\/#primaryimage\"},\"thumbnailUrl\":\"https:\/\/distribucionarc.com\/wp-content\/uploads\/2020\/07\/Vitrina-expositor-caliente-36-0.jpg\",\"datePublished\":\"2020-07-16T12:04:37+00:00\",\"dateModified\":\"2020-09-27T08:52:14+00:00\",\"breadcrumb\":{\"@id\":\"https:\/\/distribucionarc.com\/de\/producto\/vitrina-expositor-caliente-grande\/#breadcrumb\"},\"inLanguage\":\"lt-LT\",\"potentialAction\":[{\"@type\":\"ReadAction\",\"target\":[\"https:\/\/distribucionarc.com\/de\/producto\/vitrina-expositor-caliente-grande\/\"]}]},{\"@type\":\"ImageObject\",\"inLanguage\":\"lt-LT\",\"@id\":\"https:\/\/distribucionarc.com\/de\/producto\/vitrina-expositor-caliente-grande\/#primaryimage\",\"url\":\"https:\/\/distribucionarc.com\/wp-content\/uploads\/2020\/07\/Vitrina-expositor-caliente-36-0.jpg\",\"contentUrl\":\"https:\/\/distribucionarc.com\/wp-content\/uploads\/2020\/07\/Vitrina-expositor-caliente-36-0.jpg\",\"width\":1600,\"height\":1600,\"caption\":\"Vitrina expositor caliente 36\"},{\"@type\":\"BreadcrumbList\",\"@id\":\"https:\/\/distribucionarc.com\/de\/producto\/vitrina-expositor-caliente-grande\/#breadcrumb\",\"itemListElement\":[{\"@type\":\"ListItem\",\"position\":1,\"name\":\"Portada\",\"item\":\"https:\/\/distribucionarc.com\/pl\/\"},{\"@type\":\"ListItem\",\"position\":2,\"name\":\"Produkty\",\"item\":\"https:\/\/distribucionarc.com\/pl\/shop\/\"},{\"@type\":\"ListItem\",\"position\":3,\"name\":\"Vitrina expositor caliente grande\"}]},{\"@type\":\"WebSite\",\"@id\":\"https:\/\/distribucionarc.com\/de\/#website\",\"url\":\"https:\/\/distribucionarc.com\/de\/\",\"name\":\"distribuci\u00f3n ARC\",\"description\":\"Empresa especializada en la fabricaci\u00f3n y distribuci\u00f3n de maquinaria industrial, selladoras de latas, Maquinas de hacer pastillas, Maquinas de cortar carne...\",\"publisher\":{\"@id\":\"https:\/\/distribucionarc.com\/de\/#organization\"},\"potentialAction\":[{\"@type\":\"SearchAction\",\"target\":{\"@type\":\"EntryPoint\",\"urlTemplate\":\"https:\/\/distribucionarc.com\/de\/?s={search_term_string}\"},\"query-input\":{\"@type\":\"PropertyValueSpecification\",\"valueRequired\":true,\"valueName\":\"search_term_string\"}}],\"inLanguage\":\"lt-LT\"},{\"@type\":\"Organization\",\"@id\":\"https:\/\/distribucionarc.com\/de\/#organization\",\"name\":\"Distribuci\u00f3n ARC\",\"url\":\"https:\/\/distribucionarc.com\/de\/\",\"logo\":{\"@type\":\"ImageObject\",\"inLanguage\":\"lt-LT\",\"@id\":\"https:\/\/distribucionarc.com\/de\/#\/schema\/logo\/image\/\",\"url\":\"https:\/\/distribucionarc.com\/wp-content\/uploads\/2024\/10\/distribucion-ARC-COLOR-SIN-FONDO-e1732295305345.png\",\"contentUrl\":\"https:\/\/distribucionarc.com\/wp-content\/uploads\/2024\/10\/distribucion-ARC-COLOR-SIN-FONDO-e1732295305345.png\",\"width\":1164,\"height\":558,\"caption\":\"Distribuci\u00f3n ARC\"},\"image\":{\"@id\":\"https:\/\/distribucionarc.com\/de\/#\/schema\/logo\/image\/\"},\"description\":\"Empresa especializada en la fabricaci\u00f3n y distribuci\u00f3n de maquinaria industrial para los sectores alimentario y farmac\u00e9utico. Nos especializamos en: M\u00e1quinas de cortar carne Fabricaci\u00f3n de comprimidos Sistemas de transporte industrial L\u00edneas de embotellado Dosificadores Y mucho m\u00e1s... Ofrecemos soluciones innovadoras y personalizadas para optimizar los procesos productivos de tu empresa.\",\"email\":\"Admistracion@distribucionarc.com\",\"telephone\":\"+34 643496664\",\"legalName\":\"ARC TECH SOLUTIONS\",\"foundingDate\":\"2024-04-09\",\"vatID\":\"B55480172\",\"numberOfEmployees\":{\"@type\":\"QuantitativeValue\",\"minValue\":\"1\",\"maxValue\":\"10\"}}]}<\/script>\n<!-- \/ Yoast SEO Premium plugin. -->","yoast_head_json":{"title":"Didel\u0117 kar\u0161ta vitrina \u2013 ARC paskirstymas","robots":{"index":"index","follow":"follow","max-snippet":"max-snippet:-1","max-image-preview":"max-image-preview:large","max-video-preview":"max-video-preview:-1"},"canonical":"https:\/\/distribucionarc.com\/lt\/produktas\/vitrina-parodos-dalyvis-karstas-didelis\/","og_locale":"lt_LT","og_type":"article","og_title":"Vitrina expositor caliente grande","og_description":"Vitrina expositor grande Puede usar esta\u00a0vitrina expositor de\u00a0ARC\u00a0en una amplia variedad de ambientes gastron\u00f3micos, incluyendo\u00a0cines,\u00a0panader\u00edas,\u00a0cafeter\u00edas,\u00a0restaurantes de comida r\u00e1pida\u00a0y muchos otros establecimientos dedicados a la\u00a0hosteler\u00eda.  El\u00a0expositor caliente\u00a0viene con 3 niveles de soporte, 3 bandejas de acero inoxidable, proporcionando m\u00e1s espacio para almacenar alimentos de diferentes tama\u00f1os. Las luces c\u00e1lidas decorativas permiten que los alimentos sean m\u00e1s atractivos y llamativos. El encendido\/apagado de\u00a0la vitrina caliente\u00a0de\u00a0ARC\u00a0es fiable y mejora el factor de seguridad as\u00ed la vida \u00fatil del calentador de contador; adem\u00e1s de favorecer un\u00a0consumo energ\u00e9tico eficiente. Cuenta con una bandeja en la parte inferior para la recolecci\u00f3n de aceite para facilitar su limpieza. Dispone de una temperatura termost\u00e1tica ajustable, la\u00a0ARCVEC36\u00a0le facilita ajustar la temperatura seg\u00fan los distintos tipos de alimentos. Garant\u00eda\u00a0ARC 2 A\u00d1OS Vitrina expositora caliente eficiente, bajo consumo 1600w Soporte t\u00e9cnico incluido.","og_url":"https:\/\/distribucionarc.com\/lt\/produktas\/vitrina-parodos-dalyvis-karstas-didelis\/","og_site_name":"distribuci\u00f3n ARC","article_modified_time":"2020-09-27T08:52:14+00:00","og_image":[{"width":1600,"height":1600,"url":"https:\/\/distribucionarc.com\/wp-content\/uploads\/2020\/07\/Vitrina-expositor-caliente-36-0.jpg","type":"image\/jpeg"}],"twitter_card":"summary_large_image","twitter_misc":{"Est. reading time":"2 minut\u0117s"},"schema":{"@context":"https:\/\/schema.org","@graph":[{"@type":"WebPage","@id":"https:\/\/distribucionarc.com\/de\/producto\/vitrina-expositor-caliente-grande\/","url":"https:\/\/distribucionarc.com\/de\/producto\/vitrina-expositor-caliente-grande\/","name":"Didel\u0117 kar\u0161ta vitrina \u2013 ARC paskirstymas","isPartOf":{"@id":"https:\/\/distribucionarc.com\/de\/#website"},"primaryImageOfPage":{"@id":"https:\/\/distribucionarc.com\/de\/producto\/vitrina-expositor-caliente-grande\/#primaryimage"},"image":{"@id":"https:\/\/distribucionarc.com\/de\/producto\/vitrina-expositor-caliente-grande\/#primaryimage"},"thumbnailUrl":"https:\/\/distribucionarc.com\/wp-content\/uploads\/2020\/07\/Vitrina-expositor-caliente-36-0.jpg","datePublished":"2020-07-16T12:04:37+00:00","dateModified":"2020-09-27T08:52:14+00:00","breadcrumb":{"@id":"https:\/\/distribucionarc.com\/de\/producto\/vitrina-expositor-caliente-grande\/#breadcrumb"},"inLanguage":"lt-LT","potentialAction":[{"@type":"ReadAction","target":["https:\/\/distribucionarc.com\/de\/producto\/vitrina-expositor-caliente-grande\/"]}]},{"@type":"ImageObject","inLanguage":"lt-LT","@id":"https:\/\/distribucionarc.com\/de\/producto\/vitrina-expositor-caliente-grande\/#primaryimage","url":"https:\/\/distribucionarc.com\/wp-content\/uploads\/2020\/07\/Vitrina-expositor-caliente-36-0.jpg","contentUrl":"https:\/\/distribucionarc.com\/wp-content\/uploads\/2020\/07\/Vitrina-expositor-caliente-36-0.jpg","width":1600,"height":1600,"caption":"Vitrina expositor caliente 36"},{"@type":"BreadcrumbList","@id":"https:\/\/distribucionarc.com\/de\/producto\/vitrina-expositor-caliente-grande\/#breadcrumb","itemListElement":[{"@type":"ListItem","position":1,"name":"Portada","item":"https:\/\/distribucionarc.com\/pl\/"},{"@type":"ListItem","position":2,"name":"Produkty","item":"https:\/\/distribucionarc.com\/pl\/shop\/"},{"@type":"ListItem","position":3,"name":"Vitrina expositor caliente grande"}]},{"@type":"WebSite","@id":"https:\/\/distribucionarc.com\/de\/#website","url":"https:\/\/distribucionarc.com\/de\/","name":"ARC paskirstymas","description":"\u012emon\u0117 specializuojasi pramonini\u0173 ma\u0161in\u0173, skardini\u0173 sandarinimo ma\u0161in\u0173, table\u010di\u0173 gamybos ma\u0161in\u0173, m\u0117sos pjaustymo ma\u0161in\u0173 gamyboje ir platinime...","publisher":{"@id":"https:\/\/distribucionarc.com\/de\/#organization"},"potentialAction":[{"@type":"SearchAction","target":{"@type":"EntryPoint","urlTemplate":"https:\/\/distribucionarc.com\/de\/?s={search_term_string}"},"query-input":{"@type":"PropertyValueSpecification","valueRequired":true,"valueName":"search_term_string"}}],"inLanguage":"lt-LT"},{"@type":"Organization","@id":"https:\/\/distribucionarc.com\/de\/#organization","name":"ARC platinimas","url":"https:\/\/distribucionarc.com\/de\/","logo":{"@type":"ImageObject","inLanguage":"lt-LT","@id":"https:\/\/distribucionarc.com\/de\/#\/schema\/logo\/image\/","url":"https:\/\/distribucionarc.com\/wp-content\/uploads\/2024\/10\/distribucion-ARC-COLOR-SIN-FONDO-e1732295305345.png","contentUrl":"https:\/\/distribucionarc.com\/wp-content\/uploads\/2024\/10\/distribucion-ARC-COLOR-SIN-FONDO-e1732295305345.png","width":1164,"height":558,"caption":"Distribuci\u00f3n ARC"},"image":{"@id":"https:\/\/distribucionarc.com\/de\/#\/schema\/logo\/image\/"},"description":"\u012emon\u0117 specializuojasi maisto ir farmacijos sektoriams skirt\u0173 pramonini\u0173 ma\u0161in\u0173 gamyboje ir platinime. M\u016bs\u0173 specializacija: M\u0117sos pjaustymo ma\u0161inos Table\u010di\u0173 gamyba Pramonin\u0117s transportavimo sistemos I\u0161pilstymo linijos Dozatoriai Ir dar daugiau... Si\u016blome novatori\u0161kus ir individualiems poreikiams pritaikytus sprendimus, kad optimizuotume j\u016bs\u0173 \u012fmon\u0117s gamybos procesus.","email":"Admistracion@distribucionarc.com","telephone":"+34 643496664","legalName":"ARC TECH SOLUTIONS","foundingDate":"2024-04-09","vatID":"B55480172","numberOfEmployees":{"@type":"QuantitativeValue","minValue":"1","maxValue":"10"}}]}},"_links":{"self":[{"href":"https:\/\/distribucionarc.com\/lt\/wp-json\/wp\/v2\/product\/1084","targetHints":{"allow":["GET"]}}],"collection":[{"href":"https:\/\/distribucionarc.com\/lt\/wp-json\/wp\/v2\/product"}],"about":[{"href":"https:\/\/distribucionarc.com\/lt\/wp-json\/wp\/v2\/types\/product"}],"replies":[{"embeddable":true,"href":"https:\/\/distribucionarc.com\/lt\/wp-json\/wp\/v2\/comments?post=1084"}],"version-history":[{"count":0,"href":"https:\/\/distribucionarc.com\/lt\/wp-json\/wp\/v2\/product\/1084\/revisions"}],"wp:featuredmedia":[{"embeddable":true,"href":"https:\/\/distribucionarc.com\/lt\/wp-json\/wp\/v2\/media\/1090"}],"wp:attachment":[{"href":"https:\/\/distribucionarc.com\/lt\/wp-json\/wp\/v2\/media?parent=1084"}],"wp:term":[{"taxonomy":"product_brand","embeddable":true,"href":"https:\/\/distribucionarc.com\/lt\/wp-json\/wp\/v2\/product_brand?post=1084"},{"taxonomy":"product_cat","embeddable":true,"href":"https:\/\/distribucionarc.com\/lt\/wp-json\/wp\/v2\/product_cat?post=1084"},{"taxonomy":"product_tag","embeddable":true,"href":"https:\/\/distribucionarc.com\/lt\/wp-json\/wp\/v2\/product_tag?post=1084"}],"curies":[{"name":"wp","href":"https:\/\/api.w.org\/{rel}","templated":true}]}}