{"id":1183,"date":"2020-07-17T14:35:36","date_gmt":"2020-07-17T14:35:36","guid":{"rendered":"https:\/\/distribucionarc.com\/?post_type=product&#038;p=1183"},"modified":"2024-09-08T16:19:06","modified_gmt":"2024-09-08T16:19:06","slug":"elektrinis-vatos-saldainiu-masinukas","status":"publish","type":"product","link":"https:\/\/distribucionarc.com\/lt\/producto\/maquina-algodon-de-azucar-electrica\/","title":{"rendered":"Elektrin\u0117 cukraus vatos ma\u0161ina"},"content":{"rendered":"<h3>Elektrin\u0117 cukraus vatos ma\u0161ina<\/h3>\n<p>Tai\u00a0<strong>cukraus vatos ma\u0161ina<\/strong>\u00a0i\u0161\u00a0<strong><span style=\"color: #ff0000;\">KAM<\/span><span style=\"color: #0000ff;\">R<\/span>c<\/strong>\u00a0Tai leis jums jaustis taip, lyg tur\u0117tum\u0117te du. Su m\u016bs\u0173\u00a0<strong><span style=\"color: #ff0000;\">KAM<\/span><span style=\"color: #0000ff;\">R<\/span>CMAA1<\/strong>, paruo\u0161kite geriausi\u0105 cukraus vat\u0105! Cukraus vatos ma\u0161ina puikiai tinka gimtadienio vakar\u0117liams, kino teatrams, \u0161vent\u0117ms, festivaliams, karnavalams ir mug\u0117ms.<\/p>\n<p>Jame yra \u012fjungimo\/i\u0161jungimo jungiklis, voltmetras, saugiklis ir stiprintuvas. Siekiant u\u017etikrinti ilgaam\u017ei\u0161kum\u0105, taip pat\u00a0<strong>u\u017etikrinti efektyv\u0173 energijos suvartojim\u0105<\/strong>.<\/p>\n<p>Jo ner\u016bdijan\u010dio plieno bakas ir dozatorius palengvina valym\u0105 ir prie\u017ei\u016br\u0105. Didelis ner\u016bdijan\u010dio plieno bakas gali b\u016bti lengvai nuimamas, kad b\u016bt\u0173 lengviau valyti. M\u016bs\u0173\u00a0<strong>cukraus vatos ma\u0161ina<\/strong>\u00a0Jame yra i\u0161imamas ner\u016bdijan\u010dio plieno stal\u010dius, skirtas atsargin\u0117ms dalims ar dozavimo lazdel\u0117mis laikyti netoliese.  Be to, prie ma\u0161inos galite prid\u0117ti skaidraus plastiko burbulo kupol\u0105, kuris leis u\u017etikrinti saugum\u0105 gaminant\u00a0<strong>cukraus vata<\/strong><\/p>\n<p>Su m\u016bs\u0173<strong>\u00a0medviln\u0117s ma\u0161ina\u00a0<span style=\"color: #ff0000;\">KAM<\/span><span style=\"color: #0000ff;\">R<\/span>CMAA1<\/strong>, galite sukurti a\u00a0<strong>cukraus vata<\/strong>\u00a0<strong>auk\u0161\u010diausios kokyb\u0117s per ma\u017eiau nei minut\u0119<\/strong>. Tik su trupu\u010diu cukraus galite pagaminti taip trok\u0161tam\u0105 \u012fvairi\u0173 skoni\u0173 ir spalv\u0173 cukraus vat\u0105. Paruo\u0161kite skanius raudonus, geltonus, m\u0117lynus, \u017ealius, violetinius saldainius...<\/p>\n<h6><strong>Garantija\u00a0<span style=\"color: #ff0000;\">KAM<\/span><span style=\"color: #0000ff;\">R<\/span>c<\/strong><strong> 1 METAI<\/strong><\/h6>\n<h6><span style=\"color: #008000;\"><strong>Veiksminga elektrin\u0117 cukraus vatos ma\u0161ina, ma\u017eos s\u0105naudos 800w<\/strong><\/span><\/h6>\n<h6><strong>\u012ftraukta technin\u0117 pagalba<\/strong><\/h6>\n<p>&nbsp;<\/p>\n<table>\n<thead>\n<tr>\n<th><strong>Charakteristikos<\/strong><\/th>\n<th><strong>Apra\u0161ymas<\/strong><\/th>\n<\/tr>\n<\/thead>\n<tbody>\n<tr>\n<td><strong>Gamintojo numeris<\/strong><\/td>\n<td>ARCMAA1<\/td>\n<\/tr>\n<tr>\n<td><strong>\u0160alys su technine pagalba<\/strong><\/td>\n<td><a href=\"https:\/\/distribucionarc.com\/lt\/techninis-aptarnavimas\/\">Kreipkit\u0117s \u012f technin\u0119 pagalb\u0105 \u010dia<\/a><\/td>\n<\/tr>\n<tr>\n<td><strong>Svoris<\/strong><\/td>\n<td>12,5 kilogramo (kg)<\/td>\n<\/tr>\n<tr>\n<td><strong>Ma\u0161inos matmenys<\/strong><\/td>\n<td>54 centimetrai (cm) x 54 cm x 45 cm<\/td>\n<\/tr>\n<tr>\n<td><strong>Spalva<\/strong><\/td>\n<td>Ro\u017ein\u0117<\/td>\n<\/tr>\n<tr>\n<td><strong>Galia<\/strong><\/td>\n<td>800 vat\u0173 (W)<\/td>\n<\/tr>\n<tr>\n<td><strong>\u012f\u0117jimo \u012ftampa<\/strong><\/td>\n<td>220V \u2013 60Hz \/ 110V \u2013 50Hz<\/td>\n<\/tr>\n<tr>\n<td><strong>Laikas vienai partijai<\/strong><\/td>\n<td>Nuo 30 sekund\u017ei\u0173 iki 1 minut\u0117s vienam k\u016briniui<\/td>\n<\/tr>\n<tr>\n<td><strong>Gamyba<\/strong><\/td>\n<td>Iki 7 vienet\u0173 per minut\u0119<\/td>\n<\/tr>\n<tr>\n<td><strong>Med\u017eiaga<\/strong><\/td>\n<td>Maistui saugus ner\u016bdijantis plienas<\/td>\n<\/tr>\n<tr>\n<td><strong>Montavimo \u012frankiai<\/strong><\/td>\n<td>\u012etraukta<\/td>\n<\/tr>\n<tr>\n<td><strong>Prek\u0117s \u017eenklas<\/strong><\/td>\n<td>ARC<\/td>\n<\/tr>\n<tr>\n<td><strong>Produkto tipas<\/strong><\/td>\n<td>Profesionali cukraus vatos ma\u0161ina su ve\u017eim\u0117liu<\/td>\n<\/tr>\n<tr>\n<td><strong>Ve\u017eim\u0117lio auk\u0161tis<\/strong><\/td>\n<td>54 cm<\/td>\n<\/tr>\n<tr>\n<td><strong>Garantija<\/strong><\/td>\n<td>2 metai<\/td>\n<\/tr>\n<\/tbody>\n<\/table>","protected":false},"excerpt":{"rendered":"<h2><strong>Elektrin\u0117 cukraus vatos ma\u0161ina \u2013 profesionaliam naudojimui<\/strong><\/h2>\n<p>Tai <strong>elektrin\u0117 cukraus vatos ma\u0161ina<\/strong> Jis skirtas profesionaliam naudojimui, idealiai tinka renginiams, mug\u0117ms ir mobilioms maisto \u012fmon\u0117ms. Jo kompakti\u0161kas ir funkcionalus dizainas leid\u017eia greitai ir efektyviai gaminti cukraus vat\u0105, i\u0161laikant gaminio kokyb\u0119 neprarandant grei\u010dio.<\/p>\n<h3>Pagrindin\u0117s savyb\u0117s:<\/h3>\n<ul>\n<li><strong>profesionaliam naudojimui<\/strong>: Sukurta \u012fmon\u0117ms, kurioms reikia dideliu grei\u010diu gaminti cukraus vat\u0105.<\/li>\n<li><strong>Lengva naudoti<\/strong>: Intuityvus valdymo skydelis leid\u017eia reguliuoti temperat\u016br\u0105, kad cukraus vatos tekst\u016bra b\u016bt\u0173 tobula.<\/li>\n<li><strong>Patvari med\u017eiaga<\/strong>: Pagaminta <strong>maistui saugus ner\u016bdijantis plienas<\/strong>, kuris garantuoja gaminio ilgaam\u017ei\u0161kum\u0105 ir saugum\u0105.<\/li>\n<li><strong>Kompakti\u0161kas dydis<\/strong>: Jo konstrukcija yra kompakti\u0161kesn\u0117 nei kit\u0173 ve\u017eim\u0117li\u0173 modeli\u0173, tod\u0117l idealiai tinka ma\u017eoms erdv\u0117ms neprarandant gamybos paj\u0117gum\u0173.<\/li>\n<li><strong>Didelis na\u0161umas<\/strong>: Gali pagaminti didelius cukraus vatos kiekius per trump\u0105 laik\u0105, u\u017etikrinant, kad b\u016bt\u0173 galima dalyvauti dideliuose renginiuose arba didel\u0117s paklausos \u012fmon\u0117se.<\/li>\n<\/ul>\n<h3>Naudojimo pavyzd\u017eiai:<\/h3>\n<ul>\n<li><strong>Mug\u0117s ir festivaliai<\/strong>: Puikiai tinka greitai patiekti cukraus vat\u0105 dideliam skai\u010diui dalyvi\u0173.<\/li>\n<li><strong>Renginiai ir vakar\u0117liai<\/strong>: Idealiai tinka vestuv\u0117ms, gimtadieniams ir \u012fmoni\u0173 renginiams.<\/li>\n<li><strong>Kioskai ir maisto sunkve\u017eimiai<\/strong>: D\u0117l kompakti\u0161kos konstrukcijos \u0161\u012f aparat\u0105 lengva transportuoti ir naudoti greito maisto vietose ar keliaujant.<\/li>\n<li><strong>Kavin\u0117s ir saldumyn\u0173 parduotuv\u0117s<\/strong>: \u012f savo sald\u0173 meniu \u012ftraukite ak\u012f traukian\u010di\u0105 parinkt\u012f.<\/li>\n<\/ul>","protected":false},"featured_media":6043,"comment_status":"open","ping_status":"closed","template":"","meta":{"wds_primary_product_brand":0,"wds_primary_product_cat":0},"product_brand":[],"product_cat":[56],"product_tag":[],"class_list":{"0":"post-1183","1":"product","2":"type-product","3":"status-publish","4":"has-post-thumbnail","6":"product_cat-maquinaria-para-ferias","7":"product_shipping_class-hosteleria","9":"first","10":"instock","11":"taxable","12":"shipping-taxable","13":"purchasable","14":"product-type-simple"},"yoast_head":"<!-- This site is optimized with the Yoast SEO Premium plugin v24.9 (Yoast SEO v26.1) - https:\/\/yoast.com\/wordpress\/plugins\/seo\/ -->\n<title>M\u00e1quina algod\u00f3n de az\u00facar el\u00e9ctrica - distribuci\u00f3n ARC<\/title>\n<meta name=\"robots\" content=\"index, follow, max-snippet:-1, max-image-preview:large, max-video-preview:-1\" \/>\n<link rel=\"canonical\" href=\"https:\/\/distribucionarc.com\/lt\/produktas\/elektrinis-vatos-saldainiu-masinukas\/\" \/>\n<meta property=\"og:locale\" content=\"lt_LT\" \/>\n<meta property=\"og:type\" content=\"article\" \/>\n<meta property=\"og:title\" content=\"M\u00e1quina algod\u00f3n de az\u00facar el\u00e9ctrica\" \/>\n<meta property=\"og:description\" content=\"M\u00e1quina de algod\u00f3n de az\u00facar el\u00e9ctrica \u2013 Uso profesional Esta m\u00e1quina el\u00e9ctrica de algod\u00f3n de az\u00facar est\u00e1 dise\u00f1ada para un uso profesional, ideal para eventos, ferias y negocios de comida m\u00f3vil. Su dise\u00f1o compacto y funcional permite la producci\u00f3n r\u00e1pida y eficiente de algod\u00f3n de az\u00facar, manteniendo la calidad del producto sin comprometer la velocidad. Caracter\u00edsticas principales:   Uso profesional: Dise\u00f1ada para negocios que requieren producir algod\u00f3n de az\u00facar a alta velocidad.  F\u00e1cil de usar: El panel de control intuitivo permite ajustar la temperatura para obtener la textura perfecta de algod\u00f3n de az\u00facar.  Material duradero: Fabricada en acero inoxidable apto para alimentos, lo que garantiza la durabilidad y la seguridad del producto.  Tama\u00f1o compacto: Su dise\u00f1o es m\u00e1s compacto que otros modelos con carrito, lo que la hace ideal para espacios reducidos sin sacrificar la capacidad de producci\u00f3n.  Alto rendimiento: Capaz de producir grandes cantidades de algod\u00f3n de az\u00facar en poco tiempo, asegurando que se puedan atender grandes eventos o negocios con mucha demanda.  Ejemplos de uso:   Ferias y festivales: Perfecta para servir algod\u00f3n de az\u00facar r\u00e1pidamente a una gran cantidad de asistentes.  Eventos y fiestas: Ideal para bodas, fiestas de cumplea\u00f1os y eventos corporativos.  Kioskos y food trucks: Su dise\u00f1o compacto permite que esta m\u00e1quina sea f\u00e1cil de transportar y utilizar en lugares de comida r\u00e1pida o en movimiento.  Cafeter\u00edas y tiendas de dulces: A\u00f1ade una opci\u00f3n llamativa a tu men\u00fa de productos dulces.\" \/>\n<meta property=\"og:url\" content=\"https:\/\/distribucionarc.com\/lt\/produktas\/elektrinis-vatos-saldainiu-masinukas\/\" \/>\n<meta property=\"og:site_name\" content=\"distribuci\u00f3n ARC\" \/>\n<meta property=\"article:modified_time\" content=\"2024-09-08T16:19:06+00:00\" \/>\n<meta property=\"og:image\" content=\"https:\/\/distribucionarc.com\/wp-content\/uploads\/2020\/07\/Maquina-algodon-de-azucar-electrica-imagen-produsto.jpg\" \/>\n\t<meta property=\"og:image:width\" content=\"1600\" \/>\n\t<meta property=\"og:image:height\" content=\"1600\" \/>\n\t<meta property=\"og:image:type\" content=\"image\/jpeg\" \/>\n<meta name=\"twitter:card\" content=\"summary_large_image\" \/>\n<meta name=\"twitter:label1\" content=\"Est. reading time\" \/>\n\t<meta name=\"twitter:data1\" content=\"2 minut\u0117s\" \/>\n<script type=\"application\/ld+json\" class=\"yoast-schema-graph\">{\"@context\":\"https:\/\/schema.org\",\"@graph\":[{\"@type\":\"WebPage\",\"@id\":\"https:\/\/distribucionarc.com\/nl\/producto\/maquina-algodon-de-azucar-electrica\/\",\"url\":\"https:\/\/distribucionarc.com\/nl\/producto\/maquina-algodon-de-azucar-electrica\/\",\"name\":\"M\u00e1quina algod\u00f3n de az\u00facar el\u00e9ctrica - distribuci\u00f3n ARC\",\"isPartOf\":{\"@id\":\"https:\/\/distribucionarc.com\/de\/#website\"},\"primaryImageOfPage\":{\"@id\":\"https:\/\/distribucionarc.com\/nl\/producto\/maquina-algodon-de-azucar-electrica\/#primaryimage\"},\"image\":{\"@id\":\"https:\/\/distribucionarc.com\/nl\/producto\/maquina-algodon-de-azucar-electrica\/#primaryimage\"},\"thumbnailUrl\":\"https:\/\/distribucionarc.com\/wp-content\/uploads\/2020\/07\/Maquina-algodon-de-azucar-electrica-imagen-produsto.jpg\",\"datePublished\":\"2020-07-17T14:35:36+00:00\",\"dateModified\":\"2024-09-08T16:19:06+00:00\",\"breadcrumb\":{\"@id\":\"https:\/\/distribucionarc.com\/nl\/producto\/maquina-algodon-de-azucar-electrica\/#breadcrumb\"},\"inLanguage\":\"lt-LT\",\"potentialAction\":[{\"@type\":\"ReadAction\",\"target\":[\"https:\/\/distribucionarc.com\/nl\/producto\/maquina-algodon-de-azucar-electrica\/\"]}]},{\"@type\":\"ImageObject\",\"inLanguage\":\"lt-LT\",\"@id\":\"https:\/\/distribucionarc.com\/nl\/producto\/maquina-algodon-de-azucar-electrica\/#primaryimage\",\"url\":\"https:\/\/distribucionarc.com\/wp-content\/uploads\/2020\/07\/Maquina-algodon-de-azucar-electrica-imagen-produsto.jpg\",\"contentUrl\":\"https:\/\/distribucionarc.com\/wp-content\/uploads\/2020\/07\/Maquina-algodon-de-azucar-electrica-imagen-produsto.jpg\",\"width\":1600,\"height\":1600},{\"@type\":\"BreadcrumbList\",\"@id\":\"https:\/\/distribucionarc.com\/nl\/producto\/maquina-algodon-de-azucar-electrica\/#breadcrumb\",\"itemListElement\":[{\"@type\":\"ListItem\",\"position\":1,\"name\":\"Portada\",\"item\":\"https:\/\/distribucionarc.com\/pl\/\"},{\"@type\":\"ListItem\",\"position\":2,\"name\":\"Produkty\",\"item\":\"https:\/\/distribucionarc.com\/pl\/shop\/\"},{\"@type\":\"ListItem\",\"position\":3,\"name\":\"M\u00e1quina algod\u00f3n de az\u00facar el\u00e9ctrica\"}]},{\"@type\":\"WebSite\",\"@id\":\"https:\/\/distribucionarc.com\/de\/#website\",\"url\":\"https:\/\/distribucionarc.com\/de\/\",\"name\":\"distribuci\u00f3n ARC\",\"description\":\"Empresa especializada en la fabricaci\u00f3n y distribuci\u00f3n de maquinaria industrial, selladoras de latas, Maquinas de hacer pastillas, Maquinas de cortar carne...\",\"publisher\":{\"@id\":\"https:\/\/distribucionarc.com\/de\/#organization\"},\"potentialAction\":[{\"@type\":\"SearchAction\",\"target\":{\"@type\":\"EntryPoint\",\"urlTemplate\":\"https:\/\/distribucionarc.com\/de\/?s={search_term_string}\"},\"query-input\":{\"@type\":\"PropertyValueSpecification\",\"valueRequired\":true,\"valueName\":\"search_term_string\"}}],\"inLanguage\":\"lt-LT\"},{\"@type\":\"Organization\",\"@id\":\"https:\/\/distribucionarc.com\/de\/#organization\",\"name\":\"Distribuci\u00f3n ARC\",\"url\":\"https:\/\/distribucionarc.com\/de\/\",\"logo\":{\"@type\":\"ImageObject\",\"inLanguage\":\"lt-LT\",\"@id\":\"https:\/\/distribucionarc.com\/de\/#\/schema\/logo\/image\/\",\"url\":\"https:\/\/distribucionarc.com\/wp-content\/uploads\/2024\/10\/distribucion-ARC-COLOR-SIN-FONDO-e1732295305345.png\",\"contentUrl\":\"https:\/\/distribucionarc.com\/wp-content\/uploads\/2024\/10\/distribucion-ARC-COLOR-SIN-FONDO-e1732295305345.png\",\"width\":1164,\"height\":558,\"caption\":\"Distribuci\u00f3n ARC\"},\"image\":{\"@id\":\"https:\/\/distribucionarc.com\/de\/#\/schema\/logo\/image\/\"},\"description\":\"Empresa especializada en la fabricaci\u00f3n y distribuci\u00f3n de maquinaria industrial para los sectores alimentario y farmac\u00e9utico. Nos especializamos en: M\u00e1quinas de cortar carne Fabricaci\u00f3n de comprimidos Sistemas de transporte industrial L\u00edneas de embotellado Dosificadores Y mucho m\u00e1s... Ofrecemos soluciones innovadoras y personalizadas para optimizar los procesos productivos de tu empresa.\",\"email\":\"Admistracion@distribucionarc.com\",\"telephone\":\"+34 643496664\",\"legalName\":\"ARC TECH SOLUTIONS\",\"foundingDate\":\"2024-04-09\",\"vatID\":\"B55480172\",\"numberOfEmployees\":{\"@type\":\"QuantitativeValue\",\"minValue\":\"1\",\"maxValue\":\"10\"}}]}<\/script>\n<!-- \/ Yoast SEO Premium plugin. -->","yoast_head_json":{"title":"Elektrin\u0117 cukraus vatos ma\u0161ina - ARC platinimas","robots":{"index":"index","follow":"follow","max-snippet":"max-snippet:-1","max-image-preview":"max-image-preview:large","max-video-preview":"max-video-preview:-1"},"canonical":"https:\/\/distribucionarc.com\/lt\/produktas\/elektrinis-vatos-saldainiu-masinukas\/","og_locale":"lt_LT","og_type":"article","og_title":"M\u00e1quina algod\u00f3n de az\u00facar el\u00e9ctrica","og_description":"M\u00e1quina de algod\u00f3n de az\u00facar el\u00e9ctrica \u2013 Uso profesional Esta m\u00e1quina el\u00e9ctrica de algod\u00f3n de az\u00facar est\u00e1 dise\u00f1ada para un uso profesional, ideal para eventos, ferias y negocios de comida m\u00f3vil. Su dise\u00f1o compacto y funcional permite la producci\u00f3n r\u00e1pida y eficiente de algod\u00f3n de az\u00facar, manteniendo la calidad del producto sin comprometer la velocidad. Caracter\u00edsticas principales:   Uso profesional: Dise\u00f1ada para negocios que requieren producir algod\u00f3n de az\u00facar a alta velocidad.  F\u00e1cil de usar: El panel de control intuitivo permite ajustar la temperatura para obtener la textura perfecta de algod\u00f3n de az\u00facar.  Material duradero: Fabricada en acero inoxidable apto para alimentos, lo que garantiza la durabilidad y la seguridad del producto.  Tama\u00f1o compacto: Su dise\u00f1o es m\u00e1s compacto que otros modelos con carrito, lo que la hace ideal para espacios reducidos sin sacrificar la capacidad de producci\u00f3n.  Alto rendimiento: Capaz de producir grandes cantidades de algod\u00f3n de az\u00facar en poco tiempo, asegurando que se puedan atender grandes eventos o negocios con mucha demanda.  Ejemplos de uso:   Ferias y festivales: Perfecta para servir algod\u00f3n de az\u00facar r\u00e1pidamente a una gran cantidad de asistentes.  Eventos y fiestas: Ideal para bodas, fiestas de cumplea\u00f1os y eventos corporativos.  Kioskos y food trucks: Su dise\u00f1o compacto permite que esta m\u00e1quina sea f\u00e1cil de transportar y utilizar en lugares de comida r\u00e1pida o en movimiento.  Cafeter\u00edas y tiendas de dulces: A\u00f1ade una opci\u00f3n llamativa a tu men\u00fa de productos dulces.","og_url":"https:\/\/distribucionarc.com\/lt\/produktas\/elektrinis-vatos-saldainiu-masinukas\/","og_site_name":"distribuci\u00f3n ARC","article_modified_time":"2024-09-08T16:19:06+00:00","og_image":[{"width":1600,"height":1600,"url":"https:\/\/distribucionarc.com\/wp-content\/uploads\/2020\/07\/Maquina-algodon-de-azucar-electrica-imagen-produsto.jpg","type":"image\/jpeg"}],"twitter_card":"summary_large_image","twitter_misc":{"Est. reading time":"2 minut\u0117s"},"schema":{"@context":"https:\/\/schema.org","@graph":[{"@type":"WebPage","@id":"https:\/\/distribucionarc.com\/nl\/producto\/maquina-algodon-de-azucar-electrica\/","url":"https:\/\/distribucionarc.com\/nl\/producto\/maquina-algodon-de-azucar-electrica\/","name":"Elektrin\u0117 cukraus vatos ma\u0161ina - ARC platinimas","isPartOf":{"@id":"https:\/\/distribucionarc.com\/de\/#website"},"primaryImageOfPage":{"@id":"https:\/\/distribucionarc.com\/nl\/producto\/maquina-algodon-de-azucar-electrica\/#primaryimage"},"image":{"@id":"https:\/\/distribucionarc.com\/nl\/producto\/maquina-algodon-de-azucar-electrica\/#primaryimage"},"thumbnailUrl":"https:\/\/distribucionarc.com\/wp-content\/uploads\/2020\/07\/Maquina-algodon-de-azucar-electrica-imagen-produsto.jpg","datePublished":"2020-07-17T14:35:36+00:00","dateModified":"2024-09-08T16:19:06+00:00","breadcrumb":{"@id":"https:\/\/distribucionarc.com\/nl\/producto\/maquina-algodon-de-azucar-electrica\/#breadcrumb"},"inLanguage":"lt-LT","potentialAction":[{"@type":"ReadAction","target":["https:\/\/distribucionarc.com\/nl\/producto\/maquina-algodon-de-azucar-electrica\/"]}]},{"@type":"ImageObject","inLanguage":"lt-LT","@id":"https:\/\/distribucionarc.com\/nl\/producto\/maquina-algodon-de-azucar-electrica\/#primaryimage","url":"https:\/\/distribucionarc.com\/wp-content\/uploads\/2020\/07\/Maquina-algodon-de-azucar-electrica-imagen-produsto.jpg","contentUrl":"https:\/\/distribucionarc.com\/wp-content\/uploads\/2020\/07\/Maquina-algodon-de-azucar-electrica-imagen-produsto.jpg","width":1600,"height":1600},{"@type":"BreadcrumbList","@id":"https:\/\/distribucionarc.com\/nl\/producto\/maquina-algodon-de-azucar-electrica\/#breadcrumb","itemListElement":[{"@type":"ListItem","position":1,"name":"Portada","item":"https:\/\/distribucionarc.com\/pl\/"},{"@type":"ListItem","position":2,"name":"Produkty","item":"https:\/\/distribucionarc.com\/pl\/shop\/"},{"@type":"ListItem","position":3,"name":"M\u00e1quina algod\u00f3n de az\u00facar el\u00e9ctrica"}]},{"@type":"WebSite","@id":"https:\/\/distribucionarc.com\/de\/#website","url":"https:\/\/distribucionarc.com\/de\/","name":"ARC paskirstymas","description":"\u012emon\u0117 specializuojasi pramonini\u0173 ma\u0161in\u0173, skardini\u0173 sandarinimo ma\u0161in\u0173, table\u010di\u0173 gamybos ma\u0161in\u0173, m\u0117sos pjaustymo ma\u0161in\u0173 gamyboje ir platinime...","publisher":{"@id":"https:\/\/distribucionarc.com\/de\/#organization"},"potentialAction":[{"@type":"SearchAction","target":{"@type":"EntryPoint","urlTemplate":"https:\/\/distribucionarc.com\/de\/?s={search_term_string}"},"query-input":{"@type":"PropertyValueSpecification","valueRequired":true,"valueName":"search_term_string"}}],"inLanguage":"lt-LT"},{"@type":"Organization","@id":"https:\/\/distribucionarc.com\/de\/#organization","name":"ARC platinimas","url":"https:\/\/distribucionarc.com\/de\/","logo":{"@type":"ImageObject","inLanguage":"lt-LT","@id":"https:\/\/distribucionarc.com\/de\/#\/schema\/logo\/image\/","url":"https:\/\/distribucionarc.com\/wp-content\/uploads\/2024\/10\/distribucion-ARC-COLOR-SIN-FONDO-e1732295305345.png","contentUrl":"https:\/\/distribucionarc.com\/wp-content\/uploads\/2024\/10\/distribucion-ARC-COLOR-SIN-FONDO-e1732295305345.png","width":1164,"height":558,"caption":"Distribuci\u00f3n ARC"},"image":{"@id":"https:\/\/distribucionarc.com\/de\/#\/schema\/logo\/image\/"},"description":"\u012emon\u0117 specializuojasi maisto ir farmacijos sektoriams skirt\u0173 pramonini\u0173 ma\u0161in\u0173 gamyboje ir platinime. M\u016bs\u0173 specializacija: M\u0117sos pjaustymo ma\u0161inos Table\u010di\u0173 gamyba Pramonin\u0117s transportavimo sistemos I\u0161pilstymo linijos Dozatoriai Ir dar daugiau... Si\u016blome novatori\u0161kus ir individualiems poreikiams pritaikytus sprendimus, kad optimizuotume j\u016bs\u0173 \u012fmon\u0117s gamybos procesus.","email":"Admistracion@distribucionarc.com","telephone":"+34 643496664","legalName":"ARC TECH SOLUTIONS","foundingDate":"2024-04-09","vatID":"B55480172","numberOfEmployees":{"@type":"QuantitativeValue","minValue":"1","maxValue":"10"}}]}},"_links":{"self":[{"href":"https:\/\/distribucionarc.com\/lt\/wp-json\/wp\/v2\/product\/1183","targetHints":{"allow":["GET"]}}],"collection":[{"href":"https:\/\/distribucionarc.com\/lt\/wp-json\/wp\/v2\/product"}],"about":[{"href":"https:\/\/distribucionarc.com\/lt\/wp-json\/wp\/v2\/types\/product"}],"replies":[{"embeddable":true,"href":"https:\/\/distribucionarc.com\/lt\/wp-json\/wp\/v2\/comments?post=1183"}],"version-history":[{"count":0,"href":"https:\/\/distribucionarc.com\/lt\/wp-json\/wp\/v2\/product\/1183\/revisions"}],"wp:featuredmedia":[{"embeddable":true,"href":"https:\/\/distribucionarc.com\/lt\/wp-json\/wp\/v2\/media\/6043"}],"wp:attachment":[{"href":"https:\/\/distribucionarc.com\/lt\/wp-json\/wp\/v2\/media?parent=1183"}],"wp:term":[{"taxonomy":"product_brand","embeddable":true,"href":"https:\/\/distribucionarc.com\/lt\/wp-json\/wp\/v2\/product_brand?post=1183"},{"taxonomy":"product_cat","embeddable":true,"href":"https:\/\/distribucionarc.com\/lt\/wp-json\/wp\/v2\/product_cat?post=1183"},{"taxonomy":"product_tag","embeddable":true,"href":"https:\/\/distribucionarc.com\/lt\/wp-json\/wp\/v2\/product_tag?post=1183"}],"curies":[{"name":"wp","href":"https:\/\/api.w.org\/{rel}","templated":true}]}}