{"id":1222,"date":"2020-07-29T12:13:13","date_gmt":"2020-07-29T12:13:13","guid":{"rendered":"https:\/\/distribucionarc.com\/?post_type=product&#038;p=1222"},"modified":"2023-06-04T18:46:28","modified_gmt":"2023-06-04T18:46:28","slug":"profesionalus-elektrinis-trintuvas","status":"publish","type":"product","link":"https:\/\/distribucionarc.com\/lt\/producto\/batidora-electrica-profesional\/","title":{"rendered":"Profesionalus elektrinis mai\u0161ytuvas"},"content":{"rendered":"<h3>1L ner\u016bdijan\u010dio plieno elektrinis mai\u0161ytuvas<\/h3>\n<p>M\u016bs\u0173 <strong>elektrinis mai\u0161ytuvas <span style=\"color: #ff0000;\">KAM<\/span><span style=\"color: #0000ff;\">R<\/span>CBEP1<\/strong> Puikiai tinka kokteiliams, kokteiliams ir kokteiliams gaminti. D\u0117l savo grei\u010dio jis puikiai tinka barams, restoranams, kavin\u0117ms ir kt.<\/p>\n<p>The <strong>elektrinis mai\u0161ytuvas <span style=\"color: #ff0000;\">KAM<\/span><span style=\"color: #0000ff;\">R<\/span>c<\/strong> Jis pagamintas i\u0161 auk\u0161tos kokyb\u0117s ner\u016bdijan\u010dio plieno, tai <strong>blenderis<\/strong> Jis turi eleganti\u0161k\u0105 dizain\u0105, taip pat i\u0161siskiria savo tvirtumu ir ilgaam\u017ei\u0161kumu. Jis turi du grei\u010dio lygius, kad atitikt\u0173 skirtingus gaminimo poreikius. Ner\u016bdijan\u010dio plieno stiklin\u0117 yra 0,7 litro talpos, jos pavir\u0161iuje yra skal\u0117, tod\u0117l matuoti galite lengvai ir patogiai. Neslid\u017eios gumin\u0117s kojel\u0117s padidina mai\u0161ytuvo stabilum\u0105.<\/p>\n<p>Su \u0161iuo <strong>elektrinis mai\u0161ytuvas <span style=\"color: #ff0000;\">KAM<\/span><span style=\"color: #0000ff;\">R<\/span>c<\/strong> Profesionaliam ar m\u0117g\u0117ji\u0161kam naudojimui d\u0117l savo grei\u010dio ir galios jis pasieks optimalius rezultatus.<\/p>\n<h6><strong>Garantija\u00a0<span style=\"color: #ff0000;\">KAM<\/span><span style=\"color: #0000ff;\">R<\/span>c<\/strong><strong>\u00a02 METAI<\/strong><\/h6>\n<h6><span style=\"color: #008000;\">Efektyvus elektrinis mai\u0161ytuvas, ma\u017eas suvartojimas 160w<\/span><\/h6>\n<h6><strong>\u012ftraukta technin\u0117 pagalba<\/strong><\/h6>\n<p>&nbsp;<\/p>\n<table role=\"presentation\" width=\"100%\" cellspacing=\"0\" cellpadding=\"0\">\n<tbody>\n<tr>\n<td class=\"attrLabels\">Greitis:<\/td>\n<td width=\"50.0%\">Nuo 9 000 iki 13 000 aps.\/min<\/td>\n<\/tr>\n<tr>\n<td class=\"attrLabels\">Platinimo \u0161alis:<\/td>\n<td width=\"50.0%\">Ispanija, Vokietija, JAV<\/td>\n<td class=\"attrLabels\">Svoris:<\/td>\n<td width=\"50.0%\">4 kg<\/td>\n<\/tr>\n<tr>\n<td class=\"attrLabels\">Prekinis \u017eenklas:<\/td>\n<td width=\"50.0%\">ARC<\/td>\n<td class=\"attrLabels\">Auk\u0161tis:<\/td>\n<td width=\"50.0%\">52 cm<\/td>\n<\/tr>\n<tr>\n<td class=\"attrLabels\">Spalva:<\/td>\n<td width=\"50.0%\">Sidabras<\/td>\n<td class=\"attrLabels\">Ilgas:<\/td>\n<td width=\"50.0%\">18,5 cm<\/td>\n<\/tr>\n<tr>\n<td class=\"attrLabels\">Produkto tipas:<\/td>\n<td width=\"50.0%\">Profesionalus elektrinis mai\u0161ytuvas<\/td>\n<td class=\"attrLabels\">Platus:<\/td>\n<td width=\"50.0%\">18,5 cm<\/td>\n<\/tr>\n<tr>\n<td class=\"attrLabels\">Gamintojo numeris:<\/td>\n<td width=\"50.0%\">ARCBEP1<\/td>\n<td class=\"attrLabels\">Galia:<\/td>\n<td width=\"50.0%\">160 W<\/td>\n<\/tr>\n<tr>\n<td class=\"attrLabels\">Med\u017eiaga:<\/td>\n<td width=\"50.0%\">ner\u016bdijan\u010dio plieno, visi\u0161kai automatinis<\/td>\n<td class=\"attrLabels\">\u012f\u0117jimo \u012ftampa<\/td>\n<td width=\"50.0%\">220V \u2013 60Hz<\/td>\n<\/tr>\n<tr>\n<td class=\"attrLabels\">Stiklo talpa:<\/td>\n<td width=\"50.0%\">700 ml<\/td>\n<td class=\"attrLabels\">Garantija:<\/td>\n<td width=\"50.0%\">2 METAI<\/td>\n<\/tr>\n<tr>\n<td class=\"attrLabels\">Montavimo \u012frankiai:<\/td>\n<td width=\"50.0%\">Taip<\/td>\n<td class=\"attrLabels\">Gamyba:<\/td>\n<td width=\"50.0%\">1\u20132 min vienam purtymui<\/td>\n<\/tr>\n<\/tbody>\n<\/table>","protected":false},"excerpt":{"rendered":"<h2>1L ner\u016bdijan\u010dio plieno elektrinis mai\u0161ytuvas<\/h2>\n<p>Su <strong>profesionalus elektrinis mai\u0161ytuvas <span style=\"color: #ff0000;\">KAM<\/span><span style=\"color: #0000ff;\">R<\/span>c<\/strong> Galite gaminti kokteilius, kokteilius, kokteilius ir kt. Sutaupykite laiko ir energijos d\u0117l naujausios kartos variklio<\/p>\n<p>The <strong>elektrinis mai\u0161ytuvas <span style=\"color: #ff0000;\">KAM<\/span><span style=\"color: #0000ff;\">R<\/span>CBEP1<\/strong>\u00a0Jis pagamintas i\u0161 auk\u0161tos kokyb\u0117s ner\u016bdijan\u010dio plieno, tai <strong>blenderis<\/strong> Jis turi eleganti\u0161k\u0105 dizain\u0105, taip pat i\u0161siskiria savo tvirtumu ir ilgaam\u017ei\u0161kumu. Ner\u016bdijan\u010dio plieno stiklin\u0117 yra 0,7 litro talpos, jos pavir\u0161iuje yra skal\u0117, tod\u0117l matuoti galite lengvai ir patogiai.<\/p>\n<h6><strong>Garantija\u00a0<span style=\"color: #ff0000;\">KAM<\/span><span style=\"color: #0000ff;\">R<\/span>c<\/strong><strong>\u00a02 METAI<\/strong><\/h6>\n<h6><span style=\"color: #008000;\">Efektyvus elektrinis mai\u0161ytuvas, ma\u017eas suvartojimas 160w<\/span><\/h6>\n<h6><strong>\u012ftraukta technin\u0117 pagalba<\/strong><\/h6>\n<p>&nbsp;<\/p>\n<p>&nbsp;<\/p>","protected":false},"featured_media":1701,"comment_status":"open","ping_status":"closed","template":"","meta":{"wds_primary_product_brand":0,"wds_primary_product_cat":0},"product_brand":[],"product_cat":[56],"product_tag":[],"class_list":{"0":"post-1222","1":"product","2":"type-product","3":"status-publish","4":"has-post-thumbnail","6":"product_cat-maquinaria-para-ferias","7":"product_shipping_class-hosteleria","9":"first","10":"instock","11":"taxable","12":"shipping-taxable","13":"purchasable","14":"product-type-simple"},"yoast_head":"<!-- This site is optimized with the Yoast SEO Premium plugin v24.9 (Yoast SEO v26.1) - https:\/\/yoast.com\/wordpress\/plugins\/seo\/ -->\n<title>Batidora el\u00e9ctrica profesional - distribuci\u00f3n ARC<\/title>\n<meta name=\"robots\" content=\"index, follow, max-snippet:-1, max-image-preview:large, max-video-preview:-1\" \/>\n<link rel=\"canonical\" href=\"https:\/\/www.distribucionarc.com\/fr\/producto\/batidora-electrica-profesional\/\" \/>\n<meta property=\"og:locale\" content=\"lt_LT\" \/>\n<meta property=\"og:type\" content=\"article\" \/>\n<meta property=\"og:title\" content=\"Batidora el\u00e9ctrica profesional\" \/>\n<meta property=\"og:description\" content=\"Batidora el\u00e9ctrica acero inox 1L Con la batidora el\u00e9ctrica profesional ARC podr\u00e1s realizar batidos, smoothies, cocktails etc. Ahorra en tiempo y energ\u00eda gracias a su motor de \u00faltima generaci\u00f3n  La batidora el\u00e9ctrica de ARCBEP1\u00a0est\u00e1 hecha de acero inoxidable de alta calidad, esta licuadora tiene un dise\u00f1o elegante, al igual que tambi\u00e9n destaca por su robustez y durabilidad. El vaso de acero inoxidable tiene una capacidad de 0.7 litros y cuenta con una escala en la superficie para que pueda medir f\u00e1cil y c\u00f3modamente. Garant\u00eda\u00a0ARC\u00a02 A\u00d1OS Batidora el\u00e9ctrica eficiente, bajo consumo 160w soporte t\u00e9cnico incluido &nbsp;  &nbsp;\" \/>\n<meta property=\"og:url\" content=\"https:\/\/www.distribucionarc.com\/fr\/producto\/batidora-electrica-profesional\/\" \/>\n<meta property=\"og:site_name\" content=\"distribuci\u00f3n ARC\" \/>\n<meta property=\"article:modified_time\" content=\"2023-06-04T18:46:28+00:00\" \/>\n<meta property=\"og:image\" content=\"https:\/\/distribucionarc.com\/wp-content\/uploads\/2020\/07\/Batidora-el\u00e9ctrica-profesional-0.jpg\" \/>\n\t<meta property=\"og:image:width\" content=\"1600\" \/>\n\t<meta property=\"og:image:height\" content=\"1600\" \/>\n\t<meta property=\"og:image:type\" content=\"image\/jpeg\" \/>\n<meta name=\"twitter:card\" content=\"summary_large_image\" \/>\n<meta name=\"twitter:label1\" content=\"Est. reading time\" \/>\n\t<meta name=\"twitter:data1\" content=\"1 minut\u0117\" \/>\n<script type=\"application\/ld+json\" class=\"yoast-schema-graph\">{\"@context\":\"https:\/\/schema.org\",\"@graph\":[{\"@type\":\"WebPage\",\"@id\":\"https:\/\/www.distribucionarc.com\/fr\/producto\/batidora-electrica-profesional\/\",\"url\":\"https:\/\/www.distribucionarc.com\/fr\/producto\/batidora-electrica-profesional\/\",\"name\":\"Batidora el\u00e9ctrica profesional - distribuci\u00f3n ARC\",\"isPartOf\":{\"@id\":\"https:\/\/www.distribucionarc.com\/sl\/#website\"},\"primaryImageOfPage\":{\"@id\":\"https:\/\/www.distribucionarc.com\/fr\/producto\/batidora-electrica-profesional\/#primaryimage\"},\"image\":{\"@id\":\"https:\/\/www.distribucionarc.com\/fr\/producto\/batidora-electrica-profesional\/#primaryimage\"},\"thumbnailUrl\":\"https:\/\/distribucionarc.com\/wp-content\/uploads\/2020\/07\/Batidora-el\u00e9ctrica-profesional-0.jpg\",\"datePublished\":\"2020-07-29T12:13:13+00:00\",\"dateModified\":\"2023-06-04T18:46:28+00:00\",\"breadcrumb\":{\"@id\":\"https:\/\/www.distribucionarc.com\/fr\/producto\/batidora-electrica-profesional\/#breadcrumb\"},\"inLanguage\":\"lt-LT\",\"potentialAction\":[{\"@type\":\"ReadAction\",\"target\":[\"https:\/\/www.distribucionarc.com\/fr\/producto\/batidora-electrica-profesional\/\"]}]},{\"@type\":\"ImageObject\",\"inLanguage\":\"lt-LT\",\"@id\":\"https:\/\/www.distribucionarc.com\/fr\/producto\/batidora-electrica-profesional\/#primaryimage\",\"url\":\"https:\/\/distribucionarc.com\/wp-content\/uploads\/2020\/07\/Batidora-el\u00e9ctrica-profesional-0.jpg\",\"contentUrl\":\"https:\/\/distribucionarc.com\/wp-content\/uploads\/2020\/07\/Batidora-el\u00e9ctrica-profesional-0.jpg\",\"width\":1600,\"height\":1600,\"caption\":\"Batidora el\u00e9ctrica profesional\"},{\"@type\":\"BreadcrumbList\",\"@id\":\"https:\/\/www.distribucionarc.com\/fr\/producto\/batidora-electrica-profesional\/#breadcrumb\",\"itemListElement\":[{\"@type\":\"ListItem\",\"position\":1,\"name\":\"Portada\",\"item\":\"https:\/\/www.distribucionarc.com\/\"},{\"@type\":\"ListItem\",\"position\":2,\"name\":\"\u00dcr\u00fcnler\",\"item\":\"https:\/\/www.distribucionarc.com\/tr\/magaza\/\"},{\"@type\":\"ListItem\",\"position\":3,\"name\":\"Batidora el\u00e9ctrica profesional\"}]},{\"@type\":\"WebSite\",\"@id\":\"https:\/\/www.distribucionarc.com\/sl\/#website\",\"url\":\"https:\/\/www.distribucionarc.com\/sl\/\",\"name\":\"distribuci\u00f3n ARC\",\"description\":\"Empresa especializada en la fabricaci\u00f3n y distribuci\u00f3n de maquinaria industrial, selladoras de latas, Maquinas de hacer pastillas, Maquinas de cortar carne...\",\"publisher\":{\"@id\":\"https:\/\/www.distribucionarc.com\/sl\/#organization\"},\"potentialAction\":[{\"@type\":\"SearchAction\",\"target\":{\"@type\":\"EntryPoint\",\"urlTemplate\":\"https:\/\/www.distribucionarc.com\/sl\/?s={search_term_string}\"},\"query-input\":{\"@type\":\"PropertyValueSpecification\",\"valueRequired\":true,\"valueName\":\"search_term_string\"}}],\"inLanguage\":\"lt-LT\"},{\"@type\":\"Organization\",\"@id\":\"https:\/\/www.distribucionarc.com\/sl\/#organization\",\"name\":\"Distribuci\u00f3n ARC\",\"url\":\"https:\/\/www.distribucionarc.com\/sl\/\",\"logo\":{\"@type\":\"ImageObject\",\"inLanguage\":\"lt-LT\",\"@id\":\"https:\/\/www.distribucionarc.com\/sl\/#\/schema\/logo\/image\/\",\"url\":\"https:\/\/distribucionarc.com\/wp-content\/uploads\/2024\/10\/distribucion-ARC-COLOR-SIN-FONDO-e1732295305345.png\",\"contentUrl\":\"https:\/\/distribucionarc.com\/wp-content\/uploads\/2024\/10\/distribucion-ARC-COLOR-SIN-FONDO-e1732295305345.png\",\"width\":1164,\"height\":558,\"caption\":\"Distribuci\u00f3n ARC\"},\"image\":{\"@id\":\"https:\/\/www.distribucionarc.com\/sl\/#\/schema\/logo\/image\/\"},\"description\":\"Empresa especializada en la fabricaci\u00f3n y distribuci\u00f3n de maquinaria industrial para los sectores alimentario y farmac\u00e9utico. Nos especializamos en: M\u00e1quinas de cortar carne Fabricaci\u00f3n de comprimidos Sistemas de transporte industrial L\u00edneas de embotellado Dosificadores Y mucho m\u00e1s... Ofrecemos soluciones innovadoras y personalizadas para optimizar los procesos productivos de tu empresa.\",\"email\":\"Admistracion@distribucionarc.com\",\"telephone\":\"+34 643496664\",\"legalName\":\"ARC TECH SOLUTIONS\",\"foundingDate\":\"2024-04-09\",\"vatID\":\"B55480172\",\"numberOfEmployees\":{\"@type\":\"QuantitativeValue\",\"minValue\":\"1\",\"maxValue\":\"10\"}}]}<\/script>\n<!-- \/ Yoast SEO Premium plugin. -->","yoast_head_json":{"title":"Profesionalus elektrinis mai\u0161ytuvas - ARC paskirstymas","robots":{"index":"index","follow":"follow","max-snippet":"max-snippet:-1","max-image-preview":"max-image-preview:large","max-video-preview":"max-video-preview:-1"},"canonical":"https:\/\/www.distribucionarc.com\/fr\/producto\/batidora-electrica-profesional\/","og_locale":"lt_LT","og_type":"article","og_title":"Batidora el\u00e9ctrica profesional","og_description":"Batidora el\u00e9ctrica acero inox 1L Con la batidora el\u00e9ctrica profesional ARC podr\u00e1s realizar batidos, smoothies, cocktails etc. Ahorra en tiempo y energ\u00eda gracias a su motor de \u00faltima generaci\u00f3n  La batidora el\u00e9ctrica de ARCBEP1\u00a0est\u00e1 hecha de acero inoxidable de alta calidad, esta licuadora tiene un dise\u00f1o elegante, al igual que tambi\u00e9n destaca por su robustez y durabilidad. El vaso de acero inoxidable tiene una capacidad de 0.7 litros y cuenta con una escala en la superficie para que pueda medir f\u00e1cil y c\u00f3modamente. Garant\u00eda\u00a0ARC\u00a02 A\u00d1OS Batidora el\u00e9ctrica eficiente, bajo consumo 160w soporte t\u00e9cnico incluido &nbsp;  &nbsp;","og_url":"https:\/\/www.distribucionarc.com\/fr\/producto\/batidora-electrica-profesional\/","og_site_name":"distribuci\u00f3n ARC","article_modified_time":"2023-06-04T18:46:28+00:00","og_image":[{"width":1600,"height":1600,"url":"https:\/\/distribucionarc.com\/wp-content\/uploads\/2020\/07\/Batidora-el\u00e9ctrica-profesional-0.jpg","type":"image\/jpeg"}],"twitter_card":"summary_large_image","twitter_misc":{"Est. reading time":"1 minut\u0117"},"schema":{"@context":"https:\/\/schema.org","@graph":[{"@type":"WebPage","@id":"https:\/\/www.distribucionarc.com\/fr\/producto\/batidora-electrica-profesional\/","url":"https:\/\/www.distribucionarc.com\/fr\/producto\/batidora-electrica-profesional\/","name":"Profesionalus elektrinis mai\u0161ytuvas - ARC paskirstymas","isPartOf":{"@id":"https:\/\/www.distribucionarc.com\/sl\/#website"},"primaryImageOfPage":{"@id":"https:\/\/www.distribucionarc.com\/fr\/producto\/batidora-electrica-profesional\/#primaryimage"},"image":{"@id":"https:\/\/www.distribucionarc.com\/fr\/producto\/batidora-electrica-profesional\/#primaryimage"},"thumbnailUrl":"https:\/\/distribucionarc.com\/wp-content\/uploads\/2020\/07\/Batidora-el\u00e9ctrica-profesional-0.jpg","datePublished":"2020-07-29T12:13:13+00:00","dateModified":"2023-06-04T18:46:28+00:00","breadcrumb":{"@id":"https:\/\/www.distribucionarc.com\/fr\/producto\/batidora-electrica-profesional\/#breadcrumb"},"inLanguage":"lt-LT","potentialAction":[{"@type":"ReadAction","target":["https:\/\/www.distribucionarc.com\/fr\/producto\/batidora-electrica-profesional\/"]}]},{"@type":"ImageObject","inLanguage":"lt-LT","@id":"https:\/\/www.distribucionarc.com\/fr\/producto\/batidora-electrica-profesional\/#primaryimage","url":"https:\/\/distribucionarc.com\/wp-content\/uploads\/2020\/07\/Batidora-el\u00e9ctrica-profesional-0.jpg","contentUrl":"https:\/\/distribucionarc.com\/wp-content\/uploads\/2020\/07\/Batidora-el\u00e9ctrica-profesional-0.jpg","width":1600,"height":1600,"caption":"Batidora el\u00e9ctrica profesional"},{"@type":"BreadcrumbList","@id":"https:\/\/www.distribucionarc.com\/fr\/producto\/batidora-electrica-profesional\/#breadcrumb","itemListElement":[{"@type":"ListItem","position":1,"name":"Portada","item":"https:\/\/www.distribucionarc.com\/"},{"@type":"ListItem","position":2,"name":"\u00dcr\u00fcnler","item":"https:\/\/www.distribucionarc.com\/tr\/magaza\/"},{"@type":"ListItem","position":3,"name":"Batidora el\u00e9ctrica profesional"}]},{"@type":"WebSite","@id":"https:\/\/www.distribucionarc.com\/sl\/#website","url":"https:\/\/www.distribucionarc.com\/sl\/","name":"ARC paskirstymas","description":"\u012emon\u0117 specializuojasi pramonini\u0173 ma\u0161in\u0173, skardini\u0173 sandarinimo ma\u0161in\u0173, table\u010di\u0173 gamybos ma\u0161in\u0173, m\u0117sos pjaustymo ma\u0161in\u0173 gamyboje ir platinime...","publisher":{"@id":"https:\/\/www.distribucionarc.com\/sl\/#organization"},"potentialAction":[{"@type":"SearchAction","target":{"@type":"EntryPoint","urlTemplate":"https:\/\/www.distribucionarc.com\/sl\/?s={search_term_string}"},"query-input":{"@type":"PropertyValueSpecification","valueRequired":true,"valueName":"search_term_string"}}],"inLanguage":"lt-LT"},{"@type":"Organization","@id":"https:\/\/www.distribucionarc.com\/sl\/#organization","name":"ARC platinimas","url":"https:\/\/www.distribucionarc.com\/sl\/","logo":{"@type":"ImageObject","inLanguage":"lt-LT","@id":"https:\/\/www.distribucionarc.com\/sl\/#\/schema\/logo\/image\/","url":"https:\/\/distribucionarc.com\/wp-content\/uploads\/2024\/10\/distribucion-ARC-COLOR-SIN-FONDO-e1732295305345.png","contentUrl":"https:\/\/distribucionarc.com\/wp-content\/uploads\/2024\/10\/distribucion-ARC-COLOR-SIN-FONDO-e1732295305345.png","width":1164,"height":558,"caption":"Distribuci\u00f3n ARC"},"image":{"@id":"https:\/\/www.distribucionarc.com\/sl\/#\/schema\/logo\/image\/"},"description":"\u012emon\u0117 specializuojasi maisto ir farmacijos sektoriams skirt\u0173 pramonini\u0173 ma\u0161in\u0173 gamyboje ir platinime. M\u016bs\u0173 specializacija: M\u0117sos pjaustymo ma\u0161inos Table\u010di\u0173 gamyba Pramonin\u0117s transportavimo sistemos I\u0161pilstymo linijos Dozatoriai Ir dar daugiau... Si\u016blome novatori\u0161kus ir individualiems poreikiams pritaikytus sprendimus, kad optimizuotume j\u016bs\u0173 \u012fmon\u0117s gamybos procesus.","email":"Admistracion@distribucionarc.com","telephone":"+34 643496664","legalName":"ARC TECH SOLUTIONS","foundingDate":"2024-04-09","vatID":"B55480172","numberOfEmployees":{"@type":"QuantitativeValue","minValue":"1","maxValue":"10"}}]}},"_links":{"self":[{"href":"https:\/\/distribucionarc.com\/lt\/wp-json\/wp\/v2\/product\/1222","targetHints":{"allow":["GET"]}}],"collection":[{"href":"https:\/\/distribucionarc.com\/lt\/wp-json\/wp\/v2\/product"}],"about":[{"href":"https:\/\/distribucionarc.com\/lt\/wp-json\/wp\/v2\/types\/product"}],"replies":[{"embeddable":true,"href":"https:\/\/distribucionarc.com\/lt\/wp-json\/wp\/v2\/comments?post=1222"}],"version-history":[{"count":0,"href":"https:\/\/distribucionarc.com\/lt\/wp-json\/wp\/v2\/product\/1222\/revisions"}],"wp:featuredmedia":[{"embeddable":true,"href":"https:\/\/distribucionarc.com\/lt\/wp-json\/wp\/v2\/media\/1701"}],"wp:attachment":[{"href":"https:\/\/distribucionarc.com\/lt\/wp-json\/wp\/v2\/media?parent=1222"}],"wp:term":[{"taxonomy":"product_brand","embeddable":true,"href":"https:\/\/distribucionarc.com\/lt\/wp-json\/wp\/v2\/product_brand?post=1222"},{"taxonomy":"product_cat","embeddable":true,"href":"https:\/\/distribucionarc.com\/lt\/wp-json\/wp\/v2\/product_cat?post=1222"},{"taxonomy":"product_tag","embeddable":true,"href":"https:\/\/distribucionarc.com\/lt\/wp-json\/wp\/v2\/product_tag?post=1222"}],"curies":[{"name":"wp","href":"https:\/\/api.w.org\/{rel}","templated":true}]}}