{"id":1234,"date":"2020-07-20T08:28:29","date_gmt":"2020-07-20T08:28:29","guid":{"rendered":"https:\/\/distribucionarc.com\/?post_type=product&#038;p=1234"},"modified":"2024-09-08T18:17:58","modified_gmt":"2024-09-08T18:17:58","slug":"sulciu-ir-saltu-gerimu-dozatorius","status":"publish","type":"product","link":"https:\/\/distribucionarc.com\/lt\/producto\/dispensador-de-zumo-y-bebidas-frias\/","title":{"rendered":"Sul\u010di\u0173 ir \u0161alt\u0173 g\u0117rim\u0173 dozatorius"},"content":{"rendered":"<h2>Sul\u010di\u0173 ir \u0161alt\u0173 g\u0117rim\u0173 dozatorius<\/h2>\n<p>Tai <strong>elektrinis dozatorius<\/strong> i\u0161 <strong><span style=\"color: #0000ff;\"><span style=\"color: #ff0000;\">KAM<\/span>R<\/span>c<\/strong> tinka abiem <strong>\u0161alti g\u0117rimai<\/strong> kaip <strong>kar\u0161ta<\/strong>, pavyzd\u017eiui, sojos pienas, kokteilis, kokteilis, jogurtas, kava ir kt. The<strong> dozavimo ma\u0161ina<\/strong> Tinka maitinimo \u012fmon\u0117ms, restoran\u0173 tinklams, parduotuv\u0117ms, vie\u0161bu\u010diams ir kt.<\/p>\n<p>\u012emon\u0117s pagaminta be BPA, atspari sm\u016bgiams, maistui tinkama PC pakuot\u0117 <strong>sul\u010di\u0173 dozatorius<\/strong> i\u0161 <strong><span style=\"color: #ff0000;\">KAM<\/span><span style=\"color: #0000ff;\">R<\/span>c<\/strong> Jie skiriasi nuo trapi\u0173 ABS\/AS bak\u0173. \u0160alt\u0173 g\u0117rim\u0173 dozatoriaus korpusas pagamintas i\u0161 3 sluoksni\u0173, tod\u0117l jis tampa \u012fsp\u016bdingesnis ir suteikia didesn\u012f standum\u0105. Ner\u016bdijan\u010dio plieno garintuvas, u\u017etikrinantis puik\u0173 au\u0161inimo efekt\u0105.<\/p>\n<p><strong>G\u0117rim\u0173 dozatorius<\/strong> su dviem bakeliais, 18L (u\u017e bak\u0105, kompakti\u0161kas ir tuo pa\u010diu galingas. Padidinti mai\u0161ytuvai leid\u017eia efektyviau mai\u0161yti 360\u00b0. Guminiai sandarikliai padeda i\u0161saugoti gamin\u012f ir neleid\u017eia jam i\u0161tek\u0117ti.<\/p>\n<p>Jis <strong>\u0161alt\u0173 g\u0117rim\u0173 dozatorius <span style=\"color: #ff0000;\">KAM<\/span><span style=\"color: #0000ff;\">R<\/span>CDZE1<\/strong>. Jame naudojamas viso vario vamzd\u017eio au\u0161inimo kondensatorius ir didelio na\u0161umo kompresorius ir u\u017etikrina greit\u0105 au\u0161inim\u0105 bei \u0161ildym\u0105. Jis v\u0117sina 5\u201312 \u2103, sunaudodamas tik 100 W, ir \u0161ildo iki 50\u201358 \u2103, sunaudodamas 450 W, nuolat kontroliuojant temperat\u016br\u0105. Jo greitas veikimas ne tik pad\u0117s optimizuoti gamyb\u0105, bet ir<span style=\"color: #008000;\"><strong> skatina ma\u017e\u0105 energijos suvartojim\u0105<\/strong><\/span>.\u00a0<strong> G\u0117rim\u0173 dozatorius<\/strong> Turi atskirus jungiklius, skirtus nepriklausomam mai\u0161ymo, v\u0117sinimo ir \u0161ildymo valdymui. Mai\u0161ymo jungiklis padeda i\u0161vengti nuos\u0117d\u0173 susidarymo bako apa\u010dioje.<\/p>\n<p>ARC dozatorius turi la\u0161eli\u0173 pad\u0117kl\u0105, kur\u012f galima lengvai i\u0161ardyti, kad b\u016bt\u0173 lengva valyti; Specialiai suprojektuoti spyruokliniai g\u0117rim\u0173 i\u0161leidimo angos, leid\u017eian\u010dios naudoti be vargo; Kelios ventiliacijos angos greitam \u0161ilumos i\u0161sklaidymui.<\/p>\n<p>&nbsp;<\/p>\n<h6><strong>Garantija<span style=\"color: #ff0000;\">\u00a0KAM<\/span><span style=\"color: #0000ff;\">R<\/span>C 2 METAI<\/strong><\/h6>\n<h6><span style=\"color: #008000;\">Efektyvus sul\u010di\u0173 ir \u0161alt\u0173 g\u0117rim\u0173 dozatorius, ma\u017eas suvartojimas 450w<\/span><\/h6>\n<h6><strong>\u012ftraukta technin\u0117 pagalba.<\/strong><\/h6>\n<p>&nbsp;<\/p>\n<p>&nbsp;<\/p>\n<table>\n<thead>\n<tr>\n<th><strong>Charakteristikos<\/strong><\/th>\n<th><strong>Apra\u0161ymas<\/strong><\/th>\n<\/tr>\n<\/thead>\n<tbody>\n<tr>\n<td><strong>Gamintojo numeris<\/strong><\/td>\n<td>ARCDZE1<\/td>\n<\/tr>\n<tr>\n<td><strong>\u0160alys su technine pagalba<\/strong><\/td>\n<td><a href=\"https:\/\/distribucionarc.com\/lt\/techninis-aptarnavimas\/\" target=\"_new\" rel=\"noopener\">Kreipkit\u0117s \u012f technin\u0119 pagalb\u0105 \u010dia<\/a><\/td>\n<\/tr>\n<tr>\n<td><strong>Svoris<\/strong><\/td>\n<td>26,6 kilogramo (kg)<\/td>\n<\/tr>\n<tr>\n<td><strong>Ma\u0161inos matmenys<\/strong><\/td>\n<td><strong>Auk\u0161tas<\/strong>ilgis: 68 cm, <strong>Ilgas<\/strong>: 37 cm, <strong>Platus<\/strong>: 54 cm<\/td>\n<\/tr>\n<tr>\n<td><strong>Spalva<\/strong><\/td>\n<td>Sidabras<\/td>\n<\/tr>\n<tr>\n<td><strong>Galia<\/strong><\/td>\n<td>\u0160altas: 100 W \/ kar\u0161tas: 450 W<\/td>\n<\/tr>\n<tr>\n<td><strong>\u012f\u0117jimo \u012ftampa<\/strong><\/td>\n<td>220V \/ 110V \u2013 60Hz<\/td>\n<\/tr>\n<tr>\n<td><strong>Darbin\u0117 temperat\u016bra<\/strong><\/td>\n<td><strong>\u0160alta<\/strong>: 5\u201312 \u00baC \/ <strong>Kar\u0161ta<\/strong>: 50 \u2013 58 \u00baC<\/td>\n<\/tr>\n<tr>\n<td><strong>Skyriai<\/strong><\/td>\n<td>2 nepriklausomi skyriai<\/td>\n<\/tr>\n<tr>\n<td><strong>Kabinos dydis<\/strong><\/td>\n<td>82 cm x 33 cm x 10 cm vienai pakopai<\/td>\n<\/tr>\n<tr>\n<td><strong>Med\u017eiaga<\/strong><\/td>\n<td>Temperat\u016bra kontroliuojama ner\u016bdijan\u010dio plieno ir PC plastiko be BPA<\/td>\n<\/tr>\n<tr>\n<td><strong>Montavimo \u012frankiai<\/strong><\/td>\n<td>\u012etraukta<\/td>\n<\/tr>\n<tr>\n<td><strong>Prek\u0117s \u017eenklas<\/strong><\/td>\n<td>ARC<\/td>\n<\/tr>\n<tr>\n<td><strong>Garantija<\/strong><\/td>\n<td>2 metai<\/td>\n<\/tr>\n<\/tbody>\n<\/table>\n<p>&nbsp;<\/p>","protected":false},"excerpt":{"rendered":"<h2><strong>Profesionalus \u0161alt\u0173 g\u0117rim\u0173 aparatas \u2013 Bendra talpa 24 litrai<\/strong><\/h2>\n<p>Tai <strong>profesionalus \u0161alt\u0173 g\u0117rim\u0173 dozatorius<\/strong> Tai idealiai tinka \u012fmon\u0117ms, kurioms reikia efektyviai patiekti didelius sul\u010di\u0173, gaivi\u0173j\u0173 g\u0117rim\u0173 ir kit\u0173 \u0161alt\u0173 g\u0117rim\u0173 kiekius. Ma\u0161ina turi <strong>du 12 litr\u0173 (L) bakai<\/strong> kiekvienas, leid\u017eiantis a <strong>bendra talpa 24 litrai<\/strong>, u\u017etikrinant, kad vis\u0105 dien\u0105 be pertrauk\u0173 gal\u0117site pasi\u016blyti \u0161alt\u0173 g\u0117rim\u0173.<\/p>\n<h3>Pagrindin\u0117s savyb\u0117s:<\/h3>\n<ul>\n<li><strong>Bendra talpa 24 litrai<\/strong>: Su dviem 12 litr\u0173 talpos bakais, \u0161is aparatas yra sukurtas taip, kad atitikt\u0173 bar\u0173, restoran\u0173, bufet\u0173 ir kit\u0173 \u012fmoni\u0173, kurioms reikalingas didelis kiekis \u0161alt\u0173 g\u0117rim\u0173, poreikius.<\/li>\n<li><strong>dvigubi tankai<\/strong>: suteikia galimyb\u0119 vienu metu patiekti dviej\u0173 skirting\u0173 r\u016b\u0161i\u0173 g\u0117rimus, optimizuojant \u012fvairov\u0119 savo klientams.<\/li>\n<li><strong>Patvari med\u017eiaga<\/strong>: Ma\u0161inos korpusas pagamintas i\u0161 ner\u016bdijan\u010dio plieno, kuris u\u017etikrina ilgaam\u017ei\u0161kum\u0105, atsparum\u0105 korozijai ir lengv\u0105 prie\u017ei\u016br\u0105.<\/li>\n<li><strong>Efektyvi au\u0161inimo sistema<\/strong>: Aparatas turi pa\u017eangi\u0105 au\u0161inimo sistem\u0105, kuri ilg\u0105 laik\u0105 palaiko ideali\u0105 g\u0117rim\u0173 temperat\u016br\u0105.<\/li>\n<li><strong>Intuityvus valdymo pultas<\/strong>: Leid\u017eia tiksliai reguliuoti kiekvieno bako temperat\u016br\u0105, u\u017etikrinant, kad g\u0117rimai visada b\u016bt\u0173 optimaliomis s\u0105lygomis.<\/li>\n<\/ul>\n<h3>Naudojimo pavyzd\u017eiai:<\/h3>\n<ul>\n<li><strong>Restoranai ir kavin\u0117s<\/strong>: Idealiai tinka patiekti pietautojams nat\u016bralias sultis, g\u0117l\u0105 vanden\u012f ar \u0161altus gaiviuosius g\u0117rimus.<\/li>\n<li><strong>\u0160vedi\u0161kas stalas ir renginiai<\/strong>: Puikiai tinka didelio masto renginiams, kur reikia daug \u0161alt\u0173 g\u0117rim\u0173.<\/li>\n<li><strong>Vie\u0161bu\u010diai<\/strong>: Puikus pasirinkimas sve\u010diams pasi\u016blyti \u0161alt\u0173 g\u0117rim\u0173 pusry\u010di\u0173 ar vestibiulio erdv\u0117se.<\/li>\n<li><strong>Savitarnos parduotuv\u0117s<\/strong>: Naudokite j\u012f, nor\u0117dami pasi\u016blyti paruo\u0161t\u0173 sul\u010di\u0173 arba \u0161alt\u0173 g\u0117rim\u0173.<\/li>\n<\/ul>\n<h3>Sektoriai, kuriuose jis gali b\u016bti \u012fgyvendintas:<\/h3>\n<ul>\n<li><strong>Restoran\u0173 tinklai<\/strong>: Idealiai tinka tiems, kuriems reikia nuolatinio \u0161alt\u0173 g\u0117rim\u0173 srauto vis\u0105 dien\u0105.<\/li>\n<li><strong>Kavin\u0117s ir barai<\/strong>: Puikiai tinka vietose, kur patiekiamos \u0161vie\u017eios sultys ir kiti \u0161alti g\u0117rimai.<\/li>\n<li><strong>Renginiai ir maitinimas<\/strong>: D\u0117l kompakti\u0161ko dizaino ir 24 litr\u0173 talpos jis idealiai tinka didelio masto renginiams.<\/li>\n<\/ul>\n<p>&nbsp;<\/p>\n<p>&nbsp;<\/p>","protected":false},"featured_media":6048,"comment_status":"open","ping_status":"closed","template":"","meta":{"wds_primary_product_brand":0,"wds_primary_product_cat":0},"product_brand":[],"product_cat":[57,56],"product_tag":[],"class_list":{"0":"post-1234","1":"product","2":"type-product","3":"status-publish","4":"has-post-thumbnail","6":"product_cat-dosificadores-dispensadores","7":"product_cat-maquinaria-para-ferias","8":"product_shipping_class-hosteleria","10":"first","11":"instock","12":"taxable","13":"shipping-taxable","14":"purchasable","15":"product-type-simple"},"yoast_head":"<!-- This site is optimized with the Yoast SEO Premium plugin v24.9 (Yoast SEO v26.1) - https:\/\/yoast.com\/wordpress\/plugins\/seo\/ -->\n<title>Dispensador de zumo y bebidas fr\u00edas - distribuci\u00f3n ARC<\/title>\n<meta name=\"robots\" content=\"index, follow, max-snippet:-1, max-image-preview:large, max-video-preview:-1\" \/>\n<link rel=\"canonical\" href=\"https:\/\/distribucionarc.com\/lt\/produktas\/sulciu-ir-saltu-gerimu-dozatorius\/\" \/>\n<meta property=\"og:locale\" content=\"lt_LT\" \/>\n<meta property=\"og:type\" content=\"article\" \/>\n<meta property=\"og:title\" content=\"Dispensador de zumo y bebidas fr\u00edas\" \/>\n<meta property=\"og:description\" content=\"M\u00e1quina profesional de bebidas fr\u00edas \u2013 Capacidad total de 24 litros Este dispensador de bebidas fr\u00edas profesional es ideal para negocios que requieren servir grandes cantidades de zumos, refrescos, y otras bebidas fr\u00edas de manera eficiente. La m\u00e1quina cuenta con dos tanques de 12 litros (L) cada uno, lo que permite una capacidad total de 24 litros, garantizando que puedas ofrecer bebidas fr\u00edas durante todo el d\u00eda sin interrupciones. Caracter\u00edsticas principales:   Capacidad total de 24 litros: Con dos tanques de 12 litros, esta m\u00e1quina est\u00e1 dise\u00f1ada para cubrir las necesidades de bares, restaurantes, buffets y otros negocios que requieren un alto volumen de bebidas fr\u00edas.  Tanques dobles: Ofrece la posibilidad de servir dos tipos de bebidas diferentes al mismo tiempo, optimizando la variedad para tus clientes.  Material duradero: El cuerpo de la m\u00e1quina est\u00e1 fabricado en acero inoxidable, lo que garantiza durabilidad, resistencia a la corrosi\u00f3n y f\u00e1cil mantenimiento.  Sistema de enfriamiento eficiente: La m\u00e1quina cuenta con un sistema de refrigeraci\u00f3n avanzado que mantiene las bebidas a la temperatura perfecta durante largos periodos de tiempo.  Panel de control intuitivo: Permite ajustar la temperatura de forma precisa para cada tanque, asegurando que las bebidas est\u00e9n siempre en las condiciones \u00f3ptimas.  Ejemplos de uso:   Restaurantes y cafeter\u00edas: Ideal para servir jugos naturales, agua fresca, o refrescos fr\u00edos a los comensales.  Buffets y eventos: Perfecto para eventos a gran escala donde se requieren grandes cantidades de bebidas fr\u00edas.  Hoteles: Una excelente opci\u00f3n para ofrecer a los hu\u00e9spedes bebidas fr\u00edas en \u00e1reas de desayuno o lobby.  Tiendas de conveniencia: Util\u00edzala para ofrecer jugos o bebidas fr\u00edas listas para llevar.  Sectores donde se puede implementar:   Cadenas de restaurantes: Ideal para aquellos que necesitan un flujo constante de bebidas fr\u00edas durante todo el d\u00eda.  Cafeter\u00edas y bares: Perfecto para lugares donde se sirven jugos frescos y otras bebidas fr\u00edas.  Eventos y catering: El dise\u00f1o compacto y la capacidad de 24 litros lo hacen ideal para eventos de gran escala.  &nbsp;  &nbsp;\" \/>\n<meta property=\"og:url\" content=\"https:\/\/distribucionarc.com\/lt\/produktas\/sulciu-ir-saltu-gerimu-dozatorius\/\" \/>\n<meta property=\"og:site_name\" content=\"distribuci\u00f3n ARC\" \/>\n<meta property=\"article:modified_time\" content=\"2024-09-08T18:17:58+00:00\" \/>\n<meta property=\"og:image\" content=\"https:\/\/distribucionarc.com\/wp-content\/uploads\/2020\/07\/Dispensador-de-zumo-y-bebidas-frias-imagen-de-producto.jpg\" \/>\n\t<meta property=\"og:image:width\" content=\"1600\" \/>\n\t<meta property=\"og:image:height\" content=\"1600\" \/>\n\t<meta property=\"og:image:type\" content=\"image\/jpeg\" \/>\n<meta name=\"twitter:card\" content=\"summary_large_image\" \/>\n<meta name=\"twitter:label1\" content=\"Est. reading time\" \/>\n\t<meta name=\"twitter:data1\" content=\"3 minut\u0117s\" \/>\n<script type=\"application\/ld+json\" class=\"yoast-schema-graph\">{\"@context\":\"https:\/\/schema.org\",\"@graph\":[{\"@type\":\"WebPage\",\"@id\":\"https:\/\/distribucionarc.com\/lt\/producto\/dispensador-de-zumo-y-bebidas-frias\/\",\"url\":\"https:\/\/distribucionarc.com\/lt\/producto\/dispensador-de-zumo-y-bebidas-frias\/\",\"name\":\"Dispensador de zumo y bebidas fr\u00edas - distribuci\u00f3n ARC\",\"isPartOf\":{\"@id\":\"https:\/\/www.distribucionarc.com\/it\/#website\"},\"primaryImageOfPage\":{\"@id\":\"https:\/\/distribucionarc.com\/lt\/producto\/dispensador-de-zumo-y-bebidas-frias\/#primaryimage\"},\"image\":{\"@id\":\"https:\/\/distribucionarc.com\/lt\/producto\/dispensador-de-zumo-y-bebidas-frias\/#primaryimage\"},\"thumbnailUrl\":\"https:\/\/distribucionarc.com\/wp-content\/uploads\/2020\/07\/Dispensador-de-zumo-y-bebidas-frias-imagen-de-producto.jpg\",\"datePublished\":\"2020-07-20T08:28:29+00:00\",\"dateModified\":\"2024-09-08T18:17:58+00:00\",\"breadcrumb\":{\"@id\":\"https:\/\/distribucionarc.com\/lt\/producto\/dispensador-de-zumo-y-bebidas-frias\/#breadcrumb\"},\"inLanguage\":\"lt-LT\",\"potentialAction\":[{\"@type\":\"ReadAction\",\"target\":[\"https:\/\/distribucionarc.com\/lt\/producto\/dispensador-de-zumo-y-bebidas-frias\/\"]}]},{\"@type\":\"ImageObject\",\"inLanguage\":\"lt-LT\",\"@id\":\"https:\/\/distribucionarc.com\/lt\/producto\/dispensador-de-zumo-y-bebidas-frias\/#primaryimage\",\"url\":\"https:\/\/distribucionarc.com\/wp-content\/uploads\/2020\/07\/Dispensador-de-zumo-y-bebidas-frias-imagen-de-producto.jpg\",\"contentUrl\":\"https:\/\/distribucionarc.com\/wp-content\/uploads\/2020\/07\/Dispensador-de-zumo-y-bebidas-frias-imagen-de-producto.jpg\",\"width\":1600,\"height\":1600},{\"@type\":\"BreadcrumbList\",\"@id\":\"https:\/\/distribucionarc.com\/lt\/producto\/dispensador-de-zumo-y-bebidas-frias\/#breadcrumb\",\"itemListElement\":[{\"@type\":\"ListItem\",\"position\":1,\"name\":\"Portada\",\"item\":\"https:\/\/distribucionarc.com\/nl\/\"},{\"@type\":\"ListItem\",\"position\":2,\"name\":\"Productos\",\"item\":\"https:\/\/distribucionarc.com\/shop\/\"},{\"@type\":\"ListItem\",\"position\":3,\"name\":\"Dispensador de zumo y bebidas fr\u00edas\"}]},{\"@type\":\"WebSite\",\"@id\":\"https:\/\/www.distribucionarc.com\/it\/#website\",\"url\":\"https:\/\/www.distribucionarc.com\/it\/\",\"name\":\"distribuci\u00f3n ARC\",\"description\":\"Empresa especializada en la fabricaci\u00f3n y distribuci\u00f3n de maquinaria industrial, selladoras de latas, Maquinas de hacer pastillas, Maquinas de cortar carne...\",\"publisher\":{\"@id\":\"https:\/\/www.distribucionarc.com\/it\/#organization\"},\"potentialAction\":[{\"@type\":\"SearchAction\",\"target\":{\"@type\":\"EntryPoint\",\"urlTemplate\":\"https:\/\/www.distribucionarc.com\/it\/?s={search_term_string}\"},\"query-input\":{\"@type\":\"PropertyValueSpecification\",\"valueRequired\":true,\"valueName\":\"search_term_string\"}}],\"inLanguage\":\"lt-LT\"},{\"@type\":\"Organization\",\"@id\":\"https:\/\/www.distribucionarc.com\/it\/#organization\",\"name\":\"Distribuci\u00f3n ARC\",\"url\":\"https:\/\/www.distribucionarc.com\/it\/\",\"logo\":{\"@type\":\"ImageObject\",\"inLanguage\":\"lt-LT\",\"@id\":\"https:\/\/www.distribucionarc.com\/it\/#\/schema\/logo\/image\/\",\"url\":\"https:\/\/distribucionarc.com\/wp-content\/uploads\/2024\/10\/distribucion-ARC-COLOR-SIN-FONDO-e1732295305345.png\",\"contentUrl\":\"https:\/\/distribucionarc.com\/wp-content\/uploads\/2024\/10\/distribucion-ARC-COLOR-SIN-FONDO-e1732295305345.png\",\"width\":1164,\"height\":558,\"caption\":\"Distribuci\u00f3n ARC\"},\"image\":{\"@id\":\"https:\/\/www.distribucionarc.com\/it\/#\/schema\/logo\/image\/\"},\"description\":\"Empresa especializada en la fabricaci\u00f3n y distribuci\u00f3n de maquinaria industrial para los sectores alimentario y farmac\u00e9utico. Nos especializamos en: M\u00e1quinas de cortar carne Fabricaci\u00f3n de comprimidos Sistemas de transporte industrial L\u00edneas de embotellado Dosificadores Y mucho m\u00e1s... Ofrecemos soluciones innovadoras y personalizadas para optimizar los procesos productivos de tu empresa.\",\"email\":\"Admistracion@distribucionarc.com\",\"telephone\":\"+34 643496664\",\"legalName\":\"ARC TECH SOLUTIONS\",\"foundingDate\":\"2024-04-09\",\"vatID\":\"B55480172\",\"numberOfEmployees\":{\"@type\":\"QuantitativeValue\",\"minValue\":\"1\",\"maxValue\":\"10\"}}]}<\/script>\n<!-- \/ Yoast SEO Premium plugin. -->","yoast_head_json":{"title":"Sul\u010di\u0173 ir \u0161alt\u0173 g\u0117rim\u0173 dozatorius - ARC platinimas","robots":{"index":"index","follow":"follow","max-snippet":"max-snippet:-1","max-image-preview":"max-image-preview:large","max-video-preview":"max-video-preview:-1"},"canonical":"https:\/\/distribucionarc.com\/lt\/produktas\/sulciu-ir-saltu-gerimu-dozatorius\/","og_locale":"lt_LT","og_type":"article","og_title":"Dispensador de zumo y bebidas fr\u00edas","og_description":"M\u00e1quina profesional de bebidas fr\u00edas \u2013 Capacidad total de 24 litros Este dispensador de bebidas fr\u00edas profesional es ideal para negocios que requieren servir grandes cantidades de zumos, refrescos, y otras bebidas fr\u00edas de manera eficiente. La m\u00e1quina cuenta con dos tanques de 12 litros (L) cada uno, lo que permite una capacidad total de 24 litros, garantizando que puedas ofrecer bebidas fr\u00edas durante todo el d\u00eda sin interrupciones. Caracter\u00edsticas principales:   Capacidad total de 24 litros: Con dos tanques de 12 litros, esta m\u00e1quina est\u00e1 dise\u00f1ada para cubrir las necesidades de bares, restaurantes, buffets y otros negocios que requieren un alto volumen de bebidas fr\u00edas.  Tanques dobles: Ofrece la posibilidad de servir dos tipos de bebidas diferentes al mismo tiempo, optimizando la variedad para tus clientes.  Material duradero: El cuerpo de la m\u00e1quina est\u00e1 fabricado en acero inoxidable, lo que garantiza durabilidad, resistencia a la corrosi\u00f3n y f\u00e1cil mantenimiento.  Sistema de enfriamiento eficiente: La m\u00e1quina cuenta con un sistema de refrigeraci\u00f3n avanzado que mantiene las bebidas a la temperatura perfecta durante largos periodos de tiempo.  Panel de control intuitivo: Permite ajustar la temperatura de forma precisa para cada tanque, asegurando que las bebidas est\u00e9n siempre en las condiciones \u00f3ptimas.  Ejemplos de uso:   Restaurantes y cafeter\u00edas: Ideal para servir jugos naturales, agua fresca, o refrescos fr\u00edos a los comensales.  Buffets y eventos: Perfecto para eventos a gran escala donde se requieren grandes cantidades de bebidas fr\u00edas.  Hoteles: Una excelente opci\u00f3n para ofrecer a los hu\u00e9spedes bebidas fr\u00edas en \u00e1reas de desayuno o lobby.  Tiendas de conveniencia: Util\u00edzala para ofrecer jugos o bebidas fr\u00edas listas para llevar.  Sectores donde se puede implementar:   Cadenas de restaurantes: Ideal para aquellos que necesitan un flujo constante de bebidas fr\u00edas durante todo el d\u00eda.  Cafeter\u00edas y bares: Perfecto para lugares donde se sirven jugos frescos y otras bebidas fr\u00edas.  Eventos y catering: El dise\u00f1o compacto y la capacidad de 24 litros lo hacen ideal para eventos de gran escala.  &nbsp;  &nbsp;","og_url":"https:\/\/distribucionarc.com\/lt\/produktas\/sulciu-ir-saltu-gerimu-dozatorius\/","og_site_name":"distribuci\u00f3n ARC","article_modified_time":"2024-09-08T18:17:58+00:00","og_image":[{"width":1600,"height":1600,"url":"https:\/\/distribucionarc.com\/wp-content\/uploads\/2020\/07\/Dispensador-de-zumo-y-bebidas-frias-imagen-de-producto.jpg","type":"image\/jpeg"}],"twitter_card":"summary_large_image","twitter_misc":{"Est. reading time":"3 minut\u0117s"},"schema":{"@context":"https:\/\/schema.org","@graph":[{"@type":"WebPage","@id":"https:\/\/distribucionarc.com\/lt\/producto\/dispensador-de-zumo-y-bebidas-frias\/","url":"https:\/\/distribucionarc.com\/lt\/producto\/dispensador-de-zumo-y-bebidas-frias\/","name":"Sul\u010di\u0173 ir \u0161alt\u0173 g\u0117rim\u0173 dozatorius - ARC platinimas","isPartOf":{"@id":"https:\/\/www.distribucionarc.com\/it\/#website"},"primaryImageOfPage":{"@id":"https:\/\/distribucionarc.com\/lt\/producto\/dispensador-de-zumo-y-bebidas-frias\/#primaryimage"},"image":{"@id":"https:\/\/distribucionarc.com\/lt\/producto\/dispensador-de-zumo-y-bebidas-frias\/#primaryimage"},"thumbnailUrl":"https:\/\/distribucionarc.com\/wp-content\/uploads\/2020\/07\/Dispensador-de-zumo-y-bebidas-frias-imagen-de-producto.jpg","datePublished":"2020-07-20T08:28:29+00:00","dateModified":"2024-09-08T18:17:58+00:00","breadcrumb":{"@id":"https:\/\/distribucionarc.com\/lt\/producto\/dispensador-de-zumo-y-bebidas-frias\/#breadcrumb"},"inLanguage":"lt-LT","potentialAction":[{"@type":"ReadAction","target":["https:\/\/distribucionarc.com\/lt\/producto\/dispensador-de-zumo-y-bebidas-frias\/"]}]},{"@type":"ImageObject","inLanguage":"lt-LT","@id":"https:\/\/distribucionarc.com\/lt\/producto\/dispensador-de-zumo-y-bebidas-frias\/#primaryimage","url":"https:\/\/distribucionarc.com\/wp-content\/uploads\/2020\/07\/Dispensador-de-zumo-y-bebidas-frias-imagen-de-producto.jpg","contentUrl":"https:\/\/distribucionarc.com\/wp-content\/uploads\/2020\/07\/Dispensador-de-zumo-y-bebidas-frias-imagen-de-producto.jpg","width":1600,"height":1600},{"@type":"BreadcrumbList","@id":"https:\/\/distribucionarc.com\/lt\/producto\/dispensador-de-zumo-y-bebidas-frias\/#breadcrumb","itemListElement":[{"@type":"ListItem","position":1,"name":"Portada","item":"https:\/\/distribucionarc.com\/nl\/"},{"@type":"ListItem","position":2,"name":"Productos","item":"https:\/\/distribucionarc.com\/shop\/"},{"@type":"ListItem","position":3,"name":"Dispensador de zumo y bebidas fr\u00edas"}]},{"@type":"WebSite","@id":"https:\/\/www.distribucionarc.com\/it\/#website","url":"https:\/\/www.distribucionarc.com\/it\/","name":"ARC paskirstymas","description":"\u012emon\u0117 specializuojasi pramonini\u0173 ma\u0161in\u0173, skardini\u0173 sandarinimo ma\u0161in\u0173, table\u010di\u0173 gamybos ma\u0161in\u0173, m\u0117sos pjaustymo ma\u0161in\u0173 gamyboje ir platinime...","publisher":{"@id":"https:\/\/www.distribucionarc.com\/it\/#organization"},"potentialAction":[{"@type":"SearchAction","target":{"@type":"EntryPoint","urlTemplate":"https:\/\/www.distribucionarc.com\/it\/?s={search_term_string}"},"query-input":{"@type":"PropertyValueSpecification","valueRequired":true,"valueName":"search_term_string"}}],"inLanguage":"lt-LT"},{"@type":"Organization","@id":"https:\/\/www.distribucionarc.com\/it\/#organization","name":"ARC platinimas","url":"https:\/\/www.distribucionarc.com\/it\/","logo":{"@type":"ImageObject","inLanguage":"lt-LT","@id":"https:\/\/www.distribucionarc.com\/it\/#\/schema\/logo\/image\/","url":"https:\/\/distribucionarc.com\/wp-content\/uploads\/2024\/10\/distribucion-ARC-COLOR-SIN-FONDO-e1732295305345.png","contentUrl":"https:\/\/distribucionarc.com\/wp-content\/uploads\/2024\/10\/distribucion-ARC-COLOR-SIN-FONDO-e1732295305345.png","width":1164,"height":558,"caption":"Distribuci\u00f3n ARC"},"image":{"@id":"https:\/\/www.distribucionarc.com\/it\/#\/schema\/logo\/image\/"},"description":"\u012emon\u0117 specializuojasi maisto ir farmacijos sektoriams skirt\u0173 pramonini\u0173 ma\u0161in\u0173 gamyboje ir platinime. M\u016bs\u0173 specializacija: M\u0117sos pjaustymo ma\u0161inos Table\u010di\u0173 gamyba Pramonin\u0117s transportavimo sistemos I\u0161pilstymo linijos Dozatoriai Ir dar daugiau... Si\u016blome novatori\u0161kus ir individualiems poreikiams pritaikytus sprendimus, kad optimizuotume j\u016bs\u0173 \u012fmon\u0117s gamybos procesus.","email":"Admistracion@distribucionarc.com","telephone":"+34 643496664","legalName":"ARC TECH SOLUTIONS","foundingDate":"2024-04-09","vatID":"B55480172","numberOfEmployees":{"@type":"QuantitativeValue","minValue":"1","maxValue":"10"}}]}},"_links":{"self":[{"href":"https:\/\/distribucionarc.com\/lt\/wp-json\/wp\/v2\/product\/1234","targetHints":{"allow":["GET"]}}],"collection":[{"href":"https:\/\/distribucionarc.com\/lt\/wp-json\/wp\/v2\/product"}],"about":[{"href":"https:\/\/distribucionarc.com\/lt\/wp-json\/wp\/v2\/types\/product"}],"replies":[{"embeddable":true,"href":"https:\/\/distribucionarc.com\/lt\/wp-json\/wp\/v2\/comments?post=1234"}],"version-history":[{"count":0,"href":"https:\/\/distribucionarc.com\/lt\/wp-json\/wp\/v2\/product\/1234\/revisions"}],"wp:featuredmedia":[{"embeddable":true,"href":"https:\/\/distribucionarc.com\/lt\/wp-json\/wp\/v2\/media\/6048"}],"wp:attachment":[{"href":"https:\/\/distribucionarc.com\/lt\/wp-json\/wp\/v2\/media?parent=1234"}],"wp:term":[{"taxonomy":"product_brand","embeddable":true,"href":"https:\/\/distribucionarc.com\/lt\/wp-json\/wp\/v2\/product_brand?post=1234"},{"taxonomy":"product_cat","embeddable":true,"href":"https:\/\/distribucionarc.com\/lt\/wp-json\/wp\/v2\/product_cat?post=1234"},{"taxonomy":"product_tag","embeddable":true,"href":"https:\/\/distribucionarc.com\/lt\/wp-json\/wp\/v2\/product_tag?post=1234"}],"curies":[{"name":"wp","href":"https:\/\/api.w.org\/{rel}","templated":true}]}}