{"id":1251,"date":"2020-07-20T12:34:21","date_gmt":"2020-07-20T12:34:21","guid":{"rendered":"https:\/\/distribucionarc.com\/?post_type=product&#038;p=1251"},"modified":"2024-09-08T19:29:04","modified_gmt":"2024-09-08T19:29:04","slug":"masina-ledai-20l","status":"publish","type":"product","link":"https:\/\/distribucionarc.com\/lt\/producto\/maquina-para-hacer-helados-20l\/","title":{"rendered":"20L led\u0173 gaminimo ma\u0161ina"},"content":{"rendered":"<h3>20L led\u0173 gaminimo ma\u0161ina<\/h3>\n<p>Tai <strong>komercin\u0117 led\u0173 ma\u0161ina <span style=\"color: #ff0000;\">KAM<span style=\"color: #0000ff;\">R<\/span><\/span>c<\/strong> Jis pasi\u017eymi itin dideliu au\u0161inimo cilindru ir greitu u\u017e\u0161aldymu, gali pagaminti 10 l led\u0173 per 30 minu\u010di\u0173, 20 l \u2013 per 1 valand\u0105.<\/p>\n<p>The <strong>led\u0173 ma\u0161ina <span style=\"color: #ff0000;\">KAM<\/span><span style=\"color: #0000ff;\">R<\/span>CMH01<\/strong> Jis pagamintas i\u0161 auk\u0161tos kokyb\u0117s ner\u016bdijan\u010dio plieno, yra tvirtas ir eleganti\u0161kas. Jis taip pat yra antioksidantas ir labai lengvai valomas.<\/p>\n<p>Temperat\u016bra, kietumas ir led\u0173 kiekis, gautas naudojant <strong>led\u0173 ma\u0161ina <span style=\"color: #ff0000;\">KAM<\/span><span style=\"color: #0000ff;\">R<\/span>c<\/strong> Jie gali b\u016bti rodomi ekrane, kad b\u016bt\u0173 galima tiesiogiai steb\u0117ti. Be to, valymas vienu prisilietimu atlieka greit\u0105 ir automatin\u012f ma\u0161inos valym\u0105.<\/p>\n<p>Tai <strong>profesionalus led\u0173 aparatas <\/strong>i\u0161<strong> <span style=\"color: #ff0000;\">KAM<\/span><span style=\"color: #0000ff;\">R<\/span>c<\/strong> Jis sukurtas su storu PC plastiko pertvara, neslid\u017eiomis gumin\u0117mis trinkel\u0117mis ir greitaeigiu rotaciniu mai\u0161ytuvu. Jame yra auk\u0161\u010diausios kokyb\u0117s oro kompresorius su pilna varine \u0161erdimi, su greitu au\u0161inimu, kuris padeda taupyti energij\u0105 ir suma\u017einti triuk\u0161mo lyg\u012f.<\/p>\n<p>Pus\u0117 <strong>led\u0173 aparatas<\/strong> Jis turi ventiliacijos konstrukcij\u0105, kuri pagerina kar\u0161to ir \u0161alto konversijos efektyvum\u0105, u\u017etikrina ger\u0105 \u0161ilumos i\u0161sklaidym\u0105. U\u017etikrina ilg\u0105 ma\u0161inos naudojim\u0105<\/p>\n<p>Puikiai tinka komerciniam arba nam\u0173 naudojimui, ypa\u010d barams, kavin\u0117ms, pieno arbatos parduotuv\u0117ms, desert\u0173 parduotuv\u0117ms, vakarieti\u0161ko stiliaus restoranams, vaisi\u0173 sul\u010di\u0173 barams, vie\u0161bu\u010diams, kepykl\u0117l\u0117ms ir kt.<\/p>\n<p>&nbsp;<\/p>\n<h6><strong>Garantija<span style=\"color: #ff0000;\">\u00a0KAM<\/span><span style=\"color: #0000ff;\">R<\/span>C 2 METAI<\/strong><\/h6>\n<h6><span style=\"color: #008000;\">Efektyvi led\u0173 gaminimo ma\u0161ina, ma\u017eos s\u0105naudos 1200w<\/span><\/h6>\n<h6><strong>\u012ftraukta technin\u0117 pagalba<\/strong><\/h6>\n<table>\n<thead>\n<tr>\n<th><strong>Charakteristikos<\/strong><\/th>\n<th><strong>Apra\u0161ymas<\/strong><\/th>\n<\/tr>\n<\/thead>\n<tbody>\n<tr>\n<td><strong>Gamintojo numeris<\/strong><\/td>\n<td>ARCMH01<\/td>\n<\/tr>\n<tr>\n<td><strong>\u0160alys su technine pagalba<\/strong><\/td>\n<td><a href=\"https:\/\/distribucionarc.com\/lt\/techninis-aptarnavimas\/\" target=\"_new\" rel=\"noopener\">Kreipkit\u0117s \u012f technin\u0119 pagalb\u0105 \u010dia<\/a><\/td>\n<\/tr>\n<tr>\n<td><strong>Svoris<\/strong><\/td>\n<td>60 kilogram\u0173 (kg)<\/td>\n<\/tr>\n<tr>\n<td><strong>Ma\u0161inos matmenys<\/strong><\/td>\n<td><strong>Auk\u0161tis<\/strong>ilgis: 64 cm, <strong>Ilgas<\/strong>: 52,5 cm, <strong>Platus<\/strong>: 49 cm<\/td>\n<\/tr>\n<tr>\n<td><strong>Spalva<\/strong><\/td>\n<td>Sidabras<\/td>\n<\/tr>\n<tr>\n<td><strong>Galia<\/strong><\/td>\n<td>1200 vat\u0173 (W)<\/td>\n<\/tr>\n<tr>\n<td><strong>\u012f\u0117jimo \u012ftampa<\/strong><\/td>\n<td>220V \u2013 60Hz<\/td>\n<\/tr>\n<tr>\n<td><strong>Gamybos paj\u0117gumai<\/strong><\/td>\n<td>16-20 litr\u0173 per valand\u0105<\/td>\n<\/tr>\n<tr>\n<td><strong>\u0160aldymo agentas<\/strong><\/td>\n<td>R404a<\/td>\n<\/tr>\n<tr>\n<td><strong>Mai\u0161ytuvo dydis<\/strong><\/td>\n<td>4,3 litro vienetui<\/td>\n<\/tr>\n<tr>\n<td><strong>Med\u017eiaga<\/strong><\/td>\n<td>Ner\u016bdijantis plienas su variniais komponentais ir i\u0161maniu valdymo LCD skydeliu<\/td>\n<\/tr>\n<tr>\n<td><strong>Garantija<\/strong><\/td>\n<td>2 metai<\/td>\n<\/tr>\n<tr>\n<td><strong>Montavimo \u012frankiai<\/strong><\/td>\n<td>\u012etraukta<\/td>\n<\/tr>\n<\/tbody>\n<\/table>\n<div id=\"gtx-trans\">\n<div class=\"gtx-trans-icon\"><\/div>\n<\/div>","protected":false},"excerpt":{"rendered":"<h2>ARC profesionalus kiet\u0173 led\u0173 gaminimo aparatas \u2013 didel\u0117 talpa ir garantuotas na\u0161umas<\/h2>\n<p>The <strong>ARC profesionalus kiet\u0173 led\u0173 gaminimo aparatas<\/strong> Jis sukurtas taip, kad atitikt\u0173 poreikius <strong>ledain\u0117s<\/strong>, <strong>restoranai<\/strong>, ir <strong>fran\u0161iz\u0117s<\/strong> kurioms reikalinga nuolatin\u0117, kokybi\u0161ka produkcija. Su talpa <strong>16-20 litr\u0173 per valand\u0105<\/strong>, \u0161i \u012franga leis per trump\u0105 laik\u0105 patenkinti didel\u012f poreik\u012f, garantuodama tobulos tekst\u016bros ledus ir efektyv\u0173 au\u0161inimo proces\u0105 d\u0117l \u0161altne\u0161io. <strong>R404a<\/strong>.<\/p>\n<h3>Produktai, kuriuos galite pagaminti:<\/h3>\n<ul>\n<li><strong>Amatinink\u0173 ledai<\/strong>: Platus skoni\u0173 ir konsistencijos pasirinkimas.<\/li>\n<li><strong>\u017delatas ir \u0161erbetas<\/strong>: Idealiai tinka lengviems ir gaivinamiems desertams.<\/li>\n<li><strong>\u0161aldyti desertai<\/strong>: puikiai tinka asmeniniams meniu.<\/li>\n<\/ul>\n<h3>Sektoriai, kuriuose jis gali b\u016bti \u012fgyvendintas:<\/h3>\n<ul>\n<li><strong>Ledain\u0117s<\/strong>: Greitai ir efektyviai gamina auk\u0161tos kokyb\u0117s ledus.<\/li>\n<li><strong>Restoranai ir kavin\u0117s<\/strong>: Si\u016blykite amatinink\u0173 ledus kaip savo desert\u0173 meniu dal\u012f.<\/li>\n<li><strong>Fran\u0161iz\u0117s<\/strong>: Idealiai tinka \u012fmon\u0117ms, kurioms reikia nuolatin\u0117s gamybos keliose prekybos vietose.<\/li>\n<li><strong>Maitinimas ir renginiai<\/strong>: Patiekite \u0161vie\u017eius ir skanius ledus vestuv\u0117se, vakar\u0117liuose ir \u012fmoni\u0173 renginiuose.<\/li>\n<\/ul>","protected":false},"featured_media":1257,"comment_status":"open","ping_status":"closed","template":"","meta":{"wds_primary_product_brand":0,"wds_primary_product_cat":0},"product_brand":[],"product_cat":[56,58],"product_tag":[],"class_list":{"0":"post-1251","1":"product","2":"type-product","3":"status-publish","4":"has-post-thumbnail","6":"product_cat-maquinaria-para-ferias","7":"product_cat-maquinaria-para-heladerias-profesionales","8":"product_shipping_class-hosteleria","10":"first","11":"instock","12":"sale","13":"taxable","14":"shipping-taxable","15":"purchasable","16":"product-type-simple"},"yoast_head":"<!-- This site is optimized with the Yoast SEO Premium plugin v24.9 (Yoast SEO v26.1) - https:\/\/yoast.com\/wordpress\/plugins\/seo\/ -->\n<title>M\u00e1quina para hacer helados 20L - distribuci\u00f3n ARC<\/title>\n<meta name=\"robots\" content=\"index, follow, max-snippet:-1, max-image-preview:large, max-video-preview:-1\" \/>\n<link rel=\"canonical\" href=\"https:\/\/distribucionarc.com\/lt\/produktas\/masina-ledai-20l\/\" \/>\n<meta property=\"og:locale\" content=\"lt_LT\" \/>\n<meta property=\"og:type\" content=\"article\" \/>\n<meta property=\"og:title\" content=\"M\u00e1quina para hacer helados 20L\" \/>\n<meta property=\"og:description\" content=\"M\u00e1quina para hacer helados duros profesional ARC \u2013 Alta capacidad y rendimiento garantizad La m\u00e1quina para hacer helados duros profesional ARC est\u00e1 dise\u00f1ada para cumplir con las exigencias de helader\u00edas, restaurantes, y franquicias que necesitan una producci\u00f3n constante y de alta calidad. Con una capacidad de 16 a 20 litros por hora, este equipo te permitir\u00e1 satisfacer una gran demanda en poco tiempo, garantizando un helado de textura perfecta y un proceso de enfriamiento eficiente gracias al refrigerante R404a. Productos que puedes hacer:   Helados artesanales: Amplia variedad de sabores y consistencias.  Gelato y sorbetes: Ideal para postres ligeros y refrescantes.  Postres helados: Perfectos para men\u00fas personalizados.  Sectores donde se puede implementar:   Helader\u00edas: Produce helados de alta calidad con un proceso r\u00e1pido y eficiente.  Restaurantes y cafeter\u00edas: Ofrece helados artesanales como parte de tu men\u00fa de postres.  Franquicias: Ideal para negocios que necesitan una producci\u00f3n constante en varios puntos de venta.  Catering y eventos: Sirve helados frescos y deliciosos en bodas, fiestas y eventos corporativos.\" \/>\n<meta property=\"og:url\" content=\"https:\/\/distribucionarc.com\/lt\/produktas\/masina-ledai-20l\/\" \/>\n<meta property=\"og:site_name\" content=\"distribuci\u00f3n ARC\" \/>\n<meta property=\"article:modified_time\" content=\"2024-09-08T19:29:04+00:00\" \/>\n<meta property=\"og:image\" content=\"https:\/\/distribucionarc.com\/wp-content\/uploads\/2020\/07\/M\u00e1quina-para-hacer-helados-20L-0.jpg\" \/>\n\t<meta property=\"og:image:width\" content=\"1600\" \/>\n\t<meta property=\"og:image:height\" content=\"1600\" \/>\n\t<meta property=\"og:image:type\" content=\"image\/jpeg\" \/>\n<meta name=\"twitter:card\" content=\"summary_large_image\" \/>\n<meta name=\"twitter:label1\" content=\"Est. reading time\" \/>\n\t<meta name=\"twitter:data1\" content=\"2 minut\u0117s\" \/>\n<script type=\"application\/ld+json\" class=\"yoast-schema-graph\">{\"@context\":\"https:\/\/schema.org\",\"@graph\":[{\"@type\":\"WebPage\",\"@id\":\"https:\/\/distribucionarc.com\/lt\/producto\/maquina-para-hacer-helados-20l\/\",\"url\":\"https:\/\/distribucionarc.com\/lt\/producto\/maquina-para-hacer-helados-20l\/\",\"name\":\"M\u00e1quina para hacer helados 20L - distribuci\u00f3n ARC\",\"isPartOf\":{\"@id\":\"https:\/\/distribucionarc.com\/ro\/#website\"},\"primaryImageOfPage\":{\"@id\":\"https:\/\/distribucionarc.com\/lt\/producto\/maquina-para-hacer-helados-20l\/#primaryimage\"},\"image\":{\"@id\":\"https:\/\/distribucionarc.com\/lt\/producto\/maquina-para-hacer-helados-20l\/#primaryimage\"},\"thumbnailUrl\":\"https:\/\/distribucionarc.com\/wp-content\/uploads\/2020\/07\/M\u00e1quina-para-hacer-helados-20L-0.jpg\",\"datePublished\":\"2020-07-20T12:34:21+00:00\",\"dateModified\":\"2024-09-08T19:29:04+00:00\",\"breadcrumb\":{\"@id\":\"https:\/\/distribucionarc.com\/lt\/producto\/maquina-para-hacer-helados-20l\/#breadcrumb\"},\"inLanguage\":\"lt-LT\",\"potentialAction\":[{\"@type\":\"ReadAction\",\"target\":[\"https:\/\/distribucionarc.com\/lt\/producto\/maquina-para-hacer-helados-20l\/\"]}]},{\"@type\":\"ImageObject\",\"inLanguage\":\"lt-LT\",\"@id\":\"https:\/\/distribucionarc.com\/lt\/producto\/maquina-para-hacer-helados-20l\/#primaryimage\",\"url\":\"https:\/\/distribucionarc.com\/wp-content\/uploads\/2020\/07\/M\u00e1quina-para-hacer-helados-20L-0.jpg\",\"contentUrl\":\"https:\/\/distribucionarc.com\/wp-content\/uploads\/2020\/07\/M\u00e1quina-para-hacer-helados-20L-0.jpg\",\"width\":1600,\"height\":1600,\"caption\":\"M\u00e1quina para hacer helados 20L\"},{\"@type\":\"BreadcrumbList\",\"@id\":\"https:\/\/distribucionarc.com\/lt\/producto\/maquina-para-hacer-helados-20l\/#breadcrumb\",\"itemListElement\":[{\"@type\":\"ListItem\",\"position\":1,\"name\":\"Portada\",\"item\":\"https:\/\/distribucionarc.com\/ar\/\"},{\"@type\":\"ListItem\",\"position\":2,\"name\":\"Proizvodi\",\"item\":\"https:\/\/www.distribucionarc.com\/hr\/ducan\/\"},{\"@type\":\"ListItem\",\"position\":3,\"name\":\"M\u00e1quina para hacer helados 20L\"}]},{\"@type\":\"WebSite\",\"@id\":\"https:\/\/distribucionarc.com\/ro\/#website\",\"url\":\"https:\/\/distribucionarc.com\/ro\/\",\"name\":\"distribuci\u00f3n ARC\",\"description\":\"Empresa especializada en la fabricaci\u00f3n y distribuci\u00f3n de maquinaria industrial, selladoras de latas, Maquinas de hacer pastillas, Maquinas de cortar carne...\",\"publisher\":{\"@id\":\"https:\/\/distribucionarc.com\/ro\/#organization\"},\"potentialAction\":[{\"@type\":\"SearchAction\",\"target\":{\"@type\":\"EntryPoint\",\"urlTemplate\":\"https:\/\/distribucionarc.com\/ro\/?s={search_term_string}\"},\"query-input\":{\"@type\":\"PropertyValueSpecification\",\"valueRequired\":true,\"valueName\":\"search_term_string\"}}],\"inLanguage\":\"lt-LT\"},{\"@type\":\"Organization\",\"@id\":\"https:\/\/distribucionarc.com\/ro\/#organization\",\"name\":\"Distribuci\u00f3n ARC\",\"url\":\"https:\/\/distribucionarc.com\/ro\/\",\"logo\":{\"@type\":\"ImageObject\",\"inLanguage\":\"lt-LT\",\"@id\":\"https:\/\/distribucionarc.com\/ro\/#\/schema\/logo\/image\/\",\"url\":\"https:\/\/distribucionarc.com\/wp-content\/uploads\/2024\/10\/distribucion-ARC-COLOR-SIN-FONDO-e1732295305345.png\",\"contentUrl\":\"https:\/\/distribucionarc.com\/wp-content\/uploads\/2024\/10\/distribucion-ARC-COLOR-SIN-FONDO-e1732295305345.png\",\"width\":1164,\"height\":558,\"caption\":\"Distribuci\u00f3n ARC\"},\"image\":{\"@id\":\"https:\/\/distribucionarc.com\/ro\/#\/schema\/logo\/image\/\"},\"description\":\"Empresa especializada en la fabricaci\u00f3n y distribuci\u00f3n de maquinaria industrial para los sectores alimentario y farmac\u00e9utico. Nos especializamos en: M\u00e1quinas de cortar carne Fabricaci\u00f3n de comprimidos Sistemas de transporte industrial L\u00edneas de embotellado Dosificadores Y mucho m\u00e1s... Ofrecemos soluciones innovadoras y personalizadas para optimizar los procesos productivos de tu empresa.\",\"email\":\"Admistracion@distribucionarc.com\",\"telephone\":\"+34 643496664\",\"legalName\":\"ARC TECH SOLUTIONS\",\"foundingDate\":\"2024-04-09\",\"vatID\":\"B55480172\",\"numberOfEmployees\":{\"@type\":\"QuantitativeValue\",\"minValue\":\"1\",\"maxValue\":\"10\"}}]}<\/script>\n<!-- \/ Yoast SEO Premium plugin. -->","yoast_head_json":{"title":"20L led\u0173 gaminimo aparatas - ARC platinimas","robots":{"index":"index","follow":"follow","max-snippet":"max-snippet:-1","max-image-preview":"max-image-preview:large","max-video-preview":"max-video-preview:-1"},"canonical":"https:\/\/distribucionarc.com\/lt\/produktas\/masina-ledai-20l\/","og_locale":"lt_LT","og_type":"article","og_title":"M\u00e1quina para hacer helados 20L","og_description":"M\u00e1quina para hacer helados duros profesional ARC \u2013 Alta capacidad y rendimiento garantizad La m\u00e1quina para hacer helados duros profesional ARC est\u00e1 dise\u00f1ada para cumplir con las exigencias de helader\u00edas, restaurantes, y franquicias que necesitan una producci\u00f3n constante y de alta calidad. Con una capacidad de 16 a 20 litros por hora, este equipo te permitir\u00e1 satisfacer una gran demanda en poco tiempo, garantizando un helado de textura perfecta y un proceso de enfriamiento eficiente gracias al refrigerante R404a. Productos que puedes hacer:   Helados artesanales: Amplia variedad de sabores y consistencias.  Gelato y sorbetes: Ideal para postres ligeros y refrescantes.  Postres helados: Perfectos para men\u00fas personalizados.  Sectores donde se puede implementar:   Helader\u00edas: Produce helados de alta calidad con un proceso r\u00e1pido y eficiente.  Restaurantes y cafeter\u00edas: Ofrece helados artesanales como parte de tu men\u00fa de postres.  Franquicias: Ideal para negocios que necesitan una producci\u00f3n constante en varios puntos de venta.  Catering y eventos: Sirve helados frescos y deliciosos en bodas, fiestas y eventos corporativos.","og_url":"https:\/\/distribucionarc.com\/lt\/produktas\/masina-ledai-20l\/","og_site_name":"distribuci\u00f3n ARC","article_modified_time":"2024-09-08T19:29:04+00:00","og_image":[{"width":1600,"height":1600,"url":"https:\/\/distribucionarc.com\/wp-content\/uploads\/2020\/07\/M\u00e1quina-para-hacer-helados-20L-0.jpg","type":"image\/jpeg"}],"twitter_card":"summary_large_image","twitter_misc":{"Est. reading time":"2 minut\u0117s"},"schema":{"@context":"https:\/\/schema.org","@graph":[{"@type":"WebPage","@id":"https:\/\/distribucionarc.com\/lt\/producto\/maquina-para-hacer-helados-20l\/","url":"https:\/\/distribucionarc.com\/lt\/producto\/maquina-para-hacer-helados-20l\/","name":"20L led\u0173 gaminimo aparatas - ARC platinimas","isPartOf":{"@id":"https:\/\/distribucionarc.com\/ro\/#website"},"primaryImageOfPage":{"@id":"https:\/\/distribucionarc.com\/lt\/producto\/maquina-para-hacer-helados-20l\/#primaryimage"},"image":{"@id":"https:\/\/distribucionarc.com\/lt\/producto\/maquina-para-hacer-helados-20l\/#primaryimage"},"thumbnailUrl":"https:\/\/distribucionarc.com\/wp-content\/uploads\/2020\/07\/M\u00e1quina-para-hacer-helados-20L-0.jpg","datePublished":"2020-07-20T12:34:21+00:00","dateModified":"2024-09-08T19:29:04+00:00","breadcrumb":{"@id":"https:\/\/distribucionarc.com\/lt\/producto\/maquina-para-hacer-helados-20l\/#breadcrumb"},"inLanguage":"lt-LT","potentialAction":[{"@type":"ReadAction","target":["https:\/\/distribucionarc.com\/lt\/producto\/maquina-para-hacer-helados-20l\/"]}]},{"@type":"ImageObject","inLanguage":"lt-LT","@id":"https:\/\/distribucionarc.com\/lt\/producto\/maquina-para-hacer-helados-20l\/#primaryimage","url":"https:\/\/distribucionarc.com\/wp-content\/uploads\/2020\/07\/M\u00e1quina-para-hacer-helados-20L-0.jpg","contentUrl":"https:\/\/distribucionarc.com\/wp-content\/uploads\/2020\/07\/M\u00e1quina-para-hacer-helados-20L-0.jpg","width":1600,"height":1600,"caption":"M\u00e1quina para hacer helados 20L"},{"@type":"BreadcrumbList","@id":"https:\/\/distribucionarc.com\/lt\/producto\/maquina-para-hacer-helados-20l\/#breadcrumb","itemListElement":[{"@type":"ListItem","position":1,"name":"Portada","item":"https:\/\/distribucionarc.com\/ar\/"},{"@type":"ListItem","position":2,"name":"Proizvodi","item":"https:\/\/www.distribucionarc.com\/hr\/ducan\/"},{"@type":"ListItem","position":3,"name":"M\u00e1quina para hacer helados 20L"}]},{"@type":"WebSite","@id":"https:\/\/distribucionarc.com\/ro\/#website","url":"https:\/\/distribucionarc.com\/ro\/","name":"ARC paskirstymas","description":"\u012emon\u0117 specializuojasi pramonini\u0173 ma\u0161in\u0173, skardini\u0173 sandarinimo ma\u0161in\u0173, table\u010di\u0173 gamybos ma\u0161in\u0173, m\u0117sos pjaustymo ma\u0161in\u0173 gamyboje ir platinime...","publisher":{"@id":"https:\/\/distribucionarc.com\/ro\/#organization"},"potentialAction":[{"@type":"SearchAction","target":{"@type":"EntryPoint","urlTemplate":"https:\/\/distribucionarc.com\/ro\/?s={search_term_string}"},"query-input":{"@type":"PropertyValueSpecification","valueRequired":true,"valueName":"search_term_string"}}],"inLanguage":"lt-LT"},{"@type":"Organization","@id":"https:\/\/distribucionarc.com\/ro\/#organization","name":"ARC platinimas","url":"https:\/\/distribucionarc.com\/ro\/","logo":{"@type":"ImageObject","inLanguage":"lt-LT","@id":"https:\/\/distribucionarc.com\/ro\/#\/schema\/logo\/image\/","url":"https:\/\/distribucionarc.com\/wp-content\/uploads\/2024\/10\/distribucion-ARC-COLOR-SIN-FONDO-e1732295305345.png","contentUrl":"https:\/\/distribucionarc.com\/wp-content\/uploads\/2024\/10\/distribucion-ARC-COLOR-SIN-FONDO-e1732295305345.png","width":1164,"height":558,"caption":"Distribuci\u00f3n ARC"},"image":{"@id":"https:\/\/distribucionarc.com\/ro\/#\/schema\/logo\/image\/"},"description":"\u012emon\u0117 specializuojasi maisto ir farmacijos sektoriams skirt\u0173 pramonini\u0173 ma\u0161in\u0173 gamyboje ir platinime. M\u016bs\u0173 specializacija: M\u0117sos pjaustymo ma\u0161inos Table\u010di\u0173 gamyba Pramonin\u0117s transportavimo sistemos I\u0161pilstymo linijos Dozatoriai Ir dar daugiau... Si\u016blome novatori\u0161kus ir individualiems poreikiams pritaikytus sprendimus, kad optimizuotume j\u016bs\u0173 \u012fmon\u0117s gamybos procesus.","email":"Admistracion@distribucionarc.com","telephone":"+34 643496664","legalName":"ARC TECH SOLUTIONS","foundingDate":"2024-04-09","vatID":"B55480172","numberOfEmployees":{"@type":"QuantitativeValue","minValue":"1","maxValue":"10"}}]}},"_links":{"self":[{"href":"https:\/\/distribucionarc.com\/lt\/wp-json\/wp\/v2\/product\/1251","targetHints":{"allow":["GET"]}}],"collection":[{"href":"https:\/\/distribucionarc.com\/lt\/wp-json\/wp\/v2\/product"}],"about":[{"href":"https:\/\/distribucionarc.com\/lt\/wp-json\/wp\/v2\/types\/product"}],"replies":[{"embeddable":true,"href":"https:\/\/distribucionarc.com\/lt\/wp-json\/wp\/v2\/comments?post=1251"}],"version-history":[{"count":0,"href":"https:\/\/distribucionarc.com\/lt\/wp-json\/wp\/v2\/product\/1251\/revisions"}],"wp:featuredmedia":[{"embeddable":true,"href":"https:\/\/distribucionarc.com\/lt\/wp-json\/wp\/v2\/media\/1257"}],"wp:attachment":[{"href":"https:\/\/distribucionarc.com\/lt\/wp-json\/wp\/v2\/media?parent=1251"}],"wp:term":[{"taxonomy":"product_brand","embeddable":true,"href":"https:\/\/distribucionarc.com\/lt\/wp-json\/wp\/v2\/product_brand?post=1251"},{"taxonomy":"product_cat","embeddable":true,"href":"https:\/\/distribucionarc.com\/lt\/wp-json\/wp\/v2\/product_cat?post=1251"},{"taxonomy":"product_tag","embeddable":true,"href":"https:\/\/distribucionarc.com\/lt\/wp-json\/wp\/v2\/product_tag?post=1251"}],"curies":[{"name":"wp","href":"https:\/\/api.w.org\/{rel}","templated":true}]}}