{"id":1277,"date":"2020-07-20T13:57:02","date_gmt":"2020-07-20T13:57:02","guid":{"rendered":"https:\/\/distribucionarc.com\/?post_type=product&#038;p=1277"},"modified":"2024-09-09T00:05:42","modified_gmt":"2024-09-09T00:05:42","slug":"masina-gaminti-minkstus-ledus-14l","status":"publish","type":"product","link":"https:\/\/distribucionarc.com\/lt\/producto\/maquina-para-hacer-helados-suaves-14l\/","title":{"rendered":"14L kremini\u0173 led\u0173 gaminimo ma\u0161ina"},"content":{"rendered":"<h3>14L kremini\u0173 led\u0173 gaminimo ma\u0161ina<\/h3>\n<p><strong>Led\u0173 aparatas<\/strong>\u00a0i\u0161<span style=\"color: #ff0000;\">\u00a0<\/span><strong><span style=\"color: #ff0000;\">KAM<\/span><span style=\"color: #0000ff;\">R<\/span>c<\/strong>\u00a0Jis pla\u010diai taikomas restoranuose, kavin\u0117se, ledain\u0117se, poilsiui. greitas maistas. Be sud\u0117ting\u0173 \u017eingsni\u0173 galite\u00a0<strong>greitai paruo\u0161kite ledus<\/strong>,\u00a0<strong>jogurtas<\/strong>\u00a0arba\u00a0<strong>\u0161erbetas<\/strong><\/p>\n<p>The\u00a0<strong><span style=\"color: #ff0000;\">KAM<\/span><span style=\"color: #0000ff;\">R<\/span>CMH02<\/strong>\u00a0Jame yra du GMCC kompresoriai, du 6 l ner\u016bdijan\u010dio plieno bunkeriai, didel\u0117s energijos radiatorius ir R410a \u0161altne\u0161is su i\u0161ankstinio au\u0161inimo funkcija, o gamyba svyruoja nuo 20 l\/h iki 28 l\/h.<\/p>\n<p>The\u00a0<strong>led\u0173 ma\u0161ina<\/strong>\u00a0Jame yra du \u012fmontuoti ner\u016bdijan\u010dio plieno konteineriai, tai\u00a0<strong>led\u0173 ma\u0161ina<\/strong>\u00a0i\u0161\u00a0<strong><span style=\"color: #ff0000;\">KAM<\/span><span style=\"color: #0000ff;\">R<\/span>c<\/strong>\u00a0Jis gali b\u016bti naudojamas norint sukurti trij\u0173 skoni\u0173 ledus, \u012fskaitant du paprastus skonius ir vien\u0105 mi\u0161r\u0173 skon\u012f, skirt\u0105 \u012fvairiems skoniams.<\/p>\n<p>Ekrane galima nuolat steb\u0117ti led\u0173 laik\u0105, temperat\u016br\u0105, kietum\u0105 ir kiek\u012f. Galite laisvai moduliuoti pagal skon\u012f. Be to, valymas vienu mygtuku leid\u017eia greitai ir automati\u0161kai i\u0161valyti led\u0173 aparat\u0105.<\/p>\n<p>Sudedamosios dalys,\u00a0<strong>led\u0173 ma\u0161ina<\/strong>\u00a0Juos galima i\u0161 anksto at\u0161aldyti, kad ledai b\u016bt\u0173\u00a0<strong>greitai pasiruo\u0161ti<\/strong>\u00a0paleidus ma\u0161in\u0105. Nakties laikymo funkcija suma\u017eina valymo da\u017enum\u0105 ir taupo ingredientus.<\/p>\n<p>Patobulintas k\u016bgio laikiklis dedamas i\u0161or\u0117je<strong>\u00a0led\u0173 ma\u0161ina<\/strong>, kad led\u0173 k\u016bgiai lengvai nesu\u0161lapt\u0173 ir i\u0161likt\u0173 kugeli\u0173 skonis.<\/p>\n<h6><\/h6>\n<h6><strong>Garantija<span style=\"color: #ff0000;\">\u00a0KAM<\/span><span style=\"color: #0000ff;\">R<\/span>C 2 METAI<\/strong><\/h6>\n<h6><span style=\"color: #008000;\">Efektyvi led\u0173 gaminimo ma\u0161ina, ma\u017eos s\u0105naudos 2000w<\/span><\/h6>\n<h6><strong>\u012ftraukta technin\u0117 pagalba<\/strong><\/h6>\n<table>\n<thead>\n<tr>\n<th><strong>Charakteristikos<\/strong><\/th>\n<th><strong>Apra\u0161ymas<\/strong><\/th>\n<\/tr>\n<\/thead>\n<tbody>\n<tr>\n<td><strong>Gamintojo numeris<\/strong><\/td>\n<td>ARCMH03<\/td>\n<\/tr>\n<tr>\n<td><strong>\u0160alys su technine pagalba<\/strong><\/td>\n<td><a href=\"https:\/\/distribucionarc.com\/lt\/techninis-aptarnavimas\/\" target=\"_new\" rel=\"noopener\">Kreipkit\u0117s \u012f technin\u0119 pagalb\u0105 \u010dia<\/a><\/td>\n<\/tr>\n<tr>\n<td><strong>Svoris<\/strong><\/td>\n<td>115 kilogram\u0173 (kg)<\/td>\n<\/tr>\n<tr>\n<td><strong>Ma\u0161inos matmenys<\/strong><\/td>\n<td><strong>Auk\u0161tis<\/strong>ilgis: 85 cm, <strong>Ilgas<\/strong>: 57 cm, <strong>Platus<\/strong>: 87 cm<\/td>\n<\/tr>\n<tr>\n<td><strong>Spalva<\/strong><\/td>\n<td>Sidabras<\/td>\n<\/tr>\n<tr>\n<td><strong>Galia<\/strong><\/td>\n<td>2000 vat\u0173 (W)<\/td>\n<\/tr>\n<tr>\n<td><strong>\u012f\u0117jimo \u012ftampa<\/strong><\/td>\n<td>220V \u2013 60Hz<\/td>\n<\/tr>\n<tr>\n<td><strong>Gamybos paj\u0117gumai<\/strong><\/td>\n<td>20-28 litrai per valand\u0105<\/td>\n<\/tr>\n<tr>\n<td><strong>\u0160aldymo agentas<\/strong><\/td>\n<td>R410a<\/td>\n<\/tr>\n<tr>\n<td><strong>Ind\u0117lio dydis<\/strong><\/td>\n<td>7 litrai vienam vienetui<\/td>\n<\/tr>\n<tr>\n<td><strong>Med\u017eiaga<\/strong><\/td>\n<td>Ner\u016bdijan\u010dio plieno, i\u0161manusis jutiklinis LCD valdymas<\/td>\n<\/tr>\n<tr>\n<td><strong>Garantija<\/strong><\/td>\n<td>2 metai<\/td>\n<\/tr>\n<tr>\n<td><strong>Montavimo \u012frankiai<\/strong><\/td>\n<td>\u012etraukta<\/td>\n<\/tr>\n<\/tbody>\n<\/table>","protected":false},"excerpt":{"rendered":"<h2>ARC mink\u0161t\u0173j\u0173 led\u0173 gaminimo aparatas \u2013 kompakti\u0161kas, didelio na\u0161umo stalinis led\u0173 gaminimo aparatas<\/h2>\n<p>The <strong>ARC profesionalus mink\u0161t\u0173 ir kremini\u0173 led\u0173 gaminimo aparatas<\/strong> Jis sukurtas taip, kad b\u016bt\u0173 kompakti\u0161kas ir galingas, idealiai tinka d\u0117ti tiesiai ant prekystalio <strong>ledain\u0117s<\/strong>, <strong>kavin\u0117s<\/strong> ir <strong>restoranai<\/strong> su ribota erdve. Su talpa <strong>20-28 litrai per valand\u0105<\/strong>, \u0161is aparatas leid\u017eia gaminti auk\u0161tos kokyb\u0117s mink\u0161tus ledus ir efektyviai patenkinti didelius poreikius.<\/p>\n<p>A\u010di\u016b j\u016bs\u0173 <strong>\u0161altne\u0161is R410a<\/strong>, \u0161is aparatas garantuoja stabili\u0105 ir energij\u0105 taupan\u010di\u0105 gamyb\u0105, visada i\u0161laikant tobul\u0105 led\u0173 kremi\u0161kum\u0105 ir tekst\u016br\u0105. Be to, <strong>i\u0161manusis LCD skydelis<\/strong> palengvina ma\u0161inos valdym\u0105, leid\u017eia tiksliai reguliuoti laik\u0105 ir temperat\u016br\u0105.<\/p>\n<h3>Produktai, kuriuos galite pagaminti:<\/h3>\n<ul>\n<li><strong>mink\u0161ti ledai<\/strong>: Puikiai tinka k\u016bgiams ar stiklin\u0117ms, patiekiamoms \u012fstaigose.<\/li>\n<li><strong>Mi\u0161r\u016bs ledai<\/strong>: Leid\u017eia patiekti iki dviej\u0173 skirting\u0173 arba kombinuot\u0173 skoni\u0173.<\/li>\n<li><strong>Sundas ir desertai<\/strong>: Idealiai tinka kiekvienam klientui individualiems led\u0173 desertams kurti.<\/li>\n<\/ul>\n<h3>Sektoriai, kuriuose jis gali b\u016bti \u012fgyvendintas:<\/h3>\n<ul>\n<li><strong>Ledain\u0117s ir kavin\u0117s<\/strong>: Specialus, skirtas greitai ir efektyviai patiekti mink\u0161tus ledus.<\/li>\n<li><strong>Restoranai<\/strong>: Puikiai tinka si\u016blyti \u0161aldytus desertus kaip meniu dal\u012f.<\/li>\n<li><strong>Fran\u0161iz\u0117s ir maisto sunkve\u017eimiai<\/strong>: Idealiai tinka mobiliosioms \u012fmon\u0117ms ar fran\u0161iz\u0117ms, kurioms reikalinga kompakti\u0161ka, bet didel\u0117s talpos \u012franga.<\/li>\n<\/ul>","protected":false},"featured_media":1285,"comment_status":"open","ping_status":"closed","template":"","meta":{"wds_primary_product_brand":0,"wds_primary_product_cat":0},"product_brand":[],"product_cat":[56,58],"product_tag":[],"class_list":{"0":"post-1277","1":"product","2":"type-product","3":"status-publish","4":"has-post-thumbnail","6":"product_cat-maquinaria-para-ferias","7":"product_cat-maquinaria-para-heladerias-profesionales","8":"product_shipping_class-hosteleria","10":"first","11":"instock","12":"sale","13":"taxable","14":"shipping-taxable","15":"purchasable","16":"product-type-simple"},"yoast_head":"<!-- This site is optimized with the Yoast SEO Premium plugin v24.9 (Yoast SEO v26.1) - https:\/\/yoast.com\/wordpress\/plugins\/seo\/ -->\n<title>Maquina para hacer helados cremosos 14L - distribuci\u00f3n ARC<\/title>\n<meta name=\"robots\" content=\"index, follow, max-snippet:-1, max-image-preview:large, max-video-preview:-1\" \/>\n<link rel=\"canonical\" href=\"https:\/\/www.distribucionarc.com\/en\/producto\/maquina-para-hacer-helados-suaves-14l\/\" \/>\n<meta property=\"og:locale\" content=\"lt_LT\" \/>\n<meta property=\"og:type\" content=\"article\" \/>\n<meta property=\"og:title\" content=\"Maquina para hacer helados cremosos 14L\" \/>\n<meta property=\"og:description\" content=\"M\u00e1quina para hacer helados suaves ARC \u2013 Compacta y de alto rendimiento para mostrador La m\u00e1quina para hacer helados blandos y cremosos profesional ARC est\u00e1 dise\u00f1ada para ser compacta y potente, ideal para ubicarse directamente sobre el mostrador en helader\u00edas, cafeter\u00edas y restaurantes con espacio limitado. Con una capacidad de 20 a 28 litros por hora, esta m\u00e1quina te permite producir helados suaves de alta calidad y satisfacer grandes demandas de manera eficiente.  Gracias a su refrigerante R410a, esta m\u00e1quina garantiza una producci\u00f3n estable y eficiente en t\u00e9rminos de energ\u00eda, manteniendo siempre la cremosidad y textura perfecta del helado. Adem\u00e1s, el panel LCD inteligente facilita el control de la m\u00e1quina, permitiendo ajustes precisos en tiempo y temperatura. Productos que puedes hacer:   Helados suaves: Perfectos para conos o vasos servidos en establecimientos.  Helados mixtos: Permite servir hasta dos sabores diferentes o combinados.  Sundaes y postres: Ideal para crear postres con helado personalizado para cada cliente.  Sectores donde se puede implementar:   Helader\u00edas y cafeter\u00edas: Especial para servir helados suaves de manera r\u00e1pida y eficiente.  Restaurantes: Excelente para ofrecer postres helados como parte del men\u00fa.  Franquicias y food trucks: Ideal para negocios m\u00f3viles o franquicias que necesiten equipos compactos pero de alta capacidad.\" \/>\n<meta property=\"og:url\" content=\"https:\/\/www.distribucionarc.com\/en\/producto\/maquina-para-hacer-helados-suaves-14l\/\" \/>\n<meta property=\"og:site_name\" content=\"distribuci\u00f3n ARC\" \/>\n<meta property=\"article:modified_time\" content=\"2024-09-09T00:05:42+00:00\" \/>\n<meta property=\"og:image\" content=\"https:\/\/distribucionarc.com\/wp-content\/uploads\/2020\/07\/M\u00e1quina-para-hacer-helados-suaves-14L-1.jpg\" \/>\n\t<meta property=\"og:image:width\" content=\"1600\" \/>\n\t<meta property=\"og:image:height\" content=\"1600\" \/>\n\t<meta property=\"og:image:type\" content=\"image\/jpeg\" \/>\n<meta name=\"twitter:card\" content=\"summary_large_image\" \/>\n<meta name=\"twitter:label1\" content=\"Est. reading time\" \/>\n\t<meta name=\"twitter:data1\" content=\"2 minut\u0117s\" \/>\n<script type=\"application\/ld+json\" class=\"yoast-schema-graph\">{\"@context\":\"https:\/\/schema.org\",\"@graph\":[{\"@type\":\"WebPage\",\"@id\":\"https:\/\/www.distribucionarc.com\/en\/producto\/maquina-para-hacer-helados-suaves-14l\/\",\"url\":\"https:\/\/www.distribucionarc.com\/en\/producto\/maquina-para-hacer-helados-suaves-14l\/\",\"name\":\"Maquina para hacer helados cremosos 14L - distribuci\u00f3n ARC\",\"isPartOf\":{\"@id\":\"https:\/\/distribucionarc.com\/de\/#website\"},\"primaryImageOfPage\":{\"@id\":\"https:\/\/www.distribucionarc.com\/en\/producto\/maquina-para-hacer-helados-suaves-14l\/#primaryimage\"},\"image\":{\"@id\":\"https:\/\/www.distribucionarc.com\/en\/producto\/maquina-para-hacer-helados-suaves-14l\/#primaryimage\"},\"thumbnailUrl\":\"https:\/\/distribucionarc.com\/wp-content\/uploads\/2020\/07\/M\u00e1quina-para-hacer-helados-suaves-14L-1.jpg\",\"datePublished\":\"2020-07-20T13:57:02+00:00\",\"dateModified\":\"2024-09-09T00:05:42+00:00\",\"breadcrumb\":{\"@id\":\"https:\/\/www.distribucionarc.com\/en\/producto\/maquina-para-hacer-helados-suaves-14l\/#breadcrumb\"},\"inLanguage\":\"lt-LT\",\"potentialAction\":[{\"@type\":\"ReadAction\",\"target\":[\"https:\/\/www.distribucionarc.com\/en\/producto\/maquina-para-hacer-helados-suaves-14l\/\"]}]},{\"@type\":\"ImageObject\",\"inLanguage\":\"lt-LT\",\"@id\":\"https:\/\/www.distribucionarc.com\/en\/producto\/maquina-para-hacer-helados-suaves-14l\/#primaryimage\",\"url\":\"https:\/\/distribucionarc.com\/wp-content\/uploads\/2020\/07\/M\u00e1quina-para-hacer-helados-suaves-14L-1.jpg\",\"contentUrl\":\"https:\/\/distribucionarc.com\/wp-content\/uploads\/2020\/07\/M\u00e1quina-para-hacer-helados-suaves-14L-1.jpg\",\"width\":1600,\"height\":1600,\"caption\":\"Maquina para hacer helados suaves 14L\"},{\"@type\":\"BreadcrumbList\",\"@id\":\"https:\/\/www.distribucionarc.com\/en\/producto\/maquina-para-hacer-helados-suaves-14l\/#breadcrumb\",\"itemListElement\":[{\"@type\":\"ListItem\",\"position\":1,\"name\":\"Portada\",\"item\":\"https:\/\/distribucionarc.com\/pl\/\"},{\"@type\":\"ListItem\",\"position\":2,\"name\":\"Produkty\",\"item\":\"https:\/\/distribucionarc.com\/pl\/shop\/\"},{\"@type\":\"ListItem\",\"position\":3,\"name\":\"Maquina para hacer helados cremosos 14L\"}]},{\"@type\":\"WebSite\",\"@id\":\"https:\/\/distribucionarc.com\/de\/#website\",\"url\":\"https:\/\/distribucionarc.com\/de\/\",\"name\":\"distribuci\u00f3n ARC\",\"description\":\"Empresa especializada en la fabricaci\u00f3n y distribuci\u00f3n de maquinaria industrial, selladoras de latas, Maquinas de hacer pastillas, Maquinas de cortar carne...\",\"publisher\":{\"@id\":\"https:\/\/distribucionarc.com\/de\/#organization\"},\"potentialAction\":[{\"@type\":\"SearchAction\",\"target\":{\"@type\":\"EntryPoint\",\"urlTemplate\":\"https:\/\/distribucionarc.com\/de\/?s={search_term_string}\"},\"query-input\":{\"@type\":\"PropertyValueSpecification\",\"valueRequired\":true,\"valueName\":\"search_term_string\"}}],\"inLanguage\":\"lt-LT\"},{\"@type\":\"Organization\",\"@id\":\"https:\/\/distribucionarc.com\/de\/#organization\",\"name\":\"Distribuci\u00f3n ARC\",\"url\":\"https:\/\/distribucionarc.com\/de\/\",\"logo\":{\"@type\":\"ImageObject\",\"inLanguage\":\"lt-LT\",\"@id\":\"https:\/\/distribucionarc.com\/de\/#\/schema\/logo\/image\/\",\"url\":\"https:\/\/distribucionarc.com\/wp-content\/uploads\/2024\/10\/distribucion-ARC-COLOR-SIN-FONDO-e1732295305345.png\",\"contentUrl\":\"https:\/\/distribucionarc.com\/wp-content\/uploads\/2024\/10\/distribucion-ARC-COLOR-SIN-FONDO-e1732295305345.png\",\"width\":1164,\"height\":558,\"caption\":\"Distribuci\u00f3n ARC\"},\"image\":{\"@id\":\"https:\/\/distribucionarc.com\/de\/#\/schema\/logo\/image\/\"},\"description\":\"Empresa especializada en la fabricaci\u00f3n y distribuci\u00f3n de maquinaria industrial para los sectores alimentario y farmac\u00e9utico. Nos especializamos en: M\u00e1quinas de cortar carne Fabricaci\u00f3n de comprimidos Sistemas de transporte industrial L\u00edneas de embotellado Dosificadores Y mucho m\u00e1s... Ofrecemos soluciones innovadoras y personalizadas para optimizar los procesos productivos de tu empresa.\",\"email\":\"Admistracion@distribucionarc.com\",\"telephone\":\"+34 643496664\",\"legalName\":\"ARC TECH SOLUTIONS\",\"foundingDate\":\"2024-04-09\",\"vatID\":\"B55480172\",\"numberOfEmployees\":{\"@type\":\"QuantitativeValue\",\"minValue\":\"1\",\"maxValue\":\"10\"}}]}<\/script>\n<!-- \/ Yoast SEO Premium plugin. -->","yoast_head_json":{"title":"14L kremini\u0173 led\u0173 gaminimo aparatas - ARC platinimas","robots":{"index":"index","follow":"follow","max-snippet":"max-snippet:-1","max-image-preview":"max-image-preview:large","max-video-preview":"max-video-preview:-1"},"canonical":"https:\/\/www.distribucionarc.com\/en\/producto\/maquina-para-hacer-helados-suaves-14l\/","og_locale":"lt_LT","og_type":"article","og_title":"Maquina para hacer helados cremosos 14L","og_description":"M\u00e1quina para hacer helados suaves ARC \u2013 Compacta y de alto rendimiento para mostrador La m\u00e1quina para hacer helados blandos y cremosos profesional ARC est\u00e1 dise\u00f1ada para ser compacta y potente, ideal para ubicarse directamente sobre el mostrador en helader\u00edas, cafeter\u00edas y restaurantes con espacio limitado. Con una capacidad de 20 a 28 litros por hora, esta m\u00e1quina te permite producir helados suaves de alta calidad y satisfacer grandes demandas de manera eficiente.  Gracias a su refrigerante R410a, esta m\u00e1quina garantiza una producci\u00f3n estable y eficiente en t\u00e9rminos de energ\u00eda, manteniendo siempre la cremosidad y textura perfecta del helado. Adem\u00e1s, el panel LCD inteligente facilita el control de la m\u00e1quina, permitiendo ajustes precisos en tiempo y temperatura. Productos que puedes hacer:   Helados suaves: Perfectos para conos o vasos servidos en establecimientos.  Helados mixtos: Permite servir hasta dos sabores diferentes o combinados.  Sundaes y postres: Ideal para crear postres con helado personalizado para cada cliente.  Sectores donde se puede implementar:   Helader\u00edas y cafeter\u00edas: Especial para servir helados suaves de manera r\u00e1pida y eficiente.  Restaurantes: Excelente para ofrecer postres helados como parte del men\u00fa.  Franquicias y food trucks: Ideal para negocios m\u00f3viles o franquicias que necesiten equipos compactos pero de alta capacidad.","og_url":"https:\/\/www.distribucionarc.com\/en\/producto\/maquina-para-hacer-helados-suaves-14l\/","og_site_name":"distribuci\u00f3n ARC","article_modified_time":"2024-09-09T00:05:42+00:00","og_image":[{"width":1600,"height":1600,"url":"https:\/\/distribucionarc.com\/wp-content\/uploads\/2020\/07\/M\u00e1quina-para-hacer-helados-suaves-14L-1.jpg","type":"image\/jpeg"}],"twitter_card":"summary_large_image","twitter_misc":{"Est. reading time":"2 minut\u0117s"},"schema":{"@context":"https:\/\/schema.org","@graph":[{"@type":"WebPage","@id":"https:\/\/www.distribucionarc.com\/en\/producto\/maquina-para-hacer-helados-suaves-14l\/","url":"https:\/\/www.distribucionarc.com\/en\/producto\/maquina-para-hacer-helados-suaves-14l\/","name":"14L kremini\u0173 led\u0173 gaminimo aparatas - ARC platinimas","isPartOf":{"@id":"https:\/\/distribucionarc.com\/de\/#website"},"primaryImageOfPage":{"@id":"https:\/\/www.distribucionarc.com\/en\/producto\/maquina-para-hacer-helados-suaves-14l\/#primaryimage"},"image":{"@id":"https:\/\/www.distribucionarc.com\/en\/producto\/maquina-para-hacer-helados-suaves-14l\/#primaryimage"},"thumbnailUrl":"https:\/\/distribucionarc.com\/wp-content\/uploads\/2020\/07\/M\u00e1quina-para-hacer-helados-suaves-14L-1.jpg","datePublished":"2020-07-20T13:57:02+00:00","dateModified":"2024-09-09T00:05:42+00:00","breadcrumb":{"@id":"https:\/\/www.distribucionarc.com\/en\/producto\/maquina-para-hacer-helados-suaves-14l\/#breadcrumb"},"inLanguage":"lt-LT","potentialAction":[{"@type":"ReadAction","target":["https:\/\/www.distribucionarc.com\/en\/producto\/maquina-para-hacer-helados-suaves-14l\/"]}]},{"@type":"ImageObject","inLanguage":"lt-LT","@id":"https:\/\/www.distribucionarc.com\/en\/producto\/maquina-para-hacer-helados-suaves-14l\/#primaryimage","url":"https:\/\/distribucionarc.com\/wp-content\/uploads\/2020\/07\/M\u00e1quina-para-hacer-helados-suaves-14L-1.jpg","contentUrl":"https:\/\/distribucionarc.com\/wp-content\/uploads\/2020\/07\/M\u00e1quina-para-hacer-helados-suaves-14L-1.jpg","width":1600,"height":1600,"caption":"Maquina para hacer helados suaves 14L"},{"@type":"BreadcrumbList","@id":"https:\/\/www.distribucionarc.com\/en\/producto\/maquina-para-hacer-helados-suaves-14l\/#breadcrumb","itemListElement":[{"@type":"ListItem","position":1,"name":"Portada","item":"https:\/\/distribucionarc.com\/pl\/"},{"@type":"ListItem","position":2,"name":"Produkty","item":"https:\/\/distribucionarc.com\/pl\/shop\/"},{"@type":"ListItem","position":3,"name":"Maquina para hacer helados cremosos 14L"}]},{"@type":"WebSite","@id":"https:\/\/distribucionarc.com\/de\/#website","url":"https:\/\/distribucionarc.com\/de\/","name":"ARC paskirstymas","description":"\u012emon\u0117 specializuojasi pramonini\u0173 ma\u0161in\u0173, skardini\u0173 sandarinimo ma\u0161in\u0173, table\u010di\u0173 gamybos ma\u0161in\u0173, m\u0117sos pjaustymo ma\u0161in\u0173 gamyboje ir platinime...","publisher":{"@id":"https:\/\/distribucionarc.com\/de\/#organization"},"potentialAction":[{"@type":"SearchAction","target":{"@type":"EntryPoint","urlTemplate":"https:\/\/distribucionarc.com\/de\/?s={search_term_string}"},"query-input":{"@type":"PropertyValueSpecification","valueRequired":true,"valueName":"search_term_string"}}],"inLanguage":"lt-LT"},{"@type":"Organization","@id":"https:\/\/distribucionarc.com\/de\/#organization","name":"ARC platinimas","url":"https:\/\/distribucionarc.com\/de\/","logo":{"@type":"ImageObject","inLanguage":"lt-LT","@id":"https:\/\/distribucionarc.com\/de\/#\/schema\/logo\/image\/","url":"https:\/\/distribucionarc.com\/wp-content\/uploads\/2024\/10\/distribucion-ARC-COLOR-SIN-FONDO-e1732295305345.png","contentUrl":"https:\/\/distribucionarc.com\/wp-content\/uploads\/2024\/10\/distribucion-ARC-COLOR-SIN-FONDO-e1732295305345.png","width":1164,"height":558,"caption":"Distribuci\u00f3n ARC"},"image":{"@id":"https:\/\/distribucionarc.com\/de\/#\/schema\/logo\/image\/"},"description":"\u012emon\u0117 specializuojasi maisto ir farmacijos sektoriams skirt\u0173 pramonini\u0173 ma\u0161in\u0173 gamyboje ir platinime. M\u016bs\u0173 specializacija: M\u0117sos pjaustymo ma\u0161inos Table\u010di\u0173 gamyba Pramonin\u0117s transportavimo sistemos I\u0161pilstymo linijos Dozatoriai Ir dar daugiau... Si\u016blome novatori\u0161kus ir individualiems poreikiams pritaikytus sprendimus, kad optimizuotume j\u016bs\u0173 \u012fmon\u0117s gamybos procesus.","email":"Admistracion@distribucionarc.com","telephone":"+34 643496664","legalName":"ARC TECH SOLUTIONS","foundingDate":"2024-04-09","vatID":"B55480172","numberOfEmployees":{"@type":"QuantitativeValue","minValue":"1","maxValue":"10"}}]}},"_links":{"self":[{"href":"https:\/\/distribucionarc.com\/lt\/wp-json\/wp\/v2\/product\/1277","targetHints":{"allow":["GET"]}}],"collection":[{"href":"https:\/\/distribucionarc.com\/lt\/wp-json\/wp\/v2\/product"}],"about":[{"href":"https:\/\/distribucionarc.com\/lt\/wp-json\/wp\/v2\/types\/product"}],"replies":[{"embeddable":true,"href":"https:\/\/distribucionarc.com\/lt\/wp-json\/wp\/v2\/comments?post=1277"}],"version-history":[{"count":0,"href":"https:\/\/distribucionarc.com\/lt\/wp-json\/wp\/v2\/product\/1277\/revisions"}],"wp:featuredmedia":[{"embeddable":true,"href":"https:\/\/distribucionarc.com\/lt\/wp-json\/wp\/v2\/media\/1285"}],"wp:attachment":[{"href":"https:\/\/distribucionarc.com\/lt\/wp-json\/wp\/v2\/media?parent=1277"}],"wp:term":[{"taxonomy":"product_brand","embeddable":true,"href":"https:\/\/distribucionarc.com\/lt\/wp-json\/wp\/v2\/product_brand?post=1277"},{"taxonomy":"product_cat","embeddable":true,"href":"https:\/\/distribucionarc.com\/lt\/wp-json\/wp\/v2\/product_cat?post=1277"},{"taxonomy":"product_tag","embeddable":true,"href":"https:\/\/distribucionarc.com\/lt\/wp-json\/wp\/v2\/product_tag?post=1277"}],"curies":[{"name":"wp","href":"https:\/\/api.w.org\/{rel}","templated":true}]}}