{"id":1321,"date":"2020-07-23T09:34:42","date_gmt":"2020-07-23T09:34:42","guid":{"rendered":"https:\/\/distribucionarc.com\/?post_type=product&#038;p=1321"},"modified":"2020-09-25T10:55:48","modified_gmt":"2020-09-25T10:55:48","slug":"rankinis-medaus-ekstraktorius-3m","status":"publish","type":"product","link":"https:\/\/distribucionarc.com\/lt\/producto\/extractor-de-miel-manual-3m\/","title":{"rendered":"3M rankinis medaus traukiklis"},"content":{"rendered":"<h3><strong>3M rankinis medaus traukiklis<\/strong><\/h3>\n<p>Tai\u00a0<strong>pramonin\u0117 ma\u0161ina<\/strong>\u00a0u\u017e\u00a0<strong>bitininkyst\u0117<\/strong>\u00a0Turi auk\u0161tos kokyb\u0117s poliruoto ner\u016bdijan\u010dio plieno korpus\u0105 ir avilio r\u0117m\u0105, u\u017etikrinant\u012f atsparum\u0105 r\u016bdims ir dilimui. D\u0117l vientisos suvirinimo konstrukcijos jums bus lengviau pri\u017ei\u016br\u0117ti ir valyti aparat\u0105. Kompakti\u0161kas ir sukurtas taip, kad suteikt\u0173 daugiau stabilumo<\/p>\n<p>Su\u00a0<strong>medaus i\u0161trauk\u0117jas\u00a0<\/strong><span style=\"color: #ff0000\"><strong>KAM<\/strong><\/span><span style=\"color: #0000ff\"><strong>R<\/strong><\/span><strong>CEM01,<\/strong>\u00a0Veikimo b\u016bdas yra paprastas, taupantis laik\u0105 ir darb\u0105. The\u00a0<strong>bitininkyst\u0117s technika<\/strong>\u00a0i\u0161\u00a0<span style=\"color: #ff0000\"><strong>KAM<\/strong><\/span><span style=\"color: #0000ff\"><strong>R<\/strong><\/span><strong>c<\/strong>\u00a0Jis skirtas dideliems apkrovoms, rankena iki 3 standartini\u0173 r\u0117m\u0173 ma\u017eame, vidutiniame ir dideliame gylyje, u\u017edara \u012franga ant r\u0117mo padeda neu\u017eter\u0161ti\u00a0<strong>Mieloji<\/strong>.<br \/>\nIntegruota sustor\u0117jusi sija yra pagaminta i\u0161 patvaraus aliuminio lydinio, kuris yra tvirtesnis ir stabilesnis. N\u0117ra a\u0161tri\u0173 kra\u0161t\u0173, kad b\u016bt\u0173 i\u0161vengta u\u017eter\u0161imo<strong>\u00a0Mieloji<\/strong>\u00a0ir u\u017etikrinti saugesn\u012f valdym\u0105.<br \/>\nJis turi 2 skaidrius dangtelius, kad b\u016bt\u0173 galima steb\u0117ti proceso metu\u00a0<strong>gavyba<\/strong>. Vartai\u00a0<strong>skirtas medui<\/strong>\u00a0bako apa\u010dioje leid\u017eia medui tek\u0117ti savo nuo\u017ei\u016bra.<\/p>\n<p>Naudojimas\u00a0<span style=\"color: #ff0000\"><strong>KAM<\/strong><\/span><span style=\"color: #0000ff\"><strong>R<\/strong><\/span><strong>CEM01<\/strong>\u00a0pad\u0117s jums procese\u00a0<strong>medaus gaminimas<\/strong>\u00a0d\u0117l patogumo ir lengvo apdorojimo, taip paprasta kaip \u012fd\u0117ti<strong>\u00a0korio<\/strong>\u00a0r\u0117muose ir per labai trump\u0105 laik\u0105 gaukite gamin\u012f. Idealiai tinka m\u0117g\u0117jams arba\u00a0<strong>ma\u017easis bitininkas<\/strong>.<\/p>\n<h6 style=\"font-weight: inherit\"><strong style=\"font-style: inherit\">Garantija\u00a0<\/strong><span style=\"color: #ff0000\"><strong>KAM<\/strong><\/span><span style=\"color: #0000ff\"><strong>R<\/strong><\/span><strong>C 2 METAI<\/strong><\/h6>\n<h6 style=\"font-weight: inherit\"><strong style=\"font-style: inherit\">\u012ftraukta technin\u0117 pagalba<\/strong><\/h6>\n<p>&nbsp;<\/p>\n<p>&nbsp;<\/p>\n<table width=\"100%\">\n<tbody>\n<tr>\n<td>Vaikinas:<\/td>\n<td width=\"50%\">vadovas<\/td>\n<td colspan=\"2\" width=\"327\"><\/td>\n<\/tr>\n<tr>\n<td>Platinimo \u0161alis:<\/td>\n<td width=\"50%\">Ispanija, Vokietija, JAV<\/td>\n<td>Svoris:<\/td>\n<td width=\"50%\">13 kg<\/td>\n<\/tr>\n<tr>\n<td>Prekinis \u017eenklas:<\/td>\n<td width=\"50%\">ARC<\/td>\n<td>Auk\u0161tis:<\/td>\n<td width=\"50%\">85 cm<\/td>\n<\/tr>\n<tr>\n<td>Spalva:<\/td>\n<td width=\"50%\">Sidabras<\/td>\n<td>Ilgas:<\/td>\n<td width=\"50%\">\u00a038 cm<\/td>\n<\/tr>\n<tr>\n<td>Produkto tipas:<\/td>\n<td width=\"50%\">medaus i\u0161trauk\u0117jas<\/td>\n<td>Platus:<\/td>\n<td width=\"50%\">38 cm<\/td>\n<\/tr>\n<tr>\n<td>Gamintojo numeris:<\/td>\n<td width=\"50%\">ARCEM01<\/td>\n<td>Gamyba:<\/td>\n<td width=\"50%\">3 ta\u0161kai<\/td>\n<\/tr>\n<tr>\n<td>Med\u017eiaga:<\/td>\n<td width=\"50%\">ner\u016bdijantis plienas, aliuminio lydinys<\/td>\n<td>Mai\u0161ytuvo dydis:<\/td>\n<td width=\"50%\">5 cm<\/td>\n<\/tr>\n<tr>\n<td>Statin\u0117s matmenys:<\/td>\n<td width=\"50%\">38cm skersmuo<\/td>\n<td>Garantija:<\/td>\n<td width=\"50%\">2 METAI<\/td>\n<\/tr>\n<tr>\n<td>Statin\u0117s auk\u0161tis:<\/td>\n<td width=\"50%\">60 cm<\/td>\n<td><\/td>\n<td width=\"50%\"><\/td>\n<\/tr>\n<\/tbody>\n<\/table>","protected":false},"excerpt":{"rendered":"<h2>3M rankinis medaus traukiklis<\/h2>\n<p>Jis<strong style=\"font-style: inherit\">\u00a0rankinis medaus traukiklis<\/strong> i\u0161 <strong><span style=\"color: #ff0000\">KAM<\/span><span style=\"color: #0000ff\">R<\/span>c<\/strong> <span style=\"font-size: 16px\">\u00a0Jis skirtas 3 r\u0117m\u0173 apdorojimui, pagamintas i\u0161 itin patvaraus ner\u016bdijan\u010dio plieno. Tai\u00a0<\/span><strong style=\"font-style: inherit\">bitininkyst\u0117s technika<\/strong><span style=\"font-size: 16px\">\u00a0teikiama a<\/span><strong style=\"font-style: inherit\">\u00a0neprilygstama kaina<\/strong><span style=\"font-size: 16px\">\u00a0u\u017e r\u016bpest\u012f medaus gamyboje ir auk\u0161\u010diausios kokyb\u0117s med\u017eiagas.<\/span><\/p>\n<p>Jis\u00a0<strong style=\"font-style: inherit\">\u0161\u016bdo i\u0161trauk\u0117jas<\/strong>l Komplektuojamas su 2 skaidriais dang\u010diais ir 2 \u0161onin\u0117mis rankenomis, kad b\u016bt\u0173 lengva ne\u0161iotis. Apatin\u0117 vidin\u0117 stiebo dalis yra k\u016bgio formos. The\u00a0<strong style=\"font-style: inherit\">Mieloji<\/strong>\u00a0Jis i\u0161leid\u017eiamas i\u0161 2 cm dozatoriaus su fiksatoriumi. Jis\u00a0<strong style=\"font-style: inherit\">medaus ekstraktorius\u00a0<\/strong>\u00a0Jis skirtas apdoroti 3<strong style=\"font-style: inherit\">\u00a0r\u0117meliai<\/strong>\u00a0ir tinka ma\u017eo, vidutinio ir didelio gylio r\u0117mams. Metaliniai krumpliara\u010diai yra visi\u0161kai vidiniai, kad nesusitept\u0173 medumi. Jis\u00a0<strong style=\"font-style: inherit\">medaus ekstraktorius\u00a0<\/strong><span style=\"color: #ff0000\"><strong>KAM<\/strong><\/span><span style=\"color: #0000ff\"><strong>R<\/strong><\/span><strong>CEM01<\/strong>\u00a0Tai vienas i\u0161 nedaugelio rinkoje su apatiniu pakeltu guoliu, kuris neleid\u017eia prasiskverbti i\u0161trauktam medui. Veidrodinio poliruoto ner\u016bdijan\u010dio plieno apdaila suteikia labai eleganti\u0161k\u0173 savybi\u0173.<\/p>\n<h6 style=\"font-weight: inherit\"><strong style=\"font-style: inherit\">Garantija\u00a0<\/strong><span style=\"color: #ff0000\"><strong>KAM<\/strong><\/span><span style=\"color: #0000ff\"><strong>R<\/strong><\/span><strong>C 2 METAI<\/strong><\/h6>\n<h6 style=\"font-weight: inherit\"><strong style=\"font-style: inherit\">\u012ftraukta technin\u0117 pagalba<\/strong><\/h6>","protected":false},"featured_media":1332,"comment_status":"open","ping_status":"closed","template":"","meta":{"wds_primary_product_brand":0,"wds_primary_product_cat":0},"product_brand":[],"product_cat":[30],"product_tag":[],"class_list":{"0":"post-1321","1":"product","2":"type-product","3":"status-publish","4":"has-post-thumbnail","6":"product_cat-maquinaria-apicola","7":"product_shipping_class-express","9":"first","10":"instock","11":"sale","12":"taxable","13":"shipping-taxable","14":"purchasable","15":"product-type-simple"},"yoast_head":"<!-- This site is optimized with the Yoast SEO Premium plugin v24.9 (Yoast SEO v26.1) - https:\/\/yoast.com\/wordpress\/plugins\/seo\/ -->\n<title>Extractor de miel manual 3M - distribuci\u00f3n ARC<\/title>\n<meta name=\"robots\" content=\"index, follow, max-snippet:-1, max-image-preview:large, max-video-preview:-1\" \/>\n<link rel=\"canonical\" href=\"https:\/\/www.distribucionarc.com\/sk\/producto\/extractor-de-miel-manual-3m\/\" \/>\n<meta property=\"og:locale\" content=\"lt_LT\" \/>\n<meta property=\"og:type\" content=\"article\" \/>\n<meta property=\"og:title\" content=\"Extractor de miel manual 3M\" \/>\n<meta property=\"og:description\" content=\"Extractor de miel manual 3M El\u00a0Extractor de miel manual de ARC \u00a0est\u00e1 dise\u00f1ada para procesar 3 marcos, est\u00e1 hecho de acero inoxidable extremadamente duradero. Esta\u00a0maquinaria ap\u00edcola\u00a0se proporciona a un\u00a0precio inmejorable\u00a0por su cuidado en la elaboraci\u00f3n de la miel y sus materiales de primera calidad.  El\u00a0extractor de miel viene con 2 tapas transparentes y 2 asas laterales para facilitar el transporte. La parte inferior interna del tallo tiene forma c\u00f3nica. La\u00a0miel\u00a0se descarga del dispensador de 2 cm con un dispositivo de bloqueo. El\u00a0extractor de miel\u00a0\u00a0est\u00e1 dise\u00f1ado para procesar 3\u00a0marcos\u00a0y es adecuado para marcos de baja, media y alta profundidad. Los engranajes met\u00e1licos son totalmente internos para evitar que se ensucie con la miel. El\u00a0extractor de miel\u00a0ARCEM01\u00a0es uno de los pocos en el mercado equipado con un rodamiento elevado m\u00e1s bajo que impide la penetraci\u00f3n de la miel extra\u00edda. El acabado de acero inoxidable pulido espejo le da unas caracter\u00edsticas muy elegantes. Garant\u00eda\u00a0ARC 2 A\u00d1OS soporte t\u00e9cnico\u00a0incluido\" \/>\n<meta property=\"og:url\" content=\"https:\/\/www.distribucionarc.com\/sk\/producto\/extractor-de-miel-manual-3m\/\" \/>\n<meta property=\"og:site_name\" content=\"distribuci\u00f3n ARC\" \/>\n<meta property=\"article:modified_time\" content=\"2020-09-25T10:55:48+00:00\" \/>\n<meta property=\"og:image\" content=\"https:\/\/www.distribucionarc.com\/wp-content\/uploads\/2020\/07\/Extractor-de-miel-manual-3M-2.jpg\" \/>\n\t<meta property=\"og:image:width\" content=\"1600\" \/>\n\t<meta property=\"og:image:height\" content=\"1600\" \/>\n\t<meta property=\"og:image:type\" content=\"image\/jpeg\" \/>\n<meta name=\"twitter:card\" content=\"summary_large_image\" \/>\n<meta name=\"twitter:label1\" content=\"Est. reading time\" \/>\n\t<meta name=\"twitter:data1\" content=\"2 minut\u0117s\" \/>\n<script type=\"application\/ld+json\" class=\"yoast-schema-graph\">{\"@context\":\"https:\/\/schema.org\",\"@graph\":[{\"@type\":\"WebPage\",\"@id\":\"https:\/\/www.distribucionarc.com\/sk\/producto\/extractor-de-miel-manual-3m\/\",\"url\":\"https:\/\/www.distribucionarc.com\/sk\/producto\/extractor-de-miel-manual-3m\/\",\"name\":\"Extractor de miel manual 3M - distribuci\u00f3n ARC\",\"isPartOf\":{\"@id\":\"https:\/\/www.distribucionarc.com\/de\/#website\"},\"primaryImageOfPage\":{\"@id\":\"https:\/\/www.distribucionarc.com\/sk\/producto\/extractor-de-miel-manual-3m\/#primaryimage\"},\"image\":{\"@id\":\"https:\/\/www.distribucionarc.com\/sk\/producto\/extractor-de-miel-manual-3m\/#primaryimage\"},\"thumbnailUrl\":\"https:\/\/distribucionarc.com\/wp-content\/uploads\/2020\/07\/Extractor-de-miel-manual-3M-2.jpg\",\"datePublished\":\"2020-07-23T09:34:42+00:00\",\"dateModified\":\"2020-09-25T10:55:48+00:00\",\"breadcrumb\":{\"@id\":\"https:\/\/www.distribucionarc.com\/sk\/producto\/extractor-de-miel-manual-3m\/#breadcrumb\"},\"inLanguage\":\"lt-LT\",\"potentialAction\":[{\"@type\":\"ReadAction\",\"target\":[\"https:\/\/www.distribucionarc.com\/sk\/producto\/extractor-de-miel-manual-3m\/\"]}]},{\"@type\":\"ImageObject\",\"inLanguage\":\"lt-LT\",\"@id\":\"https:\/\/www.distribucionarc.com\/sk\/producto\/extractor-de-miel-manual-3m\/#primaryimage\",\"url\":\"https:\/\/distribucionarc.com\/wp-content\/uploads\/2020\/07\/Extractor-de-miel-manual-3M-2.jpg\",\"contentUrl\":\"https:\/\/distribucionarc.com\/wp-content\/uploads\/2020\/07\/Extractor-de-miel-manual-3M-2.jpg\",\"width\":1600,\"height\":1600,\"caption\":\"Extractor de miel manual 3M\"},{\"@type\":\"BreadcrumbList\",\"@id\":\"https:\/\/www.distribucionarc.com\/sk\/producto\/extractor-de-miel-manual-3m\/#breadcrumb\",\"itemListElement\":[{\"@type\":\"ListItem\",\"position\":1,\"name\":\"Portada\",\"item\":\"https:\/\/www.distribucionarc.com\/en\/\"},{\"@type\":\"ListItem\",\"position\":2,\"name\":\"Products\",\"item\":\"https:\/\/www.distribucionarc.com\/en\/shop\/\"},{\"@type\":\"ListItem\",\"position\":3,\"name\":\"Extractor de miel manual 3M\"}]},{\"@type\":\"WebSite\",\"@id\":\"https:\/\/www.distribucionarc.com\/de\/#website\",\"url\":\"https:\/\/www.distribucionarc.com\/de\/\",\"name\":\"distribuci\u00f3n ARC\",\"description\":\"Empresa especializada en la fabricaci\u00f3n y distribuci\u00f3n de maquinaria industrial, selladoras de latas, Maquinas de hacer pastillas, Maquinas de cortar carne...\",\"publisher\":{\"@id\":\"https:\/\/www.distribucionarc.com\/de\/#organization\"},\"potentialAction\":[{\"@type\":\"SearchAction\",\"target\":{\"@type\":\"EntryPoint\",\"urlTemplate\":\"https:\/\/www.distribucionarc.com\/de\/?s={search_term_string}\"},\"query-input\":{\"@type\":\"PropertyValueSpecification\",\"valueRequired\":true,\"valueName\":\"search_term_string\"}}],\"inLanguage\":\"lt-LT\"},{\"@type\":\"Organization\",\"@id\":\"https:\/\/www.distribucionarc.com\/de\/#organization\",\"name\":\"Distribuci\u00f3n ARC\",\"url\":\"https:\/\/www.distribucionarc.com\/de\/\",\"logo\":{\"@type\":\"ImageObject\",\"inLanguage\":\"lt-LT\",\"@id\":\"https:\/\/www.distribucionarc.com\/de\/#\/schema\/logo\/image\/\",\"url\":\"https:\/\/distribucionarc.com\/wp-content\/uploads\/2024\/10\/distribucion-ARC-COLOR-SIN-FONDO-e1732295305345.png\",\"contentUrl\":\"https:\/\/distribucionarc.com\/wp-content\/uploads\/2024\/10\/distribucion-ARC-COLOR-SIN-FONDO-e1732295305345.png\",\"width\":1164,\"height\":558,\"caption\":\"Distribuci\u00f3n ARC\"},\"image\":{\"@id\":\"https:\/\/www.distribucionarc.com\/de\/#\/schema\/logo\/image\/\"},\"description\":\"Empresa especializada en la fabricaci\u00f3n y distribuci\u00f3n de maquinaria industrial para los sectores alimentario y farmac\u00e9utico. Nos especializamos en: M\u00e1quinas de cortar carne Fabricaci\u00f3n de comprimidos Sistemas de transporte industrial L\u00edneas de embotellado Dosificadores Y mucho m\u00e1s... Ofrecemos soluciones innovadoras y personalizadas para optimizar los procesos productivos de tu empresa.\",\"email\":\"Admistracion@distribucionarc.com\",\"telephone\":\"+34 643496664\",\"legalName\":\"ARC TECH SOLUTIONS\",\"foundingDate\":\"2024-04-09\",\"vatID\":\"B55480172\",\"numberOfEmployees\":{\"@type\":\"QuantitativeValue\",\"minValue\":\"1\",\"maxValue\":\"10\"}}]}<\/script>\n<!-- \/ Yoast SEO Premium plugin. -->","yoast_head_json":{"title":"3M rankinis medaus traukiklis - ARC paskirstymas","robots":{"index":"index","follow":"follow","max-snippet":"max-snippet:-1","max-image-preview":"max-image-preview:large","max-video-preview":"max-video-preview:-1"},"canonical":"https:\/\/www.distribucionarc.com\/sk\/producto\/extractor-de-miel-manual-3m\/","og_locale":"lt_LT","og_type":"article","og_title":"Extractor de miel manual 3M","og_description":"Extractor de miel manual 3M El\u00a0Extractor de miel manual de ARC \u00a0est\u00e1 dise\u00f1ada para procesar 3 marcos, est\u00e1 hecho de acero inoxidable extremadamente duradero. Esta\u00a0maquinaria ap\u00edcola\u00a0se proporciona a un\u00a0precio inmejorable\u00a0por su cuidado en la elaboraci\u00f3n de la miel y sus materiales de primera calidad.  El\u00a0extractor de miel viene con 2 tapas transparentes y 2 asas laterales para facilitar el transporte. La parte inferior interna del tallo tiene forma c\u00f3nica. La\u00a0miel\u00a0se descarga del dispensador de 2 cm con un dispositivo de bloqueo. El\u00a0extractor de miel\u00a0\u00a0est\u00e1 dise\u00f1ado para procesar 3\u00a0marcos\u00a0y es adecuado para marcos de baja, media y alta profundidad. Los engranajes met\u00e1licos son totalmente internos para evitar que se ensucie con la miel. El\u00a0extractor de miel\u00a0ARCEM01\u00a0es uno de los pocos en el mercado equipado con un rodamiento elevado m\u00e1s bajo que impide la penetraci\u00f3n de la miel extra\u00edda. El acabado de acero inoxidable pulido espejo le da unas caracter\u00edsticas muy elegantes. Garant\u00eda\u00a0ARC 2 A\u00d1OS soporte t\u00e9cnico\u00a0incluido","og_url":"https:\/\/www.distribucionarc.com\/sk\/producto\/extractor-de-miel-manual-3m\/","og_site_name":"distribuci\u00f3n ARC","article_modified_time":"2020-09-25T10:55:48+00:00","og_image":[{"width":1600,"height":1600,"url":"https:\/\/www.distribucionarc.com\/wp-content\/uploads\/2020\/07\/Extractor-de-miel-manual-3M-2.jpg","type":"image\/jpeg"}],"twitter_card":"summary_large_image","twitter_misc":{"Est. reading time":"2 minut\u0117s"},"schema":{"@context":"https:\/\/schema.org","@graph":[{"@type":"WebPage","@id":"https:\/\/www.distribucionarc.com\/sk\/producto\/extractor-de-miel-manual-3m\/","url":"https:\/\/www.distribucionarc.com\/sk\/producto\/extractor-de-miel-manual-3m\/","name":"3M rankinis medaus traukiklis - ARC paskirstymas","isPartOf":{"@id":"https:\/\/www.distribucionarc.com\/de\/#website"},"primaryImageOfPage":{"@id":"https:\/\/www.distribucionarc.com\/sk\/producto\/extractor-de-miel-manual-3m\/#primaryimage"},"image":{"@id":"https:\/\/www.distribucionarc.com\/sk\/producto\/extractor-de-miel-manual-3m\/#primaryimage"},"thumbnailUrl":"https:\/\/distribucionarc.com\/wp-content\/uploads\/2020\/07\/Extractor-de-miel-manual-3M-2.jpg","datePublished":"2020-07-23T09:34:42+00:00","dateModified":"2020-09-25T10:55:48+00:00","breadcrumb":{"@id":"https:\/\/www.distribucionarc.com\/sk\/producto\/extractor-de-miel-manual-3m\/#breadcrumb"},"inLanguage":"lt-LT","potentialAction":[{"@type":"ReadAction","target":["https:\/\/www.distribucionarc.com\/sk\/producto\/extractor-de-miel-manual-3m\/"]}]},{"@type":"ImageObject","inLanguage":"lt-LT","@id":"https:\/\/www.distribucionarc.com\/sk\/producto\/extractor-de-miel-manual-3m\/#primaryimage","url":"https:\/\/distribucionarc.com\/wp-content\/uploads\/2020\/07\/Extractor-de-miel-manual-3M-2.jpg","contentUrl":"https:\/\/distribucionarc.com\/wp-content\/uploads\/2020\/07\/Extractor-de-miel-manual-3M-2.jpg","width":1600,"height":1600,"caption":"Extractor de miel manual 3M"},{"@type":"BreadcrumbList","@id":"https:\/\/www.distribucionarc.com\/sk\/producto\/extractor-de-miel-manual-3m\/#breadcrumb","itemListElement":[{"@type":"ListItem","position":1,"name":"Portada","item":"https:\/\/www.distribucionarc.com\/en\/"},{"@type":"ListItem","position":2,"name":"Products","item":"https:\/\/www.distribucionarc.com\/en\/shop\/"},{"@type":"ListItem","position":3,"name":"Extractor de miel manual 3M"}]},{"@type":"WebSite","@id":"https:\/\/www.distribucionarc.com\/de\/#website","url":"https:\/\/www.distribucionarc.com\/de\/","name":"ARC paskirstymas","description":"\u012emon\u0117 specializuojasi pramonini\u0173 ma\u0161in\u0173, skardini\u0173 sandarinimo ma\u0161in\u0173, table\u010di\u0173 gamybos ma\u0161in\u0173, m\u0117sos pjaustymo ma\u0161in\u0173 gamyboje ir platinime...","publisher":{"@id":"https:\/\/www.distribucionarc.com\/de\/#organization"},"potentialAction":[{"@type":"SearchAction","target":{"@type":"EntryPoint","urlTemplate":"https:\/\/www.distribucionarc.com\/de\/?s={search_term_string}"},"query-input":{"@type":"PropertyValueSpecification","valueRequired":true,"valueName":"search_term_string"}}],"inLanguage":"lt-LT"},{"@type":"Organization","@id":"https:\/\/www.distribucionarc.com\/de\/#organization","name":"ARC platinimas","url":"https:\/\/www.distribucionarc.com\/de\/","logo":{"@type":"ImageObject","inLanguage":"lt-LT","@id":"https:\/\/www.distribucionarc.com\/de\/#\/schema\/logo\/image\/","url":"https:\/\/distribucionarc.com\/wp-content\/uploads\/2024\/10\/distribucion-ARC-COLOR-SIN-FONDO-e1732295305345.png","contentUrl":"https:\/\/distribucionarc.com\/wp-content\/uploads\/2024\/10\/distribucion-ARC-COLOR-SIN-FONDO-e1732295305345.png","width":1164,"height":558,"caption":"Distribuci\u00f3n ARC"},"image":{"@id":"https:\/\/www.distribucionarc.com\/de\/#\/schema\/logo\/image\/"},"description":"\u012emon\u0117 specializuojasi maisto ir farmacijos sektoriams skirt\u0173 pramonini\u0173 ma\u0161in\u0173 gamyboje ir platinime. M\u016bs\u0173 specializacija: M\u0117sos pjaustymo ma\u0161inos Table\u010di\u0173 gamyba Pramonin\u0117s transportavimo sistemos I\u0161pilstymo linijos Dozatoriai Ir dar daugiau... Si\u016blome novatori\u0161kus ir individualiems poreikiams pritaikytus sprendimus, kad optimizuotume j\u016bs\u0173 \u012fmon\u0117s gamybos procesus.","email":"Admistracion@distribucionarc.com","telephone":"+34 643496664","legalName":"ARC TECH SOLUTIONS","foundingDate":"2024-04-09","vatID":"B55480172","numberOfEmployees":{"@type":"QuantitativeValue","minValue":"1","maxValue":"10"}}]}},"_links":{"self":[{"href":"https:\/\/distribucionarc.com\/lt\/wp-json\/wp\/v2\/product\/1321","targetHints":{"allow":["GET"]}}],"collection":[{"href":"https:\/\/distribucionarc.com\/lt\/wp-json\/wp\/v2\/product"}],"about":[{"href":"https:\/\/distribucionarc.com\/lt\/wp-json\/wp\/v2\/types\/product"}],"replies":[{"embeddable":true,"href":"https:\/\/distribucionarc.com\/lt\/wp-json\/wp\/v2\/comments?post=1321"}],"version-history":[{"count":0,"href":"https:\/\/distribucionarc.com\/lt\/wp-json\/wp\/v2\/product\/1321\/revisions"}],"wp:featuredmedia":[{"embeddable":true,"href":"https:\/\/distribucionarc.com\/lt\/wp-json\/wp\/v2\/media\/1332"}],"wp:attachment":[{"href":"https:\/\/distribucionarc.com\/lt\/wp-json\/wp\/v2\/media?parent=1321"}],"wp:term":[{"taxonomy":"product_brand","embeddable":true,"href":"https:\/\/distribucionarc.com\/lt\/wp-json\/wp\/v2\/product_brand?post=1321"},{"taxonomy":"product_cat","embeddable":true,"href":"https:\/\/distribucionarc.com\/lt\/wp-json\/wp\/v2\/product_cat?post=1321"},{"taxonomy":"product_tag","embeddable":true,"href":"https:\/\/distribucionarc.com\/lt\/wp-json\/wp\/v2\/product_tag?post=1321"}],"curies":[{"name":"wp","href":"https:\/\/api.w.org\/{rel}","templated":true}]}}