{"id":1343,"date":"2020-07-23T10:16:39","date_gmt":"2020-07-23T10:16:39","guid":{"rendered":"https:\/\/distribucionarc.com\/?post_type=product&#038;p=1343"},"modified":"2020-09-29T18:25:55","modified_gmt":"2020-09-29T18:25:55","slug":"elektrinis-medaus-ekstraktorius-4m","status":"publish","type":"product","link":"https:\/\/distribucionarc.com\/lt\/producto\/extractor-de-miel-electrico-4m\/","title":{"rendered":"4M elektrinis medaus ekstraktorius"},"content":{"rendered":"<h3><strong>4M elektrinis medaus ekstraktorius<\/strong><\/h3>\n<p>Tai\u00a0<strong>pramonin\u0117 elektrin\u0117 ma\u0161ina<\/strong>\u00a0u\u017e\u00a0<strong>bitininkyst\u0117<\/strong>\u00a0Turi auk\u0161tos kokyb\u0117s poliruoto ner\u016bdijan\u010dio plieno korpus\u0105 ir avilio r\u0117m\u0105, u\u017etikrinant\u012f atsparum\u0105 r\u016bdijimui ir dilimui. D\u0117l vientisos suvirinimo konstrukcijos jums bus lengviau pri\u017ei\u016br\u0117ti ir valyti aparat\u0105.<\/p>\n<p>The\u00a0<strong>elektrinis medaus traukiklis <span style=\"color: #ff0000\">KAM<\/span><span style=\"color: #0000ff\">R<\/span>CEME03<\/strong>\u00a0Jis turi 120W 1.1A, 1300 aps.\/min varikl\u012f su kintamo grei\u010dio parinktimis, \u0161is medaus trauk\u0117lis varomas elektros varikliu. Veikimo b\u016bdas yra paprastas, taupantis laik\u0105 ir darb\u0105. Be palankios energijos suvartojimui d\u0117l jos\u00a0<strong>ma\u017e\u0173 s\u0105naud\u0173 variklis<\/strong>.<\/p>\n<p>The\u00a0<strong>bitininkyst\u0117s technika<\/strong>\u00a0i\u0161\u00a0<strong><span style=\"color: #ff0000\">KAM<\/span><span style=\"color: #0000ff\">R<\/span>c<\/strong> Jis skirtas dideliems apkrovoms, rankena iki 4 standartini\u0173 r\u0117m\u0173 ma\u017eame, vidutiniame ir dideliame gylyje, u\u017edara \u012franga ant r\u0117mo padeda neu\u017eter\u0161ti <strong>Mieloji<\/strong>.<br \/>\nIntegruota sustor\u0117jusi sija yra pagaminta i\u0161 patvaraus aliuminio lydinio, kuris yra tvirtesnis ir stabilesnis. N\u0117ra a\u0161tri\u0173 kra\u0161t\u0173, kad b\u016bt\u0173 i\u0161vengta u\u017eter\u0161imo<strong>\u00a0Mieloji<\/strong>\u00a0ir u\u017etikrinti saugesn\u012f valdym\u0105. Kompakti\u0161kas ir sukurtas taip, kad suteikt\u0173 daugiau stabilumo<br \/>\nJis turi 2 skaidrius dangtelius, kad b\u016bt\u0173 galima steb\u0117ti proceso metu\u00a0<strong>gavyba<\/strong>. Vartai\u00a0<strong>skirtas medui<\/strong>\u00a0bako apa\u010dioje leid\u017eia medui tek\u0117ti savo nuo\u017ei\u016bra.<\/p>\n<p>Naudojimas\u00a0<strong><span style=\"color: #ff0000\">KAM<\/span><span style=\"color: #0000ff\">R<\/span>CEME03<\/strong>\u00a0pad\u0117s jums procese\u00a0<strong>medaus gaminimas<\/strong>\u00a0d\u0117l patogumo ir lengvo apdorojimo, taip paprasta kaip \u012fd\u0117ti<strong>\u00a0korio<\/strong>\u00a0ant r\u0117m\u0173 ir \u012fjungti elektros varikl\u012f, kad jis prad\u0117t\u0173 suktis ir taip gaut\u0173 galutin\u012f produkt\u0105; per labai trump\u0105 laik\u0105. Idealiai tinka m\u0117g\u0117jams arba\u00a0<strong>ma\u017easis bitininkas<\/strong>.<\/p>\n<h6><strong>Garantija\u00a0<span style=\"color: red\">KAM<\/span><span style=\"color: blue\">R<\/span>C 2 METAI<\/strong><\/h6>\n<h6><span style=\"color: green\">Efektyvus elektrinis medaus siurblys, ma\u017eas suvartojimas 120w<\/span><\/h6>\n<h6><strong>\u012ftraukta technin\u0117 pagalba<\/strong><\/h6>\n<p>&nbsp;<\/p>\n<p>&nbsp;<\/p>\n<table role=\"presentation\" width=\"100%\" cellspacing=\"0\" cellpadding=\"0\">\n<tbody>\n<tr>\n<td class=\"attrLabels\">galia:<\/td>\n<td width=\"50.0%\">120W<\/td>\n<\/tr>\n<tr>\n<td class=\"attrLabels\">Platinimo \u0161alis:<\/td>\n<td width=\"50.0%\">Ispanija, Vokietija, JAV<\/td>\n<td class=\"attrLabels\">Svoris:<\/td>\n<td width=\"50.0%\">23 kg<\/td>\n<\/tr>\n<tr>\n<td class=\"attrLabels\">Prekinis \u017eenklas:<\/td>\n<td width=\"50.0%\">ARC<\/td>\n<td class=\"attrLabels\">Auk\u0161tis:<\/td>\n<td width=\"50.0%\">78 cm<\/td>\n<\/tr>\n<tr>\n<td class=\"attrLabels\">Spalva:<\/td>\n<td width=\"50.0%\">Sidabras<\/td>\n<td class=\"attrLabels\">Ilgas:<\/td>\n<td width=\"50.0%\">\u00a053 cm<\/td>\n<\/tr>\n<tr>\n<td class=\"attrLabels\">Produkto tipas:<\/td>\n<td width=\"50.0%\">elektrinis medaus traukiklis<\/td>\n<td class=\"attrLabels\">Platus:<\/td>\n<td width=\"50.0%\">53 cm<\/td>\n<\/tr>\n<tr>\n<td class=\"attrLabels\">Gamintojo numeris:<\/td>\n<td width=\"50.0%\">ARCEME03<\/td>\n<td class=\"attrLabels\">Variklio galia:<\/td>\n<td width=\"50.0%\">1.1A<\/td>\n<\/tr>\n<tr>\n<td class=\"attrLabels\">Med\u017eiaga:<\/td>\n<td width=\"50.0%\">ner\u016bdijantis plienas, ma\u017eai suvartojantis variklis, aliuminio lydinys<\/td>\n<td class=\"attrLabels\">\u012f\u0117jimo \u012ftampa<\/td>\n<td width=\"50.0%\">220V \u2013 50Hz110V \u2013 60Hz<\/td>\n<\/tr>\n<tr>\n<td class=\"attrLabels\">Statin\u0117s matmenys:<\/td>\n<td width=\"50.0%\">50cm skersmuo<\/td>\n<td class=\"attrLabels\">Garantija:<\/td>\n<td width=\"50.0%\">2 METAI<\/td>\n<\/tr>\n<tr>\n<td class=\"attrLabels\">Statin\u0117s auk\u0161tis:<\/td>\n<td width=\"50.0%\">60 cm<\/td>\n<td class=\"attrLabels\">Gamyba:<\/td>\n<td width=\"50.0%\">4 \u017eenklai<\/td>\n<\/tr>\n<\/tbody>\n<\/table>","protected":false},"excerpt":{"rendered":"<h2>4M elektrinis medaus ekstraktorius<\/h2>\n<p>Jis<strong>\u00a0elektrinis medaus traukiklis<\/strong>\u00a0i\u0161<strong>\u00a0<span style=\"color: red\">KAM<\/span><span style=\"color: blue\">R<\/span>c<\/strong> Jis skirtas 4 r\u0117m\u0173 apdorojimui, pagamintas i\u0161 itin patvaraus ner\u016bdijan\u010dio plieno. Tai <strong>bitininkyst\u0117s technika<\/strong>\u00a0teikiama a<strong>\u00a0neprilygstama kaina<\/strong>\u00a0u\u017e r\u016bpest\u012f medaus gamyboje ir auk\u0161\u010diausios kokyb\u0117s med\u017eiagas.<\/p>\n<p>Jis\u00a0<strong>\u0161\u016bdo i\u0161trauk\u0117jas<\/strong>l Komplektuojamas su 2 skaidriais dang\u010diais ir 2 \u0161onin\u0117mis rankenomis, kad b\u016bt\u0173 lengva ne\u0161iotis. Apatin\u0117 vidin\u0117 stiebo dalis yra k\u016bgio formos. The\u00a0<strong>Mieloji<\/strong>\u00a0Jis i\u0161leid\u017eiamas i\u0161 5 cm dozatoriaus su fiksatoriumi. Jis\u00a0<strong>elektrinis medaus traukiklis<\/strong> skirtas apdoroti <strong>4 kadrai<\/strong>\u00a0ir tinka ma\u017eo, vidutinio ir didelio gylio r\u0117mams. Metaliniai krumpliara\u010diai yra visi\u0161kai vidiniai, kad nesusitept\u0173 medumi. Jis\u00a0<strong>medaus ekstraktorius\u00a0<span style=\"color: red\">KAM<\/span><span style=\"color: blue\">R<\/span>CEME03<\/strong>\u00a0Tai vienas i\u0161 nedaugelio rinkoje su apatiniu pakeltu guoliu, kuris neleid\u017eia prasiskverbti i\u0161trauktam medui. Veidrodinio poliruoto ner\u016bdijan\u010dio plieno apdaila suteikia labai eleganti\u0161k\u0173 savybi\u0173.<\/p>\n<h6><strong>Garantija\u00a0<span style=\"color: red\">KAM<\/span><span style=\"color: blue\">R<\/span>C 2 METAI<\/strong><\/h6>\n<h6><span style=\"color: green\">Efektyvus elektrinis medaus siurblys, ma\u017eas suvartojimas 120w<\/span><\/h6>\n<h6><strong>\u012ftraukta technin\u0117 pagalba<\/strong><\/h6>","protected":false},"featured_media":1352,"comment_status":"open","ping_status":"closed","template":"","meta":{"wds_primary_product_brand":0,"wds_primary_product_cat":0},"product_brand":[],"product_cat":[30],"product_tag":[],"class_list":{"0":"post-1343","1":"product","2":"type-product","3":"status-publish","4":"has-post-thumbnail","6":"product_cat-maquinaria-apicola","7":"product_shipping_class-express","9":"first","10":"instock","11":"sale","12":"taxable","13":"shipping-taxable","14":"purchasable","15":"product-type-simple"},"yoast_head":"<!-- This site is optimized with the Yoast SEO Premium plugin v24.9 (Yoast SEO v26.1) - https:\/\/yoast.com\/wordpress\/plugins\/seo\/ -->\n<title>Extractor de miel el\u00e9ctrico 4M - distribuci\u00f3n ARC<\/title>\n<meta name=\"robots\" content=\"index, follow, max-snippet:-1, max-image-preview:large, max-video-preview:-1\" \/>\n<link rel=\"canonical\" href=\"https:\/\/distribucionarc.com\/lt\/produktas\/elektrinis-medaus-ekstraktorius-4m\/\" \/>\n<meta property=\"og:locale\" content=\"lt_LT\" \/>\n<meta property=\"og:type\" content=\"article\" \/>\n<meta property=\"og:title\" content=\"Extractor de miel el\u00e9ctrico 4M\" \/>\n<meta property=\"og:description\" content=\"Extractor de miel el\u00e9ctrico 4M El\u00a0Extractor de miel el\u00e9ctrico\u00a0de\u00a0ARC est\u00e1 dise\u00f1ada para procesar 4 marcos, est\u00e1 hecho de acero inoxidable extremadamente duradero. Esta maquinaria ap\u00edcola\u00a0se proporciona a un\u00a0precio inmejorable\u00a0por su cuidado en la elaboraci\u00f3n de la miel y sus materiales de primera calidad.  El\u00a0extractor de miel viene con 2 tapas transparentes y 2 asas laterales para facilitar el transporte. La parte inferior interna del tallo tiene forma c\u00f3nica. La\u00a0miel\u00a0se descarga del dispensador de 5 cm con un dispositivo de bloqueo. El\u00a0extractor de miel el\u00e9ctrico est\u00e1 dise\u00f1ado para procesar 4\u00a0marcos\u00a0y es adecuado para marcos de baja, media y alta profundidad. Los engranajes met\u00e1licos son totalmente internos para evitar que se ensucie con la miel. El\u00a0extractor de miel\u00a0ARCEME03\u00a0es uno de los pocos en el mercado equipado con un rodamiento elevado m\u00e1s bajo que impide la penetraci\u00f3n de la miel extra\u00edda. El acabado de acero inoxidable pulido espejo le da unas caracter\u00edsticas muy elegantes. Garant\u00eda\u00a0ARC 2 A\u00d1OS Extractor de miel el\u00e9ctrico eficiente, bajo consumo 120w soporte t\u00e9cnico\u00a0incluido\" \/>\n<meta property=\"og:url\" content=\"https:\/\/distribucionarc.com\/lt\/produktas\/elektrinis-medaus-ekstraktorius-4m\/\" \/>\n<meta property=\"og:site_name\" content=\"distribuci\u00f3n ARC\" \/>\n<meta property=\"article:modified_time\" content=\"2020-09-29T18:25:55+00:00\" \/>\n<meta property=\"og:image\" content=\"https:\/\/distribucionarc.com\/wp-content\/uploads\/2020\/07\/Extractor-de-miel-el\u00e9ctrico-4M-2.jpg\" \/>\n\t<meta property=\"og:image:width\" content=\"1600\" \/>\n\t<meta property=\"og:image:height\" content=\"1600\" \/>\n\t<meta property=\"og:image:type\" content=\"image\/jpeg\" \/>\n<meta name=\"twitter:card\" content=\"summary_large_image\" \/>\n<meta name=\"twitter:label1\" content=\"Est. reading time\" \/>\n\t<meta name=\"twitter:data1\" content=\"2 minut\u0117s\" \/>\n<script type=\"application\/ld+json\" class=\"yoast-schema-graph\">{\"@context\":\"https:\/\/schema.org\",\"@graph\":[{\"@type\":\"WebPage\",\"@id\":\"https:\/\/distribucionarc.com\/sk\/producto\/extractor-de-miel-electrico-4m\/\",\"url\":\"https:\/\/distribucionarc.com\/sk\/producto\/extractor-de-miel-electrico-4m\/\",\"name\":\"Extractor de miel el\u00e9ctrico 4M - distribuci\u00f3n ARC\",\"isPartOf\":{\"@id\":\"https:\/\/www.distribucionarc.com\/sl\/#website\"},\"primaryImageOfPage\":{\"@id\":\"https:\/\/distribucionarc.com\/sk\/producto\/extractor-de-miel-electrico-4m\/#primaryimage\"},\"image\":{\"@id\":\"https:\/\/distribucionarc.com\/sk\/producto\/extractor-de-miel-electrico-4m\/#primaryimage\"},\"thumbnailUrl\":\"https:\/\/distribucionarc.com\/wp-content\/uploads\/2020\/07\/Extractor-de-miel-el\u00e9ctrico-4M-2.jpg\",\"datePublished\":\"2020-07-23T10:16:39+00:00\",\"dateModified\":\"2020-09-29T18:25:55+00:00\",\"breadcrumb\":{\"@id\":\"https:\/\/distribucionarc.com\/sk\/producto\/extractor-de-miel-electrico-4m\/#breadcrumb\"},\"inLanguage\":\"lt-LT\",\"potentialAction\":[{\"@type\":\"ReadAction\",\"target\":[\"https:\/\/distribucionarc.com\/sk\/producto\/extractor-de-miel-electrico-4m\/\"]}]},{\"@type\":\"ImageObject\",\"inLanguage\":\"lt-LT\",\"@id\":\"https:\/\/distribucionarc.com\/sk\/producto\/extractor-de-miel-electrico-4m\/#primaryimage\",\"url\":\"https:\/\/distribucionarc.com\/wp-content\/uploads\/2020\/07\/Extractor-de-miel-el\u00e9ctrico-4M-2.jpg\",\"contentUrl\":\"https:\/\/distribucionarc.com\/wp-content\/uploads\/2020\/07\/Extractor-de-miel-el\u00e9ctrico-4M-2.jpg\",\"width\":1600,\"height\":1600,\"caption\":\"Extractor de miel el\u00e9ctrico 4M\"},{\"@type\":\"BreadcrumbList\",\"@id\":\"https:\/\/distribucionarc.com\/sk\/producto\/extractor-de-miel-electrico-4m\/#breadcrumb\",\"itemListElement\":[{\"@type\":\"ListItem\",\"position\":1,\"name\":\"Portada\",\"item\":\"https:\/\/www.distribucionarc.com\/\"},{\"@type\":\"ListItem\",\"position\":2,\"name\":\"\u00dcr\u00fcnler\",\"item\":\"https:\/\/www.distribucionarc.com\/tr\/magaza\/\"},{\"@type\":\"ListItem\",\"position\":3,\"name\":\"Extractor de miel el\u00e9ctrico 4M\"}]},{\"@type\":\"WebSite\",\"@id\":\"https:\/\/www.distribucionarc.com\/sl\/#website\",\"url\":\"https:\/\/www.distribucionarc.com\/sl\/\",\"name\":\"distribuci\u00f3n ARC\",\"description\":\"Empresa especializada en la fabricaci\u00f3n y distribuci\u00f3n de maquinaria industrial, selladoras de latas, Maquinas de hacer pastillas, Maquinas de cortar carne...\",\"publisher\":{\"@id\":\"https:\/\/www.distribucionarc.com\/sl\/#organization\"},\"potentialAction\":[{\"@type\":\"SearchAction\",\"target\":{\"@type\":\"EntryPoint\",\"urlTemplate\":\"https:\/\/www.distribucionarc.com\/sl\/?s={search_term_string}\"},\"query-input\":{\"@type\":\"PropertyValueSpecification\",\"valueRequired\":true,\"valueName\":\"search_term_string\"}}],\"inLanguage\":\"lt-LT\"},{\"@type\":\"Organization\",\"@id\":\"https:\/\/www.distribucionarc.com\/sl\/#organization\",\"name\":\"Distribuci\u00f3n ARC\",\"url\":\"https:\/\/www.distribucionarc.com\/sl\/\",\"logo\":{\"@type\":\"ImageObject\",\"inLanguage\":\"lt-LT\",\"@id\":\"https:\/\/www.distribucionarc.com\/sl\/#\/schema\/logo\/image\/\",\"url\":\"https:\/\/distribucionarc.com\/wp-content\/uploads\/2024\/10\/distribucion-ARC-COLOR-SIN-FONDO-e1732295305345.png\",\"contentUrl\":\"https:\/\/distribucionarc.com\/wp-content\/uploads\/2024\/10\/distribucion-ARC-COLOR-SIN-FONDO-e1732295305345.png\",\"width\":1164,\"height\":558,\"caption\":\"Distribuci\u00f3n ARC\"},\"image\":{\"@id\":\"https:\/\/www.distribucionarc.com\/sl\/#\/schema\/logo\/image\/\"},\"description\":\"Empresa especializada en la fabricaci\u00f3n y distribuci\u00f3n de maquinaria industrial para los sectores alimentario y farmac\u00e9utico. Nos especializamos en: M\u00e1quinas de cortar carne Fabricaci\u00f3n de comprimidos Sistemas de transporte industrial L\u00edneas de embotellado Dosificadores Y mucho m\u00e1s... Ofrecemos soluciones innovadoras y personalizadas para optimizar los procesos productivos de tu empresa.\",\"email\":\"Admistracion@distribucionarc.com\",\"telephone\":\"+34 643496664\",\"legalName\":\"ARC TECH SOLUTIONS\",\"foundingDate\":\"2024-04-09\",\"vatID\":\"B55480172\",\"numberOfEmployees\":{\"@type\":\"QuantitativeValue\",\"minValue\":\"1\",\"maxValue\":\"10\"}}]}<\/script>\n<!-- \/ Yoast SEO Premium plugin. -->","yoast_head_json":{"title":"4M elektrinis medaus traukiklis - ARC skirstytuvas","robots":{"index":"index","follow":"follow","max-snippet":"max-snippet:-1","max-image-preview":"max-image-preview:large","max-video-preview":"max-video-preview:-1"},"canonical":"https:\/\/distribucionarc.com\/lt\/produktas\/elektrinis-medaus-ekstraktorius-4m\/","og_locale":"lt_LT","og_type":"article","og_title":"Extractor de miel el\u00e9ctrico 4M","og_description":"Extractor de miel el\u00e9ctrico 4M El\u00a0Extractor de miel el\u00e9ctrico\u00a0de\u00a0ARC est\u00e1 dise\u00f1ada para procesar 4 marcos, est\u00e1 hecho de acero inoxidable extremadamente duradero. Esta maquinaria ap\u00edcola\u00a0se proporciona a un\u00a0precio inmejorable\u00a0por su cuidado en la elaboraci\u00f3n de la miel y sus materiales de primera calidad.  El\u00a0extractor de miel viene con 2 tapas transparentes y 2 asas laterales para facilitar el transporte. La parte inferior interna del tallo tiene forma c\u00f3nica. La\u00a0miel\u00a0se descarga del dispensador de 5 cm con un dispositivo de bloqueo. El\u00a0extractor de miel el\u00e9ctrico est\u00e1 dise\u00f1ado para procesar 4\u00a0marcos\u00a0y es adecuado para marcos de baja, media y alta profundidad. Los engranajes met\u00e1licos son totalmente internos para evitar que se ensucie con la miel. El\u00a0extractor de miel\u00a0ARCEME03\u00a0es uno de los pocos en el mercado equipado con un rodamiento elevado m\u00e1s bajo que impide la penetraci\u00f3n de la miel extra\u00edda. El acabado de acero inoxidable pulido espejo le da unas caracter\u00edsticas muy elegantes. Garant\u00eda\u00a0ARC 2 A\u00d1OS Extractor de miel el\u00e9ctrico eficiente, bajo consumo 120w soporte t\u00e9cnico\u00a0incluido","og_url":"https:\/\/distribucionarc.com\/lt\/produktas\/elektrinis-medaus-ekstraktorius-4m\/","og_site_name":"distribuci\u00f3n ARC","article_modified_time":"2020-09-29T18:25:55+00:00","og_image":[{"width":1600,"height":1600,"url":"https:\/\/distribucionarc.com\/wp-content\/uploads\/2020\/07\/Extractor-de-miel-el\u00e9ctrico-4M-2.jpg","type":"image\/jpeg"}],"twitter_card":"summary_large_image","twitter_misc":{"Est. reading time":"2 minut\u0117s"},"schema":{"@context":"https:\/\/schema.org","@graph":[{"@type":"WebPage","@id":"https:\/\/distribucionarc.com\/sk\/producto\/extractor-de-miel-electrico-4m\/","url":"https:\/\/distribucionarc.com\/sk\/producto\/extractor-de-miel-electrico-4m\/","name":"4M elektrinis medaus traukiklis - ARC skirstytuvas","isPartOf":{"@id":"https:\/\/www.distribucionarc.com\/sl\/#website"},"primaryImageOfPage":{"@id":"https:\/\/distribucionarc.com\/sk\/producto\/extractor-de-miel-electrico-4m\/#primaryimage"},"image":{"@id":"https:\/\/distribucionarc.com\/sk\/producto\/extractor-de-miel-electrico-4m\/#primaryimage"},"thumbnailUrl":"https:\/\/distribucionarc.com\/wp-content\/uploads\/2020\/07\/Extractor-de-miel-el\u00e9ctrico-4M-2.jpg","datePublished":"2020-07-23T10:16:39+00:00","dateModified":"2020-09-29T18:25:55+00:00","breadcrumb":{"@id":"https:\/\/distribucionarc.com\/sk\/producto\/extractor-de-miel-electrico-4m\/#breadcrumb"},"inLanguage":"lt-LT","potentialAction":[{"@type":"ReadAction","target":["https:\/\/distribucionarc.com\/sk\/producto\/extractor-de-miel-electrico-4m\/"]}]},{"@type":"ImageObject","inLanguage":"lt-LT","@id":"https:\/\/distribucionarc.com\/sk\/producto\/extractor-de-miel-electrico-4m\/#primaryimage","url":"https:\/\/distribucionarc.com\/wp-content\/uploads\/2020\/07\/Extractor-de-miel-el\u00e9ctrico-4M-2.jpg","contentUrl":"https:\/\/distribucionarc.com\/wp-content\/uploads\/2020\/07\/Extractor-de-miel-el\u00e9ctrico-4M-2.jpg","width":1600,"height":1600,"caption":"Extractor de miel el\u00e9ctrico 4M"},{"@type":"BreadcrumbList","@id":"https:\/\/distribucionarc.com\/sk\/producto\/extractor-de-miel-electrico-4m\/#breadcrumb","itemListElement":[{"@type":"ListItem","position":1,"name":"Portada","item":"https:\/\/www.distribucionarc.com\/"},{"@type":"ListItem","position":2,"name":"\u00dcr\u00fcnler","item":"https:\/\/www.distribucionarc.com\/tr\/magaza\/"},{"@type":"ListItem","position":3,"name":"Extractor de miel el\u00e9ctrico 4M"}]},{"@type":"WebSite","@id":"https:\/\/www.distribucionarc.com\/sl\/#website","url":"https:\/\/www.distribucionarc.com\/sl\/","name":"ARC paskirstymas","description":"\u012emon\u0117 specializuojasi pramonini\u0173 ma\u0161in\u0173, skardini\u0173 sandarinimo ma\u0161in\u0173, table\u010di\u0173 gamybos ma\u0161in\u0173, m\u0117sos pjaustymo ma\u0161in\u0173 gamyboje ir platinime...","publisher":{"@id":"https:\/\/www.distribucionarc.com\/sl\/#organization"},"potentialAction":[{"@type":"SearchAction","target":{"@type":"EntryPoint","urlTemplate":"https:\/\/www.distribucionarc.com\/sl\/?s={search_term_string}"},"query-input":{"@type":"PropertyValueSpecification","valueRequired":true,"valueName":"search_term_string"}}],"inLanguage":"lt-LT"},{"@type":"Organization","@id":"https:\/\/www.distribucionarc.com\/sl\/#organization","name":"ARC platinimas","url":"https:\/\/www.distribucionarc.com\/sl\/","logo":{"@type":"ImageObject","inLanguage":"lt-LT","@id":"https:\/\/www.distribucionarc.com\/sl\/#\/schema\/logo\/image\/","url":"https:\/\/distribucionarc.com\/wp-content\/uploads\/2024\/10\/distribucion-ARC-COLOR-SIN-FONDO-e1732295305345.png","contentUrl":"https:\/\/distribucionarc.com\/wp-content\/uploads\/2024\/10\/distribucion-ARC-COLOR-SIN-FONDO-e1732295305345.png","width":1164,"height":558,"caption":"Distribuci\u00f3n ARC"},"image":{"@id":"https:\/\/www.distribucionarc.com\/sl\/#\/schema\/logo\/image\/"},"description":"\u012emon\u0117 specializuojasi maisto ir farmacijos sektoriams skirt\u0173 pramonini\u0173 ma\u0161in\u0173 gamyboje ir platinime. M\u016bs\u0173 specializacija: M\u0117sos pjaustymo ma\u0161inos Table\u010di\u0173 gamyba Pramonin\u0117s transportavimo sistemos I\u0161pilstymo linijos Dozatoriai Ir dar daugiau... Si\u016blome novatori\u0161kus ir individualiems poreikiams pritaikytus sprendimus, kad optimizuotume j\u016bs\u0173 \u012fmon\u0117s gamybos procesus.","email":"Admistracion@distribucionarc.com","telephone":"+34 643496664","legalName":"ARC TECH SOLUTIONS","foundingDate":"2024-04-09","vatID":"B55480172","numberOfEmployees":{"@type":"QuantitativeValue","minValue":"1","maxValue":"10"}}]}},"_links":{"self":[{"href":"https:\/\/distribucionarc.com\/lt\/wp-json\/wp\/v2\/product\/1343","targetHints":{"allow":["GET"]}}],"collection":[{"href":"https:\/\/distribucionarc.com\/lt\/wp-json\/wp\/v2\/product"}],"about":[{"href":"https:\/\/distribucionarc.com\/lt\/wp-json\/wp\/v2\/types\/product"}],"replies":[{"embeddable":true,"href":"https:\/\/distribucionarc.com\/lt\/wp-json\/wp\/v2\/comments?post=1343"}],"version-history":[{"count":0,"href":"https:\/\/distribucionarc.com\/lt\/wp-json\/wp\/v2\/product\/1343\/revisions"}],"wp:featuredmedia":[{"embeddable":true,"href":"https:\/\/distribucionarc.com\/lt\/wp-json\/wp\/v2\/media\/1352"}],"wp:attachment":[{"href":"https:\/\/distribucionarc.com\/lt\/wp-json\/wp\/v2\/media?parent=1343"}],"wp:term":[{"taxonomy":"product_brand","embeddable":true,"href":"https:\/\/distribucionarc.com\/lt\/wp-json\/wp\/v2\/product_brand?post=1343"},{"taxonomy":"product_cat","embeddable":true,"href":"https:\/\/distribucionarc.com\/lt\/wp-json\/wp\/v2\/product_cat?post=1343"},{"taxonomy":"product_tag","embeddable":true,"href":"https:\/\/distribucionarc.com\/lt\/wp-json\/wp\/v2\/product_tag?post=1343"}],"curies":[{"name":"wp","href":"https:\/\/api.w.org\/{rel}","templated":true}]}}