{"id":1368,"date":"2020-07-23T15:26:48","date_gmt":"2020-07-23T15:26:48","guid":{"rendered":"https:\/\/distribucionarc.com\/?post_type=product&#038;p=1368"},"modified":"2023-05-06T18:01:14","modified_gmt":"2023-05-06T18:01:14","slug":"mesos-pjaustytuvas-pjaustytojas-profesionalas-500kg","status":"publish","type":"product","link":"https:\/\/distribucionarc.com\/lt\/producto\/cortadora-fileteadora-de-carnes-profesional-500kg\/","title":{"rendered":"Profesionali m\u0117sos fil\u0117 pjaustykl\u0117 500kg"},"content":{"rendered":"<h3>Profesionali m\u0117sos fil\u0117 pjaustykl\u0117 500kg<\/h3>\n<p>Su <strong>profesionalios m\u0117sos pjaustykl\u0117s<\/strong> i\u0161 <strong><span style=\"color: #ff0000;\">KAM<\/span><span style=\"color: #0000ff;\">R<\/span>c<\/strong> Gal\u0117site gauti gamin\u012f, atitinkant\u012f j\u016bs\u0173 poreikius, \u0161i ma\u0161ina geriau i\u0161saugos j\u016bs\u0173 gaminius, palengvindama pjaustym\u0105 per trumpiausi\u0105 \u012fmanom\u0105 laik\u0105, gal\u0117site reguliuoti fil\u0117 ma\u0161in\u0105 pagal klient\u0173 poreikius, kad i\u0161gautum\u0117te tolygius ir tikslius pj\u016bvius.<\/p>\n<p>The <strong>profesionalus fil\u0117tojas<\/strong> i\u0161<strong><span style=\"color: #ff0000;\"> KAM<\/span><span style=\"color: #0000ff;\">R<\/span>c<\/strong> Jis visi\u0161kai pagamintas i\u0161 ner\u016bdijan\u010dio plieno, kad b\u016bt\u0173 u\u017etikrintas jo kietumas ir tvirtumas. Peiliai yra pagaminti i\u0161 kitos specialios med\u017eiagos, skirtos maisto sektoriui, kurios kietumas gali siekti 52\u00ba, tod\u0117l juos galima naudoti ilg\u0105 laik\u0105.<\/p>\n<p>Tai <strong>komercinis pjaustytuvas <span style=\"color: #ff0000;\">KAM<\/span><span style=\"color: #0000ff;\">R<\/span>CMFTC1<\/strong> Turi saug\u0173 apsaugos mygtuk\u0105, atidengus ma\u0161in\u0105 automati\u0161kai u\u017esirakina. <strong>\u0160is profesionalus fil\u0117<\/strong> padidins savo gamyb\u0105 pasiekdamas <span style=\"color: #ff0000;\"><b style=\"color: #ff0000;\">gaminti <\/b><span style=\"color: #ff0000;\"><b>500 kg<\/b><\/span><b style=\"color: #ff0000;\"> per valand\u0105,<\/b><\/span> o naudos i\u0161 <span style=\"color: #008000;\"><strong>ma\u017e\u0173 s\u0105naud\u0173 variklis<\/strong><\/span>.<\/p>\n<p>Profesionalus fil\u0117 \u012ftaisas yra su 0,3 cm laisvu peiliuku, tod\u0117l jis gali \u012fpjauti nuo 0,25 iki 50 cm. Profesionali pjaustykl\u0117 geriausiai tinka delikates\u0173 parduotuv\u0117ms, barams, restoranams, m\u0117sos perdirb\u0117jams, fur\u0161etams, vie\u0161bu\u010diams.<\/p>\n<h6>Garantija<strong>\u00a0<span style=\"color: #ff0000;\">KAM<\/span><span style=\"color: #0000ff;\">R<\/span>C 2 METAI<\/strong><\/h6>\n<h6><span style=\"color: #008000;\">efektyviausias variklis ma\u017eos s\u0105naudos 1000w<\/span><\/h6>\n<h6>\u012ftraukta technin\u0117 pagalba.<\/h6>\n<p>&nbsp;<\/p>\n<p>&nbsp;<\/p>\n<table role=\"presentation\" width=\"100%\" cellspacing=\"0\" cellpadding=\"0\">\n<tbody>\n<tr>\n<td class=\"attrLabels\">Galia:<\/td>\n<td width=\"50.0%\">1000W<\/td>\n<\/tr>\n<tr>\n<td class=\"attrLabels\">\u012etampa:<\/td>\n<td width=\"50.0%\">110V \u2013 220V nuo 50Hz iki 60Hz<\/td>\n<td class=\"attrLabels\">Svoris:<\/td>\n<td width=\"50.0%\">50 kg<\/td>\n<\/tr>\n<tr>\n<td class=\"attrLabels\">Platinimo \u0161alis:<\/td>\n<td width=\"50.0%\">Ispanija, Vokietija, JAV<\/td>\n<td class=\"attrLabels\">Auk\u0161tis:<\/td>\n<td width=\"50.0%\">74,5 cm<\/td>\n<\/tr>\n<tr>\n<td class=\"attrLabels\">Prekinis \u017eenklas:<\/td>\n<td width=\"50.0%\">ARC<\/td>\n<td class=\"attrLabels\">Ilgas:<\/td>\n<td width=\"50.0%\">12&quot;<\/td>\n<\/tr>\n<tr>\n<td class=\"attrLabels\">Produkto tipas:<\/td>\n<td width=\"50.0%\">Profesionalus fil\u0117 pjaustytuvas<\/td>\n<td class=\"attrLabels\">Platus:<\/td>\n<td width=\"50.0%\">\u00a053 cm<\/td>\n<\/tr>\n<tr>\n<td class=\"attrLabels\">Gamintojo numeris:<\/td>\n<td width=\"50.0%\">ARCMFTC1<\/td>\n<td class=\"attrLabels\">Darbo greitis:<\/td>\n<td width=\"50.0%\">\u00a0500 kg per valand\u0105<\/td>\n<\/tr>\n<tr>\n<td class=\"attrLabels\">Med\u017eiaga:<\/td>\n<td width=\"50.0%\">ner\u016bdijan\u010dio plieno, neslid\u016bs ratai,<\/td>\n<td class=\"attrLabels\">\u012evesties dydis:<\/td>\n<td width=\"50.0%\">14,5x7 cm<\/td>\n<\/tr>\n<tr>\n<td class=\"attrLabels\">Spalva:<\/td>\n<td width=\"50.0%\">Sidabras<\/td>\n<td class=\"attrLabels\">Gamyba:<\/td>\n<td width=\"50.0%\">360 kg<\/td>\n<\/tr>\n<tr>\n<td class=\"attrLabels\">Montavimo \u012frankiai:<\/td>\n<td width=\"50.0%\">Taip<\/td>\n<td class=\"attrLabels\">Garantija:<\/td>\n<td width=\"50.0%\">2 METAI<\/td>\n<\/tr>\n<\/tbody>\n<\/table>\n<p>&nbsp;<\/p>\n<p>&nbsp;<\/p>\n<p>&nbsp;<\/p>","protected":false},"excerpt":{"rendered":"<h2>Profesionali m\u0117sos fil\u0117 pjaustykl\u0117 500kg<\/h2>\n<p>Tai <strong>komercin\u0117 m\u0117sos pjaustykl\u0117<span style=\"color: #ff0000;\"> KAM<\/span><span style=\"color: #0000ff;\">R<\/span>c<\/strong> Tinka restoran\u0173 pramonei, m\u0117sos perdirb\u0117jams, fur\u0161etams, vie\u0161bu\u010diams. Su \u0161iuo profesionaliu pjaustytuvu padidinsite savo produkcij\u0105, nes gal\u0117site apdoroti <span style=\"color: #ff0000;\"><strong>500 kg per valand\u0105<\/strong><\/span>.<\/p>\n<p>The <strong>profesionalus fil\u0117tojas<span style=\"color: #ff0000;\"> KAM<\/span><span style=\"color: #0000ff;\">R<\/span>CMFTC1<\/strong> Jis veiksmingas pjaustant jautien\u0105, kiaulien\u0105, \u0117rien\u0105 ir kit\u0105 m\u0117s\u0105. \u0160i\u0173 pjaustyt\u0173 m\u0117s\u0173 pavir\u0161ius lygus, o storis vienodas, labai naudinga i\u0161laikyti \u0161vie\u017eios m\u0117sos kokyb\u0119. The <strong>m\u0117sos pjaustykl\u0117<\/strong> Jis sukurtas taip, kad b\u016bt\u0173 paprastas ir \u0161varus, laisvai sukamas; Peilio blok\u0105 galima lengviau nuimti, i\u0161valyti ir reguliuoti. Pagaminta i\u0161 auk\u0161\u010diausios kokyb\u0117s ner\u016bdijan\u010dio plieno maisto pramonei.<\/p>\n<h6>Garantija<strong>\u00a0<span style=\"color: #ff0000;\">KAM<\/span><span style=\"color: #0000ff;\">R<\/span>C 2 METAI<\/strong><\/h6>\n<h6><span style=\"color: #008000;\">efektyviausias variklis ma\u017eos s\u0105naudos 1000w<\/span><\/h6>\n<h6>\u012ftraukta technin\u0117 pagalba.<\/h6>\n<p>&nbsp;<\/p>","protected":false},"featured_media":1374,"comment_status":"open","ping_status":"closed","template":"","meta":{"wds_primary_product_brand":0,"wds_primary_product_cat":0},"product_brand":[],"product_cat":[43],"product_tag":[],"class_list":{"0":"post-1368","1":"product","2":"type-product","3":"status-publish","4":"has-post-thumbnail","6":"product_cat-cortadoras-de-alimentos","7":"product_shipping_class-express","9":"first","10":"instock","11":"sale","12":"taxable","13":"shipping-taxable","14":"purchasable","15":"product-type-simple"},"yoast_head":"<!-- This site is optimized with the Yoast SEO Premium plugin v24.9 (Yoast SEO v26.1) - https:\/\/yoast.com\/wordpress\/plugins\/seo\/ -->\n<title>Cortadora fileteadora de carnes profesional 500Kg - distribuci\u00f3n ARC<\/title>\n<meta name=\"robots\" content=\"index, follow, max-snippet:-1, max-image-preview:large, max-video-preview:-1\" \/>\n<link rel=\"canonical\" href=\"https:\/\/distribucionarc.com\/lt\/produktas\/mesos-pjaustytuvas-pjaustytojas-profesionalas-500kg\/\" \/>\n<meta property=\"og:locale\" content=\"lt_LT\" \/>\n<meta property=\"og:type\" content=\"article\" \/>\n<meta property=\"og:title\" content=\"Cortadora fileteadora de carnes profesional 500Kg\" \/>\n<meta property=\"og:description\" content=\"Cortadora fileteadora de carnes profesional 500Kg Esta cortadora comercial de carne ARC es el adecuado para la industria de restaurantes, procesadores de carnes, buffet, hoteles. Con esta cortadora profesional aumentara su produccion al poder procesar 500Kg por hora.  La fileteadora profesional ARCMFTC1 es eficaz en el corte de carne de res, cerdo, cordero y otras carnes en trozos. la superficie de estas carnes en rodajas es lisa y el espesor es igual, resulta muy \u00fatil para mantener la calidad de la carne fresca. La cortadora de carne est\u00e1 dise\u00f1ada para ser simple y limpia, libre de girar; la unidad de cuchillo se puede quitar, limpiar y ajustar m\u00e1s f\u00e1cilmente. Fabricada de acero inoxidable de la mejor calidad para el \u00e1mbito alimenticio. Garant\u00eda\u00a0ARC 2 A\u00d1OS motor m\u00e1s eficiente bajo consumo 1000w soporte t\u00e9cnico\u00a0incluido. &nbsp;\" \/>\n<meta property=\"og:url\" content=\"https:\/\/distribucionarc.com\/lt\/produktas\/mesos-pjaustytuvas-pjaustytojas-profesionalas-500kg\/\" \/>\n<meta property=\"og:site_name\" content=\"distribuci\u00f3n ARC\" \/>\n<meta property=\"article:modified_time\" content=\"2023-05-06T18:01:14+00:00\" \/>\n<meta property=\"og:image\" content=\"https:\/\/distribucionarc.com\/wp-content\/uploads\/2020\/07\/Cortadora-fileteadora-de-carnes-profesional-500Kg-0.jpg\" \/>\n\t<meta property=\"og:image:width\" content=\"1600\" \/>\n\t<meta property=\"og:image:height\" content=\"1600\" \/>\n\t<meta property=\"og:image:type\" content=\"image\/jpeg\" \/>\n<meta name=\"twitter:card\" content=\"summary_large_image\" \/>\n<meta name=\"twitter:label1\" content=\"Est. reading time\" \/>\n\t<meta name=\"twitter:data1\" content=\"1 minut\u0117\" \/>\n<script type=\"application\/ld+json\" class=\"yoast-schema-graph\">{\"@context\":\"https:\/\/schema.org\",\"@graph\":[{\"@type\":\"WebPage\",\"@id\":\"https:\/\/distribucionarc.com\/lt\/producto\/cortadora-fileteadora-de-carnes-profesional-500kg\/\",\"url\":\"https:\/\/distribucionarc.com\/lt\/producto\/cortadora-fileteadora-de-carnes-profesional-500kg\/\",\"name\":\"Cortadora fileteadora de carnes profesional 500Kg - distribuci\u00f3n ARC\",\"isPartOf\":{\"@id\":\"https:\/\/distribucionarc.com\/ar\/#website\"},\"primaryImageOfPage\":{\"@id\":\"https:\/\/distribucionarc.com\/lt\/producto\/cortadora-fileteadora-de-carnes-profesional-500kg\/#primaryimage\"},\"image\":{\"@id\":\"https:\/\/distribucionarc.com\/lt\/producto\/cortadora-fileteadora-de-carnes-profesional-500kg\/#primaryimage\"},\"thumbnailUrl\":\"https:\/\/distribucionarc.com\/wp-content\/uploads\/2020\/07\/Cortadora-fileteadora-de-carnes-profesional-500Kg-0.jpg\",\"datePublished\":\"2020-07-23T15:26:48+00:00\",\"dateModified\":\"2023-05-06T18:01:14+00:00\",\"breadcrumb\":{\"@id\":\"https:\/\/distribucionarc.com\/lt\/producto\/cortadora-fileteadora-de-carnes-profesional-500kg\/#breadcrumb\"},\"inLanguage\":\"lt-LT\",\"potentialAction\":[{\"@type\":\"ReadAction\",\"target\":[\"https:\/\/distribucionarc.com\/lt\/producto\/cortadora-fileteadora-de-carnes-profesional-500kg\/\"]}]},{\"@type\":\"ImageObject\",\"inLanguage\":\"lt-LT\",\"@id\":\"https:\/\/distribucionarc.com\/lt\/producto\/cortadora-fileteadora-de-carnes-profesional-500kg\/#primaryimage\",\"url\":\"https:\/\/distribucionarc.com\/wp-content\/uploads\/2020\/07\/Cortadora-fileteadora-de-carnes-profesional-500Kg-0.jpg\",\"contentUrl\":\"https:\/\/distribucionarc.com\/wp-content\/uploads\/2020\/07\/Cortadora-fileteadora-de-carnes-profesional-500Kg-0.jpg\",\"width\":1600,\"height\":1600,\"caption\":\"Cortadora fileteadora de carnes profesional 500Kg\"},{\"@type\":\"BreadcrumbList\",\"@id\":\"https:\/\/distribucionarc.com\/lt\/producto\/cortadora-fileteadora-de-carnes-profesional-500kg\/#breadcrumb\",\"itemListElement\":[{\"@type\":\"ListItem\",\"position\":1,\"name\":\"Portada\",\"item\":\"https:\/\/www.distribucionarc.com\/pt\/\"},{\"@type\":\"ListItem\",\"position\":2,\"name\":\"Produtos\",\"item\":\"https:\/\/www.distribucionarc.com\/pt\/shop\/\"},{\"@type\":\"ListItem\",\"position\":3,\"name\":\"Cortadora fileteadora de carnes profesional 500Kg\"}]},{\"@type\":\"WebSite\",\"@id\":\"https:\/\/distribucionarc.com\/ar\/#website\",\"url\":\"https:\/\/distribucionarc.com\/ar\/\",\"name\":\"distribuci\u00f3n ARC\",\"description\":\"Empresa especializada en la fabricaci\u00f3n y distribuci\u00f3n de maquinaria industrial, selladoras de latas, Maquinas de hacer pastillas, Maquinas de cortar carne...\",\"publisher\":{\"@id\":\"https:\/\/distribucionarc.com\/ar\/#organization\"},\"potentialAction\":[{\"@type\":\"SearchAction\",\"target\":{\"@type\":\"EntryPoint\",\"urlTemplate\":\"https:\/\/distribucionarc.com\/ar\/?s={search_term_string}\"},\"query-input\":{\"@type\":\"PropertyValueSpecification\",\"valueRequired\":true,\"valueName\":\"search_term_string\"}}],\"inLanguage\":\"lt-LT\"},{\"@type\":\"Organization\",\"@id\":\"https:\/\/distribucionarc.com\/ar\/#organization\",\"name\":\"Distribuci\u00f3n ARC\",\"url\":\"https:\/\/distribucionarc.com\/ar\/\",\"logo\":{\"@type\":\"ImageObject\",\"inLanguage\":\"lt-LT\",\"@id\":\"https:\/\/distribucionarc.com\/ar\/#\/schema\/logo\/image\/\",\"url\":\"https:\/\/distribucionarc.com\/wp-content\/uploads\/2024\/10\/distribucion-ARC-COLOR-SIN-FONDO-e1732295305345.png\",\"contentUrl\":\"https:\/\/distribucionarc.com\/wp-content\/uploads\/2024\/10\/distribucion-ARC-COLOR-SIN-FONDO-e1732295305345.png\",\"width\":1164,\"height\":558,\"caption\":\"Distribuci\u00f3n ARC\"},\"image\":{\"@id\":\"https:\/\/distribucionarc.com\/ar\/#\/schema\/logo\/image\/\"},\"description\":\"Empresa especializada en la fabricaci\u00f3n y distribuci\u00f3n de maquinaria industrial para los sectores alimentario y farmac\u00e9utico. Nos especializamos en: M\u00e1quinas de cortar carne Fabricaci\u00f3n de comprimidos Sistemas de transporte industrial L\u00edneas de embotellado Dosificadores Y mucho m\u00e1s... Ofrecemos soluciones innovadoras y personalizadas para optimizar los procesos productivos de tu empresa.\",\"email\":\"Admistracion@distribucionarc.com\",\"telephone\":\"+34 643496664\",\"legalName\":\"ARC TECH SOLUTIONS\",\"foundingDate\":\"2024-04-09\",\"vatID\":\"B55480172\",\"numberOfEmployees\":{\"@type\":\"QuantitativeValue\",\"minValue\":\"1\",\"maxValue\":\"10\"}}]}<\/script>\n<!-- \/ Yoast SEO Premium plugin. -->","yoast_head_json":{"title":"500Kg profesionali m\u0117sos fil\u0117 pjaustykl\u0117 - ARC paskirstymas","robots":{"index":"index","follow":"follow","max-snippet":"max-snippet:-1","max-image-preview":"max-image-preview:large","max-video-preview":"max-video-preview:-1"},"canonical":"https:\/\/distribucionarc.com\/lt\/produktas\/mesos-pjaustytuvas-pjaustytojas-profesionalas-500kg\/","og_locale":"lt_LT","og_type":"article","og_title":"Cortadora fileteadora de carnes profesional 500Kg","og_description":"Cortadora fileteadora de carnes profesional 500Kg Esta cortadora comercial de carne ARC es el adecuado para la industria de restaurantes, procesadores de carnes, buffet, hoteles. Con esta cortadora profesional aumentara su produccion al poder procesar 500Kg por hora.  La fileteadora profesional ARCMFTC1 es eficaz en el corte de carne de res, cerdo, cordero y otras carnes en trozos. la superficie de estas carnes en rodajas es lisa y el espesor es igual, resulta muy \u00fatil para mantener la calidad de la carne fresca. La cortadora de carne est\u00e1 dise\u00f1ada para ser simple y limpia, libre de girar; la unidad de cuchillo se puede quitar, limpiar y ajustar m\u00e1s f\u00e1cilmente. Fabricada de acero inoxidable de la mejor calidad para el \u00e1mbito alimenticio. Garant\u00eda\u00a0ARC 2 A\u00d1OS motor m\u00e1s eficiente bajo consumo 1000w soporte t\u00e9cnico\u00a0incluido. &nbsp;","og_url":"https:\/\/distribucionarc.com\/lt\/produktas\/mesos-pjaustytuvas-pjaustytojas-profesionalas-500kg\/","og_site_name":"distribuci\u00f3n ARC","article_modified_time":"2023-05-06T18:01:14+00:00","og_image":[{"width":1600,"height":1600,"url":"https:\/\/distribucionarc.com\/wp-content\/uploads\/2020\/07\/Cortadora-fileteadora-de-carnes-profesional-500Kg-0.jpg","type":"image\/jpeg"}],"twitter_card":"summary_large_image","twitter_misc":{"Est. reading time":"1 minut\u0117"},"schema":{"@context":"https:\/\/schema.org","@graph":[{"@type":"WebPage","@id":"https:\/\/distribucionarc.com\/lt\/producto\/cortadora-fileteadora-de-carnes-profesional-500kg\/","url":"https:\/\/distribucionarc.com\/lt\/producto\/cortadora-fileteadora-de-carnes-profesional-500kg\/","name":"500Kg profesionali m\u0117sos fil\u0117 pjaustykl\u0117 - ARC paskirstymas","isPartOf":{"@id":"https:\/\/distribucionarc.com\/ar\/#website"},"primaryImageOfPage":{"@id":"https:\/\/distribucionarc.com\/lt\/producto\/cortadora-fileteadora-de-carnes-profesional-500kg\/#primaryimage"},"image":{"@id":"https:\/\/distribucionarc.com\/lt\/producto\/cortadora-fileteadora-de-carnes-profesional-500kg\/#primaryimage"},"thumbnailUrl":"https:\/\/distribucionarc.com\/wp-content\/uploads\/2020\/07\/Cortadora-fileteadora-de-carnes-profesional-500Kg-0.jpg","datePublished":"2020-07-23T15:26:48+00:00","dateModified":"2023-05-06T18:01:14+00:00","breadcrumb":{"@id":"https:\/\/distribucionarc.com\/lt\/producto\/cortadora-fileteadora-de-carnes-profesional-500kg\/#breadcrumb"},"inLanguage":"lt-LT","potentialAction":[{"@type":"ReadAction","target":["https:\/\/distribucionarc.com\/lt\/producto\/cortadora-fileteadora-de-carnes-profesional-500kg\/"]}]},{"@type":"ImageObject","inLanguage":"lt-LT","@id":"https:\/\/distribucionarc.com\/lt\/producto\/cortadora-fileteadora-de-carnes-profesional-500kg\/#primaryimage","url":"https:\/\/distribucionarc.com\/wp-content\/uploads\/2020\/07\/Cortadora-fileteadora-de-carnes-profesional-500Kg-0.jpg","contentUrl":"https:\/\/distribucionarc.com\/wp-content\/uploads\/2020\/07\/Cortadora-fileteadora-de-carnes-profesional-500Kg-0.jpg","width":1600,"height":1600,"caption":"Cortadora fileteadora de carnes profesional 500Kg"},{"@type":"BreadcrumbList","@id":"https:\/\/distribucionarc.com\/lt\/producto\/cortadora-fileteadora-de-carnes-profesional-500kg\/#breadcrumb","itemListElement":[{"@type":"ListItem","position":1,"name":"Portada","item":"https:\/\/www.distribucionarc.com\/pt\/"},{"@type":"ListItem","position":2,"name":"Produtos","item":"https:\/\/www.distribucionarc.com\/pt\/shop\/"},{"@type":"ListItem","position":3,"name":"Cortadora fileteadora de carnes profesional 500Kg"}]},{"@type":"WebSite","@id":"https:\/\/distribucionarc.com\/ar\/#website","url":"https:\/\/distribucionarc.com\/ar\/","name":"ARC paskirstymas","description":"\u012emon\u0117 specializuojasi pramonini\u0173 ma\u0161in\u0173, skardini\u0173 sandarinimo ma\u0161in\u0173, table\u010di\u0173 gamybos ma\u0161in\u0173, m\u0117sos pjaustymo ma\u0161in\u0173 gamyboje ir platinime...","publisher":{"@id":"https:\/\/distribucionarc.com\/ar\/#organization"},"potentialAction":[{"@type":"SearchAction","target":{"@type":"EntryPoint","urlTemplate":"https:\/\/distribucionarc.com\/ar\/?s={search_term_string}"},"query-input":{"@type":"PropertyValueSpecification","valueRequired":true,"valueName":"search_term_string"}}],"inLanguage":"lt-LT"},{"@type":"Organization","@id":"https:\/\/distribucionarc.com\/ar\/#organization","name":"ARC platinimas","url":"https:\/\/distribucionarc.com\/ar\/","logo":{"@type":"ImageObject","inLanguage":"lt-LT","@id":"https:\/\/distribucionarc.com\/ar\/#\/schema\/logo\/image\/","url":"https:\/\/distribucionarc.com\/wp-content\/uploads\/2024\/10\/distribucion-ARC-COLOR-SIN-FONDO-e1732295305345.png","contentUrl":"https:\/\/distribucionarc.com\/wp-content\/uploads\/2024\/10\/distribucion-ARC-COLOR-SIN-FONDO-e1732295305345.png","width":1164,"height":558,"caption":"Distribuci\u00f3n ARC"},"image":{"@id":"https:\/\/distribucionarc.com\/ar\/#\/schema\/logo\/image\/"},"description":"\u012emon\u0117 specializuojasi maisto ir farmacijos sektoriams skirt\u0173 pramonini\u0173 ma\u0161in\u0173 gamyboje ir platinime. M\u016bs\u0173 specializacija: M\u0117sos pjaustymo ma\u0161inos Table\u010di\u0173 gamyba Pramonin\u0117s transportavimo sistemos I\u0161pilstymo linijos Dozatoriai Ir dar daugiau... Si\u016blome novatori\u0161kus ir individualiems poreikiams pritaikytus sprendimus, kad optimizuotume j\u016bs\u0173 \u012fmon\u0117s gamybos procesus.","email":"Admistracion@distribucionarc.com","telephone":"+34 643496664","legalName":"ARC TECH SOLUTIONS","foundingDate":"2024-04-09","vatID":"B55480172","numberOfEmployees":{"@type":"QuantitativeValue","minValue":"1","maxValue":"10"}}]}},"_links":{"self":[{"href":"https:\/\/distribucionarc.com\/lt\/wp-json\/wp\/v2\/product\/1368","targetHints":{"allow":["GET"]}}],"collection":[{"href":"https:\/\/distribucionarc.com\/lt\/wp-json\/wp\/v2\/product"}],"about":[{"href":"https:\/\/distribucionarc.com\/lt\/wp-json\/wp\/v2\/types\/product"}],"replies":[{"embeddable":true,"href":"https:\/\/distribucionarc.com\/lt\/wp-json\/wp\/v2\/comments?post=1368"}],"version-history":[{"count":0,"href":"https:\/\/distribucionarc.com\/lt\/wp-json\/wp\/v2\/product\/1368\/revisions"}],"wp:featuredmedia":[{"embeddable":true,"href":"https:\/\/distribucionarc.com\/lt\/wp-json\/wp\/v2\/media\/1374"}],"wp:attachment":[{"href":"https:\/\/distribucionarc.com\/lt\/wp-json\/wp\/v2\/media?parent=1368"}],"wp:term":[{"taxonomy":"product_brand","embeddable":true,"href":"https:\/\/distribucionarc.com\/lt\/wp-json\/wp\/v2\/product_brand?post=1368"},{"taxonomy":"product_cat","embeddable":true,"href":"https:\/\/distribucionarc.com\/lt\/wp-json\/wp\/v2\/product_cat?post=1368"},{"taxonomy":"product_tag","embeddable":true,"href":"https:\/\/distribucionarc.com\/lt\/wp-json\/wp\/v2\/product_tag?post=1368"}],"curies":[{"name":"wp","href":"https:\/\/api.w.org\/{rel}","templated":true}]}}