{"id":1380,"date":"2020-07-23T16:14:34","date_gmt":"2020-07-23T16:14:34","guid":{"rendered":"https:\/\/distribucionarc.com\/?post_type=product&#038;p=1380"},"modified":"2020-09-27T09:44:03","modified_gmt":"2020-09-27T09:44:03","slug":"spurgos-dalytuvo-vadovas-5l","status":"publish","type":"product","link":"https:\/\/distribucionarc.com\/lt\/producto\/dosificador-rosquillera-manual-5l\/","title":{"rendered":"5L rankinis spurg\u0173 dozatorius"},"content":{"rendered":"<h3>5L rankinis spurg\u0173 dozatorius<\/h3>\n<p>Jis <strong>spurg\u0173 dozatorius\u00a0<\/strong><strong style=\"font-size: 16px; font-style: normal;\"><span style=\"color: #ff0000;\">KAM<\/span><\/strong><strong style=\"font-size: 16px;\"><span style=\"color: #0000ff;\">R<\/span>c<\/strong><span style=\"font-size: 16px;\"> Jis pagamintas i\u0161 maistinio aliuminio ir ner\u016bdijan\u010dio plieno, kompakti\u0161ko dizaino. Atsparus auk\u0161tai temperat\u016brai ir lengvai valomas.<\/span><\/p>\n<p><strong>Spurgos \u017emogus <span style=\"color: #ff0000;\">KAM<\/span><span style=\"color: #0000ff;\">R<\/span>CMDM1<\/strong> Jame yra 5 litr\u0173 talpos bunkeris, kuriame telpa didelis kiekis te\u0161los. Vienu \u012fkrovimu galima pagaminti kelias spurgas, galimi 6 lygiai, galima reguliuoti pagal savo poreikius. Lankstus ir lengvai valdomas spurgos liejimo storis<\/p>\n<p>Jame yra valdymo juosta, kad b\u016bt\u0173 lengva valdyti viena ranka, su energij\u0105 taupan\u010dia spyruokle ir auk\u0161tos kokyb\u0117s ne\u0161iojama rankena.<\/p>\n<p>Stovo stovo dizainas yra patogus laikyti spurg\u0173 dozatori\u0173. Jis taip pat gali veiksmingai neleisti te\u0161lai tek\u0117ti darbo metu.<\/p>\n<p>Paprasta ir patogi operacija gaminant spurgas. Pla\u010diai naudojamas restoranuose, kavin\u0117se, kepyklose, nam\u0173 virtuv\u0117se ir kt. Tinka naudoti namuose ir komerciniais tikslais.<\/p>\n<h6><\/h6>\n<h6><strong>Garantija\u00a0<span style=\"color: #ff0000;\">KAM<\/span><span style=\"color: #0000ff;\">R<\/span>c<\/strong><strong>\u00a02 METAI<\/strong><\/h6>\n<h6><strong>\u012ftraukta technin\u0117 pagalba<\/strong><\/h6>\n<p>&nbsp;<\/p>\n<p>&nbsp;<\/p>\n<table width=\"100%\">\n<tbody>\n<tr>\n<td>Prekinis \u017eenklas:<\/td>\n<td width=\"32%\">ARC<\/td>\n<td>Svoris:<\/td>\n<td width=\"30%\">1 kg<\/td>\n<\/tr>\n<tr>\n<td>Platinimo \u0161alis:<\/td>\n<td width=\"32%\">Ispanija, Vokietija, JAV<\/td>\n<td>Auk\u0161tis:<\/td>\n<td width=\"30%\">42 cm<\/td>\n<\/tr>\n<tr>\n<td>Spalva:<\/td>\n<td width=\"32%\">Sidabras<\/td>\n<td>Ilgas:<\/td>\n<td width=\"30%\">18 cm<\/td>\n<\/tr>\n<tr>\n<td>Produkto tipas:<\/td>\n<td width=\"32%\">Profesionalus spurg\u0173 dozatorius<\/td>\n<td>Platus:<\/td>\n<td width=\"30%\">18 cm<\/td>\n<\/tr>\n<tr>\n<td>Gamintojo numeris:<\/td>\n<td width=\"32%\">ARCMDM1<\/td>\n<td>Bunkerio dydis:<\/td>\n<td width=\"30%\">5L<\/td>\n<\/tr>\n<tr>\n<td>Med\u017eiaga:<\/td>\n<td width=\"32%\">ner\u016bdijan\u010dio plieno<\/td>\n<td>Garantija:<\/td>\n<td width=\"30%\">2 METAI<\/td>\n<\/tr>\n<tr>\n<td>Spurgos dydis:<\/td>\n<td width=\"32%\">nuo 5 iki 9 cm<\/td>\n<td>Erdv\u0117s:<\/td>\n<td width=\"30%\">\u00a06 reguliuojami lygiai<\/td>\n<\/tr>\n<\/tbody>\n<\/table>","protected":false},"excerpt":{"rendered":"<h2>Rankinis spurg\u0173 dozatorius 5 l<\/h2>\n<p>Tai\u00a0<strong>spurg\u0173 ma\u0161ina<\/strong>\u00a0i\u0161\u00a0<strong><span style=\"color: #ff0000;\">KAM<\/span><span style=\"color: #0000ff;\">R<\/span>c<\/strong>\u00a0Jis skirtas grandininei gamybai ar net gamybai <strong>\u0161vie\u017eios spurgos<\/strong> dideliais kiekiais, kad jie i\u0161laikyt\u0173 vis\u0105 savo tekst\u016br\u0105 ir skon\u012f.<\/p>\n<p>Tai <strong>rankinis spurg\u0173 dozatorius <span style=\"color: #ff0000;\">KAM<\/span><span style=\"color: #0000ff;\">R<\/span>CDMD1<\/strong> sukurtas taip, kad b\u016bt\u0173 galima skaniai pagaminti <strong>spurgos<\/strong> papras\u010diausiu ir grei\u010diausiu b\u016bdu. Jis idealiai tinka <strong>spurgos<\/strong> Puikiai suformuotos namin\u0117s. Maistinio aliuminio med\u017eiaga garantuoja tvirt\u0105 strukt\u016br\u0105 ir kompakti\u0161k\u0105 dizain\u0105, o 5 l talpos bunkeris leis dirbti patogiau d\u0117l talpinamo te\u0161los kiekio. Integruota valdymo juosta leid\u017eia bunkeriui <strong>spurgos<\/strong> valdyti viena ranka. Jis tinka nam\u0173 ir komerciniam naudojimui.<\/p>\n<h6><strong>Garantija\u00a0<span style=\"color: #ff0000;\">KAM<\/span><span style=\"color: #0000ff;\">R<\/span>c<\/strong><strong>\u00a02 METAI<\/strong><\/h6>\n<h6><strong>\u012ftraukta technin\u0117 pagalba<\/strong><\/h6>\n<div class=\"summary entry-summary\">\n<div class=\"quantity\"><label class=\"screen-reader-text\" for=\"quantity_5f19adf2dab21\">Profesionalus automatinis spurg\u0173 ar spurg\u0173 ma\u0161inos kiekis<\/label><\/div>\n<\/div>","protected":false},"featured_media":1387,"comment_status":"open","ping_status":"closed","template":"","meta":{"wds_primary_product_brand":0,"wds_primary_product_cat":0},"product_brand":[],"product_cat":[53],"product_tag":[],"class_list":{"0":"post-1380","1":"product","2":"type-product","3":"status-publish","4":"has-post-thumbnail","6":"product_cat-panaderia-y-pasteleria-industrial","7":"product_shipping_class-hosteleria","9":"first","10":"instock","11":"sale","12":"taxable","13":"shipping-taxable","14":"purchasable","15":"product-type-simple"},"yoast_head":"<!-- This site is optimized with the Yoast SEO Premium plugin v24.9 (Yoast SEO v26.1) - https:\/\/yoast.com\/wordpress\/plugins\/seo\/ -->\n<title>Dosificador rosquillera manual 5L - distribuci\u00f3n ARC<\/title>\n<meta name=\"robots\" content=\"index, follow, max-snippet:-1, max-image-preview:large, max-video-preview:-1\" \/>\n<link rel=\"canonical\" href=\"https:\/\/distribucionarc.com\/lt\/produktas\/spurgos-dalytuvo-vadovas-5l\/\" \/>\n<meta property=\"og:locale\" content=\"lt_LT\" \/>\n<meta property=\"og:type\" content=\"article\" \/>\n<meta property=\"og:title\" content=\"Dosificador rosquillera manual 5L\" \/>\n<meta property=\"og:description\" content=\"Dosificador rosquillera manual 5 L Esta\u00a0m\u00e1quina de donuts\u00a0de\u00a0ARC\u00a0es la indicada para la producci\u00f3n en cadena o incluso para fabricar donuts frescos en gran cantidad para que conserven toda su textura y sabor.  Este dispensador manual de donuts ARCDMD1 est\u00e1 dise\u00f1ado para permitirle hacer deliciosas rosquillas de la forma m\u00e1s sencilla y r\u00e1pida. Es ideal para donuts caseros perfectamente formados. El material de aluminio de calidad alimentaria garantiza una estructura robusta y un dise\u00f1o compacto, su tolva de 5 L le permitir\u00e1 trabajar m\u00e1s c\u00f3modamente por la cantidad de masa que puede almacenar . La barra de control incorporada permite que la tolva de rosquillas funcione con una mano. Es adecuado para uso dom\u00e9stico y comercial. Garant\u00eda\u00a0ARC\u00a02 A\u00d1OS soporte t\u00e9cnico incluido  M\u00e1quina autom\u00e1tica para donuts o rosquillas profesional cantidad\" \/>\n<meta property=\"og:url\" content=\"https:\/\/distribucionarc.com\/lt\/produktas\/spurgos-dalytuvo-vadovas-5l\/\" \/>\n<meta property=\"og:site_name\" content=\"distribuci\u00f3n ARC\" \/>\n<meta property=\"article:modified_time\" content=\"2020-09-27T09:44:03+00:00\" \/>\n<meta property=\"og:image\" content=\"https:\/\/distribucionarc.com\/wp-content\/uploads\/2020\/07\/Dosificador-rosquillera-manual-5L-0.jpg\" \/>\n\t<meta property=\"og:image:width\" content=\"1600\" \/>\n\t<meta property=\"og:image:height\" content=\"1600\" \/>\n\t<meta property=\"og:image:type\" content=\"image\/jpeg\" \/>\n<meta name=\"twitter:card\" content=\"summary_large_image\" \/>\n<meta name=\"twitter:label1\" content=\"Est. reading time\" \/>\n\t<meta name=\"twitter:data1\" content=\"1 minut\u0117\" \/>\n<script type=\"application\/ld+json\" class=\"yoast-schema-graph\">{\"@context\":\"https:\/\/schema.org\",\"@graph\":[{\"@type\":\"WebPage\",\"@id\":\"https:\/\/distribucionarc.com\/de\/producto\/dosificador-rosquillera-manual-5l\/\",\"url\":\"https:\/\/distribucionarc.com\/de\/producto\/dosificador-rosquillera-manual-5l\/\",\"name\":\"Dosificador rosquillera manual 5L - distribuci\u00f3n ARC\",\"isPartOf\":{\"@id\":\"https:\/\/distribucionarc.com\/bg\/#website\"},\"primaryImageOfPage\":{\"@id\":\"https:\/\/distribucionarc.com\/de\/producto\/dosificador-rosquillera-manual-5l\/#primaryimage\"},\"image\":{\"@id\":\"https:\/\/distribucionarc.com\/de\/producto\/dosificador-rosquillera-manual-5l\/#primaryimage\"},\"thumbnailUrl\":\"https:\/\/distribucionarc.com\/wp-content\/uploads\/2020\/07\/Dosificador-rosquillera-manual-5L-0.jpg\",\"datePublished\":\"2020-07-23T16:14:34+00:00\",\"dateModified\":\"2020-09-27T09:44:03+00:00\",\"breadcrumb\":{\"@id\":\"https:\/\/distribucionarc.com\/de\/producto\/dosificador-rosquillera-manual-5l\/#breadcrumb\"},\"inLanguage\":\"lt-LT\",\"potentialAction\":[{\"@type\":\"ReadAction\",\"target\":[\"https:\/\/distribucionarc.com\/de\/producto\/dosificador-rosquillera-manual-5l\/\"]}]},{\"@type\":\"ImageObject\",\"inLanguage\":\"lt-LT\",\"@id\":\"https:\/\/distribucionarc.com\/de\/producto\/dosificador-rosquillera-manual-5l\/#primaryimage\",\"url\":\"https:\/\/distribucionarc.com\/wp-content\/uploads\/2020\/07\/Dosificador-rosquillera-manual-5L-0.jpg\",\"contentUrl\":\"https:\/\/distribucionarc.com\/wp-content\/uploads\/2020\/07\/Dosificador-rosquillera-manual-5L-0.jpg\",\"width\":1600,\"height\":1600,\"caption\":\"Dosificador rosquillera manual 5L\"},{\"@type\":\"BreadcrumbList\",\"@id\":\"https:\/\/distribucionarc.com\/de\/producto\/dosificador-rosquillera-manual-5l\/#breadcrumb\",\"itemListElement\":[{\"@type\":\"ListItem\",\"position\":1,\"name\":\"Portada\",\"item\":\"https:\/\/distribucionarc.com\/el\/\"},{\"@type\":\"ListItem\",\"position\":2,\"name\":\"Proizvodi\",\"item\":\"https:\/\/www.distribucionarc.com\/hr\/ducan\/\"},{\"@type\":\"ListItem\",\"position\":3,\"name\":\"Dosificador rosquillera manual 5L\"}]},{\"@type\":\"WebSite\",\"@id\":\"https:\/\/distribucionarc.com\/bg\/#website\",\"url\":\"https:\/\/distribucionarc.com\/bg\/\",\"name\":\"distribuci\u00f3n ARC\",\"description\":\"Empresa especializada en la fabricaci\u00f3n y distribuci\u00f3n de maquinaria industrial, selladoras de latas, Maquinas de hacer pastillas, Maquinas de cortar carne...\",\"publisher\":{\"@id\":\"https:\/\/distribucionarc.com\/bg\/#organization\"},\"potentialAction\":[{\"@type\":\"SearchAction\",\"target\":{\"@type\":\"EntryPoint\",\"urlTemplate\":\"https:\/\/distribucionarc.com\/bg\/?s={search_term_string}\"},\"query-input\":{\"@type\":\"PropertyValueSpecification\",\"valueRequired\":true,\"valueName\":\"search_term_string\"}}],\"inLanguage\":\"lt-LT\"},{\"@type\":\"Organization\",\"@id\":\"https:\/\/distribucionarc.com\/bg\/#organization\",\"name\":\"Distribuci\u00f3n ARC\",\"url\":\"https:\/\/distribucionarc.com\/bg\/\",\"logo\":{\"@type\":\"ImageObject\",\"inLanguage\":\"lt-LT\",\"@id\":\"https:\/\/distribucionarc.com\/bg\/#\/schema\/logo\/image\/\",\"url\":\"https:\/\/distribucionarc.com\/wp-content\/uploads\/2024\/10\/distribucion-ARC-COLOR-SIN-FONDO-e1732295305345.png\",\"contentUrl\":\"https:\/\/distribucionarc.com\/wp-content\/uploads\/2024\/10\/distribucion-ARC-COLOR-SIN-FONDO-e1732295305345.png\",\"width\":1164,\"height\":558,\"caption\":\"Distribuci\u00f3n ARC\"},\"image\":{\"@id\":\"https:\/\/distribucionarc.com\/bg\/#\/schema\/logo\/image\/\"},\"description\":\"Empresa especializada en la fabricaci\u00f3n y distribuci\u00f3n de maquinaria industrial para los sectores alimentario y farmac\u00e9utico. Nos especializamos en: M\u00e1quinas de cortar carne Fabricaci\u00f3n de comprimidos Sistemas de transporte industrial L\u00edneas de embotellado Dosificadores Y mucho m\u00e1s... Ofrecemos soluciones innovadoras y personalizadas para optimizar los procesos productivos de tu empresa.\",\"email\":\"Admistracion@distribucionarc.com\",\"telephone\":\"+34 643496664\",\"legalName\":\"ARC TECH SOLUTIONS\",\"foundingDate\":\"2024-04-09\",\"vatID\":\"B55480172\",\"numberOfEmployees\":{\"@type\":\"QuantitativeValue\",\"minValue\":\"1\",\"maxValue\":\"10\"}}]}<\/script>\n<!-- \/ Yoast SEO Premium plugin. -->","yoast_head_json":{"title":"5L rankinis spurg\u0173 dozatorius - ARC paskirstymas","robots":{"index":"index","follow":"follow","max-snippet":"max-snippet:-1","max-image-preview":"max-image-preview:large","max-video-preview":"max-video-preview:-1"},"canonical":"https:\/\/distribucionarc.com\/lt\/produktas\/spurgos-dalytuvo-vadovas-5l\/","og_locale":"lt_LT","og_type":"article","og_title":"Dosificador rosquillera manual 5L","og_description":"Dosificador rosquillera manual 5 L Esta\u00a0m\u00e1quina de donuts\u00a0de\u00a0ARC\u00a0es la indicada para la producci\u00f3n en cadena o incluso para fabricar donuts frescos en gran cantidad para que conserven toda su textura y sabor.  Este dispensador manual de donuts ARCDMD1 est\u00e1 dise\u00f1ado para permitirle hacer deliciosas rosquillas de la forma m\u00e1s sencilla y r\u00e1pida. Es ideal para donuts caseros perfectamente formados. El material de aluminio de calidad alimentaria garantiza una estructura robusta y un dise\u00f1o compacto, su tolva de 5 L le permitir\u00e1 trabajar m\u00e1s c\u00f3modamente por la cantidad de masa que puede almacenar . La barra de control incorporada permite que la tolva de rosquillas funcione con una mano. Es adecuado para uso dom\u00e9stico y comercial. Garant\u00eda\u00a0ARC\u00a02 A\u00d1OS soporte t\u00e9cnico incluido  M\u00e1quina autom\u00e1tica para donuts o rosquillas profesional cantidad","og_url":"https:\/\/distribucionarc.com\/lt\/produktas\/spurgos-dalytuvo-vadovas-5l\/","og_site_name":"distribuci\u00f3n ARC","article_modified_time":"2020-09-27T09:44:03+00:00","og_image":[{"width":1600,"height":1600,"url":"https:\/\/distribucionarc.com\/wp-content\/uploads\/2020\/07\/Dosificador-rosquillera-manual-5L-0.jpg","type":"image\/jpeg"}],"twitter_card":"summary_large_image","twitter_misc":{"Est. reading time":"1 minut\u0117"},"schema":{"@context":"https:\/\/schema.org","@graph":[{"@type":"WebPage","@id":"https:\/\/distribucionarc.com\/de\/producto\/dosificador-rosquillera-manual-5l\/","url":"https:\/\/distribucionarc.com\/de\/producto\/dosificador-rosquillera-manual-5l\/","name":"5L rankinis spurg\u0173 dozatorius - ARC paskirstymas","isPartOf":{"@id":"https:\/\/distribucionarc.com\/bg\/#website"},"primaryImageOfPage":{"@id":"https:\/\/distribucionarc.com\/de\/producto\/dosificador-rosquillera-manual-5l\/#primaryimage"},"image":{"@id":"https:\/\/distribucionarc.com\/de\/producto\/dosificador-rosquillera-manual-5l\/#primaryimage"},"thumbnailUrl":"https:\/\/distribucionarc.com\/wp-content\/uploads\/2020\/07\/Dosificador-rosquillera-manual-5L-0.jpg","datePublished":"2020-07-23T16:14:34+00:00","dateModified":"2020-09-27T09:44:03+00:00","breadcrumb":{"@id":"https:\/\/distribucionarc.com\/de\/producto\/dosificador-rosquillera-manual-5l\/#breadcrumb"},"inLanguage":"lt-LT","potentialAction":[{"@type":"ReadAction","target":["https:\/\/distribucionarc.com\/de\/producto\/dosificador-rosquillera-manual-5l\/"]}]},{"@type":"ImageObject","inLanguage":"lt-LT","@id":"https:\/\/distribucionarc.com\/de\/producto\/dosificador-rosquillera-manual-5l\/#primaryimage","url":"https:\/\/distribucionarc.com\/wp-content\/uploads\/2020\/07\/Dosificador-rosquillera-manual-5L-0.jpg","contentUrl":"https:\/\/distribucionarc.com\/wp-content\/uploads\/2020\/07\/Dosificador-rosquillera-manual-5L-0.jpg","width":1600,"height":1600,"caption":"Dosificador rosquillera manual 5L"},{"@type":"BreadcrumbList","@id":"https:\/\/distribucionarc.com\/de\/producto\/dosificador-rosquillera-manual-5l\/#breadcrumb","itemListElement":[{"@type":"ListItem","position":1,"name":"Portada","item":"https:\/\/distribucionarc.com\/el\/"},{"@type":"ListItem","position":2,"name":"Proizvodi","item":"https:\/\/www.distribucionarc.com\/hr\/ducan\/"},{"@type":"ListItem","position":3,"name":"Dosificador rosquillera manual 5L"}]},{"@type":"WebSite","@id":"https:\/\/distribucionarc.com\/bg\/#website","url":"https:\/\/distribucionarc.com\/bg\/","name":"ARC paskirstymas","description":"\u012emon\u0117 specializuojasi pramonini\u0173 ma\u0161in\u0173, skardini\u0173 sandarinimo ma\u0161in\u0173, table\u010di\u0173 gamybos ma\u0161in\u0173, m\u0117sos pjaustymo ma\u0161in\u0173 gamyboje ir platinime...","publisher":{"@id":"https:\/\/distribucionarc.com\/bg\/#organization"},"potentialAction":[{"@type":"SearchAction","target":{"@type":"EntryPoint","urlTemplate":"https:\/\/distribucionarc.com\/bg\/?s={search_term_string}"},"query-input":{"@type":"PropertyValueSpecification","valueRequired":true,"valueName":"search_term_string"}}],"inLanguage":"lt-LT"},{"@type":"Organization","@id":"https:\/\/distribucionarc.com\/bg\/#organization","name":"ARC platinimas","url":"https:\/\/distribucionarc.com\/bg\/","logo":{"@type":"ImageObject","inLanguage":"lt-LT","@id":"https:\/\/distribucionarc.com\/bg\/#\/schema\/logo\/image\/","url":"https:\/\/distribucionarc.com\/wp-content\/uploads\/2024\/10\/distribucion-ARC-COLOR-SIN-FONDO-e1732295305345.png","contentUrl":"https:\/\/distribucionarc.com\/wp-content\/uploads\/2024\/10\/distribucion-ARC-COLOR-SIN-FONDO-e1732295305345.png","width":1164,"height":558,"caption":"Distribuci\u00f3n ARC"},"image":{"@id":"https:\/\/distribucionarc.com\/bg\/#\/schema\/logo\/image\/"},"description":"\u012emon\u0117 specializuojasi maisto ir farmacijos sektoriams skirt\u0173 pramonini\u0173 ma\u0161in\u0173 gamyboje ir platinime. M\u016bs\u0173 specializacija: M\u0117sos pjaustymo ma\u0161inos Table\u010di\u0173 gamyba Pramonin\u0117s transportavimo sistemos I\u0161pilstymo linijos Dozatoriai Ir dar daugiau... Si\u016blome novatori\u0161kus ir individualiems poreikiams pritaikytus sprendimus, kad optimizuotume j\u016bs\u0173 \u012fmon\u0117s gamybos procesus.","email":"Admistracion@distribucionarc.com","telephone":"+34 643496664","legalName":"ARC TECH SOLUTIONS","foundingDate":"2024-04-09","vatID":"B55480172","numberOfEmployees":{"@type":"QuantitativeValue","minValue":"1","maxValue":"10"}}]}},"_links":{"self":[{"href":"https:\/\/distribucionarc.com\/lt\/wp-json\/wp\/v2\/product\/1380","targetHints":{"allow":["GET"]}}],"collection":[{"href":"https:\/\/distribucionarc.com\/lt\/wp-json\/wp\/v2\/product"}],"about":[{"href":"https:\/\/distribucionarc.com\/lt\/wp-json\/wp\/v2\/types\/product"}],"replies":[{"embeddable":true,"href":"https:\/\/distribucionarc.com\/lt\/wp-json\/wp\/v2\/comments?post=1380"}],"version-history":[{"count":0,"href":"https:\/\/distribucionarc.com\/lt\/wp-json\/wp\/v2\/product\/1380\/revisions"}],"wp:featuredmedia":[{"embeddable":true,"href":"https:\/\/distribucionarc.com\/lt\/wp-json\/wp\/v2\/media\/1387"}],"wp:attachment":[{"href":"https:\/\/distribucionarc.com\/lt\/wp-json\/wp\/v2\/media?parent=1380"}],"wp:term":[{"taxonomy":"product_brand","embeddable":true,"href":"https:\/\/distribucionarc.com\/lt\/wp-json\/wp\/v2\/product_brand?post=1380"},{"taxonomy":"product_cat","embeddable":true,"href":"https:\/\/distribucionarc.com\/lt\/wp-json\/wp\/v2\/product_cat?post=1380"},{"taxonomy":"product_tag","embeddable":true,"href":"https:\/\/distribucionarc.com\/lt\/wp-json\/wp\/v2\/product_tag?post=1380"}],"curies":[{"name":"wp","href":"https:\/\/api.w.org\/{rel}","templated":true}]}}