{"id":1393,"date":"2020-07-24T09:33:51","date_gmt":"2020-07-24T09:33:51","guid":{"rendered":"https:\/\/distribucionarc.com\/?post_type=product&#038;p=1393"},"modified":"2020-09-27T09:45:54","modified_gmt":"2020-09-27T09:45:54","slug":"ledo-masina-ledo-kubeliams-50-kg","status":"publish","type":"product","link":"https:\/\/distribucionarc.com\/lt\/producto\/maquina-de-hielo-para-cubitos-de-hielo-50-kg\/","title":{"rendered":"Ledo kubeli\u0173 aparatas 50 kg"},"content":{"rendered":"<h3>Ledo aparatas ledo kubeliams 50 kg<\/h3>\n<p>The <strong>ledo ma\u0161ina<\/strong> yra \u012frengtas a<strong> automatin\u0117 apsaugos sistema<\/strong> kuris gali automati\u0161kai sustoti, kai ledas yra pilnas arba tr\u016bksta vandens, tod\u0117l veiksmingai i\u0161vengiama nelaiming\u0173 atsitikim\u0173.<\/p>\n<p>Jis naudoja importuot\u0105 SECOP kompresori\u0173, kuris turi galing\u0105 branduol\u012f ir gali b\u016bti valdomas tyliai. <span style=\"color: #008000;\"><strong>Tai pad\u0117s sutaupyti energijos ir tausoti aplink\u0105.<\/strong><\/span>, gali maksimaliai padidinti ledo gamybos efektyvum\u0105.<\/p>\n<p>The<strong> ledo ma\u0161ina<\/strong> i\u0161 <strong><span style=\"color: #ff0000;\">KAM<\/span><span style=\"color: #0000ff;\">R<\/span>c<\/strong> J\u012f supa dvisluoksn\u0117 put\u0173 izoliacija, kuri gali veiksmingai neleisti ledo kubeliams i\u0161tirpti 3-5 valandas po elektros tiekimo nutraukimo. Vizualizuotas dizainas leid\u017eia tiesiogiai matyti vid\u0173, nenuimant dangtelio. Yra 32 vnt (4 x 8) keli\u0173 rastrini\u0173 led\u0173 dubuo<strong> kubo ma\u0161ina <span style=\"color: #ff0000;\">KAM<\/span><span style=\"color: #0000ff;\">R<\/span>CMCH50<\/strong> gali pagaminti apie (40-50 kg) i\u0161skirtin\u012f <strong>kri\u0161tolo skaidrumo ledo kubeliai<\/strong> kas 24 valandas. Ledo kubeli\u0173 storis gali b\u016bti laisvai reguliuojamas pagal poreik\u012f.<\/p>\n<p>Tai <strong>ledo ma\u0161ina <span style=\"color: #ff0000;\">KAM<\/span><span style=\"color: #0000ff;\">R<\/span>c<\/strong>\u00a0 Jame yra LCD skydelis, galintis tiksliai valdyti temperat\u016br\u0105 ir reguliuoti laik\u0105. D\u0117l atsargin\u0117s funkcijos ledo gaminimo aparat\u0105 galima i\u0161jungti nak\u010diai ir v\u0117l paleisti ryte<\/p>\n<p>The <strong>ledo kubeli\u0173 ma\u0161ina<\/strong> gali <span style=\"color: #00ccff;\"><strong>automati\u0161kai i\u0161valyti<\/strong><\/span> per ma\u017edaug 30 minu\u010di\u0173 vienu mygtuku, taupydami laik\u0105 ir pastangas. Naudokite <strong><span style=\"color: #800080;\">NANO-UV m\u0117lyna \u0161viesa<\/span><\/strong>, tai <span style=\"color: #00ccff;\"><strong><span style=\"color: #000000;\">prisideda prie vidaus ap\u0161vietimo<\/span> <span style=\"color: #000000;\">ir<\/span> Tai veiksminga sterilizuojant<\/strong><\/span>.<\/p>\n<h6><strong>Garantija\u00a0<span style=\"color: #ff0000;\">KAM<\/span><span style=\"color: #0000ff;\">R<\/span>C 2 METAI<\/strong><\/h6>\n<h6><span style=\"color: #008000;\"><strong>Efektyvi ledo kubeli\u0173 ma\u0161ina, ma\u017eos s\u0105naudos 200w<\/strong><\/span><\/h6>\n<h6><strong>\u012ftraukta technin\u0117 pagalba.<\/strong><\/h6>\n<p>&nbsp;<\/p>\n<p>&nbsp;<\/p>\n<table role=\"presentation\" width=\"100%\" cellspacing=\"0\" cellpadding=\"0\">\n<tbody>\n<tr>\n<td class=\"attrLabels\">Galia:<\/td>\n<td width=\"50.0%\">200W<\/td>\n<\/tr>\n<tr>\n<td class=\"attrLabels\">\u012etampa:<\/td>\n<td width=\"50.0%\">220V \u2013 240V, 50Hz<\/td>\n<td class=\"attrLabels\">Svoris:<\/td>\n<td width=\"50.0%\">25,4 kg<\/td>\n<\/tr>\n<tr>\n<td class=\"attrLabels\">Platinimo \u0161alis:<\/td>\n<td width=\"50.0%\">Ispanija, Vokietija, JAV<\/td>\n<td class=\"attrLabels\">Auk\u0161tis:<\/td>\n<td width=\"50.0%\">75 cm<\/td>\n<\/tr>\n<tr>\n<td class=\"attrLabels\">Prekinis \u017eenklas:<\/td>\n<td width=\"50.0%\">ARC<\/td>\n<td class=\"attrLabels\">Ilgas:<\/td>\n<td width=\"50.0%\">36 cm<\/td>\n<\/tr>\n<tr>\n<td class=\"attrLabels\">Produkto tipas:<\/td>\n<td width=\"50.0%\">Ledo kubeli\u0173 ma\u0161ina<\/td>\n<td class=\"attrLabels\">Platus:<\/td>\n<td width=\"50.0%\">\u00a043 cm<\/td>\n<\/tr>\n<tr>\n<td class=\"attrLabels\">Gamintojo numeris:<\/td>\n<td width=\"50.0%\">ARCMCH50<\/td>\n<td class=\"attrLabels\">Darbo greitis:<\/td>\n<td width=\"50.0%\">\u00a050 kg per valand\u0105<\/td>\n<\/tr>\n<tr>\n<td class=\"attrLabels\">Med\u017eiaga:<\/td>\n<td width=\"50.0%\">ner\u016bdijantis plienas, LCD ekranas, m\u0117lyna \u0161viesa, optimizuotas variklis<\/td>\n<td class=\"attrLabels\">ledo kubo matmenys:<\/td>\n<td width=\"50.0%\">22x22x22 mm<\/td>\n<\/tr>\n<tr>\n<td class=\"attrLabels\">Spalva:<\/td>\n<td width=\"50.0%\">Sidabras<\/td>\n<td class=\"attrLabels\">Saugykla:<\/td>\n<td width=\"50.0%\">10-12 kg<\/td>\n<\/tr>\n<tr>\n<td class=\"attrLabels\">Montavimo \u012frankiai:<\/td>\n<td width=\"50.0%\">Taip<\/td>\n<td class=\"attrLabels\">Garantija:<\/td>\n<td width=\"50.0%\">2 METAI<\/td>\n<\/tr>\n<\/tbody>\n<\/table>","protected":false},"excerpt":{"rendered":"<h2>Ledo aparatas ledo kubeliams 50 kg<\/h2>\n<p>Negai\u0161kite daugiau laiko pirkdami ledo mai\u0161elius su\u00a0<strong>ledo kubeli\u0173 ma\u0161inos<\/strong>\u00a0i\u0161<span style=\"color: #ff0000;\">\u00a0<\/span><strong><span style=\"color: #ff0000;\">KAM<\/span><span style=\"color: #0000ff;\">R<\/span>C;<\/strong> Jums nereik\u0117s niekur eiti, kad atsargos visada b\u016bt\u0173 pilnos, laikykite jas, kol gaminate daugiau ledo.<\/p>\n<p>Tai <strong>ledo ma\u0161ina <span style=\"color: #ff0000;\">KAM<\/span><span style=\"color: #0000ff;\">R<\/span>c<\/strong> Auk\u0161ta kokyb\u0117 pagaminta i\u0161 auk\u0161\u010diausios kokyb\u0117s ner\u016bdijan\u010dio plieno, specialiai maistui su dvigubo sluoksnio putplas\u010dio izoliacija.  The <strong>ledo kubeli\u0173 ma\u0161ina<\/strong> <strong><span style=\"color: #ff0000;\">KAM<\/span><span style=\"color: #0000ff;\">R<\/span>CMCH50<\/strong>\u00a0turi talp\u0105 <strong><span style=\"color: #0000ff;\">per 24 valandas pagaminama 50 kg ledo<\/span><\/strong> ir ledo laikymo talpa nuo 8 iki 12 kg, su <strong>ledo ma\u0161ina<\/strong> Jei reikia, galite reguliuoti kubeli\u0173 stor\u012f.<\/p>\n<h6><strong>Garantija\u00a0<span style=\"color: #ff0000;\">KAM<\/span><span style=\"color: #0000ff;\">R<\/span>C 2 METAI<\/strong><\/h6>\n<h6><span style=\"color: #008000;\"><strong>Efektyvi ledo kubeli\u0173 ma\u0161ina, ma\u017eos s\u0105naudos 200w<\/strong><\/span><\/h6>\n<h6><strong>\u012ftraukta technin\u0117 pagalba.<\/strong><\/h6>\n<p>&nbsp;<\/p>","protected":false},"featured_media":1402,"comment_status":"open","ping_status":"closed","template":"","meta":{"wds_primary_product_brand":0,"wds_primary_product_cat":0},"product_brand":[],"product_cat":[59],"product_tag":[],"class_list":{"0":"post-1393","1":"product","2":"type-product","3":"status-publish","4":"has-post-thumbnail","6":"product_cat-hielo","7":"product_shipping_class-hosteleria","9":"first","10":"instock","11":"sale","12":"taxable","13":"shipping-taxable","14":"purchasable","15":"product-type-simple"},"yoast_head":"<!-- This site is optimized with the Yoast SEO Premium plugin v24.9 (Yoast SEO v26.1) - https:\/\/yoast.com\/wordpress\/plugins\/seo\/ -->\n<title>M\u00e1quina para cubitos de hielo 50 Kg - distribuci\u00f3n ARC<\/title>\n<meta name=\"robots\" content=\"index, follow, max-snippet:-1, max-image-preview:large, max-video-preview:-1\" \/>\n<link rel=\"canonical\" href=\"https:\/\/www.distribucionarc.com\/ro\/producto\/maquina-de-hielo-para-cubitos-de-hielo-50-kg\/\" \/>\n<meta property=\"og:locale\" content=\"lt_LT\" \/>\n<meta property=\"og:type\" content=\"article\" \/>\n<meta property=\"og:title\" content=\"M\u00e1quina para cubitos de hielo 50 Kg\" \/>\n<meta property=\"og:description\" content=\"M\u00e1quina de hielo para cubitos de hielo 50 Kg No pierdas m\u00e1s el tiempo comprando sacos de hielo, con las\u00a0m\u00e1quinas para cubitos de hielo\u00a0de\u00a0ARC; no tendr\u00e1s que ir a ning\u00fan lado para tener tus reservas siempre llenas, al almacenarlo mientras se va fabricando m\u00e1s hielo.  Esta m\u00e1quina de hielo ARC de alta calidad est\u00e1 hecha de acero inoxidable de la mejor calidad, especial para alimentos con aislamiento de espuma de doble capa. \u00a0La m\u00e1quina para cubitos de hielo ARCMCH50\u00a0cuenta con una capacidad de producci\u00f3n de hielo de 50 kg en 24 horas y una capacidad de almacenamiento de hielo de 8 a 12 kg, con la maquina de hielo usted podr\u00e1 ajustar el grosor de los cubitos seg\u00fan le sea necesario. Garant\u00eda\u00a0ARC 2 A\u00d1OS Maquina para cubitos de hielo eficiente, bajo consumo 200w soporte t\u00e9cnico\u00a0incluido. &nbsp;\" \/>\n<meta property=\"og:url\" content=\"https:\/\/www.distribucionarc.com\/ro\/producto\/maquina-de-hielo-para-cubitos-de-hielo-50-kg\/\" \/>\n<meta property=\"og:site_name\" content=\"distribuci\u00f3n ARC\" \/>\n<meta property=\"article:modified_time\" content=\"2020-09-27T09:45:54+00:00\" \/>\n<meta property=\"og:image\" content=\"https:\/\/distribucionarc.com\/wp-content\/uploads\/2020\/07\/M\u00e1quina-de-hielo-para-cubitos-de-hielo-50-Kg-0.jpg\" \/>\n\t<meta property=\"og:image:width\" content=\"1600\" \/>\n\t<meta property=\"og:image:height\" content=\"1600\" \/>\n\t<meta property=\"og:image:type\" content=\"image\/jpeg\" \/>\n<meta name=\"twitter:card\" content=\"summary_large_image\" \/>\n<meta name=\"twitter:label1\" content=\"Est. reading time\" \/>\n\t<meta name=\"twitter:data1\" content=\"2 minut\u0117s\" \/>\n<script type=\"application\/ld+json\" class=\"yoast-schema-graph\">{\"@context\":\"https:\/\/schema.org\",\"@graph\":[{\"@type\":\"WebPage\",\"@id\":\"https:\/\/www.distribucionarc.com\/ro\/producto\/maquina-de-hielo-para-cubitos-de-hielo-50-kg\/\",\"url\":\"https:\/\/www.distribucionarc.com\/ro\/producto\/maquina-de-hielo-para-cubitos-de-hielo-50-kg\/\",\"name\":\"M\u00e1quina para cubitos de hielo 50 Kg - distribuci\u00f3n ARC\",\"isPartOf\":{\"@id\":\"https:\/\/distribucionarc.com\/bg\/#website\"},\"primaryImageOfPage\":{\"@id\":\"https:\/\/www.distribucionarc.com\/ro\/producto\/maquina-de-hielo-para-cubitos-de-hielo-50-kg\/#primaryimage\"},\"image\":{\"@id\":\"https:\/\/www.distribucionarc.com\/ro\/producto\/maquina-de-hielo-para-cubitos-de-hielo-50-kg\/#primaryimage\"},\"thumbnailUrl\":\"https:\/\/distribucionarc.com\/wp-content\/uploads\/2020\/07\/M\u00e1quina-de-hielo-para-cubitos-de-hielo-50-Kg-0.jpg\",\"datePublished\":\"2020-07-24T09:33:51+00:00\",\"dateModified\":\"2020-09-27T09:45:54+00:00\",\"breadcrumb\":{\"@id\":\"https:\/\/www.distribucionarc.com\/ro\/producto\/maquina-de-hielo-para-cubitos-de-hielo-50-kg\/#breadcrumb\"},\"inLanguage\":\"lt-LT\",\"potentialAction\":[{\"@type\":\"ReadAction\",\"target\":[\"https:\/\/www.distribucionarc.com\/ro\/producto\/maquina-de-hielo-para-cubitos-de-hielo-50-kg\/\"]}]},{\"@type\":\"ImageObject\",\"inLanguage\":\"lt-LT\",\"@id\":\"https:\/\/www.distribucionarc.com\/ro\/producto\/maquina-de-hielo-para-cubitos-de-hielo-50-kg\/#primaryimage\",\"url\":\"https:\/\/distribucionarc.com\/wp-content\/uploads\/2020\/07\/M\u00e1quina-de-hielo-para-cubitos-de-hielo-50-Kg-0.jpg\",\"contentUrl\":\"https:\/\/distribucionarc.com\/wp-content\/uploads\/2020\/07\/M\u00e1quina-de-hielo-para-cubitos-de-hielo-50-Kg-0.jpg\",\"width\":1600,\"height\":1600,\"caption\":\"M\u00e1quina de hielo para cubitos de hielo 50 Kg\"},{\"@type\":\"BreadcrumbList\",\"@id\":\"https:\/\/www.distribucionarc.com\/ro\/producto\/maquina-de-hielo-para-cubitos-de-hielo-50-kg\/#breadcrumb\",\"itemListElement\":[{\"@type\":\"ListItem\",\"position\":1,\"name\":\"Portada\",\"item\":\"https:\/\/distribucionarc.com\/nb\/\"},{\"@type\":\"ListItem\",\"position\":2,\"name\":\"Products\",\"item\":\"https:\/\/www.distribucionarc.com\/en\/shop\/\"},{\"@type\":\"ListItem\",\"position\":3,\"name\":\"M\u00e1quina para cubitos de hielo 50 Kg\"}]},{\"@type\":\"WebSite\",\"@id\":\"https:\/\/distribucionarc.com\/bg\/#website\",\"url\":\"https:\/\/distribucionarc.com\/bg\/\",\"name\":\"distribuci\u00f3n ARC\",\"description\":\"Empresa especializada en la fabricaci\u00f3n y distribuci\u00f3n de maquinaria industrial, selladoras de latas, Maquinas de hacer pastillas, Maquinas de cortar carne...\",\"publisher\":{\"@id\":\"https:\/\/distribucionarc.com\/bg\/#organization\"},\"potentialAction\":[{\"@type\":\"SearchAction\",\"target\":{\"@type\":\"EntryPoint\",\"urlTemplate\":\"https:\/\/distribucionarc.com\/bg\/?s={search_term_string}\"},\"query-input\":{\"@type\":\"PropertyValueSpecification\",\"valueRequired\":true,\"valueName\":\"search_term_string\"}}],\"inLanguage\":\"lt-LT\"},{\"@type\":\"Organization\",\"@id\":\"https:\/\/distribucionarc.com\/bg\/#organization\",\"name\":\"Distribuci\u00f3n ARC\",\"url\":\"https:\/\/distribucionarc.com\/bg\/\",\"logo\":{\"@type\":\"ImageObject\",\"inLanguage\":\"lt-LT\",\"@id\":\"https:\/\/distribucionarc.com\/bg\/#\/schema\/logo\/image\/\",\"url\":\"https:\/\/distribucionarc.com\/wp-content\/uploads\/2024\/10\/distribucion-ARC-COLOR-SIN-FONDO-e1732295305345.png\",\"contentUrl\":\"https:\/\/distribucionarc.com\/wp-content\/uploads\/2024\/10\/distribucion-ARC-COLOR-SIN-FONDO-e1732295305345.png\",\"width\":1164,\"height\":558,\"caption\":\"Distribuci\u00f3n ARC\"},\"image\":{\"@id\":\"https:\/\/distribucionarc.com\/bg\/#\/schema\/logo\/image\/\"},\"description\":\"Empresa especializada en la fabricaci\u00f3n y distribuci\u00f3n de maquinaria industrial para los sectores alimentario y farmac\u00e9utico. Nos especializamos en: M\u00e1quinas de cortar carne Fabricaci\u00f3n de comprimidos Sistemas de transporte industrial L\u00edneas de embotellado Dosificadores Y mucho m\u00e1s... Ofrecemos soluciones innovadoras y personalizadas para optimizar los procesos productivos de tu empresa.\",\"email\":\"Admistracion@distribucionarc.com\",\"telephone\":\"+34 643496664\",\"legalName\":\"ARC TECH SOLUTIONS\",\"foundingDate\":\"2024-04-09\",\"vatID\":\"B55480172\",\"numberOfEmployees\":{\"@type\":\"QuantitativeValue\",\"minValue\":\"1\",\"maxValue\":\"10\"}}]}<\/script>\n<!-- \/ Yoast SEO Premium plugin. -->","yoast_head_json":{"title":"50 kg ledo kubeli\u0173 ma\u0161ina - ARC paskirstymas","robots":{"index":"index","follow":"follow","max-snippet":"max-snippet:-1","max-image-preview":"max-image-preview:large","max-video-preview":"max-video-preview:-1"},"canonical":"https:\/\/www.distribucionarc.com\/ro\/producto\/maquina-de-hielo-para-cubitos-de-hielo-50-kg\/","og_locale":"lt_LT","og_type":"article","og_title":"M\u00e1quina para cubitos de hielo 50 Kg","og_description":"M\u00e1quina de hielo para cubitos de hielo 50 Kg No pierdas m\u00e1s el tiempo comprando sacos de hielo, con las\u00a0m\u00e1quinas para cubitos de hielo\u00a0de\u00a0ARC; no tendr\u00e1s que ir a ning\u00fan lado para tener tus reservas siempre llenas, al almacenarlo mientras se va fabricando m\u00e1s hielo.  Esta m\u00e1quina de hielo ARC de alta calidad est\u00e1 hecha de acero inoxidable de la mejor calidad, especial para alimentos con aislamiento de espuma de doble capa. \u00a0La m\u00e1quina para cubitos de hielo ARCMCH50\u00a0cuenta con una capacidad de producci\u00f3n de hielo de 50 kg en 24 horas y una capacidad de almacenamiento de hielo de 8 a 12 kg, con la maquina de hielo usted podr\u00e1 ajustar el grosor de los cubitos seg\u00fan le sea necesario. Garant\u00eda\u00a0ARC 2 A\u00d1OS Maquina para cubitos de hielo eficiente, bajo consumo 200w soporte t\u00e9cnico\u00a0incluido. &nbsp;","og_url":"https:\/\/www.distribucionarc.com\/ro\/producto\/maquina-de-hielo-para-cubitos-de-hielo-50-kg\/","og_site_name":"distribuci\u00f3n ARC","article_modified_time":"2020-09-27T09:45:54+00:00","og_image":[{"width":1600,"height":1600,"url":"https:\/\/distribucionarc.com\/wp-content\/uploads\/2020\/07\/M\u00e1quina-de-hielo-para-cubitos-de-hielo-50-Kg-0.jpg","type":"image\/jpeg"}],"twitter_card":"summary_large_image","twitter_misc":{"Est. reading time":"2 minut\u0117s"},"schema":{"@context":"https:\/\/schema.org","@graph":[{"@type":"WebPage","@id":"https:\/\/www.distribucionarc.com\/ro\/producto\/maquina-de-hielo-para-cubitos-de-hielo-50-kg\/","url":"https:\/\/www.distribucionarc.com\/ro\/producto\/maquina-de-hielo-para-cubitos-de-hielo-50-kg\/","name":"50 kg ledo kubeli\u0173 ma\u0161ina - ARC paskirstymas","isPartOf":{"@id":"https:\/\/distribucionarc.com\/bg\/#website"},"primaryImageOfPage":{"@id":"https:\/\/www.distribucionarc.com\/ro\/producto\/maquina-de-hielo-para-cubitos-de-hielo-50-kg\/#primaryimage"},"image":{"@id":"https:\/\/www.distribucionarc.com\/ro\/producto\/maquina-de-hielo-para-cubitos-de-hielo-50-kg\/#primaryimage"},"thumbnailUrl":"https:\/\/distribucionarc.com\/wp-content\/uploads\/2020\/07\/M\u00e1quina-de-hielo-para-cubitos-de-hielo-50-Kg-0.jpg","datePublished":"2020-07-24T09:33:51+00:00","dateModified":"2020-09-27T09:45:54+00:00","breadcrumb":{"@id":"https:\/\/www.distribucionarc.com\/ro\/producto\/maquina-de-hielo-para-cubitos-de-hielo-50-kg\/#breadcrumb"},"inLanguage":"lt-LT","potentialAction":[{"@type":"ReadAction","target":["https:\/\/www.distribucionarc.com\/ro\/producto\/maquina-de-hielo-para-cubitos-de-hielo-50-kg\/"]}]},{"@type":"ImageObject","inLanguage":"lt-LT","@id":"https:\/\/www.distribucionarc.com\/ro\/producto\/maquina-de-hielo-para-cubitos-de-hielo-50-kg\/#primaryimage","url":"https:\/\/distribucionarc.com\/wp-content\/uploads\/2020\/07\/M\u00e1quina-de-hielo-para-cubitos-de-hielo-50-Kg-0.jpg","contentUrl":"https:\/\/distribucionarc.com\/wp-content\/uploads\/2020\/07\/M\u00e1quina-de-hielo-para-cubitos-de-hielo-50-Kg-0.jpg","width":1600,"height":1600,"caption":"M\u00e1quina de hielo para cubitos de hielo 50 Kg"},{"@type":"BreadcrumbList","@id":"https:\/\/www.distribucionarc.com\/ro\/producto\/maquina-de-hielo-para-cubitos-de-hielo-50-kg\/#breadcrumb","itemListElement":[{"@type":"ListItem","position":1,"name":"Portada","item":"https:\/\/distribucionarc.com\/nb\/"},{"@type":"ListItem","position":2,"name":"Products","item":"https:\/\/www.distribucionarc.com\/en\/shop\/"},{"@type":"ListItem","position":3,"name":"M\u00e1quina para cubitos de hielo 50 Kg"}]},{"@type":"WebSite","@id":"https:\/\/distribucionarc.com\/bg\/#website","url":"https:\/\/distribucionarc.com\/bg\/","name":"ARC paskirstymas","description":"\u012emon\u0117 specializuojasi pramonini\u0173 ma\u0161in\u0173, skardini\u0173 sandarinimo ma\u0161in\u0173, table\u010di\u0173 gamybos ma\u0161in\u0173, m\u0117sos pjaustymo ma\u0161in\u0173 gamyboje ir platinime...","publisher":{"@id":"https:\/\/distribucionarc.com\/bg\/#organization"},"potentialAction":[{"@type":"SearchAction","target":{"@type":"EntryPoint","urlTemplate":"https:\/\/distribucionarc.com\/bg\/?s={search_term_string}"},"query-input":{"@type":"PropertyValueSpecification","valueRequired":true,"valueName":"search_term_string"}}],"inLanguage":"lt-LT"},{"@type":"Organization","@id":"https:\/\/distribucionarc.com\/bg\/#organization","name":"ARC platinimas","url":"https:\/\/distribucionarc.com\/bg\/","logo":{"@type":"ImageObject","inLanguage":"lt-LT","@id":"https:\/\/distribucionarc.com\/bg\/#\/schema\/logo\/image\/","url":"https:\/\/distribucionarc.com\/wp-content\/uploads\/2024\/10\/distribucion-ARC-COLOR-SIN-FONDO-e1732295305345.png","contentUrl":"https:\/\/distribucionarc.com\/wp-content\/uploads\/2024\/10\/distribucion-ARC-COLOR-SIN-FONDO-e1732295305345.png","width":1164,"height":558,"caption":"Distribuci\u00f3n ARC"},"image":{"@id":"https:\/\/distribucionarc.com\/bg\/#\/schema\/logo\/image\/"},"description":"\u012emon\u0117 specializuojasi maisto ir farmacijos sektoriams skirt\u0173 pramonini\u0173 ma\u0161in\u0173 gamyboje ir platinime. M\u016bs\u0173 specializacija: M\u0117sos pjaustymo ma\u0161inos Table\u010di\u0173 gamyba Pramonin\u0117s transportavimo sistemos I\u0161pilstymo linijos Dozatoriai Ir dar daugiau... Si\u016blome novatori\u0161kus ir individualiems poreikiams pritaikytus sprendimus, kad optimizuotume j\u016bs\u0173 \u012fmon\u0117s gamybos procesus.","email":"Admistracion@distribucionarc.com","telephone":"+34 643496664","legalName":"ARC TECH SOLUTIONS","foundingDate":"2024-04-09","vatID":"B55480172","numberOfEmployees":{"@type":"QuantitativeValue","minValue":"1","maxValue":"10"}}]}},"_links":{"self":[{"href":"https:\/\/distribucionarc.com\/lt\/wp-json\/wp\/v2\/product\/1393","targetHints":{"allow":["GET"]}}],"collection":[{"href":"https:\/\/distribucionarc.com\/lt\/wp-json\/wp\/v2\/product"}],"about":[{"href":"https:\/\/distribucionarc.com\/lt\/wp-json\/wp\/v2\/types\/product"}],"replies":[{"embeddable":true,"href":"https:\/\/distribucionarc.com\/lt\/wp-json\/wp\/v2\/comments?post=1393"}],"version-history":[{"count":0,"href":"https:\/\/distribucionarc.com\/lt\/wp-json\/wp\/v2\/product\/1393\/revisions"}],"wp:featuredmedia":[{"embeddable":true,"href":"https:\/\/distribucionarc.com\/lt\/wp-json\/wp\/v2\/media\/1402"}],"wp:attachment":[{"href":"https:\/\/distribucionarc.com\/lt\/wp-json\/wp\/v2\/media?parent=1393"}],"wp:term":[{"taxonomy":"product_brand","embeddable":true,"href":"https:\/\/distribucionarc.com\/lt\/wp-json\/wp\/v2\/product_brand?post=1393"},{"taxonomy":"product_cat","embeddable":true,"href":"https:\/\/distribucionarc.com\/lt\/wp-json\/wp\/v2\/product_cat?post=1393"},{"taxonomy":"product_tag","embeddable":true,"href":"https:\/\/distribucionarc.com\/lt\/wp-json\/wp\/v2\/product_tag?post=1393"}],"curies":[{"name":"wp","href":"https:\/\/api.w.org\/{rel}","templated":true}]}}