{"id":14,"date":"2020-04-14T20:21:33","date_gmt":"2020-04-14T20:21:33","guid":{"rendered":"https:\/\/distribucionarc.com\/?post_type=product&#038;p=14"},"modified":"2025-05-08T21:40:38","modified_gmt":"2025-05-08T19:40:38","slug":"1000ml-pneumatinio-stumoklio-skyscio-uzpildas-%f0%9f%a7%b4","status":"publish","type":"product","link":"https:\/\/distribucionarc.com\/lt\/producto\/llenadora-de-liquidos-piston-neumatico-1000ml-%f0%9f%a7%b4\/","title":{"rendered":"Pneumatinio siurbimo st\u016bmoklio skys\u010dio u\u017epildo i\u0161pilstymas, dozavimas 1000 ml ?"},"content":{"rendered":"<p>Taikymas:<\/p>\n<p>GFA serijos pneumatinis u\u017epildas gali b\u016bti naudojamas grietin\u0117l\u0117s ir skys\u010dio u\u017epildymui, jis pla\u010diai naudojamas chemijos, maisto, g\u0117rim\u0173 ir farmacijos pramon\u0117s srityse.<\/p>\n<p>\u0160i ma\u0161ina yra optimalios strukt\u016bros sudaryta i\u0161 pneumatinio st\u016bmoklio, kuris \u012fgyvendina pneumatiniu b\u016bdu varom\u0105 konstrukcij\u0105. Korpusas ir visos sujungtos dalys su med\u017eiagomis pagaminti i\u0161 standarti\u0161kai ner\u016bdijan\u010dio plieno SS304. Pagrindini\u0173 dali\u0173 vidin\u0117s sienos yra poliruotas plienas, kurio \u0161iurk\u0161tumas ra \u2264 0,2-0,4 um, kuris atitinka GMP sertifikavimo reikalavimus, tod\u0117l yra ner\u016bdijantis ir atsparus korozijai, be to, vartotojas gali reguliuoti t\u016br\u012f ir u\u017epildymo greit\u012f. reikiamo tipo<\/p>\n<p>Su \u0161iuo dozavimo aparatu i\u0161pilstymo ma\u0161ina gali i\u0161pilti hidrologin\u012f gel\u012f<\/p>\n<p>Ma\u0161inos veikimas<\/p>\n<p>Specifikacijos:<\/p>\n<p>plieno korpuso ma\u0161ina<\/p>\n<ol>\n<li>1.Ner\u016bdijantis<\/li>\n<\/ol>\n<p>Rotacini\u0173 vo\u017etuv\u0173 sistemos projektavimas<\/p>\n<ol start=\"2\">\n<li>2. St\u016bmoklio pildymo re\u017eimas<\/li>\n<li>3. Padanga<\/li>\n<li>4. Reguliuojamas st\u016bmoklio padavimo greitis<\/li>\n<li>5. Antikorozin\u0117, pagrindin\u0117 pildymo vieta ir reguliuojamas auk\u0161tis<\/li>\n<\/ol>\n<p>U\u017epildymo tikslumas<\/p>\n<ol start=\"6\">\n<li>6. Auk\u0161tas (+\/-1%)<\/li>\n<li>7. Lengva valyti ir pri\u017ei\u016br\u0117ti<\/li>\n<\/ol>\n<p>Ner\u016bdijan\u010dio plieno klas\u0117s<\/p>\n<ol start=\"8\">\n<li>8. Lengvai surenkamos ir i\u0161montuojamos pneumatin\u0117s dalys.<\/li>\n<li>9. pusiau automatinis arba automatinis<\/li>\n<li>10. Oro sl\u0117gio \u012fleidimo angos reguliavimas<\/li>\n<li>reguliuojamas u\u017epildymo t\u016bris<\/li>\n<\/ol>\n<p>Techninis parametras:<\/p>\n<p>Daugkartinio u\u017epildymo diapazonas: 90\u20131000 ml<\/p>\n<p>Taikomas sl\u0117gis: 0,4-0,9 MPA<\/p>\n<p>Pildymo greitis: 40 buteli\u0173 per minut\u0119<\/p>\n<p>Grynasis svoris: 25 kg<\/p>\n<p>Maitinimas: 220V<\/p>\n<p>U\u017epildymo galvut\u0117: 1<\/p>\n<p>Ma\u0161inos matmenys: 1000 * 350 * 355 mm<\/p>\n<p>Automatinis laipsnis: pusiau automatinis<\/p>\n<p>Varomasis tipas: pneumatinis ir elektrinis<\/p>\n<p>Med\u017eiaga: SS304 ner\u016bdijantis plienas<\/p>\n<p>Ma\u0161inos matmenys: 1000 * 350 * 355 mm<\/p>\n<p><iframe loading=\"lazy\" src=\"https:\/\/www.youtube.com\/embed\/saMORv2poEk\" width=\"560\" height=\"315\" frameborder=\"0\" allowfullscreen=\"allowfullscreen\"><\/iframe><\/p>","protected":false},"excerpt":{"rendered":"<p>Pneumatinis i\u0161pilstymo \u012frenginys 90ml \u27a1\ufe0f1000ML \u0161amp\u016bno, aliejaus, vandens, kvepal\u0173 pildymo aparatas<\/p>\n<p>pusiau automatinis buteli\u0173 u\u017epildas<\/p>\n<p>PNEUMATIN\u0116 SKYS\u010cIO PILDYMO MA\u0160INA \u0160AMP\u016aNUI, ALIEJUI, KVEPAL\u0116S VANDENS GELUI<\/p>\n<p>90ml \u27a1\ufe0f1000ml<\/p>\n<p>Galite dozuoti \u012fvairi\u0173 r\u016b\u0161i\u0173 skys\u010dius, tokius kaip \u0161amp\u016bnas, aliejus, vanduo, kvepalai ir cheminis gelis. Galite dozuoti skirtingus produkto kiekius nuo 90Ml \u27a1\ufe0f1000Ml<\/p>","protected":false},"featured_media":15,"comment_status":"open","ping_status":"closed","template":"","meta":{"wds_primary_product_brand":0,"wds_primary_product_cat":0},"product_brand":[],"product_cat":[18,19,74,73,321],"product_tag":[],"class_list":{"0":"post-14","1":"product","2":"type-product","3":"status-publish","4":"has-post-thumbnail","6":"product_cat-dosificadoras","7":"product_cat-dosificadoras-de-liquidos","8":"product_cat-llenadoras-de-botellas","9":"product_cat-llenadoras-de-liquidos","10":"product_cat-llenadoras-de-piston","12":"first","13":"instock","14":"taxable","15":"shipping-taxable","16":"purchasable","17":"product-type-simple"},"yoast_head":"<!-- This site is optimized with the Yoast SEO Premium plugin v24.9 (Yoast SEO v26.1) - https:\/\/yoast.com\/wordpress\/plugins\/seo\/ -->\n<title>Llenadora de L\u00edquidos Pist\u00f3n Neum\u00e1tico por Succi\u00f3n Embotelladora, Dosificadora 1000 ml ? - distribuci\u00f3n ARC<\/title>\n<meta name=\"robots\" content=\"index, follow, max-snippet:-1, max-image-preview:large, max-video-preview:-1\" \/>\n<link rel=\"canonical\" href=\"https:\/\/distribucionarc.com\/lt\/produktas\/1000ml-pneumatinio-stumoklio-skyscio-uzpildas-\ud83e\uddf4\/\" \/>\n<meta property=\"og:locale\" content=\"lt_LT\" \/>\n<meta property=\"og:type\" content=\"article\" \/>\n<meta property=\"og:title\" content=\"Llenadora de L\u00edquidos Pist\u00f3n Neum\u00e1tico por Succi\u00f3n Embotelladora, Dosificadora 1000 ml ?\" \/>\n<meta property=\"og:description\" content=\"Dispositivo de embotellado neum\u00e1tico 90ML \u27a1\ufe0f 1000ML m\u00e1quina de rellenar para el champ\u00fa, aceite, agua, perfume  llenadora de botellas semiautom\u00e1tica  MAQUINA DE LLENADO DE LIQUIDO NEUMATICA PARA CHAMPU, ACEITE, PERFUME DE AGUA GEL  90 ML \u27a1\ufe0f 1000 ML  Usted puede dosificar diversas clases de l\u00edquidos como champ\u00fa, aceite, agua, perfume, y gel el producto qu\u00edmico. Puede dosificar diferentes cantidades de producto que van desde los 90 Ml \u27a1\ufe0f1000 Ml\" \/>\n<meta property=\"og:url\" content=\"https:\/\/distribucionarc.com\/lt\/produktas\/1000ml-pneumatinio-stumoklio-skyscio-uzpildas-\ud83e\uddf4\/\" \/>\n<meta property=\"og:site_name\" content=\"distribuci\u00f3n ARC\" \/>\n<meta property=\"article:modified_time\" content=\"2025-05-08T19:40:38+00:00\" \/>\n<meta property=\"og:image\" content=\"https:\/\/distribucionarc.com\/wp-content\/uploads\/2020\/04\/llenadora_de_liquidos_0.jpg\" \/>\n\t<meta property=\"og:image:width\" content=\"1001\" \/>\n\t<meta property=\"og:image:height\" content=\"1001\" \/>\n\t<meta property=\"og:image:type\" content=\"image\/jpeg\" \/>\n<meta name=\"twitter:card\" content=\"summary_large_image\" \/>\n<meta name=\"twitter:label1\" content=\"Est. reading time\" \/>\n\t<meta name=\"twitter:data1\" content=\"2 minut\u0117s\" \/>\n<script type=\"application\/ld+json\" class=\"yoast-schema-graph\">{\"@context\":\"https:\/\/schema.org\",\"@graph\":[{\"@type\":\"WebPage\",\"@id\":\"https:\/\/distribucionarc.com\/sk\/producto\/llenadora-de-liquidos-piston-neumatico-1000ml-%f0%9f%a7%b4\/\",\"url\":\"https:\/\/distribucionarc.com\/sk\/producto\/llenadora-de-liquidos-piston-neumatico-1000ml-%f0%9f%a7%b4\/\",\"name\":\"Llenadora de L\u00edquidos Pist\u00f3n Neum\u00e1tico por Succi\u00f3n Embotelladora, Dosificadora 1000 ml ? - distribuci\u00f3n ARC\",\"isPartOf\":{\"@id\":\"https:\/\/www.distribucionarc.com\/sl\/#website\"},\"primaryImageOfPage\":{\"@id\":\"https:\/\/distribucionarc.com\/sk\/producto\/llenadora-de-liquidos-piston-neumatico-1000ml-%f0%9f%a7%b4\/#primaryimage\"},\"image\":{\"@id\":\"https:\/\/distribucionarc.com\/sk\/producto\/llenadora-de-liquidos-piston-neumatico-1000ml-%f0%9f%a7%b4\/#primaryimage\"},\"thumbnailUrl\":\"https:\/\/distribucionarc.com\/wp-content\/uploads\/2020\/04\/llenadora_de_liquidos_0.jpg\",\"datePublished\":\"2020-04-14T20:21:33+00:00\",\"dateModified\":\"2025-05-08T19:40:38+00:00\",\"breadcrumb\":{\"@id\":\"https:\/\/distribucionarc.com\/sk\/producto\/llenadora-de-liquidos-piston-neumatico-1000ml-%f0%9f%a7%b4\/#breadcrumb\"},\"inLanguage\":\"lt-LT\",\"potentialAction\":[{\"@type\":\"ReadAction\",\"target\":[\"https:\/\/distribucionarc.com\/sk\/producto\/llenadora-de-liquidos-piston-neumatico-1000ml-%f0%9f%a7%b4\/\"]}]},{\"@type\":\"ImageObject\",\"inLanguage\":\"lt-LT\",\"@id\":\"https:\/\/distribucionarc.com\/sk\/producto\/llenadora-de-liquidos-piston-neumatico-1000ml-%f0%9f%a7%b4\/#primaryimage\",\"url\":\"https:\/\/distribucionarc.com\/wp-content\/uploads\/2020\/04\/llenadora_de_liquidos_0.jpg\",\"contentUrl\":\"https:\/\/distribucionarc.com\/wp-content\/uploads\/2020\/04\/llenadora_de_liquidos_0.jpg\",\"width\":1001,\"height\":1001},{\"@type\":\"BreadcrumbList\",\"@id\":\"https:\/\/distribucionarc.com\/sk\/producto\/llenadora-de-liquidos-piston-neumatico-1000ml-%f0%9f%a7%b4\/#breadcrumb\",\"itemListElement\":[{\"@type\":\"ListItem\",\"position\":1,\"name\":\"Portada\",\"item\":\"https:\/\/www.distribucionarc.com\/\"},{\"@type\":\"ListItem\",\"position\":2,\"name\":\"\u00dcr\u00fcnler\",\"item\":\"https:\/\/www.distribucionarc.com\/tr\/magaza\/\"},{\"@type\":\"ListItem\",\"position\":3,\"name\":\"Llenadora de L\u00edquidos Pist\u00f3n Neum\u00e1tico por Succi\u00f3n Embotelladora, Dosificadora 1000 ml ?\"}]},{\"@type\":\"WebSite\",\"@id\":\"https:\/\/www.distribucionarc.com\/sl\/#website\",\"url\":\"https:\/\/www.distribucionarc.com\/sl\/\",\"name\":\"distribuci\u00f3n ARC\",\"description\":\"Empresa especializada en la fabricaci\u00f3n y distribuci\u00f3n de maquinaria industrial, selladoras de latas, Maquinas de hacer pastillas, Maquinas de cortar carne...\",\"publisher\":{\"@id\":\"https:\/\/www.distribucionarc.com\/sl\/#organization\"},\"potentialAction\":[{\"@type\":\"SearchAction\",\"target\":{\"@type\":\"EntryPoint\",\"urlTemplate\":\"https:\/\/www.distribucionarc.com\/sl\/?s={search_term_string}\"},\"query-input\":{\"@type\":\"PropertyValueSpecification\",\"valueRequired\":true,\"valueName\":\"search_term_string\"}}],\"inLanguage\":\"lt-LT\"},{\"@type\":\"Organization\",\"@id\":\"https:\/\/www.distribucionarc.com\/sl\/#organization\",\"name\":\"Distribuci\u00f3n ARC\",\"url\":\"https:\/\/www.distribucionarc.com\/sl\/\",\"logo\":{\"@type\":\"ImageObject\",\"inLanguage\":\"lt-LT\",\"@id\":\"https:\/\/www.distribucionarc.com\/sl\/#\/schema\/logo\/image\/\",\"url\":\"https:\/\/distribucionarc.com\/wp-content\/uploads\/2024\/10\/distribucion-ARC-COLOR-SIN-FONDO-e1732295305345.png\",\"contentUrl\":\"https:\/\/distribucionarc.com\/wp-content\/uploads\/2024\/10\/distribucion-ARC-COLOR-SIN-FONDO-e1732295305345.png\",\"width\":1164,\"height\":558,\"caption\":\"Distribuci\u00f3n ARC\"},\"image\":{\"@id\":\"https:\/\/www.distribucionarc.com\/sl\/#\/schema\/logo\/image\/\"},\"description\":\"Empresa especializada en la fabricaci\u00f3n y distribuci\u00f3n de maquinaria industrial para los sectores alimentario y farmac\u00e9utico. Nos especializamos en: M\u00e1quinas de cortar carne Fabricaci\u00f3n de comprimidos Sistemas de transporte industrial L\u00edneas de embotellado Dosificadores Y mucho m\u00e1s... Ofrecemos soluciones innovadoras y personalizadas para optimizar los procesos productivos de tu empresa.\",\"email\":\"Admistracion@distribucionarc.com\",\"telephone\":\"+34 643496664\",\"legalName\":\"ARC TECH SOLUTIONS\",\"foundingDate\":\"2024-04-09\",\"vatID\":\"B55480172\",\"numberOfEmployees\":{\"@type\":\"QuantitativeValue\",\"minValue\":\"1\",\"maxValue\":\"10\"}}]}<\/script>\n<!-- \/ Yoast SEO Premium plugin. -->","yoast_head_json":{"title":"Pneumatinio siurbimo st\u016bmoklio skys\u010dio u\u017epildo i\u0161pilstymas, dozavimas 1000 ml ? - ARC paskirstymas","robots":{"index":"index","follow":"follow","max-snippet":"max-snippet:-1","max-image-preview":"max-image-preview:large","max-video-preview":"max-video-preview:-1"},"canonical":"https:\/\/distribucionarc.com\/lt\/produktas\/1000ml-pneumatinio-stumoklio-skyscio-uzpildas-\ud83e\uddf4\/","og_locale":"lt_LT","og_type":"article","og_title":"Llenadora de L\u00edquidos Pist\u00f3n Neum\u00e1tico por Succi\u00f3n Embotelladora, Dosificadora 1000 ml ?","og_description":"Dispositivo de embotellado neum\u00e1tico 90ML \u27a1\ufe0f 1000ML m\u00e1quina de rellenar para el champ\u00fa, aceite, agua, perfume  llenadora de botellas semiautom\u00e1tica  MAQUINA DE LLENADO DE LIQUIDO NEUMATICA PARA CHAMPU, ACEITE, PERFUME DE AGUA GEL  90 ML \u27a1\ufe0f 1000 ML  Usted puede dosificar diversas clases de l\u00edquidos como champ\u00fa, aceite, agua, perfume, y gel el producto qu\u00edmico. Puede dosificar diferentes cantidades de producto que van desde los 90 Ml \u27a1\ufe0f1000 Ml","og_url":"https:\/\/distribucionarc.com\/lt\/produktas\/1000ml-pneumatinio-stumoklio-skyscio-uzpildas-\ud83e\uddf4\/","og_site_name":"distribuci\u00f3n ARC","article_modified_time":"2025-05-08T19:40:38+00:00","og_image":[{"width":1001,"height":1001,"url":"https:\/\/distribucionarc.com\/wp-content\/uploads\/2020\/04\/llenadora_de_liquidos_0.jpg","type":"image\/jpeg"}],"twitter_card":"summary_large_image","twitter_misc":{"Est. reading time":"2 minut\u0117s"},"schema":{"@context":"https:\/\/schema.org","@graph":[{"@type":"WebPage","@id":"https:\/\/distribucionarc.com\/sk\/producto\/llenadora-de-liquidos-piston-neumatico-1000ml-%f0%9f%a7%b4\/","url":"https:\/\/distribucionarc.com\/sk\/producto\/llenadora-de-liquidos-piston-neumatico-1000ml-%f0%9f%a7%b4\/","name":"Pneumatinio siurbimo st\u016bmoklio skys\u010dio u\u017epildo i\u0161pilstymas, dozavimas 1000 ml ? - ARC paskirstymas","isPartOf":{"@id":"https:\/\/www.distribucionarc.com\/sl\/#website"},"primaryImageOfPage":{"@id":"https:\/\/distribucionarc.com\/sk\/producto\/llenadora-de-liquidos-piston-neumatico-1000ml-%f0%9f%a7%b4\/#primaryimage"},"image":{"@id":"https:\/\/distribucionarc.com\/sk\/producto\/llenadora-de-liquidos-piston-neumatico-1000ml-%f0%9f%a7%b4\/#primaryimage"},"thumbnailUrl":"https:\/\/distribucionarc.com\/wp-content\/uploads\/2020\/04\/llenadora_de_liquidos_0.jpg","datePublished":"2020-04-14T20:21:33+00:00","dateModified":"2025-05-08T19:40:38+00:00","breadcrumb":{"@id":"https:\/\/distribucionarc.com\/sk\/producto\/llenadora-de-liquidos-piston-neumatico-1000ml-%f0%9f%a7%b4\/#breadcrumb"},"inLanguage":"lt-LT","potentialAction":[{"@type":"ReadAction","target":["https:\/\/distribucionarc.com\/sk\/producto\/llenadora-de-liquidos-piston-neumatico-1000ml-%f0%9f%a7%b4\/"]}]},{"@type":"ImageObject","inLanguage":"lt-LT","@id":"https:\/\/distribucionarc.com\/sk\/producto\/llenadora-de-liquidos-piston-neumatico-1000ml-%f0%9f%a7%b4\/#primaryimage","url":"https:\/\/distribucionarc.com\/wp-content\/uploads\/2020\/04\/llenadora_de_liquidos_0.jpg","contentUrl":"https:\/\/distribucionarc.com\/wp-content\/uploads\/2020\/04\/llenadora_de_liquidos_0.jpg","width":1001,"height":1001},{"@type":"BreadcrumbList","@id":"https:\/\/distribucionarc.com\/sk\/producto\/llenadora-de-liquidos-piston-neumatico-1000ml-%f0%9f%a7%b4\/#breadcrumb","itemListElement":[{"@type":"ListItem","position":1,"name":"Portada","item":"https:\/\/www.distribucionarc.com\/"},{"@type":"ListItem","position":2,"name":"\u00dcr\u00fcnler","item":"https:\/\/www.distribucionarc.com\/tr\/magaza\/"},{"@type":"ListItem","position":3,"name":"Llenadora de L\u00edquidos Pist\u00f3n Neum\u00e1tico por Succi\u00f3n Embotelladora, Dosificadora 1000 ml ?"}]},{"@type":"WebSite","@id":"https:\/\/www.distribucionarc.com\/sl\/#website","url":"https:\/\/www.distribucionarc.com\/sl\/","name":"ARC paskirstymas","description":"\u012emon\u0117 specializuojasi pramonini\u0173 ma\u0161in\u0173, skardini\u0173 sandarinimo ma\u0161in\u0173, table\u010di\u0173 gamybos ma\u0161in\u0173, m\u0117sos pjaustymo ma\u0161in\u0173 gamyboje ir platinime...","publisher":{"@id":"https:\/\/www.distribucionarc.com\/sl\/#organization"},"potentialAction":[{"@type":"SearchAction","target":{"@type":"EntryPoint","urlTemplate":"https:\/\/www.distribucionarc.com\/sl\/?s={search_term_string}"},"query-input":{"@type":"PropertyValueSpecification","valueRequired":true,"valueName":"search_term_string"}}],"inLanguage":"lt-LT"},{"@type":"Organization","@id":"https:\/\/www.distribucionarc.com\/sl\/#organization","name":"ARC platinimas","url":"https:\/\/www.distribucionarc.com\/sl\/","logo":{"@type":"ImageObject","inLanguage":"lt-LT","@id":"https:\/\/www.distribucionarc.com\/sl\/#\/schema\/logo\/image\/","url":"https:\/\/distribucionarc.com\/wp-content\/uploads\/2024\/10\/distribucion-ARC-COLOR-SIN-FONDO-e1732295305345.png","contentUrl":"https:\/\/distribucionarc.com\/wp-content\/uploads\/2024\/10\/distribucion-ARC-COLOR-SIN-FONDO-e1732295305345.png","width":1164,"height":558,"caption":"Distribuci\u00f3n ARC"},"image":{"@id":"https:\/\/www.distribucionarc.com\/sl\/#\/schema\/logo\/image\/"},"description":"\u012emon\u0117 specializuojasi maisto ir farmacijos sektoriams skirt\u0173 pramonini\u0173 ma\u0161in\u0173 gamyboje ir platinime. M\u016bs\u0173 specializacija: M\u0117sos pjaustymo ma\u0161inos Table\u010di\u0173 gamyba Pramonin\u0117s transportavimo sistemos I\u0161pilstymo linijos Dozatoriai Ir dar daugiau... Si\u016blome novatori\u0161kus ir individualiems poreikiams pritaikytus sprendimus, kad optimizuotume j\u016bs\u0173 \u012fmon\u0117s gamybos procesus.","email":"Admistracion@distribucionarc.com","telephone":"+34 643496664","legalName":"ARC TECH SOLUTIONS","foundingDate":"2024-04-09","vatID":"B55480172","numberOfEmployees":{"@type":"QuantitativeValue","minValue":"1","maxValue":"10"}}]}},"_links":{"self":[{"href":"https:\/\/distribucionarc.com\/lt\/wp-json\/wp\/v2\/product\/14","targetHints":{"allow":["GET"]}}],"collection":[{"href":"https:\/\/distribucionarc.com\/lt\/wp-json\/wp\/v2\/product"}],"about":[{"href":"https:\/\/distribucionarc.com\/lt\/wp-json\/wp\/v2\/types\/product"}],"replies":[{"embeddable":true,"href":"https:\/\/distribucionarc.com\/lt\/wp-json\/wp\/v2\/comments?post=14"}],"version-history":[{"count":1,"href":"https:\/\/distribucionarc.com\/lt\/wp-json\/wp\/v2\/product\/14\/revisions"}],"predecessor-version":[{"id":17461,"href":"https:\/\/distribucionarc.com\/lt\/wp-json\/wp\/v2\/product\/14\/revisions\/17461"}],"wp:featuredmedia":[{"embeddable":true,"href":"https:\/\/distribucionarc.com\/lt\/wp-json\/wp\/v2\/media\/15"}],"wp:attachment":[{"href":"https:\/\/distribucionarc.com\/lt\/wp-json\/wp\/v2\/media?parent=14"}],"wp:term":[{"taxonomy":"product_brand","embeddable":true,"href":"https:\/\/distribucionarc.com\/lt\/wp-json\/wp\/v2\/product_brand?post=14"},{"taxonomy":"product_cat","embeddable":true,"href":"https:\/\/distribucionarc.com\/lt\/wp-json\/wp\/v2\/product_cat?post=14"},{"taxonomy":"product_tag","embeddable":true,"href":"https:\/\/distribucionarc.com\/lt\/wp-json\/wp\/v2\/product_tag?post=14"}],"curies":[{"name":"wp","href":"https:\/\/api.w.org\/{rel}","templated":true}]}}