{"id":1474,"date":"2020-07-25T09:37:55","date_gmt":"2020-07-25T09:37:55","guid":{"rendered":"https:\/\/distribucionarc.com\/?post_type=product&#038;p=1474"},"modified":"2023-01-06T16:48:38","modified_gmt":"2023-01-06T16:48:38","slug":"elektrine-gruzdintuve-gruzdintai-zuviai-bulvems-2x10l","status":"publish","type":"product","link":"https:\/\/distribucionarc.com\/lt\/producto\/freidora-electrica-para-pescado-frito-patatas-2x10l\/","title":{"rendered":"Elektrin\u0117 gruzdintuv\u0117 keptai \u017euviai, bulv\u0117ms, 2x10L"},"content":{"rendered":"<h2>Elektrin\u0117 gruzdintuv\u0117 keptai \u017euviai, bulv\u0117ms, 2x10L<\/h2>\n<div class=\"icon-body\">\n<div class=\"icon-text\">\n<p>The <strong>elektrin\u0117 gruzdintuv\u0117 <span style=\"color: #ff0000;\">KAM<\/span><span style=\"color: #0000ff;\">R<\/span>c<\/strong>\u00a0 atskiria bet kokius krep\u0161elyje likusius maisto liku\u010dius, kurie kaupiasi krep\u0161elio apa\u010dioje, vadinamojoje \u0161al\u010dio zonoje, kad nesudegt\u0173. Taip aliejus i\u0161laiko nat\u016bral\u0173 skon\u012f. Be to, lengva nuleisti alyv\u0105.<\/p>\n<\/div>\n<\/div>\n<div class=\"icon-body\">\n<div class=\"product_icon_voltage svg-icon\"><span style=\"font-size: 16px;\">D\u0117l didelio na\u0161umo<\/span><strong style=\"font-size: 16px;\">\u00a0\u0161ildymo elementas<\/strong><span style=\"font-size: 16px;\"> nuimamas<strong> 2500<\/strong><\/span><span style=\"font-size: 16px;\">\u00a0<\/span><strong style=\"font-size: 16px;\">vat\u0173<\/strong>, aliejus <strong style=\"font-size: 16px;\">gruzdintuv\u0117<\/strong> greitai pasiekia maksimali\u0105 200 \u00b0C temperat\u016br\u0105. Siekiant optimali\u0173 rezultat\u0173, labai jautrus termostatas palaiko pastovi\u0105 alyvos bako \u0161ilum\u0105. Su gruzdintuvu <strong><span style=\"color: #ff0000;\">KAM<\/span><span style=\"color: #0000ff;\">R<\/span>CFE20<\/strong> \u0160i temperat\u016bra pasiekiama labai greitai, o naudojant i\u0161mani\u0105j\u0105 elektronin\u0119 plok\u0161t\u0119, elektros s\u0105naudos suma\u017einamos iki minimumo, kai alyva \u012fkaista. Jei alyva perkaista arba kaitinimo galvut\u0117 nuimama, saugiklis automati\u0161kai i\u0161jungia \u012frengin\u012f.<\/div>\n<\/div>\n<div class=\"icon-body\">\n<div class=\"product_icon_durable svg-icon\"><\/div>\n<div class=\"icon-text\">\n<p>Modernaus dizaino dangtelis, pagamintas\u00a0<strong>ilgaam\u017eis ner\u016bdijantis plienas<\/strong>, jis yra labai patvarus ir d\u0117l nuimamo kaitinimo elemento lengvai valomas. I\u0161sirinkite galing\u0105 elektrin\u0119 gruzdintuv\u0105 \u0161iandien \u2013 klientai ir sve\u010diai jums pad\u0117kos.<\/p>\n<\/div>\n<h6>Garantija<strong><span style=\"color: #ff0000;\"> KAM<\/span><span style=\"color: #0000ff;\">R<\/span>C 2 METAI<\/strong><\/h6>\n<h6><span style=\"color: #008000;\">Efektyvi elektrin\u0117 gruzdintuv\u0117, ma\u017eos s\u0105naudos 2500w<\/span><\/h6>\n<h6>\u012ftraukta technin\u0117 pagalba.<\/h6>\n<\/div>\n<p>&nbsp;<\/p>\n<table role=\"presentation\" width=\"100%\" cellspacing=\"0\" cellpadding=\"0\">\n<tbody>\n<tr>\n<td class=\"attrLabels\">Temperat\u016bra:<\/td>\n<td width=\"50.0%\">60-200\u00baC<\/td>\n<\/tr>\n<tr>\n<td class=\"attrLabels\">Platinimo \u0161alis:<\/td>\n<td width=\"50.0%\">Ispanija, Vokietija, JAV<\/td>\n<td class=\"attrLabels\">Svoris:<\/td>\n<td width=\"50.0%\">25.kg<\/td>\n<\/tr>\n<tr>\n<td class=\"attrLabels\">Prekinis \u017eenklas:<\/td>\n<td width=\"50.0%\">ARC<\/td>\n<td class=\"attrLabels\">Auk\u0161tis:<\/td>\n<td width=\"50.0%\">49 cm<\/td>\n<\/tr>\n<tr>\n<td class=\"attrLabels\">Spalva:<\/td>\n<td width=\"50.0%\">Sidabras<\/td>\n<td class=\"attrLabels\">Ilgas:<\/td>\n<td width=\"50.0%\">57 cm<\/td>\n<\/tr>\n<tr>\n<td class=\"attrLabels\">Produkto tipas:<\/td>\n<td width=\"50.0%\">akmens krosnis<\/td>\n<td class=\"attrLabels\">Platus:<\/td>\n<td width=\"50.0%\">35 cm<\/td>\n<\/tr>\n<tr>\n<td class=\"attrLabels\">Gamintojo numeris:<\/td>\n<td width=\"50.0%\">ARCFE20<\/td>\n<td class=\"attrLabels\">Galia:<\/td>\n<td width=\"50.0%\">5000W<\/td>\n<\/tr>\n<tr>\n<td class=\"attrLabels\">Med\u017eiaga:<\/td>\n<td width=\"50.0%\">ner\u016bdijantis plienas, temperat\u016bros kontrol\u0117<\/td>\n<td class=\"attrLabels\">\u012f\u0117jimo \u012ftampa<\/td>\n<td width=\"50.0%\">220V \u2013 50Hz<\/td>\n<\/tr>\n<tr>\n<td class=\"attrLabels\">Litrai:<\/td>\n<td width=\"50.0%\">10x2<\/td>\n<td class=\"attrLabels\">Garantija:<\/td>\n<td width=\"50.0%\">2 METAI<\/td>\n<\/tr>\n<tr>\n<td class=\"attrLabels\">Montavimo \u012frankiai:<\/td>\n<td width=\"50.0%\">Taip<\/td>\n<td class=\"attrLabels\"><\/td>\n<td width=\"50.0%\"><\/td>\n<\/tr>\n<\/tbody>\n<\/table>\n<p>&nbsp;<\/p>","protected":false},"excerpt":{"rendered":"<h2>Elektrin\u0117 gruzdintuv\u0117 keptai \u017euviai, bulv\u0117ms, 2x10L<\/h2>\n<div class=\"description-row description-text\">\n<p>The<strong> elektrin\u0117 gruzdintuv\u0117<\/strong> i\u0161 <strong><span style=\"color: #ff0000;\">KAM<\/span><span style=\"color: #0000ff;\">R<\/span>c<\/strong> Jis skirtas profesionaliam naudojimui. leid\u017eia patogiai pasigaminti skan\u0173 kept\u0105 maist\u0105, nepriklausomai nuo norim\u0173 ruo\u0161ti patiekal\u0173 tipo. Idealiai tinka j\u016bs\u0173 restoranui ar barui, leis jums pasi\u016blyti nepaprast\u0173 gastronomini\u0173 \u012fsp\u016bd\u017ei\u0173.<\/p>\n<\/div>\n<div class=\"product-icon--wrapper\">\n<div class=\"product--icon\">\n<div class=\"icon-body\">\n<div class=\"product_icon_container svg-icon\"><span style=\"font-size: 16px;\">Tai <strong>gruzdintuv\u0117 <span style=\"color: #ff0000;\">KAM<\/span><span style=\"color: #0000ff;\">R<\/span>CFE20<\/strong> Jo maksimali alyvos talpa yra iki 10 litr\u0173 ir a <\/span><strong style=\"font-size: 16px;\">bendras t\u016bris 20 litr\u0173<\/strong><span style=\"font-size: 16px;\">. Profesionaliai galite naudoti labai \u012fvairiapusi\u0161kai, ypa\u010d tinka ruo\u0161iant\u00a0<\/span><strong style=\"font-size: 16px;\">\u017euvis<\/strong><span style=\"font-size: 16px;\">, u\u017ekand\u017eiai ar tra\u0161ku\u010diai.<\/span><\/div>\n<\/div>\n<div><\/div>\n<\/div>\n<\/div>\n<div>\n<h6>Garantija<strong><span style=\"color: #ff0000;\"> KAM<\/span><span style=\"color: #0000ff;\">R<\/span>C 2 METAI<\/strong><\/h6>\n<h6><span style=\"color: #008000;\">Efektyvi elektrin\u0117 gruzdintuv\u0117, ma\u017eos s\u0105naudos 2500w<\/span><\/h6>\n<h6>\u012ftraukta technin\u0117 pagalba.<\/h6>\n<\/div>","protected":false},"featured_media":1483,"comment_status":"open","ping_status":"closed","template":"","meta":{"wds_primary_product_brand":0,"wds_primary_product_cat":0},"product_brand":[],"product_cat":[38],"product_tag":[],"class_list":{"0":"post-1474","1":"product","2":"type-product","3":"status-publish","4":"has-post-thumbnail","6":"product_cat-freidoras","7":"product_shipping_class-hosteleria","9":"first","10":"instock","11":"taxable","12":"shipping-taxable","13":"purchasable","14":"product-type-simple"},"yoast_head":"<!-- This site is optimized with the Yoast SEO Premium plugin v24.9 (Yoast SEO v26.1) - https:\/\/yoast.com\/wordpress\/plugins\/seo\/ -->\n<title>Freidora el\u00e9ctrica para pescado frito, patatas, 2x10L - distribuci\u00f3n ARC<\/title>\n<meta name=\"robots\" content=\"index, follow, max-snippet:-1, max-image-preview:large, max-video-preview:-1\" \/>\n<link rel=\"canonical\" href=\"https:\/\/www.distribucionarc.com\/sl\/producto\/freidora-electrica-para-pescado-frito-patatas-2x10l\/\" \/>\n<meta property=\"og:locale\" content=\"lt_LT\" \/>\n<meta property=\"og:type\" content=\"article\" \/>\n<meta property=\"og:title\" content=\"Freidora el\u00e9ctrica para pescado frito, patatas, 2x10L\" \/>\n<meta property=\"og:description\" content=\"Freidora el\u00e9ctrica para pescado frito, patatas, 2x10L   La freidora el\u00e9ctrica de ARC est\u00e1 dise\u00f1ada para uso profesional. le permite preparar fritura deliciosa de manera c\u00f3moda independientemente del tipo de platos que desees preparar. Ideal para tu restaurante o bar, te permitir\u00e1 ofrecer extraordinarias experiencias gastron\u00f3micas.      Esta freidora ARCFE20 tiene una capacidad m\u00e1xima de aceite de hasta 10 litros y un volumen total de 20 litros. Podr\u00e1s utilizarla profesionalmente de manera muy vers\u00e1til, siendo especialmente adecuada para preparar\u00a0pescado, aperitivos o patatas fritas.      Garant\u00eda ARC 2 A\u00d1OS Freidora el\u00e9ctrica eficiente, bajo consumo 2500w soporte t\u00e9cnico\u00a0incluido.\" \/>\n<meta property=\"og:url\" content=\"https:\/\/www.distribucionarc.com\/sl\/producto\/freidora-electrica-para-pescado-frito-patatas-2x10l\/\" \/>\n<meta property=\"og:site_name\" content=\"distribuci\u00f3n ARC\" \/>\n<meta property=\"article:modified_time\" content=\"2023-01-06T16:48:38+00:00\" \/>\n<meta property=\"og:image\" content=\"https:\/\/distribucionarc.com\/wp-content\/uploads\/2020\/07\/Freidora-el\u00e9ctrica-para-pescado-frito-patatas-2x-10L-0.jpg\" \/>\n\t<meta property=\"og:image:width\" content=\"1600\" \/>\n\t<meta property=\"og:image:height\" content=\"1600\" \/>\n\t<meta property=\"og:image:type\" content=\"image\/jpeg\" \/>\n<meta name=\"twitter:card\" content=\"summary_large_image\" \/>\n<meta name=\"twitter:label1\" content=\"Est. reading time\" \/>\n\t<meta name=\"twitter:data1\" content=\"1 minut\u0117\" \/>\n<script type=\"application\/ld+json\" class=\"yoast-schema-graph\">{\"@context\":\"https:\/\/schema.org\",\"@graph\":[{\"@type\":\"WebPage\",\"@id\":\"https:\/\/www.distribucionarc.com\/sl\/producto\/freidora-electrica-para-pescado-frito-patatas-2x10l\/\",\"url\":\"https:\/\/www.distribucionarc.com\/sl\/producto\/freidora-electrica-para-pescado-frito-patatas-2x10l\/\",\"name\":\"Freidora el\u00e9ctrica para pescado frito, patatas, 2x10L - distribuci\u00f3n ARC\",\"isPartOf\":{\"@id\":\"https:\/\/www.distribucionarc.com\/sl\/#website\"},\"primaryImageOfPage\":{\"@id\":\"https:\/\/www.distribucionarc.com\/sl\/producto\/freidora-electrica-para-pescado-frito-patatas-2x10l\/#primaryimage\"},\"image\":{\"@id\":\"https:\/\/www.distribucionarc.com\/sl\/producto\/freidora-electrica-para-pescado-frito-patatas-2x10l\/#primaryimage\"},\"thumbnailUrl\":\"https:\/\/distribucionarc.com\/wp-content\/uploads\/2020\/07\/Freidora-el\u00e9ctrica-para-pescado-frito-patatas-2x-10L-0.jpg\",\"datePublished\":\"2020-07-25T09:37:55+00:00\",\"dateModified\":\"2023-01-06T16:48:38+00:00\",\"breadcrumb\":{\"@id\":\"https:\/\/www.distribucionarc.com\/sl\/producto\/freidora-electrica-para-pescado-frito-patatas-2x10l\/#breadcrumb\"},\"inLanguage\":\"lt-LT\",\"potentialAction\":[{\"@type\":\"ReadAction\",\"target\":[\"https:\/\/www.distribucionarc.com\/sl\/producto\/freidora-electrica-para-pescado-frito-patatas-2x10l\/\"]}]},{\"@type\":\"ImageObject\",\"inLanguage\":\"lt-LT\",\"@id\":\"https:\/\/www.distribucionarc.com\/sl\/producto\/freidora-electrica-para-pescado-frito-patatas-2x10l\/#primaryimage\",\"url\":\"https:\/\/distribucionarc.com\/wp-content\/uploads\/2020\/07\/Freidora-el\u00e9ctrica-para-pescado-frito-patatas-2x-10L-0.jpg\",\"contentUrl\":\"https:\/\/distribucionarc.com\/wp-content\/uploads\/2020\/07\/Freidora-el\u00e9ctrica-para-pescado-frito-patatas-2x-10L-0.jpg\",\"width\":1600,\"height\":1600,\"caption\":\"Freidora el\u00e9ctrica para pescado frito patatas 2x10L\"},{\"@type\":\"BreadcrumbList\",\"@id\":\"https:\/\/www.distribucionarc.com\/sl\/producto\/freidora-electrica-para-pescado-frito-patatas-2x10l\/#breadcrumb\",\"itemListElement\":[{\"@type\":\"ListItem\",\"position\":1,\"name\":\"Portada\",\"item\":\"https:\/\/www.distribucionarc.com\/\"},{\"@type\":\"ListItem\",\"position\":2,\"name\":\"\u00dcr\u00fcnler\",\"item\":\"https:\/\/www.distribucionarc.com\/tr\/magaza\/\"},{\"@type\":\"ListItem\",\"position\":3,\"name\":\"Freidora el\u00e9ctrica para pescado frito, patatas, 2x10L\"}]},{\"@type\":\"WebSite\",\"@id\":\"https:\/\/www.distribucionarc.com\/sl\/#website\",\"url\":\"https:\/\/www.distribucionarc.com\/sl\/\",\"name\":\"distribuci\u00f3n ARC\",\"description\":\"Empresa especializada en la fabricaci\u00f3n y distribuci\u00f3n de maquinaria industrial, selladoras de latas, Maquinas de hacer pastillas, Maquinas de cortar carne...\",\"publisher\":{\"@id\":\"https:\/\/www.distribucionarc.com\/sl\/#organization\"},\"potentialAction\":[{\"@type\":\"SearchAction\",\"target\":{\"@type\":\"EntryPoint\",\"urlTemplate\":\"https:\/\/www.distribucionarc.com\/sl\/?s={search_term_string}\"},\"query-input\":{\"@type\":\"PropertyValueSpecification\",\"valueRequired\":true,\"valueName\":\"search_term_string\"}}],\"inLanguage\":\"lt-LT\"},{\"@type\":\"Organization\",\"@id\":\"https:\/\/www.distribucionarc.com\/sl\/#organization\",\"name\":\"Distribuci\u00f3n ARC\",\"url\":\"https:\/\/www.distribucionarc.com\/sl\/\",\"logo\":{\"@type\":\"ImageObject\",\"inLanguage\":\"lt-LT\",\"@id\":\"https:\/\/www.distribucionarc.com\/sl\/#\/schema\/logo\/image\/\",\"url\":\"https:\/\/distribucionarc.com\/wp-content\/uploads\/2024\/10\/distribucion-ARC-COLOR-SIN-FONDO-e1732295305345.png\",\"contentUrl\":\"https:\/\/distribucionarc.com\/wp-content\/uploads\/2024\/10\/distribucion-ARC-COLOR-SIN-FONDO-e1732295305345.png\",\"width\":1164,\"height\":558,\"caption\":\"Distribuci\u00f3n ARC\"},\"image\":{\"@id\":\"https:\/\/www.distribucionarc.com\/sl\/#\/schema\/logo\/image\/\"},\"description\":\"Empresa especializada en la fabricaci\u00f3n y distribuci\u00f3n de maquinaria industrial para los sectores alimentario y farmac\u00e9utico. Nos especializamos en: M\u00e1quinas de cortar carne Fabricaci\u00f3n de comprimidos Sistemas de transporte industrial L\u00edneas de embotellado Dosificadores Y mucho m\u00e1s... Ofrecemos soluciones innovadoras y personalizadas para optimizar los procesos productivos de tu empresa.\",\"email\":\"Admistracion@distribucionarc.com\",\"telephone\":\"+34 643496664\",\"legalName\":\"ARC TECH SOLUTIONS\",\"foundingDate\":\"2024-04-09\",\"vatID\":\"B55480172\",\"numberOfEmployees\":{\"@type\":\"QuantitativeValue\",\"minValue\":\"1\",\"maxValue\":\"10\"}}]}<\/script>\n<!-- \/ Yoast SEO Premium plugin. -->","yoast_head_json":{"title":"Elektrin\u0117 gruzdintuv\u0117 keptai \u017euviai, bulv\u0117ms, 2x10L - ARC paskirstymas","robots":{"index":"index","follow":"follow","max-snippet":"max-snippet:-1","max-image-preview":"max-image-preview:large","max-video-preview":"max-video-preview:-1"},"canonical":"https:\/\/www.distribucionarc.com\/sl\/producto\/freidora-electrica-para-pescado-frito-patatas-2x10l\/","og_locale":"lt_LT","og_type":"article","og_title":"Freidora el\u00e9ctrica para pescado frito, patatas, 2x10L","og_description":"Freidora el\u00e9ctrica para pescado frito, patatas, 2x10L   La freidora el\u00e9ctrica de ARC est\u00e1 dise\u00f1ada para uso profesional. le permite preparar fritura deliciosa de manera c\u00f3moda independientemente del tipo de platos que desees preparar. Ideal para tu restaurante o bar, te permitir\u00e1 ofrecer extraordinarias experiencias gastron\u00f3micas.      Esta freidora ARCFE20 tiene una capacidad m\u00e1xima de aceite de hasta 10 litros y un volumen total de 20 litros. Podr\u00e1s utilizarla profesionalmente de manera muy vers\u00e1til, siendo especialmente adecuada para preparar\u00a0pescado, aperitivos o patatas fritas.      Garant\u00eda ARC 2 A\u00d1OS Freidora el\u00e9ctrica eficiente, bajo consumo 2500w soporte t\u00e9cnico\u00a0incluido.","og_url":"https:\/\/www.distribucionarc.com\/sl\/producto\/freidora-electrica-para-pescado-frito-patatas-2x10l\/","og_site_name":"distribuci\u00f3n ARC","article_modified_time":"2023-01-06T16:48:38+00:00","og_image":[{"width":1600,"height":1600,"url":"https:\/\/distribucionarc.com\/wp-content\/uploads\/2020\/07\/Freidora-el\u00e9ctrica-para-pescado-frito-patatas-2x-10L-0.jpg","type":"image\/jpeg"}],"twitter_card":"summary_large_image","twitter_misc":{"Est. reading time":"1 minut\u0117"},"schema":{"@context":"https:\/\/schema.org","@graph":[{"@type":"WebPage","@id":"https:\/\/www.distribucionarc.com\/sl\/producto\/freidora-electrica-para-pescado-frito-patatas-2x10l\/","url":"https:\/\/www.distribucionarc.com\/sl\/producto\/freidora-electrica-para-pescado-frito-patatas-2x10l\/","name":"Elektrin\u0117 gruzdintuv\u0117 keptai \u017euviai, bulv\u0117ms, 2x10L - ARC paskirstymas","isPartOf":{"@id":"https:\/\/www.distribucionarc.com\/sl\/#website"},"primaryImageOfPage":{"@id":"https:\/\/www.distribucionarc.com\/sl\/producto\/freidora-electrica-para-pescado-frito-patatas-2x10l\/#primaryimage"},"image":{"@id":"https:\/\/www.distribucionarc.com\/sl\/producto\/freidora-electrica-para-pescado-frito-patatas-2x10l\/#primaryimage"},"thumbnailUrl":"https:\/\/distribucionarc.com\/wp-content\/uploads\/2020\/07\/Freidora-el\u00e9ctrica-para-pescado-frito-patatas-2x-10L-0.jpg","datePublished":"2020-07-25T09:37:55+00:00","dateModified":"2023-01-06T16:48:38+00:00","breadcrumb":{"@id":"https:\/\/www.distribucionarc.com\/sl\/producto\/freidora-electrica-para-pescado-frito-patatas-2x10l\/#breadcrumb"},"inLanguage":"lt-LT","potentialAction":[{"@type":"ReadAction","target":["https:\/\/www.distribucionarc.com\/sl\/producto\/freidora-electrica-para-pescado-frito-patatas-2x10l\/"]}]},{"@type":"ImageObject","inLanguage":"lt-LT","@id":"https:\/\/www.distribucionarc.com\/sl\/producto\/freidora-electrica-para-pescado-frito-patatas-2x10l\/#primaryimage","url":"https:\/\/distribucionarc.com\/wp-content\/uploads\/2020\/07\/Freidora-el\u00e9ctrica-para-pescado-frito-patatas-2x-10L-0.jpg","contentUrl":"https:\/\/distribucionarc.com\/wp-content\/uploads\/2020\/07\/Freidora-el\u00e9ctrica-para-pescado-frito-patatas-2x-10L-0.jpg","width":1600,"height":1600,"caption":"Freidora el\u00e9ctrica para pescado frito patatas 2x10L"},{"@type":"BreadcrumbList","@id":"https:\/\/www.distribucionarc.com\/sl\/producto\/freidora-electrica-para-pescado-frito-patatas-2x10l\/#breadcrumb","itemListElement":[{"@type":"ListItem","position":1,"name":"Portada","item":"https:\/\/www.distribucionarc.com\/"},{"@type":"ListItem","position":2,"name":"\u00dcr\u00fcnler","item":"https:\/\/www.distribucionarc.com\/tr\/magaza\/"},{"@type":"ListItem","position":3,"name":"Freidora el\u00e9ctrica para pescado frito, patatas, 2x10L"}]},{"@type":"WebSite","@id":"https:\/\/www.distribucionarc.com\/sl\/#website","url":"https:\/\/www.distribucionarc.com\/sl\/","name":"ARC paskirstymas","description":"\u012emon\u0117 specializuojasi pramonini\u0173 ma\u0161in\u0173, skardini\u0173 sandarinimo ma\u0161in\u0173, table\u010di\u0173 gamybos ma\u0161in\u0173, m\u0117sos pjaustymo ma\u0161in\u0173 gamyboje ir platinime...","publisher":{"@id":"https:\/\/www.distribucionarc.com\/sl\/#organization"},"potentialAction":[{"@type":"SearchAction","target":{"@type":"EntryPoint","urlTemplate":"https:\/\/www.distribucionarc.com\/sl\/?s={search_term_string}"},"query-input":{"@type":"PropertyValueSpecification","valueRequired":true,"valueName":"search_term_string"}}],"inLanguage":"lt-LT"},{"@type":"Organization","@id":"https:\/\/www.distribucionarc.com\/sl\/#organization","name":"ARC platinimas","url":"https:\/\/www.distribucionarc.com\/sl\/","logo":{"@type":"ImageObject","inLanguage":"lt-LT","@id":"https:\/\/www.distribucionarc.com\/sl\/#\/schema\/logo\/image\/","url":"https:\/\/distribucionarc.com\/wp-content\/uploads\/2024\/10\/distribucion-ARC-COLOR-SIN-FONDO-e1732295305345.png","contentUrl":"https:\/\/distribucionarc.com\/wp-content\/uploads\/2024\/10\/distribucion-ARC-COLOR-SIN-FONDO-e1732295305345.png","width":1164,"height":558,"caption":"Distribuci\u00f3n ARC"},"image":{"@id":"https:\/\/www.distribucionarc.com\/sl\/#\/schema\/logo\/image\/"},"description":"\u012emon\u0117 specializuojasi maisto ir farmacijos sektoriams skirt\u0173 pramonini\u0173 ma\u0161in\u0173 gamyboje ir platinime. M\u016bs\u0173 specializacija: M\u0117sos pjaustymo ma\u0161inos Table\u010di\u0173 gamyba Pramonin\u0117s transportavimo sistemos I\u0161pilstymo linijos Dozatoriai Ir dar daugiau... Si\u016blome novatori\u0161kus ir individualiems poreikiams pritaikytus sprendimus, kad optimizuotume j\u016bs\u0173 \u012fmon\u0117s gamybos procesus.","email":"Admistracion@distribucionarc.com","telephone":"+34 643496664","legalName":"ARC TECH SOLUTIONS","foundingDate":"2024-04-09","vatID":"B55480172","numberOfEmployees":{"@type":"QuantitativeValue","minValue":"1","maxValue":"10"}}]}},"_links":{"self":[{"href":"https:\/\/distribucionarc.com\/lt\/wp-json\/wp\/v2\/product\/1474","targetHints":{"allow":["GET"]}}],"collection":[{"href":"https:\/\/distribucionarc.com\/lt\/wp-json\/wp\/v2\/product"}],"about":[{"href":"https:\/\/distribucionarc.com\/lt\/wp-json\/wp\/v2\/types\/product"}],"replies":[{"embeddable":true,"href":"https:\/\/distribucionarc.com\/lt\/wp-json\/wp\/v2\/comments?post=1474"}],"version-history":[{"count":0,"href":"https:\/\/distribucionarc.com\/lt\/wp-json\/wp\/v2\/product\/1474\/revisions"}],"wp:featuredmedia":[{"embeddable":true,"href":"https:\/\/distribucionarc.com\/lt\/wp-json\/wp\/v2\/media\/1483"}],"wp:attachment":[{"href":"https:\/\/distribucionarc.com\/lt\/wp-json\/wp\/v2\/media?parent=1474"}],"wp:term":[{"taxonomy":"product_brand","embeddable":true,"href":"https:\/\/distribucionarc.com\/lt\/wp-json\/wp\/v2\/product_brand?post=1474"},{"taxonomy":"product_cat","embeddable":true,"href":"https:\/\/distribucionarc.com\/lt\/wp-json\/wp\/v2\/product_cat?post=1474"},{"taxonomy":"product_tag","embeddable":true,"href":"https:\/\/distribucionarc.com\/lt\/wp-json\/wp\/v2\/product_tag?post=1474"}],"curies":[{"name":"wp","href":"https:\/\/api.w.org\/{rel}","templated":true}]}}