{"id":1501,"date":"2020-07-25T16:39:58","date_gmt":"2020-07-25T16:39:58","guid":{"rendered":"https:\/\/distribucionarc.com\/?post_type=product&#038;p=1501"},"modified":"2020-09-27T10:01:49","modified_gmt":"2020-09-27T10:01:49","slug":"dujine-saslykine-maitinimui-2-degikliai","status":"publish","type":"product","link":"https:\/\/distribucionarc.com\/lt\/producto\/barbacoa-de-gas-para-hosteleria-2-quemadores\/","title":{"rendered":"Dujin\u0117 kepsnin\u0117 svetingumui 2 degikliai"},"content":{"rendered":"<h3>Dujin\u0117 kepsnin\u0117 svetingumui 2 degikliai<\/h3>\n<p>The<strong> dujin\u0117s kepsnin\u0117s <span style=\"color: #ff0000;\">KAM<\/span><span style=\"color: #0000ff;\">R<\/span>c<\/strong> J\u0173 tvirtas korpusas pagamintas i\u0161 auk\u0161\u010diausios kokyb\u0117s ner\u016bdijan\u010dio plieno, u\u017etikrinantis ma\u0161inos stabilum\u0105 ir ilgaam\u017ei\u0161kum\u0105. 30 x 25 cm kepsnin\u0117 pagaminta i\u0161 maistinio ner\u016bdijan\u010dio plieno.<\/p>\n<p>Jame yra du degikliai, kuri\u0173 kiekvienas valdomas atskirai, skirtingiems gabalams gaminti. Degikliai <strong>dujin\u0117 kepsnin\u0117<\/strong> <strong><span style=\"color: #ff0000;\">KAM<\/span><span style=\"color: #0000ff;\">R<\/span>CB2G<\/strong> Jie yra padengti plienine plok\u0161te ir stiklo plok\u0161te, kad ant j\u0173 nenukrist\u0173 riebalai ir nesunaikint\u0173 liepsnos. Grilio auk\u0161tis gali b\u016bti lengvai reguliuojamas \u012fvairiems kepimo ta\u0161kams.<\/p>\n<p>The <strong>grilis<\/strong>, degiklio apsaugas ir riebal\u0173 surinkimo pad\u0117kl\u0105 galima lengvai i\u0161montuoti, kad b\u016bt\u0173 lengviau pri\u017ei\u016br\u0117ti <strong>dujin\u0117 kepsnin\u0117<\/strong>. Nereikia pasikliauti vulkaniniu akmeniu, tai <strong>dujin\u0117 kepsnin\u0117<\/strong> Tai atitiks j\u016bs\u0173 poreikius.<\/p>\n<h6><\/h6>\n<h6><strong>Garantija\u00a0<span style=\"color: #ff0000;\">KAM<\/span><span style=\"color: #0000ff;\">R<\/span>C 2 METAI<\/strong><\/h6>\n<h6><strong>\u012ftraukta technin\u0117 pagalba<\/strong><\/h6>\n<p>&nbsp;<\/p>\n<p>&nbsp;<\/p>\n<table width=\"100%\">\n<tbody>\n<tr>\n<td>Prekinis \u017eenklas:<\/td>\n<td width=\"32%\">ARC<\/td>\n<td>Svoris:<\/td>\n<td width=\"30%\">8,5 kg<\/td>\n<\/tr>\n<tr>\n<td>Platinimo \u0161alis:<\/td>\n<td width=\"32%\">Ispanija, Vokietija, JAV<\/td>\n<td>Auk\u0161tis:<\/td>\n<td width=\"30%\">18 cm<\/td>\n<\/tr>\n<tr>\n<td>Spalva:<\/td>\n<td width=\"32%\">Sidabras<\/td>\n<td>Ilgas:<\/td>\n<td width=\"30%\">54 cm<\/td>\n<\/tr>\n<tr>\n<td>Produkto tipas:<\/td>\n<td width=\"32%\">Profesionali dujin\u0117 kepsnin\u0117<\/td>\n<td>Platus:<\/td>\n<td width=\"30%\">40 cm<\/td>\n<\/tr>\n<tr>\n<td>Gamintojo numeris:<\/td>\n<td width=\"32%\">ARCB2G<\/td>\n<td>Vo\u017etuvo sl\u0117gis:<\/td>\n<td width=\"30%\">2800Pa<\/td>\n<\/tr>\n<tr>\n<td>Med\u017eiaga:<\/td>\n<td width=\"32%\">\u00a0Ner\u016bdijantis plienas, temperat\u016bros reguliatorius, stiklas<\/td>\n<td>Grilio dydis:<\/td>\n<td width=\"30%\">30 x 25 cm<\/td>\n<\/tr>\n<tr>\n<td>Garantija:<\/td>\n<td width=\"32%\">2 metai<\/td>\n<td>Degiklio apr\u0117ptis:<\/td>\n<td width=\"30%\">\u00a0Stiklas\/plienas<\/td>\n<\/tr>\n<\/tbody>\n<\/table>","protected":false},"excerpt":{"rendered":"<h2>Dujin\u0117 kepsnin\u0117 svetingumui 2 degikliai<\/h2>\n<p>The<strong> dujin\u0117s kepsnin\u0117s<\/strong> i\u0161 <strong><span style=\"color: #ff0000;\">KAM<\/span><span style=\"color: #0000ff;\">R<\/span>c<\/strong> Jie pagaminti i\u0161 geriausi\u0173 ir novatori\u0161kiausi\u0173 med\u017eiag\u0173, kad i\u0161gaut\u0173 autenti\u0161k\u0105 skon\u012f, vizualin\u012f efekt\u0105 ir kvap\u0105.<strong> grilis<\/strong>.<\/p>\n<p>Jei tai, ko ie\u0161kote, yra pelningumas, <strong>dujin\u0117s kepsnin\u0117s<\/strong> i\u0161<strong><span style=\"color: #ff0000;\"> KAM<\/span><span style=\"color: #0000ff;\">R<\/span>c<\/strong> Jie patenkins j\u016bs\u0173 poreikius. Pamir\u0161kite apie vulkaninio akmens prie\u017ei\u016br\u0105 ir rinkit\u0117s kai kuriuos <strong>efektyv\u016bs degikliai<\/strong> apsaugoti, kad b\u016bt\u0173 u\u017etikrintas jo ilgaam\u017ei\u0161kumas <strong>dujinis grilis<\/strong> ir suteiks jums tobul\u0105 m\u0117sos, \u017euvies, dar\u017eovi\u0173, tofu ir kt. The <strong>dujin\u0117 kepsnin\u0117 <span style=\"color: #ff0000;\">KAM<\/span><span style=\"color: #0000ff;\">R<\/span>CB2G<\/strong> Jame yra du degikliai su reguliuojama temperat\u016bra kiekvienam degikliui.<\/p>\n<h6><strong>Garantija\u00a0<span style=\"color: #ff0000;\">KAM<\/span><span style=\"color: #0000ff;\">R<\/span>C 2 METAI<\/strong><\/h6>\n<h6><strong>\u012ftraukta technin\u0117 pagalba<\/strong><\/h6>","protected":false},"featured_media":1503,"comment_status":"open","ping_status":"closed","template":"","meta":{"wds_primary_product_brand":0,"wds_primary_product_cat":0},"product_brand":[],"product_cat":[39],"product_tag":[],"class_list":{"0":"post-1501","1":"product","2":"type-product","3":"status-publish","4":"has-post-thumbnail","6":"product_cat-plancha-de-cosina","7":"product_shipping_class-hosteleria","9":"first","10":"instock","11":"sale","12":"taxable","13":"shipping-taxable","14":"purchasable","15":"product-type-simple"},"yoast_head":"<!-- This site is optimized with the Yoast SEO Premium plugin v24.9 (Yoast SEO v26.1) - https:\/\/yoast.com\/wordpress\/plugins\/seo\/ -->\n<title>Barbacoa de gas para hosteler\u00eda 2 quemadores - distribuci\u00f3n ARC<\/title>\n<meta name=\"robots\" content=\"index, follow, max-snippet:-1, max-image-preview:large, max-video-preview:-1\" \/>\n<link rel=\"canonical\" href=\"https:\/\/www.distribucionarc.com\/lt\/producto\/barbacoa-de-gas-para-hosteleria-2-quemadores\/\" \/>\n<meta property=\"og:locale\" content=\"lt_LT\" \/>\n<meta property=\"og:type\" content=\"article\" \/>\n<meta property=\"og:title\" content=\"Barbacoa de gas para hosteler\u00eda 2 quemadores\" \/>\n<meta property=\"og:description\" content=\"Barbacoa de gas para hosteler\u00eda 2 quemadores Las barbacoas a gas de ARC est\u00e1n fabricadas con los mejores y m\u00e1s innovadores materiales para obtener un sabor, efecto visual, olor \u00a0de aut\u00e9ntica parrilla.  Si lo que buscas es rentabilidad, las barbacoas a gas de ARC cumplir\u00e1n con tus necesidades. Olv\u00eddate del mantenimiento de la piedra volc\u00e1nica y apuesta por unos quemadores eficientes protegidos, para asegurar la durabilidad de la parrilla a gas y proporcionarte un marcado perfecto de tus carnes, pescados, vegetales, tofu, etc. La barbacoa a gas ARCB2G dispone de dos quemadores con control de temperatura ajustable para cada quemador. Garant\u00eda\u00a0ARC 2 A\u00d1OS soporte t\u00e9cnico incluido\" \/>\n<meta property=\"og:url\" content=\"https:\/\/www.distribucionarc.com\/lt\/producto\/barbacoa-de-gas-para-hosteleria-2-quemadores\/\" \/>\n<meta property=\"og:site_name\" content=\"distribuci\u00f3n ARC\" \/>\n<meta property=\"article:modified_time\" content=\"2020-09-27T10:01:49+00:00\" \/>\n<meta property=\"og:image\" content=\"https:\/\/distribucionarc.com\/wp-content\/uploads\/2020\/07\/Barbacoa-de-gas-para-hosteler\u00eda-2-quemadores-1.jpg\" \/>\n\t<meta property=\"og:image:width\" content=\"1000\" \/>\n\t<meta property=\"og:image:height\" content=\"1000\" \/>\n\t<meta property=\"og:image:type\" content=\"image\/jpeg\" \/>\n<meta name=\"twitter:card\" content=\"summary_large_image\" \/>\n<meta name=\"twitter:label1\" content=\"Est. reading time\" \/>\n\t<meta name=\"twitter:data1\" content=\"1 minut\u0117\" \/>\n<script type=\"application\/ld+json\" class=\"yoast-schema-graph\">{\"@context\":\"https:\/\/schema.org\",\"@graph\":[{\"@type\":\"WebPage\",\"@id\":\"https:\/\/www.distribucionarc.com\/lt\/producto\/barbacoa-de-gas-para-hosteleria-2-quemadores\/\",\"url\":\"https:\/\/www.distribucionarc.com\/lt\/producto\/barbacoa-de-gas-para-hosteleria-2-quemadores\/\",\"name\":\"Barbacoa de gas para hosteler\u00eda 2 quemadores - distribuci\u00f3n ARC\",\"isPartOf\":{\"@id\":\"https:\/\/distribucionarc.com\/bg\/#website\"},\"primaryImageOfPage\":{\"@id\":\"https:\/\/www.distribucionarc.com\/lt\/producto\/barbacoa-de-gas-para-hosteleria-2-quemadores\/#primaryimage\"},\"image\":{\"@id\":\"https:\/\/www.distribucionarc.com\/lt\/producto\/barbacoa-de-gas-para-hosteleria-2-quemadores\/#primaryimage\"},\"thumbnailUrl\":\"https:\/\/distribucionarc.com\/wp-content\/uploads\/2020\/07\/Barbacoa-de-gas-para-hosteler\u00eda-2-quemadores-1.jpg\",\"datePublished\":\"2020-07-25T16:39:58+00:00\",\"dateModified\":\"2020-09-27T10:01:49+00:00\",\"breadcrumb\":{\"@id\":\"https:\/\/www.distribucionarc.com\/lt\/producto\/barbacoa-de-gas-para-hosteleria-2-quemadores\/#breadcrumb\"},\"inLanguage\":\"lt-LT\",\"potentialAction\":[{\"@type\":\"ReadAction\",\"target\":[\"https:\/\/www.distribucionarc.com\/lt\/producto\/barbacoa-de-gas-para-hosteleria-2-quemadores\/\"]}]},{\"@type\":\"ImageObject\",\"inLanguage\":\"lt-LT\",\"@id\":\"https:\/\/www.distribucionarc.com\/lt\/producto\/barbacoa-de-gas-para-hosteleria-2-quemadores\/#primaryimage\",\"url\":\"https:\/\/distribucionarc.com\/wp-content\/uploads\/2020\/07\/Barbacoa-de-gas-para-hosteler\u00eda-2-quemadores-1.jpg\",\"contentUrl\":\"https:\/\/distribucionarc.com\/wp-content\/uploads\/2020\/07\/Barbacoa-de-gas-para-hosteler\u00eda-2-quemadores-1.jpg\",\"width\":1000,\"height\":1000,\"caption\":\"Barbacoa de gas para hosteler\u00eda 2 quemadores\"},{\"@type\":\"BreadcrumbList\",\"@id\":\"https:\/\/www.distribucionarc.com\/lt\/producto\/barbacoa-de-gas-para-hosteleria-2-quemadores\/#breadcrumb\",\"itemListElement\":[{\"@type\":\"ListItem\",\"position\":1,\"name\":\"Portada\",\"item\":\"https:\/\/distribucionarc.com\/nb\/\"},{\"@type\":\"ListItem\",\"position\":2,\"name\":\"Products\",\"item\":\"https:\/\/www.distribucionarc.com\/en\/shop\/\"},{\"@type\":\"ListItem\",\"position\":3,\"name\":\"Barbacoa de gas para hosteler\u00eda 2 quemadores\"}]},{\"@type\":\"WebSite\",\"@id\":\"https:\/\/distribucionarc.com\/bg\/#website\",\"url\":\"https:\/\/distribucionarc.com\/bg\/\",\"name\":\"distribuci\u00f3n ARC\",\"description\":\"Empresa especializada en la fabricaci\u00f3n y distribuci\u00f3n de maquinaria industrial, selladoras de latas, Maquinas de hacer pastillas, Maquinas de cortar carne...\",\"publisher\":{\"@id\":\"https:\/\/distribucionarc.com\/bg\/#organization\"},\"potentialAction\":[{\"@type\":\"SearchAction\",\"target\":{\"@type\":\"EntryPoint\",\"urlTemplate\":\"https:\/\/distribucionarc.com\/bg\/?s={search_term_string}\"},\"query-input\":{\"@type\":\"PropertyValueSpecification\",\"valueRequired\":true,\"valueName\":\"search_term_string\"}}],\"inLanguage\":\"lt-LT\"},{\"@type\":\"Organization\",\"@id\":\"https:\/\/distribucionarc.com\/bg\/#organization\",\"name\":\"Distribuci\u00f3n ARC\",\"url\":\"https:\/\/distribucionarc.com\/bg\/\",\"logo\":{\"@type\":\"ImageObject\",\"inLanguage\":\"lt-LT\",\"@id\":\"https:\/\/distribucionarc.com\/bg\/#\/schema\/logo\/image\/\",\"url\":\"https:\/\/distribucionarc.com\/wp-content\/uploads\/2024\/10\/distribucion-ARC-COLOR-SIN-FONDO-e1732295305345.png\",\"contentUrl\":\"https:\/\/distribucionarc.com\/wp-content\/uploads\/2024\/10\/distribucion-ARC-COLOR-SIN-FONDO-e1732295305345.png\",\"width\":1164,\"height\":558,\"caption\":\"Distribuci\u00f3n ARC\"},\"image\":{\"@id\":\"https:\/\/distribucionarc.com\/bg\/#\/schema\/logo\/image\/\"},\"description\":\"Empresa especializada en la fabricaci\u00f3n y distribuci\u00f3n de maquinaria industrial para los sectores alimentario y farmac\u00e9utico. Nos especializamos en: M\u00e1quinas de cortar carne Fabricaci\u00f3n de comprimidos Sistemas de transporte industrial L\u00edneas de embotellado Dosificadores Y mucho m\u00e1s... Ofrecemos soluciones innovadoras y personalizadas para optimizar los procesos productivos de tu empresa.\",\"email\":\"Admistracion@distribucionarc.com\",\"telephone\":\"+34 643496664\",\"legalName\":\"ARC TECH SOLUTIONS\",\"foundingDate\":\"2024-04-09\",\"vatID\":\"B55480172\",\"numberOfEmployees\":{\"@type\":\"QuantitativeValue\",\"minValue\":\"1\",\"maxValue\":\"10\"}}]}<\/script>\n<!-- \/ Yoast SEO Premium plugin. -->","yoast_head_json":{"title":"Dujin\u0117 kepsnin\u0117 maitinimui su 2 degikliais - ARC paskirstymas","robots":{"index":"index","follow":"follow","max-snippet":"max-snippet:-1","max-image-preview":"max-image-preview:large","max-video-preview":"max-video-preview:-1"},"canonical":"https:\/\/www.distribucionarc.com\/lt\/producto\/barbacoa-de-gas-para-hosteleria-2-quemadores\/","og_locale":"lt_LT","og_type":"article","og_title":"Barbacoa de gas para hosteler\u00eda 2 quemadores","og_description":"Barbacoa de gas para hosteler\u00eda 2 quemadores Las barbacoas a gas de ARC est\u00e1n fabricadas con los mejores y m\u00e1s innovadores materiales para obtener un sabor, efecto visual, olor \u00a0de aut\u00e9ntica parrilla.  Si lo que buscas es rentabilidad, las barbacoas a gas de ARC cumplir\u00e1n con tus necesidades. Olv\u00eddate del mantenimiento de la piedra volc\u00e1nica y apuesta por unos quemadores eficientes protegidos, para asegurar la durabilidad de la parrilla a gas y proporcionarte un marcado perfecto de tus carnes, pescados, vegetales, tofu, etc. La barbacoa a gas ARCB2G dispone de dos quemadores con control de temperatura ajustable para cada quemador. Garant\u00eda\u00a0ARC 2 A\u00d1OS soporte t\u00e9cnico incluido","og_url":"https:\/\/www.distribucionarc.com\/lt\/producto\/barbacoa-de-gas-para-hosteleria-2-quemadores\/","og_site_name":"distribuci\u00f3n ARC","article_modified_time":"2020-09-27T10:01:49+00:00","og_image":[{"width":1000,"height":1000,"url":"https:\/\/distribucionarc.com\/wp-content\/uploads\/2020\/07\/Barbacoa-de-gas-para-hosteler\u00eda-2-quemadores-1.jpg","type":"image\/jpeg"}],"twitter_card":"summary_large_image","twitter_misc":{"Est. reading time":"1 minut\u0117"},"schema":{"@context":"https:\/\/schema.org","@graph":[{"@type":"WebPage","@id":"https:\/\/www.distribucionarc.com\/lt\/producto\/barbacoa-de-gas-para-hosteleria-2-quemadores\/","url":"https:\/\/www.distribucionarc.com\/lt\/producto\/barbacoa-de-gas-para-hosteleria-2-quemadores\/","name":"Dujin\u0117 kepsnin\u0117 maitinimui su 2 degikliais - ARC paskirstymas","isPartOf":{"@id":"https:\/\/distribucionarc.com\/bg\/#website"},"primaryImageOfPage":{"@id":"https:\/\/www.distribucionarc.com\/lt\/producto\/barbacoa-de-gas-para-hosteleria-2-quemadores\/#primaryimage"},"image":{"@id":"https:\/\/www.distribucionarc.com\/lt\/producto\/barbacoa-de-gas-para-hosteleria-2-quemadores\/#primaryimage"},"thumbnailUrl":"https:\/\/distribucionarc.com\/wp-content\/uploads\/2020\/07\/Barbacoa-de-gas-para-hosteler\u00eda-2-quemadores-1.jpg","datePublished":"2020-07-25T16:39:58+00:00","dateModified":"2020-09-27T10:01:49+00:00","breadcrumb":{"@id":"https:\/\/www.distribucionarc.com\/lt\/producto\/barbacoa-de-gas-para-hosteleria-2-quemadores\/#breadcrumb"},"inLanguage":"lt-LT","potentialAction":[{"@type":"ReadAction","target":["https:\/\/www.distribucionarc.com\/lt\/producto\/barbacoa-de-gas-para-hosteleria-2-quemadores\/"]}]},{"@type":"ImageObject","inLanguage":"lt-LT","@id":"https:\/\/www.distribucionarc.com\/lt\/producto\/barbacoa-de-gas-para-hosteleria-2-quemadores\/#primaryimage","url":"https:\/\/distribucionarc.com\/wp-content\/uploads\/2020\/07\/Barbacoa-de-gas-para-hosteler\u00eda-2-quemadores-1.jpg","contentUrl":"https:\/\/distribucionarc.com\/wp-content\/uploads\/2020\/07\/Barbacoa-de-gas-para-hosteler\u00eda-2-quemadores-1.jpg","width":1000,"height":1000,"caption":"Barbacoa de gas para hosteler\u00eda 2 quemadores"},{"@type":"BreadcrumbList","@id":"https:\/\/www.distribucionarc.com\/lt\/producto\/barbacoa-de-gas-para-hosteleria-2-quemadores\/#breadcrumb","itemListElement":[{"@type":"ListItem","position":1,"name":"Portada","item":"https:\/\/distribucionarc.com\/nb\/"},{"@type":"ListItem","position":2,"name":"Products","item":"https:\/\/www.distribucionarc.com\/en\/shop\/"},{"@type":"ListItem","position":3,"name":"Barbacoa de gas para hosteler\u00eda 2 quemadores"}]},{"@type":"WebSite","@id":"https:\/\/distribucionarc.com\/bg\/#website","url":"https:\/\/distribucionarc.com\/bg\/","name":"ARC paskirstymas","description":"\u012emon\u0117 specializuojasi pramonini\u0173 ma\u0161in\u0173, skardini\u0173 sandarinimo ma\u0161in\u0173, table\u010di\u0173 gamybos ma\u0161in\u0173, m\u0117sos pjaustymo ma\u0161in\u0173 gamyboje ir platinime...","publisher":{"@id":"https:\/\/distribucionarc.com\/bg\/#organization"},"potentialAction":[{"@type":"SearchAction","target":{"@type":"EntryPoint","urlTemplate":"https:\/\/distribucionarc.com\/bg\/?s={search_term_string}"},"query-input":{"@type":"PropertyValueSpecification","valueRequired":true,"valueName":"search_term_string"}}],"inLanguage":"lt-LT"},{"@type":"Organization","@id":"https:\/\/distribucionarc.com\/bg\/#organization","name":"ARC platinimas","url":"https:\/\/distribucionarc.com\/bg\/","logo":{"@type":"ImageObject","inLanguage":"lt-LT","@id":"https:\/\/distribucionarc.com\/bg\/#\/schema\/logo\/image\/","url":"https:\/\/distribucionarc.com\/wp-content\/uploads\/2024\/10\/distribucion-ARC-COLOR-SIN-FONDO-e1732295305345.png","contentUrl":"https:\/\/distribucionarc.com\/wp-content\/uploads\/2024\/10\/distribucion-ARC-COLOR-SIN-FONDO-e1732295305345.png","width":1164,"height":558,"caption":"Distribuci\u00f3n ARC"},"image":{"@id":"https:\/\/distribucionarc.com\/bg\/#\/schema\/logo\/image\/"},"description":"\u012emon\u0117 specializuojasi maisto ir farmacijos sektoriams skirt\u0173 pramonini\u0173 ma\u0161in\u0173 gamyboje ir platinime. M\u016bs\u0173 specializacija: M\u0117sos pjaustymo ma\u0161inos Table\u010di\u0173 gamyba Pramonin\u0117s transportavimo sistemos I\u0161pilstymo linijos Dozatoriai Ir dar daugiau... Si\u016blome novatori\u0161kus ir individualiems poreikiams pritaikytus sprendimus, kad optimizuotume j\u016bs\u0173 \u012fmon\u0117s gamybos procesus.","email":"Admistracion@distribucionarc.com","telephone":"+34 643496664","legalName":"ARC TECH SOLUTIONS","foundingDate":"2024-04-09","vatID":"B55480172","numberOfEmployees":{"@type":"QuantitativeValue","minValue":"1","maxValue":"10"}}]}},"_links":{"self":[{"href":"https:\/\/distribucionarc.com\/lt\/wp-json\/wp\/v2\/product\/1501","targetHints":{"allow":["GET"]}}],"collection":[{"href":"https:\/\/distribucionarc.com\/lt\/wp-json\/wp\/v2\/product"}],"about":[{"href":"https:\/\/distribucionarc.com\/lt\/wp-json\/wp\/v2\/types\/product"}],"replies":[{"embeddable":true,"href":"https:\/\/distribucionarc.com\/lt\/wp-json\/wp\/v2\/comments?post=1501"}],"version-history":[{"count":0,"href":"https:\/\/distribucionarc.com\/lt\/wp-json\/wp\/v2\/product\/1501\/revisions"}],"wp:featuredmedia":[{"embeddable":true,"href":"https:\/\/distribucionarc.com\/lt\/wp-json\/wp\/v2\/media\/1503"}],"wp:attachment":[{"href":"https:\/\/distribucionarc.com\/lt\/wp-json\/wp\/v2\/media?parent=1501"}],"wp:term":[{"taxonomy":"product_brand","embeddable":true,"href":"https:\/\/distribucionarc.com\/lt\/wp-json\/wp\/v2\/product_brand?post=1501"},{"taxonomy":"product_cat","embeddable":true,"href":"https:\/\/distribucionarc.com\/lt\/wp-json\/wp\/v2\/product_cat?post=1501"},{"taxonomy":"product_tag","embeddable":true,"href":"https:\/\/distribucionarc.com\/lt\/wp-json\/wp\/v2\/product_tag?post=1501"}],"curies":[{"name":"wp","href":"https:\/\/api.w.org\/{rel}","templated":true}]}}