{"id":1530,"date":"2020-07-27T09:21:21","date_gmt":"2020-07-27T09:21:21","guid":{"rendered":"https:\/\/distribucionarc.com\/?post_type=product&#038;p=1530"},"modified":"2020-09-27T10:12:39","modified_gmt":"2020-09-27T10:12:39","slug":"profesionalus-gruzdintos-bulvytes-pjaustytojas","status":"publish","type":"product","link":"https:\/\/distribucionarc.com\/lt\/producto\/cortador-de-patatas-fritas-profesional\/","title":{"rendered":"Profesionalus pranc\u016bzi\u0161kas pjaustytuvas"},"content":{"rendered":"<h3>Profesionalus pranc\u016bzi\u0161kas pjaustytuvas<\/h3>\n<p>The<strong> elektrin\u0117 bulvi\u0173 pjaustykl\u0117 <span style=\"color: #ff0000;\">KAM<\/span><span style=\"color: #0000ff;\">R<\/span><\/strong>C pagamintas i\u0161 maistui tinkamo ner\u016bdijan\u010dio plieno, tvirtas ir patvarus. Didelis, patvarus pagrindas efektyviai apsaugo ma\u0161in\u0105 nuo apvirtimo.<\/p>\n<p>Efektyv\u0173 pjovimo darb\u0105 galima lengvai atlikti viena ranka. Jungiklis valdo a\u0161men\u0173 formos jud\u0117jim\u0105 pirmyn ir atgal.<\/p>\n<p>Jis<strong> elektrinis bulvi\u0173 pjaustytuvas <span style=\"color: #ff0000;\">KAM<\/span><span style=\"color: #0000ff;\">R<\/span>CCPP1<\/strong> Jame yra 3 skirting\u0173 dyd\u017ei\u0173 a\u0161men\u0173 form\u0173, \u012fskaitant 8 x 8 mm a\u0161menis, 10 x 10 mm a\u0161menis ir 12 x 12 mm a\u0161menis. Lapas. Yra papildomas ner\u016bdijan\u010dio plieno dubuo.<\/p>\n<p>Darbo metu elektrinei bulvi\u0173 pjaustyklei pasiekus norim\u0105 pad\u0117t\u012f, \u012fsijungia apsaugos \u012ftaisas, kuris automati\u0161kai nutraukia elektros tiekim\u0105.<\/p>\n<p>A\u0161men\u0173 formos ir sl\u0117gio blokai yra nuimami, tod\u0117l juos galima lengvai surinkti, kad b\u016bt\u0173 lengva valyti ir pri\u017ei\u016br\u0117ti.<\/p>\n<p>Pla\u010diai naudojamas kai kurioms \u017ealiavoms perdirbti \u012f bulves ir gruzdintas bulvytes. Ypa\u010d tinka mink\u0161tiems ir pusiau mink\u0161tiems vaisiams ir dar\u017eov\u0117ms.<\/p>\n<h6>Garantija<strong>\u00a0<span style=\"color: #ff0000;\">KAM<\/span><span style=\"color: #0000ff;\">R<\/span>c<\/strong><\/h6>\n<h6><span style=\"color: #008000;\"><strong>Profesionalus pranc\u016bzi\u0161kas pjaustytuvas, ma\u017eas suvartojimas 20w<\/strong><\/span><\/h6>\n<h6>\u012ftraukta technin\u0117 pagalba<\/h6>\n<p>&nbsp;<\/p>\n<table role=\"presentation\" width=\"100%\" cellspacing=\"0\" cellpadding=\"0\">\n<tbody>\n<tr>\n<td class=\"attrLabels\">Garantija:<\/td>\n<td width=\"50.0%\">\u00a0ARC 2 METAI<\/td>\n<\/tr>\n<tr>\n<td class=\"attrLabels\">Platinimo \u0161alis:<\/td>\n<td width=\"50.0%\">Ispanija, Vokietija, JAV<\/td>\n<td class=\"attrLabels\">Svoris:<\/td>\n<td width=\"50.0%\">8,2 kg<\/td>\n<\/tr>\n<tr>\n<td class=\"attrLabels\">Prekinis \u017eenklas:<\/td>\n<td width=\"50.0%\">ARC<\/td>\n<td class=\"attrLabels\">Auk\u0161tis:<\/td>\n<td width=\"50.0%\">\u00a051 cm<\/td>\n<\/tr>\n<tr>\n<td class=\"attrLabels\">Spalva:<\/td>\n<td width=\"50.0%\">Sidabras<\/td>\n<td class=\"attrLabels\">Ilgas:<\/td>\n<td width=\"50.0%\">22 cm<\/td>\n<\/tr>\n<tr>\n<td class=\"attrLabels\">Produkto tipas:<\/td>\n<td width=\"50.0%\">kar\u0161to oro gruzdintuv\u0117 orkait\u0117<\/td>\n<td class=\"attrLabels\">Platus:<\/td>\n<td width=\"50.0%\">26 cm<\/td>\n<\/tr>\n<tr>\n<td class=\"attrLabels\">Gamintojo numeris:<\/td>\n<td width=\"50.0%\">ARCCPP1<\/td>\n<td class=\"attrLabels\">Galia:<\/td>\n<td width=\"50.0%\">20W<\/td>\n<\/tr>\n<tr>\n<td class=\"attrLabels\">Med\u017eiaga:<\/td>\n<td width=\"50.0%\">ner\u016bdijan\u010dio plieno<\/td>\n<td class=\"attrLabels\">\u012f\u0117jimo \u012ftampa<\/td>\n<td width=\"50.0%\">220V \u2013 50Hz<\/td>\n<\/tr>\n<tr>\n<td class=\"attrLabels\">Pjovimo tipas:<\/td>\n<td width=\"50.0%\">\u00a08 \u00d7 8 mm \/ 10 \u00d7 10 mm \/ 12 \u00d7 12 mm<\/td>\n<td class=\"attrLabels\"><\/td>\n<td width=\"50.0%\"><\/td>\n<\/tr>\n<tr>\n<td class=\"attrLabels\">Montavimo \u012frankiai:<\/td>\n<td width=\"50.0%\">Taip<\/td>\n<td class=\"attrLabels\"><\/td>\n<td width=\"50.0%\"><\/td>\n<\/tr>\n<\/tbody>\n<\/table>","protected":false},"excerpt":{"rendered":"<h2>Profesionalus pranc\u016bzi\u0161kas pjaustytuvas<\/h2>\n<p>Jis<strong> elektrinis pranc\u016bzi\u0161kas pjaustytuvas<\/strong> i\u0161 <strong><span style=\"color: #ff0000;\">KAM<\/span><span style=\"color: #0000ff;\">R<\/span>c<\/strong> Taip j\u016bs\u0173 namin\u0117s bulv\u0117s bus profesionaliai supjaustytos, sutaupysite laiko ir pinig\u0173.<\/p>\n<p>Tai <strong>elektrinis pranc\u016bzi\u0161kas pjaustytuvas<\/strong> Tai nereikalauja jokio darbo, sutaupo daug laiko ir pastang\u0173 ruo\u0161iantis, i\u0161vengiama su\u017ealojim\u0173 d\u0117l a\u0161men\u0173. Jis da\u017enai naudojamas greito maisto restoranuose, valgyklose ir priva\u010diuose namuose \u017ealiavoms perdirbti \u012f bulves ir gruzdintas bulvytes, o tai labai prakti\u0161ka ir taupo darb\u0105.<\/p>\n<h6>Garantija<strong>\u00a0<span style=\"color: #ff0000;\">KAM<\/span><span style=\"color: #0000ff;\">R<\/span>c<\/strong><\/h6>\n<h6><span style=\"color: #008000;\"><strong>Profesionalus pranc\u016bzi\u0161kas pjaustytuvas, ma\u017eas suvartojimas 20w<\/strong><\/span><\/h6>\n<h6>\u012ftraukta technin\u0117 pagalba<\/h6>\n<p>&nbsp;<\/p>\n<p>&nbsp;<\/p>","protected":false},"featured_media":1537,"comment_status":"open","ping_status":"closed","template":"","meta":{"wds_primary_product_brand":0,"wds_primary_product_cat":0},"product_brand":[],"product_cat":[43],"product_tag":[],"class_list":{"0":"post-1530","1":"product","2":"type-product","3":"status-publish","4":"has-post-thumbnail","6":"product_cat-cortadoras-de-alimentos","7":"product_shipping_class-hosteleria","9":"first","10":"instock","11":"sale","12":"taxable","13":"shipping-taxable","14":"purchasable","15":"product-type-simple"},"yoast_head":"<!-- This site is optimized with the Yoast SEO Premium plugin v24.9 (Yoast SEO v26.1) - https:\/\/yoast.com\/wordpress\/plugins\/seo\/ -->\n<title>Cortador de patatas fritas profesional - distribuci\u00f3n ARC<\/title>\n<meta name=\"robots\" content=\"index, follow, max-snippet:-1, max-image-preview:large, max-video-preview:-1\" \/>\n<link rel=\"canonical\" href=\"https:\/\/distribucionarc.com\/lt\/produktas\/profesionalus-gruzdintos-bulvytes-pjaustytojas\/\" \/>\n<meta property=\"og:locale\" content=\"lt_LT\" \/>\n<meta property=\"og:type\" content=\"article\" \/>\n<meta property=\"og:title\" content=\"Cortador de patatas fritas profesional\" \/>\n<meta property=\"og:description\" content=\"Cortador de patatas fritas profesional El cortador de patatas fritas el\u00e9ctrica de ARC har\u00e1 que sus patatas caseras tengan un corte de profesional, ahorre tiempo y dinero.  Este cortador de patatas fritas el\u00e9ctricas no requiere ning\u00fan mano de obra, ahorra mucho tiempo y esfuerzo en la preparaci\u00f3n y evita lesiones causadas por las cuchillas. A menudo se utiliza en restaurantes de comida r\u00e1pida, comedores y casas particulares para procesar materias primas en papas y patatas fritas, que es muy pr\u00e1ctico y ahorra mano de obra Garant\u00eda\u00a0ARC Cortador de patatas fritas profesional, bajo consumo 20w soporte t\u00e9cnico\u00a0incluido &nbsp;  &nbsp;\" \/>\n<meta property=\"og:url\" content=\"https:\/\/distribucionarc.com\/lt\/produktas\/profesionalus-gruzdintos-bulvytes-pjaustytojas\/\" \/>\n<meta property=\"og:site_name\" content=\"distribuci\u00f3n ARC\" \/>\n<meta property=\"article:modified_time\" content=\"2020-09-27T10:12:39+00:00\" \/>\n<meta property=\"og:image\" content=\"https:\/\/distribucionarc.com\/wp-content\/uploads\/2020\/07\/Cortador-de-patatas-fritas-profesional-0.jpg\" \/>\n\t<meta property=\"og:image:width\" content=\"1600\" \/>\n\t<meta property=\"og:image:height\" content=\"1600\" \/>\n\t<meta property=\"og:image:type\" content=\"image\/jpeg\" \/>\n<meta name=\"twitter:card\" content=\"summary_large_image\" \/>\n<meta name=\"twitter:label1\" content=\"Est. reading time\" \/>\n\t<meta name=\"twitter:data1\" content=\"1 minut\u0117\" \/>\n<script type=\"application\/ld+json\" class=\"yoast-schema-graph\">{\"@context\":\"https:\/\/schema.org\",\"@graph\":[{\"@type\":\"WebPage\",\"@id\":\"https:\/\/distribucionarc.com\/sk\/producto\/cortador-de-patatas-fritas-profesional\/\",\"url\":\"https:\/\/distribucionarc.com\/sk\/producto\/cortador-de-patatas-fritas-profesional\/\",\"name\":\"Cortador de patatas fritas profesional - distribuci\u00f3n ARC\",\"isPartOf\":{\"@id\":\"https:\/\/distribucionarc.com\/pl\/#website\"},\"primaryImageOfPage\":{\"@id\":\"https:\/\/distribucionarc.com\/sk\/producto\/cortador-de-patatas-fritas-profesional\/#primaryimage\"},\"image\":{\"@id\":\"https:\/\/distribucionarc.com\/sk\/producto\/cortador-de-patatas-fritas-profesional\/#primaryimage\"},\"thumbnailUrl\":\"https:\/\/distribucionarc.com\/wp-content\/uploads\/2020\/07\/Cortador-de-patatas-fritas-profesional-0.jpg\",\"datePublished\":\"2020-07-27T09:21:21+00:00\",\"dateModified\":\"2020-09-27T10:12:39+00:00\",\"breadcrumb\":{\"@id\":\"https:\/\/distribucionarc.com\/sk\/producto\/cortador-de-patatas-fritas-profesional\/#breadcrumb\"},\"inLanguage\":\"lt-LT\",\"potentialAction\":[{\"@type\":\"ReadAction\",\"target\":[\"https:\/\/distribucionarc.com\/sk\/producto\/cortador-de-patatas-fritas-profesional\/\"]}]},{\"@type\":\"ImageObject\",\"inLanguage\":\"lt-LT\",\"@id\":\"https:\/\/distribucionarc.com\/sk\/producto\/cortador-de-patatas-fritas-profesional\/#primaryimage\",\"url\":\"https:\/\/distribucionarc.com\/wp-content\/uploads\/2020\/07\/Cortador-de-patatas-fritas-profesional-0.jpg\",\"contentUrl\":\"https:\/\/distribucionarc.com\/wp-content\/uploads\/2020\/07\/Cortador-de-patatas-fritas-profesional-0.jpg\",\"width\":1600,\"height\":1600,\"caption\":\"Cortador de patatas fritas profesional\"},{\"@type\":\"BreadcrumbList\",\"@id\":\"https:\/\/distribucionarc.com\/sk\/producto\/cortador-de-patatas-fritas-profesional\/#breadcrumb\",\"itemListElement\":[{\"@type\":\"ListItem\",\"position\":1,\"name\":\"Portada\",\"item\":\"https:\/\/www.distribucionarc.com\/tr\/\"},{\"@type\":\"ListItem\",\"position\":2,\"name\":\"Izdelki\",\"item\":\"https:\/\/www.distribucionarc.com\/sl\/trgovina\/\"},{\"@type\":\"ListItem\",\"position\":3,\"name\":\"Cortador de patatas fritas profesional\"}]},{\"@type\":\"WebSite\",\"@id\":\"https:\/\/distribucionarc.com\/pl\/#website\",\"url\":\"https:\/\/distribucionarc.com\/pl\/\",\"name\":\"distribuci\u00f3n ARC\",\"description\":\"Empresa especializada en la fabricaci\u00f3n y distribuci\u00f3n de maquinaria industrial, selladoras de latas, Maquinas de hacer pastillas, Maquinas de cortar carne...\",\"publisher\":{\"@id\":\"https:\/\/distribucionarc.com\/pl\/#organization\"},\"potentialAction\":[{\"@type\":\"SearchAction\",\"target\":{\"@type\":\"EntryPoint\",\"urlTemplate\":\"https:\/\/distribucionarc.com\/pl\/?s={search_term_string}\"},\"query-input\":{\"@type\":\"PropertyValueSpecification\",\"valueRequired\":true,\"valueName\":\"search_term_string\"}}],\"inLanguage\":\"lt-LT\"},{\"@type\":\"Organization\",\"@id\":\"https:\/\/distribucionarc.com\/pl\/#organization\",\"name\":\"Distribuci\u00f3n ARC\",\"url\":\"https:\/\/distribucionarc.com\/pl\/\",\"logo\":{\"@type\":\"ImageObject\",\"inLanguage\":\"lt-LT\",\"@id\":\"https:\/\/distribucionarc.com\/pl\/#\/schema\/logo\/image\/\",\"url\":\"https:\/\/distribucionarc.com\/wp-content\/uploads\/2024\/10\/distribucion-ARC-COLOR-SIN-FONDO-e1732295305345.png\",\"contentUrl\":\"https:\/\/distribucionarc.com\/wp-content\/uploads\/2024\/10\/distribucion-ARC-COLOR-SIN-FONDO-e1732295305345.png\",\"width\":1164,\"height\":558,\"caption\":\"Distribuci\u00f3n ARC\"},\"image\":{\"@id\":\"https:\/\/distribucionarc.com\/pl\/#\/schema\/logo\/image\/\"},\"description\":\"Empresa especializada en la fabricaci\u00f3n y distribuci\u00f3n de maquinaria industrial para los sectores alimentario y farmac\u00e9utico. Nos especializamos en: M\u00e1quinas de cortar carne Fabricaci\u00f3n de comprimidos Sistemas de transporte industrial L\u00edneas de embotellado Dosificadores Y mucho m\u00e1s... Ofrecemos soluciones innovadoras y personalizadas para optimizar los procesos productivos de tu empresa.\",\"email\":\"Admistracion@distribucionarc.com\",\"telephone\":\"+34 643496664\",\"legalName\":\"ARC TECH SOLUTIONS\",\"foundingDate\":\"2024-04-09\",\"vatID\":\"B55480172\",\"numberOfEmployees\":{\"@type\":\"QuantitativeValue\",\"minValue\":\"1\",\"maxValue\":\"10\"}}]}<\/script>\n<!-- \/ Yoast SEO Premium plugin. -->","yoast_head_json":{"title":"Profesionalus pranc\u016bzi\u0161kas pjaustytuvas - ARC platinimas","robots":{"index":"index","follow":"follow","max-snippet":"max-snippet:-1","max-image-preview":"max-image-preview:large","max-video-preview":"max-video-preview:-1"},"canonical":"https:\/\/distribucionarc.com\/lt\/produktas\/profesionalus-gruzdintos-bulvytes-pjaustytojas\/","og_locale":"lt_LT","og_type":"article","og_title":"Cortador de patatas fritas profesional","og_description":"Cortador de patatas fritas profesional El cortador de patatas fritas el\u00e9ctrica de ARC har\u00e1 que sus patatas caseras tengan un corte de profesional, ahorre tiempo y dinero.  Este cortador de patatas fritas el\u00e9ctricas no requiere ning\u00fan mano de obra, ahorra mucho tiempo y esfuerzo en la preparaci\u00f3n y evita lesiones causadas por las cuchillas. A menudo se utiliza en restaurantes de comida r\u00e1pida, comedores y casas particulares para procesar materias primas en papas y patatas fritas, que es muy pr\u00e1ctico y ahorra mano de obra Garant\u00eda\u00a0ARC Cortador de patatas fritas profesional, bajo consumo 20w soporte t\u00e9cnico\u00a0incluido &nbsp;  &nbsp;","og_url":"https:\/\/distribucionarc.com\/lt\/produktas\/profesionalus-gruzdintos-bulvytes-pjaustytojas\/","og_site_name":"distribuci\u00f3n ARC","article_modified_time":"2020-09-27T10:12:39+00:00","og_image":[{"width":1600,"height":1600,"url":"https:\/\/distribucionarc.com\/wp-content\/uploads\/2020\/07\/Cortador-de-patatas-fritas-profesional-0.jpg","type":"image\/jpeg"}],"twitter_card":"summary_large_image","twitter_misc":{"Est. reading time":"1 minut\u0117"},"schema":{"@context":"https:\/\/schema.org","@graph":[{"@type":"WebPage","@id":"https:\/\/distribucionarc.com\/sk\/producto\/cortador-de-patatas-fritas-profesional\/","url":"https:\/\/distribucionarc.com\/sk\/producto\/cortador-de-patatas-fritas-profesional\/","name":"Profesionalus pranc\u016bzi\u0161kas pjaustytuvas - ARC platinimas","isPartOf":{"@id":"https:\/\/distribucionarc.com\/pl\/#website"},"primaryImageOfPage":{"@id":"https:\/\/distribucionarc.com\/sk\/producto\/cortador-de-patatas-fritas-profesional\/#primaryimage"},"image":{"@id":"https:\/\/distribucionarc.com\/sk\/producto\/cortador-de-patatas-fritas-profesional\/#primaryimage"},"thumbnailUrl":"https:\/\/distribucionarc.com\/wp-content\/uploads\/2020\/07\/Cortador-de-patatas-fritas-profesional-0.jpg","datePublished":"2020-07-27T09:21:21+00:00","dateModified":"2020-09-27T10:12:39+00:00","breadcrumb":{"@id":"https:\/\/distribucionarc.com\/sk\/producto\/cortador-de-patatas-fritas-profesional\/#breadcrumb"},"inLanguage":"lt-LT","potentialAction":[{"@type":"ReadAction","target":["https:\/\/distribucionarc.com\/sk\/producto\/cortador-de-patatas-fritas-profesional\/"]}]},{"@type":"ImageObject","inLanguage":"lt-LT","@id":"https:\/\/distribucionarc.com\/sk\/producto\/cortador-de-patatas-fritas-profesional\/#primaryimage","url":"https:\/\/distribucionarc.com\/wp-content\/uploads\/2020\/07\/Cortador-de-patatas-fritas-profesional-0.jpg","contentUrl":"https:\/\/distribucionarc.com\/wp-content\/uploads\/2020\/07\/Cortador-de-patatas-fritas-profesional-0.jpg","width":1600,"height":1600,"caption":"Cortador de patatas fritas profesional"},{"@type":"BreadcrumbList","@id":"https:\/\/distribucionarc.com\/sk\/producto\/cortador-de-patatas-fritas-profesional\/#breadcrumb","itemListElement":[{"@type":"ListItem","position":1,"name":"Portada","item":"https:\/\/www.distribucionarc.com\/tr\/"},{"@type":"ListItem","position":2,"name":"Izdelki","item":"https:\/\/www.distribucionarc.com\/sl\/trgovina\/"},{"@type":"ListItem","position":3,"name":"Cortador de patatas fritas profesional"}]},{"@type":"WebSite","@id":"https:\/\/distribucionarc.com\/pl\/#website","url":"https:\/\/distribucionarc.com\/pl\/","name":"ARC paskirstymas","description":"\u012emon\u0117 specializuojasi pramonini\u0173 ma\u0161in\u0173, skardini\u0173 sandarinimo ma\u0161in\u0173, table\u010di\u0173 gamybos ma\u0161in\u0173, m\u0117sos pjaustymo ma\u0161in\u0173 gamyboje ir platinime...","publisher":{"@id":"https:\/\/distribucionarc.com\/pl\/#organization"},"potentialAction":[{"@type":"SearchAction","target":{"@type":"EntryPoint","urlTemplate":"https:\/\/distribucionarc.com\/pl\/?s={search_term_string}"},"query-input":{"@type":"PropertyValueSpecification","valueRequired":true,"valueName":"search_term_string"}}],"inLanguage":"lt-LT"},{"@type":"Organization","@id":"https:\/\/distribucionarc.com\/pl\/#organization","name":"ARC platinimas","url":"https:\/\/distribucionarc.com\/pl\/","logo":{"@type":"ImageObject","inLanguage":"lt-LT","@id":"https:\/\/distribucionarc.com\/pl\/#\/schema\/logo\/image\/","url":"https:\/\/distribucionarc.com\/wp-content\/uploads\/2024\/10\/distribucion-ARC-COLOR-SIN-FONDO-e1732295305345.png","contentUrl":"https:\/\/distribucionarc.com\/wp-content\/uploads\/2024\/10\/distribucion-ARC-COLOR-SIN-FONDO-e1732295305345.png","width":1164,"height":558,"caption":"Distribuci\u00f3n ARC"},"image":{"@id":"https:\/\/distribucionarc.com\/pl\/#\/schema\/logo\/image\/"},"description":"\u012emon\u0117 specializuojasi maisto ir farmacijos sektoriams skirt\u0173 pramonini\u0173 ma\u0161in\u0173 gamyboje ir platinime. M\u016bs\u0173 specializacija: M\u0117sos pjaustymo ma\u0161inos Table\u010di\u0173 gamyba Pramonin\u0117s transportavimo sistemos I\u0161pilstymo linijos Dozatoriai Ir dar daugiau... Si\u016blome novatori\u0161kus ir individualiems poreikiams pritaikytus sprendimus, kad optimizuotume j\u016bs\u0173 \u012fmon\u0117s gamybos procesus.","email":"Admistracion@distribucionarc.com","telephone":"+34 643496664","legalName":"ARC TECH SOLUTIONS","foundingDate":"2024-04-09","vatID":"B55480172","numberOfEmployees":{"@type":"QuantitativeValue","minValue":"1","maxValue":"10"}}]}},"_links":{"self":[{"href":"https:\/\/distribucionarc.com\/lt\/wp-json\/wp\/v2\/product\/1530","targetHints":{"allow":["GET"]}}],"collection":[{"href":"https:\/\/distribucionarc.com\/lt\/wp-json\/wp\/v2\/product"}],"about":[{"href":"https:\/\/distribucionarc.com\/lt\/wp-json\/wp\/v2\/types\/product"}],"replies":[{"embeddable":true,"href":"https:\/\/distribucionarc.com\/lt\/wp-json\/wp\/v2\/comments?post=1530"}],"version-history":[{"count":0,"href":"https:\/\/distribucionarc.com\/lt\/wp-json\/wp\/v2\/product\/1530\/revisions"}],"wp:featuredmedia":[{"embeddable":true,"href":"https:\/\/distribucionarc.com\/lt\/wp-json\/wp\/v2\/media\/1537"}],"wp:attachment":[{"href":"https:\/\/distribucionarc.com\/lt\/wp-json\/wp\/v2\/media?parent=1530"}],"wp:term":[{"taxonomy":"product_brand","embeddable":true,"href":"https:\/\/distribucionarc.com\/lt\/wp-json\/wp\/v2\/product_brand?post=1530"},{"taxonomy":"product_cat","embeddable":true,"href":"https:\/\/distribucionarc.com\/lt\/wp-json\/wp\/v2\/product_cat?post=1530"},{"taxonomy":"product_tag","embeddable":true,"href":"https:\/\/distribucionarc.com\/lt\/wp-json\/wp\/v2\/product_tag?post=1530"}],"curies":[{"name":"wp","href":"https:\/\/api.w.org\/{rel}","templated":true}]}}