{"id":1543,"date":"2020-07-27T16:39:00","date_gmt":"2020-07-27T16:39:00","guid":{"rendered":"https:\/\/distribucionarc.com\/?post_type=product&#038;p=1543"},"modified":"2020-10-20T14:35:01","modified_gmt":"2020-10-20T14:35:01","slug":"darzoviu-pjaustytuvas-maisto-perdirbejas","status":"publish","type":"product","link":"https:\/\/distribucionarc.com\/lt\/producto\/cortador-de-verduras-procesador-de-alimentos\/","title":{"rendered":"Virtuvinis kombainas dar\u017eovi\u0173 pjaustytuvui"},"content":{"rendered":"<h2>Virtuvinis kombainas dar\u017eovi\u0173 pjaustytuvui<\/h2>\n<p>Jis <strong>profesionalus dar\u017eovi\u0173 pjaustytuvas <span style=\"color: #ff0000;\">KAM<\/span><span style=\"color: #0000ff;\">R<\/span>c<\/strong> Jis pagamintas i\u0161 ner\u016bdijan\u010dio plieno ir aliuminio lydinio su sidabru anoduotu pavir\u0161iumi. Antikorozinis. Didelio efektyvumo 550 W variklis u\u017etikrina didel\u012f 1600 aps.\/min. sukimosi greit\u012f. Pjovimo disk\u0173 sukimosi greitis yra 270 aps.\/min.<\/p>\n<p>Su 2 skirting\u0173 dyd\u017ei\u0173 maitinimo angomis. Didelio dyd\u017eio dar\u017eoves galima pjaustyti didesn\u0117je padavimo angoje, o ilgas juosteles \u2013 ma\u017eesn\u0117je.<\/p>\n<p>Jis <strong>dar\u017eovi\u0173 pjaustytuvas <span style=\"color: #ff0000;\">KAM<\/span><span style=\"color: #0000ff;\">R<\/span>CCVP1<\/strong> Jame yra 6 skirtingi pjovimo diskai, kurie yra nuimami, lengvai valomi ir montuojami. Geba pjaustyti dar\u017eoves ir vaisius \u012f \u012fvairias formas.<\/p>\n<p>Neslid\u017eios gumin\u0117s kojel\u0117s u\u017etikrina stabilum\u0105 <strong>profesionalus pjaustytuvas<\/strong>; U\u017edengtas maitinimo jungiklis u\u017etikrina saugum\u0105; maitinimo juosta neleid\u017eia su\u017eeisti rank\u0173; Ergonomi\u0161ka rankena palengvina pjovim\u0105.<\/p>\n<p>Tinka pjaustyti \u012fvairias dar\u017eoves, vaisius ir s\u016brius. Geba pjaustyti, smulkinti ir pjaustyti kubeliais naudojant skirtingus pjovimo diskus.<\/p>\n<p>&nbsp;<\/p>\n<h6>Garantija<strong>\u00a0<span style=\"color: #ff0000;\">KAM<\/span><span style=\"color: #0000ff;\">R<\/span>c<\/strong><\/h6>\n<h6><span style=\"color: #008000;\"><strong>Dar\u017eovi\u0173 virtuv\u0117s kombainas, ma\u017eas suvartojimas 500w<\/strong><\/span><\/h6>\n<h6>\u012ftraukta technin\u0117 pagalba<\/h6>\n<p>&nbsp;<\/p>\n<table role=\"presentation\" width=\"100%\" cellspacing=\"0\" cellpadding=\"0\">\n<tbody>\n<tr>\n<td class=\"attrLabels\">Garantija:<\/td>\n<td width=\"50.0%\">ARC 2 METAI<\/td>\n<\/tr>\n<tr>\n<td class=\"attrLabels\">Platinimo \u0161alis:<\/td>\n<td width=\"50.0%\">Ispanija, Vokietija, JAV<\/td>\n<td class=\"attrLabels\">Svoris:<\/td>\n<td width=\"50.0%\">23 kg<\/td>\n<\/tr>\n<tr>\n<td class=\"attrLabels\">Prekinis \u017eenklas:<\/td>\n<td width=\"50.0%\">ARC<\/td>\n<td class=\"attrLabels\">Auk\u0161tis:<\/td>\n<td width=\"50.0%\">\u00a056 cm<\/td>\n<\/tr>\n<tr>\n<td class=\"attrLabels\">Spalva:<\/td>\n<td width=\"50.0%\">Sidabras<\/td>\n<td class=\"attrLabels\">Ilgas:<\/td>\n<td width=\"50.0%\">21 cm<\/td>\n<\/tr>\n<tr>\n<td class=\"attrLabels\">Produkto tipas:<\/td>\n<td width=\"50.0%\">Profesionalus dar\u017eovi\u0173 pjaustytuvas<\/td>\n<td class=\"attrLabels\">Platus:<\/td>\n<td width=\"50.0%\">43 cm<\/td>\n<\/tr>\n<tr>\n<td class=\"attrLabels\">Gamintojo numeris:<\/td>\n<td width=\"50.0%\">ARCCVP1<\/td>\n<td class=\"attrLabels\">Galia:<\/td>\n<td width=\"50.0%\">500W<\/td>\n<\/tr>\n<tr>\n<td class=\"attrLabels\">Med\u017eiaga:<\/td>\n<td width=\"50.0%\">ner\u016bdijan\u010dio plieno<\/td>\n<td class=\"attrLabels\">\u012f\u0117jimo \u012ftampa<\/td>\n<td width=\"50.0%\">220V \u2013 50Hz<\/td>\n<\/tr>\n<tr>\n<td class=\"attrLabels\">pjovimo tipai:<\/td>\n<td width=\"50.0%\">kauliukai, juostel\u0117s, julienne, grie\u017ein\u0117liai, plei\u0161tai, sta\u010diakampiai<\/td>\n<td class=\"attrLabels\">Variklio sukimasis:<\/td>\n<td width=\"50.0%\">1600 aps.\/min<\/td>\n<\/tr>\n<tr>\n<td class=\"attrLabels\">Montavimo \u012frankiai:<\/td>\n<td width=\"50.0%\">Taip<\/td>\n<td class=\"attrLabels\">pjovimo disko greitis:<\/td>\n<td width=\"50.0%\">270 aps.\/min<\/td>\n<\/tr>\n<\/tbody>\n<\/table>","protected":false},"excerpt":{"rendered":"<h3>Virtuvinis kombainas dar\u017eovi\u0173 pjaustytuvui<\/h3>\n<p>Su <strong>dar\u017eovi\u0173 pjaustytuvas<\/strong> i\u0161 <strong><span style=\"color: #ff0000;\">KAM<\/span><span style=\"color: #0000ff;\">R<\/span>c<\/strong> Sutaupysite laiko ir pinig\u0173, ruo\u0161ite salotas, kepsnius, kepinius ir pan. Veiksmingiausiu ir papras\u010diausiu b\u016bdu.<\/p>\n<p>Tai <strong>maisto pjaustytuvas <span style=\"color: #ff0000;\">KAM<\/span><span style=\"color: #0000ff;\">R<\/span>CCVP1<\/strong> Jis pagamintas i\u0161 maistinio ner\u016bdijan\u010dio plieno ir auk\u0161tos kokyb\u0117s aliuminio lydinio su sidabru anoduotu pavir\u0161iumi. Komplekte yra 6 skirtingi pjovimo diskai <strong>dar\u017eovi\u0173 virtuv\u0117s kombainas<\/strong> \u012fvairiems pjovimams, \u012fskaitant pjaustym\u0105, smulkinim\u0105 ir pjaustym\u0105. \u0160is komercinis dar\u017eovi\u0173 smulkintuvas puikiai tinka pjaustyti \u012fvairias dar\u017eoves ir vaisius!<\/p>\n<h6>Garantija<strong>\u00a0<span style=\"color: #ff0000;\">KAM<\/span><span style=\"color: #0000ff;\">R<\/span>c<\/strong><\/h6>\n<h6><span style=\"color: #008000;\"><strong>Dar\u017eovi\u0173 virtuv\u0117s kombainas, ma\u017eas suvartojimas 500w<\/strong><\/span><\/h6>\n<h6>\u012ftraukta technin\u0117 pagalba<\/h6>","protected":false},"featured_media":1550,"comment_status":"open","ping_status":"closed","template":"","meta":{"wds_primary_product_brand":0,"wds_primary_product_cat":0},"product_brand":[],"product_cat":[43],"product_tag":[],"class_list":{"0":"post-1543","1":"product","2":"type-product","3":"status-publish","4":"has-post-thumbnail","6":"product_cat-cortadoras-de-alimentos","7":"product_shipping_class-hosteleria","9":"first","10":"instock","11":"sale","12":"taxable","13":"shipping-taxable","14":"purchasable","15":"product-type-simple"},"yoast_head":"<!-- This site is optimized with the Yoast SEO Premium plugin v24.9 (Yoast SEO v26.1) - https:\/\/yoast.com\/wordpress\/plugins\/seo\/ -->\n<title>Cortador de verduras procesador de alimentos - distribuci\u00f3n ARC<\/title>\n<meta name=\"robots\" content=\"index, follow, max-snippet:-1, max-image-preview:large, max-video-preview:-1\" \/>\n<link rel=\"canonical\" href=\"https:\/\/distribucionarc.com\/lt\/produktas\/darzoviu-pjaustytuvas-maisto-perdirbejas\/\" \/>\n<meta property=\"og:locale\" content=\"lt_LT\" \/>\n<meta property=\"og:type\" content=\"article\" \/>\n<meta property=\"og:title\" content=\"Cortador de verduras procesador de alimentos\" \/>\n<meta property=\"og:description\" content=\"Cortador de verduras procesador de alimentos Con la cortadora de verduras de ARC ahorraras tiempo y dinero, preparar tus ensaladas, picadillos, salteados, etc. De la forma m\u00e1s eficaz y sencilla.  Este cortador de alimentos ARCCVP1 est\u00e1 hecho de acero inoxidable de grado alimenticio y aleaci\u00f3n de aluminio fundido de alta calidad con superficie anodizada de plata. Se incluyen 6 discos de corte diferentes en el procesador de alimentos vegetales para diferentes cortes, incluyendo rebanar, triturar y cortar en cubitos. \u00a1Este picador de verduras comercial es perfecto para cortar varias verduras y frutas! Garant\u00eda\u00a0ARC Procesador de alimentos vegetales, bajo consumo 500w soporte t\u00e9cnico\u00a0incluido\" \/>\n<meta property=\"og:url\" content=\"https:\/\/distribucionarc.com\/lt\/produktas\/darzoviu-pjaustytuvas-maisto-perdirbejas\/\" \/>\n<meta property=\"og:site_name\" content=\"distribuci\u00f3n ARC\" \/>\n<meta property=\"article:modified_time\" content=\"2020-10-20T14:35:01+00:00\" \/>\n<meta property=\"og:image\" content=\"https:\/\/distribucionarc.com\/wp-content\/uploads\/2020\/07\/Cortador-de-verduras-procesador-de-alimentos-0.jpg\" \/>\n\t<meta property=\"og:image:width\" content=\"1600\" \/>\n\t<meta property=\"og:image:height\" content=\"1600\" \/>\n\t<meta property=\"og:image:type\" content=\"image\/jpeg\" \/>\n<meta name=\"twitter:card\" content=\"summary_large_image\" \/>\n<meta name=\"twitter:label1\" content=\"Est. reading time\" \/>\n\t<meta name=\"twitter:data1\" content=\"1 minut\u0117\" \/>\n<script type=\"application\/ld+json\" class=\"yoast-schema-graph\">{\"@context\":\"https:\/\/schema.org\",\"@graph\":[{\"@type\":\"WebPage\",\"@id\":\"https:\/\/distribucionarc.com\/en\/producto\/cortador-de-verduras-procesador-de-alimentos\/\",\"url\":\"https:\/\/distribucionarc.com\/en\/producto\/cortador-de-verduras-procesador-de-alimentos\/\",\"name\":\"Cortador de verduras procesador de alimentos - distribuci\u00f3n ARC\",\"isPartOf\":{\"@id\":\"https:\/\/distribucionarc.com\/ar\/#website\"},\"primaryImageOfPage\":{\"@id\":\"https:\/\/distribucionarc.com\/en\/producto\/cortador-de-verduras-procesador-de-alimentos\/#primaryimage\"},\"image\":{\"@id\":\"https:\/\/distribucionarc.com\/en\/producto\/cortador-de-verduras-procesador-de-alimentos\/#primaryimage\"},\"thumbnailUrl\":\"https:\/\/distribucionarc.com\/wp-content\/uploads\/2020\/07\/Cortador-de-verduras-procesador-de-alimentos-0.jpg\",\"datePublished\":\"2020-07-27T16:39:00+00:00\",\"dateModified\":\"2020-10-20T14:35:01+00:00\",\"breadcrumb\":{\"@id\":\"https:\/\/distribucionarc.com\/en\/producto\/cortador-de-verduras-procesador-de-alimentos\/#breadcrumb\"},\"inLanguage\":\"lt-LT\",\"potentialAction\":[{\"@type\":\"ReadAction\",\"target\":[\"https:\/\/distribucionarc.com\/en\/producto\/cortador-de-verduras-procesador-de-alimentos\/\"]}]},{\"@type\":\"ImageObject\",\"inLanguage\":\"lt-LT\",\"@id\":\"https:\/\/distribucionarc.com\/en\/producto\/cortador-de-verduras-procesador-de-alimentos\/#primaryimage\",\"url\":\"https:\/\/distribucionarc.com\/wp-content\/uploads\/2020\/07\/Cortador-de-verduras-procesador-de-alimentos-0.jpg\",\"contentUrl\":\"https:\/\/distribucionarc.com\/wp-content\/uploads\/2020\/07\/Cortador-de-verduras-procesador-de-alimentos-0.jpg\",\"width\":1600,\"height\":1600,\"caption\":\"Cortador de verduras procesador de alimentos\"},{\"@type\":\"BreadcrumbList\",\"@id\":\"https:\/\/distribucionarc.com\/en\/producto\/cortador-de-verduras-procesador-de-alimentos\/#breadcrumb\",\"itemListElement\":[{\"@type\":\"ListItem\",\"position\":1,\"name\":\"Portada\",\"item\":\"https:\/\/www.distribucionarc.com\/pt\/\"},{\"@type\":\"ListItem\",\"position\":2,\"name\":\"Produtos\",\"item\":\"https:\/\/www.distribucionarc.com\/pt\/shop\/\"},{\"@type\":\"ListItem\",\"position\":3,\"name\":\"Cortador de verduras procesador de alimentos\"}]},{\"@type\":\"WebSite\",\"@id\":\"https:\/\/distribucionarc.com\/ar\/#website\",\"url\":\"https:\/\/distribucionarc.com\/ar\/\",\"name\":\"distribuci\u00f3n ARC\",\"description\":\"Empresa especializada en la fabricaci\u00f3n y distribuci\u00f3n de maquinaria industrial, selladoras de latas, Maquinas de hacer pastillas, Maquinas de cortar carne...\",\"publisher\":{\"@id\":\"https:\/\/distribucionarc.com\/ar\/#organization\"},\"potentialAction\":[{\"@type\":\"SearchAction\",\"target\":{\"@type\":\"EntryPoint\",\"urlTemplate\":\"https:\/\/distribucionarc.com\/ar\/?s={search_term_string}\"},\"query-input\":{\"@type\":\"PropertyValueSpecification\",\"valueRequired\":true,\"valueName\":\"search_term_string\"}}],\"inLanguage\":\"lt-LT\"},{\"@type\":\"Organization\",\"@id\":\"https:\/\/distribucionarc.com\/ar\/#organization\",\"name\":\"Distribuci\u00f3n ARC\",\"url\":\"https:\/\/distribucionarc.com\/ar\/\",\"logo\":{\"@type\":\"ImageObject\",\"inLanguage\":\"lt-LT\",\"@id\":\"https:\/\/distribucionarc.com\/ar\/#\/schema\/logo\/image\/\",\"url\":\"https:\/\/distribucionarc.com\/wp-content\/uploads\/2024\/10\/distribucion-ARC-COLOR-SIN-FONDO-e1732295305345.png\",\"contentUrl\":\"https:\/\/distribucionarc.com\/wp-content\/uploads\/2024\/10\/distribucion-ARC-COLOR-SIN-FONDO-e1732295305345.png\",\"width\":1164,\"height\":558,\"caption\":\"Distribuci\u00f3n ARC\"},\"image\":{\"@id\":\"https:\/\/distribucionarc.com\/ar\/#\/schema\/logo\/image\/\"},\"description\":\"Empresa especializada en la fabricaci\u00f3n y distribuci\u00f3n de maquinaria industrial para los sectores alimentario y farmac\u00e9utico. Nos especializamos en: M\u00e1quinas de cortar carne Fabricaci\u00f3n de comprimidos Sistemas de transporte industrial L\u00edneas de embotellado Dosificadores Y mucho m\u00e1s... Ofrecemos soluciones innovadoras y personalizadas para optimizar los procesos productivos de tu empresa.\",\"email\":\"Admistracion@distribucionarc.com\",\"telephone\":\"+34 643496664\",\"legalName\":\"ARC TECH SOLUTIONS\",\"foundingDate\":\"2024-04-09\",\"vatID\":\"B55480172\",\"numberOfEmployees\":{\"@type\":\"QuantitativeValue\",\"minValue\":\"1\",\"maxValue\":\"10\"}}]}<\/script>\n<!-- \/ Yoast SEO Premium plugin. -->","yoast_head_json":{"title":"Virtuvinio kombaino dar\u017eovi\u0173 pjaustykl\u0117 - ARC platinimas","robots":{"index":"index","follow":"follow","max-snippet":"max-snippet:-1","max-image-preview":"max-image-preview:large","max-video-preview":"max-video-preview:-1"},"canonical":"https:\/\/distribucionarc.com\/lt\/produktas\/darzoviu-pjaustytuvas-maisto-perdirbejas\/","og_locale":"lt_LT","og_type":"article","og_title":"Cortador de verduras procesador de alimentos","og_description":"Cortador de verduras procesador de alimentos Con la cortadora de verduras de ARC ahorraras tiempo y dinero, preparar tus ensaladas, picadillos, salteados, etc. De la forma m\u00e1s eficaz y sencilla.  Este cortador de alimentos ARCCVP1 est\u00e1 hecho de acero inoxidable de grado alimenticio y aleaci\u00f3n de aluminio fundido de alta calidad con superficie anodizada de plata. Se incluyen 6 discos de corte diferentes en el procesador de alimentos vegetales para diferentes cortes, incluyendo rebanar, triturar y cortar en cubitos. \u00a1Este picador de verduras comercial es perfecto para cortar varias verduras y frutas! Garant\u00eda\u00a0ARC Procesador de alimentos vegetales, bajo consumo 500w soporte t\u00e9cnico\u00a0incluido","og_url":"https:\/\/distribucionarc.com\/lt\/produktas\/darzoviu-pjaustytuvas-maisto-perdirbejas\/","og_site_name":"distribuci\u00f3n ARC","article_modified_time":"2020-10-20T14:35:01+00:00","og_image":[{"width":1600,"height":1600,"url":"https:\/\/distribucionarc.com\/wp-content\/uploads\/2020\/07\/Cortador-de-verduras-procesador-de-alimentos-0.jpg","type":"image\/jpeg"}],"twitter_card":"summary_large_image","twitter_misc":{"Est. reading time":"1 minut\u0117"},"schema":{"@context":"https:\/\/schema.org","@graph":[{"@type":"WebPage","@id":"https:\/\/distribucionarc.com\/en\/producto\/cortador-de-verduras-procesador-de-alimentos\/","url":"https:\/\/distribucionarc.com\/en\/producto\/cortador-de-verduras-procesador-de-alimentos\/","name":"Virtuvinio kombaino dar\u017eovi\u0173 pjaustykl\u0117 - ARC platinimas","isPartOf":{"@id":"https:\/\/distribucionarc.com\/ar\/#website"},"primaryImageOfPage":{"@id":"https:\/\/distribucionarc.com\/en\/producto\/cortador-de-verduras-procesador-de-alimentos\/#primaryimage"},"image":{"@id":"https:\/\/distribucionarc.com\/en\/producto\/cortador-de-verduras-procesador-de-alimentos\/#primaryimage"},"thumbnailUrl":"https:\/\/distribucionarc.com\/wp-content\/uploads\/2020\/07\/Cortador-de-verduras-procesador-de-alimentos-0.jpg","datePublished":"2020-07-27T16:39:00+00:00","dateModified":"2020-10-20T14:35:01+00:00","breadcrumb":{"@id":"https:\/\/distribucionarc.com\/en\/producto\/cortador-de-verduras-procesador-de-alimentos\/#breadcrumb"},"inLanguage":"lt-LT","potentialAction":[{"@type":"ReadAction","target":["https:\/\/distribucionarc.com\/en\/producto\/cortador-de-verduras-procesador-de-alimentos\/"]}]},{"@type":"ImageObject","inLanguage":"lt-LT","@id":"https:\/\/distribucionarc.com\/en\/producto\/cortador-de-verduras-procesador-de-alimentos\/#primaryimage","url":"https:\/\/distribucionarc.com\/wp-content\/uploads\/2020\/07\/Cortador-de-verduras-procesador-de-alimentos-0.jpg","contentUrl":"https:\/\/distribucionarc.com\/wp-content\/uploads\/2020\/07\/Cortador-de-verduras-procesador-de-alimentos-0.jpg","width":1600,"height":1600,"caption":"Cortador de verduras procesador de alimentos"},{"@type":"BreadcrumbList","@id":"https:\/\/distribucionarc.com\/en\/producto\/cortador-de-verduras-procesador-de-alimentos\/#breadcrumb","itemListElement":[{"@type":"ListItem","position":1,"name":"Portada","item":"https:\/\/www.distribucionarc.com\/pt\/"},{"@type":"ListItem","position":2,"name":"Produtos","item":"https:\/\/www.distribucionarc.com\/pt\/shop\/"},{"@type":"ListItem","position":3,"name":"Cortador de verduras procesador de alimentos"}]},{"@type":"WebSite","@id":"https:\/\/distribucionarc.com\/ar\/#website","url":"https:\/\/distribucionarc.com\/ar\/","name":"ARC paskirstymas","description":"\u012emon\u0117 specializuojasi pramonini\u0173 ma\u0161in\u0173, skardini\u0173 sandarinimo ma\u0161in\u0173, table\u010di\u0173 gamybos ma\u0161in\u0173, m\u0117sos pjaustymo ma\u0161in\u0173 gamyboje ir platinime...","publisher":{"@id":"https:\/\/distribucionarc.com\/ar\/#organization"},"potentialAction":[{"@type":"SearchAction","target":{"@type":"EntryPoint","urlTemplate":"https:\/\/distribucionarc.com\/ar\/?s={search_term_string}"},"query-input":{"@type":"PropertyValueSpecification","valueRequired":true,"valueName":"search_term_string"}}],"inLanguage":"lt-LT"},{"@type":"Organization","@id":"https:\/\/distribucionarc.com\/ar\/#organization","name":"ARC platinimas","url":"https:\/\/distribucionarc.com\/ar\/","logo":{"@type":"ImageObject","inLanguage":"lt-LT","@id":"https:\/\/distribucionarc.com\/ar\/#\/schema\/logo\/image\/","url":"https:\/\/distribucionarc.com\/wp-content\/uploads\/2024\/10\/distribucion-ARC-COLOR-SIN-FONDO-e1732295305345.png","contentUrl":"https:\/\/distribucionarc.com\/wp-content\/uploads\/2024\/10\/distribucion-ARC-COLOR-SIN-FONDO-e1732295305345.png","width":1164,"height":558,"caption":"Distribuci\u00f3n ARC"},"image":{"@id":"https:\/\/distribucionarc.com\/ar\/#\/schema\/logo\/image\/"},"description":"\u012emon\u0117 specializuojasi maisto ir farmacijos sektoriams skirt\u0173 pramonini\u0173 ma\u0161in\u0173 gamyboje ir platinime. M\u016bs\u0173 specializacija: M\u0117sos pjaustymo ma\u0161inos Table\u010di\u0173 gamyba Pramonin\u0117s transportavimo sistemos I\u0161pilstymo linijos Dozatoriai Ir dar daugiau... Si\u016blome novatori\u0161kus ir individualiems poreikiams pritaikytus sprendimus, kad optimizuotume j\u016bs\u0173 \u012fmon\u0117s gamybos procesus.","email":"Admistracion@distribucionarc.com","telephone":"+34 643496664","legalName":"ARC TECH SOLUTIONS","foundingDate":"2024-04-09","vatID":"B55480172","numberOfEmployees":{"@type":"QuantitativeValue","minValue":"1","maxValue":"10"}}]}},"_links":{"self":[{"href":"https:\/\/distribucionarc.com\/lt\/wp-json\/wp\/v2\/product\/1543","targetHints":{"allow":["GET"]}}],"collection":[{"href":"https:\/\/distribucionarc.com\/lt\/wp-json\/wp\/v2\/product"}],"about":[{"href":"https:\/\/distribucionarc.com\/lt\/wp-json\/wp\/v2\/types\/product"}],"replies":[{"embeddable":true,"href":"https:\/\/distribucionarc.com\/lt\/wp-json\/wp\/v2\/comments?post=1543"}],"version-history":[{"count":0,"href":"https:\/\/distribucionarc.com\/lt\/wp-json\/wp\/v2\/product\/1543\/revisions"}],"wp:featuredmedia":[{"embeddable":true,"href":"https:\/\/distribucionarc.com\/lt\/wp-json\/wp\/v2\/media\/1550"}],"wp:attachment":[{"href":"https:\/\/distribucionarc.com\/lt\/wp-json\/wp\/v2\/media?parent=1543"}],"wp:term":[{"taxonomy":"product_brand","embeddable":true,"href":"https:\/\/distribucionarc.com\/lt\/wp-json\/wp\/v2\/product_brand?post=1543"},{"taxonomy":"product_cat","embeddable":true,"href":"https:\/\/distribucionarc.com\/lt\/wp-json\/wp\/v2\/product_cat?post=1543"},{"taxonomy":"product_tag","embeddable":true,"href":"https:\/\/distribucionarc.com\/lt\/wp-json\/wp\/v2\/product_tag?post=1543"}],"curies":[{"name":"wp","href":"https:\/\/api.w.org\/{rel}","templated":true}]}}