{"id":1612,"date":"2020-07-28T10:31:20","date_gmt":"2020-07-28T10:31:20","guid":{"rendered":"https:\/\/distribucionarc.com\/?post_type=product&#038;p=1612"},"modified":"2020-09-27T10:27:06","modified_gmt":"2020-09-27T10:27:06","slug":"automatinis-putpeliu-kiausiniu-lupimas","status":"publish","type":"product","link":"https:\/\/distribucionarc.com\/lt\/producto\/peladora-automatica-de-huevos-de-codorniz\/","title":{"rendered":"Automatin\u0117 putpeli\u0173 kiau\u0161ini\u0173 lupimo ma\u0161ina"},"content":{"rendered":"<h2>Automatin\u0117 putpeli\u0173 kiau\u0161ini\u0173 lupimo ma\u0161ina<\/h2>\n<p>Lengva naudoti, nereikia jaudintis d\u0117l varginan\u010di\u0173 operacij\u0173. Pusiau automatiniam veikimui tereikia lengvai spustel\u0117ti kiau\u0161in\u012f. Putpeli\u0173 kiau\u0161ini\u0173 lupimo procesas yra ma\u017eai pa\u017eeid\u017eiamas.<\/p>\n<p>The <strong>putpeli\u0173 pauk\u0161\u010di\u0173 kiau\u0161ini\u0173 skustuvas <span style=\"color: #ff0000;\">KAM<\/span><span style=\"color: #0000ff;\">R<\/span>c<\/strong> priima 25 W varikl\u012f, su <span style=\"color: #008000;\"><strong>Ma\u017eas energijos suvartojimas, bet didelis darbo efektyvumas<\/strong><\/span>. Lupimo greitis yra greitas. <strong>Gamina iki 50 kg\/val<\/strong>, efektyviai suma\u017einant laiko ir darbo s\u0105naudas.<\/p>\n<p>Jis <strong>putpeli\u0173 kiau\u0161ini\u0173 skustukas <span style=\"color: #ff0000;\">KAM<\/span><span style=\"color: #0000ff;\">R<\/span>CPAH1<\/strong>\u00a0Jis pagamintas i\u0161 maistinio 304 ner\u016bdijan\u010dio plieno. Jis yra tvirtas ir nelengvai r\u016bdija, tod\u0117l u\u017etikrina auk\u0161\u010diausios kokyb\u0117s ma\u0161in\u0105 ilgam naudojimui.<\/p>\n<p>Naudodami \u017earnos sukimosi konstrukcij\u0105, nupl\u0117\u0161kite kiau\u0161inio luk\u0161t\u0105, kad nuluptum\u0117te. \u017darnos naudoja maistines \u017ealiavas, kurios yra sanitarin\u0117s, sveikos ir saugios.<\/p>\n<p>Dydis <strong>kiau\u0161ini\u0173 skustukas<\/strong> Jis yra ma\u017eas, patogus ne\u0161iotis ir ne\u0161tis. Jis neu\u017eims per daug vietos, tinka \u012fvairaus tipo virtuv\u0117ms.<\/p>\n<h6><\/h6>\n<h6>Garantija<strong>\u00a0<span style=\"color: #ff0000;\">KAM<\/span><span style=\"color: #0000ff;\">R<\/span>C 2 METAI<\/strong><\/h6>\n<h6><span style=\"color: #008000;\">efektyvesnis variklis su ma\u017eomis s\u0105naudomis 18w<\/span><\/h6>\n<h6>\u012ftraukta technin\u0117 pagalba.<\/h6>\n<p>&nbsp;<\/p>\n<table role=\"presentation\" width=\"100%\" cellspacing=\"0\" cellpadding=\"0\">\n<tbody>\n<tr>\n<td class=\"attrLabels\">Galia:<\/td>\n<td width=\"50.0%\">18W<\/td>\n<\/tr>\n<tr>\n<td class=\"attrLabels\">\u012etampa:<\/td>\n<td width=\"50.0%\">110V \u2013 220V nuo 50Hz iki 60Hz<\/td>\n<td class=\"attrLabels\">Svoris:<\/td>\n<td width=\"50.0%\">2,5 kg<\/td>\n<\/tr>\n<tr>\n<td class=\"attrLabels\">Platinimo \u0161alis:<\/td>\n<td width=\"50.0%\">Ispanija, Vokietija, JAV<\/td>\n<td class=\"attrLabels\">Auk\u0161tis:<\/td>\n<td width=\"50.0%\">11 cm<\/td>\n<\/tr>\n<tr>\n<td class=\"attrLabels\">Prekinis \u017eenklas:<\/td>\n<td width=\"50.0%\">ARC<\/td>\n<td class=\"attrLabels\">Ilgas:<\/td>\n<td width=\"50.0%\">40 cm<\/td>\n<\/tr>\n<tr>\n<td class=\"attrLabels\">Produkto tipas:<\/td>\n<td width=\"50.0%\">Putpeli\u0173 kiau\u0161ini\u0173 skustuvas<\/td>\n<td class=\"attrLabels\">Platus:<\/td>\n<td width=\"50.0%\">\u00a018 cm<\/td>\n<\/tr>\n<tr>\n<td class=\"attrLabels\">Gamintojo numeris:<\/td>\n<td width=\"50.0%\">ARCPAH1<\/td>\n<td class=\"attrLabels\">Darbo greitis:<\/td>\n<td width=\"50.0%\">\u00a050 kg per valand\u0105<\/td>\n<\/tr>\n<tr>\n<td class=\"attrLabels\">Med\u017eiaga:<\/td>\n<td width=\"50.0%\">Ner\u016bdijan\u010dio plieno, maistin\u0117s \u017earnos<\/td>\n<td class=\"attrLabels\">\u00a0Garantija:<\/td>\n<td width=\"50.0%\">2 METAI<\/td>\n<\/tr>\n<tr>\n<td class=\"attrLabels\">Spalva:<\/td>\n<td width=\"50.0%\">Sidabras<\/td>\n<td class=\"attrLabels\"><\/td>\n<td width=\"50.0%\"><\/td>\n<\/tr>\n<tr>\n<td class=\"attrLabels\">Montavimo \u012frankiai:<\/td>\n<td width=\"50.0%\">Taip<\/td>\n<td class=\"attrLabels\"><\/td>\n<td width=\"50.0%\"><\/td>\n<\/tr>\n<\/tbody>\n<\/table>","protected":false},"excerpt":{"rendered":"<h2>Automatin\u0117 putpeli\u0173 kiau\u0161ini\u0173 lupimo ma\u0161ina<\/h2>\n<p>Sutaupykite laiko ruo\u0161dami patiekalus ir tapas <strong>automatinis skustuvas <span style=\"color: #ff0000;\">KAM<\/span><span style=\"color: #0000ff;\">R<\/span>CPAH1<\/strong> Jums tereikia paspausti mygtuk\u0105, kad gautum\u0117te \u0161var\u0173, nesupjaustyt\u0105 gamin\u012f.<\/p>\n<p><strong>Profesionali putpeli\u0173 kiau\u0161ini\u0173 lupimo ma\u0161ina <span style=\"color: #ff0000;\">KAM<\/span><span style=\"color: #0000ff;\">R<\/span>c<\/strong>, pagamintas i\u0161 auk\u0161\u010diausios kokyb\u0117s 304 ner\u016bdijan\u010dio plieno, yra patvarus ir saugus naudoti. Jis gali labai efektyviai ir ma\u017eai l\u016b\u017eti nulupti kiau\u0161inius. I\u0161vestis iki <strong>60 kg\/val<\/strong>, \u017eymiai suma\u017eina rankinio lupimo laik\u0105. Dydis nedidelis, patogus ne\u0161ioti ir ne\u0161iotis. Tinka vie\u0161bu\u010diams, restoranams, barams ir maitinimo pramonei.<\/p>\n<h6>Garantija<strong>\u00a0<span style=\"color: #ff0000;\">KAM<\/span><span style=\"color: #0000ff;\">R<\/span>C 2 METAI<\/strong><\/h6>\n<h6><span style=\"color: #008000;\">efektyvesnis variklis su ma\u017eomis s\u0105naudomis 18w<\/span><\/h6>\n<h6>\u012ftraukta technin\u0117 pagalba.<\/h6>","protected":false},"featured_media":1619,"comment_status":"open","ping_status":"closed","template":"","meta":{"wds_primary_product_brand":0,"wds_primary_product_cat":0},"product_brand":[],"product_cat":[43,61],"product_tag":[],"class_list":{"0":"post-1612","1":"product","2":"type-product","3":"status-publish","4":"has-post-thumbnail","6":"product_cat-cortadoras-de-alimentos","7":"product_cat-peladoras-de-alimentos","8":"product_shipping_class-hosteleria","10":"first","11":"instock","12":"sale","13":"taxable","14":"shipping-taxable","15":"purchasable","16":"product-type-simple"},"yoast_head":"<!-- This site is optimized with the Yoast SEO Premium plugin v24.9 (Yoast SEO v26.1) - https:\/\/yoast.com\/wordpress\/plugins\/seo\/ -->\n<title>Peladora autom\u00e1tica de huevos de codorniz - distribuci\u00f3n ARC<\/title>\n<meta name=\"robots\" content=\"index, follow, max-snippet:-1, max-image-preview:large, max-video-preview:-1\" \/>\n<link rel=\"canonical\" href=\"https:\/\/jagdesd.tempurl.host\/bg\/producto\/peladora-automatica-de-huevos-de-codorniz\/\" \/>\n<meta property=\"og:locale\" content=\"lt_LT\" \/>\n<meta property=\"og:type\" content=\"article\" \/>\n<meta property=\"og:title\" content=\"Peladora autom\u00e1tica de huevos de codorniz\" \/>\n<meta property=\"og:description\" content=\"Peladora autom\u00e1tica de huevos de codorniz Ahorre tiempo para elaborar sus platos y tapas, con esta peladora autom\u00e1tica ARCPAH1 tan solo tendr\u00e1 que presionar un bot\u00f3n para obtener un producto limpio y sin cortes.  M\u00e1quina profesional para pelar huevos de codorniz ARC, hecha de acero inoxidable 304 premium, es duradera y segura de usar. Puede pelar huevos con alta eficiencia y con poca rotura. Salida de hasta 60 kg \/ h, reduce significativamente el tiempo de pelado manual. El tama\u00f1o es peque\u00f1o, conveniente para mover y transportar. Adecuado para hoteles, restaurantes, bar e industria de catering. Garant\u00eda\u00a0ARC 2 A\u00d1OS motor m\u00e1s eficiente bajo consumo 18w soporte t\u00e9cnico\u00a0incluido.\" \/>\n<meta property=\"og:url\" content=\"https:\/\/jagdesd.tempurl.host\/bg\/producto\/peladora-automatica-de-huevos-de-codorniz\/\" \/>\n<meta property=\"og:site_name\" content=\"distribuci\u00f3n ARC\" \/>\n<meta property=\"article:modified_time\" content=\"2020-09-27T10:27:06+00:00\" \/>\n<meta property=\"og:image\" content=\"https:\/\/distribucionarc.com\/wp-content\/uploads\/2020\/07\/Peladora-autom\u00e1tica-de-huevos-de-codorniz-0.jpg\" \/>\n\t<meta property=\"og:image:width\" content=\"1600\" \/>\n\t<meta property=\"og:image:height\" content=\"1600\" \/>\n\t<meta property=\"og:image:type\" content=\"image\/jpeg\" \/>\n<meta name=\"twitter:card\" content=\"summary_large_image\" \/>\n<meta name=\"twitter:label1\" content=\"Est. reading time\" \/>\n\t<meta name=\"twitter:data1\" content=\"1 minut\u0117\" \/>\n<script type=\"application\/ld+json\" class=\"yoast-schema-graph\">{\"@context\":\"https:\/\/schema.org\",\"@graph\":[{\"@type\":\"WebPage\",\"@id\":\"https:\/\/jagdesd.tempurl.host\/bg\/producto\/peladora-automatica-de-huevos-de-codorniz\/\",\"url\":\"https:\/\/jagdesd.tempurl.host\/bg\/producto\/peladora-automatica-de-huevos-de-codorniz\/\",\"name\":\"Peladora autom\u00e1tica de huevos de codorniz - distribuci\u00f3n ARC\",\"isPartOf\":{\"@id\":\"https:\/\/distribucionarc.com\/ar\/#website\"},\"primaryImageOfPage\":{\"@id\":\"https:\/\/jagdesd.tempurl.host\/bg\/producto\/peladora-automatica-de-huevos-de-codorniz\/#primaryimage\"},\"image\":{\"@id\":\"https:\/\/jagdesd.tempurl.host\/bg\/producto\/peladora-automatica-de-huevos-de-codorniz\/#primaryimage\"},\"thumbnailUrl\":\"https:\/\/distribucionarc.com\/wp-content\/uploads\/2020\/07\/Peladora-autom\u00e1tica-de-huevos-de-codorniz-0.jpg\",\"datePublished\":\"2020-07-28T10:31:20+00:00\",\"dateModified\":\"2020-09-27T10:27:06+00:00\",\"breadcrumb\":{\"@id\":\"https:\/\/jagdesd.tempurl.host\/bg\/producto\/peladora-automatica-de-huevos-de-codorniz\/#breadcrumb\"},\"inLanguage\":\"lt-LT\",\"potentialAction\":[{\"@type\":\"ReadAction\",\"target\":[\"https:\/\/jagdesd.tempurl.host\/bg\/producto\/peladora-automatica-de-huevos-de-codorniz\/\"]}]},{\"@type\":\"ImageObject\",\"inLanguage\":\"lt-LT\",\"@id\":\"https:\/\/jagdesd.tempurl.host\/bg\/producto\/peladora-automatica-de-huevos-de-codorniz\/#primaryimage\",\"url\":\"https:\/\/distribucionarc.com\/wp-content\/uploads\/2020\/07\/Peladora-autom\u00e1tica-de-huevos-de-codorniz-0.jpg\",\"contentUrl\":\"https:\/\/distribucionarc.com\/wp-content\/uploads\/2020\/07\/Peladora-autom\u00e1tica-de-huevos-de-codorniz-0.jpg\",\"width\":1600,\"height\":1600,\"caption\":\"Peladora autom\u00e1tica de huevos de codorniz\"},{\"@type\":\"BreadcrumbList\",\"@id\":\"https:\/\/jagdesd.tempurl.host\/bg\/producto\/peladora-automatica-de-huevos-de-codorniz\/#breadcrumb\",\"itemListElement\":[{\"@type\":\"ListItem\",\"position\":1,\"name\":\"Portada\",\"item\":\"https:\/\/www.distribucionarc.com\/pt\/\"},{\"@type\":\"ListItem\",\"position\":2,\"name\":\"Produtos\",\"item\":\"https:\/\/www.distribucionarc.com\/pt\/shop\/\"},{\"@type\":\"ListItem\",\"position\":3,\"name\":\"Peladora autom\u00e1tica de huevos de codorniz\"}]},{\"@type\":\"WebSite\",\"@id\":\"https:\/\/distribucionarc.com\/ar\/#website\",\"url\":\"https:\/\/distribucionarc.com\/ar\/\",\"name\":\"distribuci\u00f3n ARC\",\"description\":\"Empresa especializada en la fabricaci\u00f3n y distribuci\u00f3n de maquinaria industrial, selladoras de latas, Maquinas de hacer pastillas, Maquinas de cortar carne...\",\"publisher\":{\"@id\":\"https:\/\/distribucionarc.com\/ar\/#organization\"},\"potentialAction\":[{\"@type\":\"SearchAction\",\"target\":{\"@type\":\"EntryPoint\",\"urlTemplate\":\"https:\/\/distribucionarc.com\/ar\/?s={search_term_string}\"},\"query-input\":{\"@type\":\"PropertyValueSpecification\",\"valueRequired\":true,\"valueName\":\"search_term_string\"}}],\"inLanguage\":\"lt-LT\"},{\"@type\":\"Organization\",\"@id\":\"https:\/\/distribucionarc.com\/ar\/#organization\",\"name\":\"Distribuci\u00f3n ARC\",\"url\":\"https:\/\/distribucionarc.com\/ar\/\",\"logo\":{\"@type\":\"ImageObject\",\"inLanguage\":\"lt-LT\",\"@id\":\"https:\/\/distribucionarc.com\/ar\/#\/schema\/logo\/image\/\",\"url\":\"https:\/\/distribucionarc.com\/wp-content\/uploads\/2024\/10\/distribucion-ARC-COLOR-SIN-FONDO-e1732295305345.png\",\"contentUrl\":\"https:\/\/distribucionarc.com\/wp-content\/uploads\/2024\/10\/distribucion-ARC-COLOR-SIN-FONDO-e1732295305345.png\",\"width\":1164,\"height\":558,\"caption\":\"Distribuci\u00f3n ARC\"},\"image\":{\"@id\":\"https:\/\/distribucionarc.com\/ar\/#\/schema\/logo\/image\/\"},\"description\":\"Empresa especializada en la fabricaci\u00f3n y distribuci\u00f3n de maquinaria industrial para los sectores alimentario y farmac\u00e9utico. Nos especializamos en: M\u00e1quinas de cortar carne Fabricaci\u00f3n de comprimidos Sistemas de transporte industrial L\u00edneas de embotellado Dosificadores Y mucho m\u00e1s... Ofrecemos soluciones innovadoras y personalizadas para optimizar los procesos productivos de tu empresa.\",\"email\":\"Admistracion@distribucionarc.com\",\"telephone\":\"+34 643496664\",\"legalName\":\"ARC TECH SOLUTIONS\",\"foundingDate\":\"2024-04-09\",\"vatID\":\"B55480172\",\"numberOfEmployees\":{\"@type\":\"QuantitativeValue\",\"minValue\":\"1\",\"maxValue\":\"10\"}}]}<\/script>\n<!-- \/ Yoast SEO Premium plugin. -->","yoast_head_json":{"title":"Automatinis putpeli\u0173 kiau\u0161ini\u0173 skustukas - ARC paskirstymas","robots":{"index":"index","follow":"follow","max-snippet":"max-snippet:-1","max-image-preview":"max-image-preview:large","max-video-preview":"max-video-preview:-1"},"canonical":"https:\/\/jagdesd.tempurl.host\/bg\/producto\/peladora-automatica-de-huevos-de-codorniz\/","og_locale":"lt_LT","og_type":"article","og_title":"Peladora autom\u00e1tica de huevos de codorniz","og_description":"Peladora autom\u00e1tica de huevos de codorniz Ahorre tiempo para elaborar sus platos y tapas, con esta peladora autom\u00e1tica ARCPAH1 tan solo tendr\u00e1 que presionar un bot\u00f3n para obtener un producto limpio y sin cortes.  M\u00e1quina profesional para pelar huevos de codorniz ARC, hecha de acero inoxidable 304 premium, es duradera y segura de usar. Puede pelar huevos con alta eficiencia y con poca rotura. Salida de hasta 60 kg \/ h, reduce significativamente el tiempo de pelado manual. El tama\u00f1o es peque\u00f1o, conveniente para mover y transportar. Adecuado para hoteles, restaurantes, bar e industria de catering. Garant\u00eda\u00a0ARC 2 A\u00d1OS motor m\u00e1s eficiente bajo consumo 18w soporte t\u00e9cnico\u00a0incluido.","og_url":"https:\/\/jagdesd.tempurl.host\/bg\/producto\/peladora-automatica-de-huevos-de-codorniz\/","og_site_name":"distribuci\u00f3n ARC","article_modified_time":"2020-09-27T10:27:06+00:00","og_image":[{"width":1600,"height":1600,"url":"https:\/\/distribucionarc.com\/wp-content\/uploads\/2020\/07\/Peladora-autom\u00e1tica-de-huevos-de-codorniz-0.jpg","type":"image\/jpeg"}],"twitter_card":"summary_large_image","twitter_misc":{"Est. reading time":"1 minut\u0117"},"schema":{"@context":"https:\/\/schema.org","@graph":[{"@type":"WebPage","@id":"https:\/\/jagdesd.tempurl.host\/bg\/producto\/peladora-automatica-de-huevos-de-codorniz\/","url":"https:\/\/jagdesd.tempurl.host\/bg\/producto\/peladora-automatica-de-huevos-de-codorniz\/","name":"Automatinis putpeli\u0173 kiau\u0161ini\u0173 skustukas - ARC paskirstymas","isPartOf":{"@id":"https:\/\/distribucionarc.com\/ar\/#website"},"primaryImageOfPage":{"@id":"https:\/\/jagdesd.tempurl.host\/bg\/producto\/peladora-automatica-de-huevos-de-codorniz\/#primaryimage"},"image":{"@id":"https:\/\/jagdesd.tempurl.host\/bg\/producto\/peladora-automatica-de-huevos-de-codorniz\/#primaryimage"},"thumbnailUrl":"https:\/\/distribucionarc.com\/wp-content\/uploads\/2020\/07\/Peladora-autom\u00e1tica-de-huevos-de-codorniz-0.jpg","datePublished":"2020-07-28T10:31:20+00:00","dateModified":"2020-09-27T10:27:06+00:00","breadcrumb":{"@id":"https:\/\/jagdesd.tempurl.host\/bg\/producto\/peladora-automatica-de-huevos-de-codorniz\/#breadcrumb"},"inLanguage":"lt-LT","potentialAction":[{"@type":"ReadAction","target":["https:\/\/jagdesd.tempurl.host\/bg\/producto\/peladora-automatica-de-huevos-de-codorniz\/"]}]},{"@type":"ImageObject","inLanguage":"lt-LT","@id":"https:\/\/jagdesd.tempurl.host\/bg\/producto\/peladora-automatica-de-huevos-de-codorniz\/#primaryimage","url":"https:\/\/distribucionarc.com\/wp-content\/uploads\/2020\/07\/Peladora-autom\u00e1tica-de-huevos-de-codorniz-0.jpg","contentUrl":"https:\/\/distribucionarc.com\/wp-content\/uploads\/2020\/07\/Peladora-autom\u00e1tica-de-huevos-de-codorniz-0.jpg","width":1600,"height":1600,"caption":"Peladora autom\u00e1tica de huevos de codorniz"},{"@type":"BreadcrumbList","@id":"https:\/\/jagdesd.tempurl.host\/bg\/producto\/peladora-automatica-de-huevos-de-codorniz\/#breadcrumb","itemListElement":[{"@type":"ListItem","position":1,"name":"Portada","item":"https:\/\/www.distribucionarc.com\/pt\/"},{"@type":"ListItem","position":2,"name":"Produtos","item":"https:\/\/www.distribucionarc.com\/pt\/shop\/"},{"@type":"ListItem","position":3,"name":"Peladora autom\u00e1tica de huevos de codorniz"}]},{"@type":"WebSite","@id":"https:\/\/distribucionarc.com\/ar\/#website","url":"https:\/\/distribucionarc.com\/ar\/","name":"ARC paskirstymas","description":"\u012emon\u0117 specializuojasi pramonini\u0173 ma\u0161in\u0173, skardini\u0173 sandarinimo ma\u0161in\u0173, table\u010di\u0173 gamybos ma\u0161in\u0173, m\u0117sos pjaustymo ma\u0161in\u0173 gamyboje ir platinime...","publisher":{"@id":"https:\/\/distribucionarc.com\/ar\/#organization"},"potentialAction":[{"@type":"SearchAction","target":{"@type":"EntryPoint","urlTemplate":"https:\/\/distribucionarc.com\/ar\/?s={search_term_string}"},"query-input":{"@type":"PropertyValueSpecification","valueRequired":true,"valueName":"search_term_string"}}],"inLanguage":"lt-LT"},{"@type":"Organization","@id":"https:\/\/distribucionarc.com\/ar\/#organization","name":"ARC platinimas","url":"https:\/\/distribucionarc.com\/ar\/","logo":{"@type":"ImageObject","inLanguage":"lt-LT","@id":"https:\/\/distribucionarc.com\/ar\/#\/schema\/logo\/image\/","url":"https:\/\/distribucionarc.com\/wp-content\/uploads\/2024\/10\/distribucion-ARC-COLOR-SIN-FONDO-e1732295305345.png","contentUrl":"https:\/\/distribucionarc.com\/wp-content\/uploads\/2024\/10\/distribucion-ARC-COLOR-SIN-FONDO-e1732295305345.png","width":1164,"height":558,"caption":"Distribuci\u00f3n ARC"},"image":{"@id":"https:\/\/distribucionarc.com\/ar\/#\/schema\/logo\/image\/"},"description":"\u012emon\u0117 specializuojasi maisto ir farmacijos sektoriams skirt\u0173 pramonini\u0173 ma\u0161in\u0173 gamyboje ir platinime. M\u016bs\u0173 specializacija: M\u0117sos pjaustymo ma\u0161inos Table\u010di\u0173 gamyba Pramonin\u0117s transportavimo sistemos I\u0161pilstymo linijos Dozatoriai Ir dar daugiau... Si\u016blome novatori\u0161kus ir individualiems poreikiams pritaikytus sprendimus, kad optimizuotume j\u016bs\u0173 \u012fmon\u0117s gamybos procesus.","email":"Admistracion@distribucionarc.com","telephone":"+34 643496664","legalName":"ARC TECH SOLUTIONS","foundingDate":"2024-04-09","vatID":"B55480172","numberOfEmployees":{"@type":"QuantitativeValue","minValue":"1","maxValue":"10"}}]}},"_links":{"self":[{"href":"https:\/\/distribucionarc.com\/lt\/wp-json\/wp\/v2\/product\/1612","targetHints":{"allow":["GET"]}}],"collection":[{"href":"https:\/\/distribucionarc.com\/lt\/wp-json\/wp\/v2\/product"}],"about":[{"href":"https:\/\/distribucionarc.com\/lt\/wp-json\/wp\/v2\/types\/product"}],"replies":[{"embeddable":true,"href":"https:\/\/distribucionarc.com\/lt\/wp-json\/wp\/v2\/comments?post=1612"}],"version-history":[{"count":0,"href":"https:\/\/distribucionarc.com\/lt\/wp-json\/wp\/v2\/product\/1612\/revisions"}],"wp:featuredmedia":[{"embeddable":true,"href":"https:\/\/distribucionarc.com\/lt\/wp-json\/wp\/v2\/media\/1619"}],"wp:attachment":[{"href":"https:\/\/distribucionarc.com\/lt\/wp-json\/wp\/v2\/media?parent=1612"}],"wp:term":[{"taxonomy":"product_brand","embeddable":true,"href":"https:\/\/distribucionarc.com\/lt\/wp-json\/wp\/v2\/product_brand?post=1612"},{"taxonomy":"product_cat","embeddable":true,"href":"https:\/\/distribucionarc.com\/lt\/wp-json\/wp\/v2\/product_cat?post=1612"},{"taxonomy":"product_tag","embeddable":true,"href":"https:\/\/distribucionarc.com\/lt\/wp-json\/wp\/v2\/product_tag?post=1612"}],"curies":[{"name":"wp","href":"https:\/\/api.w.org\/{rel}","templated":true}]}}