{"id":1641,"date":"2020-07-28T16:23:12","date_gmt":"2020-07-28T16:23:12","guid":{"rendered":"https:\/\/distribucionarc.com\/?post_type=product&#038;p=1641"},"modified":"2020-09-27T16:40:39","modified_gmt":"2020-09-27T16:40:39","slug":"kukuruzu-spragesiu-masina","status":"publish","type":"product","link":"https:\/\/distribucionarc.com\/lt\/producto\/maquina-para-palomitas\/","title":{"rendered":"Sprag\u0117si\u0173 aparatas"},"content":{"rendered":"<h3>Sprag\u0117si\u0173 aparatas<\/h3>\n<p>The\u00a0<strong>sprag\u0117si\u0173 gamintojas<\/strong>\u00a0Jis daugiausia pagamintas i\u0161 auk\u0161tos kokyb\u0117s ner\u016bdijan\u010dio plieno, tod\u0117l j\u012f labai lengva valyti ir veiksmingai apsaugoti nuo korozijos. Be to,\u00a0<strong>puodo teflonin\u0117 danga<\/strong>\u00a0Tai neleid\u017eia sprag\u0117siams apskrusti ar sudeginti. Puodo skersmuo 18,5 cm<\/p>\n<p>Plok\u0161t\u0117s yra\u00a0<strong>pagamintas i\u0161 gr\u016bdinto stiklo<\/strong>. \u012evykus nelaimei, jie suyra \u012f ma\u017eus gabal\u0117lius, o ne suskyla. The\u00a0<strong>sprag\u0117si\u0173 ma\u0161ina\u00a0<span style=\"color: #ff0000;\">KAM<span style=\"color: #0000ff;\">R<\/span><\/span>c<\/strong> Jame yra trys perjungimo jungikliai, esantys ant ma\u017e\u0173 dur\u0173. Nor\u0117dami valdyti temperat\u016br\u0105, \u012fjunkite aparat\u0105 ir mai\u0161ymo funkcij\u0105.<\/p>\n<p>The\u00a0<strong>sprag\u0117si\u0173 ma\u0161ina\u00a0<span style=\"color: #ff0000;\">KAM<\/span><span style=\"color: #0000ff;\">R<\/span>CMPC02<\/strong>\u00a0Jis veikia su 1350 vat\u0173 ir d\u0117l didel\u0117s galios bei automatinio termostato greitai pasiekia darbin\u0119 temperat\u016br\u0105. garantuotas a\u00a0<span style=\"color: #008000;\"><strong>Didelis darbo efektyvumas ir ma\u017eos energijos s\u0105naudos<\/strong><\/span>. Tokiu b\u016bdu jis gali pagaminti ma\u017edaug 5 kg per valand\u0105.<\/p>\n<h6><strong>Garantija\u00a0<span style=\"color: #ff0000;\">KAM<\/span><span style=\"color: #0000ff;\">R<\/span>c<\/strong><strong>\u00a02 METAI<\/strong><\/h6>\n<h6><span style=\"color: #008000;\"><strong>Efektyvi sprag\u0117si\u0173 ma\u0161ina, ma\u017eos s\u0105naudos 1350w<\/strong><\/span><\/h6>\n<h6><strong>\u012ftraukta technin\u0117 pagalba<\/strong><\/h6>\n<p>&nbsp;<\/p>\n<table role=\"presentation\" width=\"100%\" cellspacing=\"0\" cellpadding=\"0\">\n<tbody>\n<tr>\n<td class=\"attrLabels\">Gamintojo numeris:<\/td>\n<td width=\"50.0%\">ARCMC02<\/td>\n<\/tr>\n<tr>\n<td class=\"attrLabels\">Platinimo \u0161alis:<\/td>\n<td width=\"50.0%\">Ispanija, Vokietija, JAV<\/td>\n<td class=\"attrLabels\">Svoris:<\/td>\n<td width=\"50.0%\">22 kg<\/td>\n<\/tr>\n<tr>\n<td class=\"attrLabels\">Prekinis \u017eenklas:<\/td>\n<td width=\"50.0%\">ARC<\/td>\n<td class=\"attrLabels\">Auk\u0161tas:<\/td>\n<td width=\"50.0%\">75 cm<\/td>\n<\/tr>\n<tr>\n<td class=\"attrLabels\">Spalva:<\/td>\n<td width=\"50.0%\">Ro\u017ein\u0117<\/td>\n<td class=\"attrLabels\">Ilgas:<\/td>\n<td width=\"50.0%\">56 cm<\/td>\n<\/tr>\n<tr>\n<td class=\"attrLabels\">Produkto tipas:<\/td>\n<td width=\"50.0%\">Sprag\u0117si\u0173 aparatas su ve\u017eim\u0117liu<\/td>\n<td class=\"attrLabels\">Platus:<\/td>\n<td width=\"50.0%\">52 cm<\/td>\n<\/tr>\n<tr>\n<td class=\"attrLabels\">Puodo matmenys:<\/td>\n<td width=\"50.0%\">223 g<\/td>\n<td class=\"attrLabels\">Galia:<\/td>\n<td width=\"50.0%\">1350W<\/td>\n<\/tr>\n<tr>\n<td class=\"attrLabels\">Med\u017eiaga:<\/td>\n<td width=\"50.0%\">maistui saugus ner\u016bdijantis plienas<\/td>\n<td class=\"attrLabels\">\u012etampa:<\/td>\n<td width=\"50.0%\">220V \u2013 60Hz<\/td>\n<\/tr>\n<tr>\n<td class=\"attrLabels\">Ma\u0161inos matmenys:<\/td>\n<td width=\"50.0%\">56x52x75 cm<\/td>\n<td class=\"attrLabels\">Geb\u0117jimas:<\/td>\n<td width=\"50.0%\">16L<\/td>\n<\/tr>\n<tr>\n<td class=\"attrLabels\">Montavimo \u012frankiai:<\/td>\n<td width=\"50.0%\">Taip<\/td>\n<td class=\"attrLabels\">Gamyba:<\/td>\n<td width=\"50.0%\">50 kg per valand\u0105<\/td>\n<\/tr>\n<\/tbody>\n<\/table>\n<p>&nbsp;<\/p>","protected":false},"excerpt":{"rendered":"<h2>Sprag\u0117si\u0173 aparatas<\/h2>\n<p>Pasinaudokite<strong>\u00a0sprag\u0117si\u0173 ma\u0161ina\u00a0<span style=\"color: #ff0000;\">KAM<\/span><span style=\"color: #0000ff;\">R<\/span>CMPC02<\/strong>\u00a0ir leiskite save \u012ftikinti puikia skonio patirtimi kino teatruose, turguose ar festivaliuose!<\/p>\n<p>Ma\u0161ina\u00a0<strong>sprag\u0117si\u0173 kukur\u016bz\u0173\u00a0<span style=\"color: #ff0000;\">KAM<\/span><span style=\"color: #0000ff;\">R<\/span>c<\/strong> Jis buvo specialiai sukurtas profesionaliam naudojimui gastronomijoje ir yra gana patrauklus. Jis stebina ne tik linksmu dizainu, ry\u0161kia raudona spalva ir emaliuotu stogu, bet ir \u0161ildoma bei ap\u0161viesta kamera, mai\u0161ymo sistema ir automatiniu termostatu.<\/p>\n<h6><strong>Garantija<span style=\"color: #ff0000;\">\u00a0KAM<\/span><span style=\"color: #0000ff;\">R<\/span>c<\/strong><strong>\u00a02 METAI<\/strong><\/h6>\n<h6><span style=\"color: #008000;\"><strong>Efektyvi sprag\u0117si\u0173 ma\u0161ina, ma\u017eos s\u0105naudos 1350w<\/strong><\/span><\/h6>\n<h6><strong>\u012ftraukta technin\u0117 pagalba<\/strong><\/h6>","protected":false},"featured_media":1630,"comment_status":"open","ping_status":"closed","template":"","meta":{"wds_primary_product_brand":0,"wds_primary_product_cat":0},"product_brand":[],"product_cat":[56],"product_tag":[],"class_list":{"0":"post-1641","1":"product","2":"type-product","3":"status-publish","4":"has-post-thumbnail","6":"product_cat-maquinaria-para-ferias","7":"product_shipping_class-hosteleria","9":"first","10":"instock","11":"sale","12":"taxable","13":"shipping-taxable","14":"purchasable","15":"product-type-simple"},"yoast_head":"<!-- This site is optimized with the Yoast SEO Premium plugin v24.9 (Yoast SEO v26.1) - https:\/\/yoast.com\/wordpress\/plugins\/seo\/ -->\n<title>Maquina para palomitas - distribuci\u00f3n ARC<\/title>\n<meta name=\"robots\" content=\"index, follow, max-snippet:-1, max-image-preview:large, max-video-preview:-1\" \/>\n<link rel=\"canonical\" href=\"https:\/\/www.distribucionarc.com\/hr\/producto\/maquina-para-palomitas\/\" \/>\n<meta property=\"og:locale\" content=\"lt_LT\" \/>\n<meta property=\"og:type\" content=\"article\" \/>\n<meta property=\"og:title\" content=\"Maquina para palomitas\" \/>\n<meta property=\"og:description\" content=\"Maquina para palomitas Saca partido a la\u00a0m\u00e1quina de palomitas\u00a0ARCMPC02\u00a0y d\u00e9jate convencer por una excelente experiencia de sabor, \u00a1ya sea en cines, mercadillos o festivales!  La m\u00e1quina de\u00a0palomitas de ma\u00edz\u00a0ARC ha sido especialmente dise\u00f1ada para el uso profesional en gastronom\u00eda y resulta toda una atracci\u00f3n. No solo impresiona por su dise\u00f1o alegre, el llamativo color rojo, y techo esmaltado, sino tambi\u00e9n por su c\u00e1mara calefactada e iluminada, sistema de agitaci\u00f3n y termostato autom\u00e1tico. Garant\u00eda\u00a0ARC\u00a02 A\u00d1OS M\u00e1quina de palomitas eficiente, bajo consumo 1350w soporte t\u00e9cnico incluido\" \/>\n<meta property=\"og:url\" content=\"https:\/\/www.distribucionarc.com\/hr\/producto\/maquina-para-palomitas\/\" \/>\n<meta property=\"og:site_name\" content=\"distribuci\u00f3n ARC\" \/>\n<meta property=\"article:modified_time\" content=\"2020-09-27T16:40:39+00:00\" \/>\n<meta property=\"og:image\" content=\"https:\/\/distribucionarc.com\/wp-content\/uploads\/2020\/07\/M\u00e1quina-para-palomitas-con-carro-1.jpg\" \/>\n\t<meta property=\"og:image:width\" content=\"1600\" \/>\n\t<meta property=\"og:image:height\" content=\"1600\" \/>\n\t<meta property=\"og:image:type\" content=\"image\/jpeg\" \/>\n<meta name=\"twitter:card\" content=\"summary_large_image\" \/>\n<meta name=\"twitter:label1\" content=\"Est. reading time\" \/>\n\t<meta name=\"twitter:data1\" content=\"1 minut\u0117\" \/>\n<script type=\"application\/ld+json\" class=\"yoast-schema-graph\">{\"@context\":\"https:\/\/schema.org\",\"@graph\":[{\"@type\":\"WebPage\",\"@id\":\"https:\/\/www.distribucionarc.com\/hr\/producto\/maquina-para-palomitas\/\",\"url\":\"https:\/\/www.distribucionarc.com\/hr\/producto\/maquina-para-palomitas\/\",\"name\":\"Maquina para palomitas - distribuci\u00f3n ARC\",\"isPartOf\":{\"@id\":\"https:\/\/distribucionarc.com\/bg\/#website\"},\"primaryImageOfPage\":{\"@id\":\"https:\/\/www.distribucionarc.com\/hr\/producto\/maquina-para-palomitas\/#primaryimage\"},\"image\":{\"@id\":\"https:\/\/www.distribucionarc.com\/hr\/producto\/maquina-para-palomitas\/#primaryimage\"},\"thumbnailUrl\":\"https:\/\/distribucionarc.com\/wp-content\/uploads\/2020\/07\/M\u00e1quina-para-palomitas-con-carro-1.jpg\",\"datePublished\":\"2020-07-28T16:23:12+00:00\",\"dateModified\":\"2020-09-27T16:40:39+00:00\",\"breadcrumb\":{\"@id\":\"https:\/\/www.distribucionarc.com\/hr\/producto\/maquina-para-palomitas\/#breadcrumb\"},\"inLanguage\":\"lt-LT\",\"potentialAction\":[{\"@type\":\"ReadAction\",\"target\":[\"https:\/\/www.distribucionarc.com\/hr\/producto\/maquina-para-palomitas\/\"]}]},{\"@type\":\"ImageObject\",\"inLanguage\":\"lt-LT\",\"@id\":\"https:\/\/www.distribucionarc.com\/hr\/producto\/maquina-para-palomitas\/#primaryimage\",\"url\":\"https:\/\/distribucionarc.com\/wp-content\/uploads\/2020\/07\/M\u00e1quina-para-palomitas-con-carro-1.jpg\",\"contentUrl\":\"https:\/\/distribucionarc.com\/wp-content\/uploads\/2020\/07\/M\u00e1quina-para-palomitas-con-carro-1.jpg\",\"width\":1600,\"height\":1600,\"caption\":\"M\u00e1quina para palomitas\"},{\"@type\":\"BreadcrumbList\",\"@id\":\"https:\/\/www.distribucionarc.com\/hr\/producto\/maquina-para-palomitas\/#breadcrumb\",\"itemListElement\":[{\"@type\":\"ListItem\",\"position\":1,\"name\":\"Portada\",\"item\":\"https:\/\/distribucionarc.com\/nb\/\"},{\"@type\":\"ListItem\",\"position\":2,\"name\":\"Products\",\"item\":\"https:\/\/www.distribucionarc.com\/en\/shop\/\"},{\"@type\":\"ListItem\",\"position\":3,\"name\":\"Maquina para palomitas\"}]},{\"@type\":\"WebSite\",\"@id\":\"https:\/\/distribucionarc.com\/bg\/#website\",\"url\":\"https:\/\/distribucionarc.com\/bg\/\",\"name\":\"distribuci\u00f3n ARC\",\"description\":\"Empresa especializada en la fabricaci\u00f3n y distribuci\u00f3n de maquinaria industrial, selladoras de latas, Maquinas de hacer pastillas, Maquinas de cortar carne...\",\"publisher\":{\"@id\":\"https:\/\/distribucionarc.com\/bg\/#organization\"},\"potentialAction\":[{\"@type\":\"SearchAction\",\"target\":{\"@type\":\"EntryPoint\",\"urlTemplate\":\"https:\/\/distribucionarc.com\/bg\/?s={search_term_string}\"},\"query-input\":{\"@type\":\"PropertyValueSpecification\",\"valueRequired\":true,\"valueName\":\"search_term_string\"}}],\"inLanguage\":\"lt-LT\"},{\"@type\":\"Organization\",\"@id\":\"https:\/\/distribucionarc.com\/bg\/#organization\",\"name\":\"Distribuci\u00f3n ARC\",\"url\":\"https:\/\/distribucionarc.com\/bg\/\",\"logo\":{\"@type\":\"ImageObject\",\"inLanguage\":\"lt-LT\",\"@id\":\"https:\/\/distribucionarc.com\/bg\/#\/schema\/logo\/image\/\",\"url\":\"https:\/\/distribucionarc.com\/wp-content\/uploads\/2024\/10\/distribucion-ARC-COLOR-SIN-FONDO-e1732295305345.png\",\"contentUrl\":\"https:\/\/distribucionarc.com\/wp-content\/uploads\/2024\/10\/distribucion-ARC-COLOR-SIN-FONDO-e1732295305345.png\",\"width\":1164,\"height\":558,\"caption\":\"Distribuci\u00f3n ARC\"},\"image\":{\"@id\":\"https:\/\/distribucionarc.com\/bg\/#\/schema\/logo\/image\/\"},\"description\":\"Empresa especializada en la fabricaci\u00f3n y distribuci\u00f3n de maquinaria industrial para los sectores alimentario y farmac\u00e9utico. Nos especializamos en: M\u00e1quinas de cortar carne Fabricaci\u00f3n de comprimidos Sistemas de transporte industrial L\u00edneas de embotellado Dosificadores Y mucho m\u00e1s... Ofrecemos soluciones innovadoras y personalizadas para optimizar los procesos productivos de tu empresa.\",\"email\":\"Admistracion@distribucionarc.com\",\"telephone\":\"+34 643496664\",\"legalName\":\"ARC TECH SOLUTIONS\",\"foundingDate\":\"2024-04-09\",\"vatID\":\"B55480172\",\"numberOfEmployees\":{\"@type\":\"QuantitativeValue\",\"minValue\":\"1\",\"maxValue\":\"10\"}}]}<\/script>\n<!-- \/ Yoast SEO Premium plugin. -->","yoast_head_json":{"title":"Sprag\u0117si\u0173 aparatas \u2013 ARC platinimas","robots":{"index":"index","follow":"follow","max-snippet":"max-snippet:-1","max-image-preview":"max-image-preview:large","max-video-preview":"max-video-preview:-1"},"canonical":"https:\/\/www.distribucionarc.com\/hr\/producto\/maquina-para-palomitas\/","og_locale":"lt_LT","og_type":"article","og_title":"Maquina para palomitas","og_description":"Maquina para palomitas Saca partido a la\u00a0m\u00e1quina de palomitas\u00a0ARCMPC02\u00a0y d\u00e9jate convencer por una excelente experiencia de sabor, \u00a1ya sea en cines, mercadillos o festivales!  La m\u00e1quina de\u00a0palomitas de ma\u00edz\u00a0ARC ha sido especialmente dise\u00f1ada para el uso profesional en gastronom\u00eda y resulta toda una atracci\u00f3n. No solo impresiona por su dise\u00f1o alegre, el llamativo color rojo, y techo esmaltado, sino tambi\u00e9n por su c\u00e1mara calefactada e iluminada, sistema de agitaci\u00f3n y termostato autom\u00e1tico. Garant\u00eda\u00a0ARC\u00a02 A\u00d1OS M\u00e1quina de palomitas eficiente, bajo consumo 1350w soporte t\u00e9cnico incluido","og_url":"https:\/\/www.distribucionarc.com\/hr\/producto\/maquina-para-palomitas\/","og_site_name":"distribuci\u00f3n ARC","article_modified_time":"2020-09-27T16:40:39+00:00","og_image":[{"width":1600,"height":1600,"url":"https:\/\/distribucionarc.com\/wp-content\/uploads\/2020\/07\/M\u00e1quina-para-palomitas-con-carro-1.jpg","type":"image\/jpeg"}],"twitter_card":"summary_large_image","twitter_misc":{"Est. reading time":"1 minut\u0117"},"schema":{"@context":"https:\/\/schema.org","@graph":[{"@type":"WebPage","@id":"https:\/\/www.distribucionarc.com\/hr\/producto\/maquina-para-palomitas\/","url":"https:\/\/www.distribucionarc.com\/hr\/producto\/maquina-para-palomitas\/","name":"Sprag\u0117si\u0173 aparatas \u2013 ARC platinimas","isPartOf":{"@id":"https:\/\/distribucionarc.com\/bg\/#website"},"primaryImageOfPage":{"@id":"https:\/\/www.distribucionarc.com\/hr\/producto\/maquina-para-palomitas\/#primaryimage"},"image":{"@id":"https:\/\/www.distribucionarc.com\/hr\/producto\/maquina-para-palomitas\/#primaryimage"},"thumbnailUrl":"https:\/\/distribucionarc.com\/wp-content\/uploads\/2020\/07\/M\u00e1quina-para-palomitas-con-carro-1.jpg","datePublished":"2020-07-28T16:23:12+00:00","dateModified":"2020-09-27T16:40:39+00:00","breadcrumb":{"@id":"https:\/\/www.distribucionarc.com\/hr\/producto\/maquina-para-palomitas\/#breadcrumb"},"inLanguage":"lt-LT","potentialAction":[{"@type":"ReadAction","target":["https:\/\/www.distribucionarc.com\/hr\/producto\/maquina-para-palomitas\/"]}]},{"@type":"ImageObject","inLanguage":"lt-LT","@id":"https:\/\/www.distribucionarc.com\/hr\/producto\/maquina-para-palomitas\/#primaryimage","url":"https:\/\/distribucionarc.com\/wp-content\/uploads\/2020\/07\/M\u00e1quina-para-palomitas-con-carro-1.jpg","contentUrl":"https:\/\/distribucionarc.com\/wp-content\/uploads\/2020\/07\/M\u00e1quina-para-palomitas-con-carro-1.jpg","width":1600,"height":1600,"caption":"M\u00e1quina para palomitas"},{"@type":"BreadcrumbList","@id":"https:\/\/www.distribucionarc.com\/hr\/producto\/maquina-para-palomitas\/#breadcrumb","itemListElement":[{"@type":"ListItem","position":1,"name":"Portada","item":"https:\/\/distribucionarc.com\/nb\/"},{"@type":"ListItem","position":2,"name":"Products","item":"https:\/\/www.distribucionarc.com\/en\/shop\/"},{"@type":"ListItem","position":3,"name":"Maquina para palomitas"}]},{"@type":"WebSite","@id":"https:\/\/distribucionarc.com\/bg\/#website","url":"https:\/\/distribucionarc.com\/bg\/","name":"ARC paskirstymas","description":"\u012emon\u0117 specializuojasi pramonini\u0173 ma\u0161in\u0173, skardini\u0173 sandarinimo ma\u0161in\u0173, table\u010di\u0173 gamybos ma\u0161in\u0173, m\u0117sos pjaustymo ma\u0161in\u0173 gamyboje ir platinime...","publisher":{"@id":"https:\/\/distribucionarc.com\/bg\/#organization"},"potentialAction":[{"@type":"SearchAction","target":{"@type":"EntryPoint","urlTemplate":"https:\/\/distribucionarc.com\/bg\/?s={search_term_string}"},"query-input":{"@type":"PropertyValueSpecification","valueRequired":true,"valueName":"search_term_string"}}],"inLanguage":"lt-LT"},{"@type":"Organization","@id":"https:\/\/distribucionarc.com\/bg\/#organization","name":"ARC platinimas","url":"https:\/\/distribucionarc.com\/bg\/","logo":{"@type":"ImageObject","inLanguage":"lt-LT","@id":"https:\/\/distribucionarc.com\/bg\/#\/schema\/logo\/image\/","url":"https:\/\/distribucionarc.com\/wp-content\/uploads\/2024\/10\/distribucion-ARC-COLOR-SIN-FONDO-e1732295305345.png","contentUrl":"https:\/\/distribucionarc.com\/wp-content\/uploads\/2024\/10\/distribucion-ARC-COLOR-SIN-FONDO-e1732295305345.png","width":1164,"height":558,"caption":"Distribuci\u00f3n ARC"},"image":{"@id":"https:\/\/distribucionarc.com\/bg\/#\/schema\/logo\/image\/"},"description":"\u012emon\u0117 specializuojasi maisto ir farmacijos sektoriams skirt\u0173 pramonini\u0173 ma\u0161in\u0173 gamyboje ir platinime. M\u016bs\u0173 specializacija: M\u0117sos pjaustymo ma\u0161inos Table\u010di\u0173 gamyba Pramonin\u0117s transportavimo sistemos I\u0161pilstymo linijos Dozatoriai Ir dar daugiau... Si\u016blome novatori\u0161kus ir individualiems poreikiams pritaikytus sprendimus, kad optimizuotume j\u016bs\u0173 \u012fmon\u0117s gamybos procesus.","email":"Admistracion@distribucionarc.com","telephone":"+34 643496664","legalName":"ARC TECH SOLUTIONS","foundingDate":"2024-04-09","vatID":"B55480172","numberOfEmployees":{"@type":"QuantitativeValue","minValue":"1","maxValue":"10"}}]}},"_links":{"self":[{"href":"https:\/\/distribucionarc.com\/lt\/wp-json\/wp\/v2\/product\/1641","targetHints":{"allow":["GET"]}}],"collection":[{"href":"https:\/\/distribucionarc.com\/lt\/wp-json\/wp\/v2\/product"}],"about":[{"href":"https:\/\/distribucionarc.com\/lt\/wp-json\/wp\/v2\/types\/product"}],"replies":[{"embeddable":true,"href":"https:\/\/distribucionarc.com\/lt\/wp-json\/wp\/v2\/comments?post=1641"}],"version-history":[{"count":0,"href":"https:\/\/distribucionarc.com\/lt\/wp-json\/wp\/v2\/product\/1641\/revisions"}],"wp:featuredmedia":[{"embeddable":true,"href":"https:\/\/distribucionarc.com\/lt\/wp-json\/wp\/v2\/media\/1630"}],"wp:attachment":[{"href":"https:\/\/distribucionarc.com\/lt\/wp-json\/wp\/v2\/media?parent=1641"}],"wp:term":[{"taxonomy":"product_brand","embeddable":true,"href":"https:\/\/distribucionarc.com\/lt\/wp-json\/wp\/v2\/product_brand?post=1641"},{"taxonomy":"product_cat","embeddable":true,"href":"https:\/\/distribucionarc.com\/lt\/wp-json\/wp\/v2\/product_cat?post=1641"},{"taxonomy":"product_tag","embeddable":true,"href":"https:\/\/distribucionarc.com\/lt\/wp-json\/wp\/v2\/product_tag?post=1641"}],"curies":[{"name":"wp","href":"https:\/\/api.w.org\/{rel}","templated":true}]}}