{"id":1656,"date":"2020-07-29T10:18:14","date_gmt":"2020-07-29T10:18:14","guid":{"rendered":"https:\/\/distribucionarc.com\/?post_type=product&#038;p=1656"},"modified":"2020-10-21T09:34:08","modified_gmt":"2020-10-21T09:34:08","slug":"vaisiu-ir-darzoviu-smulkintuvas","status":"publish","type":"product","link":"https:\/\/distribucionarc.com\/lt\/producto\/trituradora-de-frutas-y-verduras\/","title":{"rendered":"Vaisi\u0173 ir dar\u017eovi\u0173 smulkintuvas"},"content":{"rendered":"<h3>Vaisi\u0173 ir dar\u017eovi\u0173 smulkintuvas<\/h3>\n<p>Tai <strong>smulkintuvas pomidor\u0173 pada\u017eui gaminti<\/strong> Jis pagamintas i\u0161 ner\u016bdijan\u010dio plieno. Visos dalys, kurios lie\u010diasi su maistu, yra pagamintos i\u0161 auk\u0161\u010diausios maisto kokyb\u0117s 304 ner\u016bdijan\u010dio plieno.<\/p>\n<p>Tai<strong> pada\u017eo gaminimo ma\u0161ina <span style=\"color: #ff0000;\">KAM<\/span><span style=\"color: #0000ff;\">R<\/span>c<\/strong> Jis naudoja tarptautin\u012f 300 W gryno vario varikl\u012f su ner\u016bdijan\u010dio plieno i\u0161oriniu korpusu, kuris yra daug patvaresnis, palyginti su atvirais varikliais. Be to<span style=\"color: #008000;\"><strong> skatinti ma\u017e\u0105 energijos suvartojim\u0105<\/strong><\/span>.<\/p>\n<p>Jis <strong>pomidor\u0173 perdirb\u0117jas <span style=\"color: #ff0000;\">KAM<\/span><span style=\"color: #0000ff;\">R<\/span>CTTE1<\/strong>, su didelio skersmens 22 cm piltuvu vienu metu galite d\u0117ti daug vaisi\u0173, toki\u0173 kaip uogos ir pomidorai. Galima reguliuoti tiektuvo kamp\u0105; Tiektuvo spaustukas veiksmingai apsaugo nuo pursl\u0173; raginis filtras efektyviai i\u0161mesti atliekas; Ergonomi\u0161ka rankena patogiam jud\u0117jimui.<\/p>\n<p>\u0160io pomidor\u0173 ir pada\u017e\u0173 sietelio vandeniui atsparumo lygis yra II lygis, tod\u0117l ma\u0161in\u0105 valyti itin paprasta; Su ma\u017eu triuk\u0161mu galite m\u0117gautis gaminimu bet kuriuo metu<\/p>\n<p>Su dideliu \u0161ilumos i\u0161sklaidymo ang\u0173 pavir\u0161iumi, kuris padeda greitai i\u0161sklaidyti \u0161ilum\u0105 ir pailgina \u012frenginio tarnavimo laik\u0105.<strong> vaisi\u0173 ir dar\u017eovi\u0173 perdirb\u0117jas <span style=\"color: #ff0000;\">KAM<\/span><span style=\"color: #0000ff;\">R<\/span>c.<\/strong><\/p>\n<p>&nbsp;<\/p>\n<h6>Garantija<strong>\u00a0<\/strong><span style=\"color: #ff0000;\"><strong>KAM<\/strong><\/span><span style=\"color: #0000ff;\"><strong>R<\/strong><\/span><strong>C 2 METAI<\/strong><\/h6>\n<h6><span style=\"color: #008000;\">efektyviausias variklis ma\u017eos s\u0105naudos 300w<\/span><\/h6>\n<h6>\u012ftraukta technin\u0117 pagalba.<\/h6>\n<p>&nbsp;<\/p>\n<table role=\"presentation\" width=\"100%\" cellspacing=\"0\" cellpadding=\"0\">\n<tbody>\n<tr>\n<td class=\"attrLabels\">Galia:<\/td>\n<td width=\"50.0%\">300W<\/td>\n<\/tr>\n<tr>\n<td class=\"attrLabels\">\u012etampa:<\/td>\n<td width=\"50.0%\">220V 50Hz<\/td>\n<td class=\"attrLabels\">Svoris:<\/td>\n<td width=\"50.0%\">18 kg<\/td>\n<\/tr>\n<tr>\n<td class=\"attrLabels\">Platinimo \u0161alis:<\/td>\n<td width=\"50.0%\">Ispanija, Vokietija, JAV<\/td>\n<td class=\"attrLabels\">Auk\u0161tis:<\/td>\n<td width=\"50.0%\">34,5 cm<\/td>\n<\/tr>\n<tr>\n<td class=\"attrLabels\">Prekinis \u017eenklas:<\/td>\n<td width=\"50.0%\">ARC<\/td>\n<td class=\"attrLabels\">Ilgas:<\/td>\n<td width=\"50.0%\">20 cm<\/td>\n<\/tr>\n<tr>\n<td class=\"attrLabels\">Produkto tipas:<\/td>\n<td width=\"50.0%\">Vaisi\u0173 ir dar\u017eovi\u0173 perdirb\u0117jas<\/td>\n<td class=\"attrLabels\">Platus:<\/td>\n<td width=\"50.0%\">\u00a050 cm<\/td>\n<\/tr>\n<tr>\n<td class=\"attrLabels\">Gamintojo numeris:<\/td>\n<td width=\"50.0%\">ARCTTE1<\/td>\n<td class=\"attrLabels\">Darbo greitis:<\/td>\n<td width=\"50.0%\">\u00a090-160 kg per valand\u0105<\/td>\n<\/tr>\n<tr>\n<td class=\"attrLabels\">Med\u017eiaga:<\/td>\n<td width=\"50.0%\">ner\u016bdijan\u010dio plieno, varinis variklis<\/td>\n<td class=\"attrLabels\">\u012eleidimo skersmuo:<\/td>\n<td width=\"50.0%\">22 cm<\/td>\n<\/tr>\n<tr>\n<td class=\"attrLabels\">Spalva:<\/td>\n<td width=\"50.0%\">Sidabras<\/td>\n<td class=\"attrLabels\">Garantija:<\/td>\n<td width=\"50.0%\">2 METAI<\/td>\n<\/tr>\n<tr>\n<td class=\"attrLabels\">Montavimo \u012frankiai:<\/td>\n<td width=\"50.0%\">Taip<\/td>\n<td class=\"attrLabels\"><\/td>\n<td width=\"50.0%\"><\/td>\n<\/tr>\n<\/tbody>\n<\/table>\n<p>&nbsp;<\/p>\n<p>&nbsp;<\/p>","protected":false},"excerpt":{"rendered":"<h2>Vaisi\u0173 ir dar\u017eovi\u0173 smulkintuvas<\/h2>\n<p>Tai <strong>pomidor\u0173 smulkintuvas <span style=\"color: #ff0000;\">KAM<\/span><span style=\"color: #0000ff;\">R<\/span>CTTE1<\/strong> Idealiai tinka gaminant savo pada\u017eus ir uogienes, vos vienu mygtuku gausite \u0161vie\u017ei\u0105 ir skan\u0173 produkt\u0105.<\/p>\n<p><strong>maisto smulkintuvas<span style=\"color: #ff0000;\"> KAM<\/span><span style=\"color: #0000ff;\">R<\/span>c<\/strong> Komercinis, pagamintas i\u0161 ner\u016bdijan\u010dio plieno, j\u012f lengva surinkti ir valyti. Jis naudoja tarptautin\u012f gryno vario varikl\u012f su ner\u016bdijan\u010dio plieno i\u0161oriniu korpusu, kad padidint\u0173 jo ilgaam\u017ei\u0161kum\u0105. Didelio skersmens piltuvas leid\u017eia lengvai pamaitinti pakankamai vaisi\u0173. Puikiai tinka \u012fvairi\u0173 skoni\u0173 uogien\u0117ms gaminti.<\/p>\n<h6>Garantija<strong>\u00a0<\/strong><span style=\"color: #ff0000;\"><strong>KAM<\/strong><\/span><span style=\"color: #0000ff;\"><strong>R<\/strong><\/span><strong>C 2 METAI<\/strong><\/h6>\n<h6><span style=\"color: #008000;\">efektyviausias variklis ma\u017eos s\u0105naudos 300w<\/span><\/h6>\n<h6>\u012ftraukta technin\u0117 pagalba.<\/h6>\n<h6><\/h6>","protected":false},"featured_media":1663,"comment_status":"open","ping_status":"closed","template":"","meta":{"wds_primary_product_brand":0,"wds_primary_product_cat":0},"product_brand":[],"product_cat":[43,55],"product_tag":[],"class_list":{"0":"post-1656","1":"product","2":"type-product","3":"status-publish","4":"has-post-thumbnail","6":"product_cat-cortadoras-de-alimentos","7":"product_cat-extractor-prensa-de-aceites","8":"product_shipping_class-hosteleria","10":"first","11":"instock","12":"sale","13":"taxable","14":"shipping-taxable","15":"purchasable","16":"product-type-simple"},"yoast_head":"<!-- This site is optimized with the Yoast SEO Premium plugin v24.9 (Yoast SEO v26.1) - https:\/\/yoast.com\/wordpress\/plugins\/seo\/ -->\n<title>Trituradora de frutas y verduras - distribuci\u00f3n ARC<\/title>\n<meta name=\"robots\" content=\"index, follow, max-snippet:-1, max-image-preview:large, max-video-preview:-1\" \/>\n<link rel=\"canonical\" href=\"https:\/\/distribucionarc.com\/lt\/produktas\/vaisiu-ir-darzoviu-smulkintuvas\/\" \/>\n<meta property=\"og:locale\" content=\"lt_LT\" \/>\n<meta property=\"og:type\" content=\"article\" \/>\n<meta property=\"og:title\" content=\"Trituradora de frutas y verduras\" \/>\n<meta property=\"og:description\" content=\"Trituradora de frutas y verduras Esta trituradora de tomates ARCTTE1 es la indicada para elaborar tus propias salsas y mermeladas, tan solo con un bot\u00f3n obtendr\u00e1s un producto fresco y sabroso.  Triturador de alimentos ARC comercial, est\u00e1 hecho de acero inoxidable, es f\u00e1cil de ensamblar y limpiar. Adopta un motor internacional de cobre puro con una carcasa exterior de acero inoxidable para favorecer a su durabilidad. El embudo de gran di\u00e1metro facilita la alimentaci\u00f3n suficiente de las frutas. Perfecto para hacer las mermeladas de varios sabores. Garant\u00eda\u00a0ARC 2 A\u00d1OS motor m\u00e1s eficiente bajo consumo 300w soporte t\u00e9cnico\u00a0incluido.\" \/>\n<meta property=\"og:url\" content=\"https:\/\/distribucionarc.com\/lt\/produktas\/vaisiu-ir-darzoviu-smulkintuvas\/\" \/>\n<meta property=\"og:site_name\" content=\"distribuci\u00f3n ARC\" \/>\n<meta property=\"article:modified_time\" content=\"2020-10-21T09:34:08+00:00\" \/>\n<meta property=\"og:image\" content=\"https:\/\/distribucionarc.com\/wp-content\/uploads\/2020\/07\/Trituradora-de-frutas-y-verduras-0.jpg\" \/>\n\t<meta property=\"og:image:width\" content=\"1600\" \/>\n\t<meta property=\"og:image:height\" content=\"1600\" \/>\n\t<meta property=\"og:image:type\" content=\"image\/jpeg\" \/>\n<meta name=\"twitter:card\" content=\"summary_large_image\" \/>\n<meta name=\"twitter:label1\" content=\"Est. reading time\" \/>\n\t<meta name=\"twitter:data1\" content=\"1 minut\u0117\" \/>\n<script type=\"application\/ld+json\" class=\"yoast-schema-graph\">{\"@context\":\"https:\/\/schema.org\",\"@graph\":[{\"@type\":\"WebPage\",\"@id\":\"https:\/\/distribucionarc.com\/sl\/producto\/trituradora-de-frutas-y-verduras\/\",\"url\":\"https:\/\/distribucionarc.com\/sl\/producto\/trituradora-de-frutas-y-verduras\/\",\"name\":\"Trituradora de frutas y verduras - distribuci\u00f3n ARC\",\"isPartOf\":{\"@id\":\"https:\/\/distribucionarc.com\/de\/#website\"},\"primaryImageOfPage\":{\"@id\":\"https:\/\/distribucionarc.com\/sl\/producto\/trituradora-de-frutas-y-verduras\/#primaryimage\"},\"image\":{\"@id\":\"https:\/\/distribucionarc.com\/sl\/producto\/trituradora-de-frutas-y-verduras\/#primaryimage\"},\"thumbnailUrl\":\"https:\/\/distribucionarc.com\/wp-content\/uploads\/2020\/07\/Trituradora-de-frutas-y-verduras-0.jpg\",\"datePublished\":\"2020-07-29T10:18:14+00:00\",\"dateModified\":\"2020-10-21T09:34:08+00:00\",\"breadcrumb\":{\"@id\":\"https:\/\/distribucionarc.com\/sl\/producto\/trituradora-de-frutas-y-verduras\/#breadcrumb\"},\"inLanguage\":\"lt-LT\",\"potentialAction\":[{\"@type\":\"ReadAction\",\"target\":[\"https:\/\/distribucionarc.com\/sl\/producto\/trituradora-de-frutas-y-verduras\/\"]}]},{\"@type\":\"ImageObject\",\"inLanguage\":\"lt-LT\",\"@id\":\"https:\/\/distribucionarc.com\/sl\/producto\/trituradora-de-frutas-y-verduras\/#primaryimage\",\"url\":\"https:\/\/distribucionarc.com\/wp-content\/uploads\/2020\/07\/Trituradora-de-frutas-y-verduras-0.jpg\",\"contentUrl\":\"https:\/\/distribucionarc.com\/wp-content\/uploads\/2020\/07\/Trituradora-de-frutas-y-verduras-0.jpg\",\"width\":1600,\"height\":1600,\"caption\":\"Trituradora de frutas y verduras\"},{\"@type\":\"BreadcrumbList\",\"@id\":\"https:\/\/distribucionarc.com\/sl\/producto\/trituradora-de-frutas-y-verduras\/#breadcrumb\",\"itemListElement\":[{\"@type\":\"ListItem\",\"position\":1,\"name\":\"Portada\",\"item\":\"https:\/\/distribucionarc.com\/pl\/\"},{\"@type\":\"ListItem\",\"position\":2,\"name\":\"Produkty\",\"item\":\"https:\/\/distribucionarc.com\/pl\/shop\/\"},{\"@type\":\"ListItem\",\"position\":3,\"name\":\"Trituradora de frutas y verduras\"}]},{\"@type\":\"WebSite\",\"@id\":\"https:\/\/distribucionarc.com\/de\/#website\",\"url\":\"https:\/\/distribucionarc.com\/de\/\",\"name\":\"distribuci\u00f3n ARC\",\"description\":\"Empresa especializada en la fabricaci\u00f3n y distribuci\u00f3n de maquinaria industrial, selladoras de latas, Maquinas de hacer pastillas, Maquinas de cortar carne...\",\"publisher\":{\"@id\":\"https:\/\/distribucionarc.com\/de\/#organization\"},\"potentialAction\":[{\"@type\":\"SearchAction\",\"target\":{\"@type\":\"EntryPoint\",\"urlTemplate\":\"https:\/\/distribucionarc.com\/de\/?s={search_term_string}\"},\"query-input\":{\"@type\":\"PropertyValueSpecification\",\"valueRequired\":true,\"valueName\":\"search_term_string\"}}],\"inLanguage\":\"lt-LT\"},{\"@type\":\"Organization\",\"@id\":\"https:\/\/distribucionarc.com\/de\/#organization\",\"name\":\"Distribuci\u00f3n ARC\",\"url\":\"https:\/\/distribucionarc.com\/de\/\",\"logo\":{\"@type\":\"ImageObject\",\"inLanguage\":\"lt-LT\",\"@id\":\"https:\/\/distribucionarc.com\/de\/#\/schema\/logo\/image\/\",\"url\":\"https:\/\/distribucionarc.com\/wp-content\/uploads\/2024\/10\/distribucion-ARC-COLOR-SIN-FONDO-e1732295305345.png\",\"contentUrl\":\"https:\/\/distribucionarc.com\/wp-content\/uploads\/2024\/10\/distribucion-ARC-COLOR-SIN-FONDO-e1732295305345.png\",\"width\":1164,\"height\":558,\"caption\":\"Distribuci\u00f3n ARC\"},\"image\":{\"@id\":\"https:\/\/distribucionarc.com\/de\/#\/schema\/logo\/image\/\"},\"description\":\"Empresa especializada en la fabricaci\u00f3n y distribuci\u00f3n de maquinaria industrial para los sectores alimentario y farmac\u00e9utico. Nos especializamos en: M\u00e1quinas de cortar carne Fabricaci\u00f3n de comprimidos Sistemas de transporte industrial L\u00edneas de embotellado Dosificadores Y mucho m\u00e1s... Ofrecemos soluciones innovadoras y personalizadas para optimizar los procesos productivos de tu empresa.\",\"email\":\"Admistracion@distribucionarc.com\",\"telephone\":\"+34 643496664\",\"legalName\":\"ARC TECH SOLUTIONS\",\"foundingDate\":\"2024-04-09\",\"vatID\":\"B55480172\",\"numberOfEmployees\":{\"@type\":\"QuantitativeValue\",\"minValue\":\"1\",\"maxValue\":\"10\"}}]}<\/script>\n<!-- \/ Yoast SEO Premium plugin. -->","yoast_head_json":{"title":"Vaisi\u0173 ir dar\u017eovi\u0173 smulkintuvas \u2013 ARC platinimas","robots":{"index":"index","follow":"follow","max-snippet":"max-snippet:-1","max-image-preview":"max-image-preview:large","max-video-preview":"max-video-preview:-1"},"canonical":"https:\/\/distribucionarc.com\/lt\/produktas\/vaisiu-ir-darzoviu-smulkintuvas\/","og_locale":"lt_LT","og_type":"article","og_title":"Trituradora de frutas y verduras","og_description":"Trituradora de frutas y verduras Esta trituradora de tomates ARCTTE1 es la indicada para elaborar tus propias salsas y mermeladas, tan solo con un bot\u00f3n obtendr\u00e1s un producto fresco y sabroso.  Triturador de alimentos ARC comercial, est\u00e1 hecho de acero inoxidable, es f\u00e1cil de ensamblar y limpiar. Adopta un motor internacional de cobre puro con una carcasa exterior de acero inoxidable para favorecer a su durabilidad. El embudo de gran di\u00e1metro facilita la alimentaci\u00f3n suficiente de las frutas. Perfecto para hacer las mermeladas de varios sabores. Garant\u00eda\u00a0ARC 2 A\u00d1OS motor m\u00e1s eficiente bajo consumo 300w soporte t\u00e9cnico\u00a0incluido.","og_url":"https:\/\/distribucionarc.com\/lt\/produktas\/vaisiu-ir-darzoviu-smulkintuvas\/","og_site_name":"distribuci\u00f3n ARC","article_modified_time":"2020-10-21T09:34:08+00:00","og_image":[{"width":1600,"height":1600,"url":"https:\/\/distribucionarc.com\/wp-content\/uploads\/2020\/07\/Trituradora-de-frutas-y-verduras-0.jpg","type":"image\/jpeg"}],"twitter_card":"summary_large_image","twitter_misc":{"Est. reading time":"1 minut\u0117"},"schema":{"@context":"https:\/\/schema.org","@graph":[{"@type":"WebPage","@id":"https:\/\/distribucionarc.com\/sl\/producto\/trituradora-de-frutas-y-verduras\/","url":"https:\/\/distribucionarc.com\/sl\/producto\/trituradora-de-frutas-y-verduras\/","name":"Vaisi\u0173 ir dar\u017eovi\u0173 smulkintuvas \u2013 ARC platinimas","isPartOf":{"@id":"https:\/\/distribucionarc.com\/de\/#website"},"primaryImageOfPage":{"@id":"https:\/\/distribucionarc.com\/sl\/producto\/trituradora-de-frutas-y-verduras\/#primaryimage"},"image":{"@id":"https:\/\/distribucionarc.com\/sl\/producto\/trituradora-de-frutas-y-verduras\/#primaryimage"},"thumbnailUrl":"https:\/\/distribucionarc.com\/wp-content\/uploads\/2020\/07\/Trituradora-de-frutas-y-verduras-0.jpg","datePublished":"2020-07-29T10:18:14+00:00","dateModified":"2020-10-21T09:34:08+00:00","breadcrumb":{"@id":"https:\/\/distribucionarc.com\/sl\/producto\/trituradora-de-frutas-y-verduras\/#breadcrumb"},"inLanguage":"lt-LT","potentialAction":[{"@type":"ReadAction","target":["https:\/\/distribucionarc.com\/sl\/producto\/trituradora-de-frutas-y-verduras\/"]}]},{"@type":"ImageObject","inLanguage":"lt-LT","@id":"https:\/\/distribucionarc.com\/sl\/producto\/trituradora-de-frutas-y-verduras\/#primaryimage","url":"https:\/\/distribucionarc.com\/wp-content\/uploads\/2020\/07\/Trituradora-de-frutas-y-verduras-0.jpg","contentUrl":"https:\/\/distribucionarc.com\/wp-content\/uploads\/2020\/07\/Trituradora-de-frutas-y-verduras-0.jpg","width":1600,"height":1600,"caption":"Trituradora de frutas y verduras"},{"@type":"BreadcrumbList","@id":"https:\/\/distribucionarc.com\/sl\/producto\/trituradora-de-frutas-y-verduras\/#breadcrumb","itemListElement":[{"@type":"ListItem","position":1,"name":"Portada","item":"https:\/\/distribucionarc.com\/pl\/"},{"@type":"ListItem","position":2,"name":"Produkty","item":"https:\/\/distribucionarc.com\/pl\/shop\/"},{"@type":"ListItem","position":3,"name":"Trituradora de frutas y verduras"}]},{"@type":"WebSite","@id":"https:\/\/distribucionarc.com\/de\/#website","url":"https:\/\/distribucionarc.com\/de\/","name":"ARC paskirstymas","description":"\u012emon\u0117 specializuojasi pramonini\u0173 ma\u0161in\u0173, skardini\u0173 sandarinimo ma\u0161in\u0173, table\u010di\u0173 gamybos ma\u0161in\u0173, m\u0117sos pjaustymo ma\u0161in\u0173 gamyboje ir platinime...","publisher":{"@id":"https:\/\/distribucionarc.com\/de\/#organization"},"potentialAction":[{"@type":"SearchAction","target":{"@type":"EntryPoint","urlTemplate":"https:\/\/distribucionarc.com\/de\/?s={search_term_string}"},"query-input":{"@type":"PropertyValueSpecification","valueRequired":true,"valueName":"search_term_string"}}],"inLanguage":"lt-LT"},{"@type":"Organization","@id":"https:\/\/distribucionarc.com\/de\/#organization","name":"ARC platinimas","url":"https:\/\/distribucionarc.com\/de\/","logo":{"@type":"ImageObject","inLanguage":"lt-LT","@id":"https:\/\/distribucionarc.com\/de\/#\/schema\/logo\/image\/","url":"https:\/\/distribucionarc.com\/wp-content\/uploads\/2024\/10\/distribucion-ARC-COLOR-SIN-FONDO-e1732295305345.png","contentUrl":"https:\/\/distribucionarc.com\/wp-content\/uploads\/2024\/10\/distribucion-ARC-COLOR-SIN-FONDO-e1732295305345.png","width":1164,"height":558,"caption":"Distribuci\u00f3n ARC"},"image":{"@id":"https:\/\/distribucionarc.com\/de\/#\/schema\/logo\/image\/"},"description":"\u012emon\u0117 specializuojasi maisto ir farmacijos sektoriams skirt\u0173 pramonini\u0173 ma\u0161in\u0173 gamyboje ir platinime. M\u016bs\u0173 specializacija: M\u0117sos pjaustymo ma\u0161inos Table\u010di\u0173 gamyba Pramonin\u0117s transportavimo sistemos I\u0161pilstymo linijos Dozatoriai Ir dar daugiau... Si\u016blome novatori\u0161kus ir individualiems poreikiams pritaikytus sprendimus, kad optimizuotume j\u016bs\u0173 \u012fmon\u0117s gamybos procesus.","email":"Admistracion@distribucionarc.com","telephone":"+34 643496664","legalName":"ARC TECH SOLUTIONS","foundingDate":"2024-04-09","vatID":"B55480172","numberOfEmployees":{"@type":"QuantitativeValue","minValue":"1","maxValue":"10"}}]}},"_links":{"self":[{"href":"https:\/\/distribucionarc.com\/lt\/wp-json\/wp\/v2\/product\/1656","targetHints":{"allow":["GET"]}}],"collection":[{"href":"https:\/\/distribucionarc.com\/lt\/wp-json\/wp\/v2\/product"}],"about":[{"href":"https:\/\/distribucionarc.com\/lt\/wp-json\/wp\/v2\/types\/product"}],"replies":[{"embeddable":true,"href":"https:\/\/distribucionarc.com\/lt\/wp-json\/wp\/v2\/comments?post=1656"}],"version-history":[{"count":0,"href":"https:\/\/distribucionarc.com\/lt\/wp-json\/wp\/v2\/product\/1656\/revisions"}],"wp:featuredmedia":[{"embeddable":true,"href":"https:\/\/distribucionarc.com\/lt\/wp-json\/wp\/v2\/media\/1663"}],"wp:attachment":[{"href":"https:\/\/distribucionarc.com\/lt\/wp-json\/wp\/v2\/media?parent=1656"}],"wp:term":[{"taxonomy":"product_brand","embeddable":true,"href":"https:\/\/distribucionarc.com\/lt\/wp-json\/wp\/v2\/product_brand?post=1656"},{"taxonomy":"product_cat","embeddable":true,"href":"https:\/\/distribucionarc.com\/lt\/wp-json\/wp\/v2\/product_cat?post=1656"},{"taxonomy":"product_tag","embeddable":true,"href":"https:\/\/distribucionarc.com\/lt\/wp-json\/wp\/v2\/product_tag?post=1656"}],"curies":[{"name":"wp","href":"https:\/\/api.w.org\/{rel}","templated":true}]}}