{"id":1717,"date":"2020-07-29T19:32:01","date_gmt":"2020-07-29T19:32:01","guid":{"rendered":"https:\/\/distribucionarc.com\/?post_type=product&#038;p=1717"},"modified":"2020-09-29T19:05:23","modified_gmt":"2020-09-29T19:05:23","slug":"elektrinis-lygintuvas-55cm","status":"publish","type":"product","link":"https:\/\/distribucionarc.com\/lt\/producto\/plancha-electrica-55cm\/","title":{"rendered":"Elektrinis lygintuvas 55cm"},"content":{"rendered":"<h3>Elektrinis lygintuvas 55cm<\/h3>\n<p>The\u00a0 <strong>elektrinis lygintuvas<span style=\"color: #ff0000;\"> KAM<\/span><span style=\"color: #0000ff;\">R<\/span>CPE01 <\/strong>Jis turi didel\u012f plok\u0161\u010di\u0105 55 x 35 cm kepimo pavir\u0161i\u0173 ir puikiai tinka \u012fvairi\u0173 r\u016b\u0161i\u0173 maistui ruo\u0161ti vienu metu. 8 mm ketaus plok\u0161t\u0117 \u012fkaista greitai ir tolygiai.<\/p>\n<p>Nuolatin\u0117 temperat\u016bros kontrol\u0117 leid\u017eia reguliuoti temperat\u016br\u0105 pagal \u012fvairi\u0173 maisto produkt\u0173 gaminimo poreikius, svyruoja nuo 50-300 \u2103, su indikatoriais, rodan\u010diais \u0161ildymo b\u016bsen\u0105<\/p>\n<p>Tai <strong>elektrinis lygintuvas <span style=\"color: #ff0000;\">KAM<\/span><span style=\"color: #0000ff;\">R<\/span>c<\/strong> Jis pagamintas su maistiniu ner\u016bdijan\u010dio plieno korpusu ir auk\u0161tos kokyb\u0117s nelipniu ketaus kepimo pavir\u0161iumi, u\u017etikrinan\u010diu puik\u0173 patikimum\u0105 ir ilg\u0105 tarnavimo laik\u0105.<\/p>\n<p>Papildoma apsauga nuo pursl\u0173 abiejose kaitviet\u0117s pus\u0117se ir gale apsaugo naudotojus ir aplinkines sienas nuo kar\u0161t\u0173 riebal\u0173 ir pursl\u0173. Riebal\u0173 stal\u010dius surenka aliej\u0173 ir maisto liku\u010dius, kad juos b\u016bt\u0173 lengva valyti.<\/p>\n<p>V\u0117dinimo angos abiejose pus\u0117se i\u0161sklaido \u0161ilum\u0105 ir padeda griliui palaikyti tinkam\u0105 temperat\u016br\u0105. M\u016bs\u0173 <strong>plok\u0161\u010dias elektrinis grilis<\/strong> Puikiai tinka \u012fvairi\u0173 dar\u017eovi\u0173, vi\u0161tienos, kepsni\u0173, kalmar\u0173, ant groteli\u0173 kepto s\u016brio, blyn\u0173, kiau\u0161inien\u0117s ir kt.<\/p>\n<h6><\/h6>\n<h6><strong>Garantija\u00a0<span style=\"color: #ff0000;\">KAM<\/span><span style=\"color: #0000ff;\">R<\/span>C 2 METAI<\/strong><\/h6>\n<h6><span style=\"color: #008000;\">Efektyvus elektrinis lygintuvas, ma\u017eas suvartojimas 3000w<\/span><\/h6>\n<h6><strong>\u012ftraukta technin\u0117 pagalba<\/strong><\/h6>\n<p>&nbsp;<\/p>\n<table width=\"100%\">\n<tbody>\n<tr>\n<td>Prekinis \u017eenklas:<\/td>\n<td width=\"32%\">ARC<\/td>\n<td>Svoris:<\/td>\n<td width=\"30%\">10 kg<\/td>\n<\/tr>\n<tr>\n<td>Platinimo \u0161alis:<\/td>\n<td width=\"32%\">Ispanija, Vokietija, JAV<\/td>\n<td>Auk\u0161tis:<\/td>\n<td width=\"30%\">23 cm<\/td>\n<\/tr>\n<tr>\n<td>Spalva:<\/td>\n<td width=\"32%\">Sidabras<\/td>\n<td>Ilgas:<\/td>\n<td width=\"30%\">54 cm<\/td>\n<\/tr>\n<tr>\n<td>Produkto tipas:<\/td>\n<td width=\"32%\">Elektrinis lygintuvas<\/td>\n<td>Platus:<\/td>\n<td width=\"30%\">40 cm<\/td>\n<\/tr>\n<tr>\n<td>Gamintojo numeris:<\/td>\n<td width=\"32%\">ARCPE01<\/td>\n<td>Grilio dydis:<\/td>\n<td width=\"30%\">54x40 cm<\/td>\n<\/tr>\n<tr>\n<td>Med\u017eiaga:<\/td>\n<td width=\"32%\">\u00a0Ner\u016bdijantis plienas, temperat\u016bros kontrol\u0117<\/td>\n<td>Galia:<\/td>\n<td width=\"30%\">3000W<\/td>\n<\/tr>\n<tr>\n<td>Garantija:<\/td>\n<td width=\"32%\">2 metai<\/td>\n<td>\u012etampa:<\/td>\n<td width=\"30%\">\u00a0220V \u2013 50Hz<\/td>\n<\/tr>\n<\/tbody>\n<\/table>","protected":false},"excerpt":{"rendered":"<h2>Elektrinis lygintuvas 55cm<\/h2>\n<p>The <strong>elektrinis lygintuvas <span style=\"color: #ff0000;\">KAM<\/span><span style=\"color: #0000ff;\">R<\/span>c<\/strong> Puikiai tinka kepti dar\u017eoves, m\u0117s\u0105, \u017euv\u012f, kalmarus, kept\u0105 s\u016br\u012f, blynus, kiau\u0161inien\u0119 ir kt. D\u0117l lengvo valdymo jis idealiai tinka naudoti namuose ir komerciniais tikslais.<\/p>\n<p>Tai<strong> elektrinis lygintuvas <span style=\"color: #ff0000;\">KAM<\/span><span style=\"color: #0000ff;\">R<\/span>CPE01<\/strong> Jis pagamintas i\u0161 auk\u0161\u010diausios kokyb\u0117s maistinio ner\u016bdijan\u010dio plieno. Jei ie\u0161kote na\u0161umo, <strong>elektriniai lygintuvai<\/strong> i\u0161 <strong><span style=\"color: #ff0000;\">KAM<\/span><span style=\"color: #0000ff;\">R<\/span>c<\/strong> jie atlieka <strong><span style=\"color: #008000;\">minimalios energijos s\u0105naudos, palyginti su konkurentais<\/span><\/strong>. Nekei\u010diant lygintuvo rezultat\u0173 ir reakcijos grei\u010dio.<\/p>\n<h6><strong>Garantija\u00a0<span style=\"color: #ff0000;\">KAM<\/span><span style=\"color: #0000ff;\">R<\/span>C 2 METAI<\/strong><\/h6>\n<h6><span style=\"color: #008000;\">Efektyvus elektrinis lygintuvas, ma\u017eas suvartojimas 3000w<\/span><\/h6>\n<h6><strong>\u012ftraukta technin\u0117 pagalba<\/strong><\/h6>","protected":false},"featured_media":1718,"comment_status":"open","ping_status":"closed","template":"","meta":{"wds_primary_product_brand":0,"wds_primary_product_cat":0},"product_brand":[],"product_cat":[39],"product_tag":[],"class_list":{"0":"post-1717","1":"product","2":"type-product","3":"status-publish","4":"has-post-thumbnail","6":"product_cat-plancha-de-cosina","7":"product_shipping_class-hosteleria","9":"first","10":"instock","11":"sale","12":"taxable","13":"shipping-taxable","14":"purchasable","15":"product-type-simple"},"yoast_head":"<!-- This site is optimized with the Yoast SEO Premium plugin v24.9 (Yoast SEO v26.1) - https:\/\/yoast.com\/wordpress\/plugins\/seo\/ -->\n<title>Plancha el\u00e9ctrica 55cm - distribuci\u00f3n ARC<\/title>\n<meta name=\"robots\" content=\"index, follow, max-snippet:-1, max-image-preview:large, max-video-preview:-1\" \/>\n<link rel=\"canonical\" href=\"https:\/\/distribucionarc.com\/lt\/produktas\/elektrinis-lygintuvas-55cm\/\" \/>\n<meta property=\"og:locale\" content=\"lt_LT\" \/>\n<meta property=\"og:type\" content=\"article\" \/>\n<meta property=\"og:title\" content=\"Plancha el\u00e9ctrica 55cm\" \/>\n<meta property=\"og:description\" content=\"Plancha el\u00e9ctrica 55cm La plancha el\u00e9ctrica ARC es perfecta para cocinar verduras, carnes, pescados, calamar, queso a la parrilla, tortitas, huevos revueltos, etc. Su manejo sin esfuerzo lo hace ideal para uso dom\u00e9stico y comercial.  Esta plancha el\u00e9ctrica ARCPE01 esta fabricada totalmente de acero inoxidable de la mejor calidad alimenticia. Si lo que busca es rendimiento, las planchas el\u00e9ctricas de ARC realizan un consumo m\u00ednimo de energ\u00eda respecto a las de la competencia. Sin alterar los resultados y velocidad de respuesta de la plancha. Garant\u00eda\u00a0ARC 2 A\u00d1OS Plancha el\u00e9ctrica eficiente, bajo consumo 3000w soporte t\u00e9cnico incluido\" \/>\n<meta property=\"og:url\" content=\"https:\/\/distribucionarc.com\/lt\/produktas\/elektrinis-lygintuvas-55cm\/\" \/>\n<meta property=\"og:site_name\" content=\"distribuci\u00f3n ARC\" \/>\n<meta property=\"article:modified_time\" content=\"2020-09-29T19:05:23+00:00\" \/>\n<meta property=\"og:image\" content=\"https:\/\/distribucionarc.com\/wp-content\/uploads\/2020\/07\/Plancha-el\u00e9ctrica-55cm-0.jpg\" \/>\n\t<meta property=\"og:image:width\" content=\"1600\" \/>\n\t<meta property=\"og:image:height\" content=\"1600\" \/>\n\t<meta property=\"og:image:type\" content=\"image\/jpeg\" \/>\n<meta name=\"twitter:card\" content=\"summary_large_image\" \/>\n<meta name=\"twitter:label1\" content=\"Est. reading time\" \/>\n\t<meta name=\"twitter:data1\" content=\"1 minut\u0117\" \/>\n<script type=\"application\/ld+json\" class=\"yoast-schema-graph\">{\"@context\":\"https:\/\/schema.org\",\"@graph\":[{\"@type\":\"WebPage\",\"@id\":\"https:\/\/distribucionarc.com\/hr\/producto\/plancha-electrica-55cm\/\",\"url\":\"https:\/\/distribucionarc.com\/hr\/producto\/plancha-electrica-55cm\/\",\"name\":\"Plancha el\u00e9ctrica 55cm - distribuci\u00f3n ARC\",\"isPartOf\":{\"@id\":\"https:\/\/distribucionarc.com\/sk\/#website\"},\"primaryImageOfPage\":{\"@id\":\"https:\/\/distribucionarc.com\/hr\/producto\/plancha-electrica-55cm\/#primaryimage\"},\"image\":{\"@id\":\"https:\/\/distribucionarc.com\/hr\/producto\/plancha-electrica-55cm\/#primaryimage\"},\"thumbnailUrl\":\"https:\/\/distribucionarc.com\/wp-content\/uploads\/2020\/07\/Plancha-el\u00e9ctrica-55cm-0.jpg\",\"datePublished\":\"2020-07-29T19:32:01+00:00\",\"dateModified\":\"2020-09-29T19:05:23+00:00\",\"breadcrumb\":{\"@id\":\"https:\/\/distribucionarc.com\/hr\/producto\/plancha-electrica-55cm\/#breadcrumb\"},\"inLanguage\":\"lt-LT\",\"potentialAction\":[{\"@type\":\"ReadAction\",\"target\":[\"https:\/\/distribucionarc.com\/hr\/producto\/plancha-electrica-55cm\/\"]}]},{\"@type\":\"ImageObject\",\"inLanguage\":\"lt-LT\",\"@id\":\"https:\/\/distribucionarc.com\/hr\/producto\/plancha-electrica-55cm\/#primaryimage\",\"url\":\"https:\/\/distribucionarc.com\/wp-content\/uploads\/2020\/07\/Plancha-el\u00e9ctrica-55cm-0.jpg\",\"contentUrl\":\"https:\/\/distribucionarc.com\/wp-content\/uploads\/2020\/07\/Plancha-el\u00e9ctrica-55cm-0.jpg\",\"width\":1600,\"height\":1600,\"caption\":\"Plancha electrica 55cm\"},{\"@type\":\"BreadcrumbList\",\"@id\":\"https:\/\/distribucionarc.com\/hr\/producto\/plancha-electrica-55cm\/#breadcrumb\",\"itemListElement\":[{\"@type\":\"ListItem\",\"position\":1,\"name\":\"Portada\",\"item\":\"https:\/\/distribucionarc.com\/ro\/\"},{\"@type\":\"ListItem\",\"position\":2,\"name\":\"Produse\",\"item\":\"https:\/\/distribucionarc.com\/ro\/magazin\/\"},{\"@type\":\"ListItem\",\"position\":3,\"name\":\"Plancha el\u00e9ctrica 55cm\"}]},{\"@type\":\"WebSite\",\"@id\":\"https:\/\/distribucionarc.com\/sk\/#website\",\"url\":\"https:\/\/distribucionarc.com\/sk\/\",\"name\":\"distribuci\u00f3n ARC\",\"description\":\"Empresa especializada en la fabricaci\u00f3n y distribuci\u00f3n de maquinaria industrial, selladoras de latas, Maquinas de hacer pastillas, Maquinas de cortar carne...\",\"publisher\":{\"@id\":\"https:\/\/distribucionarc.com\/sk\/#organization\"},\"potentialAction\":[{\"@type\":\"SearchAction\",\"target\":{\"@type\":\"EntryPoint\",\"urlTemplate\":\"https:\/\/distribucionarc.com\/sk\/?s={search_term_string}\"},\"query-input\":{\"@type\":\"PropertyValueSpecification\",\"valueRequired\":true,\"valueName\":\"search_term_string\"}}],\"inLanguage\":\"lt-LT\"},{\"@type\":\"Organization\",\"@id\":\"https:\/\/distribucionarc.com\/sk\/#organization\",\"name\":\"Distribuci\u00f3n ARC\",\"url\":\"https:\/\/distribucionarc.com\/sk\/\",\"logo\":{\"@type\":\"ImageObject\",\"inLanguage\":\"lt-LT\",\"@id\":\"https:\/\/distribucionarc.com\/sk\/#\/schema\/logo\/image\/\",\"url\":\"https:\/\/distribucionarc.com\/wp-content\/uploads\/2024\/10\/distribucion-ARC-COLOR-SIN-FONDO-e1732295305345.png\",\"contentUrl\":\"https:\/\/distribucionarc.com\/wp-content\/uploads\/2024\/10\/distribucion-ARC-COLOR-SIN-FONDO-e1732295305345.png\",\"width\":1164,\"height\":558,\"caption\":\"Distribuci\u00f3n ARC\"},\"image\":{\"@id\":\"https:\/\/distribucionarc.com\/sk\/#\/schema\/logo\/image\/\"},\"description\":\"Empresa especializada en la fabricaci\u00f3n y distribuci\u00f3n de maquinaria industrial para los sectores alimentario y farmac\u00e9utico. Nos especializamos en: M\u00e1quinas de cortar carne Fabricaci\u00f3n de comprimidos Sistemas de transporte industrial L\u00edneas de embotellado Dosificadores Y mucho m\u00e1s... Ofrecemos soluciones innovadoras y personalizadas para optimizar los procesos productivos de tu empresa.\",\"email\":\"Admistracion@distribucionarc.com\",\"telephone\":\"+34 643496664\",\"legalName\":\"ARC TECH SOLUTIONS\",\"foundingDate\":\"2024-04-09\",\"vatID\":\"B55480172\",\"numberOfEmployees\":{\"@type\":\"QuantitativeValue\",\"minValue\":\"1\",\"maxValue\":\"10\"}}]}<\/script>\n<!-- \/ Yoast SEO Premium plugin. -->","yoast_head_json":{"title":"Elektrin\u0117s keptuv\u0117s 55cm - ARC paskirstymas","robots":{"index":"index","follow":"follow","max-snippet":"max-snippet:-1","max-image-preview":"max-image-preview:large","max-video-preview":"max-video-preview:-1"},"canonical":"https:\/\/distribucionarc.com\/lt\/produktas\/elektrinis-lygintuvas-55cm\/","og_locale":"lt_LT","og_type":"article","og_title":"Plancha el\u00e9ctrica 55cm","og_description":"Plancha el\u00e9ctrica 55cm La plancha el\u00e9ctrica ARC es perfecta para cocinar verduras, carnes, pescados, calamar, queso a la parrilla, tortitas, huevos revueltos, etc. Su manejo sin esfuerzo lo hace ideal para uso dom\u00e9stico y comercial.  Esta plancha el\u00e9ctrica ARCPE01 esta fabricada totalmente de acero inoxidable de la mejor calidad alimenticia. Si lo que busca es rendimiento, las planchas el\u00e9ctricas de ARC realizan un consumo m\u00ednimo de energ\u00eda respecto a las de la competencia. Sin alterar los resultados y velocidad de respuesta de la plancha. Garant\u00eda\u00a0ARC 2 A\u00d1OS Plancha el\u00e9ctrica eficiente, bajo consumo 3000w soporte t\u00e9cnico incluido","og_url":"https:\/\/distribucionarc.com\/lt\/produktas\/elektrinis-lygintuvas-55cm\/","og_site_name":"distribuci\u00f3n ARC","article_modified_time":"2020-09-29T19:05:23+00:00","og_image":[{"width":1600,"height":1600,"url":"https:\/\/distribucionarc.com\/wp-content\/uploads\/2020\/07\/Plancha-el\u00e9ctrica-55cm-0.jpg","type":"image\/jpeg"}],"twitter_card":"summary_large_image","twitter_misc":{"Est. reading time":"1 minut\u0117"},"schema":{"@context":"https:\/\/schema.org","@graph":[{"@type":"WebPage","@id":"https:\/\/distribucionarc.com\/hr\/producto\/plancha-electrica-55cm\/","url":"https:\/\/distribucionarc.com\/hr\/producto\/plancha-electrica-55cm\/","name":"Elektrin\u0117s keptuv\u0117s 55cm - ARC paskirstymas","isPartOf":{"@id":"https:\/\/distribucionarc.com\/sk\/#website"},"primaryImageOfPage":{"@id":"https:\/\/distribucionarc.com\/hr\/producto\/plancha-electrica-55cm\/#primaryimage"},"image":{"@id":"https:\/\/distribucionarc.com\/hr\/producto\/plancha-electrica-55cm\/#primaryimage"},"thumbnailUrl":"https:\/\/distribucionarc.com\/wp-content\/uploads\/2020\/07\/Plancha-el\u00e9ctrica-55cm-0.jpg","datePublished":"2020-07-29T19:32:01+00:00","dateModified":"2020-09-29T19:05:23+00:00","breadcrumb":{"@id":"https:\/\/distribucionarc.com\/hr\/producto\/plancha-electrica-55cm\/#breadcrumb"},"inLanguage":"lt-LT","potentialAction":[{"@type":"ReadAction","target":["https:\/\/distribucionarc.com\/hr\/producto\/plancha-electrica-55cm\/"]}]},{"@type":"ImageObject","inLanguage":"lt-LT","@id":"https:\/\/distribucionarc.com\/hr\/producto\/plancha-electrica-55cm\/#primaryimage","url":"https:\/\/distribucionarc.com\/wp-content\/uploads\/2020\/07\/Plancha-el\u00e9ctrica-55cm-0.jpg","contentUrl":"https:\/\/distribucionarc.com\/wp-content\/uploads\/2020\/07\/Plancha-el\u00e9ctrica-55cm-0.jpg","width":1600,"height":1600,"caption":"Plancha electrica 55cm"},{"@type":"BreadcrumbList","@id":"https:\/\/distribucionarc.com\/hr\/producto\/plancha-electrica-55cm\/#breadcrumb","itemListElement":[{"@type":"ListItem","position":1,"name":"Portada","item":"https:\/\/distribucionarc.com\/ro\/"},{"@type":"ListItem","position":2,"name":"Produse","item":"https:\/\/distribucionarc.com\/ro\/magazin\/"},{"@type":"ListItem","position":3,"name":"Plancha el\u00e9ctrica 55cm"}]},{"@type":"WebSite","@id":"https:\/\/distribucionarc.com\/sk\/#website","url":"https:\/\/distribucionarc.com\/sk\/","name":"ARC paskirstymas","description":"\u012emon\u0117 specializuojasi pramonini\u0173 ma\u0161in\u0173, skardini\u0173 sandarinimo ma\u0161in\u0173, table\u010di\u0173 gamybos ma\u0161in\u0173, m\u0117sos pjaustymo ma\u0161in\u0173 gamyboje ir platinime...","publisher":{"@id":"https:\/\/distribucionarc.com\/sk\/#organization"},"potentialAction":[{"@type":"SearchAction","target":{"@type":"EntryPoint","urlTemplate":"https:\/\/distribucionarc.com\/sk\/?s={search_term_string}"},"query-input":{"@type":"PropertyValueSpecification","valueRequired":true,"valueName":"search_term_string"}}],"inLanguage":"lt-LT"},{"@type":"Organization","@id":"https:\/\/distribucionarc.com\/sk\/#organization","name":"ARC platinimas","url":"https:\/\/distribucionarc.com\/sk\/","logo":{"@type":"ImageObject","inLanguage":"lt-LT","@id":"https:\/\/distribucionarc.com\/sk\/#\/schema\/logo\/image\/","url":"https:\/\/distribucionarc.com\/wp-content\/uploads\/2024\/10\/distribucion-ARC-COLOR-SIN-FONDO-e1732295305345.png","contentUrl":"https:\/\/distribucionarc.com\/wp-content\/uploads\/2024\/10\/distribucion-ARC-COLOR-SIN-FONDO-e1732295305345.png","width":1164,"height":558,"caption":"Distribuci\u00f3n ARC"},"image":{"@id":"https:\/\/distribucionarc.com\/sk\/#\/schema\/logo\/image\/"},"description":"\u012emon\u0117 specializuojasi maisto ir farmacijos sektoriams skirt\u0173 pramonini\u0173 ma\u0161in\u0173 gamyboje ir platinime. M\u016bs\u0173 specializacija: M\u0117sos pjaustymo ma\u0161inos Table\u010di\u0173 gamyba Pramonin\u0117s transportavimo sistemos I\u0161pilstymo linijos Dozatoriai Ir dar daugiau... Si\u016blome novatori\u0161kus ir individualiems poreikiams pritaikytus sprendimus, kad optimizuotume j\u016bs\u0173 \u012fmon\u0117s gamybos procesus.","email":"Admistracion@distribucionarc.com","telephone":"+34 643496664","legalName":"ARC TECH SOLUTIONS","foundingDate":"2024-04-09","vatID":"B55480172","numberOfEmployees":{"@type":"QuantitativeValue","minValue":"1","maxValue":"10"}}]}},"_links":{"self":[{"href":"https:\/\/distribucionarc.com\/lt\/wp-json\/wp\/v2\/product\/1717","targetHints":{"allow":["GET"]}}],"collection":[{"href":"https:\/\/distribucionarc.com\/lt\/wp-json\/wp\/v2\/product"}],"about":[{"href":"https:\/\/distribucionarc.com\/lt\/wp-json\/wp\/v2\/types\/product"}],"replies":[{"embeddable":true,"href":"https:\/\/distribucionarc.com\/lt\/wp-json\/wp\/v2\/comments?post=1717"}],"version-history":[{"count":0,"href":"https:\/\/distribucionarc.com\/lt\/wp-json\/wp\/v2\/product\/1717\/revisions"}],"wp:featuredmedia":[{"embeddable":true,"href":"https:\/\/distribucionarc.com\/lt\/wp-json\/wp\/v2\/media\/1718"}],"wp:attachment":[{"href":"https:\/\/distribucionarc.com\/lt\/wp-json\/wp\/v2\/media?parent=1717"}],"wp:term":[{"taxonomy":"product_brand","embeddable":true,"href":"https:\/\/distribucionarc.com\/lt\/wp-json\/wp\/v2\/product_brand?post=1717"},{"taxonomy":"product_cat","embeddable":true,"href":"https:\/\/distribucionarc.com\/lt\/wp-json\/wp\/v2\/product_cat?post=1717"},{"taxonomy":"product_tag","embeddable":true,"href":"https:\/\/distribucionarc.com\/lt\/wp-json\/wp\/v2\/product_tag?post=1717"}],"curies":[{"name":"wp","href":"https:\/\/api.w.org\/{rel}","templated":true}]}}