{"id":1742,"date":"2020-07-30T11:06:55","date_gmt":"2020-07-30T11:06:55","guid":{"rendered":"https:\/\/distribucionarc.com\/?post_type=product&#038;p=1742"},"modified":"2020-09-27T16:31:38","modified_gmt":"2020-09-27T16:31:38","slug":"maistas-siltesnis-vandenyje-vonia-pramoninis-3","status":"publish","type":"product","link":"https:\/\/distribucionarc.com\/lt\/producto\/calentador-de-alimentos-al-bano-maria-industrial-3\/","title":{"rendered":"Pramoninis \u201ebain-marie\u201c maisto ekrano \u0161ildytuvas 3"},"content":{"rendered":"<h3>Pramoninis bain-marie maisto \u0161ildytuvas, 3 pad\u0117klai<\/h3>\n<p>The <strong>geriausi vandens vonios \u0161ildytuvai<\/strong> i\u0161 <strong><span style=\"color: #ff0000;\">KAM<\/span><span style=\"color: #0000ff;\">R<\/span>c<\/strong> kad i\u0161saugotum\u0117te visas j\u016bs\u0173 patiekal\u0173 skon\u012f ir savybes. Geriausias b\u016bdas pasir\u016bpinti savo klientais.<\/p>\n<p>Korpusas ir dangtelis pagaminti i\u0161 ner\u016bdijan\u010dio plieno, tod\u0117l sudaro geriausias s\u0105lygas laikytis higienos reikalavim\u0173 ir labai traukia ak\u012f. Visi vienetai turi a\u00a0<strong>i\u0161leidimo vo\u017etuvas<\/strong>\u00a0tod\u0117l lengviau i\u0161tu\u0161tinti vandens bak\u0105. Be to, <strong>vandens \u0161ildytuvai<\/strong> Jie turi stiklo apsaug\u0105, kuri apsaugo maist\u0105 nuo u\u017eter\u0161imo ir leid\u017eia lengvai i\u0161imti.<\/p>\n<p>Vanduo \u0161ildomas kaitinimo elementais, o maistas \u0161ildomas tolygiai ir \u0161velniai. Temperat\u016bra gali b\u016bti reguliuojama nuo 50 iki 200 laipsni\u0173 Celsijaus. Ta\u010diau d\u0117l principo,\u00a0<strong>Maisto temperat\u016bra negali vir\u0161yti 100\u00b0C<\/strong>\u00a0kad jie nesudegt\u0173.<\/p>\n<p>D\u0117l standartini\u0173 matmen\u0173, skirting\u0173 dyd\u017ei\u0173 <strong>gastronominiai konteineriai,<\/strong> modelis<strong><span style=\"color: #ff0000;\"> KAM<\/span><span style=\"color: #0000ff;\">R<\/span>CCCA3 <\/strong>Jame yra 3 indai j\u016bs\u0173 indams laikyti.<\/p>\n<h6><strong>Garantija\u00a0<span style=\"color: #ff0000;\">KAM<\/span><span style=\"color: #0000ff;\">R<\/span>C 2 METAI<\/strong><\/h6>\n<h6><span style=\"color: #008000;\">Efektyvus maisto \u0161ildytuvas, ma\u017eas suvartojimas 1350w<\/span><\/h6>\n<h6><strong>\u012ftraukta technin\u0117 pagalba<\/strong><\/h6>\n<p>&nbsp;<\/p>\n<table role=\"presentation\" width=\"100%\" cellspacing=\"0\" cellpadding=\"0\">\n<tbody>\n<tr>\n<td class=\"attrLabels\">Prekinis \u017eenklas:<\/td>\n<td width=\"50.0%\">ARC<\/td>\n<\/tr>\n<tr>\n<td class=\"attrLabels\">Platinimo \u0161alis:<\/td>\n<td width=\"50.0%\">Ispanija, Vokietija, JAV<\/td>\n<td class=\"attrLabels\">Svoris:<\/td>\n<td width=\"50.0%\">20 kg<\/td>\n<\/tr>\n<tr>\n<td class=\"attrLabels\">Prekinis \u017eenklas:<\/td>\n<td width=\"50.0%\">ARC<\/td>\n<td class=\"attrLabels\">Auk\u0161tis:<\/td>\n<td width=\"50.0%\">13 cm<\/td>\n<\/tr>\n<tr>\n<td class=\"attrLabels\">Spalva:<\/td>\n<td width=\"50.0%\">Sidabras<\/td>\n<td class=\"attrLabels\">Ilgas:<\/td>\n<td width=\"50.0%\">91 cm<\/td>\n<\/tr>\n<tr>\n<td class=\"attrLabels\">Produkto tipas:<\/td>\n<td width=\"50.0%\">maisto \u0161ildytuvas<\/td>\n<td class=\"attrLabels\">Platus:<\/td>\n<td width=\"50.0%\">35 cm<\/td>\n<\/tr>\n<tr>\n<td class=\"attrLabels\">Gamintojo numeris:<\/td>\n<td width=\"50.0%\">ARCCCA3<\/td>\n<td class=\"attrLabels\">Galia:<\/td>\n<td width=\"50.0%\">1350W<\/td>\n<\/tr>\n<tr>\n<td class=\"attrLabels\">Med\u017eiaga:<\/td>\n<td width=\"50.0%\">ner\u016bdijantis plienas, temperat\u016bros kontrol\u0117<\/td>\n<td class=\"attrLabels\">\u012f\u0117jimo \u012ftampa<\/td>\n<td width=\"50.0%\">220V \u2013 60Hz<\/td>\n<\/tr>\n<tr>\n<td class=\"attrLabels\">Garantija:<\/td>\n<td width=\"50.0%\">\u00a0 2 metai<\/td>\n<td class=\"attrLabels\">Temperat\u016bra:<\/td>\n<td width=\"50.0%\">0\u00ba\u2013200\u00baC<\/td>\n<\/tr>\n<tr>\n<td class=\"attrLabels\">Montavimo \u012frankiai:<\/td>\n<td width=\"50.0%\">Taip<\/td>\n<td class=\"attrLabels\">Konteineriai:<\/td>\n<td width=\"50.0%\">\u00a03 GN 1\/2<\/td>\n<\/tr>\n<\/tbody>\n<\/table>\n<p>&nbsp;<\/p>","protected":false},"excerpt":{"rendered":"<h2>Pramoninis bain-marie maisto \u0161ildytuvas, 3 pad\u0117klai<\/h2>\n<p>I\u0161<strong><span style=\"color: #ff0000;\"> KAM<\/span><span style=\"color: #0000ff;\">R<\/span>c<\/strong> mes si\u016blome jums geriausi\u0105 <strong>maisto \u0161ildytuvai su vandeniu<\/strong> bain-marie stilius, kad geriau i\u0161laikyt\u0173 skon\u012f ir tekst\u016br\u0105.<\/p>\n<p>The <strong>profesional\u016bs maisto \u0161ildytuvai <span style=\"color: #ff0000;\">KAM<\/span><span style=\"color: #0000ff;\">R<\/span>c <\/strong>Jie yra geriausias pasirinkimas patiekti ir i\u0161laikyti patiekalus \u0161iltus. Jie naudojami komercin\u0117se virtuv\u0117se, restoranuose, bufetuose, vie\u0161bu\u010diuose ar maitinimo \u012fmon\u0117se. Prietaisai yra\u00a0<strong>Sukurta naudoti restoran\u0173 pramon\u0117je<\/strong> ir visada laikykite maist\u0105 optimalioje temperat\u016broje.<\/p>\n<h6><strong>Garantija\u00a0<span style=\"color: #ff0000;\">KAM<\/span><span style=\"color: #0000ff;\">R<\/span>C 2 METAI<\/strong><\/h6>\n<h6><span style=\"color: #008000;\">Efektyvus maisto \u0161ildytuvas, ma\u017eas suvartojimas 1350w<\/span><\/h6>\n<h6><strong>\u012ftraukta technin\u0117 pagalba<\/strong><\/h6>","protected":false},"featured_media":1745,"comment_status":"open","ping_status":"closed","template":"","meta":{"wds_primary_product_brand":0,"wds_primary_product_cat":0},"product_brand":[],"product_cat":[41],"product_tag":[],"class_list":{"0":"post-1742","1":"product","2":"type-product","3":"status-publish","4":"has-post-thumbnail","6":"product_cat-expositor-de-alimentos","7":"product_shipping_class-hosteleria","9":"first","10":"instock","11":"sale","12":"taxable","13":"shipping-taxable","14":"purchasable","15":"product-type-simple"},"yoast_head":"<!-- This site is optimized with the Yoast SEO Premium plugin v24.9 (Yoast SEO v26.1) - https:\/\/yoast.com\/wordpress\/plugins\/seo\/ -->\n<title>Calentador vitrina de alimentos al ba\u00f1o maria industrial 3 - distribuci\u00f3n ARC<\/title>\n<meta name=\"robots\" content=\"index, follow, max-snippet:-1, max-image-preview:large, max-video-preview:-1\" \/>\n<link rel=\"canonical\" href=\"https:\/\/www.distribucionarc.com\/ar\/producto\/calentador-de-alimentos-al-bano-maria-industrial-3\/\" \/>\n<meta property=\"og:locale\" content=\"lt_LT\" \/>\n<meta property=\"og:type\" content=\"article\" \/>\n<meta property=\"og:title\" content=\"Calentador vitrina de alimentos al ba\u00f1o maria industrial 3\" \/>\n<meta property=\"og:description\" content=\"Calentador de alimentos al ba\u00f1o maria industrial 3 bandejas Desde ARC te ofrecemos los mejores calentadores de alimentos con agua al estilo ba\u00f1o mar\u00eda para conservar mejor el sabor y la textura.  Los calentadores de alimentos profesionales de ARC son la mejor opci\u00f3n para servir y mantener calientes sus platos. Se utilizan en cocinas comerciales, restaurantes, buf\u00e9s, hoteles o empresas de catering. Los dispositivos est\u00e1n\u00a0dise\u00f1ados para su uso en la industria de la restauraci\u00f3n y siempre mantienen los alimentos a una temperatura \u00f3ptima. Garant\u00eda\u00a0ARC 2 A\u00d1OS Calentador de alimentos eficiente, bajo consumo 1350w soporte t\u00e9cnico incluido\" \/>\n<meta property=\"og:url\" content=\"https:\/\/www.distribucionarc.com\/ar\/producto\/calentador-de-alimentos-al-bano-maria-industrial-3\/\" \/>\n<meta property=\"og:site_name\" content=\"distribuci\u00f3n ARC\" \/>\n<meta property=\"article:modified_time\" content=\"2020-09-27T16:31:38+00:00\" \/>\n<meta property=\"og:image\" content=\"https:\/\/distribucionarc.com\/wp-content\/uploads\/2020\/07\/Calentador-de-alimentos-al-ba\u00f1o-mar\u00eda-industrial-3-0.jpg\" \/>\n\t<meta property=\"og:image:width\" content=\"1500\" \/>\n\t<meta property=\"og:image:height\" content=\"1500\" \/>\n\t<meta property=\"og:image:type\" content=\"image\/jpeg\" \/>\n<meta name=\"twitter:card\" content=\"summary_large_image\" \/>\n<meta name=\"twitter:label1\" content=\"Est. reading time\" \/>\n\t<meta name=\"twitter:data1\" content=\"1 minut\u0117\" \/>\n<script type=\"application\/ld+json\" class=\"yoast-schema-graph\">{\"@context\":\"https:\/\/schema.org\",\"@graph\":[{\"@type\":\"WebPage\",\"@id\":\"https:\/\/www.distribucionarc.com\/ar\/producto\/calentador-de-alimentos-al-bano-maria-industrial-3\/\",\"url\":\"https:\/\/www.distribucionarc.com\/ar\/producto\/calentador-de-alimentos-al-bano-maria-industrial-3\/\",\"name\":\"Calentador vitrina de alimentos al ba\u00f1o maria industrial 3 - distribuci\u00f3n ARC\",\"isPartOf\":{\"@id\":\"https:\/\/www.distribucionarc.com\/sl\/#website\"},\"primaryImageOfPage\":{\"@id\":\"https:\/\/www.distribucionarc.com\/ar\/producto\/calentador-de-alimentos-al-bano-maria-industrial-3\/#primaryimage\"},\"image\":{\"@id\":\"https:\/\/www.distribucionarc.com\/ar\/producto\/calentador-de-alimentos-al-bano-maria-industrial-3\/#primaryimage\"},\"thumbnailUrl\":\"https:\/\/distribucionarc.com\/wp-content\/uploads\/2020\/07\/Calentador-de-alimentos-al-ba\u00f1o-mar\u00eda-industrial-3-0.jpg\",\"datePublished\":\"2020-07-30T11:06:55+00:00\",\"dateModified\":\"2020-09-27T16:31:38+00:00\",\"breadcrumb\":{\"@id\":\"https:\/\/www.distribucionarc.com\/ar\/producto\/calentador-de-alimentos-al-bano-maria-industrial-3\/#breadcrumb\"},\"inLanguage\":\"lt-LT\",\"potentialAction\":[{\"@type\":\"ReadAction\",\"target\":[\"https:\/\/www.distribucionarc.com\/ar\/producto\/calentador-de-alimentos-al-bano-maria-industrial-3\/\"]}]},{\"@type\":\"ImageObject\",\"inLanguage\":\"lt-LT\",\"@id\":\"https:\/\/www.distribucionarc.com\/ar\/producto\/calentador-de-alimentos-al-bano-maria-industrial-3\/#primaryimage\",\"url\":\"https:\/\/distribucionarc.com\/wp-content\/uploads\/2020\/07\/Calentador-de-alimentos-al-ba\u00f1o-mar\u00eda-industrial-3-0.jpg\",\"contentUrl\":\"https:\/\/distribucionarc.com\/wp-content\/uploads\/2020\/07\/Calentador-de-alimentos-al-ba\u00f1o-mar\u00eda-industrial-3-0.jpg\",\"width\":1500,\"height\":1500,\"caption\":\"Calentador de alimentos al ba\u00f1o mar\u00eda industrial 3\"},{\"@type\":\"BreadcrumbList\",\"@id\":\"https:\/\/www.distribucionarc.com\/ar\/producto\/calentador-de-alimentos-al-bano-maria-industrial-3\/#breadcrumb\",\"itemListElement\":[{\"@type\":\"ListItem\",\"position\":1,\"name\":\"Portada\",\"item\":\"https:\/\/www.distribucionarc.com\/\"},{\"@type\":\"ListItem\",\"position\":2,\"name\":\"\u00dcr\u00fcnler\",\"item\":\"https:\/\/www.distribucionarc.com\/tr\/magaza\/\"},{\"@type\":\"ListItem\",\"position\":3,\"name\":\"Calentador vitrina de alimentos al ba\u00f1o maria industrial 3\"}]},{\"@type\":\"WebSite\",\"@id\":\"https:\/\/www.distribucionarc.com\/sl\/#website\",\"url\":\"https:\/\/www.distribucionarc.com\/sl\/\",\"name\":\"distribuci\u00f3n ARC\",\"description\":\"Empresa especializada en la fabricaci\u00f3n y distribuci\u00f3n de maquinaria industrial, selladoras de latas, Maquinas de hacer pastillas, Maquinas de cortar carne...\",\"publisher\":{\"@id\":\"https:\/\/www.distribucionarc.com\/sl\/#organization\"},\"potentialAction\":[{\"@type\":\"SearchAction\",\"target\":{\"@type\":\"EntryPoint\",\"urlTemplate\":\"https:\/\/www.distribucionarc.com\/sl\/?s={search_term_string}\"},\"query-input\":{\"@type\":\"PropertyValueSpecification\",\"valueRequired\":true,\"valueName\":\"search_term_string\"}}],\"inLanguage\":\"lt-LT\"},{\"@type\":\"Organization\",\"@id\":\"https:\/\/www.distribucionarc.com\/sl\/#organization\",\"name\":\"Distribuci\u00f3n ARC\",\"url\":\"https:\/\/www.distribucionarc.com\/sl\/\",\"logo\":{\"@type\":\"ImageObject\",\"inLanguage\":\"lt-LT\",\"@id\":\"https:\/\/www.distribucionarc.com\/sl\/#\/schema\/logo\/image\/\",\"url\":\"https:\/\/distribucionarc.com\/wp-content\/uploads\/2024\/10\/distribucion-ARC-COLOR-SIN-FONDO-e1732295305345.png\",\"contentUrl\":\"https:\/\/distribucionarc.com\/wp-content\/uploads\/2024\/10\/distribucion-ARC-COLOR-SIN-FONDO-e1732295305345.png\",\"width\":1164,\"height\":558,\"caption\":\"Distribuci\u00f3n ARC\"},\"image\":{\"@id\":\"https:\/\/www.distribucionarc.com\/sl\/#\/schema\/logo\/image\/\"},\"description\":\"Empresa especializada en la fabricaci\u00f3n y distribuci\u00f3n de maquinaria industrial para los sectores alimentario y farmac\u00e9utico. Nos especializamos en: M\u00e1quinas de cortar carne Fabricaci\u00f3n de comprimidos Sistemas de transporte industrial L\u00edneas de embotellado Dosificadores Y mucho m\u00e1s... Ofrecemos soluciones innovadoras y personalizadas para optimizar los procesos productivos de tu empresa.\",\"email\":\"Admistracion@distribucionarc.com\",\"telephone\":\"+34 643496664\",\"legalName\":\"ARC TECH SOLUTIONS\",\"foundingDate\":\"2024-04-09\",\"vatID\":\"B55480172\",\"numberOfEmployees\":{\"@type\":\"QuantitativeValue\",\"minValue\":\"1\",\"maxValue\":\"10\"}}]}<\/script>\n<!-- \/ Yoast SEO Premium plugin. -->","yoast_head_json":{"title":"Pramoninis bain-marie maisto ekrano \u0161ildytuvas 3 - ARC paskirstymas","robots":{"index":"index","follow":"follow","max-snippet":"max-snippet:-1","max-image-preview":"max-image-preview:large","max-video-preview":"max-video-preview:-1"},"canonical":"https:\/\/www.distribucionarc.com\/ar\/producto\/calentador-de-alimentos-al-bano-maria-industrial-3\/","og_locale":"lt_LT","og_type":"article","og_title":"Calentador vitrina de alimentos al ba\u00f1o maria industrial 3","og_description":"Calentador de alimentos al ba\u00f1o maria industrial 3 bandejas Desde ARC te ofrecemos los mejores calentadores de alimentos con agua al estilo ba\u00f1o mar\u00eda para conservar mejor el sabor y la textura.  Los calentadores de alimentos profesionales de ARC son la mejor opci\u00f3n para servir y mantener calientes sus platos. Se utilizan en cocinas comerciales, restaurantes, buf\u00e9s, hoteles o empresas de catering. Los dispositivos est\u00e1n\u00a0dise\u00f1ados para su uso en la industria de la restauraci\u00f3n y siempre mantienen los alimentos a una temperatura \u00f3ptima. Garant\u00eda\u00a0ARC 2 A\u00d1OS Calentador de alimentos eficiente, bajo consumo 1350w soporte t\u00e9cnico incluido","og_url":"https:\/\/www.distribucionarc.com\/ar\/producto\/calentador-de-alimentos-al-bano-maria-industrial-3\/","og_site_name":"distribuci\u00f3n ARC","article_modified_time":"2020-09-27T16:31:38+00:00","og_image":[{"width":1500,"height":1500,"url":"https:\/\/distribucionarc.com\/wp-content\/uploads\/2020\/07\/Calentador-de-alimentos-al-ba\u00f1o-mar\u00eda-industrial-3-0.jpg","type":"image\/jpeg"}],"twitter_card":"summary_large_image","twitter_misc":{"Est. reading time":"1 minut\u0117"},"schema":{"@context":"https:\/\/schema.org","@graph":[{"@type":"WebPage","@id":"https:\/\/www.distribucionarc.com\/ar\/producto\/calentador-de-alimentos-al-bano-maria-industrial-3\/","url":"https:\/\/www.distribucionarc.com\/ar\/producto\/calentador-de-alimentos-al-bano-maria-industrial-3\/","name":"Pramoninis bain-marie maisto ekrano \u0161ildytuvas 3 - ARC paskirstymas","isPartOf":{"@id":"https:\/\/www.distribucionarc.com\/sl\/#website"},"primaryImageOfPage":{"@id":"https:\/\/www.distribucionarc.com\/ar\/producto\/calentador-de-alimentos-al-bano-maria-industrial-3\/#primaryimage"},"image":{"@id":"https:\/\/www.distribucionarc.com\/ar\/producto\/calentador-de-alimentos-al-bano-maria-industrial-3\/#primaryimage"},"thumbnailUrl":"https:\/\/distribucionarc.com\/wp-content\/uploads\/2020\/07\/Calentador-de-alimentos-al-ba\u00f1o-mar\u00eda-industrial-3-0.jpg","datePublished":"2020-07-30T11:06:55+00:00","dateModified":"2020-09-27T16:31:38+00:00","breadcrumb":{"@id":"https:\/\/www.distribucionarc.com\/ar\/producto\/calentador-de-alimentos-al-bano-maria-industrial-3\/#breadcrumb"},"inLanguage":"lt-LT","potentialAction":[{"@type":"ReadAction","target":["https:\/\/www.distribucionarc.com\/ar\/producto\/calentador-de-alimentos-al-bano-maria-industrial-3\/"]}]},{"@type":"ImageObject","inLanguage":"lt-LT","@id":"https:\/\/www.distribucionarc.com\/ar\/producto\/calentador-de-alimentos-al-bano-maria-industrial-3\/#primaryimage","url":"https:\/\/distribucionarc.com\/wp-content\/uploads\/2020\/07\/Calentador-de-alimentos-al-ba\u00f1o-mar\u00eda-industrial-3-0.jpg","contentUrl":"https:\/\/distribucionarc.com\/wp-content\/uploads\/2020\/07\/Calentador-de-alimentos-al-ba\u00f1o-mar\u00eda-industrial-3-0.jpg","width":1500,"height":1500,"caption":"Calentador de alimentos al ba\u00f1o mar\u00eda industrial 3"},{"@type":"BreadcrumbList","@id":"https:\/\/www.distribucionarc.com\/ar\/producto\/calentador-de-alimentos-al-bano-maria-industrial-3\/#breadcrumb","itemListElement":[{"@type":"ListItem","position":1,"name":"Portada","item":"https:\/\/www.distribucionarc.com\/"},{"@type":"ListItem","position":2,"name":"\u00dcr\u00fcnler","item":"https:\/\/www.distribucionarc.com\/tr\/magaza\/"},{"@type":"ListItem","position":3,"name":"Calentador vitrina de alimentos al ba\u00f1o maria industrial 3"}]},{"@type":"WebSite","@id":"https:\/\/www.distribucionarc.com\/sl\/#website","url":"https:\/\/www.distribucionarc.com\/sl\/","name":"ARC paskirstymas","description":"\u012emon\u0117 specializuojasi pramonini\u0173 ma\u0161in\u0173, skardini\u0173 sandarinimo ma\u0161in\u0173, table\u010di\u0173 gamybos ma\u0161in\u0173, m\u0117sos pjaustymo ma\u0161in\u0173 gamyboje ir platinime...","publisher":{"@id":"https:\/\/www.distribucionarc.com\/sl\/#organization"},"potentialAction":[{"@type":"SearchAction","target":{"@type":"EntryPoint","urlTemplate":"https:\/\/www.distribucionarc.com\/sl\/?s={search_term_string}"},"query-input":{"@type":"PropertyValueSpecification","valueRequired":true,"valueName":"search_term_string"}}],"inLanguage":"lt-LT"},{"@type":"Organization","@id":"https:\/\/www.distribucionarc.com\/sl\/#organization","name":"ARC platinimas","url":"https:\/\/www.distribucionarc.com\/sl\/","logo":{"@type":"ImageObject","inLanguage":"lt-LT","@id":"https:\/\/www.distribucionarc.com\/sl\/#\/schema\/logo\/image\/","url":"https:\/\/distribucionarc.com\/wp-content\/uploads\/2024\/10\/distribucion-ARC-COLOR-SIN-FONDO-e1732295305345.png","contentUrl":"https:\/\/distribucionarc.com\/wp-content\/uploads\/2024\/10\/distribucion-ARC-COLOR-SIN-FONDO-e1732295305345.png","width":1164,"height":558,"caption":"Distribuci\u00f3n ARC"},"image":{"@id":"https:\/\/www.distribucionarc.com\/sl\/#\/schema\/logo\/image\/"},"description":"\u012emon\u0117 specializuojasi maisto ir farmacijos sektoriams skirt\u0173 pramonini\u0173 ma\u0161in\u0173 gamyboje ir platinime. M\u016bs\u0173 specializacija: M\u0117sos pjaustymo ma\u0161inos Table\u010di\u0173 gamyba Pramonin\u0117s transportavimo sistemos I\u0161pilstymo linijos Dozatoriai Ir dar daugiau... Si\u016blome novatori\u0161kus ir individualiems poreikiams pritaikytus sprendimus, kad optimizuotume j\u016bs\u0173 \u012fmon\u0117s gamybos procesus.","email":"Admistracion@distribucionarc.com","telephone":"+34 643496664","legalName":"ARC TECH SOLUTIONS","foundingDate":"2024-04-09","vatID":"B55480172","numberOfEmployees":{"@type":"QuantitativeValue","minValue":"1","maxValue":"10"}}]}},"_links":{"self":[{"href":"https:\/\/distribucionarc.com\/lt\/wp-json\/wp\/v2\/product\/1742","targetHints":{"allow":["GET"]}}],"collection":[{"href":"https:\/\/distribucionarc.com\/lt\/wp-json\/wp\/v2\/product"}],"about":[{"href":"https:\/\/distribucionarc.com\/lt\/wp-json\/wp\/v2\/types\/product"}],"replies":[{"embeddable":true,"href":"https:\/\/distribucionarc.com\/lt\/wp-json\/wp\/v2\/comments?post=1742"}],"version-history":[{"count":0,"href":"https:\/\/distribucionarc.com\/lt\/wp-json\/wp\/v2\/product\/1742\/revisions"}],"wp:featuredmedia":[{"embeddable":true,"href":"https:\/\/distribucionarc.com\/lt\/wp-json\/wp\/v2\/media\/1745"}],"wp:attachment":[{"href":"https:\/\/distribucionarc.com\/lt\/wp-json\/wp\/v2\/media?parent=1742"}],"wp:term":[{"taxonomy":"product_brand","embeddable":true,"href":"https:\/\/distribucionarc.com\/lt\/wp-json\/wp\/v2\/product_brand?post=1742"},{"taxonomy":"product_cat","embeddable":true,"href":"https:\/\/distribucionarc.com\/lt\/wp-json\/wp\/v2\/product_cat?post=1742"},{"taxonomy":"product_tag","embeddable":true,"href":"https:\/\/distribucionarc.com\/lt\/wp-json\/wp\/v2\/product_tag?post=1742"}],"curies":[{"name":"wp","href":"https:\/\/api.w.org\/{rel}","templated":true}]}}