{"id":17659,"date":"2025-07-29T22:09:56","date_gmt":"2025-07-29T20:09:56","guid":{"rendered":"https:\/\/distribucionarc.com\/?post_type=product&#038;p=17659"},"modified":"2025-07-29T22:09:56","modified_gmt":"2025-07-29T20:09:56","slug":"automatine-pakavimo-masina-5-kilogramams-ledo-milteliu-granulems-2","status":"publish","type":"product","link":"https:\/\/distribucionarc.com\/lt\/producto\/maquina-envasadora-automatica-5-kilos-para-hielo-polvos-granulado-2\/","title":{"rendered":"Automatinis 5 kilogram\u0173 granuliuoto ledo milteli\u0173 pakavimo aparatas"},"content":{"rendered":"<h3 data-section-id=\"lq3r78\" data-start=\"744\" data-end=\"830\">\ud83e\uddc3 DARZD-720BQ automatinis pneumatinis pakavimo aparatas \u2013 universalus, tikslus ir tvirtas<\/h3>\n<p data-start=\"832\" data-end=\"1162\">The <strong data-start=\"835\" data-end=\"884\">Pneumatin\u0117 pakavimo ma\u0161ina, modelis DARZD-720BQ<\/strong> Jis buvo sukurtas taip, kad prisitaikyt\u0173 prie daugyb\u0117s produkt\u0173, i\u0161siskirian\u010di\u0173 savo geb\u0117jimu <strong data-start=\"980\" data-end=\"1013\">dirbti \u017eemoje temperat\u016broje<\/strong> ir paketas <strong data-start=\"1024\" data-end=\"1067\">nuo 60 gram\u0173 iki 5 kilogram\u0173 viename mai\u0161elyje<\/strong>, tod\u0117l tai idealus sprendimas tiek maisto, tiek pramon\u0117s sektoriams.<\/p>\n<p data-start=\"1164\" data-end=\"1586\">Viena ry\u0161kiausi\u0173 jos savybi\u0173 yra geb\u0117jimas <strong data-start=\"1227\" data-end=\"1274\">pagaminti 60 g ledo kubeli\u0173 mai\u0161elius<\/strong>, d\u0117ka tvirtos konstrukcijos ir vidini\u0173 komponent\u0173, paruo\u0161t\u0173 atlaikyti \u0161alt\u0105 ir dr\u0117gn\u0105 aplink\u0105, nepaveikiant jo veikimo. Be to, jo pneumatin\u0117 sistema ir konstrukcija <strong data-start=\"1454\" data-end=\"1485\">galinis sandariklis<\/strong> Jie leid\u017eia sandariai, tvirtai ir tiksliai supakuoti net ir trapius ar \u0161lapius produktus.<\/p>\n<h3 data-section-id=\"1imxdde\" data-start=\"1588\" data-end=\"1630\">\u2705 Ideal\u016bs produktai \u0161iai ma\u0161inai:<\/h3>\n<h4 data-start=\"1632\" data-end=\"1667\">\ud83e\uddca <strong data-start=\"1640\" data-end=\"1667\">\u0160aldyti produktai:<\/strong><\/h4>\n<ul data-start=\"1668\" data-end=\"1797\">\n<li data-start=\"1668\" data-end=\"1714\">\n<p data-start=\"1670\" data-end=\"1714\">Mai\u0161eliai <strong data-start=\"1680\" data-end=\"1700\">ledo kubeliai<\/strong> (60 g \u2013 5 kg)<\/p>\n<\/li>\n<li data-start=\"1715\" data-end=\"1765\">\n<p data-start=\"1717\" data-end=\"1765\"><strong data-start=\"1717\" data-end=\"1740\">\u0160aldytos dar\u017eov\u0117s<\/strong>, supjaustyti arba porcijomis<\/p>\n<\/li>\n<li data-start=\"1766\" data-end=\"1797\">\n<p data-start=\"1768\" data-end=\"1797\"><strong data-start=\"1768\" data-end=\"1797\">Su\u0161aldyti kubeliais pjaustyti vaisiai<\/strong><\/p>\n<\/li>\n<\/ul>\n<h4 data-start=\"1799\" data-end=\"1838\">\ud83e\udd5c <strong data-start=\"1807\" data-end=\"1838\">Sausi ir bir\u016bs produktai:<\/strong><\/h4>\n<ul data-start=\"1839\" data-end=\"1970\">\n<li data-start=\"1839\" data-end=\"1872\">\n<p data-start=\"1841\" data-end=\"1872\"><strong data-start=\"1841\" data-end=\"1872\">Gr\u016bdai, ry\u017eiai ir ank\u0161tiniai augalai<\/strong><\/p>\n<\/li>\n<li data-start=\"1873\" data-end=\"1902\">\n<p data-start=\"1875\" data-end=\"1902\"><strong data-start=\"1875\" data-end=\"1902\">Rie\u0161utai ir s\u0117klos<\/strong><\/p>\n<\/li>\n<li data-start=\"1903\" data-end=\"1938\">\n<p data-start=\"1905\" data-end=\"1938\"><strong data-start=\"1905\" data-end=\"1938\">Miltai ir maisto milteliai<\/strong><\/p>\n<\/li>\n<li data-start=\"1939\" data-end=\"1970\">\n<p data-start=\"1941\" data-end=\"1970\"><strong data-start=\"1941\" data-end=\"1970\">Kavos granul\u0117s arba cukrus<\/strong><\/p>\n<\/li>\n<\/ul>\n<h4 data-start=\"1972\" data-end=\"2010\">\ud83e\uddea <strong data-start=\"1980\" data-end=\"2010\">Ne maisto produktai:<\/strong><\/h4>\n<ul data-start=\"2011\" data-end=\"2101\">\n<li data-start=\"2011\" data-end=\"2037\">\n<p data-start=\"2013\" data-end=\"2037\"><strong data-start=\"2013\" data-end=\"2037\">Milteli\u0173 skalbikli\u0173<\/strong><\/p>\n<\/li>\n<li data-start=\"2038\" data-end=\"2073\">\n<p data-start=\"2040\" data-end=\"2073\"><strong data-start=\"2040\" data-end=\"2073\">Granuliuotos chemin\u0117s med\u017eiagos<\/strong><\/p>\n<\/li>\n<li data-start=\"2074\" data-end=\"2101\">\n<p data-start=\"2076\" data-end=\"2101\"><strong data-start=\"2076\" data-end=\"2101\">Kietosios tr\u0105\u0161os<\/strong><\/p>\n<\/li>\n<\/ul>\n<p data-start=\"2103\" data-end=\"2367\">D\u0117l savo geb\u0117jimo <strong data-start=\"2129\" data-end=\"2176\">Reguliuokite konteinerio ilg\u012f nuo 3 iki 40 cm<\/strong>ir jo diapazonas <strong data-start=\"2192\" data-end=\"2214\">61\u201372 cm pl\u0117vel\u0117<\/strong>, lengvai prisitaiko prie skirting\u0173 mai\u0161\u0173 format\u0173. Be to, jis gali veikti grei\u010diu <strong data-start=\"2311\" data-end=\"2339\">5\u201310 mai\u0161eli\u0173 per minut\u0119<\/strong>, su \u00b12 g tikslumu.<\/p>\n<p data-start=\"2369\" data-end=\"2613\">Jis apr\u016bpintas kokybi\u0161kais komponentais, 1000 W varikliu ir yra suderinamas su 110 V arba 220 V, 50\u201360 Hz \u012ftampa. Tur\u0117damas CE sertifikat\u0105 ir tvirt\u0105 plienin\u0119 konstrukcij\u0105, jis puikiai tinka sud\u0117tingiems darbams ir nepertraukiamo veikimo gamybos linijoms.<\/p>\n<hr data-start=\"2615\" data-end=\"2618\" \/>\n<h3 data-section-id=\"nfhvb4\" data-start=\"2620\" data-end=\"2652\">\ud83d\udcca Technin\u0117s specifikacijos<\/h3>\n<div class=\"_tableContainer_80l1q_1\">\n<div class=\"_tableWrapper_80l1q_14 group flex w-fit flex-col-reverse\" tabindex=\"-1\">\n<table class=\"w-fit min-w-(--thread-content-width)\" data-start=\"2654\" data-end=\"3905\">\n<thead data-start=\"2654\" data-end=\"2737\">\n<tr data-start=\"2654\" data-end=\"2737\">\n<th data-start=\"2654\" data-end=\"2690\" data-col-size=\"sm\"><strong data-start=\"2656\" data-end=\"2674\">Funkcija<\/strong><\/th>\n<th data-start=\"2690\" data-end=\"2737\" data-col-size=\"sm\"><strong data-start=\"2692\" data-end=\"2710\">Specifikacija<\/strong><\/th>\n<\/tr>\n<\/thead>\n<tbody data-start=\"2821\" data-end=\"3905\">\n<tr data-start=\"2821\" data-end=\"2903\">\n<td data-start=\"2821\" data-end=\"2856\" data-col-size=\"sm\">Produkto modelis<\/td>\n<td data-start=\"2856\" data-end=\"2903\" data-col-size=\"sm\">DARZD-720BQ<\/td>\n<\/tr>\n<tr data-start=\"2904\" data-end=\"2986\">\n<td data-start=\"2904\" data-end=\"2939\" data-col-size=\"sm\">Sandarinimo tipas<\/td>\n<td data-start=\"2939\" data-end=\"2986\" data-col-size=\"sm\">U\u017epakalinis sandariklis<\/td>\n<\/tr>\n<tr data-start=\"2987\" data-end=\"3070\">\n<td data-start=\"2987\" data-end=\"3022\" data-col-size=\"sm\">Sv\u0117rimo diapazonas<\/td>\n<td data-start=\"3022\" data-end=\"3070\" data-col-size=\"sm\">50\u20135000 g<\/td>\n<\/tr>\n<tr data-start=\"3071\" data-end=\"3154\">\n<td data-start=\"3071\" data-end=\"3106\" data-col-size=\"sm\">Pakavimo greitis<\/td>\n<td data-start=\"3106\" data-end=\"3154\" data-col-size=\"sm\">5\u201310 mai\u0161eli\u0173 per minut\u0119<\/td>\n<\/tr>\n<tr data-start=\"3155\" data-end=\"3238\">\n<td data-start=\"3155\" data-end=\"3190\" data-col-size=\"sm\">Konteinerio ilgis<\/td>\n<td data-start=\"3190\" data-end=\"3238\" data-col-size=\"sm\">3\u201340 cm<\/td>\n<\/tr>\n<tr data-start=\"3239\" data-end=\"3322\">\n<td data-start=\"3239\" data-end=\"3274\" data-col-size=\"sm\">Konteinerio plotis<\/td>\n<td data-start=\"3274\" data-end=\"3322\" data-col-size=\"sm\">29\u201335 cm<\/td>\n<\/tr>\n<tr data-start=\"3323\" data-end=\"3406\">\n<td data-start=\"3323\" data-end=\"3358\" data-col-size=\"sm\">Pl\u0117vel\u0117s plotis<\/td>\n<td data-start=\"3358\" data-end=\"3406\" data-col-size=\"sm\">61\u201372 cm<\/td>\n<\/tr>\n<tr data-start=\"3407\" data-end=\"3489\">\n<td data-start=\"3407\" data-end=\"3442\" data-col-size=\"sm\">Pakuot\u0117s tikslumas<\/td>\n<td data-start=\"3442\" data-end=\"3489\" data-col-size=\"sm\">\u00b12 g (priklausomai nuo med\u017eiagos)<\/td>\n<\/tr>\n<tr data-start=\"3490\" data-end=\"3572\">\n<td data-start=\"3490\" data-end=\"3525\" data-col-size=\"sm\">Parai\u0161ka<\/td>\n<td data-start=\"3525\" data-end=\"3572\" data-col-size=\"sm\">Milteliai \/ Granul\u0117s \/ Ledas \/ Su\u0161aldyti<\/td>\n<\/tr>\n<tr data-start=\"3573\" data-end=\"3655\">\n<td data-start=\"3573\" data-end=\"3608\" data-col-size=\"sm\">\u012etampa<\/td>\n<td data-start=\"3608\" data-end=\"3655\" data-col-size=\"sm\">110 V \/ 220 V, 50 Hz \u2013 60 Hz<\/td>\n<\/tr>\n<tr data-start=\"3656\" data-end=\"3738\">\n<td data-start=\"3656\" data-end=\"3691\" data-col-size=\"sm\">Variklio galia<\/td>\n<td data-start=\"3691\" data-end=\"3738\" data-col-size=\"sm\">1000W<\/td>\n<\/tr>\n<tr data-start=\"3739\" data-end=\"3821\">\n<td data-start=\"3739\" data-end=\"3774\" data-col-size=\"sm\">Ma\u0161inos svoris<\/td>\n<td data-start=\"3774\" data-end=\"3821\" data-col-size=\"sm\">nenurodyta<\/td>\n<\/tr>\n<tr data-start=\"3822\" data-end=\"3905\">\n<td data-start=\"3822\" data-end=\"3857\" data-col-size=\"sm\">Ma\u0161inos matmenys<\/td>\n<td data-start=\"3857\" data-end=\"3905\" data-col-size=\"sm\">890 \u00d7 1040 \u00d7 2360 mm<\/td>\n<\/tr>\n<\/tbody>\n<\/table>\n<p>&nbsp;<\/p>\n<\/div>\n<\/div>\n<div style=\"border: 2px solid #0c2a6b; border-radius: 10px; padding: 20px; background-color: #ffffff; font-family: 'Swis 721', sans-serif; color: #0c2a6b;\">\n<h2 style=\"color: #0c2a6b; font-family: 'Heavitas', sans-serif; font-size: 22px; margin-top: 0;\">\ud83d\udd27 ARC palaikymas j\u016bs\u0173 \u012frenginiui<\/h2>\n<p>\u201eARC Distribution\u201c esame \u012fsipareigoj\u0119 teikti i\u0161samias garantinio aptarnavimo paslaugas. \u0160tai pagrindiniai \u0161iai ma\u0161inai skirti \u012frankiai:<\/p>\n<div style=\"display: flex; flex-direction: column; gap: 15px; margin-top: 15px;\">\n<div style=\"border-left: 5px solid #7aadd2; padding-left: 15px;\">\n<h3 style=\"margin: 0; font-size: 18px;\">\ud83d\udee0\ufe0f Tarptautin\u0117 technin\u0117 tarnyba<\/h3>\n<p style=\"margin: 5px 0;\">Raskite savo aptarnavimo centr\u0105 pagal \u0161al\u012f ir viet\u0105. Sertifikuotas profesionalus techninis aptarnavimas.<\/p>\n<p><a style=\"color: #0c2a6b; text-decoration: underline;\" href=\"https:\/\/distribucionarc.com\/lt\/techninis-aptarnavimas\/\" target=\"_blank\" rel=\"noopener\">\u017dr. technin\u0119 tarnyb\u0105<\/a><\/p>\n<\/div>\n<div style=\"border-left: 5px solid #7aadd2; padding-left: 15px;\">\n<h3 style=\"margin: 0; font-size: 18px;\">\ud83e\uddea Profilaktin\u0117 prie\u017ei\u016bra<\/h3>\n<p style=\"margin: 5px 0;\">Prailginkite savo \u012frenginio tarnavimo laik\u0105 reguliariai tikrindami, techni\u0161kai valydami ir atlikdami specializuotus reguliavimus.<\/p>\n<p><a style=\"color: #0c2a6b; text-decoration: underline;\" href=\"https:\/\/distribucionarc.com\/lt\/lanko-prevencine-prieziura\/\" target=\"_blank\" rel=\"noopener\">\u017dr. prie\u017ei\u016bros plan\u0105<\/a><\/p>\n<\/div>\n<div style=\"border-left: 5px solid #7aadd2; padding-left: 15px;\">\n<h3 style=\"margin: 0; font-size: 18px;\">\ud83d\udcc4 ARC garantija \u2013 A tipas<\/h3>\n<p style=\"margin: 5px 0;\">\u0160iam \u012frenginiui taikoma A tipo garantija, kuri apima remont\u0105, atsargines dalis ir visapusi\u0161k\u0105 palaikym\u0105 per vis\u0105 garantijos laikotarp\u012f.<\/p>\n<p><a style=\"color: #0c2a6b; text-decoration: underline;\" href=\"https:\/\/distribucionarc.com\/lt\/garantija-paskirstymas-lanka\/\" target=\"_blank\" rel=\"noopener\">Patikrinkite garantijos s\u0105lygas<\/a><\/p>\n<\/div>\n<\/div>\n<\/div>\n<p>&nbsp;<\/p>","protected":false},"excerpt":{"rendered":"<p>Automatin\u0117 pneumatin\u0117 pakavimo ma\u0161ina, idealiai tinkanti milteliams, granul\u0117ms ir net ledo kubeli\u0173 mai\u0161eliams. Gali dirbti \u017eemoje temperat\u016broje, pakuoti nuo 60 g iki 5 kg ir prisitaikyti prie \u012fvairi\u0173 maisto ir pramon\u0117s produkt\u0173.<\/p>","protected":false},"featured_media":17648,"comment_status":"open","ping_status":"closed","template":"","meta":{"wds_primary_product_brand":0,"wds_primary_product_cat":0},"product_brand":[],"product_cat":[22,15,21],"product_tag":[],"class_list":{"0":"post-17659","1":"product","2":"type-product","3":"status-publish","4":"has-post-thumbnail","6":"product_cat-llenadora-de-bolsas-granos-y-polvo","7":"product_cat-llenadoras-y-selladoras-automaticas-flow-pack-sachet","8":"product_cat-maquinas-llenadoras","9":"product_shipping_class-express","11":"first","12":"instock","13":"taxable","14":"shipping-taxable","15":"purchasable","16":"product-type-simple"},"yoast_head":"<!-- This site is optimized with the Yoast SEO Premium plugin v24.9 (Yoast SEO v26.1) - https:\/\/yoast.com\/wordpress\/plugins\/seo\/ -->\n<title>M\u00e1quina Envasadora Autom\u00e1tica 5 kilos Para Hielo Polvos Granulado - distribuci\u00f3n ARC<\/title>\n<meta name=\"description\" content=\"Envasadora neum\u00e1tica DARZD-720BQ para hielo en cubitos, polvos, granulados y bolsas de hasta 5 kg. Trabaja a bajas temperaturas. Precisa, resistente y vers\u00e1til.\" \/>\n<meta name=\"robots\" content=\"index, follow, max-snippet:-1, max-image-preview:large, max-video-preview:-1\" \/>\n<link rel=\"canonical\" href=\"https:\/\/www.distribucionarc.com\/en\/producto\/maquina-envasadora-automatica-5-kilos-para-hielo-polvos-granulado-2\/\" \/>\n<meta property=\"og:locale\" content=\"lt_LT\" \/>\n<meta property=\"og:type\" content=\"article\" \/>\n<meta property=\"og:title\" content=\"M\u00e1quina Envasadora Autom\u00e1tica 5 kilos Para Hielo Polvos Granulado\" \/>\n<meta property=\"og:description\" content=\"Envasadora neum\u00e1tica DARZD-720BQ para hielo en cubitos, polvos, granulados y bolsas de hasta 5 kg. Trabaja a bajas temperaturas. Precisa, resistente y vers\u00e1til.\" \/>\n<meta property=\"og:url\" content=\"https:\/\/www.distribucionarc.com\/en\/producto\/maquina-envasadora-automatica-5-kilos-para-hielo-polvos-granulado-2\/\" \/>\n<meta property=\"og:site_name\" content=\"distribuci\u00f3n ARC\" \/>\n<meta property=\"og:image\" content=\"https:\/\/www.distribucionarc.com\/wp-content\/uploads\/2025\/07\/Maquina-envasadora-automatica-para-hielo-en-cubitos.jpg\" \/>\n\t<meta property=\"og:image:width\" content=\"800\" \/>\n\t<meta property=\"og:image:height\" content=\"800\" \/>\n\t<meta property=\"og:image:type\" content=\"image\/jpeg\" \/>\n<meta name=\"twitter:card\" content=\"summary_large_image\" \/>\n<meta name=\"twitter:label1\" content=\"Est. reading time\" \/>\n\t<meta name=\"twitter:data1\" content=\"3 minut\u0117s\" \/>\n<script type=\"application\/ld+json\" class=\"yoast-schema-graph\">{\"@context\":\"https:\/\/schema.org\",\"@graph\":[{\"@type\":\"WebPage\",\"@id\":\"https:\/\/www.distribucionarc.com\/en\/producto\/maquina-envasadora-automatica-5-kilos-para-hielo-polvos-granulado-2\/\",\"url\":\"https:\/\/www.distribucionarc.com\/en\/producto\/maquina-envasadora-automatica-5-kilos-para-hielo-polvos-granulado-2\/\",\"name\":\"M\u00e1quina Envasadora Autom\u00e1tica 5 kilos Para Hielo Polvos Granulado - distribuci\u00f3n ARC\",\"isPartOf\":{\"@id\":\"https:\/\/www.distribucionarc.com\/de\/#website\"},\"primaryImageOfPage\":{\"@id\":\"https:\/\/www.distribucionarc.com\/en\/producto\/maquina-envasadora-automatica-5-kilos-para-hielo-polvos-granulado-2\/#primaryimage\"},\"image\":{\"@id\":\"https:\/\/www.distribucionarc.com\/en\/producto\/maquina-envasadora-automatica-5-kilos-para-hielo-polvos-granulado-2\/#primaryimage\"},\"thumbnailUrl\":\"https:\/\/distribucionarc.com\/wp-content\/uploads\/2025\/07\/Maquina-envasadora-automatica-para-hielo-en-cubitos.jpg\",\"datePublished\":\"2025-07-29T20:09:56+00:00\",\"description\":\"Envasadora neum\u00e1tica DARZD-720BQ para hielo en cubitos, polvos, granulados y bolsas de hasta 5 kg. Trabaja a bajas temperaturas. Precisa, resistente y vers\u00e1til.\",\"breadcrumb\":{\"@id\":\"https:\/\/www.distribucionarc.com\/en\/producto\/maquina-envasadora-automatica-5-kilos-para-hielo-polvos-granulado-2\/#breadcrumb\"},\"inLanguage\":\"lt-LT\",\"potentialAction\":[{\"@type\":\"ReadAction\",\"target\":[\"https:\/\/www.distribucionarc.com\/en\/producto\/maquina-envasadora-automatica-5-kilos-para-hielo-polvos-granulado-2\/\"]}]},{\"@type\":\"ImageObject\",\"inLanguage\":\"lt-LT\",\"@id\":\"https:\/\/www.distribucionarc.com\/en\/producto\/maquina-envasadora-automatica-5-kilos-para-hielo-polvos-granulado-2\/#primaryimage\",\"url\":\"https:\/\/distribucionarc.com\/wp-content\/uploads\/2025\/07\/Maquina-envasadora-automatica-para-hielo-en-cubitos.jpg\",\"contentUrl\":\"https:\/\/distribucionarc.com\/wp-content\/uploads\/2025\/07\/Maquina-envasadora-automatica-para-hielo-en-cubitos.jpg\",\"width\":800,\"height\":800,\"caption\":\"M\u00e1quina envasadora DARZD-720BQ en proceso de empaquetado de bolsas de cubitos de hielo de 60 g\"},{\"@type\":\"BreadcrumbList\",\"@id\":\"https:\/\/www.distribucionarc.com\/en\/producto\/maquina-envasadora-automatica-5-kilos-para-hielo-polvos-granulado-2\/#breadcrumb\",\"itemListElement\":[{\"@type\":\"ListItem\",\"position\":1,\"name\":\"Portada\",\"item\":\"https:\/\/www.distribucionarc.com\/en\/\"},{\"@type\":\"ListItem\",\"position\":2,\"name\":\"Products\",\"item\":\"https:\/\/www.distribucionarc.com\/en\/shop\/\"},{\"@type\":\"ListItem\",\"position\":3,\"name\":\"M\u00e1quina Envasadora Autom\u00e1tica 5 kilos Para Hielo Polvos Granulado\"}]},{\"@type\":\"WebSite\",\"@id\":\"https:\/\/www.distribucionarc.com\/de\/#website\",\"url\":\"https:\/\/www.distribucionarc.com\/de\/\",\"name\":\"distribuci\u00f3n ARC\",\"description\":\"Empresa especializada en la fabricaci\u00f3n y distribuci\u00f3n de maquinaria industrial, selladoras de latas, Maquinas de hacer pastillas, Maquinas de cortar carne...\",\"publisher\":{\"@id\":\"https:\/\/www.distribucionarc.com\/de\/#organization\"},\"potentialAction\":[{\"@type\":\"SearchAction\",\"target\":{\"@type\":\"EntryPoint\",\"urlTemplate\":\"https:\/\/www.distribucionarc.com\/de\/?s={search_term_string}\"},\"query-input\":{\"@type\":\"PropertyValueSpecification\",\"valueRequired\":true,\"valueName\":\"search_term_string\"}}],\"inLanguage\":\"lt-LT\"},{\"@type\":\"Organization\",\"@id\":\"https:\/\/www.distribucionarc.com\/de\/#organization\",\"name\":\"Distribuci\u00f3n ARC\",\"url\":\"https:\/\/www.distribucionarc.com\/de\/\",\"logo\":{\"@type\":\"ImageObject\",\"inLanguage\":\"lt-LT\",\"@id\":\"https:\/\/www.distribucionarc.com\/de\/#\/schema\/logo\/image\/\",\"url\":\"https:\/\/distribucionarc.com\/wp-content\/uploads\/2024\/10\/distribucion-ARC-COLOR-SIN-FONDO-e1732295305345.png\",\"contentUrl\":\"https:\/\/distribucionarc.com\/wp-content\/uploads\/2024\/10\/distribucion-ARC-COLOR-SIN-FONDO-e1732295305345.png\",\"width\":1164,\"height\":558,\"caption\":\"Distribuci\u00f3n ARC\"},\"image\":{\"@id\":\"https:\/\/www.distribucionarc.com\/de\/#\/schema\/logo\/image\/\"},\"description\":\"Empresa especializada en la fabricaci\u00f3n y distribuci\u00f3n de maquinaria industrial para los sectores alimentario y farmac\u00e9utico. Nos especializamos en: M\u00e1quinas de cortar carne Fabricaci\u00f3n de comprimidos Sistemas de transporte industrial L\u00edneas de embotellado Dosificadores Y mucho m\u00e1s... Ofrecemos soluciones innovadoras y personalizadas para optimizar los procesos productivos de tu empresa.\",\"email\":\"Admistracion@distribucionarc.com\",\"telephone\":\"+34 643496664\",\"legalName\":\"ARC TECH SOLUTIONS\",\"foundingDate\":\"2024-04-09\",\"vatID\":\"B55480172\",\"numberOfEmployees\":{\"@type\":\"QuantitativeValue\",\"minValue\":\"1\",\"maxValue\":\"10\"}}]}<\/script>\n<!-- \/ Yoast SEO Premium plugin. -->","yoast_head_json":{"title":"Automatinis 5 kilogram\u0173 granuliuoto ledo milteli\u0173 pakavimo aparatas - ARC distribution","description":"DARZD-720BQ pneumatin\u0117 pakavimo ma\u0161ina ledo kubeliams, milteliams, granul\u0117ms ir mai\u0161eliams iki 5 kg. Veikia \u017eemoje temperat\u016broje. Tiksli, patvari ir universali.","robots":{"index":"index","follow":"follow","max-snippet":"max-snippet:-1","max-image-preview":"max-image-preview:large","max-video-preview":"max-video-preview:-1"},"canonical":"https:\/\/www.distribucionarc.com\/en\/producto\/maquina-envasadora-automatica-5-kilos-para-hielo-polvos-granulado-2\/","og_locale":"lt_LT","og_type":"article","og_title":"M\u00e1quina Envasadora Autom\u00e1tica 5 kilos Para Hielo Polvos Granulado","og_description":"Envasadora neum\u00e1tica DARZD-720BQ para hielo en cubitos, polvos, granulados y bolsas de hasta 5 kg. Trabaja a bajas temperaturas. Precisa, resistente y vers\u00e1til.","og_url":"https:\/\/www.distribucionarc.com\/en\/producto\/maquina-envasadora-automatica-5-kilos-para-hielo-polvos-granulado-2\/","og_site_name":"distribuci\u00f3n ARC","og_image":[{"width":800,"height":800,"url":"https:\/\/www.distribucionarc.com\/wp-content\/uploads\/2025\/07\/Maquina-envasadora-automatica-para-hielo-en-cubitos.jpg","type":"image\/jpeg"}],"twitter_card":"summary_large_image","twitter_misc":{"Est. reading time":"3 minut\u0117s"},"schema":{"@context":"https:\/\/schema.org","@graph":[{"@type":"WebPage","@id":"https:\/\/www.distribucionarc.com\/en\/producto\/maquina-envasadora-automatica-5-kilos-para-hielo-polvos-granulado-2\/","url":"https:\/\/www.distribucionarc.com\/en\/producto\/maquina-envasadora-automatica-5-kilos-para-hielo-polvos-granulado-2\/","name":"Automatinis 5 kilogram\u0173 granuliuoto ledo milteli\u0173 pakavimo aparatas - ARC distribution","isPartOf":{"@id":"https:\/\/www.distribucionarc.com\/de\/#website"},"primaryImageOfPage":{"@id":"https:\/\/www.distribucionarc.com\/en\/producto\/maquina-envasadora-automatica-5-kilos-para-hielo-polvos-granulado-2\/#primaryimage"},"image":{"@id":"https:\/\/www.distribucionarc.com\/en\/producto\/maquina-envasadora-automatica-5-kilos-para-hielo-polvos-granulado-2\/#primaryimage"},"thumbnailUrl":"https:\/\/distribucionarc.com\/wp-content\/uploads\/2025\/07\/Maquina-envasadora-automatica-para-hielo-en-cubitos.jpg","datePublished":"2025-07-29T20:09:56+00:00","description":"DARZD-720BQ pneumatin\u0117 pakavimo ma\u0161ina ledo kubeliams, milteliams, granul\u0117ms ir mai\u0161eliams iki 5 kg. Veikia \u017eemoje temperat\u016broje. Tiksli, patvari ir universali.","breadcrumb":{"@id":"https:\/\/www.distribucionarc.com\/en\/producto\/maquina-envasadora-automatica-5-kilos-para-hielo-polvos-granulado-2\/#breadcrumb"},"inLanguage":"lt-LT","potentialAction":[{"@type":"ReadAction","target":["https:\/\/www.distribucionarc.com\/en\/producto\/maquina-envasadora-automatica-5-kilos-para-hielo-polvos-granulado-2\/"]}]},{"@type":"ImageObject","inLanguage":"lt-LT","@id":"https:\/\/www.distribucionarc.com\/en\/producto\/maquina-envasadora-automatica-5-kilos-para-hielo-polvos-granulado-2\/#primaryimage","url":"https:\/\/distribucionarc.com\/wp-content\/uploads\/2025\/07\/Maquina-envasadora-automatica-para-hielo-en-cubitos.jpg","contentUrl":"https:\/\/distribucionarc.com\/wp-content\/uploads\/2025\/07\/Maquina-envasadora-automatica-para-hielo-en-cubitos.jpg","width":800,"height":800,"caption":"M\u00e1quina envasadora DARZD-720BQ en proceso de empaquetado de bolsas de cubitos de hielo de 60 g"},{"@type":"BreadcrumbList","@id":"https:\/\/www.distribucionarc.com\/en\/producto\/maquina-envasadora-automatica-5-kilos-para-hielo-polvos-granulado-2\/#breadcrumb","itemListElement":[{"@type":"ListItem","position":1,"name":"Portada","item":"https:\/\/www.distribucionarc.com\/en\/"},{"@type":"ListItem","position":2,"name":"Products","item":"https:\/\/www.distribucionarc.com\/en\/shop\/"},{"@type":"ListItem","position":3,"name":"M\u00e1quina Envasadora Autom\u00e1tica 5 kilos Para Hielo Polvos Granulado"}]},{"@type":"WebSite","@id":"https:\/\/www.distribucionarc.com\/de\/#website","url":"https:\/\/www.distribucionarc.com\/de\/","name":"ARC paskirstymas","description":"\u012emon\u0117 specializuojasi pramonini\u0173 ma\u0161in\u0173, skardini\u0173 sandarinimo ma\u0161in\u0173, table\u010di\u0173 gamybos ma\u0161in\u0173, m\u0117sos pjaustymo ma\u0161in\u0173 gamyboje ir platinime...","publisher":{"@id":"https:\/\/www.distribucionarc.com\/de\/#organization"},"potentialAction":[{"@type":"SearchAction","target":{"@type":"EntryPoint","urlTemplate":"https:\/\/www.distribucionarc.com\/de\/?s={search_term_string}"},"query-input":{"@type":"PropertyValueSpecification","valueRequired":true,"valueName":"search_term_string"}}],"inLanguage":"lt-LT"},{"@type":"Organization","@id":"https:\/\/www.distribucionarc.com\/de\/#organization","name":"ARC platinimas","url":"https:\/\/www.distribucionarc.com\/de\/","logo":{"@type":"ImageObject","inLanguage":"lt-LT","@id":"https:\/\/www.distribucionarc.com\/de\/#\/schema\/logo\/image\/","url":"https:\/\/distribucionarc.com\/wp-content\/uploads\/2024\/10\/distribucion-ARC-COLOR-SIN-FONDO-e1732295305345.png","contentUrl":"https:\/\/distribucionarc.com\/wp-content\/uploads\/2024\/10\/distribucion-ARC-COLOR-SIN-FONDO-e1732295305345.png","width":1164,"height":558,"caption":"Distribuci\u00f3n ARC"},"image":{"@id":"https:\/\/www.distribucionarc.com\/de\/#\/schema\/logo\/image\/"},"description":"\u012emon\u0117 specializuojasi maisto ir farmacijos sektoriams skirt\u0173 pramonini\u0173 ma\u0161in\u0173 gamyboje ir platinime. M\u016bs\u0173 specializacija: M\u0117sos pjaustymo ma\u0161inos Table\u010di\u0173 gamyba Pramonin\u0117s transportavimo sistemos I\u0161pilstymo linijos Dozatoriai Ir dar daugiau... Si\u016blome novatori\u0161kus ir individualiems poreikiams pritaikytus sprendimus, kad optimizuotume j\u016bs\u0173 \u012fmon\u0117s gamybos procesus.","email":"Admistracion@distribucionarc.com","telephone":"+34 643496664","legalName":"ARC TECH SOLUTIONS","foundingDate":"2024-04-09","vatID":"B55480172","numberOfEmployees":{"@type":"QuantitativeValue","minValue":"1","maxValue":"10"}}]}},"_links":{"self":[{"href":"https:\/\/distribucionarc.com\/lt\/wp-json\/wp\/v2\/product\/17659","targetHints":{"allow":["GET"]}}],"collection":[{"href":"https:\/\/distribucionarc.com\/lt\/wp-json\/wp\/v2\/product"}],"about":[{"href":"https:\/\/distribucionarc.com\/lt\/wp-json\/wp\/v2\/types\/product"}],"replies":[{"embeddable":true,"href":"https:\/\/distribucionarc.com\/lt\/wp-json\/wp\/v2\/comments?post=17659"}],"version-history":[{"count":1,"href":"https:\/\/distribucionarc.com\/lt\/wp-json\/wp\/v2\/product\/17659\/revisions"}],"predecessor-version":[{"id":17660,"href":"https:\/\/distribucionarc.com\/lt\/wp-json\/wp\/v2\/product\/17659\/revisions\/17660"}],"wp:featuredmedia":[{"embeddable":true,"href":"https:\/\/distribucionarc.com\/lt\/wp-json\/wp\/v2\/media\/17648"}],"wp:attachment":[{"href":"https:\/\/distribucionarc.com\/lt\/wp-json\/wp\/v2\/media?parent=17659"}],"wp:term":[{"taxonomy":"product_brand","embeddable":true,"href":"https:\/\/distribucionarc.com\/lt\/wp-json\/wp\/v2\/product_brand?post=17659"},{"taxonomy":"product_cat","embeddable":true,"href":"https:\/\/distribucionarc.com\/lt\/wp-json\/wp\/v2\/product_cat?post=17659"},{"taxonomy":"product_tag","embeddable":true,"href":"https:\/\/distribucionarc.com\/lt\/wp-json\/wp\/v2\/product_tag?post=17659"}],"curies":[{"name":"wp","href":"https:\/\/api.w.org\/{rel}","templated":true}]}}