{"id":17778,"date":"2025-08-21T01:39:52","date_gmt":"2025-08-20T23:39:52","guid":{"rendered":"https:\/\/distribucionarc.com\/?post_type=product&#038;p=17778"},"modified":"2025-08-21T01:39:53","modified_gmt":"2025-08-20T23:39:53","slug":"vibruojantis-granuliatorius-trupintuvas-saltam-apdirbimui-ir-dregmei-jautriems-gaminiams","status":"publish","type":"product","link":"https:\/\/distribucionarc.com\/lt\/producto\/triturador-granulador-oscilante-trabajo-en-frio-productos-humedad\/","title":{"rendered":"Osciliacinis granuliatorius-trupintuvas \u0160altojo apdorojimo dr\u0117gm\u0117s produktai"},"content":{"rendered":"<p data-start=\"790\" data-end=\"1407\">Jis <strong data-start=\"793\" data-end=\"805\">YARK-160<\/strong> tai yra <strong data-start=\"812\" data-end=\"854\">osciliacinis mal\u016bnas \/ trupintuvas \/ granuliatorius<\/strong> didelis na\u0161umas, skirtas <strong data-start=\"889\" data-end=\"922\">produktai su didele dr\u0117gme<\/strong> arba <strong data-start=\"925\" data-end=\"947\">kar\u0161\u010diui jautrus<\/strong>Jo svyravimas <strong data-start=\"963\" data-end=\"971\">360\u00ba<\/strong> \u012f <strong data-start=\"974\" data-end=\"992\">\u224860 cikl\u0173\/min<\/strong> generuoja <strong data-start=\"1000\" data-end=\"1017\">mink\u0161ta kirpimo<\/strong>, su <strong data-start=\"1023\" data-end=\"1040\">ma\u017ea trintis<\/strong> ir <strong data-start=\"1043\" data-end=\"1071\">minimalus \u0161iluminis kilimas<\/strong>, kuris leid\u017eia <strong data-start=\"1088\" data-end=\"1133\">susmulkinti, deaglomeruoti ir \u0161altai granuliuoti<\/strong> be med\u017eiagos <strong data-start=\"1154\" data-end=\"1200\">lydosi, sulimpa arba praranda savybes<\/strong>.<br data-start=\"1201\" data-end=\"1204\" \/>Sukurta linijoms <strong data-start=\"1224\" data-end=\"1237\">tu t\u0119si<\/strong> ir intensyvi\u0173 pamain\u0173 pasi\u016blymai <strong data-start=\"1266\" data-end=\"1294\">kontroliuojamas daleli\u0173 dyd\u017eio pasiskirstymas<\/strong> (pagal tinklel\u012f) optimizuoti <strong data-start=\"1324\" data-end=\"1373\">mai\u0161ymas, dozavimas, ekstruzija, tabletavimas<\/strong> ir <strong data-start=\"1376\" data-end=\"1387\">sklandumas<\/strong> galutinio produkto.<\/p>\n<p data-start=\"1409\" data-end=\"1452\"><strong data-start=\"1409\" data-end=\"1450\">Pritaikymas ir med\u017eiagos (pavyzd\u017eiai):<\/strong><\/p>\n<ul data-start=\"1453\" data-end=\"2008\">\n<li data-start=\"1453\" data-end=\"1659\">\n<p data-start=\"1455\" data-end=\"1659\"><strong data-start=\"1455\" data-end=\"1471\">Maitinimas<\/strong>Sud\u0117tis: \u0161okoladas\/kakava (netirpintas), koncentruoti sultiniai\/\u201eAvecrem\u201c, dr\u0117gnas cukrus, dr\u0117gna j\u016bros druska, prieskoniai su aliejais, d\u017eiovinti vaisiai su likutine dr\u0117gme, premiksai ir perdirbimo produktai.<\/p>\n<\/li>\n<li data-start=\"1660\" data-end=\"1804\">\n<p data-start=\"1662\" data-end=\"1804\"><strong data-start=\"1662\" data-end=\"1678\">Farmacijos<\/strong>: <strong data-start=\"1680\" data-end=\"1702\">\u0161lapias granuliavimas<\/strong> table\u010di\u0173 milteli\u0173, pakartotinai susmulkint\u0173 table\u010di\u0173, <strong data-start=\"1756\" data-end=\"1773\">deaglomeruotas<\/strong> prie\u0161 mai\u0161ym\u0105 \/ kapsuliavim\u0105.<\/p>\n<\/li>\n<li data-start=\"1805\" data-end=\"1906\">\n<p data-start=\"1807\" data-end=\"1906\"><strong data-start=\"1807\" data-end=\"1820\">Kosmetika<\/strong>Muilo pagrindai, va\u0161kai, balzamai ir pastos; dyd\u017eio kontrol\u0117 <strong data-start=\"1882\" data-end=\"1903\">be perkaitimo<\/strong>.<\/p>\n<\/li>\n<li data-start=\"1907\" data-end=\"2008\">\n<p data-start=\"1909\" data-end=\"2008\"><strong data-start=\"1909\" data-end=\"1920\">Chemija<\/strong>higroskopiniai \/ reaktyv\u016bs milteliai, i\u0161 anksto granuliuoti <strong data-start=\"1972\" data-end=\"1988\">dozavimas<\/strong> ir <strong data-start=\"1991\" data-end=\"2007\">tankinimas<\/strong>.<\/p>\n<\/li>\n<\/ul>\n<p data-start=\"2010\" data-end=\"2031\"><strong data-start=\"2010\" data-end=\"2029\">Pagrindiniai privalumai:<\/strong><\/p>\n<ul data-start=\"2032\" data-end=\"2494\">\n<li data-start=\"2032\" data-end=\"2117\">\n<p data-start=\"2034\" data-end=\"2117\"><strong data-start=\"2034\" data-end=\"2053\">\u0160altas darbas<\/strong> \u2192 ma\u017eiau kli\u016bvan\u010di\u0173, ma\u017eiau problemini\u0173 baud\u0173, <strong data-start=\"2097\" data-end=\"2114\">stabilus srautas<\/strong>.<\/p>\n<\/li>\n<li data-start=\"2118\" data-end=\"2213\">\n<p data-start=\"2120\" data-end=\"2213\"><strong data-start=\"2120\" data-end=\"2146\">Na\u0161umas 200\u2013300 kg\/val.<\/strong> su <strong data-start=\"2151\" data-end=\"2167\">2,2 kW variklis<\/strong> \u2192 <strong data-start=\"2170\" data-end=\"2195\">energijos vartojimo efektyvumas<\/strong> ir <strong data-start=\"2198\" data-end=\"2210\">tvirtumas<\/strong>.<\/p>\n<\/li>\n<li data-start=\"2214\" data-end=\"2314\">\n<p data-start=\"2216\" data-end=\"2314\"><strong data-start=\"2216\" data-end=\"2236\">Ner\u016bdijantis plienas<\/strong>, kompakti\u0161kas dizainas, atsi\u017evelgiant \u012f jo dyd\u012f, <strong data-start=\"2270\" data-end=\"2289\">tinklelio keitimas<\/strong> ir <strong data-start=\"2292\" data-end=\"2311\">greitas valymas<\/strong>.<\/p>\n<\/li>\n<li data-start=\"2315\" data-end=\"2396\">\n<p data-start=\"2317\" data-end=\"2396\"><strong data-start=\"2317\" data-end=\"2341\">Integracija internete<\/strong>: pritaikomas bunkeris, vienodas i\u0161metimas, saugus veikimas.<\/p>\n<\/li>\n<li data-start=\"2397\" data-end=\"2494\">\n<p data-start=\"2399\" data-end=\"2494\"><strong data-start=\"2399\" data-end=\"2424\">ARC palaikymas Ispanijoje<\/strong>: konsultacijos, pasirenkamas paleidimas, atsargin\u0117s dalys ir technin\u0117 prie\u017ei\u016bra.<\/p>\n<\/li>\n<\/ul>\n<blockquote data-start=\"2496\" data-end=\"2710\">\n<p data-start=\"2498\" data-end=\"2710\"><strong data-start=\"2498\" data-end=\"2542\">Taip pat galima \u012fsigyti auk\u0161tesn\u0117s klas\u0117s modelius<\/strong> (didesn\u0117 anga ir srautas &gt;300 kg\/h). Rodo <strong data-start=\"2583\" data-end=\"2595\">med\u017eiaga<\/strong>, <strong data-start=\"2597\" data-end=\"2613\">% dr\u0117gm\u0117<\/strong>, <strong data-start=\"2615\" data-end=\"2643\">\u012fvesties \/ i\u0161vesties dydis<\/strong> ir <strong data-start=\"2646\" data-end=\"2665\">tikslinis srauto greitis<\/strong> rekomenduoti jus <strong data-start=\"2684\" data-end=\"2693\">tinklelis<\/strong> ir konfig\u016bracija.<\/p>\n<\/blockquote>\n<table class=\"tabla-especificaciones yark-160\">\n<thead>\n<tr>\n<th colspan=\"2\">Technin\u0117s specifikacijos \u2014 YARK-160<\/th>\n<\/tr>\n<\/thead>\n<tbody>\n<tr>\n<td>Modelis<\/td>\n<td>YARK-160<\/td>\n<\/tr>\n<tr>\n<td>Gamybos paj\u0117gumai<\/td>\n<td>200\u2013300 kg\/h (priklausomai nuo med\u017eiagos, dr\u0117gm\u0117s ir tinklelio)<\/td>\n<\/tr>\n<tr>\n<td>S\u016bpuoklinio rotoriaus skersmuo<\/td>\n<td>160 mm<\/td>\n<\/tr>\n<tr>\n<td>Eigos \/ pos\u016bkio kampas<\/td>\n<td>360\u00b0<\/td>\n<\/tr>\n<tr>\n<td>Osciliacijos da\u017enis<\/td>\n<td>\u2248 60 cikl\u0173\/min<\/td>\n<\/tr>\n<tr>\n<td>Variklio galia<\/td>\n<td>2,2 kW<\/td>\n<\/tr>\n<tr>\n<td>Svoris<\/td>\n<td>330 kg<\/td>\n<\/tr>\n<tr>\n<td>Matmenys (I \u00d7 P \u00d7 A)<\/td>\n<td>950 \u00d7 750 \u00d7 1240 mm<\/td>\n<\/tr>\n<tr>\n<td>Statybin\u0117 med\u017eiaga<\/td>\n<td>Ner\u016bdijantis plienas (tvirta konstrukcija, lengvai valomas)<\/td>\n<\/tr>\n<tr>\n<td>Operacijos<\/td>\n<td>Smulkinimas, \u0161altas \u0161lapias granuliavimas, deaglomeracija, homogenizavimas<\/td>\n<\/tr>\n<tr>\n<td>Profilaktin\u0117 prie\u017ei\u016bra<\/td>\n<td><a href=\"https:\/\/distribucionarc.com\/lt\/lanko-prevencine-prieziura\/\" target=\"_blank\" rel=\"noopener\">ARC prevencin\u0117s prie\u017ei\u016bros planas<\/a><\/td>\n<\/tr>\n<tr>\n<td>Technin\u0117 tarnyba<\/td>\n<td><a href=\"https:\/\/distribucionarc.com\/lt\/techninis-aptarnavimas\/\" target=\"_blank\" rel=\"noopener\">Specializuota technin\u0117 tarnyba (ie\u0161kokite pagal \u0161al\u012f ir viet\u0105)<\/a><\/td>\n<\/tr>\n<tr>\n<td>Taikoma garantija<\/td>\n<td>A tipas \u2014 <a href=\"https:\/\/distribucionarc.com\/lt\/garantija-paskirstymas-lanka\/\" target=\"_blank\" rel=\"noopener\">ARC platinimo garantija<\/a><\/td>\n<\/tr>\n<\/tbody>\n<\/table>\n<p>&nbsp;<\/p>\n<p>&nbsp;<\/p>","protected":false},"excerpt":{"rendered":"<p>Jis <strong data-start=\"400\" data-end=\"412\">YARK-160<\/strong> tai yra <strong data-start=\"419\" data-end=\"454\">vibracinis trupintuvas-granuliatorius<\/strong> i\u0161 <strong data-start=\"458\" data-end=\"491\">didelis na\u0161umas (200\u2013300 kg\/val.)<\/strong> u\u017e <strong data-start=\"497\" data-end=\"527\">\u0161altas \u0161lapias granuliavimas<\/strong>Idealiai tinka maistui, vaistams, kosmetikai ir chemikalams: <strong data-start=\"582\" data-end=\"620\">apsaugo nuo lydymosi, sulipimo ir sukiet\u0117jimo<\/strong>, pagerina <strong data-start=\"632\" data-end=\"641\">srautas<\/strong> ir <strong data-start=\"647\" data-end=\"663\">homogeni\u0161kumas<\/strong> granul\u0117s. <strong data-start=\"679\" data-end=\"718\">ARC technin\u0117 tarnyba Europoje ir Jungtin\u0117se Amerikos Valstijose<\/strong>\u00a0ir <strong data-start=\"721\" data-end=\"740\">A tipo garantija<\/strong>.<\/p>","protected":false},"featured_media":17784,"comment_status":"open","ping_status":"closed","template":"","meta":{"wds_primary_product_brand":0,"wds_primary_product_cat":0},"product_brand":[],"product_cat":[326],"product_tag":[],"class_list":{"0":"post-17778","1":"product","2":"type-product","3":"status-publish","4":"has-post-thumbnail","6":"product_cat-trituradoras-industriales","8":"first","9":"instock","10":"taxable","11":"shipping-taxable","12":"purchasable","13":"product-type-simple"},"yoast_head":"<!-- This site is optimized with the Yoast SEO Premium plugin v24.9 (Yoast SEO v26.1) - https:\/\/yoast.com\/wordpress\/plugins\/seo\/ -->\n<title>Triturador Granulador Oscilante Trabajo en fr\u00edo productos humedad - distribuci\u00f3n ARC<\/title>\n<meta name=\"description\" content=\"YARK-160: triturador oscilante 200\u2013300 kg\/h para granulaci\u00f3n h\u00fameda en fr\u00edo en alimentos, farmacia y cosm\u00e9tica. Garant\u00eda tipo A y SAT ARC en Europa y estados unidos\" \/>\n<meta name=\"robots\" content=\"index, follow, max-snippet:-1, max-image-preview:large, max-video-preview:-1\" \/>\n<link rel=\"canonical\" href=\"https:\/\/www.distribucionarc.com\/de\/producto\/triturador-granulador-oscilante-trabajo-en-frio-productos-humedad\/\" \/>\n<meta property=\"og:locale\" content=\"lt_LT\" \/>\n<meta property=\"og:type\" content=\"article\" \/>\n<meta property=\"og:title\" content=\"Triturador Granulador Oscilante Trabajo en fr\u00edo productos humedad\" \/>\n<meta property=\"og:description\" content=\"YARK-160: triturador oscilante 200\u2013300 kg\/h para granulaci\u00f3n h\u00fameda en fr\u00edo en alimentos, farmacia y cosm\u00e9tica. Garant\u00eda tipo A y SAT ARC en Europa y estados unidos\" \/>\n<meta property=\"og:url\" content=\"https:\/\/www.distribucionarc.com\/de\/producto\/triturador-granulador-oscilante-trabajo-en-frio-productos-humedad\/\" \/>\n<meta property=\"og:site_name\" content=\"distribuci\u00f3n ARC\" \/>\n<meta property=\"article:modified_time\" content=\"2025-08-20T23:39:53+00:00\" \/>\n<meta property=\"og:image\" content=\"https:\/\/www.distribucionarc.com\/wp-content\/uploads\/2025\/08\/Granulador-industrial-YARK-160-vista-lateral-derecha-completa.jpeg\" \/>\n\t<meta property=\"og:image:width\" content=\"800\" \/>\n\t<meta property=\"og:image:height\" content=\"800\" \/>\n\t<meta property=\"og:image:type\" content=\"image\/jpeg\" \/>\n<meta name=\"twitter:card\" content=\"summary_large_image\" \/>\n<meta name=\"twitter:label1\" content=\"Est. reading time\" \/>\n\t<meta name=\"twitter:data1\" content=\"2 minut\u0117s\" \/>\n<script type=\"application\/ld+json\" class=\"yoast-schema-graph\">{\"@context\":\"https:\/\/schema.org\",\"@graph\":[{\"@type\":\"WebPage\",\"@id\":\"https:\/\/www.distribucionarc.com\/de\/producto\/triturador-granulador-oscilante-trabajo-en-frio-productos-humedad\/\",\"url\":\"https:\/\/www.distribucionarc.com\/de\/producto\/triturador-granulador-oscilante-trabajo-en-frio-productos-humedad\/\",\"name\":\"Triturador Granulador Oscilante Trabajo en fr\u00edo productos humedad - distribuci\u00f3n ARC\",\"isPartOf\":{\"@id\":\"https:\/\/distribucionarc.com\/de\/#website\"},\"primaryImageOfPage\":{\"@id\":\"https:\/\/www.distribucionarc.com\/de\/producto\/triturador-granulador-oscilante-trabajo-en-frio-productos-humedad\/#primaryimage\"},\"image\":{\"@id\":\"https:\/\/www.distribucionarc.com\/de\/producto\/triturador-granulador-oscilante-trabajo-en-frio-productos-humedad\/#primaryimage\"},\"thumbnailUrl\":\"https:\/\/distribucionarc.com\/wp-content\/uploads\/2025\/08\/Granulador-industrial-YARK-160-vista-lateral-derecha-completa.jpeg\",\"datePublished\":\"2025-08-20T23:39:52+00:00\",\"dateModified\":\"2025-08-20T23:39:53+00:00\",\"description\":\"YARK-160: triturador oscilante 200\u2013300 kg\/h para granulaci\u00f3n h\u00fameda en fr\u00edo en alimentos, farmacia y cosm\u00e9tica. Garant\u00eda tipo A y SAT ARC en Europa y estados unidos\",\"breadcrumb\":{\"@id\":\"https:\/\/www.distribucionarc.com\/de\/producto\/triturador-granulador-oscilante-trabajo-en-frio-productos-humedad\/#breadcrumb\"},\"inLanguage\":\"lt-LT\",\"potentialAction\":[{\"@type\":\"ReadAction\",\"target\":[\"https:\/\/www.distribucionarc.com\/de\/producto\/triturador-granulador-oscilante-trabajo-en-frio-productos-humedad\/\"]}]},{\"@type\":\"ImageObject\",\"inLanguage\":\"lt-LT\",\"@id\":\"https:\/\/www.distribucionarc.com\/de\/producto\/triturador-granulador-oscilante-trabajo-en-frio-productos-humedad\/#primaryimage\",\"url\":\"https:\/\/distribucionarc.com\/wp-content\/uploads\/2025\/08\/Granulador-industrial-YARK-160-vista-lateral-derecha-completa.jpeg\",\"contentUrl\":\"https:\/\/distribucionarc.com\/wp-content\/uploads\/2025\/08\/Granulador-industrial-YARK-160-vista-lateral-derecha-completa.jpeg\",\"width\":800,\"height\":800,\"caption\":\"Vista lateral completa del YARK-160 en posici\u00f3n de trabajo\"},{\"@type\":\"BreadcrumbList\",\"@id\":\"https:\/\/www.distribucionarc.com\/de\/producto\/triturador-granulador-oscilante-trabajo-en-frio-productos-humedad\/#breadcrumb\",\"itemListElement\":[{\"@type\":\"ListItem\",\"position\":1,\"name\":\"Portada\",\"item\":\"https:\/\/distribucionarc.com\/pl\/\"},{\"@type\":\"ListItem\",\"position\":2,\"name\":\"Produkty\",\"item\":\"https:\/\/distribucionarc.com\/pl\/shop\/\"},{\"@type\":\"ListItem\",\"position\":3,\"name\":\"Triturador Granulador Oscilante Trabajo en fr\u00edo productos humedad\"}]},{\"@type\":\"WebSite\",\"@id\":\"https:\/\/distribucionarc.com\/de\/#website\",\"url\":\"https:\/\/distribucionarc.com\/de\/\",\"name\":\"distribuci\u00f3n ARC\",\"description\":\"Empresa especializada en la fabricaci\u00f3n y distribuci\u00f3n de maquinaria industrial, selladoras de latas, Maquinas de hacer pastillas, Maquinas de cortar carne...\",\"publisher\":{\"@id\":\"https:\/\/distribucionarc.com\/de\/#organization\"},\"potentialAction\":[{\"@type\":\"SearchAction\",\"target\":{\"@type\":\"EntryPoint\",\"urlTemplate\":\"https:\/\/distribucionarc.com\/de\/?s={search_term_string}\"},\"query-input\":{\"@type\":\"PropertyValueSpecification\",\"valueRequired\":true,\"valueName\":\"search_term_string\"}}],\"inLanguage\":\"lt-LT\"},{\"@type\":\"Organization\",\"@id\":\"https:\/\/distribucionarc.com\/de\/#organization\",\"name\":\"Distribuci\u00f3n ARC\",\"url\":\"https:\/\/distribucionarc.com\/de\/\",\"logo\":{\"@type\":\"ImageObject\",\"inLanguage\":\"lt-LT\",\"@id\":\"https:\/\/distribucionarc.com\/de\/#\/schema\/logo\/image\/\",\"url\":\"https:\/\/distribucionarc.com\/wp-content\/uploads\/2024\/10\/distribucion-ARC-COLOR-SIN-FONDO-e1732295305345.png\",\"contentUrl\":\"https:\/\/distribucionarc.com\/wp-content\/uploads\/2024\/10\/distribucion-ARC-COLOR-SIN-FONDO-e1732295305345.png\",\"width\":1164,\"height\":558,\"caption\":\"Distribuci\u00f3n ARC\"},\"image\":{\"@id\":\"https:\/\/distribucionarc.com\/de\/#\/schema\/logo\/image\/\"},\"description\":\"Empresa especializada en la fabricaci\u00f3n y distribuci\u00f3n de maquinaria industrial para los sectores alimentario y farmac\u00e9utico. Nos especializamos en: M\u00e1quinas de cortar carne Fabricaci\u00f3n de comprimidos Sistemas de transporte industrial L\u00edneas de embotellado Dosificadores Y mucho m\u00e1s... Ofrecemos soluciones innovadoras y personalizadas para optimizar los procesos productivos de tu empresa.\",\"email\":\"Admistracion@distribucionarc.com\",\"telephone\":\"+34 643496664\",\"legalName\":\"ARC TECH SOLUTIONS\",\"foundingDate\":\"2024-04-09\",\"vatID\":\"B55480172\",\"numberOfEmployees\":{\"@type\":\"QuantitativeValue\",\"minValue\":\"1\",\"maxValue\":\"10\"}}]}<\/script>\n<!-- \/ Yoast SEO Premium plugin. -->","yoast_head_json":{"title":"Osciliacinis granuliatorius-trupintuvas. Dr\u0117gmei jautri\u0173 produkt\u0173 \u0161altas apdorojimas \u2013 ARC platinimas.","description":"YARK-160: 200\u2013300 kg\/val. na\u0161umo vibracinis trupintuvas \u0161altam \u0161lapiam granuliavimui maisto, farmacijos ir kosmetikos pramon\u0117je. A tipo garantija ir SAT ARC Europoje ir Jungtin\u0117se Amerikos Valstijose.","robots":{"index":"index","follow":"follow","max-snippet":"max-snippet:-1","max-image-preview":"max-image-preview:large","max-video-preview":"max-video-preview:-1"},"canonical":"https:\/\/www.distribucionarc.com\/de\/producto\/triturador-granulador-oscilante-trabajo-en-frio-productos-humedad\/","og_locale":"lt_LT","og_type":"article","og_title":"Triturador Granulador Oscilante Trabajo en fr\u00edo productos humedad","og_description":"YARK-160: triturador oscilante 200\u2013300 kg\/h para granulaci\u00f3n h\u00fameda en fr\u00edo en alimentos, farmacia y cosm\u00e9tica. Garant\u00eda tipo A y SAT ARC en Europa y estados unidos","og_url":"https:\/\/www.distribucionarc.com\/de\/producto\/triturador-granulador-oscilante-trabajo-en-frio-productos-humedad\/","og_site_name":"distribuci\u00f3n ARC","article_modified_time":"2025-08-20T23:39:53+00:00","og_image":[{"width":800,"height":800,"url":"https:\/\/www.distribucionarc.com\/wp-content\/uploads\/2025\/08\/Granulador-industrial-YARK-160-vista-lateral-derecha-completa.jpeg","type":"image\/jpeg"}],"twitter_card":"summary_large_image","twitter_misc":{"Est. reading time":"2 minut\u0117s"},"schema":{"@context":"https:\/\/schema.org","@graph":[{"@type":"WebPage","@id":"https:\/\/www.distribucionarc.com\/de\/producto\/triturador-granulador-oscilante-trabajo-en-frio-productos-humedad\/","url":"https:\/\/www.distribucionarc.com\/de\/producto\/triturador-granulador-oscilante-trabajo-en-frio-productos-humedad\/","name":"Osciliacinis granuliatorius-trupintuvas. Dr\u0117gmei jautri\u0173 produkt\u0173 \u0161altas apdorojimas \u2013 ARC platinimas.","isPartOf":{"@id":"https:\/\/distribucionarc.com\/de\/#website"},"primaryImageOfPage":{"@id":"https:\/\/www.distribucionarc.com\/de\/producto\/triturador-granulador-oscilante-trabajo-en-frio-productos-humedad\/#primaryimage"},"image":{"@id":"https:\/\/www.distribucionarc.com\/de\/producto\/triturador-granulador-oscilante-trabajo-en-frio-productos-humedad\/#primaryimage"},"thumbnailUrl":"https:\/\/distribucionarc.com\/wp-content\/uploads\/2025\/08\/Granulador-industrial-YARK-160-vista-lateral-derecha-completa.jpeg","datePublished":"2025-08-20T23:39:52+00:00","dateModified":"2025-08-20T23:39:53+00:00","description":"YARK-160: 200\u2013300 kg\/val. na\u0161umo vibracinis trupintuvas \u0161altam \u0161lapiam granuliavimui maisto, farmacijos ir kosmetikos pramon\u0117je. A tipo garantija ir SAT ARC Europoje ir Jungtin\u0117se Amerikos Valstijose.","breadcrumb":{"@id":"https:\/\/www.distribucionarc.com\/de\/producto\/triturador-granulador-oscilante-trabajo-en-frio-productos-humedad\/#breadcrumb"},"inLanguage":"lt-LT","potentialAction":[{"@type":"ReadAction","target":["https:\/\/www.distribucionarc.com\/de\/producto\/triturador-granulador-oscilante-trabajo-en-frio-productos-humedad\/"]}]},{"@type":"ImageObject","inLanguage":"lt-LT","@id":"https:\/\/www.distribucionarc.com\/de\/producto\/triturador-granulador-oscilante-trabajo-en-frio-productos-humedad\/#primaryimage","url":"https:\/\/distribucionarc.com\/wp-content\/uploads\/2025\/08\/Granulador-industrial-YARK-160-vista-lateral-derecha-completa.jpeg","contentUrl":"https:\/\/distribucionarc.com\/wp-content\/uploads\/2025\/08\/Granulador-industrial-YARK-160-vista-lateral-derecha-completa.jpeg","width":800,"height":800,"caption":"Vista lateral completa del YARK-160 en posici\u00f3n de trabajo"},{"@type":"BreadcrumbList","@id":"https:\/\/www.distribucionarc.com\/de\/producto\/triturador-granulador-oscilante-trabajo-en-frio-productos-humedad\/#breadcrumb","itemListElement":[{"@type":"ListItem","position":1,"name":"Portada","item":"https:\/\/distribucionarc.com\/pl\/"},{"@type":"ListItem","position":2,"name":"Produkty","item":"https:\/\/distribucionarc.com\/pl\/shop\/"},{"@type":"ListItem","position":3,"name":"Triturador Granulador Oscilante Trabajo en fr\u00edo productos humedad"}]},{"@type":"WebSite","@id":"https:\/\/distribucionarc.com\/de\/#website","url":"https:\/\/distribucionarc.com\/de\/","name":"ARC paskirstymas","description":"\u012emon\u0117 specializuojasi pramonini\u0173 ma\u0161in\u0173, skardini\u0173 sandarinimo ma\u0161in\u0173, table\u010di\u0173 gamybos ma\u0161in\u0173, m\u0117sos pjaustymo ma\u0161in\u0173 gamyboje ir platinime...","publisher":{"@id":"https:\/\/distribucionarc.com\/de\/#organization"},"potentialAction":[{"@type":"SearchAction","target":{"@type":"EntryPoint","urlTemplate":"https:\/\/distribucionarc.com\/de\/?s={search_term_string}"},"query-input":{"@type":"PropertyValueSpecification","valueRequired":true,"valueName":"search_term_string"}}],"inLanguage":"lt-LT"},{"@type":"Organization","@id":"https:\/\/distribucionarc.com\/de\/#organization","name":"ARC platinimas","url":"https:\/\/distribucionarc.com\/de\/","logo":{"@type":"ImageObject","inLanguage":"lt-LT","@id":"https:\/\/distribucionarc.com\/de\/#\/schema\/logo\/image\/","url":"https:\/\/distribucionarc.com\/wp-content\/uploads\/2024\/10\/distribucion-ARC-COLOR-SIN-FONDO-e1732295305345.png","contentUrl":"https:\/\/distribucionarc.com\/wp-content\/uploads\/2024\/10\/distribucion-ARC-COLOR-SIN-FONDO-e1732295305345.png","width":1164,"height":558,"caption":"Distribuci\u00f3n ARC"},"image":{"@id":"https:\/\/distribucionarc.com\/de\/#\/schema\/logo\/image\/"},"description":"\u012emon\u0117 specializuojasi maisto ir farmacijos sektoriams skirt\u0173 pramonini\u0173 ma\u0161in\u0173 gamyboje ir platinime. M\u016bs\u0173 specializacija: M\u0117sos pjaustymo ma\u0161inos Table\u010di\u0173 gamyba Pramonin\u0117s transportavimo sistemos I\u0161pilstymo linijos Dozatoriai Ir dar daugiau... Si\u016blome novatori\u0161kus ir individualiems poreikiams pritaikytus sprendimus, kad optimizuotume j\u016bs\u0173 \u012fmon\u0117s gamybos procesus.","email":"Admistracion@distribucionarc.com","telephone":"+34 643496664","legalName":"ARC TECH SOLUTIONS","foundingDate":"2024-04-09","vatID":"B55480172","numberOfEmployees":{"@type":"QuantitativeValue","minValue":"1","maxValue":"10"}}]}},"_links":{"self":[{"href":"https:\/\/distribucionarc.com\/lt\/wp-json\/wp\/v2\/product\/17778","targetHints":{"allow":["GET"]}}],"collection":[{"href":"https:\/\/distribucionarc.com\/lt\/wp-json\/wp\/v2\/product"}],"about":[{"href":"https:\/\/distribucionarc.com\/lt\/wp-json\/wp\/v2\/types\/product"}],"replies":[{"embeddable":true,"href":"https:\/\/distribucionarc.com\/lt\/wp-json\/wp\/v2\/comments?post=17778"}],"version-history":[{"count":1,"href":"https:\/\/distribucionarc.com\/lt\/wp-json\/wp\/v2\/product\/17778\/revisions"}],"predecessor-version":[{"id":17785,"href":"https:\/\/distribucionarc.com\/lt\/wp-json\/wp\/v2\/product\/17778\/revisions\/17785"}],"wp:featuredmedia":[{"embeddable":true,"href":"https:\/\/distribucionarc.com\/lt\/wp-json\/wp\/v2\/media\/17784"}],"wp:attachment":[{"href":"https:\/\/distribucionarc.com\/lt\/wp-json\/wp\/v2\/media?parent=17778"}],"wp:term":[{"taxonomy":"product_brand","embeddable":true,"href":"https:\/\/distribucionarc.com\/lt\/wp-json\/wp\/v2\/product_brand?post=17778"},{"taxonomy":"product_cat","embeddable":true,"href":"https:\/\/distribucionarc.com\/lt\/wp-json\/wp\/v2\/product_cat?post=17778"},{"taxonomy":"product_tag","embeddable":true,"href":"https:\/\/distribucionarc.com\/lt\/wp-json\/wp\/v2\/product_tag?post=17778"}],"curies":[{"name":"wp","href":"https:\/\/api.w.org\/{rel}","templated":true}]}}