{"id":1802,"date":"2020-07-31T11:04:46","date_gmt":"2020-07-31T11:04:46","guid":{"rendered":"https:\/\/distribucionarc.com\/?post_type=product&#038;p=1802"},"modified":"2020-09-27T14:06:11","modified_gmt":"2020-09-27T14:06:11","slug":"grudu-ir-miltu-uzpildo-dozatorius","status":"publish","type":"product","link":"https:\/\/distribucionarc.com\/lt\/producto\/llenadora-dosificadora-de-granos-y-harinas\/","title":{"rendered":"3 kg gr\u016bd\u0173 ir milt\u0173 dozavimo u\u017epildas"},"content":{"rendered":"<h3>Dozavimo u\u017epildas milteliams, gr\u016bdams, miltams<\/h3>\n<p>Korpusas ir bunkeris <strong>u\u017epildas<\/strong> i\u0161 <strong><span style=\"color: #ff0000;\">KAM<\/span><span style=\"color: #0000ff;\">R<\/span>c<\/strong> Jie pagaminti i\u0161 maistinio ner\u016bdijan\u010dio plieno, patvar\u016bs ilg\u0105 laik\u0105. Lengvas atidarymas ir u\u017edarymas d\u0117l tvirt\u0173 sag\u010di\u0173. Bunkerio talpa: 25\u201350 kg.<\/p>\n<p>Su skaidriu langu<strong> dozatorius <span style=\"color: #ff0000;\">KAM<\/span><span style=\"color: #0000ff;\">R<\/span>CDLE3<\/strong> matomas, leid\u017eia vartotojams steb\u0117ti vidin\u012f veikim\u0105. Jie gali dalyvauti pildant dozavimo kojiniu jungikliu. 4 universal\u016bs ratai yra patog\u016bs jud\u0117ti<\/p>\n<p>Didelio tikslumo mikrokompiuterio valdymo sistema paver\u010dia sv\u0117rimo ir pildymo proces\u0105 moksli\u0161ku ir suma\u017eina klaid\u0173 skai\u010di\u0173. Lengva naudoti. The <strong>pildymo ma\u0161ina<\/strong> Turi didelio galingumo vibratori\u0173, kuris pagreitina pildymo greit\u012f ir leid\u017eia skland\u017eiai tek\u0117ti u\u017epildymui. U\u017epildo svoris: 10-3000g.<\/p>\n<p>\u012evesties garsumas reguliuojamas skale, taip pat galima reguliuoti i\u0161vesties garsum\u0105. \u012erengtas infraraudon\u0173j\u0173 spinduli\u0173 indukcinis \u012frenginys automatiniam maskavimui.<\/p>\n<p>Tai<strong> automatin\u0117 sv\u0117rimo ma\u0161ina<\/strong> Jis tinka smulkiems milteliams, cheminiams milteliams, valgomiesiems milteliams, kavos milteliams ir kitoms sausoms ir mobilioms med\u017eiagoms.<\/p>\n<h6><strong>Garantija\u00a0<span style=\"color: #ff0000;\">KAM<\/span><span style=\"color: #0000ff;\">R<\/span>C 2 METAI<\/strong><\/h6>\n<h6><span style=\"color: #008000;\">Efektyvus automatinis dozatorius, ma\u017eas suvartojimas 250w<\/span><\/h6>\n<h6><strong>\u012ftraukta technin\u0117 pagalba<\/strong><\/h6>\n<p>&nbsp;<\/p>\n<table role=\"presentation\" width=\"100%\" cellspacing=\"0\" cellpadding=\"0\">\n<tbody>\n<tr>\n<td class=\"attrLabels\">Prekinis \u017eenklas:<\/td>\n<td width=\"50.0%\">ARC<\/td>\n<\/tr>\n<tr>\n<td class=\"attrLabels\">Platinimo \u0161alis:<\/td>\n<td width=\"50.0%\">Ispanija, Vokietija, JAV<\/td>\n<td class=\"attrLabels\">Svoris:<\/td>\n<td width=\"50.0%\">50 kg<\/td>\n<\/tr>\n<tr>\n<td class=\"attrLabels\">Prekinis \u017eenklas:<\/td>\n<td width=\"50.0%\">ARC<\/td>\n<td class=\"attrLabels\">Auk\u0161tis:<\/td>\n<td width=\"50.0%\">130 cm<\/td>\n<\/tr>\n<tr>\n<td class=\"attrLabels\">Spalva:<\/td>\n<td width=\"50.0%\">Sidabras<\/td>\n<td class=\"attrLabels\">Ilgas:<\/td>\n<td width=\"50.0%\">36 cm<\/td>\n<\/tr>\n<tr>\n<td class=\"attrLabels\">Produkto tipas:<\/td>\n<td width=\"50.0%\">Automatinis pildymo dozatorius<\/td>\n<td class=\"attrLabels\">Platus:<\/td>\n<td width=\"50.0%\">57 cm<\/td>\n<\/tr>\n<tr>\n<td class=\"attrLabels\">Gamintojo numeris:<\/td>\n<td width=\"50.0%\">ARCDLE3<\/td>\n<td class=\"attrLabels\">Galia:<\/td>\n<td width=\"50.0%\">250W<\/td>\n<\/tr>\n<tr>\n<td class=\"attrLabels\">Med\u017eiaga:<\/td>\n<td width=\"50.0%\">ner\u016bdijantis plienas, mikrokompiuteriai, automatinis valdymas<\/td>\n<td class=\"attrLabels\">\u012f\u0117jimo \u012ftampa<\/td>\n<td width=\"50.0%\">220V \u2013 60Hz<\/td>\n<\/tr>\n<tr>\n<td class=\"attrLabels\">Garantija:<\/td>\n<td width=\"50.0%\">\u00a0 2 metai<\/td>\n<td class=\"attrLabels\">Pakavimo greitis:<\/td>\n<td width=\"50.0%\">6\u201312 mai\u0161eli\u0173 per minut\u0119<\/td>\n<\/tr>\n<tr>\n<td class=\"attrLabels\">Montavimo \u012frankiai:<\/td>\n<td width=\"50.0%\">Taip<\/td>\n<td class=\"attrLabels\">Pakavimo talpa:<\/td>\n<td width=\"50.0%\">\u00a010-3000 gram\u0173<\/td>\n<\/tr>\n<\/tbody>\n<\/table>\n<p>&nbsp;<\/p>","protected":false},"excerpt":{"rendered":"<h2>Dozavimo u\u017epildas milteliams, gr\u016bdams, miltams<\/h2>\n<p><span style=\"color: #ff0000;\"><strong>KAM<\/strong><\/span><span style=\"color: #0000ff;\"><strong>R<\/strong><\/span><strong>c<\/strong>\u00a0si\u016blo keli\u0173 tip\u0173 sprendimus pramon\u0117s \u0161akoms, kurios dirba su milteliais, gr\u016bdais ir miltais. Su \u0161iuo <strong>dozatorius<\/strong> i\u0161 <strong>3 kg<\/strong>, j\u016bs\u0173 gamyba bus akimirksniu.<\/p>\n<p>Tai <strong>milteli\u0173 pildymo ma\u0161ina<\/strong> Jis yra geras pagalbininkas, apsaugantis nuo vis\u0173 r\u016b\u0161i\u0173 daleli\u0173, dulki\u0173 ir komponent\u0173. Tai <strong>u\u017epildas<\/strong> i\u0161<strong><span style=\"color: #ff0000;\"> KAM<\/span><span style=\"color: #0000ff;\">R<\/span>c<\/strong> Daleli\u0173 filtras turi automatin\u0119 mikrokompiuterio valdymo sistem\u0105, visi\u0161kai garantuojan\u010di\u0105 auk\u0161t\u0105 pildymo proceso greit\u012f ir tikslum\u0105. Tai nuostabus \u012frenginys, galintis patenkinti \u012fvairius poreikius. Puikiai tinka pramoniniam naudojimui.<\/p>\n<h6><strong>Garantija\u00a0<span style=\"color: #ff0000;\">KAM<\/span><span style=\"color: #0000ff;\">R<\/span>C 2 METAI<\/strong><\/h6>\n<h6><span style=\"color: #008000;\">Efektyvus automatinis dozatorius, ma\u017eas suvartojimas 250w<\/span><\/h6>\n<h6><strong>\u012ftraukta technin\u0117 pagalba<\/strong><\/h6>\n<p>&nbsp;<\/p>","protected":false},"featured_media":1809,"comment_status":"open","ping_status":"closed","template":"","meta":{"wds_primary_product_brand":0,"wds_primary_product_cat":0},"product_brand":[],"product_cat":[22,21],"product_tag":[],"class_list":{"0":"post-1802","1":"product","2":"type-product","3":"status-publish","4":"has-post-thumbnail","6":"product_cat-llenadora-de-bolsas-granos-y-polvo","7":"product_cat-maquinas-llenadoras","8":"product_shipping_class-express","10":"first","11":"instock","12":"sale","13":"taxable","14":"shipping-taxable","15":"purchasable","16":"product-type-simple"},"yoast_head":"<!-- This site is optimized with the Yoast SEO Premium plugin v24.9 (Yoast SEO v26.1) - https:\/\/yoast.com\/wordpress\/plugins\/seo\/ -->\n<title>Llenadora dosificadora de granos y harinas 3Kg - distribuci\u00f3n ARC<\/title>\n<meta name=\"robots\" content=\"index, follow, max-snippet:-1, max-image-preview:large, max-video-preview:-1\" \/>\n<link rel=\"canonical\" href=\"https:\/\/www.distribucionarc.com\/tr\/producto\/llenadora-dosificadora-de-granos-y-harinas\/\" \/>\n<meta property=\"og:locale\" content=\"lt_LT\" \/>\n<meta property=\"og:type\" content=\"article\" \/>\n<meta property=\"og:title\" content=\"Llenadora dosificadora de granos y harinas 3Kg\" \/>\n<meta property=\"og:description\" content=\"Llenadora dosificadora de polvos, granos, harinas ARC\u00a0ofrece varios tipos de soluciones para las industrias que trabajan con polvos, granos y harinas. Con esta dosificadora de 3 Kg, su producci\u00f3n ser\u00e1 instant\u00e1nea.  Esta m\u00e1quina de llenado de polvo sirve como un buen asistente en el asegurador de todo tipo de part\u00edculas, polvo y componentes. Esta llenadora de ARC de part\u00edculas dispone de un sistema autom\u00e1tico de control con microordenador, garantizando plenamente la alta velocidad y precisi\u00f3n del proceso de llenado. Es un dispositivo maravilloso que puede satisfacer diferentes necesidades. Perfecto para uso industrial. Garant\u00eda\u00a0ARC 2 A\u00d1OS Dosificadora autom\u00e1tica eficiente, bajo consumo 250w soporte t\u00e9cnico incluido &nbsp;\" \/>\n<meta property=\"og:url\" content=\"https:\/\/www.distribucionarc.com\/tr\/producto\/llenadora-dosificadora-de-granos-y-harinas\/\" \/>\n<meta property=\"og:site_name\" content=\"distribuci\u00f3n ARC\" \/>\n<meta property=\"article:modified_time\" content=\"2020-09-27T14:06:11+00:00\" \/>\n<meta property=\"og:image\" content=\"https:\/\/www.distribucionarc.com\/wp-content\/uploads\/2020\/07\/Llenadora-dosificadora-de-granos-y-harinas-0.jpg\" \/>\n\t<meta property=\"og:image:width\" content=\"1600\" \/>\n\t<meta property=\"og:image:height\" content=\"1600\" \/>\n\t<meta property=\"og:image:type\" content=\"image\/jpeg\" \/>\n<meta name=\"twitter:card\" content=\"summary_large_image\" \/>\n<meta name=\"twitter:label1\" content=\"Est. reading time\" \/>\n\t<meta name=\"twitter:data1\" content=\"1 minut\u0117\" \/>\n<script type=\"application\/ld+json\" class=\"yoast-schema-graph\">{\"@context\":\"https:\/\/schema.org\",\"@graph\":[{\"@type\":\"WebPage\",\"@id\":\"https:\/\/www.distribucionarc.com\/tr\/producto\/llenadora-dosificadora-de-granos-y-harinas\/\",\"url\":\"https:\/\/www.distribucionarc.com\/tr\/producto\/llenadora-dosificadora-de-granos-y-harinas\/\",\"name\":\"Llenadora dosificadora de granos y harinas 3Kg - distribuci\u00f3n ARC\",\"isPartOf\":{\"@id\":\"https:\/\/distribucionarc.com\/de\/#website\"},\"primaryImageOfPage\":{\"@id\":\"https:\/\/www.distribucionarc.com\/tr\/producto\/llenadora-dosificadora-de-granos-y-harinas\/#primaryimage\"},\"image\":{\"@id\":\"https:\/\/www.distribucionarc.com\/tr\/producto\/llenadora-dosificadora-de-granos-y-harinas\/#primaryimage\"},\"thumbnailUrl\":\"https:\/\/distribucionarc.com\/wp-content\/uploads\/2020\/07\/Llenadora-dosificadora-de-granos-y-harinas-0.jpg\",\"datePublished\":\"2020-07-31T11:04:46+00:00\",\"dateModified\":\"2020-09-27T14:06:11+00:00\",\"breadcrumb\":{\"@id\":\"https:\/\/www.distribucionarc.com\/tr\/producto\/llenadora-dosificadora-de-granos-y-harinas\/#breadcrumb\"},\"inLanguage\":\"lt-LT\",\"potentialAction\":[{\"@type\":\"ReadAction\",\"target\":[\"https:\/\/www.distribucionarc.com\/tr\/producto\/llenadora-dosificadora-de-granos-y-harinas\/\"]}]},{\"@type\":\"ImageObject\",\"inLanguage\":\"lt-LT\",\"@id\":\"https:\/\/www.distribucionarc.com\/tr\/producto\/llenadora-dosificadora-de-granos-y-harinas\/#primaryimage\",\"url\":\"https:\/\/distribucionarc.com\/wp-content\/uploads\/2020\/07\/Llenadora-dosificadora-de-granos-y-harinas-0.jpg\",\"contentUrl\":\"https:\/\/distribucionarc.com\/wp-content\/uploads\/2020\/07\/Llenadora-dosificadora-de-granos-y-harinas-0.jpg\",\"width\":1600,\"height\":1600,\"caption\":\"Llenadora dosificadora de granos y harinas\"},{\"@type\":\"BreadcrumbList\",\"@id\":\"https:\/\/www.distribucionarc.com\/tr\/producto\/llenadora-dosificadora-de-granos-y-harinas\/#breadcrumb\",\"itemListElement\":[{\"@type\":\"ListItem\",\"position\":1,\"name\":\"Portada\",\"item\":\"https:\/\/distribucionarc.com\/pl\/\"},{\"@type\":\"ListItem\",\"position\":2,\"name\":\"Produkty\",\"item\":\"https:\/\/distribucionarc.com\/pl\/shop\/\"},{\"@type\":\"ListItem\",\"position\":3,\"name\":\"Llenadora dosificadora de granos y harinas 3Kg\"}]},{\"@type\":\"WebSite\",\"@id\":\"https:\/\/distribucionarc.com\/de\/#website\",\"url\":\"https:\/\/distribucionarc.com\/de\/\",\"name\":\"distribuci\u00f3n ARC\",\"description\":\"Empresa especializada en la fabricaci\u00f3n y distribuci\u00f3n de maquinaria industrial, selladoras de latas, Maquinas de hacer pastillas, Maquinas de cortar carne...\",\"publisher\":{\"@id\":\"https:\/\/distribucionarc.com\/de\/#organization\"},\"potentialAction\":[{\"@type\":\"SearchAction\",\"target\":{\"@type\":\"EntryPoint\",\"urlTemplate\":\"https:\/\/distribucionarc.com\/de\/?s={search_term_string}\"},\"query-input\":{\"@type\":\"PropertyValueSpecification\",\"valueRequired\":true,\"valueName\":\"search_term_string\"}}],\"inLanguage\":\"lt-LT\"},{\"@type\":\"Organization\",\"@id\":\"https:\/\/distribucionarc.com\/de\/#organization\",\"name\":\"Distribuci\u00f3n ARC\",\"url\":\"https:\/\/distribucionarc.com\/de\/\",\"logo\":{\"@type\":\"ImageObject\",\"inLanguage\":\"lt-LT\",\"@id\":\"https:\/\/distribucionarc.com\/de\/#\/schema\/logo\/image\/\",\"url\":\"https:\/\/distribucionarc.com\/wp-content\/uploads\/2024\/10\/distribucion-ARC-COLOR-SIN-FONDO-e1732295305345.png\",\"contentUrl\":\"https:\/\/distribucionarc.com\/wp-content\/uploads\/2024\/10\/distribucion-ARC-COLOR-SIN-FONDO-e1732295305345.png\",\"width\":1164,\"height\":558,\"caption\":\"Distribuci\u00f3n ARC\"},\"image\":{\"@id\":\"https:\/\/distribucionarc.com\/de\/#\/schema\/logo\/image\/\"},\"description\":\"Empresa especializada en la fabricaci\u00f3n y distribuci\u00f3n de maquinaria industrial para los sectores alimentario y farmac\u00e9utico. Nos especializamos en: M\u00e1quinas de cortar carne Fabricaci\u00f3n de comprimidos Sistemas de transporte industrial L\u00edneas de embotellado Dosificadores Y mucho m\u00e1s... Ofrecemos soluciones innovadoras y personalizadas para optimizar los procesos productivos de tu empresa.\",\"email\":\"Admistracion@distribucionarc.com\",\"telephone\":\"+34 643496664\",\"legalName\":\"ARC TECH SOLUTIONS\",\"foundingDate\":\"2024-04-09\",\"vatID\":\"B55480172\",\"numberOfEmployees\":{\"@type\":\"QuantitativeValue\",\"minValue\":\"1\",\"maxValue\":\"10\"}}]}<\/script>\n<!-- \/ Yoast SEO Premium plugin. -->","yoast_head_json":{"title":"3Kg gr\u016bd\u0173 ir milt\u0173 dozavimo u\u017epildas - ARC paskirstymas","robots":{"index":"index","follow":"follow","max-snippet":"max-snippet:-1","max-image-preview":"max-image-preview:large","max-video-preview":"max-video-preview:-1"},"canonical":"https:\/\/www.distribucionarc.com\/tr\/producto\/llenadora-dosificadora-de-granos-y-harinas\/","og_locale":"lt_LT","og_type":"article","og_title":"Llenadora dosificadora de granos y harinas 3Kg","og_description":"Llenadora dosificadora de polvos, granos, harinas ARC\u00a0ofrece varios tipos de soluciones para las industrias que trabajan con polvos, granos y harinas. Con esta dosificadora de 3 Kg, su producci\u00f3n ser\u00e1 instant\u00e1nea.  Esta m\u00e1quina de llenado de polvo sirve como un buen asistente en el asegurador de todo tipo de part\u00edculas, polvo y componentes. Esta llenadora de ARC de part\u00edculas dispone de un sistema autom\u00e1tico de control con microordenador, garantizando plenamente la alta velocidad y precisi\u00f3n del proceso de llenado. Es un dispositivo maravilloso que puede satisfacer diferentes necesidades. Perfecto para uso industrial. Garant\u00eda\u00a0ARC 2 A\u00d1OS Dosificadora autom\u00e1tica eficiente, bajo consumo 250w soporte t\u00e9cnico incluido &nbsp;","og_url":"https:\/\/www.distribucionarc.com\/tr\/producto\/llenadora-dosificadora-de-granos-y-harinas\/","og_site_name":"distribuci\u00f3n ARC","article_modified_time":"2020-09-27T14:06:11+00:00","og_image":[{"width":1600,"height":1600,"url":"https:\/\/www.distribucionarc.com\/wp-content\/uploads\/2020\/07\/Llenadora-dosificadora-de-granos-y-harinas-0.jpg","type":"image\/jpeg"}],"twitter_card":"summary_large_image","twitter_misc":{"Est. reading time":"1 minut\u0117"},"schema":{"@context":"https:\/\/schema.org","@graph":[{"@type":"WebPage","@id":"https:\/\/www.distribucionarc.com\/tr\/producto\/llenadora-dosificadora-de-granos-y-harinas\/","url":"https:\/\/www.distribucionarc.com\/tr\/producto\/llenadora-dosificadora-de-granos-y-harinas\/","name":"3Kg gr\u016bd\u0173 ir milt\u0173 dozavimo u\u017epildas - ARC paskirstymas","isPartOf":{"@id":"https:\/\/distribucionarc.com\/de\/#website"},"primaryImageOfPage":{"@id":"https:\/\/www.distribucionarc.com\/tr\/producto\/llenadora-dosificadora-de-granos-y-harinas\/#primaryimage"},"image":{"@id":"https:\/\/www.distribucionarc.com\/tr\/producto\/llenadora-dosificadora-de-granos-y-harinas\/#primaryimage"},"thumbnailUrl":"https:\/\/distribucionarc.com\/wp-content\/uploads\/2020\/07\/Llenadora-dosificadora-de-granos-y-harinas-0.jpg","datePublished":"2020-07-31T11:04:46+00:00","dateModified":"2020-09-27T14:06:11+00:00","breadcrumb":{"@id":"https:\/\/www.distribucionarc.com\/tr\/producto\/llenadora-dosificadora-de-granos-y-harinas\/#breadcrumb"},"inLanguage":"lt-LT","potentialAction":[{"@type":"ReadAction","target":["https:\/\/www.distribucionarc.com\/tr\/producto\/llenadora-dosificadora-de-granos-y-harinas\/"]}]},{"@type":"ImageObject","inLanguage":"lt-LT","@id":"https:\/\/www.distribucionarc.com\/tr\/producto\/llenadora-dosificadora-de-granos-y-harinas\/#primaryimage","url":"https:\/\/distribucionarc.com\/wp-content\/uploads\/2020\/07\/Llenadora-dosificadora-de-granos-y-harinas-0.jpg","contentUrl":"https:\/\/distribucionarc.com\/wp-content\/uploads\/2020\/07\/Llenadora-dosificadora-de-granos-y-harinas-0.jpg","width":1600,"height":1600,"caption":"Llenadora dosificadora de granos y harinas"},{"@type":"BreadcrumbList","@id":"https:\/\/www.distribucionarc.com\/tr\/producto\/llenadora-dosificadora-de-granos-y-harinas\/#breadcrumb","itemListElement":[{"@type":"ListItem","position":1,"name":"Portada","item":"https:\/\/distribucionarc.com\/pl\/"},{"@type":"ListItem","position":2,"name":"Produkty","item":"https:\/\/distribucionarc.com\/pl\/shop\/"},{"@type":"ListItem","position":3,"name":"Llenadora dosificadora de granos y harinas 3Kg"}]},{"@type":"WebSite","@id":"https:\/\/distribucionarc.com\/de\/#website","url":"https:\/\/distribucionarc.com\/de\/","name":"ARC paskirstymas","description":"\u012emon\u0117 specializuojasi pramonini\u0173 ma\u0161in\u0173, skardini\u0173 sandarinimo ma\u0161in\u0173, table\u010di\u0173 gamybos ma\u0161in\u0173, m\u0117sos pjaustymo ma\u0161in\u0173 gamyboje ir platinime...","publisher":{"@id":"https:\/\/distribucionarc.com\/de\/#organization"},"potentialAction":[{"@type":"SearchAction","target":{"@type":"EntryPoint","urlTemplate":"https:\/\/distribucionarc.com\/de\/?s={search_term_string}"},"query-input":{"@type":"PropertyValueSpecification","valueRequired":true,"valueName":"search_term_string"}}],"inLanguage":"lt-LT"},{"@type":"Organization","@id":"https:\/\/distribucionarc.com\/de\/#organization","name":"ARC platinimas","url":"https:\/\/distribucionarc.com\/de\/","logo":{"@type":"ImageObject","inLanguage":"lt-LT","@id":"https:\/\/distribucionarc.com\/de\/#\/schema\/logo\/image\/","url":"https:\/\/distribucionarc.com\/wp-content\/uploads\/2024\/10\/distribucion-ARC-COLOR-SIN-FONDO-e1732295305345.png","contentUrl":"https:\/\/distribucionarc.com\/wp-content\/uploads\/2024\/10\/distribucion-ARC-COLOR-SIN-FONDO-e1732295305345.png","width":1164,"height":558,"caption":"Distribuci\u00f3n ARC"},"image":{"@id":"https:\/\/distribucionarc.com\/de\/#\/schema\/logo\/image\/"},"description":"\u012emon\u0117 specializuojasi maisto ir farmacijos sektoriams skirt\u0173 pramonini\u0173 ma\u0161in\u0173 gamyboje ir platinime. M\u016bs\u0173 specializacija: M\u0117sos pjaustymo ma\u0161inos Table\u010di\u0173 gamyba Pramonin\u0117s transportavimo sistemos I\u0161pilstymo linijos Dozatoriai Ir dar daugiau... Si\u016blome novatori\u0161kus ir individualiems poreikiams pritaikytus sprendimus, kad optimizuotume j\u016bs\u0173 \u012fmon\u0117s gamybos procesus.","email":"Admistracion@distribucionarc.com","telephone":"+34 643496664","legalName":"ARC TECH SOLUTIONS","foundingDate":"2024-04-09","vatID":"B55480172","numberOfEmployees":{"@type":"QuantitativeValue","minValue":"1","maxValue":"10"}}]}},"_links":{"self":[{"href":"https:\/\/distribucionarc.com\/lt\/wp-json\/wp\/v2\/product\/1802","targetHints":{"allow":["GET"]}}],"collection":[{"href":"https:\/\/distribucionarc.com\/lt\/wp-json\/wp\/v2\/product"}],"about":[{"href":"https:\/\/distribucionarc.com\/lt\/wp-json\/wp\/v2\/types\/product"}],"replies":[{"embeddable":true,"href":"https:\/\/distribucionarc.com\/lt\/wp-json\/wp\/v2\/comments?post=1802"}],"version-history":[{"count":0,"href":"https:\/\/distribucionarc.com\/lt\/wp-json\/wp\/v2\/product\/1802\/revisions"}],"wp:featuredmedia":[{"embeddable":true,"href":"https:\/\/distribucionarc.com\/lt\/wp-json\/wp\/v2\/media\/1809"}],"wp:attachment":[{"href":"https:\/\/distribucionarc.com\/lt\/wp-json\/wp\/v2\/media?parent=1802"}],"wp:term":[{"taxonomy":"product_brand","embeddable":true,"href":"https:\/\/distribucionarc.com\/lt\/wp-json\/wp\/v2\/product_brand?post=1802"},{"taxonomy":"product_cat","embeddable":true,"href":"https:\/\/distribucionarc.com\/lt\/wp-json\/wp\/v2\/product_cat?post=1802"},{"taxonomy":"product_tag","embeddable":true,"href":"https:\/\/distribucionarc.com\/lt\/wp-json\/wp\/v2\/product_tag?post=1802"}],"curies":[{"name":"wp","href":"https:\/\/api.w.org\/{rel}","templated":true}]}}