{"id":1939,"date":"2020-08-03T15:37:26","date_gmt":"2020-08-03T15:37:26","guid":{"rendered":"https:\/\/distribucionarc.com\/?post_type=product&#038;p=1939"},"modified":"2023-01-19T14:48:14","modified_gmt":"2023-01-19T14:48:14","slug":"kepsnine-su-ritineliais-desrainiams-9","status":"publish","type":"product","link":"https:\/\/distribucionarc.com\/lt\/producto\/parrilla-con-rodillos-para-perritos-caliente-9\/","title":{"rendered":"Grilis su de\u0161raini\u0173 voleliais 9"},"content":{"rendered":"<h3>Grilis su de\u0161raini\u0173 voleliais 9<\/h3>\n<p>Su\u00a0<strong>de\u0161raini\u0173 ma\u0161ina <span style=\"color: #ff0000;\">KAM<\/span><span style=\"color: #0000ff;\">R<\/span>CPES09<\/strong>\u00a0Yra galimyb\u0117 vienu metu kepti ant groteli\u0173 ir kaitinti de\u0161raines skirtingose atskirose \u0161ildymo zonose.<\/p>\n<p>Didel\u0117 galia su nuolatiniu temperat\u016bros reguliavimu nuo 50\u00b0C iki 250\u00b0C, be to, suteikia galimyb\u0119<strong>\u00a0elektrinis grilis<\/strong>\u00a0i\u0161\u00a0<strong><span style=\"color: #ff0000;\">KAM<\/span><span style=\"color: #0000ff;\">R<\/span>c<\/strong>\u00a0efektyvesnis energijos suvartojimas.<\/p>\n<p>Kaitinant atitinkam\u0105 \u0161ildymo zon\u0105, voleliai automati\u0161kai sukasi 360\u00b0, kad b\u016bt\u0173 pasiektas puikus skrudinimo rezultatas.<\/p>\n<p>Stiklin\u012f dangtel\u012f lengva u\u017ed\u0117ti ir nuimti, kad b\u016bt\u0173 lengva valyti ir visada saugoti gamin\u012f.<\/p>\n<p>Volai, surinkimo baseinas ir korpusas pagaminti i\u0161 auk\u0161tos kokyb\u0117s ner\u016bdijan\u010dio plieno, kad b\u016bt\u0173 galima greitai i\u0161valyti ir ma\u0161inai suteikti daugiau tvirtumo.\u00a0<strong>elektrinis grilis<\/strong><\/p>\n<h6><strong>Garantija\u00a0<span style=\"color: #ff0000;\">KAM<\/span><span style=\"color: #0000ff;\">R<\/span>C 2 METAI<\/strong><\/h6>\n<h6><span style=\"color: #008000;\">Efektyvi elektrin\u0117 grilis, ma\u017eos s\u0105naudos 1600w<\/span><\/h6>\n<h6><strong>\u012ftraukta technin\u0117 pagalba<\/strong><\/h6>\n<p>&nbsp;<\/p>\n<table role=\"presentation\" width=\"100%\" cellspacing=\"0\" cellpadding=\"0\">\n<tbody>\n<tr>\n<td class=\"attrLabels\">Temperat\u016bra:<\/td>\n<td width=\"50.0%\">50-250\u00baC<\/td>\n<\/tr>\n<tr>\n<td class=\"attrLabels\">Platinimo \u0161alis:<\/td>\n<td width=\"50.0%\">Ispanija, Vokietija, JAV<\/td>\n<td class=\"attrLabels\">Svoris:<\/td>\n<td width=\"50.0%\">14 kg<\/td>\n<\/tr>\n<tr>\n<td class=\"attrLabels\">Prekinis \u017eenklas:<\/td>\n<td width=\"50.0%\">ARC<\/td>\n<td class=\"attrLabels\">Auk\u0161tis:<\/td>\n<td width=\"50.0%\">58,50 cm<\/td>\n<\/tr>\n<tr>\n<td class=\"attrLabels\">Spalva:<\/td>\n<td width=\"50.0%\">Sidabras<\/td>\n<td class=\"attrLabels\">Ilgas:<\/td>\n<td width=\"50.0%\">41 cm<\/td>\n<\/tr>\n<tr>\n<td class=\"attrLabels\">Produkto tipas:<\/td>\n<td width=\"50.0%\">Elektrinis de\u0161reli\u0173 grilis<\/td>\n<td class=\"attrLabels\">Platus:<\/td>\n<td width=\"50.0%\">50 cm<\/td>\n<\/tr>\n<tr>\n<td class=\"attrLabels\">Gamintojo numeris:<\/td>\n<td width=\"50.0%\">ARCPES09<\/td>\n<td class=\"attrLabels\">Galia:<\/td>\n<td width=\"50.0%\">1600W<\/td>\n<\/tr>\n<tr>\n<td class=\"attrLabels\">Med\u017eiaga:<\/td>\n<td width=\"50.0%\">ner\u016bdijantis plienas, besisukantys ritin\u0117liai, temperat\u016bros kontrol\u0117<\/td>\n<td class=\"attrLabels\">\u012f\u0117jimo \u012ftampa<\/td>\n<td width=\"50.0%\">230V \u2013 50Hz<\/td>\n<\/tr>\n<tr>\n<td class=\"attrLabels\">Volai:<\/td>\n<td width=\"50.0%\">\u00a09<\/td>\n<td class=\"attrLabels\">Garantija:<\/td>\n<td width=\"50.0%\">2 METAI<\/td>\n<\/tr>\n<tr>\n<td class=\"attrLabels\">Montavimo \u012frankiai:<\/td>\n<td width=\"50.0%\">Taip<\/td>\n<td class=\"attrLabels\">Gamyba:<\/td>\n<td width=\"50.0%\">9-20 vienet\u0173<\/td>\n<\/tr>\n<\/tbody>\n<\/table>","protected":false},"excerpt":{"rendered":"<h2>Grilis su de\u0161raini\u0173 voleliais 9<\/h2>\n<p>The\u00a0<strong>de\u0161r\u0173 ma\u0161ina\u00a0<span style=\"color: #ff0000;\">KAM<\/span><span style=\"color: #0000ff;\">R<\/span>c<\/strong>\u00a0yra tinkami\u00a0<strong>vis\u0173 dyd\u017ei\u0173 de\u0161raini\u0173<\/strong>. Lengvas valdymas ir valdymas daro \u012frengin\u012f idealiu pagalbininku bet kuriame restorane, bare, kavin\u0117je, mug\u0117je ir kt.<\/p>\n<p>The\u00a0<strong>de\u0161ros grilis<\/strong>\u00a0Jame yra 2 temperat\u016bros reguliatoriai. Tai leid\u017eia atskirai reguliuoti temperat\u016br\u0105 abiejose \u0161ildymo zonose. Su temperat\u016bros reguliatoriais temperat\u016br\u0105 galima reguliuoti<strong>\u00a0tikslumas<\/strong>. The\u00a0<strong>gr\u016bdinto stiklo dangtelis<\/strong>\u00a0Jis apsaugo nuo \u0161ilumos nuostoli\u0173, be to, kad laikomasi higienos taisykli\u0173. The\u00a0<strong>de\u0161raini\u0173 grilis\u00a0<span style=\"color: #ff0000;\">KAM<\/span><span style=\"color: #0000ff;\">R<\/span>c<\/strong>\u00a0Jie pagaminti i\u0161 ner\u016bdijan\u010dio plieno, tod\u0117l valymas yra paprastas ir patogus.<\/p>\n<h6><strong>Garantija\u00a0<span style=\"color: #ff0000;\">KAM<\/span><span style=\"color: #0000ff;\">R<\/span>C 2 METAI<\/strong><\/h6>\n<h6><span style=\"color: #008000;\">Efektyvi elektrin\u0117 grilis, ma\u017eos s\u0105naudos 1250w<\/span><\/h6>\n<h6><strong>\u012ftraukta technin\u0117 pagalba<\/strong><\/h6>","protected":false},"featured_media":1940,"comment_status":"open","ping_status":"closed","template":"","meta":{"wds_primary_product_brand":0,"wds_primary_product_cat":0},"product_brand":[],"product_cat":[56,39,41],"product_tag":[],"class_list":{"0":"post-1939","1":"product","2":"type-product","3":"status-publish","4":"has-post-thumbnail","6":"product_cat-maquinaria-para-ferias","7":"product_cat-plancha-de-cosina","8":"product_cat-expositor-de-alimentos","9":"product_shipping_class-express","11":"first","12":"instock","13":"sale","14":"taxable","15":"shipping-taxable","16":"purchasable","17":"product-type-simple"},"yoast_head":"<!-- This site is optimized with the Yoast SEO Premium plugin v24.9 (Yoast SEO v26.1) - https:\/\/yoast.com\/wordpress\/plugins\/seo\/ -->\n<title>Parrilla con rodillos para perritos caliente 9 - distribuci\u00f3n ARC<\/title>\n<meta name=\"robots\" content=\"index, follow, max-snippet:-1, max-image-preview:large, max-video-preview:-1\" \/>\n<link rel=\"canonical\" href=\"https:\/\/www.distribucionarc.com\/sk\/producto\/parrilla-con-rodillos-para-perritos-caliente-9\/\" \/>\n<meta property=\"og:locale\" content=\"lt_LT\" \/>\n<meta property=\"og:type\" content=\"article\" \/>\n<meta property=\"og:title\" content=\"Parrilla con rodillos para perritos caliente 9\" \/>\n<meta property=\"og:description\" content=\"Parrilla con rodillos para perritos caliente 9 La\u00a0m\u00e1quina para salchichas\u00a0ARC\u00a0son las adecuadas para\u00a0todos los tama\u00f1os de perritos calientes. La\u00a0facilidad de manejo y funcionamiento\u00a0hacen del aparato un\u00a0ayudante ideal para cualquier restaurante, bar, cafeter\u00eda, feria, etc..  La\u00a0parrilla de salchichas\u00a0est\u00e1\u00a0equipada con 2 controladores de temperatura. Esto permite que la temperatura en ambas zonas de calentamiento se controle por separado. Con los reguladores de temperatura la temperatura se puede ajustar con\u00a0precisi\u00f3n. La\u00a0cubierta de vidrio templado\u00a0protege contra la p\u00e9rdida de calor adem\u00e1s de cumplir con las normativas de higiene. Las\u00a0parrilla para perritos caliente\u00a0ARC\u00a0son de acero inoxidable, lo que hace que la limpieza sea sencilla y c\u00f3moda. Garant\u00eda\u00a0ARC 2 A\u00d1OS Parrilla el\u00e9ctrica\u00a0 eficiente, bajo consumo 1250w soporte t\u00e9cnico incluido\" \/>\n<meta property=\"og:url\" content=\"https:\/\/www.distribucionarc.com\/sk\/producto\/parrilla-con-rodillos-para-perritos-caliente-9\/\" \/>\n<meta property=\"og:site_name\" content=\"distribuci\u00f3n ARC\" \/>\n<meta property=\"article:modified_time\" content=\"2023-01-19T14:48:14+00:00\" \/>\n<meta property=\"og:image\" content=\"https:\/\/www.distribucionarc.com\/wp-content\/uploads\/2020\/08\/Parrilla-para-perritos-caliente-9-0.jpg\" \/>\n\t<meta property=\"og:image:width\" content=\"1500\" \/>\n\t<meta property=\"og:image:height\" content=\"1500\" \/>\n\t<meta property=\"og:image:type\" content=\"image\/jpeg\" \/>\n<meta name=\"twitter:card\" content=\"summary_large_image\" \/>\n<meta name=\"twitter:label1\" content=\"Est. reading time\" \/>\n\t<meta name=\"twitter:data1\" content=\"1 minut\u0117\" \/>\n<script type=\"application\/ld+json\" class=\"yoast-schema-graph\">{\"@context\":\"https:\/\/schema.org\",\"@graph\":[{\"@type\":\"WebPage\",\"@id\":\"https:\/\/www.distribucionarc.com\/sk\/producto\/parrilla-con-rodillos-para-perritos-caliente-9\/\",\"url\":\"https:\/\/www.distribucionarc.com\/sk\/producto\/parrilla-con-rodillos-para-perritos-caliente-9\/\",\"name\":\"Parrilla con rodillos para perritos caliente 9 - distribuci\u00f3n ARC\",\"isPartOf\":{\"@id\":\"https:\/\/distribucionarc.com\/ro\/#website\"},\"primaryImageOfPage\":{\"@id\":\"https:\/\/www.distribucionarc.com\/sk\/producto\/parrilla-con-rodillos-para-perritos-caliente-9\/#primaryimage\"},\"image\":{\"@id\":\"https:\/\/www.distribucionarc.com\/sk\/producto\/parrilla-con-rodillos-para-perritos-caliente-9\/#primaryimage\"},\"thumbnailUrl\":\"https:\/\/distribucionarc.com\/wp-content\/uploads\/2020\/08\/Parrilla-para-perritos-caliente-9-0.jpg\",\"datePublished\":\"2020-08-03T15:37:26+00:00\",\"dateModified\":\"2023-01-19T14:48:14+00:00\",\"breadcrumb\":{\"@id\":\"https:\/\/www.distribucionarc.com\/sk\/producto\/parrilla-con-rodillos-para-perritos-caliente-9\/#breadcrumb\"},\"inLanguage\":\"lt-LT\",\"potentialAction\":[{\"@type\":\"ReadAction\",\"target\":[\"https:\/\/www.distribucionarc.com\/sk\/producto\/parrilla-con-rodillos-para-perritos-caliente-9\/\"]}]},{\"@type\":\"ImageObject\",\"inLanguage\":\"lt-LT\",\"@id\":\"https:\/\/www.distribucionarc.com\/sk\/producto\/parrilla-con-rodillos-para-perritos-caliente-9\/#primaryimage\",\"url\":\"https:\/\/distribucionarc.com\/wp-content\/uploads\/2020\/08\/Parrilla-para-perritos-caliente-9-0.jpg\",\"contentUrl\":\"https:\/\/distribucionarc.com\/wp-content\/uploads\/2020\/08\/Parrilla-para-perritos-caliente-9-0.jpg\",\"width\":1500,\"height\":1500,\"caption\":\"Parrilla para perritos caliente 9\"},{\"@type\":\"BreadcrumbList\",\"@id\":\"https:\/\/www.distribucionarc.com\/sk\/producto\/parrilla-con-rodillos-para-perritos-caliente-9\/#breadcrumb\",\"itemListElement\":[{\"@type\":\"ListItem\",\"position\":1,\"name\":\"Portada\",\"item\":\"https:\/\/distribucionarc.com\/ar\/\"},{\"@type\":\"ListItem\",\"position\":2,\"name\":\"Proizvodi\",\"item\":\"https:\/\/www.distribucionarc.com\/hr\/ducan\/\"},{\"@type\":\"ListItem\",\"position\":3,\"name\":\"Parrilla con rodillos para perritos caliente 9\"}]},{\"@type\":\"WebSite\",\"@id\":\"https:\/\/distribucionarc.com\/ro\/#website\",\"url\":\"https:\/\/distribucionarc.com\/ro\/\",\"name\":\"distribuci\u00f3n ARC\",\"description\":\"Empresa especializada en la fabricaci\u00f3n y distribuci\u00f3n de maquinaria industrial, selladoras de latas, Maquinas de hacer pastillas, Maquinas de cortar carne...\",\"publisher\":{\"@id\":\"https:\/\/distribucionarc.com\/ro\/#organization\"},\"potentialAction\":[{\"@type\":\"SearchAction\",\"target\":{\"@type\":\"EntryPoint\",\"urlTemplate\":\"https:\/\/distribucionarc.com\/ro\/?s={search_term_string}\"},\"query-input\":{\"@type\":\"PropertyValueSpecification\",\"valueRequired\":true,\"valueName\":\"search_term_string\"}}],\"inLanguage\":\"lt-LT\"},{\"@type\":\"Organization\",\"@id\":\"https:\/\/distribucionarc.com\/ro\/#organization\",\"name\":\"Distribuci\u00f3n ARC\",\"url\":\"https:\/\/distribucionarc.com\/ro\/\",\"logo\":{\"@type\":\"ImageObject\",\"inLanguage\":\"lt-LT\",\"@id\":\"https:\/\/distribucionarc.com\/ro\/#\/schema\/logo\/image\/\",\"url\":\"https:\/\/distribucionarc.com\/wp-content\/uploads\/2024\/10\/distribucion-ARC-COLOR-SIN-FONDO-e1732295305345.png\",\"contentUrl\":\"https:\/\/distribucionarc.com\/wp-content\/uploads\/2024\/10\/distribucion-ARC-COLOR-SIN-FONDO-e1732295305345.png\",\"width\":1164,\"height\":558,\"caption\":\"Distribuci\u00f3n ARC\"},\"image\":{\"@id\":\"https:\/\/distribucionarc.com\/ro\/#\/schema\/logo\/image\/\"},\"description\":\"Empresa especializada en la fabricaci\u00f3n y distribuci\u00f3n de maquinaria industrial para los sectores alimentario y farmac\u00e9utico. Nos especializamos en: M\u00e1quinas de cortar carne Fabricaci\u00f3n de comprimidos Sistemas de transporte industrial L\u00edneas de embotellado Dosificadores Y mucho m\u00e1s... Ofrecemos soluciones innovadoras y personalizadas para optimizar los procesos productivos de tu empresa.\",\"email\":\"Admistracion@distribucionarc.com\",\"telephone\":\"+34 643496664\",\"legalName\":\"ARC TECH SOLUTIONS\",\"foundingDate\":\"2024-04-09\",\"vatID\":\"B55480172\",\"numberOfEmployees\":{\"@type\":\"QuantitativeValue\",\"minValue\":\"1\",\"maxValue\":\"10\"}}]}<\/script>\n<!-- \/ Yoast SEO Premium plugin. -->","yoast_head_json":{"title":"De\u0161raini\u0173 ritininis grilis 9 - ARC paskirstymas","robots":{"index":"index","follow":"follow","max-snippet":"max-snippet:-1","max-image-preview":"max-image-preview:large","max-video-preview":"max-video-preview:-1"},"canonical":"https:\/\/www.distribucionarc.com\/sk\/producto\/parrilla-con-rodillos-para-perritos-caliente-9\/","og_locale":"lt_LT","og_type":"article","og_title":"Parrilla con rodillos para perritos caliente 9","og_description":"Parrilla con rodillos para perritos caliente 9 La\u00a0m\u00e1quina para salchichas\u00a0ARC\u00a0son las adecuadas para\u00a0todos los tama\u00f1os de perritos calientes. La\u00a0facilidad de manejo y funcionamiento\u00a0hacen del aparato un\u00a0ayudante ideal para cualquier restaurante, bar, cafeter\u00eda, feria, etc..  La\u00a0parrilla de salchichas\u00a0est\u00e1\u00a0equipada con 2 controladores de temperatura. Esto permite que la temperatura en ambas zonas de calentamiento se controle por separado. Con los reguladores de temperatura la temperatura se puede ajustar con\u00a0precisi\u00f3n. La\u00a0cubierta de vidrio templado\u00a0protege contra la p\u00e9rdida de calor adem\u00e1s de cumplir con las normativas de higiene. Las\u00a0parrilla para perritos caliente\u00a0ARC\u00a0son de acero inoxidable, lo que hace que la limpieza sea sencilla y c\u00f3moda. Garant\u00eda\u00a0ARC 2 A\u00d1OS Parrilla el\u00e9ctrica\u00a0 eficiente, bajo consumo 1250w soporte t\u00e9cnico incluido","og_url":"https:\/\/www.distribucionarc.com\/sk\/producto\/parrilla-con-rodillos-para-perritos-caliente-9\/","og_site_name":"distribuci\u00f3n ARC","article_modified_time":"2023-01-19T14:48:14+00:00","og_image":[{"width":1500,"height":1500,"url":"https:\/\/www.distribucionarc.com\/wp-content\/uploads\/2020\/08\/Parrilla-para-perritos-caliente-9-0.jpg","type":"image\/jpeg"}],"twitter_card":"summary_large_image","twitter_misc":{"Est. reading time":"1 minut\u0117"},"schema":{"@context":"https:\/\/schema.org","@graph":[{"@type":"WebPage","@id":"https:\/\/www.distribucionarc.com\/sk\/producto\/parrilla-con-rodillos-para-perritos-caliente-9\/","url":"https:\/\/www.distribucionarc.com\/sk\/producto\/parrilla-con-rodillos-para-perritos-caliente-9\/","name":"De\u0161raini\u0173 ritininis grilis 9 - ARC paskirstymas","isPartOf":{"@id":"https:\/\/distribucionarc.com\/ro\/#website"},"primaryImageOfPage":{"@id":"https:\/\/www.distribucionarc.com\/sk\/producto\/parrilla-con-rodillos-para-perritos-caliente-9\/#primaryimage"},"image":{"@id":"https:\/\/www.distribucionarc.com\/sk\/producto\/parrilla-con-rodillos-para-perritos-caliente-9\/#primaryimage"},"thumbnailUrl":"https:\/\/distribucionarc.com\/wp-content\/uploads\/2020\/08\/Parrilla-para-perritos-caliente-9-0.jpg","datePublished":"2020-08-03T15:37:26+00:00","dateModified":"2023-01-19T14:48:14+00:00","breadcrumb":{"@id":"https:\/\/www.distribucionarc.com\/sk\/producto\/parrilla-con-rodillos-para-perritos-caliente-9\/#breadcrumb"},"inLanguage":"lt-LT","potentialAction":[{"@type":"ReadAction","target":["https:\/\/www.distribucionarc.com\/sk\/producto\/parrilla-con-rodillos-para-perritos-caliente-9\/"]}]},{"@type":"ImageObject","inLanguage":"lt-LT","@id":"https:\/\/www.distribucionarc.com\/sk\/producto\/parrilla-con-rodillos-para-perritos-caliente-9\/#primaryimage","url":"https:\/\/distribucionarc.com\/wp-content\/uploads\/2020\/08\/Parrilla-para-perritos-caliente-9-0.jpg","contentUrl":"https:\/\/distribucionarc.com\/wp-content\/uploads\/2020\/08\/Parrilla-para-perritos-caliente-9-0.jpg","width":1500,"height":1500,"caption":"Parrilla para perritos caliente 9"},{"@type":"BreadcrumbList","@id":"https:\/\/www.distribucionarc.com\/sk\/producto\/parrilla-con-rodillos-para-perritos-caliente-9\/#breadcrumb","itemListElement":[{"@type":"ListItem","position":1,"name":"Portada","item":"https:\/\/distribucionarc.com\/ar\/"},{"@type":"ListItem","position":2,"name":"Proizvodi","item":"https:\/\/www.distribucionarc.com\/hr\/ducan\/"},{"@type":"ListItem","position":3,"name":"Parrilla con rodillos para perritos caliente 9"}]},{"@type":"WebSite","@id":"https:\/\/distribucionarc.com\/ro\/#website","url":"https:\/\/distribucionarc.com\/ro\/","name":"ARC paskirstymas","description":"\u012emon\u0117 specializuojasi pramonini\u0173 ma\u0161in\u0173, skardini\u0173 sandarinimo ma\u0161in\u0173, table\u010di\u0173 gamybos ma\u0161in\u0173, m\u0117sos pjaustymo ma\u0161in\u0173 gamyboje ir platinime...","publisher":{"@id":"https:\/\/distribucionarc.com\/ro\/#organization"},"potentialAction":[{"@type":"SearchAction","target":{"@type":"EntryPoint","urlTemplate":"https:\/\/distribucionarc.com\/ro\/?s={search_term_string}"},"query-input":{"@type":"PropertyValueSpecification","valueRequired":true,"valueName":"search_term_string"}}],"inLanguage":"lt-LT"},{"@type":"Organization","@id":"https:\/\/distribucionarc.com\/ro\/#organization","name":"ARC platinimas","url":"https:\/\/distribucionarc.com\/ro\/","logo":{"@type":"ImageObject","inLanguage":"lt-LT","@id":"https:\/\/distribucionarc.com\/ro\/#\/schema\/logo\/image\/","url":"https:\/\/distribucionarc.com\/wp-content\/uploads\/2024\/10\/distribucion-ARC-COLOR-SIN-FONDO-e1732295305345.png","contentUrl":"https:\/\/distribucionarc.com\/wp-content\/uploads\/2024\/10\/distribucion-ARC-COLOR-SIN-FONDO-e1732295305345.png","width":1164,"height":558,"caption":"Distribuci\u00f3n ARC"},"image":{"@id":"https:\/\/distribucionarc.com\/ro\/#\/schema\/logo\/image\/"},"description":"\u012emon\u0117 specializuojasi maisto ir farmacijos sektoriams skirt\u0173 pramonini\u0173 ma\u0161in\u0173 gamyboje ir platinime. M\u016bs\u0173 specializacija: M\u0117sos pjaustymo ma\u0161inos Table\u010di\u0173 gamyba Pramonin\u0117s transportavimo sistemos I\u0161pilstymo linijos Dozatoriai Ir dar daugiau... Si\u016blome novatori\u0161kus ir individualiems poreikiams pritaikytus sprendimus, kad optimizuotume j\u016bs\u0173 \u012fmon\u0117s gamybos procesus.","email":"Admistracion@distribucionarc.com","telephone":"+34 643496664","legalName":"ARC TECH SOLUTIONS","foundingDate":"2024-04-09","vatID":"B55480172","numberOfEmployees":{"@type":"QuantitativeValue","minValue":"1","maxValue":"10"}}]}},"_links":{"self":[{"href":"https:\/\/distribucionarc.com\/lt\/wp-json\/wp\/v2\/product\/1939","targetHints":{"allow":["GET"]}}],"collection":[{"href":"https:\/\/distribucionarc.com\/lt\/wp-json\/wp\/v2\/product"}],"about":[{"href":"https:\/\/distribucionarc.com\/lt\/wp-json\/wp\/v2\/types\/product"}],"replies":[{"embeddable":true,"href":"https:\/\/distribucionarc.com\/lt\/wp-json\/wp\/v2\/comments?post=1939"}],"version-history":[{"count":0,"href":"https:\/\/distribucionarc.com\/lt\/wp-json\/wp\/v2\/product\/1939\/revisions"}],"wp:featuredmedia":[{"embeddable":true,"href":"https:\/\/distribucionarc.com\/lt\/wp-json\/wp\/v2\/media\/1940"}],"wp:attachment":[{"href":"https:\/\/distribucionarc.com\/lt\/wp-json\/wp\/v2\/media?parent=1939"}],"wp:term":[{"taxonomy":"product_brand","embeddable":true,"href":"https:\/\/distribucionarc.com\/lt\/wp-json\/wp\/v2\/product_brand?post=1939"},{"taxonomy":"product_cat","embeddable":true,"href":"https:\/\/distribucionarc.com\/lt\/wp-json\/wp\/v2\/product_cat?post=1939"},{"taxonomy":"product_tag","embeddable":true,"href":"https:\/\/distribucionarc.com\/lt\/wp-json\/wp\/v2\/product_tag?post=1939"}],"curies":[{"name":"wp","href":"https:\/\/api.w.org\/{rel}","templated":true}]}}