{"id":1963,"date":"2020-08-04T13:31:22","date_gmt":"2020-08-04T13:31:22","guid":{"rendered":"https:\/\/distribucionarc.com\/?post_type=product&#038;p=1963"},"modified":"2020-09-30T07:40:02","modified_gmt":"2020-09-30T07:40:02","slug":"ventiliatorius-pramoninis-60-cm","status":"publish","type":"product","link":"https:\/\/distribucionarc.com\/lt\/producto\/ventilador-industrial-60-cm\/","title":{"rendered":"Pramoninis ventiliatorius 60 cm"},"content":{"rendered":"<h2>Pramoninis ventiliatorius 60 cm<\/h2>\n<p>Sklandus variklio ir rotoriaus darbas u\u017etikrina geresn\u012f oro paskirstym\u0105. The <strong>v\u0117jo ma\u0161ina<\/strong> i\u0161 <strong><span style=\"color: #ff0000;\">KAM<\/span><span style=\"color: #0000ff;\">R<\/span>c<\/strong> Idealiai tinka tose vietose, kur reikia daug oro, greitai (pvz., restoranuose, sal\u0117se, dirbtuv\u0117se, biuruose, pramonin\u0117je gamyboje ir kt.).<\/p>\n<p>Jis<strong> pramoninis ventiliatorius <span style=\"color: #ff0000;\">KAM<\/span><span style=\"color: #0000ff;\">R<\/span>CVEI60<\/strong> Jis yra sustiprintas tvirtu 60 cm ner\u016bdijan\u010dio plieno r\u0117mu, kad b\u016bt\u0173 u\u017etikrintas jo ilgaam\u017ei\u0161kumas, be to, jame yra rat\u0173 rinkinys, palengvinantis jo jud\u0117jim\u0105.<\/p>\n<p>Jo galingas 230 V variklis pad\u0117s jums sukurti a <span style=\"color: #008000;\"><strong>ma\u017eas energijos suvartojimas<\/strong><\/span> D\u0117l didel\u0117s generacin\u0117s galios, tur\u0117damas tik 160 W, v\u0117jo ma\u0161ina gali generuoti iki 13 800 m3\/val.<\/p>\n<p>V\u0117jo ma\u0161ina turi 3 grei\u010dius, kad pritaikyt\u0173 j\u0105 j\u016bs\u0173 poreikiams.<\/p>\n<h6>\u00a0<strong>Garantija\u00a0<span style=\"color: #ff0000;\">KAM<\/span><span style=\"color: #0000ff;\">R<\/span>C 2 METAI<\/strong><\/h6>\n<h6><span style=\"color: #008000;\">Efektyvus pramoninis ventiliatorius, ma\u017eas suvartojimas 160w<\/span><\/h6>\n<h6><strong>\u012ftraukta technin\u0117 pagalba<\/strong><\/h6>\n<p>&nbsp;<\/p>\n<table role=\"presentation\" width=\"100%\" cellspacing=\"0\" cellpadding=\"0\">\n<tbody>\n<tr>\n<td class=\"attrLabels\">Prekinis \u017eenklas:<\/td>\n<td width=\"50.0%\">ARC<\/td>\n<\/tr>\n<tr>\n<td class=\"attrLabels\">Platinimo \u0161alis:<\/td>\n<td width=\"50.0%\">Ispanija, Vokietija, JAV<\/td>\n<td class=\"attrLabels\">Svoris:<\/td>\n<td width=\"50.0%\">16 kg<\/td>\n<\/tr>\n<tr>\n<td class=\"attrLabels\">Spalva:<\/td>\n<td width=\"50.0%\">Juoda<\/td>\n<td class=\"attrLabels\">Auk\u0161tis:<\/td>\n<td width=\"50.0%\">67 cm<\/td>\n<\/tr>\n<tr>\n<td class=\"attrLabels\">\u00a0Garantija:<\/td>\n<td width=\"50.0%\">\u00a02 METAI<\/td>\n<td class=\"attrLabels\">Ilgas:<\/td>\n<td width=\"50.0%\">65 cm<\/td>\n<\/tr>\n<tr>\n<td class=\"attrLabels\">Produkto tipas:<\/td>\n<td width=\"50.0%\">pramoninis ventiliatorius<\/td>\n<td class=\"attrLabels\">Platus:<\/td>\n<td width=\"50.0%\">25 cm<\/td>\n<\/tr>\n<tr>\n<td class=\"attrLabels\">Gamintojo numeris:<\/td>\n<td width=\"50.0%\">ARCVEI60<\/td>\n<td class=\"attrLabels\">Krep\u0161elio skersmuo:<\/td>\n<td width=\"50.0%\">65 cm<\/td>\n<\/tr>\n<tr>\n<td class=\"attrLabels\">Med\u017eiaga:<\/td>\n<td width=\"50.0%\">Efektyvus variklis, automatinis valdymas<\/td>\n<td class=\"attrLabels\">Maksimalus oro srautas:<\/td>\n<td width=\"50.0%\">13 800 m3\/val<\/td>\n<\/tr>\n<tr>\n<td class=\"attrLabels\">Galia:<\/td>\n<td width=\"50.0%\">\u00a0145W iki 165W<\/td>\n<td class=\"attrLabels\">Rotorius:<\/td>\n<td width=\"50.0%\">60 cm<\/td>\n<\/tr>\n<tr>\n<td class=\"attrLabels\">\u012e\u0117jimo \u012ftampa:<\/td>\n<td width=\"50.0%\">230V \u2013 50Hz<\/td>\n<td class=\"attrLabels\">Grei\u010diai:<\/td>\n<td width=\"50.0%\">3<\/td>\n<\/tr>\n<\/tbody>\n<\/table>","protected":false},"excerpt":{"rendered":"<h2>Pramoninis ventiliatorius 60 cm<\/h2>\n<p>Geriausias sprendimas, kad J\u016bs\u0173 patalpose visada b\u016bt\u0173 tinkama temperat\u016bra ir patikt\u0173 J\u016bs\u0173 klientams.<\/p>\n<p>Sunaudodamas tik 160 vat\u0173, \u0161is ventiliatorius sugeba sukurti ne\u012ftik\u0117tin\u0105 13 800 m3 per valand\u0105 v\u0117dinimo j\u0117g\u0105. Tai <strong>v\u0117jo ma\u0161ina<\/strong> i\u0161 <strong><span style=\"color: #ff0000;\">KAM<\/span><span style=\"color: #0000ff;\">R<\/span>c<\/strong> Jis buvo pagamintas pramoniniam naudojimui. Tod\u0117l, <strong>ventiliatorius<\/strong> Jis gali b\u016bti naudojamas tiek pastat\u0173 d\u017eiovinimui, tiek ma\u0161in\u0173 v\u0117sinimui ar tiesiog oro cirkuliacijai.<\/p>\n<h6>\u00a0<strong>Garantija\u00a0<span style=\"color: #ff0000;\">KAM<\/span><span style=\"color: #0000ff;\">R<\/span>C 2 METAI<\/strong><\/h6>\n<h6><span style=\"color: #008000;\">Efektyvus pramoninis ventiliatorius, ma\u017eas suvartojimas 160w<\/span><\/h6>\n<h6><strong>\u012ftraukta technin\u0117 pagalba<\/strong><\/h6>","protected":false},"featured_media":1965,"comment_status":"open","ping_status":"closed","template":"","meta":{"wds_primary_product_brand":0,"wds_primary_product_cat":0},"product_brand":[],"product_cat":[63],"product_tag":[],"class_list":{"0":"post-1963","1":"product","2":"type-product","3":"status-publish","4":"has-post-thumbnail","6":"product_cat-climatizacion-industrial","7":"product_shipping_class-hosteleria","9":"first","10":"instock","11":"sale","12":"taxable","13":"shipping-taxable","14":"purchasable","15":"product-type-simple"},"yoast_head":"<!-- This site is optimized with the Yoast SEO Premium plugin v24.9 (Yoast SEO v26.1) - https:\/\/yoast.com\/wordpress\/plugins\/seo\/ -->\n<title>Ventilador industrial 60 cm - distribuci\u00f3n ARC<\/title>\n<meta name=\"robots\" content=\"index, follow, max-snippet:-1, max-image-preview:large, max-video-preview:-1\" \/>\n<link rel=\"canonical\" href=\"https:\/\/distribucionarc.com\/lt\/produktas\/ventiliatorius-pramoninis-60-cm\/\" \/>\n<meta property=\"og:locale\" content=\"lt_LT\" \/>\n<meta property=\"og:type\" content=\"article\" \/>\n<meta property=\"og:title\" content=\"Ventilador industrial 60 cm\" \/>\n<meta property=\"og:description\" content=\"Ventilador industrial 60 cm La mejor soluci\u00f3n para que su local est\u00e9 siempre a la temperatura adecuada y del agrado de sus clientes.  Con s\u00f3lo 160 vatios de consumo, este ventilador logra generar una incre\u00edble fuerza de ventilaci\u00f3n de 13,800m3 por hora. Esta m\u00e1quina e\u00f3lica de ARC fue fabricada para uso industrial. Por lo tanto, el ventilador se puede utilizar para el secado de edificios, as\u00ed como para la refrigeraci\u00f3n de maquinaria o simplemente para la circulaci\u00f3n de aire. \u00a0Garant\u00eda\u00a0ARC 2 A\u00d1OS Ventilador industrial eficiente, bajo consumo 160w soporte t\u00e9cnico incluido\" \/>\n<meta property=\"og:url\" content=\"https:\/\/distribucionarc.com\/lt\/produktas\/ventiliatorius-pramoninis-60-cm\/\" \/>\n<meta property=\"og:site_name\" content=\"distribuci\u00f3n ARC\" \/>\n<meta property=\"article:modified_time\" content=\"2020-09-30T07:40:02+00:00\" \/>\n<meta property=\"og:image\" content=\"https:\/\/distribucionarc.com\/wp-content\/uploads\/2020\/08\/Ventilador-industrial-60-0.jpg\" \/>\n\t<meta property=\"og:image:width\" content=\"1600\" \/>\n\t<meta property=\"og:image:height\" content=\"1548\" \/>\n\t<meta property=\"og:image:type\" content=\"image\/jpeg\" \/>\n<meta name=\"twitter:card\" content=\"summary_large_image\" \/>\n<meta name=\"twitter:label1\" content=\"Est. reading time\" \/>\n\t<meta name=\"twitter:data1\" content=\"1 minut\u0117\" \/>\n<script type=\"application\/ld+json\" class=\"yoast-schema-graph\">{\"@context\":\"https:\/\/schema.org\",\"@graph\":[{\"@type\":\"WebPage\",\"@id\":\"https:\/\/distribucionarc.com\/pl\/producto\/ventilador-industrial-60-cm\/\",\"url\":\"https:\/\/distribucionarc.com\/pl\/producto\/ventilador-industrial-60-cm\/\",\"name\":\"Ventilador industrial 60 cm - distribuci\u00f3n ARC\",\"isPartOf\":{\"@id\":\"https:\/\/distribucionarc.com\/de\/#website\"},\"primaryImageOfPage\":{\"@id\":\"https:\/\/distribucionarc.com\/pl\/producto\/ventilador-industrial-60-cm\/#primaryimage\"},\"image\":{\"@id\":\"https:\/\/distribucionarc.com\/pl\/producto\/ventilador-industrial-60-cm\/#primaryimage\"},\"thumbnailUrl\":\"https:\/\/distribucionarc.com\/wp-content\/uploads\/2020\/08\/Ventilador-industrial-60-0.jpg\",\"datePublished\":\"2020-08-04T13:31:22+00:00\",\"dateModified\":\"2020-09-30T07:40:02+00:00\",\"breadcrumb\":{\"@id\":\"https:\/\/distribucionarc.com\/pl\/producto\/ventilador-industrial-60-cm\/#breadcrumb\"},\"inLanguage\":\"lt-LT\",\"potentialAction\":[{\"@type\":\"ReadAction\",\"target\":[\"https:\/\/distribucionarc.com\/pl\/producto\/ventilador-industrial-60-cm\/\"]}]},{\"@type\":\"ImageObject\",\"inLanguage\":\"lt-LT\",\"@id\":\"https:\/\/distribucionarc.com\/pl\/producto\/ventilador-industrial-60-cm\/#primaryimage\",\"url\":\"https:\/\/distribucionarc.com\/wp-content\/uploads\/2020\/08\/Ventilador-industrial-60-0.jpg\",\"contentUrl\":\"https:\/\/distribucionarc.com\/wp-content\/uploads\/2020\/08\/Ventilador-industrial-60-0.jpg\",\"width\":1600,\"height\":1548,\"caption\":\"Ventilador industrial 60\"},{\"@type\":\"BreadcrumbList\",\"@id\":\"https:\/\/distribucionarc.com\/pl\/producto\/ventilador-industrial-60-cm\/#breadcrumb\",\"itemListElement\":[{\"@type\":\"ListItem\",\"position\":1,\"name\":\"Portada\",\"item\":\"https:\/\/distribucionarc.com\/pl\/\"},{\"@type\":\"ListItem\",\"position\":2,\"name\":\"Produkty\",\"item\":\"https:\/\/distribucionarc.com\/pl\/shop\/\"},{\"@type\":\"ListItem\",\"position\":3,\"name\":\"Ventilador industrial 60 cm\"}]},{\"@type\":\"WebSite\",\"@id\":\"https:\/\/distribucionarc.com\/de\/#website\",\"url\":\"https:\/\/distribucionarc.com\/de\/\",\"name\":\"distribuci\u00f3n ARC\",\"description\":\"Empresa especializada en la fabricaci\u00f3n y distribuci\u00f3n de maquinaria industrial, selladoras de latas, Maquinas de hacer pastillas, Maquinas de cortar carne...\",\"publisher\":{\"@id\":\"https:\/\/distribucionarc.com\/de\/#organization\"},\"potentialAction\":[{\"@type\":\"SearchAction\",\"target\":{\"@type\":\"EntryPoint\",\"urlTemplate\":\"https:\/\/distribucionarc.com\/de\/?s={search_term_string}\"},\"query-input\":{\"@type\":\"PropertyValueSpecification\",\"valueRequired\":true,\"valueName\":\"search_term_string\"}}],\"inLanguage\":\"lt-LT\"},{\"@type\":\"Organization\",\"@id\":\"https:\/\/distribucionarc.com\/de\/#organization\",\"name\":\"Distribuci\u00f3n ARC\",\"url\":\"https:\/\/distribucionarc.com\/de\/\",\"logo\":{\"@type\":\"ImageObject\",\"inLanguage\":\"lt-LT\",\"@id\":\"https:\/\/distribucionarc.com\/de\/#\/schema\/logo\/image\/\",\"url\":\"https:\/\/distribucionarc.com\/wp-content\/uploads\/2024\/10\/distribucion-ARC-COLOR-SIN-FONDO-e1732295305345.png\",\"contentUrl\":\"https:\/\/distribucionarc.com\/wp-content\/uploads\/2024\/10\/distribucion-ARC-COLOR-SIN-FONDO-e1732295305345.png\",\"width\":1164,\"height\":558,\"caption\":\"Distribuci\u00f3n ARC\"},\"image\":{\"@id\":\"https:\/\/distribucionarc.com\/de\/#\/schema\/logo\/image\/\"},\"description\":\"Empresa especializada en la fabricaci\u00f3n y distribuci\u00f3n de maquinaria industrial para los sectores alimentario y farmac\u00e9utico. Nos especializamos en: M\u00e1quinas de cortar carne Fabricaci\u00f3n de comprimidos Sistemas de transporte industrial L\u00edneas de embotellado Dosificadores Y mucho m\u00e1s... Ofrecemos soluciones innovadoras y personalizadas para optimizar los procesos productivos de tu empresa.\",\"email\":\"Admistracion@distribucionarc.com\",\"telephone\":\"+34 643496664\",\"legalName\":\"ARC TECH SOLUTIONS\",\"foundingDate\":\"2024-04-09\",\"vatID\":\"B55480172\",\"numberOfEmployees\":{\"@type\":\"QuantitativeValue\",\"minValue\":\"1\",\"maxValue\":\"10\"}}]}<\/script>\n<!-- \/ Yoast SEO Premium plugin. -->","yoast_head_json":{"title":"Pramoninis ventiliatorius 60 cm - ARC paskirstymas","robots":{"index":"index","follow":"follow","max-snippet":"max-snippet:-1","max-image-preview":"max-image-preview:large","max-video-preview":"max-video-preview:-1"},"canonical":"https:\/\/distribucionarc.com\/lt\/produktas\/ventiliatorius-pramoninis-60-cm\/","og_locale":"lt_LT","og_type":"article","og_title":"Ventilador industrial 60 cm","og_description":"Ventilador industrial 60 cm La mejor soluci\u00f3n para que su local est\u00e9 siempre a la temperatura adecuada y del agrado de sus clientes.  Con s\u00f3lo 160 vatios de consumo, este ventilador logra generar una incre\u00edble fuerza de ventilaci\u00f3n de 13,800m3 por hora. Esta m\u00e1quina e\u00f3lica de ARC fue fabricada para uso industrial. Por lo tanto, el ventilador se puede utilizar para el secado de edificios, as\u00ed como para la refrigeraci\u00f3n de maquinaria o simplemente para la circulaci\u00f3n de aire. \u00a0Garant\u00eda\u00a0ARC 2 A\u00d1OS Ventilador industrial eficiente, bajo consumo 160w soporte t\u00e9cnico incluido","og_url":"https:\/\/distribucionarc.com\/lt\/produktas\/ventiliatorius-pramoninis-60-cm\/","og_site_name":"distribuci\u00f3n ARC","article_modified_time":"2020-09-30T07:40:02+00:00","og_image":[{"width":1600,"height":1548,"url":"https:\/\/distribucionarc.com\/wp-content\/uploads\/2020\/08\/Ventilador-industrial-60-0.jpg","type":"image\/jpeg"}],"twitter_card":"summary_large_image","twitter_misc":{"Est. reading time":"1 minut\u0117"},"schema":{"@context":"https:\/\/schema.org","@graph":[{"@type":"WebPage","@id":"https:\/\/distribucionarc.com\/pl\/producto\/ventilador-industrial-60-cm\/","url":"https:\/\/distribucionarc.com\/pl\/producto\/ventilador-industrial-60-cm\/","name":"Pramoninis ventiliatorius 60 cm - ARC paskirstymas","isPartOf":{"@id":"https:\/\/distribucionarc.com\/de\/#website"},"primaryImageOfPage":{"@id":"https:\/\/distribucionarc.com\/pl\/producto\/ventilador-industrial-60-cm\/#primaryimage"},"image":{"@id":"https:\/\/distribucionarc.com\/pl\/producto\/ventilador-industrial-60-cm\/#primaryimage"},"thumbnailUrl":"https:\/\/distribucionarc.com\/wp-content\/uploads\/2020\/08\/Ventilador-industrial-60-0.jpg","datePublished":"2020-08-04T13:31:22+00:00","dateModified":"2020-09-30T07:40:02+00:00","breadcrumb":{"@id":"https:\/\/distribucionarc.com\/pl\/producto\/ventilador-industrial-60-cm\/#breadcrumb"},"inLanguage":"lt-LT","potentialAction":[{"@type":"ReadAction","target":["https:\/\/distribucionarc.com\/pl\/producto\/ventilador-industrial-60-cm\/"]}]},{"@type":"ImageObject","inLanguage":"lt-LT","@id":"https:\/\/distribucionarc.com\/pl\/producto\/ventilador-industrial-60-cm\/#primaryimage","url":"https:\/\/distribucionarc.com\/wp-content\/uploads\/2020\/08\/Ventilador-industrial-60-0.jpg","contentUrl":"https:\/\/distribucionarc.com\/wp-content\/uploads\/2020\/08\/Ventilador-industrial-60-0.jpg","width":1600,"height":1548,"caption":"Ventilador industrial 60"},{"@type":"BreadcrumbList","@id":"https:\/\/distribucionarc.com\/pl\/producto\/ventilador-industrial-60-cm\/#breadcrumb","itemListElement":[{"@type":"ListItem","position":1,"name":"Portada","item":"https:\/\/distribucionarc.com\/pl\/"},{"@type":"ListItem","position":2,"name":"Produkty","item":"https:\/\/distribucionarc.com\/pl\/shop\/"},{"@type":"ListItem","position":3,"name":"Ventilador industrial 60 cm"}]},{"@type":"WebSite","@id":"https:\/\/distribucionarc.com\/de\/#website","url":"https:\/\/distribucionarc.com\/de\/","name":"ARC paskirstymas","description":"\u012emon\u0117 specializuojasi pramonini\u0173 ma\u0161in\u0173, skardini\u0173 sandarinimo ma\u0161in\u0173, table\u010di\u0173 gamybos ma\u0161in\u0173, m\u0117sos pjaustymo ma\u0161in\u0173 gamyboje ir platinime...","publisher":{"@id":"https:\/\/distribucionarc.com\/de\/#organization"},"potentialAction":[{"@type":"SearchAction","target":{"@type":"EntryPoint","urlTemplate":"https:\/\/distribucionarc.com\/de\/?s={search_term_string}"},"query-input":{"@type":"PropertyValueSpecification","valueRequired":true,"valueName":"search_term_string"}}],"inLanguage":"lt-LT"},{"@type":"Organization","@id":"https:\/\/distribucionarc.com\/de\/#organization","name":"ARC platinimas","url":"https:\/\/distribucionarc.com\/de\/","logo":{"@type":"ImageObject","inLanguage":"lt-LT","@id":"https:\/\/distribucionarc.com\/de\/#\/schema\/logo\/image\/","url":"https:\/\/distribucionarc.com\/wp-content\/uploads\/2024\/10\/distribucion-ARC-COLOR-SIN-FONDO-e1732295305345.png","contentUrl":"https:\/\/distribucionarc.com\/wp-content\/uploads\/2024\/10\/distribucion-ARC-COLOR-SIN-FONDO-e1732295305345.png","width":1164,"height":558,"caption":"Distribuci\u00f3n ARC"},"image":{"@id":"https:\/\/distribucionarc.com\/de\/#\/schema\/logo\/image\/"},"description":"\u012emon\u0117 specializuojasi maisto ir farmacijos sektoriams skirt\u0173 pramonini\u0173 ma\u0161in\u0173 gamyboje ir platinime. M\u016bs\u0173 specializacija: M\u0117sos pjaustymo ma\u0161inos Table\u010di\u0173 gamyba Pramonin\u0117s transportavimo sistemos I\u0161pilstymo linijos Dozatoriai Ir dar daugiau... Si\u016blome novatori\u0161kus ir individualiems poreikiams pritaikytus sprendimus, kad optimizuotume j\u016bs\u0173 \u012fmon\u0117s gamybos procesus.","email":"Admistracion@distribucionarc.com","telephone":"+34 643496664","legalName":"ARC TECH SOLUTIONS","foundingDate":"2024-04-09","vatID":"B55480172","numberOfEmployees":{"@type":"QuantitativeValue","minValue":"1","maxValue":"10"}}]}},"_links":{"self":[{"href":"https:\/\/distribucionarc.com\/lt\/wp-json\/wp\/v2\/product\/1963","targetHints":{"allow":["GET"]}}],"collection":[{"href":"https:\/\/distribucionarc.com\/lt\/wp-json\/wp\/v2\/product"}],"about":[{"href":"https:\/\/distribucionarc.com\/lt\/wp-json\/wp\/v2\/types\/product"}],"replies":[{"embeddable":true,"href":"https:\/\/distribucionarc.com\/lt\/wp-json\/wp\/v2\/comments?post=1963"}],"version-history":[{"count":0,"href":"https:\/\/distribucionarc.com\/lt\/wp-json\/wp\/v2\/product\/1963\/revisions"}],"wp:featuredmedia":[{"embeddable":true,"href":"https:\/\/distribucionarc.com\/lt\/wp-json\/wp\/v2\/media\/1965"}],"wp:attachment":[{"href":"https:\/\/distribucionarc.com\/lt\/wp-json\/wp\/v2\/media?parent=1963"}],"wp:term":[{"taxonomy":"product_brand","embeddable":true,"href":"https:\/\/distribucionarc.com\/lt\/wp-json\/wp\/v2\/product_brand?post=1963"},{"taxonomy":"product_cat","embeddable":true,"href":"https:\/\/distribucionarc.com\/lt\/wp-json\/wp\/v2\/product_cat?post=1963"},{"taxonomy":"product_tag","embeddable":true,"href":"https:\/\/distribucionarc.com\/lt\/wp-json\/wp\/v2\/product_tag?post=1963"}],"curies":[{"name":"wp","href":"https:\/\/api.w.org\/{rel}","templated":true}]}}