{"id":2061,"date":"2020-08-07T14:32:43","date_gmt":"2020-08-07T14:32:43","guid":{"rendered":"https:\/\/distribucionarc.com\/?post_type=product&#038;p=2061"},"modified":"2025-05-08T21:07:51","modified_gmt":"2025-05-08T19:07:51","slug":"dozavimas-ispilstymas-skysciu-uzpildas-digital-double-3-5l","status":"publish","type":"product","link":"https:\/\/distribucionarc.com\/lt\/producto\/dosificadora-embotelladora-llenadora-de-liquidos-digital-doble-de-3-5l\/","title":{"rendered":"Dvigubas 3,5 l skaitmeninis skys\u010di\u0173 dozatorius, i\u0161pilstymas, u\u017epildas"},"content":{"rendered":"<h3>3,5 l dvigubo antgalio skaitmeninis skys\u010di\u0173 dozatorius, i\u0161pilstymo ma\u0161ina, u\u017epildas<\/h3>\n<p>Siurblys ir variklis <strong>skys\u010dio dozatorius <span style=\"color: #ff0000;\">KAM<\/span><span style=\"color: #0000ff;\">R<\/span>c<\/strong> Jie sudaryti i\u0161 keli\u0173 auk\u0161\u010diausios kokyb\u0117s antikorozini\u0173 med\u017eiag\u0173, tvirtas ner\u016bdijan\u010dio plieno korpusas padengtas r\u016bdis atstumian\u010dia med\u017eiaga, u\u017etikrinan\u010dia jo ilgaam\u017ei\u0161kum\u0105.<\/p>\n<p>Pildymo laukimo laikas gali b\u016bti laisvai reguliuojamas LCD ekrane, taip pat turi automatinio skai\u010diavimo funkcij\u0105. Pildymo proces\u0105 galite atlikti nustatydami<strong> u\u017epildas<\/strong> <strong>automati\u0161kai<\/strong> <strong>arba<\/strong> <strong>valdyti proces\u0105 rankiniu b\u016bdu<\/strong> su lengvai naudojamu savaiminio paleidimo pedalu.<\/p>\n<p>Galite reguliuoti skirting\u0173 dyd\u017ei\u0173 talpyklos auk\u0161t\u012f, antgal\u012f ir \u017earn\u0105<strong> i\u0161pilstytojas <span style=\"color: #ff0000;\">KAM<\/span><span style=\"color: #0000ff;\">R<\/span>CEDL4K<\/strong> Jie suprojektuoti su didelio tikslumo u\u017epildymo apsauga nuo la\u0161\u0117jimo. Suteikia a <strong>didelis u\u017epildymo t\u016bris d\u0117l dviej\u0173 pildymo \u017earn\u0173 (3,2 l\/min.)\u00a0<\/strong> be priemai\u0161\u0173 d\u0117l didelio \u012fleidimo filtro.<\/p>\n<p>Jame yra ventiliatorius, u\u017etikrinantis stabil\u0173 veikim\u0105 d\u0117l automatin\u0117s absorbcijos ir \u0161ilumin\u0117s apsaugos funkcijos, leid\u017eian\u010dios normaliai veikti, jei jis veikia ilg\u0105 laik\u0105 arba yra neaktyvus.<\/p>\n<h6><strong>Garantija\u00a0<span style=\"color: #ff0000;\">KAM<\/span><span style=\"color: #0000ff;\">R<\/span>C 2 METAI<\/strong><\/h6>\n<h6><span style=\"color: #008000;\">Efektyvus i\u0161pilstymo dozatorius, ma\u017eas suvartojimas 180w<\/span><\/h6>\n<h6><strong>\u012ftraukta technin\u0117 pagalba<\/strong><\/h6>\n<p>&nbsp;<\/p>\n<table role=\"presentation\" width=\"100%\" cellspacing=\"0\" cellpadding=\"0\">\n<tbody>\n<tr>\n<td class=\"attrLabels\">Prekinis \u017eenklas:<\/td>\n<td width=\"50.0%\">ARC<\/td>\n<\/tr>\n<tr>\n<td class=\"attrLabels\">Platinimo \u0161alis:<\/td>\n<td width=\"50.0%\">Ispanija, Vokietija, JAV<\/td>\n<td class=\"attrLabels\">Svoris:<\/td>\n<td width=\"50.0%\">10 kg<\/td>\n<\/tr>\n<tr>\n<td class=\"attrLabels\">Prekinis \u017eenklas:<\/td>\n<td width=\"50.0%\">ARC<\/td>\n<td class=\"attrLabels\">Auk\u0161tis:<\/td>\n<td width=\"50.0%\">16,5 cm<\/td>\n<\/tr>\n<tr>\n<td class=\"attrLabels\">Spalva:<\/td>\n<td width=\"50.0%\">Sidabras<\/td>\n<td class=\"attrLabels\">Ilgas:<\/td>\n<td width=\"50.0%\">38 cm<\/td>\n<\/tr>\n<tr>\n<td class=\"attrLabels\">Produkto tipas:<\/td>\n<td width=\"50.0%\">Skys\u010dio u\u017epildymo dozatorius<\/td>\n<td class=\"attrLabels\">Platus:<\/td>\n<td width=\"50.0%\">25,5 cm<\/td>\n<\/tr>\n<tr>\n<td class=\"attrLabels\">Gamintojo numeris:<\/td>\n<td width=\"50.0%\">ARCEDL17K<\/td>\n<td class=\"attrLabels\">Galia:<\/td>\n<td width=\"50.0%\">180W<\/td>\n<\/tr>\n<tr>\n<td class=\"attrLabels\">Med\u017eiaga:<\/td>\n<td width=\"50.0%\">ner\u016bdijantis plienas, mikrokompiuteris, automatinis valdymas, kojinis jungiklis<\/td>\n<td class=\"attrLabels\">\u012f\u0117jimo \u012ftampa<\/td>\n<td width=\"50.0%\">110V \u2013 50Hz<\/td>\n<\/tr>\n<tr>\n<td class=\"attrLabels\">Garantija:<\/td>\n<td width=\"50.0%\">\u00a0 2 metai<\/td>\n<td class=\"attrLabels\">U\u017epildymo t\u016bris:<\/td>\n<td width=\"50.0%\">nuo 2 ml iki 3500 ml<\/td>\n<\/tr>\n<tr>\n<td class=\"attrLabels\">Montavimo \u012frankiai:<\/td>\n<td width=\"50.0%\">Taip<\/td>\n<td class=\"attrLabels\">Maksimalus srautas:<\/td>\n<td width=\"50.0%\">\u00a03,2 l\/min priklausomai nuo skys\u010dio ir manevringumo<\/td>\n<\/tr>\n<\/tbody>\n<\/table>\n<p>&nbsp;<\/p>","protected":false},"excerpt":{"rendered":"<h2>Dozavimas, i\u0161pilstymas, dvigubas skaitmeninis skys\u010dio u\u017epildas 3,5 l<\/h2>\n<p>Tai <strong>dozatorius<\/strong> Jis pla\u010diai naudojamas farmacijos, chemijos, g\u0117rim\u0173, naftos, kosmetikos ir kitose pramon\u0117s \u0161akose, tinkamas<strong> ma\u017eo klampumo skys\u010diai be daleli\u0173<\/strong> pavyzd\u017eiui, vanduo, alyvuogi\u0173 aliejus, kuras, g\u0117rimai ir kt.<\/p>\n<p>The <strong>skys\u010dio pildymo ma\u0161ina<\/strong> <strong><span style=\"color: #ff0000;\">KAM<\/span><span style=\"color: #0000ff;\">R<\/span>c<\/strong> Jis turi automatin\u012f paleidimo siurbl\u012f ir dvi galvutes, tod\u0117l yra prakti\u0161kesnis ir efektyvesnis. Jis gali b\u016bti naudojamas \u012fvairi\u0173 tip\u0173 ma\u017eo tankio ir lengviems skys\u010diams u\u017epildyti. Tokie kaip vanduo, alyvuogi\u0173 aliejus, g\u0117rimai, actas, pienas ir kt. Atsi\u017evelgiant \u012f skirtingus skys\u010di\u0173 tipus, rekomenduojama naudoti skirtingas med\u017eiagas. M\u016bs\u0173 tiekiamas vamzdis yra silikoninis.<\/p>\n<h6><strong>Garantija\u00a0<span style=\"color: #ff0000;\">KAM<\/span><span style=\"color: #0000ff;\">R<\/span>C 2 METAI<\/strong><\/h6>\n<h6><span style=\"color: #008000;\">Efektyvus i\u0161pilstymo dozatorius, ma\u017eas suvartojimas 180w<\/span><\/h6>\n<h6><strong>\u012ftraukta technin\u0117 pagalba<\/strong><\/h6>","protected":false},"featured_media":2068,"comment_status":"open","ping_status":"closed","template":"","meta":{"wds_primary_product_brand":0,"wds_primary_product_cat":0},"product_brand":[],"product_cat":[18,19,320,21],"product_tag":[],"class_list":{"0":"post-2061","1":"product","2":"type-product","3":"status-publish","4":"has-post-thumbnail","6":"product_cat-dosificadoras","7":"product_cat-dosificadoras-de-liquidos","8":"product_cat-llenadoras-de-liquidos-por-gravedad","9":"product_cat-maquinas-llenadoras","10":"product_shipping_class-express","12":"first","13":"instock","14":"sale","15":"taxable","16":"shipping-taxable","17":"purchasable","18":"product-type-simple"},"yoast_head":"<!-- This site is optimized with the Yoast SEO Premium plugin v24.9 (Yoast SEO v26.1) - https:\/\/yoast.com\/wordpress\/plugins\/seo\/ -->\n<title>Dosificadora, Embotelladora, Llenadora de L\u00edquidos Digital doble de 3.5L - distribuci\u00f3n ARC<\/title>\n<meta name=\"robots\" content=\"index, follow, max-snippet:-1, max-image-preview:large, max-video-preview:-1\" \/>\n<link rel=\"canonical\" href=\"https:\/\/www.distribucionarc.com\/nb\/producto\/dosificadora-embotelladora-llenadora-de-liquidos-digital-doble-de-3-5l\/\" \/>\n<meta property=\"og:locale\" content=\"lt_LT\" \/>\n<meta property=\"og:type\" content=\"article\" \/>\n<meta property=\"og:title\" content=\"Dosificadora, Embotelladora, Llenadora de L\u00edquidos Digital doble de 3.5L\" \/>\n<meta property=\"og:description\" content=\"Dosificadora, Embotelladora, Llenadora de L\u00edquidos Digital doble 3,5L Esta dosificadora es ampliamente utilizada en las industrias farmac\u00e9utica, qu\u00edmica, de bebidas, aceite, cosm\u00e9tica y otras, adecuado para l\u00edquidos de baja viscosidad y libres de part\u00edculas como agua, aceite de oliva, combustibles, bebidas, etc.  La m\u00e1quina llenadora de l\u00edquidos ARC tiene una bomba de arranque autom\u00e1tico y dos cabezales, que la hacen m\u00e1s pr\u00e1ctica y eficiente. Se puede utilizar para llenar muchos tipos de l\u00edquidos de baja densidad y ligeros. Tales como agua, aceite de oliva, bebidas, vinagre, leche, etc. Seg\u00fan los distintos tipos de l\u00edquidos se recomienda utilizar diferentes materiales. El tubo que suministramos es de silicona. Garant\u00eda\u00a0ARC 2 A\u00d1OS Dosificadora\u00a0 embotelladora eficiente, bajo consumo 180w soporte t\u00e9cnico incluido\" \/>\n<meta property=\"og:url\" content=\"https:\/\/www.distribucionarc.com\/nb\/producto\/dosificadora-embotelladora-llenadora-de-liquidos-digital-doble-de-3-5l\/\" \/>\n<meta property=\"og:site_name\" content=\"distribuci\u00f3n ARC\" \/>\n<meta property=\"article:modified_time\" content=\"2025-05-08T19:07:51+00:00\" \/>\n<meta property=\"og:image\" content=\"https:\/\/distribucionarc.com\/wp-content\/uploads\/2020\/08\/Dosificadora-embotelladora-llenadora-de-l\u00edquidos-digital-doble-3.5L-0.jpg\" \/>\n\t<meta property=\"og:image:width\" content=\"1600\" \/>\n\t<meta property=\"og:image:height\" content=\"1600\" \/>\n\t<meta property=\"og:image:type\" content=\"image\/jpeg\" \/>\n<meta name=\"twitter:card\" content=\"summary_large_image\" \/>\n<meta name=\"twitter:label1\" content=\"Est. reading time\" \/>\n\t<meta name=\"twitter:data1\" content=\"2 minut\u0117s\" \/>\n<script type=\"application\/ld+json\" class=\"yoast-schema-graph\">{\"@context\":\"https:\/\/schema.org\",\"@graph\":[{\"@type\":\"WebPage\",\"@id\":\"https:\/\/www.distribucionarc.com\/nb\/producto\/dosificadora-embotelladora-llenadora-de-liquidos-digital-doble-de-3-5l\/\",\"url\":\"https:\/\/www.distribucionarc.com\/nb\/producto\/dosificadora-embotelladora-llenadora-de-liquidos-digital-doble-de-3-5l\/\",\"name\":\"Dosificadora, Embotelladora, Llenadora de L\u00edquidos Digital doble de 3.5L - distribuci\u00f3n ARC\",\"isPartOf\":{\"@id\":\"https:\/\/www.distribucionarc.com\/tr\/#website\"},\"primaryImageOfPage\":{\"@id\":\"https:\/\/www.distribucionarc.com\/nb\/producto\/dosificadora-embotelladora-llenadora-de-liquidos-digital-doble-de-3-5l\/#primaryimage\"},\"image\":{\"@id\":\"https:\/\/www.distribucionarc.com\/nb\/producto\/dosificadora-embotelladora-llenadora-de-liquidos-digital-doble-de-3-5l\/#primaryimage\"},\"thumbnailUrl\":\"https:\/\/distribucionarc.com\/wp-content\/uploads\/2020\/08\/Dosificadora-embotelladora-llenadora-de-l\u00edquidos-digital-doble-3.5L-0.jpg\",\"datePublished\":\"2020-08-07T14:32:43+00:00\",\"dateModified\":\"2025-05-08T19:07:51+00:00\",\"breadcrumb\":{\"@id\":\"https:\/\/www.distribucionarc.com\/nb\/producto\/dosificadora-embotelladora-llenadora-de-liquidos-digital-doble-de-3-5l\/#breadcrumb\"},\"inLanguage\":\"lt-LT\",\"potentialAction\":[{\"@type\":\"ReadAction\",\"target\":[\"https:\/\/www.distribucionarc.com\/nb\/producto\/dosificadora-embotelladora-llenadora-de-liquidos-digital-doble-de-3-5l\/\"]}]},{\"@type\":\"ImageObject\",\"inLanguage\":\"lt-LT\",\"@id\":\"https:\/\/www.distribucionarc.com\/nb\/producto\/dosificadora-embotelladora-llenadora-de-liquidos-digital-doble-de-3-5l\/#primaryimage\",\"url\":\"https:\/\/distribucionarc.com\/wp-content\/uploads\/2020\/08\/Dosificadora-embotelladora-llenadora-de-l\u00edquidos-digital-doble-3.5L-0.jpg\",\"contentUrl\":\"https:\/\/distribucionarc.com\/wp-content\/uploads\/2020\/08\/Dosificadora-embotelladora-llenadora-de-l\u00edquidos-digital-doble-3.5L-0.jpg\",\"width\":1600,\"height\":1600,\"caption\":\"Dosificadora embotelladora llenadora de l\u00edquidos digital doble 3.5L\"},{\"@type\":\"BreadcrumbList\",\"@id\":\"https:\/\/www.distribucionarc.com\/nb\/producto\/dosificadora-embotelladora-llenadora-de-liquidos-digital-doble-de-3-5l\/#breadcrumb\",\"itemListElement\":[{\"@type\":\"ListItem\",\"position\":1,\"name\":\"Portada\",\"item\":\"https:\/\/www.distribucionarc.com\/tr\/\"},{\"@type\":\"ListItem\",\"position\":2,\"name\":\"Produktai\",\"item\":\"https:\/\/distribucionarc.com\/lt\/parduotuve\/\"},{\"@type\":\"ListItem\",\"position\":3,\"name\":\"Dosificadora, Embotelladora, Llenadora de L\u00edquidos Digital doble de 3.5L\"}]},{\"@type\":\"WebSite\",\"@id\":\"https:\/\/www.distribucionarc.com\/tr\/#website\",\"url\":\"https:\/\/www.distribucionarc.com\/tr\/\",\"name\":\"distribuci\u00f3n ARC\",\"description\":\"Empresa especializada en la fabricaci\u00f3n y distribuci\u00f3n de maquinaria industrial, selladoras de latas, Maquinas de hacer pastillas, Maquinas de cortar carne...\",\"publisher\":{\"@id\":\"https:\/\/www.distribucionarc.com\/tr\/#organization\"},\"potentialAction\":[{\"@type\":\"SearchAction\",\"target\":{\"@type\":\"EntryPoint\",\"urlTemplate\":\"https:\/\/www.distribucionarc.com\/tr\/?s={search_term_string}\"},\"query-input\":{\"@type\":\"PropertyValueSpecification\",\"valueRequired\":true,\"valueName\":\"search_term_string\"}}],\"inLanguage\":\"lt-LT\"},{\"@type\":\"Organization\",\"@id\":\"https:\/\/www.distribucionarc.com\/tr\/#organization\",\"name\":\"Distribuci\u00f3n ARC\",\"url\":\"https:\/\/www.distribucionarc.com\/tr\/\",\"logo\":{\"@type\":\"ImageObject\",\"inLanguage\":\"lt-LT\",\"@id\":\"https:\/\/www.distribucionarc.com\/tr\/#\/schema\/logo\/image\/\",\"url\":\"https:\/\/distribucionarc.com\/wp-content\/uploads\/2024\/10\/distribucion-ARC-COLOR-SIN-FONDO-e1732295305345.png\",\"contentUrl\":\"https:\/\/distribucionarc.com\/wp-content\/uploads\/2024\/10\/distribucion-ARC-COLOR-SIN-FONDO-e1732295305345.png\",\"width\":1164,\"height\":558,\"caption\":\"Distribuci\u00f3n ARC\"},\"image\":{\"@id\":\"https:\/\/www.distribucionarc.com\/tr\/#\/schema\/logo\/image\/\"},\"description\":\"Empresa especializada en la fabricaci\u00f3n y distribuci\u00f3n de maquinaria industrial para los sectores alimentario y farmac\u00e9utico. Nos especializamos en: M\u00e1quinas de cortar carne Fabricaci\u00f3n de comprimidos Sistemas de transporte industrial L\u00edneas de embotellado Dosificadores Y mucho m\u00e1s... Ofrecemos soluciones innovadoras y personalizadas para optimizar los procesos productivos de tu empresa.\",\"email\":\"Admistracion@distribucionarc.com\",\"telephone\":\"+34 643496664\",\"legalName\":\"ARC TECH SOLUTIONS\",\"foundingDate\":\"2024-04-09\",\"vatID\":\"B55480172\",\"numberOfEmployees\":{\"@type\":\"QuantitativeValue\",\"minValue\":\"1\",\"maxValue\":\"10\"}}]}<\/script>\n<!-- \/ Yoast SEO Premium plugin. -->","yoast_head_json":{"title":"Dvigubas 3,5 l skaitmeninis skys\u010di\u0173 dozatorius, i\u0161pilstymas ir u\u017epildas \u2013 ARC paskirstymas","robots":{"index":"index","follow":"follow","max-snippet":"max-snippet:-1","max-image-preview":"max-image-preview:large","max-video-preview":"max-video-preview:-1"},"canonical":"https:\/\/www.distribucionarc.com\/nb\/producto\/dosificadora-embotelladora-llenadora-de-liquidos-digital-doble-de-3-5l\/","og_locale":"lt_LT","og_type":"article","og_title":"Dosificadora, Embotelladora, Llenadora de L\u00edquidos Digital doble de 3.5L","og_description":"Dosificadora, Embotelladora, Llenadora de L\u00edquidos Digital doble 3,5L Esta dosificadora es ampliamente utilizada en las industrias farmac\u00e9utica, qu\u00edmica, de bebidas, aceite, cosm\u00e9tica y otras, adecuado para l\u00edquidos de baja viscosidad y libres de part\u00edculas como agua, aceite de oliva, combustibles, bebidas, etc.  La m\u00e1quina llenadora de l\u00edquidos ARC tiene una bomba de arranque autom\u00e1tico y dos cabezales, que la hacen m\u00e1s pr\u00e1ctica y eficiente. Se puede utilizar para llenar muchos tipos de l\u00edquidos de baja densidad y ligeros. Tales como agua, aceite de oliva, bebidas, vinagre, leche, etc. Seg\u00fan los distintos tipos de l\u00edquidos se recomienda utilizar diferentes materiales. El tubo que suministramos es de silicona. Garant\u00eda\u00a0ARC 2 A\u00d1OS Dosificadora\u00a0 embotelladora eficiente, bajo consumo 180w soporte t\u00e9cnico incluido","og_url":"https:\/\/www.distribucionarc.com\/nb\/producto\/dosificadora-embotelladora-llenadora-de-liquidos-digital-doble-de-3-5l\/","og_site_name":"distribuci\u00f3n ARC","article_modified_time":"2025-05-08T19:07:51+00:00","og_image":[{"width":1600,"height":1600,"url":"https:\/\/distribucionarc.com\/wp-content\/uploads\/2020\/08\/Dosificadora-embotelladora-llenadora-de-l\u00edquidos-digital-doble-3.5L-0.jpg","type":"image\/jpeg"}],"twitter_card":"summary_large_image","twitter_misc":{"Est. reading time":"2 minut\u0117s"},"schema":{"@context":"https:\/\/schema.org","@graph":[{"@type":"WebPage","@id":"https:\/\/www.distribucionarc.com\/nb\/producto\/dosificadora-embotelladora-llenadora-de-liquidos-digital-doble-de-3-5l\/","url":"https:\/\/www.distribucionarc.com\/nb\/producto\/dosificadora-embotelladora-llenadora-de-liquidos-digital-doble-de-3-5l\/","name":"Dvigubas 3,5 l skaitmeninis skys\u010di\u0173 dozatorius, i\u0161pilstymas ir u\u017epildas \u2013 ARC paskirstymas","isPartOf":{"@id":"https:\/\/www.distribucionarc.com\/tr\/#website"},"primaryImageOfPage":{"@id":"https:\/\/www.distribucionarc.com\/nb\/producto\/dosificadora-embotelladora-llenadora-de-liquidos-digital-doble-de-3-5l\/#primaryimage"},"image":{"@id":"https:\/\/www.distribucionarc.com\/nb\/producto\/dosificadora-embotelladora-llenadora-de-liquidos-digital-doble-de-3-5l\/#primaryimage"},"thumbnailUrl":"https:\/\/distribucionarc.com\/wp-content\/uploads\/2020\/08\/Dosificadora-embotelladora-llenadora-de-l\u00edquidos-digital-doble-3.5L-0.jpg","datePublished":"2020-08-07T14:32:43+00:00","dateModified":"2025-05-08T19:07:51+00:00","breadcrumb":{"@id":"https:\/\/www.distribucionarc.com\/nb\/producto\/dosificadora-embotelladora-llenadora-de-liquidos-digital-doble-de-3-5l\/#breadcrumb"},"inLanguage":"lt-LT","potentialAction":[{"@type":"ReadAction","target":["https:\/\/www.distribucionarc.com\/nb\/producto\/dosificadora-embotelladora-llenadora-de-liquidos-digital-doble-de-3-5l\/"]}]},{"@type":"ImageObject","inLanguage":"lt-LT","@id":"https:\/\/www.distribucionarc.com\/nb\/producto\/dosificadora-embotelladora-llenadora-de-liquidos-digital-doble-de-3-5l\/#primaryimage","url":"https:\/\/distribucionarc.com\/wp-content\/uploads\/2020\/08\/Dosificadora-embotelladora-llenadora-de-l\u00edquidos-digital-doble-3.5L-0.jpg","contentUrl":"https:\/\/distribucionarc.com\/wp-content\/uploads\/2020\/08\/Dosificadora-embotelladora-llenadora-de-l\u00edquidos-digital-doble-3.5L-0.jpg","width":1600,"height":1600,"caption":"Dosificadora embotelladora llenadora de l\u00edquidos digital doble 3.5L"},{"@type":"BreadcrumbList","@id":"https:\/\/www.distribucionarc.com\/nb\/producto\/dosificadora-embotelladora-llenadora-de-liquidos-digital-doble-de-3-5l\/#breadcrumb","itemListElement":[{"@type":"ListItem","position":1,"name":"Portada","item":"https:\/\/www.distribucionarc.com\/tr\/"},{"@type":"ListItem","position":2,"name":"Produktai","item":"https:\/\/distribucionarc.com\/lt\/parduotuve\/"},{"@type":"ListItem","position":3,"name":"Dosificadora, Embotelladora, Llenadora de L\u00edquidos Digital doble de 3.5L"}]},{"@type":"WebSite","@id":"https:\/\/www.distribucionarc.com\/tr\/#website","url":"https:\/\/www.distribucionarc.com\/tr\/","name":"ARC paskirstymas","description":"\u012emon\u0117 specializuojasi pramonini\u0173 ma\u0161in\u0173, skardini\u0173 sandarinimo ma\u0161in\u0173, table\u010di\u0173 gamybos ma\u0161in\u0173, m\u0117sos pjaustymo ma\u0161in\u0173 gamyboje ir platinime...","publisher":{"@id":"https:\/\/www.distribucionarc.com\/tr\/#organization"},"potentialAction":[{"@type":"SearchAction","target":{"@type":"EntryPoint","urlTemplate":"https:\/\/www.distribucionarc.com\/tr\/?s={search_term_string}"},"query-input":{"@type":"PropertyValueSpecification","valueRequired":true,"valueName":"search_term_string"}}],"inLanguage":"lt-LT"},{"@type":"Organization","@id":"https:\/\/www.distribucionarc.com\/tr\/#organization","name":"ARC platinimas","url":"https:\/\/www.distribucionarc.com\/tr\/","logo":{"@type":"ImageObject","inLanguage":"lt-LT","@id":"https:\/\/www.distribucionarc.com\/tr\/#\/schema\/logo\/image\/","url":"https:\/\/distribucionarc.com\/wp-content\/uploads\/2024\/10\/distribucion-ARC-COLOR-SIN-FONDO-e1732295305345.png","contentUrl":"https:\/\/distribucionarc.com\/wp-content\/uploads\/2024\/10\/distribucion-ARC-COLOR-SIN-FONDO-e1732295305345.png","width":1164,"height":558,"caption":"Distribuci\u00f3n ARC"},"image":{"@id":"https:\/\/www.distribucionarc.com\/tr\/#\/schema\/logo\/image\/"},"description":"\u012emon\u0117 specializuojasi maisto ir farmacijos sektoriams skirt\u0173 pramonini\u0173 ma\u0161in\u0173 gamyboje ir platinime. M\u016bs\u0173 specializacija: M\u0117sos pjaustymo ma\u0161inos Table\u010di\u0173 gamyba Pramonin\u0117s transportavimo sistemos I\u0161pilstymo linijos Dozatoriai Ir dar daugiau... Si\u016blome novatori\u0161kus ir individualiems poreikiams pritaikytus sprendimus, kad optimizuotume j\u016bs\u0173 \u012fmon\u0117s gamybos procesus.","email":"Admistracion@distribucionarc.com","telephone":"+34 643496664","legalName":"ARC TECH SOLUTIONS","foundingDate":"2024-04-09","vatID":"B55480172","numberOfEmployees":{"@type":"QuantitativeValue","minValue":"1","maxValue":"10"}}]}},"_links":{"self":[{"href":"https:\/\/distribucionarc.com\/lt\/wp-json\/wp\/v2\/product\/2061","targetHints":{"allow":["GET"]}}],"collection":[{"href":"https:\/\/distribucionarc.com\/lt\/wp-json\/wp\/v2\/product"}],"about":[{"href":"https:\/\/distribucionarc.com\/lt\/wp-json\/wp\/v2\/types\/product"}],"replies":[{"embeddable":true,"href":"https:\/\/distribucionarc.com\/lt\/wp-json\/wp\/v2\/comments?post=2061"}],"version-history":[{"count":1,"href":"https:\/\/distribucionarc.com\/lt\/wp-json\/wp\/v2\/product\/2061\/revisions"}],"predecessor-version":[{"id":17457,"href":"https:\/\/distribucionarc.com\/lt\/wp-json\/wp\/v2\/product\/2061\/revisions\/17457"}],"wp:featuredmedia":[{"embeddable":true,"href":"https:\/\/distribucionarc.com\/lt\/wp-json\/wp\/v2\/media\/2068"}],"wp:attachment":[{"href":"https:\/\/distribucionarc.com\/lt\/wp-json\/wp\/v2\/media?parent=2061"}],"wp:term":[{"taxonomy":"product_brand","embeddable":true,"href":"https:\/\/distribucionarc.com\/lt\/wp-json\/wp\/v2\/product_brand?post=2061"},{"taxonomy":"product_cat","embeddable":true,"href":"https:\/\/distribucionarc.com\/lt\/wp-json\/wp\/v2\/product_cat?post=2061"},{"taxonomy":"product_tag","embeddable":true,"href":"https:\/\/distribucionarc.com\/lt\/wp-json\/wp\/v2\/product_tag?post=2061"}],"curies":[{"name":"wp","href":"https:\/\/api.w.org\/{rel}","templated":true}]}}