{"id":2101,"date":"2020-08-10T09:48:43","date_gmt":"2020-08-10T09:48:43","guid":{"rendered":"https:\/\/distribucionarc.com\/?post_type=product&#038;p=2101"},"modified":"2020-09-30T09:26:00","modified_gmt":"2020-09-30T09:26:00","slug":"vaisiu-smulkintuvas-trintuvas-su-svaistikliu-7l","status":"publish","type":"product","link":"https:\/\/distribucionarc.com\/lt\/producto\/trituradora-molinillo-de-frutas-con-manivela-7l\/","title":{"rendered":"Smulkintuvas, vaisi\u0173 mal\u016bn\u0117lis su rankiniu \u0161vaistikliu 7L"},"content":{"rendered":"<h3>7L efektyvus rankinis vaisi\u0173 smulkintuvas<\/h3>\n<p>Obuoliai, kriau\u0161\u0117s, svarainiai ir pana\u0161\u016bs vaisiai yra ypa\u010d ideal\u016bs tolesniam perdirbimui. Palyginti kiet\u0105 mink\u0161tim\u0105 susmulkina\u00a0<strong>vaisi\u0173 mal\u016bnas\u00a0<span style=\"color: #ff0000;\">KAM<\/span><span style=\"color: #0000ff;\">R<\/span>c<\/strong>; Gautas maceravimas padidina sul\u010di\u0173 i\u0161eig\u0105 ir leid\u017eia spausti vaisius. Vaisi\u0173 su mink\u0161tu ar mink\u0161tu mink\u0161timu mal\u016bne nereikia smulkinti, nes j\u0173 s\u0117klos linkusios kartoti sul\u010di\u0173 skon\u012f.<\/p>\n<p>Jei naudosite prinokusius ir gerus vaisius, gausite geros kokyb\u0117s sultis. Neprinok\u0119, pernok\u0119, supuv\u0119 ar sul\u016b\u017e\u0119 vaisiai turi b\u016bti r\u016b\u0161iuojami. Prie\u0161 perdirbdami vaisius, gerai nuplaukite geriamuoju vandeniu, kad \u012f tyr\u0119 nepatekt\u0173 ne\u0161varum\u0173.<\/p>\n<p>Su \u0161iuo\u00a0<strong>vaisi\u0173 ar dar\u017eovi\u0173 smulkintuvas<\/strong>\u00a0<strong><span style=\"color: #ff0000;\">KAM<\/span><span style=\"color: #0000ff;\">R<\/span>CTMVF7 <\/strong>\u0161lifuojant pasiekiama tiksliai reikiama konsistencija. Tvirtas pjovimo agregatas (aliuminio lydinys) skland\u017eiai valdomas efektyvia rankine pavara d\u0117l 50 cm vairo. <strong>greitesni rezultatai su ma\u017eiau pastang\u0173<\/strong>. Ner\u016bdijan\u010dio plieno piltuvas sumontuotas ant pagrindo r\u0117mo, pagaminto i\u0161 kvadratinio plieno vamzd\u017eio. Piltuvo talpa 7 litrai. Pagrindo r\u0117mas apr\u016bpintas gumin\u0117mis kojel\u0117mis, u\u017etikrinan\u010diomis stabil\u0173 laikym\u0105.<\/p>\n<h6><strong>Garantija\u00a0<\/strong><span style=\"color: #ff0000;\"><strong>KAM<\/strong><\/span><span style=\"color: #0000ff;\"><strong>R<\/strong><\/span><strong>C 2 METAI<\/strong><\/h6>\n<h6><strong>\u012ftraukta technin\u0117 pagalba<\/strong><\/h6>\n<p>&nbsp;<\/p>\n<table width=\"100%\">\n<tbody>\n<tr>\n<td>Vaikinas:<\/td>\n<td width=\"50%\">vadovas<\/td>\n<td colspan=\"2\" width=\"327\"><\/td>\n<\/tr>\n<tr>\n<td>Platinimo \u0161alis:<\/td>\n<td width=\"50%\">Ispanija, Vokietija, JAV<\/td>\n<td>Svoris:<\/td>\n<td width=\"50%\">8,7 kg<\/td>\n<\/tr>\n<tr>\n<td>Prekinis \u017eenklas:<\/td>\n<td width=\"50%\">ARC<\/td>\n<td>Auk\u0161tis:<\/td>\n<td width=\"50%\">35 cm<\/td>\n<\/tr>\n<tr>\n<td>Spalva:<\/td>\n<td width=\"50%\">Sidabras<\/td>\n<td>Ilgas:<\/td>\n<td width=\"50%\">\u00a057 cm<\/td>\n<\/tr>\n<tr>\n<td>Produkto tipas:<\/td>\n<td width=\"50%\">vaisi\u0173 sul\u010diaspaud\u0117, vyno presas<\/td>\n<td>Platus:<\/td>\n<td width=\"50%\">47 cm<\/td>\n<\/tr>\n<tr>\n<td>Gamintojo numeris:<\/td>\n<td width=\"50%\">ARCTMVF7<\/td>\n<td>Krep\u0161elio dydis:<\/td>\n<td width=\"50%\">34x31 cm<\/td>\n<\/tr>\n<tr>\n<td>Med\u017eiaga:<\/td>\n<td width=\"50%\">\u00a0maistinis ner\u016bdijantis plienas, aliuminio lydinys<\/td>\n<td>\u012eranga:<\/td>\n<td width=\"50%\">Alk\u016bninis su smagra\u010diu<\/td>\n<\/tr>\n<tr>\n<td>Geb\u0117jimas:<\/td>\n<td width=\"50%\">7L<\/td>\n<td>Smagra\u010dio skersmuo:<\/td>\n<td width=\"50%\">50 cm<\/td>\n<\/tr>\n<tr>\n<td>Statin\u0117s auk\u0161tis:<\/td>\n<td width=\"50%\">18 cm<\/td>\n<td>\u00a0Garantija:<\/td>\n<td width=\"50%\">2 METAI<\/td>\n<\/tr>\n<\/tbody>\n<\/table>","protected":false},"excerpt":{"rendered":"<h2>Vaisi\u0173 smulkintuvas su efektyviu 7L<\/h2>\n<p>Raktas gaminant geras sultis, vyn\u0105, mis\u0105, sidr\u0105 ir kt. D\u0117l to galima pagaminti skani\u0105 ir lygi\u0105 tyr\u0119<strong>\u00a0mal\u016bn\u0117liai\u00a0<span style=\"color: #ff0000;\">KAM<\/span><span style=\"color: #0000ff;\">R<\/span>c<\/strong>. Paruo\u0161tas naudoti i\u0161 karto ir bet kur, nepriklausomai nuo elektros energijos.<\/p>\n<p>Didelis piltuvas yra 7 litr\u0173 talpos, skirtas vaisiams smulkinti. Pats tvirtas <strong>vaisi\u0173 smulkintuvas<\/strong> Pjoviklis skland\u017eiai pajudinamas vairu ir per trump\u0105 laik\u0105 galima greitai ir patogiai susmulkinti didel\u012f kiek\u012f.<\/p>\n<h6><strong>Garantija\u00a0<\/strong><span style=\"color: #ff0000;\"><strong>KAM<\/strong><\/span><span style=\"color: #0000ff;\"><strong>R<\/strong><\/span><strong>C 2 METAI<\/strong><\/h6>\n<h6><strong>\u012ftraukta technin\u0117 pagalba<\/strong><\/h6>\n<p>&nbsp;<\/p>","protected":false},"featured_media":2102,"comment_status":"open","ping_status":"closed","template":"","meta":{"wds_primary_product_brand":0,"wds_primary_product_cat":0},"product_brand":[],"product_cat":[30,65,68],"product_tag":[],"class_list":{"0":"post-2101","1":"product","2":"type-product","3":"status-publish","4":"has-post-thumbnail","6":"product_cat-maquinaria-apicola","7":"product_cat-maquinaria-industrial-para-procesar-fruta-verdura-panales","8":"product_cat-trituradoras-picadoras-de-frutas-y-verduras","9":"product_shipping_class-hosteleria","11":"first","12":"instock","13":"sale","14":"taxable","15":"shipping-taxable","16":"purchasable","17":"product-type-simple"},"yoast_head":"<!-- This site is optimized with the Yoast SEO Premium plugin v24.9 (Yoast SEO v26.1) - https:\/\/yoast.com\/wordpress\/plugins\/seo\/ -->\n<title>Trituradora, molinillo de frutas con manivela 7L - distribuci\u00f3n ARC<\/title>\n<meta name=\"robots\" content=\"index, follow, max-snippet:-1, max-image-preview:large, max-video-preview:-1\" \/>\n<link rel=\"canonical\" href=\"https:\/\/distribucionarc.com\/lt\/produktas\/vaisiu-smulkintuvas-trintuvas-su-svaistikliu-7l\/\" \/>\n<meta property=\"og:locale\" content=\"lt_LT\" \/>\n<meta property=\"og:type\" content=\"article\" \/>\n<meta property=\"og:title\" content=\"Trituradora, molinillo de frutas con manivela 7L\" \/>\n<meta property=\"og:description\" content=\"Trituradora de frutas con eficiente 7L La clave para elaborar un buen zumo, jugo, vino, mosto, sidra etc. Es elaborar un sabroso y suave pur\u00e9 gracias a las\u00a0molinillos de\u00a0ARC. Listos para usar de inmediato y en cualquier lugar, independientemente de la energ\u00eda el\u00e9ctrica.  El embudo grande tiene una capacidad de 7 litros, para picar la fruta. La robusta picadora de fruta de corte se pone en movimiento suavemente con el volante y se puede picar una gran cantidad de forma r\u00e1pida y c\u00f3moda en poco tiempo. Garant\u00eda\u00a0ARC 2 A\u00d1OS soporte t\u00e9cnico\u00a0incluido &nbsp;\" \/>\n<meta property=\"og:url\" content=\"https:\/\/distribucionarc.com\/lt\/produktas\/vaisiu-smulkintuvas-trintuvas-su-svaistikliu-7l\/\" \/>\n<meta property=\"og:site_name\" content=\"distribuci\u00f3n ARC\" \/>\n<meta property=\"article:modified_time\" content=\"2020-09-30T09:26:00+00:00\" \/>\n<meta property=\"og:image\" content=\"https:\/\/distribucionarc.com\/wp-content\/uploads\/2020\/08\/Trituradora-molinillo-de-frutas-con-manivela-7L-0.jpg\" \/>\n\t<meta property=\"og:image:width\" content=\"1000\" \/>\n\t<meta property=\"og:image:height\" content=\"1000\" \/>\n\t<meta property=\"og:image:type\" content=\"image\/jpeg\" \/>\n<meta name=\"twitter:card\" content=\"summary_large_image\" \/>\n<meta name=\"twitter:label1\" content=\"Est. reading time\" \/>\n\t<meta name=\"twitter:data1\" content=\"1 minut\u0117\" \/>\n<script type=\"application\/ld+json\" class=\"yoast-schema-graph\">{\"@context\":\"https:\/\/schema.org\",\"@graph\":[{\"@type\":\"WebPage\",\"@id\":\"https:\/\/distribucionarc.com\/ar\/producto\/trituradora-molinillo-de-frutas-con-manivela-7l\/\",\"url\":\"https:\/\/distribucionarc.com\/ar\/producto\/trituradora-molinillo-de-frutas-con-manivela-7l\/\",\"name\":\"Trituradora, molinillo de frutas con manivela 7L - distribuci\u00f3n ARC\",\"isPartOf\":{\"@id\":\"https:\/\/distribucionarc.com\/ar\/#website\"},\"primaryImageOfPage\":{\"@id\":\"https:\/\/distribucionarc.com\/ar\/producto\/trituradora-molinillo-de-frutas-con-manivela-7l\/#primaryimage\"},\"image\":{\"@id\":\"https:\/\/distribucionarc.com\/ar\/producto\/trituradora-molinillo-de-frutas-con-manivela-7l\/#primaryimage\"},\"thumbnailUrl\":\"https:\/\/distribucionarc.com\/wp-content\/uploads\/2020\/08\/Trituradora-molinillo-de-frutas-con-manivela-7L-0.jpg\",\"datePublished\":\"2020-08-10T09:48:43+00:00\",\"dateModified\":\"2020-09-30T09:26:00+00:00\",\"breadcrumb\":{\"@id\":\"https:\/\/distribucionarc.com\/ar\/producto\/trituradora-molinillo-de-frutas-con-manivela-7l\/#breadcrumb\"},\"inLanguage\":\"lt-LT\",\"potentialAction\":[{\"@type\":\"ReadAction\",\"target\":[\"https:\/\/distribucionarc.com\/ar\/producto\/trituradora-molinillo-de-frutas-con-manivela-7l\/\"]}]},{\"@type\":\"ImageObject\",\"inLanguage\":\"lt-LT\",\"@id\":\"https:\/\/distribucionarc.com\/ar\/producto\/trituradora-molinillo-de-frutas-con-manivela-7l\/#primaryimage\",\"url\":\"https:\/\/distribucionarc.com\/wp-content\/uploads\/2020\/08\/Trituradora-molinillo-de-frutas-con-manivela-7L-0.jpg\",\"contentUrl\":\"https:\/\/distribucionarc.com\/wp-content\/uploads\/2020\/08\/Trituradora-molinillo-de-frutas-con-manivela-7L-0.jpg\",\"width\":1000,\"height\":1000,\"caption\":\"Trituradora molinillo de frutas con manivela 7L\"},{\"@type\":\"BreadcrumbList\",\"@id\":\"https:\/\/distribucionarc.com\/ar\/producto\/trituradora-molinillo-de-frutas-con-manivela-7l\/#breadcrumb\",\"itemListElement\":[{\"@type\":\"ListItem\",\"position\":1,\"name\":\"Portada\",\"item\":\"https:\/\/www.distribucionarc.com\/pt\/\"},{\"@type\":\"ListItem\",\"position\":2,\"name\":\"Produtos\",\"item\":\"https:\/\/www.distribucionarc.com\/pt\/shop\/\"},{\"@type\":\"ListItem\",\"position\":3,\"name\":\"Trituradora, molinillo de frutas con manivela 7L\"}]},{\"@type\":\"WebSite\",\"@id\":\"https:\/\/distribucionarc.com\/ar\/#website\",\"url\":\"https:\/\/distribucionarc.com\/ar\/\",\"name\":\"distribuci\u00f3n ARC\",\"description\":\"Empresa especializada en la fabricaci\u00f3n y distribuci\u00f3n de maquinaria industrial, selladoras de latas, Maquinas de hacer pastillas, Maquinas de cortar carne...\",\"publisher\":{\"@id\":\"https:\/\/distribucionarc.com\/ar\/#organization\"},\"potentialAction\":[{\"@type\":\"SearchAction\",\"target\":{\"@type\":\"EntryPoint\",\"urlTemplate\":\"https:\/\/distribucionarc.com\/ar\/?s={search_term_string}\"},\"query-input\":{\"@type\":\"PropertyValueSpecification\",\"valueRequired\":true,\"valueName\":\"search_term_string\"}}],\"inLanguage\":\"lt-LT\"},{\"@type\":\"Organization\",\"@id\":\"https:\/\/distribucionarc.com\/ar\/#organization\",\"name\":\"Distribuci\u00f3n ARC\",\"url\":\"https:\/\/distribucionarc.com\/ar\/\",\"logo\":{\"@type\":\"ImageObject\",\"inLanguage\":\"lt-LT\",\"@id\":\"https:\/\/distribucionarc.com\/ar\/#\/schema\/logo\/image\/\",\"url\":\"https:\/\/distribucionarc.com\/wp-content\/uploads\/2024\/10\/distribucion-ARC-COLOR-SIN-FONDO-e1732295305345.png\",\"contentUrl\":\"https:\/\/distribucionarc.com\/wp-content\/uploads\/2024\/10\/distribucion-ARC-COLOR-SIN-FONDO-e1732295305345.png\",\"width\":1164,\"height\":558,\"caption\":\"Distribuci\u00f3n ARC\"},\"image\":{\"@id\":\"https:\/\/distribucionarc.com\/ar\/#\/schema\/logo\/image\/\"},\"description\":\"Empresa especializada en la fabricaci\u00f3n y distribuci\u00f3n de maquinaria industrial para los sectores alimentario y farmac\u00e9utico. Nos especializamos en: M\u00e1quinas de cortar carne Fabricaci\u00f3n de comprimidos Sistemas de transporte industrial L\u00edneas de embotellado Dosificadores Y mucho m\u00e1s... Ofrecemos soluciones innovadoras y personalizadas para optimizar los procesos productivos de tu empresa.\",\"email\":\"Admistracion@distribucionarc.com\",\"telephone\":\"+34 643496664\",\"legalName\":\"ARC TECH SOLUTIONS\",\"foundingDate\":\"2024-04-09\",\"vatID\":\"B55480172\",\"numberOfEmployees\":{\"@type\":\"QuantitativeValue\",\"minValue\":\"1\",\"maxValue\":\"10\"}}]}<\/script>\n<!-- \/ Yoast SEO Premium plugin. -->","yoast_head_json":{"title":"Smulkintuvas, vaisi\u0173 mal\u016bn\u0117lis su \u0161vaistikliu 7L - ARC paskirstymas","robots":{"index":"index","follow":"follow","max-snippet":"max-snippet:-1","max-image-preview":"max-image-preview:large","max-video-preview":"max-video-preview:-1"},"canonical":"https:\/\/distribucionarc.com\/lt\/produktas\/vaisiu-smulkintuvas-trintuvas-su-svaistikliu-7l\/","og_locale":"lt_LT","og_type":"article","og_title":"Trituradora, molinillo de frutas con manivela 7L","og_description":"Trituradora de frutas con eficiente 7L La clave para elaborar un buen zumo, jugo, vino, mosto, sidra etc. Es elaborar un sabroso y suave pur\u00e9 gracias a las\u00a0molinillos de\u00a0ARC. Listos para usar de inmediato y en cualquier lugar, independientemente de la energ\u00eda el\u00e9ctrica.  El embudo grande tiene una capacidad de 7 litros, para picar la fruta. La robusta picadora de fruta de corte se pone en movimiento suavemente con el volante y se puede picar una gran cantidad de forma r\u00e1pida y c\u00f3moda en poco tiempo. Garant\u00eda\u00a0ARC 2 A\u00d1OS soporte t\u00e9cnico\u00a0incluido &nbsp;","og_url":"https:\/\/distribucionarc.com\/lt\/produktas\/vaisiu-smulkintuvas-trintuvas-su-svaistikliu-7l\/","og_site_name":"distribuci\u00f3n ARC","article_modified_time":"2020-09-30T09:26:00+00:00","og_image":[{"width":1000,"height":1000,"url":"https:\/\/distribucionarc.com\/wp-content\/uploads\/2020\/08\/Trituradora-molinillo-de-frutas-con-manivela-7L-0.jpg","type":"image\/jpeg"}],"twitter_card":"summary_large_image","twitter_misc":{"Est. reading time":"1 minut\u0117"},"schema":{"@context":"https:\/\/schema.org","@graph":[{"@type":"WebPage","@id":"https:\/\/distribucionarc.com\/ar\/producto\/trituradora-molinillo-de-frutas-con-manivela-7l\/","url":"https:\/\/distribucionarc.com\/ar\/producto\/trituradora-molinillo-de-frutas-con-manivela-7l\/","name":"Smulkintuvas, vaisi\u0173 mal\u016bn\u0117lis su \u0161vaistikliu 7L - ARC paskirstymas","isPartOf":{"@id":"https:\/\/distribucionarc.com\/ar\/#website"},"primaryImageOfPage":{"@id":"https:\/\/distribucionarc.com\/ar\/producto\/trituradora-molinillo-de-frutas-con-manivela-7l\/#primaryimage"},"image":{"@id":"https:\/\/distribucionarc.com\/ar\/producto\/trituradora-molinillo-de-frutas-con-manivela-7l\/#primaryimage"},"thumbnailUrl":"https:\/\/distribucionarc.com\/wp-content\/uploads\/2020\/08\/Trituradora-molinillo-de-frutas-con-manivela-7L-0.jpg","datePublished":"2020-08-10T09:48:43+00:00","dateModified":"2020-09-30T09:26:00+00:00","breadcrumb":{"@id":"https:\/\/distribucionarc.com\/ar\/producto\/trituradora-molinillo-de-frutas-con-manivela-7l\/#breadcrumb"},"inLanguage":"lt-LT","potentialAction":[{"@type":"ReadAction","target":["https:\/\/distribucionarc.com\/ar\/producto\/trituradora-molinillo-de-frutas-con-manivela-7l\/"]}]},{"@type":"ImageObject","inLanguage":"lt-LT","@id":"https:\/\/distribucionarc.com\/ar\/producto\/trituradora-molinillo-de-frutas-con-manivela-7l\/#primaryimage","url":"https:\/\/distribucionarc.com\/wp-content\/uploads\/2020\/08\/Trituradora-molinillo-de-frutas-con-manivela-7L-0.jpg","contentUrl":"https:\/\/distribucionarc.com\/wp-content\/uploads\/2020\/08\/Trituradora-molinillo-de-frutas-con-manivela-7L-0.jpg","width":1000,"height":1000,"caption":"Trituradora molinillo de frutas con manivela 7L"},{"@type":"BreadcrumbList","@id":"https:\/\/distribucionarc.com\/ar\/producto\/trituradora-molinillo-de-frutas-con-manivela-7l\/#breadcrumb","itemListElement":[{"@type":"ListItem","position":1,"name":"Portada","item":"https:\/\/www.distribucionarc.com\/pt\/"},{"@type":"ListItem","position":2,"name":"Produtos","item":"https:\/\/www.distribucionarc.com\/pt\/shop\/"},{"@type":"ListItem","position":3,"name":"Trituradora, molinillo de frutas con manivela 7L"}]},{"@type":"WebSite","@id":"https:\/\/distribucionarc.com\/ar\/#website","url":"https:\/\/distribucionarc.com\/ar\/","name":"ARC paskirstymas","description":"\u012emon\u0117 specializuojasi pramonini\u0173 ma\u0161in\u0173, skardini\u0173 sandarinimo ma\u0161in\u0173, table\u010di\u0173 gamybos ma\u0161in\u0173, m\u0117sos pjaustymo ma\u0161in\u0173 gamyboje ir platinime...","publisher":{"@id":"https:\/\/distribucionarc.com\/ar\/#organization"},"potentialAction":[{"@type":"SearchAction","target":{"@type":"EntryPoint","urlTemplate":"https:\/\/distribucionarc.com\/ar\/?s={search_term_string}"},"query-input":{"@type":"PropertyValueSpecification","valueRequired":true,"valueName":"search_term_string"}}],"inLanguage":"lt-LT"},{"@type":"Organization","@id":"https:\/\/distribucionarc.com\/ar\/#organization","name":"ARC platinimas","url":"https:\/\/distribucionarc.com\/ar\/","logo":{"@type":"ImageObject","inLanguage":"lt-LT","@id":"https:\/\/distribucionarc.com\/ar\/#\/schema\/logo\/image\/","url":"https:\/\/distribucionarc.com\/wp-content\/uploads\/2024\/10\/distribucion-ARC-COLOR-SIN-FONDO-e1732295305345.png","contentUrl":"https:\/\/distribucionarc.com\/wp-content\/uploads\/2024\/10\/distribucion-ARC-COLOR-SIN-FONDO-e1732295305345.png","width":1164,"height":558,"caption":"Distribuci\u00f3n ARC"},"image":{"@id":"https:\/\/distribucionarc.com\/ar\/#\/schema\/logo\/image\/"},"description":"\u012emon\u0117 specializuojasi maisto ir farmacijos sektoriams skirt\u0173 pramonini\u0173 ma\u0161in\u0173 gamyboje ir platinime. M\u016bs\u0173 specializacija: M\u0117sos pjaustymo ma\u0161inos Table\u010di\u0173 gamyba Pramonin\u0117s transportavimo sistemos I\u0161pilstymo linijos Dozatoriai Ir dar daugiau... Si\u016blome novatori\u0161kus ir individualiems poreikiams pritaikytus sprendimus, kad optimizuotume j\u016bs\u0173 \u012fmon\u0117s gamybos procesus.","email":"Admistracion@distribucionarc.com","telephone":"+34 643496664","legalName":"ARC TECH SOLUTIONS","foundingDate":"2024-04-09","vatID":"B55480172","numberOfEmployees":{"@type":"QuantitativeValue","minValue":"1","maxValue":"10"}}]}},"_links":{"self":[{"href":"https:\/\/distribucionarc.com\/lt\/wp-json\/wp\/v2\/product\/2101","targetHints":{"allow":["GET"]}}],"collection":[{"href":"https:\/\/distribucionarc.com\/lt\/wp-json\/wp\/v2\/product"}],"about":[{"href":"https:\/\/distribucionarc.com\/lt\/wp-json\/wp\/v2\/types\/product"}],"replies":[{"embeddable":true,"href":"https:\/\/distribucionarc.com\/lt\/wp-json\/wp\/v2\/comments?post=2101"}],"version-history":[{"count":0,"href":"https:\/\/distribucionarc.com\/lt\/wp-json\/wp\/v2\/product\/2101\/revisions"}],"wp:featuredmedia":[{"embeddable":true,"href":"https:\/\/distribucionarc.com\/lt\/wp-json\/wp\/v2\/media\/2102"}],"wp:attachment":[{"href":"https:\/\/distribucionarc.com\/lt\/wp-json\/wp\/v2\/media?parent=2101"}],"wp:term":[{"taxonomy":"product_brand","embeddable":true,"href":"https:\/\/distribucionarc.com\/lt\/wp-json\/wp\/v2\/product_brand?post=2101"},{"taxonomy":"product_cat","embeddable":true,"href":"https:\/\/distribucionarc.com\/lt\/wp-json\/wp\/v2\/product_cat?post=2101"},{"taxonomy":"product_tag","embeddable":true,"href":"https:\/\/distribucionarc.com\/lt\/wp-json\/wp\/v2\/product_tag?post=2101"}],"curies":[{"name":"wp","href":"https:\/\/api.w.org\/{rel}","templated":true}]}}