{"id":2173,"date":"2020-08-11T14:48:35","date_gmt":"2020-08-11T14:48:35","guid":{"rendered":"https:\/\/distribucionarc.com\/?post_type=product&#038;p=2173"},"modified":"2020-09-30T10:01:31","modified_gmt":"2020-09-30T10:01:31","slug":"vandens-presas-hidropresas-vaisiams-darzovems-medus-20l","status":"publish","type":"product","link":"https:\/\/distribucionarc.com\/lt\/producto\/prensa-de-agua-hidroprensa-para-frutas-verduras-miel-20l\/","title":{"rendered":"Vandens presas, Hidropresas vaisiams, dar\u017eov\u0117ms, medus 20L"},"content":{"rendered":"<h2>Vandens presas, hidropresas vynui, vaisiams, medui 20L<\/h2>\n<p>Grei\u010diausias b\u016bdas apdoroti visas savo savybes i\u0161laikan\u010dias \u0161vie\u017eias sultis. Tiesiog \u012fpilkite sutrint\u0173 vaisi\u0173 \u012f<strong> vandens presas <span style=\"color: #ff0000;\">KAM<\/span><span style=\"color: #0000ff;\">R<\/span>c<\/strong>, atidarykite \u010diaup\u0105 ir steb\u0117kite, kaip tiekiamo vandentiekio vandens sl\u0117gis spaud\u017eia \u017eem\u0119 i\u0161 vidaus \u012f i\u0161or\u0119 prie krep\u0161elio atramos.<\/p>\n<p>I\u0161radingai paprastas vairavimas<span style=\"color: #008000;\"><strong> taupyti energij\u0105<\/strong><\/span>: Prijunkite \u017earn\u0105 prie vandens vamzd\u017eio ir u\u017esukite \u010diaup\u0105. Vanduo i\u0161 \u010diaupo i\u0161ple\u010dia \u012fmontuot\u0105 gumin\u0119 membran\u0105 \u012f i\u0161or\u0119 ir prispaud\u017eia groteles prie krep\u0161elio groteli\u0173. Sl\u0117gio j\u0117g\u0105 ir laik\u0105 galima reguliuoti atidarant arba u\u017edarant \u010diaup\u0105.<\/p>\n<p>Jis\u00a0<strong>greitas spaudimas<\/strong>\u00a0ir\u00a0<strong>trumpi srauto keliai<\/strong> apsaugoti vitaminus; Sultys i\u0161laikys nuostabiai gaiv\u0173 aromat\u0105. D\u0117l didelio 3 bar\u0173 sl\u0117gio <strong>vaisi\u0173 sul\u010diaspaud\u0117 <span style=\"color: #ff0000;\">KAM<\/span><span style=\"color: #0000ff;\">R<\/span>CPHA20<\/strong>\u00a0j\u016bs gaunate a\u00a0<strong>sul\u010di\u0173 i\u0161eiga<\/strong>\u00a0i\u0161skirtinai\u00a0<strong>auk\u0161tas<\/strong>, net jei preso krep\u0161elis yra i\u0161 dalies pilnas.<\/p>\n<h6><\/h6>\n<h6><strong>Garantija\u00a0<\/strong><span style=\"color: #ff0000;\"><strong>KAM<\/strong><\/span><span style=\"color: #0000ff;\"><strong>R<\/strong><\/span><strong>C 2 METAI<\/strong><\/h6>\n<h6><span style=\"color: #0000ff;\">Spauda be elektros, vandens sl\u0117gis<\/span> <span style=\"color: #0000ff;\">(3 barai)<\/span><\/h6>\n<h6><strong>\u012ftraukta technin\u0117 pagalba<\/strong><\/h6>\n<p>&nbsp;<\/p>\n<table width=\"100%\">\n<tbody>\n<tr>\n<td>Vaikinas:<\/td>\n<td width=\"50%\">Hidropresas<\/td>\n<td colspan=\"2\" width=\"327\"><\/td>\n<\/tr>\n<tr>\n<td>Platinimo \u0161alis:<\/td>\n<td width=\"50%\">Ispanija, Vokietija, JAV<\/td>\n<td>Svoris:<\/td>\n<td width=\"50%\">13 kg<\/td>\n<\/tr>\n<tr>\n<td>Prekinis \u017eenklas:<\/td>\n<td width=\"50%\">ARC<\/td>\n<td>Auk\u0161tis:<\/td>\n<td width=\"50%\">82 cm<\/td>\n<\/tr>\n<tr>\n<td>Spalva:<\/td>\n<td width=\"50%\">Sidabras<\/td>\n<td>Ilgas:<\/td>\n<td width=\"50%\">50 cm<\/td>\n<\/tr>\n<tr>\n<td>Produkto tipas:<\/td>\n<td width=\"50%\">vaisi\u0173 sul\u010diaspaud\u0117, vyno presas<\/td>\n<td>Platus:<\/td>\n<td width=\"50%\">50 cm<\/td>\n<\/tr>\n<tr>\n<td>Gamintojo numeris:<\/td>\n<td width=\"50%\">ARCPHA20<\/td>\n<td>Geb\u0117jimas:<\/td>\n<td width=\"50%\">20L<\/td>\n<\/tr>\n<tr>\n<td>Med\u017eiaga:<\/td>\n<td width=\"50%\">\u00a0maistinis ner\u016bdijantis plienas, maistin\u0117 gumin\u0117 membrana<\/td>\n<td>Krep\u0161elio dydis:<\/td>\n<td width=\"50%\">26,5x39 cm<\/td>\n<\/tr>\n<tr>\n<td>Statin\u0117s matmenys:<\/td>\n<td width=\"50%\">41cm skersmuo<\/td>\n<td>\u012eranga:<\/td>\n<td width=\"50%\">Pridedamas preso audinys<\/td>\n<\/tr>\n<tr>\n<td>Statin\u0117s auk\u0161tis:<\/td>\n<td width=\"50%\">45 cm<\/td>\n<td>Garantija:<\/td>\n<td width=\"50%\">2 METAI<\/td>\n<\/tr>\n<\/tbody>\n<\/table>","protected":false},"excerpt":{"rendered":"<h2>Vandens presas, hidropresas vynui, vaisiams, medui 20L<\/h2>\n<p>The<strong> hidrauliniai trupintuvai <span style=\"color: #ff0000;\">KAM<\/span><span style=\"color: #0000ff;\">R<\/span>c<\/strong> Jie yra geriausias sprendimas gaminant sultis, perdirbant korius, mis\u0105, vyn\u0105, sidr\u0105 ir kt. <span style=\"color: #008000;\"><strong>Be <\/strong><\/span>\u012f<span style=\"color: #008000;\"><strong> elektros energijos poreikis<\/strong> <\/span>ir be fizini\u0173 pastang\u0173<\/p>\n<p>A\u010di\u016b u\u017e <strong>hidrauliniai presai <span style=\"color: #ff0000;\">KAM<\/span><span style=\"color: #0000ff;\">R<\/span>c<\/strong> spaudimas bus<strong> greitai<\/strong>\u00a0ir su\u00a0<strong>trumpi srauto keliai <\/strong>padeda apsaugoti vitaminus; Gausite nuostabiai gaivaus kvapo gamin\u012f. D\u0117l didelio sl\u0117gio a\u00a0<strong>pasirodymas <\/strong>sul\u010di\u0173 i\u0161skirtinai\u00a0<strong>auk\u0161tas<\/strong><\/p>\n<h6><strong>Garantija\u00a0<\/strong><span style=\"color: #ff0000;\"><strong>KAM<\/strong><\/span><span style=\"color: #0000ff;\"><strong>R<\/strong><\/span><strong>C 2 METAI<\/strong><\/h6>\n<h6><span style=\"color: #0000ff;\">Spauda be elektros, vandens sl\u0117gis<\/span> <span style=\"color: #0000ff;\">(3 barai)<\/span><\/h6>\n<h6><strong>\u012ftraukta technin\u0117 pagalba<\/strong><\/h6>","protected":false},"featured_media":2179,"comment_status":"open","ping_status":"closed","template":"","meta":{"wds_primary_product_brand":0,"wds_primary_product_cat":0},"product_brand":[],"product_cat":[30,65,67],"product_tag":[],"class_list":{"0":"post-2173","1":"product","2":"type-product","3":"status-publish","4":"has-post-thumbnail","6":"product_cat-maquinaria-apicola","7":"product_cat-maquinaria-industrial-para-procesar-fruta-verdura-panales","8":"product_cat-prensas-de-frutas-trituradoras","9":"product_shipping_class-hosteleria","11":"first","12":"instock","13":"sale","14":"taxable","15":"shipping-taxable","16":"purchasable","17":"product-type-simple"},"yoast_head":"<!-- This site is optimized with the Yoast SEO Premium plugin v24.9 (Yoast SEO v26.1) - https:\/\/yoast.com\/wordpress\/plugins\/seo\/ -->\n<title>Prensa de agua, Hidroprensa para frutas, verduras, miel 20L - distribuci\u00f3n ARC<\/title>\n<meta name=\"robots\" content=\"index, follow, max-snippet:-1, max-image-preview:large, max-video-preview:-1\" \/>\n<link rel=\"canonical\" href=\"https:\/\/www.distribucionarc.com\/fr\/producto\/prensa-de-agua-hidroprensa-para-frutas-verduras-miel-20l\/\" \/>\n<meta property=\"og:locale\" content=\"lt_LT\" \/>\n<meta property=\"og:type\" content=\"article\" \/>\n<meta property=\"og:title\" content=\"Prensa de agua, Hidroprensa para frutas, verduras, miel 20L\" \/>\n<meta property=\"og:description\" content=\"Prensa de agua, Hidroprensa para vino, frutas, miel 20L Las trituradoras hidr\u00e1ulicas ARC son la mejor soluci\u00f3n para realizar zumos, procesar panales de miel, mostos, vino, sidra, etc. Sin la necesidad de energ\u00eda el\u00e9ctrica y sin esfuerzo f\u00edsico  Gracias a las Prensas hidr\u00e1ulicas ARC el\u00a0prensado ser\u00e1 r\u00e1pido\u00a0y con\u00a0recorridos cortos de flujo ayudando a\u00a0proteger las vitaminas;\u00a0obtendr\u00e1 un producto con un aroma maravillosamente fresco.\u00a0Gracias a la alta presi\u00f3n se obtiene un\u00a0rendimiento de zumo\u00a0excepcionalmente\u00a0alto Garant\u00eda\u00a0ARC 2 A\u00d1OS Prensa sin electricidad,\u00a0 presi\u00f3n de agua (3 bar) soporte t\u00e9cnico\u00a0incluido\" \/>\n<meta property=\"og:url\" content=\"https:\/\/www.distribucionarc.com\/fr\/producto\/prensa-de-agua-hidroprensa-para-frutas-verduras-miel-20l\/\" \/>\n<meta property=\"og:site_name\" content=\"distribuci\u00f3n ARC\" \/>\n<meta property=\"article:modified_time\" content=\"2020-09-30T10:01:31+00:00\" \/>\n<meta property=\"og:image\" content=\"https:\/\/www.distribucionarc.com\/wp-content\/uploads\/2020\/08\/Prensa-de-agua-Hidro-prensa-para-frutas-verduras-miel-20L-0.jpg\" \/>\n\t<meta property=\"og:image:width\" content=\"1000\" \/>\n\t<meta property=\"og:image:height\" content=\"1000\" \/>\n\t<meta property=\"og:image:type\" content=\"image\/jpeg\" \/>\n<meta name=\"twitter:card\" content=\"summary_large_image\" \/>\n<meta name=\"twitter:label1\" content=\"Est. reading time\" \/>\n\t<meta name=\"twitter:data1\" content=\"1 minut\u0117\" \/>\n<script type=\"application\/ld+json\" class=\"yoast-schema-graph\">{\"@context\":\"https:\/\/schema.org\",\"@graph\":[{\"@type\":\"WebPage\",\"@id\":\"https:\/\/www.distribucionarc.com\/fr\/producto\/prensa-de-agua-hidroprensa-para-frutas-verduras-miel-20l\/\",\"url\":\"https:\/\/www.distribucionarc.com\/fr\/producto\/prensa-de-agua-hidroprensa-para-frutas-verduras-miel-20l\/\",\"name\":\"Prensa de agua, Hidroprensa para frutas, verduras, miel 20L - distribuci\u00f3n ARC\",\"isPartOf\":{\"@id\":\"https:\/\/www.distribucionarc.com\/sl\/#website\"},\"primaryImageOfPage\":{\"@id\":\"https:\/\/www.distribucionarc.com\/fr\/producto\/prensa-de-agua-hidroprensa-para-frutas-verduras-miel-20l\/#primaryimage\"},\"image\":{\"@id\":\"https:\/\/www.distribucionarc.com\/fr\/producto\/prensa-de-agua-hidroprensa-para-frutas-verduras-miel-20l\/#primaryimage\"},\"thumbnailUrl\":\"https:\/\/distribucionarc.com\/wp-content\/uploads\/2020\/08\/Prensa-de-agua-Hidro-prensa-para-frutas-verduras-miel-20L-0.jpg\",\"datePublished\":\"2020-08-11T14:48:35+00:00\",\"dateModified\":\"2020-09-30T10:01:31+00:00\",\"breadcrumb\":{\"@id\":\"https:\/\/www.distribucionarc.com\/fr\/producto\/prensa-de-agua-hidroprensa-para-frutas-verduras-miel-20l\/#breadcrumb\"},\"inLanguage\":\"lt-LT\",\"potentialAction\":[{\"@type\":\"ReadAction\",\"target\":[\"https:\/\/www.distribucionarc.com\/fr\/producto\/prensa-de-agua-hidroprensa-para-frutas-verduras-miel-20l\/\"]}]},{\"@type\":\"ImageObject\",\"inLanguage\":\"lt-LT\",\"@id\":\"https:\/\/www.distribucionarc.com\/fr\/producto\/prensa-de-agua-hidroprensa-para-frutas-verduras-miel-20l\/#primaryimage\",\"url\":\"https:\/\/distribucionarc.com\/wp-content\/uploads\/2020\/08\/Prensa-de-agua-Hidro-prensa-para-frutas-verduras-miel-20L-0.jpg\",\"contentUrl\":\"https:\/\/distribucionarc.com\/wp-content\/uploads\/2020\/08\/Prensa-de-agua-Hidro-prensa-para-frutas-verduras-miel-20L-0.jpg\",\"width\":1000,\"height\":1000,\"caption\":\"Prensa de agua Hidro prensa para frutas verduras miel 20L\"},{\"@type\":\"BreadcrumbList\",\"@id\":\"https:\/\/www.distribucionarc.com\/fr\/producto\/prensa-de-agua-hidroprensa-para-frutas-verduras-miel-20l\/#breadcrumb\",\"itemListElement\":[{\"@type\":\"ListItem\",\"position\":1,\"name\":\"Portada\",\"item\":\"https:\/\/www.distribucionarc.com\/\"},{\"@type\":\"ListItem\",\"position\":2,\"name\":\"\u00dcr\u00fcnler\",\"item\":\"https:\/\/www.distribucionarc.com\/tr\/magaza\/\"},{\"@type\":\"ListItem\",\"position\":3,\"name\":\"Prensa de agua, Hidroprensa para frutas, verduras, miel 20L\"}]},{\"@type\":\"WebSite\",\"@id\":\"https:\/\/www.distribucionarc.com\/sl\/#website\",\"url\":\"https:\/\/www.distribucionarc.com\/sl\/\",\"name\":\"distribuci\u00f3n ARC\",\"description\":\"Empresa especializada en la fabricaci\u00f3n y distribuci\u00f3n de maquinaria industrial, selladoras de latas, Maquinas de hacer pastillas, Maquinas de cortar carne...\",\"publisher\":{\"@id\":\"https:\/\/www.distribucionarc.com\/sl\/#organization\"},\"potentialAction\":[{\"@type\":\"SearchAction\",\"target\":{\"@type\":\"EntryPoint\",\"urlTemplate\":\"https:\/\/www.distribucionarc.com\/sl\/?s={search_term_string}\"},\"query-input\":{\"@type\":\"PropertyValueSpecification\",\"valueRequired\":true,\"valueName\":\"search_term_string\"}}],\"inLanguage\":\"lt-LT\"},{\"@type\":\"Organization\",\"@id\":\"https:\/\/www.distribucionarc.com\/sl\/#organization\",\"name\":\"Distribuci\u00f3n ARC\",\"url\":\"https:\/\/www.distribucionarc.com\/sl\/\",\"logo\":{\"@type\":\"ImageObject\",\"inLanguage\":\"lt-LT\",\"@id\":\"https:\/\/www.distribucionarc.com\/sl\/#\/schema\/logo\/image\/\",\"url\":\"https:\/\/distribucionarc.com\/wp-content\/uploads\/2024\/10\/distribucion-ARC-COLOR-SIN-FONDO-e1732295305345.png\",\"contentUrl\":\"https:\/\/distribucionarc.com\/wp-content\/uploads\/2024\/10\/distribucion-ARC-COLOR-SIN-FONDO-e1732295305345.png\",\"width\":1164,\"height\":558,\"caption\":\"Distribuci\u00f3n ARC\"},\"image\":{\"@id\":\"https:\/\/www.distribucionarc.com\/sl\/#\/schema\/logo\/image\/\"},\"description\":\"Empresa especializada en la fabricaci\u00f3n y distribuci\u00f3n de maquinaria industrial para los sectores alimentario y farmac\u00e9utico. Nos especializamos en: M\u00e1quinas de cortar carne Fabricaci\u00f3n de comprimidos Sistemas de transporte industrial L\u00edneas de embotellado Dosificadores Y mucho m\u00e1s... Ofrecemos soluciones innovadoras y personalizadas para optimizar los procesos productivos de tu empresa.\",\"email\":\"Admistracion@distribucionarc.com\",\"telephone\":\"+34 643496664\",\"legalName\":\"ARC TECH SOLUTIONS\",\"foundingDate\":\"2024-04-09\",\"vatID\":\"B55480172\",\"numberOfEmployees\":{\"@type\":\"QuantitativeValue\",\"minValue\":\"1\",\"maxValue\":\"10\"}}]}<\/script>\n<!-- \/ Yoast SEO Premium plugin. -->","yoast_head_json":{"title":"Vandens presas, Hidropresas vaisiams, dar\u017eov\u0117ms, medui 20L - ARC platinimas","robots":{"index":"index","follow":"follow","max-snippet":"max-snippet:-1","max-image-preview":"max-image-preview:large","max-video-preview":"max-video-preview:-1"},"canonical":"https:\/\/www.distribucionarc.com\/fr\/producto\/prensa-de-agua-hidroprensa-para-frutas-verduras-miel-20l\/","og_locale":"lt_LT","og_type":"article","og_title":"Prensa de agua, Hidroprensa para frutas, verduras, miel 20L","og_description":"Prensa de agua, Hidroprensa para vino, frutas, miel 20L Las trituradoras hidr\u00e1ulicas ARC son la mejor soluci\u00f3n para realizar zumos, procesar panales de miel, mostos, vino, sidra, etc. Sin la necesidad de energ\u00eda el\u00e9ctrica y sin esfuerzo f\u00edsico  Gracias a las Prensas hidr\u00e1ulicas ARC el\u00a0prensado ser\u00e1 r\u00e1pido\u00a0y con\u00a0recorridos cortos de flujo ayudando a\u00a0proteger las vitaminas;\u00a0obtendr\u00e1 un producto con un aroma maravillosamente fresco.\u00a0Gracias a la alta presi\u00f3n se obtiene un\u00a0rendimiento de zumo\u00a0excepcionalmente\u00a0alto Garant\u00eda\u00a0ARC 2 A\u00d1OS Prensa sin electricidad,\u00a0 presi\u00f3n de agua (3 bar) soporte t\u00e9cnico\u00a0incluido","og_url":"https:\/\/www.distribucionarc.com\/fr\/producto\/prensa-de-agua-hidroprensa-para-frutas-verduras-miel-20l\/","og_site_name":"distribuci\u00f3n ARC","article_modified_time":"2020-09-30T10:01:31+00:00","og_image":[{"width":1000,"height":1000,"url":"https:\/\/www.distribucionarc.com\/wp-content\/uploads\/2020\/08\/Prensa-de-agua-Hidro-prensa-para-frutas-verduras-miel-20L-0.jpg","type":"image\/jpeg"}],"twitter_card":"summary_large_image","twitter_misc":{"Est. reading time":"1 minut\u0117"},"schema":{"@context":"https:\/\/schema.org","@graph":[{"@type":"WebPage","@id":"https:\/\/www.distribucionarc.com\/fr\/producto\/prensa-de-agua-hidroprensa-para-frutas-verduras-miel-20l\/","url":"https:\/\/www.distribucionarc.com\/fr\/producto\/prensa-de-agua-hidroprensa-para-frutas-verduras-miel-20l\/","name":"Vandens presas, Hidropresas vaisiams, dar\u017eov\u0117ms, medui 20L - ARC platinimas","isPartOf":{"@id":"https:\/\/www.distribucionarc.com\/sl\/#website"},"primaryImageOfPage":{"@id":"https:\/\/www.distribucionarc.com\/fr\/producto\/prensa-de-agua-hidroprensa-para-frutas-verduras-miel-20l\/#primaryimage"},"image":{"@id":"https:\/\/www.distribucionarc.com\/fr\/producto\/prensa-de-agua-hidroprensa-para-frutas-verduras-miel-20l\/#primaryimage"},"thumbnailUrl":"https:\/\/distribucionarc.com\/wp-content\/uploads\/2020\/08\/Prensa-de-agua-Hidro-prensa-para-frutas-verduras-miel-20L-0.jpg","datePublished":"2020-08-11T14:48:35+00:00","dateModified":"2020-09-30T10:01:31+00:00","breadcrumb":{"@id":"https:\/\/www.distribucionarc.com\/fr\/producto\/prensa-de-agua-hidroprensa-para-frutas-verduras-miel-20l\/#breadcrumb"},"inLanguage":"lt-LT","potentialAction":[{"@type":"ReadAction","target":["https:\/\/www.distribucionarc.com\/fr\/producto\/prensa-de-agua-hidroprensa-para-frutas-verduras-miel-20l\/"]}]},{"@type":"ImageObject","inLanguage":"lt-LT","@id":"https:\/\/www.distribucionarc.com\/fr\/producto\/prensa-de-agua-hidroprensa-para-frutas-verduras-miel-20l\/#primaryimage","url":"https:\/\/distribucionarc.com\/wp-content\/uploads\/2020\/08\/Prensa-de-agua-Hidro-prensa-para-frutas-verduras-miel-20L-0.jpg","contentUrl":"https:\/\/distribucionarc.com\/wp-content\/uploads\/2020\/08\/Prensa-de-agua-Hidro-prensa-para-frutas-verduras-miel-20L-0.jpg","width":1000,"height":1000,"caption":"Prensa de agua Hidro prensa para frutas verduras miel 20L"},{"@type":"BreadcrumbList","@id":"https:\/\/www.distribucionarc.com\/fr\/producto\/prensa-de-agua-hidroprensa-para-frutas-verduras-miel-20l\/#breadcrumb","itemListElement":[{"@type":"ListItem","position":1,"name":"Portada","item":"https:\/\/www.distribucionarc.com\/"},{"@type":"ListItem","position":2,"name":"\u00dcr\u00fcnler","item":"https:\/\/www.distribucionarc.com\/tr\/magaza\/"},{"@type":"ListItem","position":3,"name":"Prensa de agua, Hidroprensa para frutas, verduras, miel 20L"}]},{"@type":"WebSite","@id":"https:\/\/www.distribucionarc.com\/sl\/#website","url":"https:\/\/www.distribucionarc.com\/sl\/","name":"ARC paskirstymas","description":"\u012emon\u0117 specializuojasi pramonini\u0173 ma\u0161in\u0173, skardini\u0173 sandarinimo ma\u0161in\u0173, table\u010di\u0173 gamybos ma\u0161in\u0173, m\u0117sos pjaustymo ma\u0161in\u0173 gamyboje ir platinime...","publisher":{"@id":"https:\/\/www.distribucionarc.com\/sl\/#organization"},"potentialAction":[{"@type":"SearchAction","target":{"@type":"EntryPoint","urlTemplate":"https:\/\/www.distribucionarc.com\/sl\/?s={search_term_string}"},"query-input":{"@type":"PropertyValueSpecification","valueRequired":true,"valueName":"search_term_string"}}],"inLanguage":"lt-LT"},{"@type":"Organization","@id":"https:\/\/www.distribucionarc.com\/sl\/#organization","name":"ARC platinimas","url":"https:\/\/www.distribucionarc.com\/sl\/","logo":{"@type":"ImageObject","inLanguage":"lt-LT","@id":"https:\/\/www.distribucionarc.com\/sl\/#\/schema\/logo\/image\/","url":"https:\/\/distribucionarc.com\/wp-content\/uploads\/2024\/10\/distribucion-ARC-COLOR-SIN-FONDO-e1732295305345.png","contentUrl":"https:\/\/distribucionarc.com\/wp-content\/uploads\/2024\/10\/distribucion-ARC-COLOR-SIN-FONDO-e1732295305345.png","width":1164,"height":558,"caption":"Distribuci\u00f3n ARC"},"image":{"@id":"https:\/\/www.distribucionarc.com\/sl\/#\/schema\/logo\/image\/"},"description":"\u012emon\u0117 specializuojasi maisto ir farmacijos sektoriams skirt\u0173 pramonini\u0173 ma\u0161in\u0173 gamyboje ir platinime. M\u016bs\u0173 specializacija: M\u0117sos pjaustymo ma\u0161inos Table\u010di\u0173 gamyba Pramonin\u0117s transportavimo sistemos I\u0161pilstymo linijos Dozatoriai Ir dar daugiau... Si\u016blome novatori\u0161kus ir individualiems poreikiams pritaikytus sprendimus, kad optimizuotume j\u016bs\u0173 \u012fmon\u0117s gamybos procesus.","email":"Admistracion@distribucionarc.com","telephone":"+34 643496664","legalName":"ARC TECH SOLUTIONS","foundingDate":"2024-04-09","vatID":"B55480172","numberOfEmployees":{"@type":"QuantitativeValue","minValue":"1","maxValue":"10"}}]}},"_links":{"self":[{"href":"https:\/\/distribucionarc.com\/lt\/wp-json\/wp\/v2\/product\/2173","targetHints":{"allow":["GET"]}}],"collection":[{"href":"https:\/\/distribucionarc.com\/lt\/wp-json\/wp\/v2\/product"}],"about":[{"href":"https:\/\/distribucionarc.com\/lt\/wp-json\/wp\/v2\/types\/product"}],"replies":[{"embeddable":true,"href":"https:\/\/distribucionarc.com\/lt\/wp-json\/wp\/v2\/comments?post=2173"}],"version-history":[{"count":0,"href":"https:\/\/distribucionarc.com\/lt\/wp-json\/wp\/v2\/product\/2173\/revisions"}],"wp:featuredmedia":[{"embeddable":true,"href":"https:\/\/distribucionarc.com\/lt\/wp-json\/wp\/v2\/media\/2179"}],"wp:attachment":[{"href":"https:\/\/distribucionarc.com\/lt\/wp-json\/wp\/v2\/media?parent=2173"}],"wp:term":[{"taxonomy":"product_brand","embeddable":true,"href":"https:\/\/distribucionarc.com\/lt\/wp-json\/wp\/v2\/product_brand?post=2173"},{"taxonomy":"product_cat","embeddable":true,"href":"https:\/\/distribucionarc.com\/lt\/wp-json\/wp\/v2\/product_cat?post=2173"},{"taxonomy":"product_tag","embeddable":true,"href":"https:\/\/distribucionarc.com\/lt\/wp-json\/wp\/v2\/product_tag?post=2173"}],"curies":[{"name":"wp","href":"https:\/\/api.w.org\/{rel}","templated":true}]}}