{"id":2213,"date":"2020-08-12T12:24:14","date_gmt":"2020-08-12T12:24:14","guid":{"rendered":"https:\/\/distribucionarc.com\/?post_type=product&#038;p=2213"},"modified":"2020-09-30T10:54:15","modified_gmt":"2020-09-30T10:54:15","slug":"rukykla-aviliams-dumu-pustuvas-bitems","status":"publish","type":"product","link":"https:\/\/distribucionarc.com\/lt\/producto\/ahumador-para-colmenas-soplador-de-humo-para-abejas\/","title":{"rendered":"R\u016bkytuvas aviliams, d\u016bm\u0173 p\u016bstuvas bit\u0117ms\u00a0"},"content":{"rendered":"<h3>R\u016bkytuvas aviliams, d\u016bm\u0173 p\u016bstuvas bit\u0117ms<\/h3>\n<p>Apsauginis tinklelis aplink katil\u0105 tarnauja kaip \u0161ilumos skydas; Tod\u0117l jis apsaugo vartotoj\u0105 nuo nudegim\u0173. Prie tinklelio pritvirtinti kabliukai, leid\u017eiantys lengvai pakabinti <strong>d\u016bm\u0173 p\u016bstuvas <span style=\"color: #ff0000;\">KAM<\/span><span style=\"color: #0000ff;\">R<\/span>CSHA0<\/strong>1. I\u0161gr\u0119\u017etos skyl\u0117s apa\u010dioje u\u017etikrina optimal\u0173 v\u0117dinim\u0105, tod\u0117l d\u016bmai gali pasiekti vis\u0105 savo potencial\u0105.<\/p>\n<p>Jis <strong>bi\u010di\u0173 r\u016bkalius <span style=\"color: #ff0000;\">KAM<\/span><span style=\"color: #0000ff;\">R<\/span>c<\/strong> Jo skersmuo yra 10,5 cm. Silfonai pagaminti i\u0161 patvarios karv\u0117s odos, tod\u0117l jas galima naudoti prakti\u0161kai ir profesionaliai. Katilas pagamintas i\u0161 cinkuoto plieno, kad b\u016bt\u0173 u\u017etikrintas auk\u0161t\u0173 temperat\u016br\u0173 atsparumas.<\/p>\n<h6><strong>Garantija\u00a0<\/strong><span style=\"color: #ff0000;\"><strong>KAM<\/strong><\/span><span style=\"color: #0000ff;\"><strong>R<\/strong><\/span><strong>C 2 METAI<\/strong><\/h6>\n<h6><strong>\u012ftraukta technin\u0117 pagalba<\/strong><\/h6>\n<p>&nbsp;<\/p>\n<table width=\"100%\">\n<tbody>\n<tr>\n<td width=\"18%\">Platinimo \u0161alis:<\/td>\n<td width=\"29%\">Ispanija, Vokietija, JAV<\/td>\n<td width=\"20%\">Svoris:<\/td>\n<td width=\"30%\">0,72 kg<\/td>\n<\/tr>\n<tr>\n<td width=\"18%\">Prekinis \u017eenklas:<\/td>\n<td width=\"29%\">ARC<\/td>\n<td width=\"20%\">Auk\u0161tis:<\/td>\n<td width=\"30%\">10,4 cm<\/td>\n<\/tr>\n<tr>\n<td width=\"18%\">Spalva:<\/td>\n<td width=\"29%\">Sidabras<\/td>\n<td width=\"20%\">Ilgas:<\/td>\n<td width=\"30%\">\u00a028 cm<\/td>\n<\/tr>\n<tr>\n<td width=\"18%\">Produkto tipas:<\/td>\n<td width=\"29%\">vaisi\u0173 sul\u010diaspaud\u0117, vyno presas<\/td>\n<td width=\"20%\">Platus:<\/td>\n<td width=\"30%\">28 cm<\/td>\n<\/tr>\n<tr>\n<td width=\"18%\">Gamintojo numeris:<\/td>\n<td width=\"29%\">ARCSHA01<\/td>\n<td width=\"20%\">Skersmuo:<\/td>\n<td width=\"30%\">28 cm<\/td>\n<\/tr>\n<tr>\n<td width=\"18%\">Med\u017eiaga:<\/td>\n<td width=\"29%\">\u00a0Cinkuotas plienas, karv\u0117s oda<\/td>\n<td colspan=\"2\" width=\"50%\">&nbsp;<\/td>\n<\/tr>\n<\/tbody>\n<\/table>","protected":false},"excerpt":{"rendered":"<h2>R\u016bkytuvas aviliams, d\u016bm\u0173 p\u016bstuvas bit\u0117ms<\/h2>\n<p>Apsaugokite save nuo \u012fkandim\u0173 netrikdydami spie\u010diaus. Jis <strong>d\u016bm\u0173 p\u016bstuvas <span style=\"color: #ff0000;\">KAM<\/span><span style=\"color: #0000ff;\">R<\/span>c<\/strong> Pagaminta i\u0161 cinkuoto plieno ir auk\u0161tos kokyb\u0117s karv\u0117s odos, d\u0117l savo paprasto naudojimo puikiai tinka m\u0117g\u0117jams, pradedantiesiems ir profesionaliems bitininkams.<\/p>\n<h6><strong>Garantija\u00a0<\/strong><span style=\"color: #ff0000;\"><strong>KAM<\/strong><\/span><span style=\"color: #0000ff;\"><strong>R<\/strong><\/span><strong>C 2 METAI<\/strong><\/h6>\n<h6><strong>\u012ftraukta technin\u0117 pagalba<\/strong><\/h6>","protected":false},"featured_media":2216,"comment_status":"open","ping_status":"closed","template":"","meta":{"wds_primary_product_brand":0,"wds_primary_product_cat":0},"product_brand":[],"product_cat":[30],"product_tag":[],"class_list":{"0":"post-2213","1":"product","2":"type-product","3":"status-publish","4":"has-post-thumbnail","6":"product_cat-maquinaria-apicola","8":"first","9":"instock","10":"sale","11":"taxable","12":"shipping-taxable","13":"purchasable","14":"product-type-simple"},"yoast_head":"<!-- This site is optimized with the Yoast SEO Premium plugin v24.9 (Yoast SEO v26.1) - https:\/\/yoast.com\/wordpress\/plugins\/seo\/ -->\n<title>Ahumador para colmenas, soplador de humo para abejas\u00a0 - distribuci\u00f3n ARC<\/title>\n<meta name=\"robots\" content=\"index, follow, max-snippet:-1, max-image-preview:large, max-video-preview:-1\" \/>\n<link rel=\"canonical\" href=\"https:\/\/distribucionarc.com\/lt\/produktas\/rukykla-aviliams-dumu-pustuvas-bitems\/\" \/>\n<meta property=\"og:locale\" content=\"lt_LT\" \/>\n<meta property=\"og:type\" content=\"article\" \/>\n<meta property=\"og:title\" content=\"Ahumador para colmenas, soplador de humo para abejas\u00a0\" \/>\n<meta property=\"og:description\" content=\"Ahumador para colmenas, soplador de humo para abejas Prot\u00e9gete de las picaduras sin molestar al enjambre.\u00a0El soplador de humo ARC fabricado en acero galvanizado y piel de vacuno de alta calidad es perfecto para apicultores aficionados, principiantes y profesionales gracias a su sencillo funcionamiento. Garant\u00eda\u00a0ARC 2 A\u00d1OS soporte t\u00e9cnico\u00a0incluido\" \/>\n<meta property=\"og:url\" content=\"https:\/\/distribucionarc.com\/lt\/produktas\/rukykla-aviliams-dumu-pustuvas-bitems\/\" \/>\n<meta property=\"og:site_name\" content=\"distribuci\u00f3n ARC\" \/>\n<meta property=\"article:modified_time\" content=\"2020-09-30T10:54:15+00:00\" \/>\n<meta property=\"og:image\" content=\"https:\/\/distribucionarc.com\/wp-content\/uploads\/2020\/08\/Ahumador-para-colmenas-soplador-de-humo-para-abejas-2.jpg\" \/>\n\t<meta property=\"og:image:width\" content=\"1000\" \/>\n\t<meta property=\"og:image:height\" content=\"1000\" \/>\n\t<meta property=\"og:image:type\" content=\"image\/jpeg\" \/>\n<meta name=\"twitter:card\" content=\"summary_large_image\" \/>\n<meta name=\"twitter:label1\" content=\"Est. reading time\" \/>\n\t<meta name=\"twitter:data1\" content=\"1 minut\u0117\" \/>\n<script type=\"application\/ld+json\" class=\"yoast-schema-graph\">{\"@context\":\"https:\/\/schema.org\",\"@graph\":[{\"@type\":\"WebPage\",\"@id\":\"https:\/\/distribucionarc.com\/lt\/producto\/ahumador-para-colmenas-soplador-de-humo-para-abejas\/\",\"url\":\"https:\/\/distribucionarc.com\/lt\/producto\/ahumador-para-colmenas-soplador-de-humo-para-abejas\/\",\"name\":\"Ahumador para colmenas, soplador de humo para abejas\u00a0 - distribuci\u00f3n ARC\",\"isPartOf\":{\"@id\":\"https:\/\/distribucionarc.com\/de\/#website\"},\"primaryImageOfPage\":{\"@id\":\"https:\/\/distribucionarc.com\/lt\/producto\/ahumador-para-colmenas-soplador-de-humo-para-abejas\/#primaryimage\"},\"image\":{\"@id\":\"https:\/\/distribucionarc.com\/lt\/producto\/ahumador-para-colmenas-soplador-de-humo-para-abejas\/#primaryimage\"},\"thumbnailUrl\":\"https:\/\/distribucionarc.com\/wp-content\/uploads\/2020\/08\/Ahumador-para-colmenas-soplador-de-humo-para-abejas-2.jpg\",\"datePublished\":\"2020-08-12T12:24:14+00:00\",\"dateModified\":\"2020-09-30T10:54:15+00:00\",\"breadcrumb\":{\"@id\":\"https:\/\/distribucionarc.com\/lt\/producto\/ahumador-para-colmenas-soplador-de-humo-para-abejas\/#breadcrumb\"},\"inLanguage\":\"lt-LT\",\"potentialAction\":[{\"@type\":\"ReadAction\",\"target\":[\"https:\/\/distribucionarc.com\/lt\/producto\/ahumador-para-colmenas-soplador-de-humo-para-abejas\/\"]}]},{\"@type\":\"ImageObject\",\"inLanguage\":\"lt-LT\",\"@id\":\"https:\/\/distribucionarc.com\/lt\/producto\/ahumador-para-colmenas-soplador-de-humo-para-abejas\/#primaryimage\",\"url\":\"https:\/\/distribucionarc.com\/wp-content\/uploads\/2020\/08\/Ahumador-para-colmenas-soplador-de-humo-para-abejas-2.jpg\",\"contentUrl\":\"https:\/\/distribucionarc.com\/wp-content\/uploads\/2020\/08\/Ahumador-para-colmenas-soplador-de-humo-para-abejas-2.jpg\",\"width\":1000,\"height\":1000,\"caption\":\"Ahumador para colmenas soplador de humo para abejas\"},{\"@type\":\"BreadcrumbList\",\"@id\":\"https:\/\/distribucionarc.com\/lt\/producto\/ahumador-para-colmenas-soplador-de-humo-para-abejas\/#breadcrumb\",\"itemListElement\":[{\"@type\":\"ListItem\",\"position\":1,\"name\":\"Portada\",\"item\":\"https:\/\/distribucionarc.com\/pl\/\"},{\"@type\":\"ListItem\",\"position\":2,\"name\":\"Produkty\",\"item\":\"https:\/\/distribucionarc.com\/pl\/shop\/\"},{\"@type\":\"ListItem\",\"position\":3,\"name\":\"Ahumador para colmenas, soplador de humo para abejas\u00a0\"}]},{\"@type\":\"WebSite\",\"@id\":\"https:\/\/distribucionarc.com\/de\/#website\",\"url\":\"https:\/\/distribucionarc.com\/de\/\",\"name\":\"distribuci\u00f3n ARC\",\"description\":\"Empresa especializada en la fabricaci\u00f3n y distribuci\u00f3n de maquinaria industrial, selladoras de latas, Maquinas de hacer pastillas, Maquinas de cortar carne...\",\"publisher\":{\"@id\":\"https:\/\/distribucionarc.com\/de\/#organization\"},\"potentialAction\":[{\"@type\":\"SearchAction\",\"target\":{\"@type\":\"EntryPoint\",\"urlTemplate\":\"https:\/\/distribucionarc.com\/de\/?s={search_term_string}\"},\"query-input\":{\"@type\":\"PropertyValueSpecification\",\"valueRequired\":true,\"valueName\":\"search_term_string\"}}],\"inLanguage\":\"lt-LT\"},{\"@type\":\"Organization\",\"@id\":\"https:\/\/distribucionarc.com\/de\/#organization\",\"name\":\"Distribuci\u00f3n ARC\",\"url\":\"https:\/\/distribucionarc.com\/de\/\",\"logo\":{\"@type\":\"ImageObject\",\"inLanguage\":\"lt-LT\",\"@id\":\"https:\/\/distribucionarc.com\/de\/#\/schema\/logo\/image\/\",\"url\":\"https:\/\/distribucionarc.com\/wp-content\/uploads\/2024\/10\/distribucion-ARC-COLOR-SIN-FONDO-e1732295305345.png\",\"contentUrl\":\"https:\/\/distribucionarc.com\/wp-content\/uploads\/2024\/10\/distribucion-ARC-COLOR-SIN-FONDO-e1732295305345.png\",\"width\":1164,\"height\":558,\"caption\":\"Distribuci\u00f3n ARC\"},\"image\":{\"@id\":\"https:\/\/distribucionarc.com\/de\/#\/schema\/logo\/image\/\"},\"description\":\"Empresa especializada en la fabricaci\u00f3n y distribuci\u00f3n de maquinaria industrial para los sectores alimentario y farmac\u00e9utico. Nos especializamos en: M\u00e1quinas de cortar carne Fabricaci\u00f3n de comprimidos Sistemas de transporte industrial L\u00edneas de embotellado Dosificadores Y mucho m\u00e1s... Ofrecemos soluciones innovadoras y personalizadas para optimizar los procesos productivos de tu empresa.\",\"email\":\"Admistracion@distribucionarc.com\",\"telephone\":\"+34 643496664\",\"legalName\":\"ARC TECH SOLUTIONS\",\"foundingDate\":\"2024-04-09\",\"vatID\":\"B55480172\",\"numberOfEmployees\":{\"@type\":\"QuantitativeValue\",\"minValue\":\"1\",\"maxValue\":\"10\"}}]}<\/script>\n<!-- \/ Yoast SEO Premium plugin. -->","yoast_head_json":{"title":"R\u016bkykla aviliams, d\u016bm\u0173 p\u016bstuvas bit\u0117ms - ARC platinimas","robots":{"index":"index","follow":"follow","max-snippet":"max-snippet:-1","max-image-preview":"max-image-preview:large","max-video-preview":"max-video-preview:-1"},"canonical":"https:\/\/distribucionarc.com\/lt\/produktas\/rukykla-aviliams-dumu-pustuvas-bitems\/","og_locale":"lt_LT","og_type":"article","og_title":"Ahumador para colmenas, soplador de humo para abejas\u00a0","og_description":"Ahumador para colmenas, soplador de humo para abejas Prot\u00e9gete de las picaduras sin molestar al enjambre.\u00a0El soplador de humo ARC fabricado en acero galvanizado y piel de vacuno de alta calidad es perfecto para apicultores aficionados, principiantes y profesionales gracias a su sencillo funcionamiento. Garant\u00eda\u00a0ARC 2 A\u00d1OS soporte t\u00e9cnico\u00a0incluido","og_url":"https:\/\/distribucionarc.com\/lt\/produktas\/rukykla-aviliams-dumu-pustuvas-bitems\/","og_site_name":"distribuci\u00f3n ARC","article_modified_time":"2020-09-30T10:54:15+00:00","og_image":[{"width":1000,"height":1000,"url":"https:\/\/distribucionarc.com\/wp-content\/uploads\/2020\/08\/Ahumador-para-colmenas-soplador-de-humo-para-abejas-2.jpg","type":"image\/jpeg"}],"twitter_card":"summary_large_image","twitter_misc":{"Est. reading time":"1 minut\u0117"},"schema":{"@context":"https:\/\/schema.org","@graph":[{"@type":"WebPage","@id":"https:\/\/distribucionarc.com\/lt\/producto\/ahumador-para-colmenas-soplador-de-humo-para-abejas\/","url":"https:\/\/distribucionarc.com\/lt\/producto\/ahumador-para-colmenas-soplador-de-humo-para-abejas\/","name":"R\u016bkykla aviliams, d\u016bm\u0173 p\u016bstuvas bit\u0117ms - ARC platinimas","isPartOf":{"@id":"https:\/\/distribucionarc.com\/de\/#website"},"primaryImageOfPage":{"@id":"https:\/\/distribucionarc.com\/lt\/producto\/ahumador-para-colmenas-soplador-de-humo-para-abejas\/#primaryimage"},"image":{"@id":"https:\/\/distribucionarc.com\/lt\/producto\/ahumador-para-colmenas-soplador-de-humo-para-abejas\/#primaryimage"},"thumbnailUrl":"https:\/\/distribucionarc.com\/wp-content\/uploads\/2020\/08\/Ahumador-para-colmenas-soplador-de-humo-para-abejas-2.jpg","datePublished":"2020-08-12T12:24:14+00:00","dateModified":"2020-09-30T10:54:15+00:00","breadcrumb":{"@id":"https:\/\/distribucionarc.com\/lt\/producto\/ahumador-para-colmenas-soplador-de-humo-para-abejas\/#breadcrumb"},"inLanguage":"lt-LT","potentialAction":[{"@type":"ReadAction","target":["https:\/\/distribucionarc.com\/lt\/producto\/ahumador-para-colmenas-soplador-de-humo-para-abejas\/"]}]},{"@type":"ImageObject","inLanguage":"lt-LT","@id":"https:\/\/distribucionarc.com\/lt\/producto\/ahumador-para-colmenas-soplador-de-humo-para-abejas\/#primaryimage","url":"https:\/\/distribucionarc.com\/wp-content\/uploads\/2020\/08\/Ahumador-para-colmenas-soplador-de-humo-para-abejas-2.jpg","contentUrl":"https:\/\/distribucionarc.com\/wp-content\/uploads\/2020\/08\/Ahumador-para-colmenas-soplador-de-humo-para-abejas-2.jpg","width":1000,"height":1000,"caption":"Ahumador para colmenas soplador de humo para abejas"},{"@type":"BreadcrumbList","@id":"https:\/\/distribucionarc.com\/lt\/producto\/ahumador-para-colmenas-soplador-de-humo-para-abejas\/#breadcrumb","itemListElement":[{"@type":"ListItem","position":1,"name":"Portada","item":"https:\/\/distribucionarc.com\/pl\/"},{"@type":"ListItem","position":2,"name":"Produkty","item":"https:\/\/distribucionarc.com\/pl\/shop\/"},{"@type":"ListItem","position":3,"name":"Ahumador para colmenas, soplador de humo para abejas\u00a0"}]},{"@type":"WebSite","@id":"https:\/\/distribucionarc.com\/de\/#website","url":"https:\/\/distribucionarc.com\/de\/","name":"ARC paskirstymas","description":"\u012emon\u0117 specializuojasi pramonini\u0173 ma\u0161in\u0173, skardini\u0173 sandarinimo ma\u0161in\u0173, table\u010di\u0173 gamybos ma\u0161in\u0173, m\u0117sos pjaustymo ma\u0161in\u0173 gamyboje ir platinime...","publisher":{"@id":"https:\/\/distribucionarc.com\/de\/#organization"},"potentialAction":[{"@type":"SearchAction","target":{"@type":"EntryPoint","urlTemplate":"https:\/\/distribucionarc.com\/de\/?s={search_term_string}"},"query-input":{"@type":"PropertyValueSpecification","valueRequired":true,"valueName":"search_term_string"}}],"inLanguage":"lt-LT"},{"@type":"Organization","@id":"https:\/\/distribucionarc.com\/de\/#organization","name":"ARC platinimas","url":"https:\/\/distribucionarc.com\/de\/","logo":{"@type":"ImageObject","inLanguage":"lt-LT","@id":"https:\/\/distribucionarc.com\/de\/#\/schema\/logo\/image\/","url":"https:\/\/distribucionarc.com\/wp-content\/uploads\/2024\/10\/distribucion-ARC-COLOR-SIN-FONDO-e1732295305345.png","contentUrl":"https:\/\/distribucionarc.com\/wp-content\/uploads\/2024\/10\/distribucion-ARC-COLOR-SIN-FONDO-e1732295305345.png","width":1164,"height":558,"caption":"Distribuci\u00f3n ARC"},"image":{"@id":"https:\/\/distribucionarc.com\/de\/#\/schema\/logo\/image\/"},"description":"\u012emon\u0117 specializuojasi maisto ir farmacijos sektoriams skirt\u0173 pramonini\u0173 ma\u0161in\u0173 gamyboje ir platinime. M\u016bs\u0173 specializacija: M\u0117sos pjaustymo ma\u0161inos Table\u010di\u0173 gamyba Pramonin\u0117s transportavimo sistemos I\u0161pilstymo linijos Dozatoriai Ir dar daugiau... Si\u016blome novatori\u0161kus ir individualiems poreikiams pritaikytus sprendimus, kad optimizuotume j\u016bs\u0173 \u012fmon\u0117s gamybos procesus.","email":"Admistracion@distribucionarc.com","telephone":"+34 643496664","legalName":"ARC TECH SOLUTIONS","foundingDate":"2024-04-09","vatID":"B55480172","numberOfEmployees":{"@type":"QuantitativeValue","minValue":"1","maxValue":"10"}}]}},"_links":{"self":[{"href":"https:\/\/distribucionarc.com\/lt\/wp-json\/wp\/v2\/product\/2213","targetHints":{"allow":["GET"]}}],"collection":[{"href":"https:\/\/distribucionarc.com\/lt\/wp-json\/wp\/v2\/product"}],"about":[{"href":"https:\/\/distribucionarc.com\/lt\/wp-json\/wp\/v2\/types\/product"}],"replies":[{"embeddable":true,"href":"https:\/\/distribucionarc.com\/lt\/wp-json\/wp\/v2\/comments?post=2213"}],"version-history":[{"count":0,"href":"https:\/\/distribucionarc.com\/lt\/wp-json\/wp\/v2\/product\/2213\/revisions"}],"wp:featuredmedia":[{"embeddable":true,"href":"https:\/\/distribucionarc.com\/lt\/wp-json\/wp\/v2\/media\/2216"}],"wp:attachment":[{"href":"https:\/\/distribucionarc.com\/lt\/wp-json\/wp\/v2\/media?parent=2213"}],"wp:term":[{"taxonomy":"product_brand","embeddable":true,"href":"https:\/\/distribucionarc.com\/lt\/wp-json\/wp\/v2\/product_brand?post=2213"},{"taxonomy":"product_cat","embeddable":true,"href":"https:\/\/distribucionarc.com\/lt\/wp-json\/wp\/v2\/product_cat?post=2213"},{"taxonomy":"product_tag","embeddable":true,"href":"https:\/\/distribucionarc.com\/lt\/wp-json\/wp\/v2\/product_tag?post=2213"}],"curies":[{"name":"wp","href":"https:\/\/api.w.org\/{rel}","templated":true}]}}