{"id":2286,"date":"2020-08-13T15:32:23","date_gmt":"2020-08-13T15:32:23","guid":{"rendered":"https:\/\/distribucionarc.com\/?post_type=product&#038;p=2286"},"modified":"2020-09-30T11:54:16","modified_gmt":"2020-09-30T11:54:16","slug":"sulciaspaude-rankine-malune-sultims","status":"publish","type":"product","link":"https:\/\/distribucionarc.com\/lt\/producto\/exprimidor-manual-molino-para-zumo\/","title":{"rendered":"Rankin\u0117 sul\u010diaspaud\u0117, sul\u010di\u0173 mal\u016bnas"},"content":{"rendered":"<h3>Rankin\u0117 sul\u010diaspaud\u0117, sul\u010di\u0173 mal\u016bnas<\/h3>\n<p>Jis <strong>spaustukas <\/strong>i\u0161<strong style=\"font-size: 16px;\">\u00a0<span style=\"color: #ff0000;\">KAM<\/span><span style=\"color: #0000ff;\">R<\/span>c<\/strong><span style=\"font-size: 16px;\"> Jis pagamintas i\u0161 304 ner\u016bdijan\u010dio plieno su poliruoto metalo apdaila. Atsparus r\u016bdims ir lengvai valomas. 304 ner\u016bdijan\u010dio plieno tinklelio filtras yra \u0161varus ir higieni\u0161kas, tod\u0117l nelengva r\u016bdyti. Efektyviai atskiria liku\u010dius ir sultis. Komplekte yra pakaitinis filtras.<\/span><\/p>\n<p>Jis <strong>sul\u010diaspaud\u0117<span style=\"color: #ff0000;\"> KAM<\/span><span style=\"color: #0000ff;\">R<\/span>CMMP1<\/strong> Apatin\u0117je dalyje yra stalo spaustukas, skirtas stabiliam tvirtinimui prie pavir\u0161iaus (stalo storis turi b\u016bti ma\u017eesnis nei 6 cm).<\/p>\n<p>Naudoja a\u0161\u012f <strong>ypa\u010d ilgas var\u017etas su progresyvia ekstruzijos technologija<\/strong> Penki \u017eingsniai iki galo suspausti ingredientus ir i\u0161saugoti maistines med\u017eiagas Ergonomi\u0161ka medin\u0117 rankena, kuri\u0105 galima lengvai nuimti taupant viet\u0105.<\/p>\n<p>Komplekte yra puodelis sultims surinkti, st\u016bmoklis patogiam med\u017eiagos padavimui, \u0161epet\u0117lis, skirtas lengvam valymui, raktas priekiniam dang\u010diui atidaryti ir kabliukas filtrui i\u0161imti.<\/p>\n<h6><strong>Garantija\u00a0<\/strong><span style=\"color: #ff0000;\"><strong>KAM<\/strong><\/span><span style=\"color: #0000ff;\"><strong>R<\/strong><\/span><strong>C 2 METAI<\/strong><\/h6>\n<h6><strong>\u012ftraukta technin\u0117 pagalba<\/strong><\/h6>\n<p>&nbsp;<\/p>\n<p>&nbsp;<\/p>\n<table width=\"100%\">\n<tbody>\n<tr>\n<td>Vaikinas:<\/td>\n<td width=\"50%\">vadovas<\/td>\n<td colspan=\"2\" width=\"327\"><\/td>\n<\/tr>\n<tr>\n<td>Platinimo \u0161alis:<\/td>\n<td width=\"50%\">Ispanija, Vokietija, JAV<\/td>\n<td>Svoris:<\/td>\n<td width=\"50%\">2,6 kg<\/td>\n<\/tr>\n<tr>\n<td>Prekinis \u017eenklas:<\/td>\n<td width=\"50%\">ARC<\/td>\n<td>Auk\u0161tis:<\/td>\n<td width=\"50%\">32 cm<\/td>\n<\/tr>\n<tr>\n<td>Spalva:<\/td>\n<td width=\"50%\">Sidabras<\/td>\n<td>Ilgas:<\/td>\n<td width=\"50%\">\u00a012 cm<\/td>\n<\/tr>\n<tr>\n<td>Produkto tipas:<\/td>\n<td width=\"50%\">vaisi\u0173 sul\u010diaspaud\u0117<\/td>\n<td>Platus:<\/td>\n<td width=\"50%\">20 cm<\/td>\n<\/tr>\n<tr>\n<td>Gamintojo numeris:<\/td>\n<td width=\"50%\">ARCMMP1<\/td>\n<td>I\u0161traukimo tipas:<\/td>\n<td width=\"50%\">ranka<\/td>\n<\/tr>\n<tr>\n<td>Med\u017eiaga:<\/td>\n<td width=\"50%\">\u00a0maistinio ner\u016bdijan\u010dio plieno<\/td>\n<td>\u012e\u0117jimo dydis:<\/td>\n<td width=\"50%\">8,6x8,6 cm<\/td>\n<\/tr>\n<tr>\n<td>Garantija:<\/td>\n<td width=\"50%\">2 METAI<\/td>\n<td>Rankenos tipas:<\/td>\n<td width=\"50%\">spaudimas ant suoliuko<\/td>\n<\/tr>\n<tr>\n<td>Montavimo \u012frankiai:<\/td>\n<td width=\"50%\">Taip<\/td>\n<td>\u012eranga:<\/td>\n<td width=\"50%\">St\u016bmoklis, \u0161epetys, ver\u017eliaraktis, kabliukas, filtras ir puodelis<\/td>\n<\/tr>\n<\/tbody>\n<\/table>","protected":false},"excerpt":{"rendered":"<h2>Rankin\u0117 sul\u010diaspaud\u0117, sul\u010di\u0173 mal\u016bnas<\/h2>\n<p>Tai <strong>vaisi\u0173 sul\u010diaspaud\u0117 <span style=\"color: #ff0000;\">KAM<\/span><span style=\"color: #0000ff;\">R<\/span>c<\/strong> Jis pagamintas i\u0161 304 ner\u016bdijan\u010dio plieno, yra ner\u016bdijantis ir higieni\u0161kas. Mal\u016bn\u0105 lengva surinkti ir lengva valyti. Jis turi konstrukcij\u0105, skirt\u0105 spaustukui pritvirtinti prie stalo, o tai u\u017etikrina tvirt\u0105 stabilum\u0105 proceso metu. Puikiai tinka kvie\u010di\u0173 \u017eol\u0117s sultims, \u012fvairioms dar\u017eov\u0117ms ir daugumai vaisi\u0173.<\/p>\n<h6><strong>Garantija\u00a0<\/strong><span style=\"color: #ff0000;\"><strong>KAM<\/strong><\/span><span style=\"color: #0000ff;\"><strong>R<\/strong><\/span><strong>C 2 METAI<\/strong><\/h6>\n<h6><strong>\u012ftraukta technin\u0117 pagalba<\/strong><\/h6>\n<div class=\"summary entry-summary\">\n<div class=\"quantity\"><label class=\"screen-reader-text\" for=\"quantity_5f35576ca79d3\">Sraigtinis presas, sul\u010diaspaud\u0117, mini vaisi\u0173 sul\u010diaspaud\u0117 3L kiekis<\/label><\/div>\n<\/div>","protected":false},"featured_media":2291,"comment_status":"open","ping_status":"closed","template":"","meta":{"wds_primary_product_brand":0,"wds_primary_product_cat":0},"product_brand":[],"product_cat":[30,56,67],"product_tag":[],"class_list":{"0":"post-2286","1":"product","2":"type-product","3":"status-publish","4":"has-post-thumbnail","6":"product_cat-maquinaria-apicola","7":"product_cat-maquinaria-para-ferias","8":"product_cat-prensas-de-frutas-trituradoras","9":"product_shipping_class-hosteleria","11":"first","12":"instock","13":"sale","14":"taxable","15":"shipping-taxable","16":"purchasable","17":"product-type-simple"},"yoast_head":"<!-- This site is optimized with the Yoast SEO Premium plugin v24.9 (Yoast SEO v26.1) - https:\/\/yoast.com\/wordpress\/plugins\/seo\/ -->\n<title>Exprimidor manual, molino para zumo - distribuci\u00f3n ARC<\/title>\n<meta name=\"robots\" content=\"index, follow, max-snippet:-1, max-image-preview:large, max-video-preview:-1\" \/>\n<link rel=\"canonical\" href=\"https:\/\/distribucionarc.com\/lt\/produktas\/sulciaspaude-rankine-malune-sultims\/\" \/>\n<meta property=\"og:locale\" content=\"lt_LT\" \/>\n<meta property=\"og:type\" content=\"article\" \/>\n<meta property=\"og:title\" content=\"Exprimidor manual, molino para zumo\" \/>\n<meta property=\"og:description\" content=\"Exprimidor manual, molino para zumo Este exprimidor de fruta ARC est\u00e1 hecho de acero inoxidable 304, es inoxidable e higi\u00e9nico. El molino es f\u00e1cil de montar y f\u00e1cil de limpiar. Tiene un dise\u00f1o para fijar la abrazadera a la mesa, lo que garantiza una fuerte estabilidad durante el proceso. Es perfecto para zumo de hierba de trigo, varias verduras y la mayor\u00eda de las frutas. Garant\u00eda\u00a0ARC 2 A\u00d1OS soporte t\u00e9cnico\u00a0incluido  Prensa de tornillo, extractor de zumo,\u00a0 mini exprimidor de frutas 3L cantidad\" \/>\n<meta property=\"og:url\" content=\"https:\/\/distribucionarc.com\/lt\/produktas\/sulciaspaude-rankine-malune-sultims\/\" \/>\n<meta property=\"og:site_name\" content=\"distribuci\u00f3n ARC\" \/>\n<meta property=\"article:modified_time\" content=\"2020-09-30T11:54:16+00:00\" \/>\n<meta property=\"og:image\" content=\"https:\/\/distribucionarc.com\/wp-content\/uploads\/2020\/08\/Exprimidor-manual-molino-para-zumo-0.jpg\" \/>\n\t<meta property=\"og:image:width\" content=\"1600\" \/>\n\t<meta property=\"og:image:height\" content=\"1600\" \/>\n\t<meta property=\"og:image:type\" content=\"image\/jpeg\" \/>\n<meta name=\"twitter:card\" content=\"summary_large_image\" \/>\n<meta name=\"twitter:label1\" content=\"Est. reading time\" \/>\n\t<meta name=\"twitter:data1\" content=\"1 minut\u0117\" \/>\n<script type=\"application\/ld+json\" class=\"yoast-schema-graph\">{\"@context\":\"https:\/\/schema.org\",\"@graph\":[{\"@type\":\"WebPage\",\"@id\":\"https:\/\/distribucionarc.com\/tr\/producto\/exprimidor-manual-molino-para-zumo\/\",\"url\":\"https:\/\/distribucionarc.com\/tr\/producto\/exprimidor-manual-molino-para-zumo\/\",\"name\":\"Exprimidor manual, molino para zumo - distribuci\u00f3n ARC\",\"isPartOf\":{\"@id\":\"https:\/\/www.distribucionarc.com\/tr\/#website\"},\"primaryImageOfPage\":{\"@id\":\"https:\/\/distribucionarc.com\/tr\/producto\/exprimidor-manual-molino-para-zumo\/#primaryimage\"},\"image\":{\"@id\":\"https:\/\/distribucionarc.com\/tr\/producto\/exprimidor-manual-molino-para-zumo\/#primaryimage\"},\"thumbnailUrl\":\"https:\/\/distribucionarc.com\/wp-content\/uploads\/2020\/08\/Exprimidor-manual-molino-para-zumo-0.jpg\",\"datePublished\":\"2020-08-13T15:32:23+00:00\",\"dateModified\":\"2020-09-30T11:54:16+00:00\",\"breadcrumb\":{\"@id\":\"https:\/\/distribucionarc.com\/tr\/producto\/exprimidor-manual-molino-para-zumo\/#breadcrumb\"},\"inLanguage\":\"lt-LT\",\"potentialAction\":[{\"@type\":\"ReadAction\",\"target\":[\"https:\/\/distribucionarc.com\/tr\/producto\/exprimidor-manual-molino-para-zumo\/\"]}]},{\"@type\":\"ImageObject\",\"inLanguage\":\"lt-LT\",\"@id\":\"https:\/\/distribucionarc.com\/tr\/producto\/exprimidor-manual-molino-para-zumo\/#primaryimage\",\"url\":\"https:\/\/distribucionarc.com\/wp-content\/uploads\/2020\/08\/Exprimidor-manual-molino-para-zumo-0.jpg\",\"contentUrl\":\"https:\/\/distribucionarc.com\/wp-content\/uploads\/2020\/08\/Exprimidor-manual-molino-para-zumo-0.jpg\",\"width\":1600,\"height\":1600,\"caption\":\"Exprimidor manual, molino para zumo\"},{\"@type\":\"BreadcrumbList\",\"@id\":\"https:\/\/distribucionarc.com\/tr\/producto\/exprimidor-manual-molino-para-zumo\/#breadcrumb\",\"itemListElement\":[{\"@type\":\"ListItem\",\"position\":1,\"name\":\"Portada\",\"item\":\"https:\/\/www.distribucionarc.com\/tr\/\"},{\"@type\":\"ListItem\",\"position\":2,\"name\":\"Produktai\",\"item\":\"https:\/\/distribucionarc.com\/lt\/parduotuve\/\"},{\"@type\":\"ListItem\",\"position\":3,\"name\":\"Exprimidor manual, molino para zumo\"}]},{\"@type\":\"WebSite\",\"@id\":\"https:\/\/www.distribucionarc.com\/tr\/#website\",\"url\":\"https:\/\/www.distribucionarc.com\/tr\/\",\"name\":\"distribuci\u00f3n ARC\",\"description\":\"Empresa especializada en la fabricaci\u00f3n y distribuci\u00f3n de maquinaria industrial, selladoras de latas, Maquinas de hacer pastillas, Maquinas de cortar carne...\",\"publisher\":{\"@id\":\"https:\/\/www.distribucionarc.com\/tr\/#organization\"},\"potentialAction\":[{\"@type\":\"SearchAction\",\"target\":{\"@type\":\"EntryPoint\",\"urlTemplate\":\"https:\/\/www.distribucionarc.com\/tr\/?s={search_term_string}\"},\"query-input\":{\"@type\":\"PropertyValueSpecification\",\"valueRequired\":true,\"valueName\":\"search_term_string\"}}],\"inLanguage\":\"lt-LT\"},{\"@type\":\"Organization\",\"@id\":\"https:\/\/www.distribucionarc.com\/tr\/#organization\",\"name\":\"Distribuci\u00f3n ARC\",\"url\":\"https:\/\/www.distribucionarc.com\/tr\/\",\"logo\":{\"@type\":\"ImageObject\",\"inLanguage\":\"lt-LT\",\"@id\":\"https:\/\/www.distribucionarc.com\/tr\/#\/schema\/logo\/image\/\",\"url\":\"https:\/\/distribucionarc.com\/wp-content\/uploads\/2024\/10\/distribucion-ARC-COLOR-SIN-FONDO-e1732295305345.png\",\"contentUrl\":\"https:\/\/distribucionarc.com\/wp-content\/uploads\/2024\/10\/distribucion-ARC-COLOR-SIN-FONDO-e1732295305345.png\",\"width\":1164,\"height\":558,\"caption\":\"Distribuci\u00f3n ARC\"},\"image\":{\"@id\":\"https:\/\/www.distribucionarc.com\/tr\/#\/schema\/logo\/image\/\"},\"description\":\"Empresa especializada en la fabricaci\u00f3n y distribuci\u00f3n de maquinaria industrial para los sectores alimentario y farmac\u00e9utico. Nos especializamos en: M\u00e1quinas de cortar carne Fabricaci\u00f3n de comprimidos Sistemas de transporte industrial L\u00edneas de embotellado Dosificadores Y mucho m\u00e1s... Ofrecemos soluciones innovadoras y personalizadas para optimizar los procesos productivos de tu empresa.\",\"email\":\"Admistracion@distribucionarc.com\",\"telephone\":\"+34 643496664\",\"legalName\":\"ARC TECH SOLUTIONS\",\"foundingDate\":\"2024-04-09\",\"vatID\":\"B55480172\",\"numberOfEmployees\":{\"@type\":\"QuantitativeValue\",\"minValue\":\"1\",\"maxValue\":\"10\"}}]}<\/script>\n<!-- \/ Yoast SEO Premium plugin. -->","yoast_head_json":{"title":"Rankin\u0117 sul\u010diaspaud\u0117, sul\u010di\u0173 mal\u016bn\u0117 \u2013 ARC platinimas","robots":{"index":"index","follow":"follow","max-snippet":"max-snippet:-1","max-image-preview":"max-image-preview:large","max-video-preview":"max-video-preview:-1"},"canonical":"https:\/\/distribucionarc.com\/lt\/produktas\/sulciaspaude-rankine-malune-sultims\/","og_locale":"lt_LT","og_type":"article","og_title":"Exprimidor manual, molino para zumo","og_description":"Exprimidor manual, molino para zumo Este exprimidor de fruta ARC est\u00e1 hecho de acero inoxidable 304, es inoxidable e higi\u00e9nico. El molino es f\u00e1cil de montar y f\u00e1cil de limpiar. Tiene un dise\u00f1o para fijar la abrazadera a la mesa, lo que garantiza una fuerte estabilidad durante el proceso. Es perfecto para zumo de hierba de trigo, varias verduras y la mayor\u00eda de las frutas. Garant\u00eda\u00a0ARC 2 A\u00d1OS soporte t\u00e9cnico\u00a0incluido  Prensa de tornillo, extractor de zumo,\u00a0 mini exprimidor de frutas 3L cantidad","og_url":"https:\/\/distribucionarc.com\/lt\/produktas\/sulciaspaude-rankine-malune-sultims\/","og_site_name":"distribuci\u00f3n ARC","article_modified_time":"2020-09-30T11:54:16+00:00","og_image":[{"width":1600,"height":1600,"url":"https:\/\/distribucionarc.com\/wp-content\/uploads\/2020\/08\/Exprimidor-manual-molino-para-zumo-0.jpg","type":"image\/jpeg"}],"twitter_card":"summary_large_image","twitter_misc":{"Est. reading time":"1 minut\u0117"},"schema":{"@context":"https:\/\/schema.org","@graph":[{"@type":"WebPage","@id":"https:\/\/distribucionarc.com\/tr\/producto\/exprimidor-manual-molino-para-zumo\/","url":"https:\/\/distribucionarc.com\/tr\/producto\/exprimidor-manual-molino-para-zumo\/","name":"Rankin\u0117 sul\u010diaspaud\u0117, sul\u010di\u0173 mal\u016bn\u0117 \u2013 ARC platinimas","isPartOf":{"@id":"https:\/\/www.distribucionarc.com\/tr\/#website"},"primaryImageOfPage":{"@id":"https:\/\/distribucionarc.com\/tr\/producto\/exprimidor-manual-molino-para-zumo\/#primaryimage"},"image":{"@id":"https:\/\/distribucionarc.com\/tr\/producto\/exprimidor-manual-molino-para-zumo\/#primaryimage"},"thumbnailUrl":"https:\/\/distribucionarc.com\/wp-content\/uploads\/2020\/08\/Exprimidor-manual-molino-para-zumo-0.jpg","datePublished":"2020-08-13T15:32:23+00:00","dateModified":"2020-09-30T11:54:16+00:00","breadcrumb":{"@id":"https:\/\/distribucionarc.com\/tr\/producto\/exprimidor-manual-molino-para-zumo\/#breadcrumb"},"inLanguage":"lt-LT","potentialAction":[{"@type":"ReadAction","target":["https:\/\/distribucionarc.com\/tr\/producto\/exprimidor-manual-molino-para-zumo\/"]}]},{"@type":"ImageObject","inLanguage":"lt-LT","@id":"https:\/\/distribucionarc.com\/tr\/producto\/exprimidor-manual-molino-para-zumo\/#primaryimage","url":"https:\/\/distribucionarc.com\/wp-content\/uploads\/2020\/08\/Exprimidor-manual-molino-para-zumo-0.jpg","contentUrl":"https:\/\/distribucionarc.com\/wp-content\/uploads\/2020\/08\/Exprimidor-manual-molino-para-zumo-0.jpg","width":1600,"height":1600,"caption":"Exprimidor manual, molino para zumo"},{"@type":"BreadcrumbList","@id":"https:\/\/distribucionarc.com\/tr\/producto\/exprimidor-manual-molino-para-zumo\/#breadcrumb","itemListElement":[{"@type":"ListItem","position":1,"name":"Portada","item":"https:\/\/www.distribucionarc.com\/tr\/"},{"@type":"ListItem","position":2,"name":"Produktai","item":"https:\/\/distribucionarc.com\/lt\/parduotuve\/"},{"@type":"ListItem","position":3,"name":"Exprimidor manual, molino para zumo"}]},{"@type":"WebSite","@id":"https:\/\/www.distribucionarc.com\/tr\/#website","url":"https:\/\/www.distribucionarc.com\/tr\/","name":"ARC paskirstymas","description":"\u012emon\u0117 specializuojasi pramonini\u0173 ma\u0161in\u0173, skardini\u0173 sandarinimo ma\u0161in\u0173, table\u010di\u0173 gamybos ma\u0161in\u0173, m\u0117sos pjaustymo ma\u0161in\u0173 gamyboje ir platinime...","publisher":{"@id":"https:\/\/www.distribucionarc.com\/tr\/#organization"},"potentialAction":[{"@type":"SearchAction","target":{"@type":"EntryPoint","urlTemplate":"https:\/\/www.distribucionarc.com\/tr\/?s={search_term_string}"},"query-input":{"@type":"PropertyValueSpecification","valueRequired":true,"valueName":"search_term_string"}}],"inLanguage":"lt-LT"},{"@type":"Organization","@id":"https:\/\/www.distribucionarc.com\/tr\/#organization","name":"ARC platinimas","url":"https:\/\/www.distribucionarc.com\/tr\/","logo":{"@type":"ImageObject","inLanguage":"lt-LT","@id":"https:\/\/www.distribucionarc.com\/tr\/#\/schema\/logo\/image\/","url":"https:\/\/distribucionarc.com\/wp-content\/uploads\/2024\/10\/distribucion-ARC-COLOR-SIN-FONDO-e1732295305345.png","contentUrl":"https:\/\/distribucionarc.com\/wp-content\/uploads\/2024\/10\/distribucion-ARC-COLOR-SIN-FONDO-e1732295305345.png","width":1164,"height":558,"caption":"Distribuci\u00f3n ARC"},"image":{"@id":"https:\/\/www.distribucionarc.com\/tr\/#\/schema\/logo\/image\/"},"description":"\u012emon\u0117 specializuojasi maisto ir farmacijos sektoriams skirt\u0173 pramonini\u0173 ma\u0161in\u0173 gamyboje ir platinime. M\u016bs\u0173 specializacija: M\u0117sos pjaustymo ma\u0161inos Table\u010di\u0173 gamyba Pramonin\u0117s transportavimo sistemos I\u0161pilstymo linijos Dozatoriai Ir dar daugiau... Si\u016blome novatori\u0161kus ir individualiems poreikiams pritaikytus sprendimus, kad optimizuotume j\u016bs\u0173 \u012fmon\u0117s gamybos procesus.","email":"Admistracion@distribucionarc.com","telephone":"+34 643496664","legalName":"ARC TECH SOLUTIONS","foundingDate":"2024-04-09","vatID":"B55480172","numberOfEmployees":{"@type":"QuantitativeValue","minValue":"1","maxValue":"10"}}]}},"_links":{"self":[{"href":"https:\/\/distribucionarc.com\/lt\/wp-json\/wp\/v2\/product\/2286","targetHints":{"allow":["GET"]}}],"collection":[{"href":"https:\/\/distribucionarc.com\/lt\/wp-json\/wp\/v2\/product"}],"about":[{"href":"https:\/\/distribucionarc.com\/lt\/wp-json\/wp\/v2\/types\/product"}],"replies":[{"embeddable":true,"href":"https:\/\/distribucionarc.com\/lt\/wp-json\/wp\/v2\/comments?post=2286"}],"version-history":[{"count":0,"href":"https:\/\/distribucionarc.com\/lt\/wp-json\/wp\/v2\/product\/2286\/revisions"}],"wp:featuredmedia":[{"embeddable":true,"href":"https:\/\/distribucionarc.com\/lt\/wp-json\/wp\/v2\/media\/2291"}],"wp:attachment":[{"href":"https:\/\/distribucionarc.com\/lt\/wp-json\/wp\/v2\/media?parent=2286"}],"wp:term":[{"taxonomy":"product_brand","embeddable":true,"href":"https:\/\/distribucionarc.com\/lt\/wp-json\/wp\/v2\/product_brand?post=2286"},{"taxonomy":"product_cat","embeddable":true,"href":"https:\/\/distribucionarc.com\/lt\/wp-json\/wp\/v2\/product_cat?post=2286"},{"taxonomy":"product_tag","embeddable":true,"href":"https:\/\/distribucionarc.com\/lt\/wp-json\/wp\/v2\/product_tag?post=2286"}],"curies":[{"name":"wp","href":"https:\/\/api.w.org\/{rel}","templated":true}]}}