{"id":2304,"date":"2020-08-14T10:40:14","date_gmt":"2020-08-14T10:40:14","guid":{"rendered":"https:\/\/distribucionarc.com\/?post_type=product&#038;p=2304"},"modified":"2020-09-30T11:59:21","modified_gmt":"2020-09-30T11:59:21","slug":"nuvarvejimo-padeklas-su-drenazu-ir-1-slapio-puodelio-1-32x15-cm","status":"publish","type":"product","link":"https:\/\/distribucionarc.com\/lt\/producto\/bandeja-de-goteo-con-drenaje-y-1-moja-copas-1-32-x-15-cm\/","title":{"rendered":"Nuvarv\u0117jimo pad\u0117klas su kanalizacija ir 1 puodelio laikikliu 32 x 15 cm"},"content":{"rendered":"<h3>Nuvarv\u0117jimo pad\u0117klas su kanalizacija ir 1 puodelio laikikliu 32 x 15 cm<\/h3>\n<p>K\u016bnas \u0161io <strong>ARC juostos pad\u0117klas<\/strong> Jis pagamintas i\u0161 304 ner\u016bdijan\u010dio plieno su ABS pover\u017ele ir \u017ealvario vandens \u012fleidimo ir i\u0161leidimo anga. U\u017etikrina apsaug\u0105 nuo korozijos ir r\u016bd\u017ei\u0173.<\/p>\n<p>Vandens saugumui u\u017etikrinti naudojamas pilnas 304 ner\u016bdijan\u010dio plieno vo\u017etuvas. Jame yra penkios galingos vandens pur\u0161kimo angos, kurios u\u017etikrina daugiamat\u012f valym\u0105 ir maksimal\u0173 valym\u0105.<\/p>\n<p>Akinius galima valyti visomis kryptimis, tiesiog \u012fdedant juos \u012f <strong>garuojanti \u0105so\u010dio plovykl\u0117<\/strong> viena ranka. Tai <strong>puodeli\u0173 pover\u017el\u0117 <span style=\"color: #ff0000;\">KAM<\/span><span style=\"color: #0000ff;\">R<\/span>CBGV100<\/strong> Jis turi \u012fd\u0117t\u0105 dizain\u0105, kur\u012f galima puikiai integruoti \u012f juost\u0105, priklausomai nuo dyd\u017eio, kad b\u016bt\u0173 daugiau vietos.<\/p>\n<h6><strong>Garantija\u00a0<\/strong><span style=\"color: #ff0000;\"><strong>KAM<\/strong><\/span><span style=\"color: #0000ff;\"><strong>R<\/strong><\/span><strong>C 2 METAI<\/strong><\/h6>\n<h6><strong>\u012ftraukta technin\u0117 pagalba<\/strong><\/h6>\n<p>&nbsp;<\/p>\n<table width=\"100%\">\n<tbody>\n<tr>\n<td>Vaikinas:<\/td>\n<td width=\"50%\">vadovas<\/td>\n<td colspan=\"2\" width=\"327\"><\/td>\n<\/tr>\n<tr>\n<td>Platinimo \u0161alis:<\/td>\n<td width=\"50%\">Ispanija, Vokietija, JAV<\/td>\n<td>Svoris:<\/td>\n<td width=\"50%\">650 g<\/td>\n<\/tr>\n<tr>\n<td>Prekinis \u017eenklas:<\/td>\n<td width=\"50%\">ARC<\/td>\n<td>Auk\u0161tis:<\/td>\n<td width=\"50%\">3 cm<\/td>\n<\/tr>\n<tr>\n<td>Spalva:<\/td>\n<td width=\"50%\">Sidabras<\/td>\n<td>Ilgas:<\/td>\n<td width=\"50%\">32,8 cm<\/td>\n<\/tr>\n<tr>\n<td>Produkto tipas:<\/td>\n<td width=\"50%\">la\u0161\u0117jimo pad\u0117klas<\/td>\n<td>Platus:<\/td>\n<td width=\"50%\">15,5 cm<\/td>\n<\/tr>\n<tr>\n<td>Gamintojo numeris:<\/td>\n<td width=\"50%\">ARCBGV100<\/td>\n<td>Stiklo valiklio skersmuo:<\/td>\n<td width=\"50%\">11,5 cm<\/td>\n<\/tr>\n<tr>\n<td>Med\u017eiaga:<\/td>\n<td width=\"50%\">Maisto klas\u0117s ner\u016bdijantis plienas 304<\/td>\n<td>La\u0161\u0117jimo pad\u0117klas:<\/td>\n<td width=\"50%\">12&quot; x 6&quot;<\/td>\n<\/tr>\n<tr>\n<td>Diegimo \u012frankis:<\/td>\n<td width=\"50%\">2 x vandens \u012fleidimo ir i\u0161leidimo vamzd\u017eiai<\/p>\n<p>2 x konvertavimo adapteriai<\/td>\n<td>Rekomenduojamas vandens sl\u0117gis:<\/td>\n<td width=\"50%\">15-30 PSI<\/td>\n<\/tr>\n<tr>\n<td>Garantija:<\/td>\n<td width=\"50%\">2 METAI<\/td>\n<td>Med\u017eiagos storis:<\/td>\n<td width=\"50%\">0,12 cm<\/td>\n<\/tr>\n<\/tbody>\n<\/table>","protected":false},"excerpt":{"rendered":"<h2>Nuvarv\u0117jimo pad\u0117klas su kanalizacija ir 1 puodelio laikikliu 32 x 15 cm<\/h2>\n<p>Tai<strong> stiklo pover\u017el\u0117 <span style=\"color: #ff0000;\">KAM<\/span><span style=\"color: #0000ff;\">R<\/span>c<\/strong> Skalavimo priemon\u0117 yra efektyvi priemon\u0117 vis\u0173 tip\u0173 stiklin\u0117ms ir indams, kuri\u0173 skersmuo ma\u017eesnis nei 12 cm, valyti. Sutaupo daugiau nei 80% vandens, palyginti su \u012fprastu rank\u0173 plovimu. Su 5 galingomis vandens pur\u0161kimo angomis j\u016bs\u0173 akiniai nuvalomi per 3 sekundes.<\/p>\n<h6><strong>Garantija\u00a0<\/strong><span style=\"color: #ff0000;\"><strong>KAM<\/strong><\/span><span style=\"color: #0000ff;\"><strong>R<\/strong><\/span><strong>C 2 METAI<\/strong><\/h6>\n<h6><strong>\u012ftraukta technin\u0117 pagalba<\/strong><\/h6>","protected":false},"featured_media":2311,"comment_status":"open","ping_status":"closed","template":"","meta":{"wds_primary_product_brand":0,"wds_primary_product_cat":0},"product_brand":[],"product_cat":[64],"product_tag":[],"class_list":{"0":"post-2304","1":"product","2":"type-product","3":"status-publish","4":"has-post-thumbnail","6":"product_cat-fregaderos-mesas-de-apoyo-mesones-de-trabajo","7":"product_shipping_class-hosteleria","9":"first","10":"instock","11":"sale","12":"taxable","13":"shipping-taxable","14":"purchasable","15":"product-type-simple"},"yoast_head":"<!-- This site is optimized with the Yoast SEO Premium plugin v24.9 (Yoast SEO v26.1) - https:\/\/yoast.com\/wordpress\/plugins\/seo\/ -->\n<title>Bandeja de goteo con drenaje y 1 moja copas 32 x 15 cm - distribuci\u00f3n ARC<\/title>\n<meta name=\"robots\" content=\"index, follow, max-snippet:-1, max-image-preview:large, max-video-preview:-1\" \/>\n<link rel=\"canonical\" href=\"https:\/\/www.distribucionarc.com\/hr\/producto\/bandeja-de-goteo-con-drenaje-y-1-moja-copas-1-32-x-15-cm\/\" \/>\n<meta property=\"og:locale\" content=\"lt_LT\" \/>\n<meta property=\"og:type\" content=\"article\" \/>\n<meta property=\"og:title\" content=\"Bandeja de goteo con drenaje y 1 moja copas 32 x 15 cm\" \/>\n<meta property=\"og:description\" content=\"Bandeja de goteo con drenaje y\u00a0 1 moja copas \u00a032 x 15 cm Esta lavadora de vidrio ARC para enjuague es una herramienta eficiente para la limpieza de todo tipo de vasos y recipientes con un di\u00e1metro inferior a 12 cm. Ofrece m\u00e1s del 80% de ahorro de agua en comparaci\u00f3n con el lavado de manos convencional. Con 5 potentes orificios de pulverizaci\u00f3n de agua, sus vasos se limpian en 3 segundos. Garant\u00eda\u00a0ARC 2 A\u00d1OS soporte t\u00e9cnico\u00a0incluido\" \/>\n<meta property=\"og:url\" content=\"https:\/\/www.distribucionarc.com\/hr\/producto\/bandeja-de-goteo-con-drenaje-y-1-moja-copas-1-32-x-15-cm\/\" \/>\n<meta property=\"og:site_name\" content=\"distribuci\u00f3n ARC\" \/>\n<meta property=\"article:modified_time\" content=\"2020-09-30T11:59:21+00:00\" \/>\n<meta property=\"og:image\" content=\"https:\/\/www.distribucionarc.com\/wp-content\/uploads\/2020\/08\/Bandeja-de-goteo-con-drenaje-y-1-moja-copas-1-32-x-15-cm-0.jpg\" \/>\n\t<meta property=\"og:image:width\" content=\"1600\" \/>\n\t<meta property=\"og:image:height\" content=\"1600\" \/>\n\t<meta property=\"og:image:type\" content=\"image\/jpeg\" \/>\n<meta name=\"twitter:card\" content=\"summary_large_image\" \/>\n<meta name=\"twitter:label1\" content=\"Est. reading time\" \/>\n\t<meta name=\"twitter:data1\" content=\"1 minut\u0117\" \/>\n<script type=\"application\/ld+json\" class=\"yoast-schema-graph\">{\"@context\":\"https:\/\/schema.org\",\"@graph\":[{\"@type\":\"WebPage\",\"@id\":\"https:\/\/www.distribucionarc.com\/hr\/producto\/bandeja-de-goteo-con-drenaje-y-1-moja-copas-1-32-x-15-cm\/\",\"url\":\"https:\/\/www.distribucionarc.com\/hr\/producto\/bandeja-de-goteo-con-drenaje-y-1-moja-copas-1-32-x-15-cm\/\",\"name\":\"Bandeja de goteo con drenaje y 1 moja copas 32 x 15 cm - distribuci\u00f3n ARC\",\"isPartOf\":{\"@id\":\"https:\/\/distribucionarc.com\/bg\/#website\"},\"primaryImageOfPage\":{\"@id\":\"https:\/\/www.distribucionarc.com\/hr\/producto\/bandeja-de-goteo-con-drenaje-y-1-moja-copas-1-32-x-15-cm\/#primaryimage\"},\"image\":{\"@id\":\"https:\/\/www.distribucionarc.com\/hr\/producto\/bandeja-de-goteo-con-drenaje-y-1-moja-copas-1-32-x-15-cm\/#primaryimage\"},\"thumbnailUrl\":\"https:\/\/distribucionarc.com\/wp-content\/uploads\/2020\/08\/Bandeja-de-goteo-con-drenaje-y-1-moja-copas-1-32-x-15-cm-0.jpg\",\"datePublished\":\"2020-08-14T10:40:14+00:00\",\"dateModified\":\"2020-09-30T11:59:21+00:00\",\"breadcrumb\":{\"@id\":\"https:\/\/www.distribucionarc.com\/hr\/producto\/bandeja-de-goteo-con-drenaje-y-1-moja-copas-1-32-x-15-cm\/#breadcrumb\"},\"inLanguage\":\"lt-LT\",\"potentialAction\":[{\"@type\":\"ReadAction\",\"target\":[\"https:\/\/www.distribucionarc.com\/hr\/producto\/bandeja-de-goteo-con-drenaje-y-1-moja-copas-1-32-x-15-cm\/\"]}]},{\"@type\":\"ImageObject\",\"inLanguage\":\"lt-LT\",\"@id\":\"https:\/\/www.distribucionarc.com\/hr\/producto\/bandeja-de-goteo-con-drenaje-y-1-moja-copas-1-32-x-15-cm\/#primaryimage\",\"url\":\"https:\/\/distribucionarc.com\/wp-content\/uploads\/2020\/08\/Bandeja-de-goteo-con-drenaje-y-1-moja-copas-1-32-x-15-cm-0.jpg\",\"contentUrl\":\"https:\/\/distribucionarc.com\/wp-content\/uploads\/2020\/08\/Bandeja-de-goteo-con-drenaje-y-1-moja-copas-1-32-x-15-cm-0.jpg\",\"width\":1600,\"height\":1600,\"caption\":\"Bandeja de goteo con drenaje y 1 moja copas 1 32 x 15 cm\"},{\"@type\":\"BreadcrumbList\",\"@id\":\"https:\/\/www.distribucionarc.com\/hr\/producto\/bandeja-de-goteo-con-drenaje-y-1-moja-copas-1-32-x-15-cm\/#breadcrumb\",\"itemListElement\":[{\"@type\":\"ListItem\",\"position\":1,\"name\":\"Portada\",\"item\":\"https:\/\/www.distribucionarc.com\/pl\/\"},{\"@type\":\"ListItem\",\"position\":2,\"name\":\"Produtos\",\"item\":\"https:\/\/www.distribucionarc.com\/pt\/comprar\/\"},{\"@type\":\"ListItem\",\"position\":3,\"name\":\"Bandeja de goteo con drenaje y 1 moja copas 32 x 15 cm\"}]},{\"@type\":\"WebSite\",\"@id\":\"https:\/\/distribucionarc.com\/bg\/#website\",\"url\":\"https:\/\/distribucionarc.com\/bg\/\",\"name\":\"distribuci\u00f3n ARC\",\"description\":\"Empresa especializada en la fabricaci\u00f3n y distribuci\u00f3n de maquinaria industrial, selladoras de latas, Maquinas de hacer pastillas, Maquinas de cortar carne...\",\"publisher\":{\"@id\":\"https:\/\/distribucionarc.com\/bg\/#organization\"},\"potentialAction\":[{\"@type\":\"SearchAction\",\"target\":{\"@type\":\"EntryPoint\",\"urlTemplate\":\"https:\/\/distribucionarc.com\/bg\/?s={search_term_string}\"},\"query-input\":{\"@type\":\"PropertyValueSpecification\",\"valueRequired\":true,\"valueName\":\"search_term_string\"}}],\"inLanguage\":\"lt-LT\"},{\"@type\":\"Organization\",\"@id\":\"https:\/\/distribucionarc.com\/bg\/#organization\",\"name\":\"Distribuci\u00f3n ARC\",\"url\":\"https:\/\/distribucionarc.com\/bg\/\",\"logo\":{\"@type\":\"ImageObject\",\"inLanguage\":\"lt-LT\",\"@id\":\"https:\/\/distribucionarc.com\/bg\/#\/schema\/logo\/image\/\",\"url\":\"https:\/\/distribucionarc.com\/wp-content\/uploads\/2024\/10\/distribucion-ARC-COLOR-SIN-FONDO-e1732295305345.png\",\"contentUrl\":\"https:\/\/distribucionarc.com\/wp-content\/uploads\/2024\/10\/distribucion-ARC-COLOR-SIN-FONDO-e1732295305345.png\",\"width\":1164,\"height\":558,\"caption\":\"Distribuci\u00f3n ARC\"},\"image\":{\"@id\":\"https:\/\/distribucionarc.com\/bg\/#\/schema\/logo\/image\/\"},\"description\":\"Empresa especializada en la fabricaci\u00f3n y distribuci\u00f3n de maquinaria industrial para los sectores alimentario y farmac\u00e9utico. Nos especializamos en: M\u00e1quinas de cortar carne Fabricaci\u00f3n de comprimidos Sistemas de transporte industrial L\u00edneas de embotellado Dosificadores Y mucho m\u00e1s... Ofrecemos soluciones innovadoras y personalizadas para optimizar los procesos productivos de tu empresa.\",\"email\":\"Admistracion@distribucionarc.com\",\"telephone\":\"+34 643496664\",\"legalName\":\"ARC TECH SOLUTIONS\",\"foundingDate\":\"2024-04-09\",\"vatID\":\"B55480172\",\"numberOfEmployees\":{\"@type\":\"QuantitativeValue\",\"minValue\":\"1\",\"maxValue\":\"10\"}}]}<\/script>\n<!-- \/ Yoast SEO Premium plugin. -->","yoast_head_json":{"title":"Nuvarv\u0117jimo pad\u0117klas su drena\u017eu ir 1 stikline dr\u0117kintuvu 32 x 15 cm - ARC paskirstymas","robots":{"index":"index","follow":"follow","max-snippet":"max-snippet:-1","max-image-preview":"max-image-preview:large","max-video-preview":"max-video-preview:-1"},"canonical":"https:\/\/www.distribucionarc.com\/hr\/producto\/bandeja-de-goteo-con-drenaje-y-1-moja-copas-1-32-x-15-cm\/","og_locale":"lt_LT","og_type":"article","og_title":"Bandeja de goteo con drenaje y 1 moja copas 32 x 15 cm","og_description":"Bandeja de goteo con drenaje y\u00a0 1 moja copas \u00a032 x 15 cm Esta lavadora de vidrio ARC para enjuague es una herramienta eficiente para la limpieza de todo tipo de vasos y recipientes con un di\u00e1metro inferior a 12 cm. Ofrece m\u00e1s del 80% de ahorro de agua en comparaci\u00f3n con el lavado de manos convencional. Con 5 potentes orificios de pulverizaci\u00f3n de agua, sus vasos se limpian en 3 segundos. Garant\u00eda\u00a0ARC 2 A\u00d1OS soporte t\u00e9cnico\u00a0incluido","og_url":"https:\/\/www.distribucionarc.com\/hr\/producto\/bandeja-de-goteo-con-drenaje-y-1-moja-copas-1-32-x-15-cm\/","og_site_name":"distribuci\u00f3n ARC","article_modified_time":"2020-09-30T11:59:21+00:00","og_image":[{"width":1600,"height":1600,"url":"https:\/\/www.distribucionarc.com\/wp-content\/uploads\/2020\/08\/Bandeja-de-goteo-con-drenaje-y-1-moja-copas-1-32-x-15-cm-0.jpg","type":"image\/jpeg"}],"twitter_card":"summary_large_image","twitter_misc":{"Est. reading time":"1 minut\u0117"},"schema":{"@context":"https:\/\/schema.org","@graph":[{"@type":"WebPage","@id":"https:\/\/www.distribucionarc.com\/hr\/producto\/bandeja-de-goteo-con-drenaje-y-1-moja-copas-1-32-x-15-cm\/","url":"https:\/\/www.distribucionarc.com\/hr\/producto\/bandeja-de-goteo-con-drenaje-y-1-moja-copas-1-32-x-15-cm\/","name":"Nuvarv\u0117jimo pad\u0117klas su drena\u017eu ir 1 stikline dr\u0117kintuvu 32 x 15 cm - ARC paskirstymas","isPartOf":{"@id":"https:\/\/distribucionarc.com\/bg\/#website"},"primaryImageOfPage":{"@id":"https:\/\/www.distribucionarc.com\/hr\/producto\/bandeja-de-goteo-con-drenaje-y-1-moja-copas-1-32-x-15-cm\/#primaryimage"},"image":{"@id":"https:\/\/www.distribucionarc.com\/hr\/producto\/bandeja-de-goteo-con-drenaje-y-1-moja-copas-1-32-x-15-cm\/#primaryimage"},"thumbnailUrl":"https:\/\/distribucionarc.com\/wp-content\/uploads\/2020\/08\/Bandeja-de-goteo-con-drenaje-y-1-moja-copas-1-32-x-15-cm-0.jpg","datePublished":"2020-08-14T10:40:14+00:00","dateModified":"2020-09-30T11:59:21+00:00","breadcrumb":{"@id":"https:\/\/www.distribucionarc.com\/hr\/producto\/bandeja-de-goteo-con-drenaje-y-1-moja-copas-1-32-x-15-cm\/#breadcrumb"},"inLanguage":"lt-LT","potentialAction":[{"@type":"ReadAction","target":["https:\/\/www.distribucionarc.com\/hr\/producto\/bandeja-de-goteo-con-drenaje-y-1-moja-copas-1-32-x-15-cm\/"]}]},{"@type":"ImageObject","inLanguage":"lt-LT","@id":"https:\/\/www.distribucionarc.com\/hr\/producto\/bandeja-de-goteo-con-drenaje-y-1-moja-copas-1-32-x-15-cm\/#primaryimage","url":"https:\/\/distribucionarc.com\/wp-content\/uploads\/2020\/08\/Bandeja-de-goteo-con-drenaje-y-1-moja-copas-1-32-x-15-cm-0.jpg","contentUrl":"https:\/\/distribucionarc.com\/wp-content\/uploads\/2020\/08\/Bandeja-de-goteo-con-drenaje-y-1-moja-copas-1-32-x-15-cm-0.jpg","width":1600,"height":1600,"caption":"Bandeja de goteo con drenaje y 1 moja copas 1 32 x 15 cm"},{"@type":"BreadcrumbList","@id":"https:\/\/www.distribucionarc.com\/hr\/producto\/bandeja-de-goteo-con-drenaje-y-1-moja-copas-1-32-x-15-cm\/#breadcrumb","itemListElement":[{"@type":"ListItem","position":1,"name":"Portada","item":"https:\/\/www.distribucionarc.com\/pl\/"},{"@type":"ListItem","position":2,"name":"Produtos","item":"https:\/\/www.distribucionarc.com\/pt\/comprar\/"},{"@type":"ListItem","position":3,"name":"Bandeja de goteo con drenaje y 1 moja copas 32 x 15 cm"}]},{"@type":"WebSite","@id":"https:\/\/distribucionarc.com\/bg\/#website","url":"https:\/\/distribucionarc.com\/bg\/","name":"ARC paskirstymas","description":"\u012emon\u0117 specializuojasi pramonini\u0173 ma\u0161in\u0173, skardini\u0173 sandarinimo ma\u0161in\u0173, table\u010di\u0173 gamybos ma\u0161in\u0173, m\u0117sos pjaustymo ma\u0161in\u0173 gamyboje ir platinime...","publisher":{"@id":"https:\/\/distribucionarc.com\/bg\/#organization"},"potentialAction":[{"@type":"SearchAction","target":{"@type":"EntryPoint","urlTemplate":"https:\/\/distribucionarc.com\/bg\/?s={search_term_string}"},"query-input":{"@type":"PropertyValueSpecification","valueRequired":true,"valueName":"search_term_string"}}],"inLanguage":"lt-LT"},{"@type":"Organization","@id":"https:\/\/distribucionarc.com\/bg\/#organization","name":"ARC platinimas","url":"https:\/\/distribucionarc.com\/bg\/","logo":{"@type":"ImageObject","inLanguage":"lt-LT","@id":"https:\/\/distribucionarc.com\/bg\/#\/schema\/logo\/image\/","url":"https:\/\/distribucionarc.com\/wp-content\/uploads\/2024\/10\/distribucion-ARC-COLOR-SIN-FONDO-e1732295305345.png","contentUrl":"https:\/\/distribucionarc.com\/wp-content\/uploads\/2024\/10\/distribucion-ARC-COLOR-SIN-FONDO-e1732295305345.png","width":1164,"height":558,"caption":"Distribuci\u00f3n ARC"},"image":{"@id":"https:\/\/distribucionarc.com\/bg\/#\/schema\/logo\/image\/"},"description":"\u012emon\u0117 specializuojasi maisto ir farmacijos sektoriams skirt\u0173 pramonini\u0173 ma\u0161in\u0173 gamyboje ir platinime. M\u016bs\u0173 specializacija: M\u0117sos pjaustymo ma\u0161inos Table\u010di\u0173 gamyba Pramonin\u0117s transportavimo sistemos I\u0161pilstymo linijos Dozatoriai Ir dar daugiau... Si\u016blome novatori\u0161kus ir individualiems poreikiams pritaikytus sprendimus, kad optimizuotume j\u016bs\u0173 \u012fmon\u0117s gamybos procesus.","email":"Admistracion@distribucionarc.com","telephone":"+34 643496664","legalName":"ARC TECH SOLUTIONS","foundingDate":"2024-04-09","vatID":"B55480172","numberOfEmployees":{"@type":"QuantitativeValue","minValue":"1","maxValue":"10"}}]}},"_links":{"self":[{"href":"https:\/\/distribucionarc.com\/lt\/wp-json\/wp\/v2\/product\/2304","targetHints":{"allow":["GET"]}}],"collection":[{"href":"https:\/\/distribucionarc.com\/lt\/wp-json\/wp\/v2\/product"}],"about":[{"href":"https:\/\/distribucionarc.com\/lt\/wp-json\/wp\/v2\/types\/product"}],"replies":[{"embeddable":true,"href":"https:\/\/distribucionarc.com\/lt\/wp-json\/wp\/v2\/comments?post=2304"}],"version-history":[{"count":0,"href":"https:\/\/distribucionarc.com\/lt\/wp-json\/wp\/v2\/product\/2304\/revisions"}],"wp:featuredmedia":[{"embeddable":true,"href":"https:\/\/distribucionarc.com\/lt\/wp-json\/wp\/v2\/media\/2311"}],"wp:attachment":[{"href":"https:\/\/distribucionarc.com\/lt\/wp-json\/wp\/v2\/media?parent=2304"}],"wp:term":[{"taxonomy":"product_brand","embeddable":true,"href":"https:\/\/distribucionarc.com\/lt\/wp-json\/wp\/v2\/product_brand?post=2304"},{"taxonomy":"product_cat","embeddable":true,"href":"https:\/\/distribucionarc.com\/lt\/wp-json\/wp\/v2\/product_cat?post=2304"},{"taxonomy":"product_tag","embeddable":true,"href":"https:\/\/distribucionarc.com\/lt\/wp-json\/wp\/v2\/product_tag?post=2304"}],"curies":[{"name":"wp","href":"https:\/\/api.w.org\/{rel}","templated":true}]}}