{"id":2389,"date":"2020-08-17T14:24:01","date_gmt":"2020-08-17T14:24:01","guid":{"rendered":"https:\/\/distribucionarc.com\/?post_type=product&#038;p=2389"},"modified":"2022-11-04T00:01:30","modified_gmt":"2022-11-04T00:01:30","slug":"automatinis-konteineriu-sandariklis-momentinis-svieziu-gerimu-uzkimsimo-aparatas","status":"publish","type":"product","link":"https:\/\/distribucionarc.com\/lt\/producto\/selladora-de-envases-automatica-tapadora-de-bebidas-frescas-instantanea\/","title":{"rendered":"Automatinis konteineri\u0173 sandarinimo aparatas, momentinis \u0161vie\u017ei\u0173 g\u0117rim\u0173 kam\u0161telis\u00a0"},"content":{"rendered":"<h3>Automatinis konteineri\u0173 sandarinimo aparatas, momentinis \u0161vie\u017ei\u0173 g\u0117rim\u0173 kam\u0161telis<\/h3>\n<p>Su <strong>konteinerio dangtelis <span style=\"color: #ff0000;\">KAM<\/span><span style=\"color: #0000ff;\">R<\/span>c<\/strong> J\u016bs\u0173 klientai nelauks ilgai ir gal\u0117s m\u0117gautis J\u016bs\u0173 gaminiu, rekomenduojamu nat\u016bralioms sultims, kokteiliams, kokteiliams, kavai, arbatai su perlais, g\u0117rimais su aromatizuotais perlais ir kt. Geriausia alternatyva j\u016bs\u0173 klientams atsigaivinti bet kur. Be to, kad i\u0161saugomas visas produkto skonis ir maistin\u0117s med\u017eiagos, <strong>sandariklis nuo la\u0161\u0117jimo<\/strong> u\u017etikrins prek\u0119 bet kokioje situacijoje.<\/p>\n<p>Procesas su <strong>sandariklis <span style=\"color: #ff0000;\">KAM<\/span><span style=\"color: #0000ff;\">R<\/span>CSEA9<\/strong> Jis yra visi\u0161kai automatinis ir i\u0161manus, tiesiog prid\u0117kite sandarinimo ritin\u012f, kur\u012f norite paruo\u0161ti u\u017edengimo ma\u0161inai, sureguliuokite norim\u0105 dyd\u012f ir temperat\u016br\u0105, nustatykite talpykl\u0105 ir paspauskite paleidimo mygtuk\u0105. <strong>Gali<\/strong> atvykti \u012f <strong>per valand\u0105 u\u017esandarinti 400\u2013600 konteineri\u0173<\/strong>. Tai <strong>sandarinimo ma\u0161ina<\/strong> Jis sukurtas taip, kad veikt\u0173, kai reikia, taupyt\u0173 energij\u0105, kai jo funkcija nereikalinga.<\/p>\n<p>Jis pagamintas i\u0161 ner\u016bdijan\u010dio plieno, kad b\u016bt\u0173 u\u017etikrintas ilgaam\u017ei\u0161kumas ir stabilumas, turi ventiliacijos groteles, apsaugan\u010dias nuo variklio perkaitimo, taip pat sandarinimo tarpikl\u012f. Jo <span style=\"color: #008000;\"><strong>efektyvus variklis padeda suma\u017einti energijos s\u0105naudas<\/strong><\/span>.<\/p>\n<p>&nbsp;<\/p>\n<p><iframe loading=\"lazy\" src=\"https:\/\/www.youtube.com\/embed\/K5TmxbdJghU\" width=\"560\" height=\"315\" frameborder=\"0\" allowfullscreen=\"allowfullscreen\"><\/iframe><\/p>\n<h6>Garantija<strong>\u00a0<\/strong><span style=\"color: #ff0000;\"><strong>KAM<\/strong><\/span><span style=\"color: #0000ff;\"><strong>R<\/strong><\/span><strong>C 2 METAI<\/strong><\/h6>\n<h6><span style=\"color: #008000;\">efektyviausias variklis ma\u017eos s\u0105naudos 300W<\/span><\/h6>\n<h6>\u012ftraukta technin\u0117 pagalba.<\/h6>\n<p>&nbsp;<\/p>\n<p>&nbsp;<\/p>\n<table role=\"presentation\" width=\"100%\" cellspacing=\"0\" cellpadding=\"0\">\n<tbody>\n<tr>\n<td class=\"attrLabels\">Garantija:<\/td>\n<td width=\"50.0%\">2 METAI<\/td>\n<\/tr>\n<tr>\n<td class=\"attrLabels\">Spalva:<\/td>\n<td width=\"50.0%\">Sidabras<\/td>\n<td class=\"attrLabels\">Auk\u0161tis:<\/td>\n<td width=\"50.0%\">53 cm<\/td>\n<\/tr>\n<tr>\n<td class=\"attrLabels\">Platinimo \u0161alis:<\/td>\n<td width=\"50.0%\">Ispanija, Vokietija, JAV<\/td>\n<td class=\"attrLabels\">Ilgas:<\/td>\n<td width=\"50.0%\">30 cm<\/td>\n<\/tr>\n<tr>\n<td class=\"attrLabels\">Prekinis \u017eenklas:<\/td>\n<td width=\"50.0%\">ARC<\/td>\n<td class=\"attrLabels\">Platus:<\/td>\n<td width=\"50.0%\">\u00a033 cm<\/td>\n<\/tr>\n<tr>\n<td class=\"attrLabels\">Produkto tipas:<\/td>\n<td width=\"50.0%\">Profesionalus g\u0117rim\u0173 sandariklis<\/td>\n<td class=\"attrLabels\">Galia:<\/td>\n<td width=\"50.0%\">300W<\/td>\n<\/tr>\n<tr>\n<td class=\"attrLabels\">Gamintojo numeris:<\/td>\n<td width=\"50.0%\">ARCSEA9<\/td>\n<td class=\"attrLabels\">\u012etampa:<\/td>\n<td width=\"50.0%\">220V 50Hz<\/td>\n<\/tr>\n<tr>\n<td class=\"attrLabels\">Med\u017eiaga:<\/td>\n<td width=\"50.0%\">304 ner\u016bdijantis plienas, efektyvus variklis, temperat\u016bros valdymas<\/td>\n<td class=\"attrLabels\">Puodelio skersmuo:<\/td>\n<td width=\"50.0%\">Nuo 9 cm iki 9,5 cm<\/td>\n<\/tr>\n<tr>\n<td class=\"attrLabels\">Montavimo \u012frankiai:<\/td>\n<td width=\"50.0%\">Taip<\/td>\n<td class=\"attrLabels\">Sandarinimo greitis:<\/td>\n<td width=\"50.0%\">400-600 per valand\u0105<\/td>\n<\/tr>\n<tr>\n<td class=\"attrLabels\">Svoris:<\/td>\n<td width=\"50.0%\">18 kg<\/td>\n<td class=\"attrLabels\">Temperat\u016bros diapazonai:<\/td>\n<td width=\"50.0%\">50\u00baC \u2013 250\u00baC<\/td>\n<\/tr>\n<\/tbody>\n<\/table>\n<p>&nbsp;<\/p>\n<p>&nbsp;<\/p>","protected":false},"excerpt":{"rendered":"<h2>Automatinis konteineri\u0173 sandarinimo aparatas, momentinis \u0161vie\u017ei\u0173 g\u0117rim\u0173 kam\u0161telis<\/h2>\n<p>Jei norite, kad j\u016bs\u0173 klientai i\u0161laikyt\u0173 visas savo sul\u010di\u0173, kokteili\u0173, arbatos su priedais savybes ir pan. The <strong>automatinis sandariklis <span style=\"color: #ff0000;\">KAM<\/span><span style=\"color: #0000ff;\">R<\/span>c<\/strong> Tai pad\u0117s jums d\u0117l savo grei\u010dio, sugeba u\u017edengti <strong>9 konteineriai<\/strong> tiesiog <strong>vien\u0105 minut\u0119<\/strong>. Sandarinimo procesas yra visi\u0161kai automatinis, priklauso tik nuo mygtuko, kuriuo \u012fjungiamas konteinerio dangtelis.<\/p>\n<h6>Garantija<strong>\u00a0<\/strong><span style=\"color: #ff0000;\"><strong>KAM<\/strong><\/span><span style=\"color: #0000ff;\"><strong>R<\/strong><\/span><strong>C 2 METAI<\/strong><\/h6>\n<h6><span style=\"color: #008000;\">efektyviausias variklis ma\u017eos s\u0105naudos 300W<\/span><\/h6>\n<h6>\u012ftraukta technin\u0117 pagalba.<\/h6>","protected":false},"featured_media":2395,"comment_status":"open","ping_status":"closed","template":"","meta":{"wds_primary_product_brand":0,"wds_primary_product_cat":0},"product_brand":[],"product_cat":[28],"product_tag":[],"class_list":{"0":"post-2389","1":"product","2":"type-product","3":"status-publish","4":"has-post-thumbnail","6":"product_cat-tapadoras","7":"product_shipping_class-express","9":"first","10":"instock","11":"sale","12":"taxable","13":"shipping-taxable","14":"purchasable","15":"product-type-simple"},"yoast_head":"<!-- This site is optimized with the Yoast SEO Premium plugin v24.9 (Yoast SEO v26.1) - https:\/\/yoast.com\/wordpress\/plugins\/seo\/ -->\n<title>Selladora de envases autom\u00e1tica, tapadora de bebidas frescas instant\u00e1nea\u00a0 - distribuci\u00f3n ARC<\/title>\n<meta name=\"robots\" content=\"index, follow, max-snippet:-1, max-image-preview:large, max-video-preview:-1\" \/>\n<link rel=\"canonical\" href=\"https:\/\/www.distribucionarc.com\/it\/producto\/selladora-de-envases-automatica-tapadora-de-bebidas-frescas-instantanea\/\" \/>\n<meta property=\"og:locale\" content=\"lt_LT\" \/>\n<meta property=\"og:type\" content=\"article\" \/>\n<meta property=\"og:title\" content=\"Selladora de envases autom\u00e1tica, tapadora de bebidas frescas instant\u00e1nea\u00a0\" \/>\n<meta property=\"og:description\" content=\"Selladora de envases autom\u00e1tica, tapadora de bebidas frescas instant\u00e1nea Si quiere que sus clientes conserven todas las propiedades de sus zumos, batidos, t\u00e9 con toppings, etc. La selladora autom\u00e1tica ARC le ayudar\u00e1 gracias a su velocidad,\u00a0 logra tapar 9 envases en tan solo un minuto. El proceso de sellado es completamente autom\u00e1tico solo depende de un bot\u00f3n para accionar la tapadora de envases. Garant\u00eda\u00a0ARC 2 A\u00d1OS motor m\u00e1s eficiente bajo consumo 300W soporte t\u00e9cnico\u00a0incluido.\" \/>\n<meta property=\"og:url\" content=\"https:\/\/www.distribucionarc.com\/it\/producto\/selladora-de-envases-automatica-tapadora-de-bebidas-frescas-instantanea\/\" \/>\n<meta property=\"og:site_name\" content=\"distribuci\u00f3n ARC\" \/>\n<meta property=\"article:modified_time\" content=\"2022-11-04T00:01:30+00:00\" \/>\n<meta property=\"og:image\" content=\"https:\/\/distribucionarc.com\/wp-content\/uploads\/2020\/08\/Selladora-de-envases-autom\u00e1tica-tapadora-de-bebidas-frescas-instant\u00e1nea-1.jpg\" \/>\n\t<meta property=\"og:image:width\" content=\"800\" \/>\n\t<meta property=\"og:image:height\" content=\"800\" \/>\n\t<meta property=\"og:image:type\" content=\"image\/jpeg\" \/>\n<meta name=\"twitter:card\" content=\"summary_large_image\" \/>\n<meta name=\"twitter:label1\" content=\"Est. reading time\" \/>\n\t<meta name=\"twitter:data1\" content=\"1 minut\u0117\" \/>\n<script type=\"application\/ld+json\" class=\"yoast-schema-graph\">{\"@context\":\"https:\/\/schema.org\",\"@graph\":[{\"@type\":\"WebPage\",\"@id\":\"https:\/\/www.distribucionarc.com\/it\/producto\/selladora-de-envases-automatica-tapadora-de-bebidas-frescas-instantanea\/\",\"url\":\"https:\/\/www.distribucionarc.com\/it\/producto\/selladora-de-envases-automatica-tapadora-de-bebidas-frescas-instantanea\/\",\"name\":\"Selladora de envases autom\u00e1tica, tapadora de bebidas frescas instant\u00e1nea\u00a0 - distribuci\u00f3n ARC\",\"isPartOf\":{\"@id\":\"https:\/\/www.distribucionarc.com\/sl\/#website\"},\"primaryImageOfPage\":{\"@id\":\"https:\/\/www.distribucionarc.com\/it\/producto\/selladora-de-envases-automatica-tapadora-de-bebidas-frescas-instantanea\/#primaryimage\"},\"image\":{\"@id\":\"https:\/\/www.distribucionarc.com\/it\/producto\/selladora-de-envases-automatica-tapadora-de-bebidas-frescas-instantanea\/#primaryimage\"},\"thumbnailUrl\":\"https:\/\/distribucionarc.com\/wp-content\/uploads\/2020\/08\/Selladora-de-envases-autom\u00e1tica-tapadora-de-bebidas-frescas-instant\u00e1nea-1.jpg\",\"datePublished\":\"2020-08-17T14:24:01+00:00\",\"dateModified\":\"2022-11-04T00:01:30+00:00\",\"breadcrumb\":{\"@id\":\"https:\/\/www.distribucionarc.com\/it\/producto\/selladora-de-envases-automatica-tapadora-de-bebidas-frescas-instantanea\/#breadcrumb\"},\"inLanguage\":\"lt-LT\",\"potentialAction\":[{\"@type\":\"ReadAction\",\"target\":[\"https:\/\/www.distribucionarc.com\/it\/producto\/selladora-de-envases-automatica-tapadora-de-bebidas-frescas-instantanea\/\"]}]},{\"@type\":\"ImageObject\",\"inLanguage\":\"lt-LT\",\"@id\":\"https:\/\/www.distribucionarc.com\/it\/producto\/selladora-de-envases-automatica-tapadora-de-bebidas-frescas-instantanea\/#primaryimage\",\"url\":\"https:\/\/distribucionarc.com\/wp-content\/uploads\/2020\/08\/Selladora-de-envases-autom\u00e1tica-tapadora-de-bebidas-frescas-instant\u00e1nea-1.jpg\",\"contentUrl\":\"https:\/\/distribucionarc.com\/wp-content\/uploads\/2020\/08\/Selladora-de-envases-autom\u00e1tica-tapadora-de-bebidas-frescas-instant\u00e1nea-1.jpg\",\"width\":800,\"height\":800,\"caption\":\"Selladora de envases autom\u00e1tica, tapadora de bebidas frescas instant\u00e1nea\u00a0\"},{\"@type\":\"BreadcrumbList\",\"@id\":\"https:\/\/www.distribucionarc.com\/it\/producto\/selladora-de-envases-automatica-tapadora-de-bebidas-frescas-instantanea\/#breadcrumb\",\"itemListElement\":[{\"@type\":\"ListItem\",\"position\":1,\"name\":\"Portada\",\"item\":\"https:\/\/www.distribucionarc.com\/\"},{\"@type\":\"ListItem\",\"position\":2,\"name\":\"\u00dcr\u00fcnler\",\"item\":\"https:\/\/www.distribucionarc.com\/tr\/magaza\/\"},{\"@type\":\"ListItem\",\"position\":3,\"name\":\"Selladora de envases autom\u00e1tica, tapadora de bebidas frescas instant\u00e1nea\u00a0\"}]},{\"@type\":\"WebSite\",\"@id\":\"https:\/\/www.distribucionarc.com\/sl\/#website\",\"url\":\"https:\/\/www.distribucionarc.com\/sl\/\",\"name\":\"distribuci\u00f3n ARC\",\"description\":\"Empresa especializada en la fabricaci\u00f3n y distribuci\u00f3n de maquinaria industrial, selladoras de latas, Maquinas de hacer pastillas, Maquinas de cortar carne...\",\"publisher\":{\"@id\":\"https:\/\/www.distribucionarc.com\/sl\/#organization\"},\"potentialAction\":[{\"@type\":\"SearchAction\",\"target\":{\"@type\":\"EntryPoint\",\"urlTemplate\":\"https:\/\/www.distribucionarc.com\/sl\/?s={search_term_string}\"},\"query-input\":{\"@type\":\"PropertyValueSpecification\",\"valueRequired\":true,\"valueName\":\"search_term_string\"}}],\"inLanguage\":\"lt-LT\"},{\"@type\":\"Organization\",\"@id\":\"https:\/\/www.distribucionarc.com\/sl\/#organization\",\"name\":\"Distribuci\u00f3n ARC\",\"url\":\"https:\/\/www.distribucionarc.com\/sl\/\",\"logo\":{\"@type\":\"ImageObject\",\"inLanguage\":\"lt-LT\",\"@id\":\"https:\/\/www.distribucionarc.com\/sl\/#\/schema\/logo\/image\/\",\"url\":\"https:\/\/distribucionarc.com\/wp-content\/uploads\/2024\/10\/distribucion-ARC-COLOR-SIN-FONDO-e1732295305345.png\",\"contentUrl\":\"https:\/\/distribucionarc.com\/wp-content\/uploads\/2024\/10\/distribucion-ARC-COLOR-SIN-FONDO-e1732295305345.png\",\"width\":1164,\"height\":558,\"caption\":\"Distribuci\u00f3n ARC\"},\"image\":{\"@id\":\"https:\/\/www.distribucionarc.com\/sl\/#\/schema\/logo\/image\/\"},\"description\":\"Empresa especializada en la fabricaci\u00f3n y distribuci\u00f3n de maquinaria industrial para los sectores alimentario y farmac\u00e9utico. Nos especializamos en: M\u00e1quinas de cortar carne Fabricaci\u00f3n de comprimidos Sistemas de transporte industrial L\u00edneas de embotellado Dosificadores Y mucho m\u00e1s... Ofrecemos soluciones innovadoras y personalizadas para optimizar los procesos productivos de tu empresa.\",\"email\":\"Admistracion@distribucionarc.com\",\"telephone\":\"+34 643496664\",\"legalName\":\"ARC TECH SOLUTIONS\",\"foundingDate\":\"2024-04-09\",\"vatID\":\"B55480172\",\"numberOfEmployees\":{\"@type\":\"QuantitativeValue\",\"minValue\":\"1\",\"maxValue\":\"10\"}}]}<\/script>\n<!-- \/ Yoast SEO Premium plugin. -->","yoast_head_json":{"title":"Automatinis taros sandarinimo aparatas, momentinis \u0161vie\u017ei\u0173 g\u0117rim\u0173 kam\u0161telis - ARC paskirstymas","robots":{"index":"index","follow":"follow","max-snippet":"max-snippet:-1","max-image-preview":"max-image-preview:large","max-video-preview":"max-video-preview:-1"},"canonical":"https:\/\/www.distribucionarc.com\/it\/producto\/selladora-de-envases-automatica-tapadora-de-bebidas-frescas-instantanea\/","og_locale":"lt_LT","og_type":"article","og_title":"Selladora de envases autom\u00e1tica, tapadora de bebidas frescas instant\u00e1nea\u00a0","og_description":"Selladora de envases autom\u00e1tica, tapadora de bebidas frescas instant\u00e1nea Si quiere que sus clientes conserven todas las propiedades de sus zumos, batidos, t\u00e9 con toppings, etc. La selladora autom\u00e1tica ARC le ayudar\u00e1 gracias a su velocidad,\u00a0 logra tapar 9 envases en tan solo un minuto. El proceso de sellado es completamente autom\u00e1tico solo depende de un bot\u00f3n para accionar la tapadora de envases. Garant\u00eda\u00a0ARC 2 A\u00d1OS motor m\u00e1s eficiente bajo consumo 300W soporte t\u00e9cnico\u00a0incluido.","og_url":"https:\/\/www.distribucionarc.com\/it\/producto\/selladora-de-envases-automatica-tapadora-de-bebidas-frescas-instantanea\/","og_site_name":"distribuci\u00f3n ARC","article_modified_time":"2022-11-04T00:01:30+00:00","og_image":[{"width":800,"height":800,"url":"https:\/\/distribucionarc.com\/wp-content\/uploads\/2020\/08\/Selladora-de-envases-autom\u00e1tica-tapadora-de-bebidas-frescas-instant\u00e1nea-1.jpg","type":"image\/jpeg"}],"twitter_card":"summary_large_image","twitter_misc":{"Est. reading time":"1 minut\u0117"},"schema":{"@context":"https:\/\/schema.org","@graph":[{"@type":"WebPage","@id":"https:\/\/www.distribucionarc.com\/it\/producto\/selladora-de-envases-automatica-tapadora-de-bebidas-frescas-instantanea\/","url":"https:\/\/www.distribucionarc.com\/it\/producto\/selladora-de-envases-automatica-tapadora-de-bebidas-frescas-instantanea\/","name":"Automatinis taros sandarinimo aparatas, momentinis \u0161vie\u017ei\u0173 g\u0117rim\u0173 kam\u0161telis - ARC paskirstymas","isPartOf":{"@id":"https:\/\/www.distribucionarc.com\/sl\/#website"},"primaryImageOfPage":{"@id":"https:\/\/www.distribucionarc.com\/it\/producto\/selladora-de-envases-automatica-tapadora-de-bebidas-frescas-instantanea\/#primaryimage"},"image":{"@id":"https:\/\/www.distribucionarc.com\/it\/producto\/selladora-de-envases-automatica-tapadora-de-bebidas-frescas-instantanea\/#primaryimage"},"thumbnailUrl":"https:\/\/distribucionarc.com\/wp-content\/uploads\/2020\/08\/Selladora-de-envases-autom\u00e1tica-tapadora-de-bebidas-frescas-instant\u00e1nea-1.jpg","datePublished":"2020-08-17T14:24:01+00:00","dateModified":"2022-11-04T00:01:30+00:00","breadcrumb":{"@id":"https:\/\/www.distribucionarc.com\/it\/producto\/selladora-de-envases-automatica-tapadora-de-bebidas-frescas-instantanea\/#breadcrumb"},"inLanguage":"lt-LT","potentialAction":[{"@type":"ReadAction","target":["https:\/\/www.distribucionarc.com\/it\/producto\/selladora-de-envases-automatica-tapadora-de-bebidas-frescas-instantanea\/"]}]},{"@type":"ImageObject","inLanguage":"lt-LT","@id":"https:\/\/www.distribucionarc.com\/it\/producto\/selladora-de-envases-automatica-tapadora-de-bebidas-frescas-instantanea\/#primaryimage","url":"https:\/\/distribucionarc.com\/wp-content\/uploads\/2020\/08\/Selladora-de-envases-autom\u00e1tica-tapadora-de-bebidas-frescas-instant\u00e1nea-1.jpg","contentUrl":"https:\/\/distribucionarc.com\/wp-content\/uploads\/2020\/08\/Selladora-de-envases-autom\u00e1tica-tapadora-de-bebidas-frescas-instant\u00e1nea-1.jpg","width":800,"height":800,"caption":"Selladora de envases autom\u00e1tica, tapadora de bebidas frescas instant\u00e1nea\u00a0"},{"@type":"BreadcrumbList","@id":"https:\/\/www.distribucionarc.com\/it\/producto\/selladora-de-envases-automatica-tapadora-de-bebidas-frescas-instantanea\/#breadcrumb","itemListElement":[{"@type":"ListItem","position":1,"name":"Portada","item":"https:\/\/www.distribucionarc.com\/"},{"@type":"ListItem","position":2,"name":"\u00dcr\u00fcnler","item":"https:\/\/www.distribucionarc.com\/tr\/magaza\/"},{"@type":"ListItem","position":3,"name":"Selladora de envases autom\u00e1tica, tapadora de bebidas frescas instant\u00e1nea\u00a0"}]},{"@type":"WebSite","@id":"https:\/\/www.distribucionarc.com\/sl\/#website","url":"https:\/\/www.distribucionarc.com\/sl\/","name":"ARC paskirstymas","description":"\u012emon\u0117 specializuojasi pramonini\u0173 ma\u0161in\u0173, skardini\u0173 sandarinimo ma\u0161in\u0173, table\u010di\u0173 gamybos ma\u0161in\u0173, m\u0117sos pjaustymo ma\u0161in\u0173 gamyboje ir platinime...","publisher":{"@id":"https:\/\/www.distribucionarc.com\/sl\/#organization"},"potentialAction":[{"@type":"SearchAction","target":{"@type":"EntryPoint","urlTemplate":"https:\/\/www.distribucionarc.com\/sl\/?s={search_term_string}"},"query-input":{"@type":"PropertyValueSpecification","valueRequired":true,"valueName":"search_term_string"}}],"inLanguage":"lt-LT"},{"@type":"Organization","@id":"https:\/\/www.distribucionarc.com\/sl\/#organization","name":"ARC platinimas","url":"https:\/\/www.distribucionarc.com\/sl\/","logo":{"@type":"ImageObject","inLanguage":"lt-LT","@id":"https:\/\/www.distribucionarc.com\/sl\/#\/schema\/logo\/image\/","url":"https:\/\/distribucionarc.com\/wp-content\/uploads\/2024\/10\/distribucion-ARC-COLOR-SIN-FONDO-e1732295305345.png","contentUrl":"https:\/\/distribucionarc.com\/wp-content\/uploads\/2024\/10\/distribucion-ARC-COLOR-SIN-FONDO-e1732295305345.png","width":1164,"height":558,"caption":"Distribuci\u00f3n ARC"},"image":{"@id":"https:\/\/www.distribucionarc.com\/sl\/#\/schema\/logo\/image\/"},"description":"\u012emon\u0117 specializuojasi maisto ir farmacijos sektoriams skirt\u0173 pramonini\u0173 ma\u0161in\u0173 gamyboje ir platinime. M\u016bs\u0173 specializacija: M\u0117sos pjaustymo ma\u0161inos Table\u010di\u0173 gamyba Pramonin\u0117s transportavimo sistemos I\u0161pilstymo linijos Dozatoriai Ir dar daugiau... Si\u016blome novatori\u0161kus ir individualiems poreikiams pritaikytus sprendimus, kad optimizuotume j\u016bs\u0173 \u012fmon\u0117s gamybos procesus.","email":"Admistracion@distribucionarc.com","telephone":"+34 643496664","legalName":"ARC TECH SOLUTIONS","foundingDate":"2024-04-09","vatID":"B55480172","numberOfEmployees":{"@type":"QuantitativeValue","minValue":"1","maxValue":"10"}}]}},"_links":{"self":[{"href":"https:\/\/distribucionarc.com\/lt\/wp-json\/wp\/v2\/product\/2389","targetHints":{"allow":["GET"]}}],"collection":[{"href":"https:\/\/distribucionarc.com\/lt\/wp-json\/wp\/v2\/product"}],"about":[{"href":"https:\/\/distribucionarc.com\/lt\/wp-json\/wp\/v2\/types\/product"}],"replies":[{"embeddable":true,"href":"https:\/\/distribucionarc.com\/lt\/wp-json\/wp\/v2\/comments?post=2389"}],"version-history":[{"count":0,"href":"https:\/\/distribucionarc.com\/lt\/wp-json\/wp\/v2\/product\/2389\/revisions"}],"wp:featuredmedia":[{"embeddable":true,"href":"https:\/\/distribucionarc.com\/lt\/wp-json\/wp\/v2\/media\/2395"}],"wp:attachment":[{"href":"https:\/\/distribucionarc.com\/lt\/wp-json\/wp\/v2\/media?parent=2389"}],"wp:term":[{"taxonomy":"product_brand","embeddable":true,"href":"https:\/\/distribucionarc.com\/lt\/wp-json\/wp\/v2\/product_brand?post=2389"},{"taxonomy":"product_cat","embeddable":true,"href":"https:\/\/distribucionarc.com\/lt\/wp-json\/wp\/v2\/product_cat?post=2389"},{"taxonomy":"product_tag","embeddable":true,"href":"https:\/\/distribucionarc.com\/lt\/wp-json\/wp\/v2\/product_tag?post=2389"}],"curies":[{"name":"wp","href":"https:\/\/api.w.org\/{rel}","templated":true}]}}