{"id":2427,"date":"2020-08-18T10:29:11","date_gmt":"2020-08-18T10:29:11","guid":{"rendered":"https:\/\/distribucionarc.com\/?post_type=product&#038;p=2427"},"modified":"2023-07-05T16:12:33","modified_gmt":"2023-07-05T16:12:33","slug":"automatinis-bulviu-skustuvas-15-20kg","status":"publish","type":"product","link":"https:\/\/distribucionarc.com\/lt\/producto\/pelador-automatico-de-patatas-15-20-kg\/","title":{"rendered":"Automatinis bulvi\u0173 skustuvas 15-20 kg"},"content":{"rendered":"<h3>Automatinis bulvi\u0173 skustuvas 15-20 kg<\/h3>\n<p>The<strong> dar\u017eovi\u0173 skustukas <span style=\"color: #ff0000;\">KAM<\/span><span style=\"color: #0000ff;\">R<\/span>c<\/strong> Jame naudojamas auk\u0161tos kokyb\u0117s 201 ner\u016bdijantis plienas, kuris ner\u016bdija, n\u0117ra lengvas deformuotis ir yra lengvai valomas, tod\u0117l atrodo patrauklus. \u012erengtas a <span style=\"color: #008000;\"><strong>didel\u0117s galios variklis<\/strong><\/span> 1500 W, tai yra <span style=\"color: #008000;\"><strong>stabilus ir efektyvus<\/strong><\/span>. <strong>Gali<\/strong> baigti <strong>per 20 minu\u010di\u0173 nulupkite 15-20 kg bulvi\u0173<\/strong>.<\/p>\n<p>Vidin\u0117 statin\u0117s sienel\u0117 pagaminta i\u0161 matin\u0117s med\u017eiagos. Apatinis i\u0161gaubtas dizainas gali efektyviai apversti bulves, kad bulv\u0117s nusilupt\u0173 360 laipsni\u0173 kampu.<\/p>\n<p>Pridedamas tikslus jungiklis, u\u017etikrinantis didesn\u012f saugum\u0105, patogum\u0105 ir lengv\u0105 naudojim\u0105. Skaidrus i\u0161orinis ekranas efektyviai apsaugo jungikl\u012f. Sukant vo\u017etuv\u0105 vandens sraut\u0105 galima valdyti pagal poreik\u012f.<\/p>\n<p>The <strong>lupimo ma\u0161ina <span style=\"color: #ff0000;\">KAM<\/span><span style=\"color: #0000ff;\">R<\/span>CPAP15<\/strong> \u012erengtas didelis i\u0161leidimo anga greitam nulupt\u0173 bulvi\u0173 surinkimui; didelio skersmens \u0161iuk\u0161li\u0173 i\u0161leidimo anga, skirta greitai nusausinti \u0161iuk\u0161les, taupant laik\u0105 ir pastangas; Humanizuota rankena ir ratukai patogiam jud\u0117jimui.<\/p>\n<h6><\/h6>\n<h6>Garantija<strong>\u00a0<\/strong><span style=\"color: #ff0000;\"><strong>KAM<\/strong><\/span><span style=\"color: #0000ff;\"><strong>R<\/strong><\/span><strong>C 2 METAI<\/strong><\/h6>\n<h6><span style=\"color: #008000;\">1500 W efektyviausias ma\u017e\u0173 s\u0105naud\u0173 variklis<\/span><\/h6>\n<h6>\u012ftraukta technin\u0117 pagalba<\/h6>\n<p>&nbsp;<\/p>\n<table role=\"presentation\" width=\"100%\" cellspacing=\"0\" cellpadding=\"0\">\n<tbody>\n<tr>\n<td class=\"attrLabels\">Garantija:<\/td>\n<td width=\"50.0%\">2 METAI<\/td>\n<\/tr>\n<tr>\n<td class=\"attrLabels\">Spalva:<\/td>\n<td width=\"50.0%\">Sidabras<\/td>\n<td class=\"attrLabels\">Auk\u0161tis:<\/td>\n<td width=\"50.0%\">85 cm<\/td>\n<\/tr>\n<tr>\n<td class=\"attrLabels\">Platinimo \u0161alis:<\/td>\n<td width=\"50.0%\">Ispanija, Vokietija, JAV<\/td>\n<td class=\"attrLabels\">Ilgas:<\/td>\n<td width=\"50.0%\">55 cm<\/td>\n<\/tr>\n<tr>\n<td class=\"attrLabels\">Prekinis \u017eenklas:<\/td>\n<td width=\"50.0%\">ARC<\/td>\n<td class=\"attrLabels\">Platus:<\/td>\n<td width=\"50.0%\">\u00a0 60 cm<\/td>\n<\/tr>\n<tr>\n<td class=\"attrLabels\">Produkto tipas:<\/td>\n<td width=\"50.0%\">Automatinis bulvi\u0173 skustukas<\/td>\n<td class=\"attrLabels\">Galia:<\/td>\n<td width=\"50.0%\">1500W<\/td>\n<\/tr>\n<tr>\n<td class=\"attrLabels\">Gamintojo numeris:<\/td>\n<td width=\"50.0%\">ARCPAP15<\/td>\n<td class=\"attrLabels\">\u012etampa:<\/td>\n<td width=\"50.0%\">220V 60Hz<\/td>\n<\/tr>\n<tr>\n<td class=\"attrLabels\">Med\u017eiaga:<\/td>\n<td width=\"50.0%\">201 ner\u016bdijan\u010dio plieno, efektyvus variklis<\/td>\n<td class=\"attrLabels\">Gamybos paj\u0117gumai:<\/td>\n<td width=\"50.0%\">15-20 kg<\/td>\n<\/tr>\n<tr>\n<td class=\"attrLabels\">Montavimo \u012frankiai:<\/td>\n<td width=\"50.0%\">Taip<\/td>\n<td class=\"attrLabels\">Laukimo laikas:<\/td>\n<td width=\"50.0%\">20 minu\u010di\u0173<\/td>\n<\/tr>\n<tr>\n<td class=\"attrLabels\">Svoris:<\/td>\n<td width=\"50.0%\">56 kg<\/td>\n<td class=\"attrLabels\">Veikimas:<\/td>\n<td width=\"50.0%\">elektra ir vanduo<\/td>\n<\/tr>\n<\/tbody>\n<\/table>","protected":false},"excerpt":{"rendered":"<h2>Automatinis bulvi\u0173 skustuvas 15-20 kg<\/h2>\n<p>Tai <strong>automatin\u0117 lupimo ma\u0161ina <span style=\"color: #ff0000;\">KAM<span style=\"color: #0000ff;\">R<\/span><\/span>c<\/strong> Jis gali nulupti ir plauti \u012fvairias dar\u017eoves, tokias kaip bulv\u0117s, sald\u017eiosios bulv\u0117s, imbierai, taros ir kt., nepa\u017eeid\u017eiant j\u0173 mink\u0161timo. Efektyvus pilingas pasiekiamas naudojant i\u0161centrinio sukimosi ir frikcinio pilingo technologijas, gali pasiekti<strong> Per 20 minu\u010di\u0173 nulupkite 15\u201320 kg.<\/strong> Visa ma\u0161ina pagaminta i\u0161 201 ner\u016bdijan\u010dio plieno, kad b\u016bt\u0173 lengviau valyti, su besisukan\u010diais ratukais ir rankena patogiam jud\u0117jimui.<\/p>\n<h6>Garantija<strong>\u00a0<\/strong><span style=\"color: #ff0000;\"><strong>KAM<\/strong><\/span><span style=\"color: #0000ff;\"><strong>R<\/strong><\/span><strong>C 2 METAI<\/strong><\/h6>\n<h6><span style=\"color: #008000;\">1500 W efektyviausias ma\u017e\u0173 s\u0105naud\u0173 variklis<\/span><\/h6>\n<h6>\u012ftraukta technin\u0117 pagalba<\/h6>","protected":false},"featured_media":2434,"comment_status":"open","ping_status":"closed","template":"","meta":{"wds_primary_product_brand":0,"wds_primary_product_cat":0},"product_brand":[],"product_cat":[43,61],"product_tag":[],"class_list":{"0":"post-2427","1":"product","2":"type-product","3":"status-publish","4":"has-post-thumbnail","6":"product_cat-cortadoras-de-alimentos","7":"product_cat-peladoras-de-alimentos","8":"product_shipping_class-express","10":"first","11":"instock","12":"taxable","13":"shipping-taxable","14":"purchasable","15":"product-type-simple"},"yoast_head":"<!-- This site is optimized with the Yoast SEO Premium plugin v24.9 (Yoast SEO v26.1) - https:\/\/yoast.com\/wordpress\/plugins\/seo\/ -->\n<title>Pelador autom\u00e1tico de patatas 15-20 Kg - distribuci\u00f3n ARC<\/title>\n<meta name=\"robots\" content=\"index, follow, max-snippet:-1, max-image-preview:large, max-video-preview:-1\" \/>\n<link rel=\"canonical\" href=\"https:\/\/www.distribucionarc.com\/ar\/producto\/pelador-automatico-de-patatas-15-20-kg\/\" \/>\n<meta property=\"og:locale\" content=\"lt_LT\" \/>\n<meta property=\"og:type\" content=\"article\" \/>\n<meta property=\"og:title\" content=\"Pelador autom\u00e1tico de patatas 15-20 Kg\" \/>\n<meta property=\"og:description\" content=\"Pelador autom\u00e1tico de patatas 15-20 Kg Esta m\u00e1quina peladora autom\u00e1tica ARC es capaz de pelar y lavar varios vegetales, como papas, batatas, jengibres, taros, etc., sin da\u00f1ar su pulpa. El pelado efectivo se consigue mediante tecnolog\u00edas de rotaci\u00f3n centr\u00edfuga y de pelado por fricci\u00f3n, puede llegar a pelar de 15 a 20 kg en 20 minutos. Toda la m\u00e1quina est\u00e1 fabricada en acero inoxidable 201 para una limpieza sin esfuerzo, con ruedas giratorias y mango para un c\u00f3modo desplazamiento. Garant\u00eda\u00a0ARC 2 A\u00d1OS motor m\u00e1s eficiente bajo consumo 1500W soporte t\u00e9cnico\u00a0incluido\" \/>\n<meta property=\"og:url\" content=\"https:\/\/www.distribucionarc.com\/ar\/producto\/pelador-automatico-de-patatas-15-20-kg\/\" \/>\n<meta property=\"og:site_name\" content=\"distribuci\u00f3n ARC\" \/>\n<meta property=\"article:modified_time\" content=\"2023-07-05T16:12:33+00:00\" \/>\n<meta property=\"og:image\" content=\"https:\/\/distribucionarc.com\/wp-content\/uploads\/2020\/08\/Pelador-autom\u00e1tico-de-patatas-15-20-Kg-0.jpg\" \/>\n\t<meta property=\"og:image:width\" content=\"1600\" \/>\n\t<meta property=\"og:image:height\" content=\"1600\" \/>\n\t<meta property=\"og:image:type\" content=\"image\/jpeg\" \/>\n<meta name=\"twitter:card\" content=\"summary_large_image\" \/>\n<meta name=\"twitter:label1\" content=\"Est. reading time\" \/>\n\t<meta name=\"twitter:data1\" content=\"1 minut\u0117\" \/>\n<script type=\"application\/ld+json\" class=\"yoast-schema-graph\">{\"@context\":\"https:\/\/schema.org\",\"@graph\":[{\"@type\":\"WebPage\",\"@id\":\"https:\/\/www.distribucionarc.com\/ar\/producto\/pelador-automatico-de-patatas-15-20-kg\/\",\"url\":\"https:\/\/www.distribucionarc.com\/ar\/producto\/pelador-automatico-de-patatas-15-20-kg\/\",\"name\":\"Pelador autom\u00e1tico de patatas 15-20 Kg - distribuci\u00f3n ARC\",\"isPartOf\":{\"@id\":\"https:\/\/distribucionarc.com\/ar\/#website\"},\"primaryImageOfPage\":{\"@id\":\"https:\/\/www.distribucionarc.com\/ar\/producto\/pelador-automatico-de-patatas-15-20-kg\/#primaryimage\"},\"image\":{\"@id\":\"https:\/\/www.distribucionarc.com\/ar\/producto\/pelador-automatico-de-patatas-15-20-kg\/#primaryimage\"},\"thumbnailUrl\":\"https:\/\/distribucionarc.com\/wp-content\/uploads\/2020\/08\/Pelador-autom\u00e1tico-de-patatas-15-20-Kg-0.jpg\",\"datePublished\":\"2020-08-18T10:29:11+00:00\",\"dateModified\":\"2023-07-05T16:12:33+00:00\",\"breadcrumb\":{\"@id\":\"https:\/\/www.distribucionarc.com\/ar\/producto\/pelador-automatico-de-patatas-15-20-kg\/#breadcrumb\"},\"inLanguage\":\"lt-LT\",\"potentialAction\":[{\"@type\":\"ReadAction\",\"target\":[\"https:\/\/www.distribucionarc.com\/ar\/producto\/pelador-automatico-de-patatas-15-20-kg\/\"]}]},{\"@type\":\"ImageObject\",\"inLanguage\":\"lt-LT\",\"@id\":\"https:\/\/www.distribucionarc.com\/ar\/producto\/pelador-automatico-de-patatas-15-20-kg\/#primaryimage\",\"url\":\"https:\/\/distribucionarc.com\/wp-content\/uploads\/2020\/08\/Pelador-autom\u00e1tico-de-patatas-15-20-Kg-0.jpg\",\"contentUrl\":\"https:\/\/distribucionarc.com\/wp-content\/uploads\/2020\/08\/Pelador-autom\u00e1tico-de-patatas-15-20-Kg-0.jpg\",\"width\":1600,\"height\":1600,\"caption\":\"Pelador autom\u00e1tico de patatas 15-20 Kg\"},{\"@type\":\"BreadcrumbList\",\"@id\":\"https:\/\/www.distribucionarc.com\/ar\/producto\/pelador-automatico-de-patatas-15-20-kg\/#breadcrumb\",\"itemListElement\":[{\"@type\":\"ListItem\",\"position\":1,\"name\":\"Portada\",\"item\":\"https:\/\/www.distribucionarc.com\/pt\/\"},{\"@type\":\"ListItem\",\"position\":2,\"name\":\"Produtos\",\"item\":\"https:\/\/www.distribucionarc.com\/pt\/shop\/\"},{\"@type\":\"ListItem\",\"position\":3,\"name\":\"Pelador autom\u00e1tico de patatas 15-20 Kg\"}]},{\"@type\":\"WebSite\",\"@id\":\"https:\/\/distribucionarc.com\/ar\/#website\",\"url\":\"https:\/\/distribucionarc.com\/ar\/\",\"name\":\"distribuci\u00f3n ARC\",\"description\":\"Empresa especializada en la fabricaci\u00f3n y distribuci\u00f3n de maquinaria industrial, selladoras de latas, Maquinas de hacer pastillas, Maquinas de cortar carne...\",\"publisher\":{\"@id\":\"https:\/\/distribucionarc.com\/ar\/#organization\"},\"potentialAction\":[{\"@type\":\"SearchAction\",\"target\":{\"@type\":\"EntryPoint\",\"urlTemplate\":\"https:\/\/distribucionarc.com\/ar\/?s={search_term_string}\"},\"query-input\":{\"@type\":\"PropertyValueSpecification\",\"valueRequired\":true,\"valueName\":\"search_term_string\"}}],\"inLanguage\":\"lt-LT\"},{\"@type\":\"Organization\",\"@id\":\"https:\/\/distribucionarc.com\/ar\/#organization\",\"name\":\"Distribuci\u00f3n ARC\",\"url\":\"https:\/\/distribucionarc.com\/ar\/\",\"logo\":{\"@type\":\"ImageObject\",\"inLanguage\":\"lt-LT\",\"@id\":\"https:\/\/distribucionarc.com\/ar\/#\/schema\/logo\/image\/\",\"url\":\"https:\/\/distribucionarc.com\/wp-content\/uploads\/2024\/10\/distribucion-ARC-COLOR-SIN-FONDO-e1732295305345.png\",\"contentUrl\":\"https:\/\/distribucionarc.com\/wp-content\/uploads\/2024\/10\/distribucion-ARC-COLOR-SIN-FONDO-e1732295305345.png\",\"width\":1164,\"height\":558,\"caption\":\"Distribuci\u00f3n ARC\"},\"image\":{\"@id\":\"https:\/\/distribucionarc.com\/ar\/#\/schema\/logo\/image\/\"},\"description\":\"Empresa especializada en la fabricaci\u00f3n y distribuci\u00f3n de maquinaria industrial para los sectores alimentario y farmac\u00e9utico. Nos especializamos en: M\u00e1quinas de cortar carne Fabricaci\u00f3n de comprimidos Sistemas de transporte industrial L\u00edneas de embotellado Dosificadores Y mucho m\u00e1s... Ofrecemos soluciones innovadoras y personalizadas para optimizar los procesos productivos de tu empresa.\",\"email\":\"Admistracion@distribucionarc.com\",\"telephone\":\"+34 643496664\",\"legalName\":\"ARC TECH SOLUTIONS\",\"foundingDate\":\"2024-04-09\",\"vatID\":\"B55480172\",\"numberOfEmployees\":{\"@type\":\"QuantitativeValue\",\"minValue\":\"1\",\"maxValue\":\"10\"}}]}<\/script>\n<!-- \/ Yoast SEO Premium plugin. -->","yoast_head_json":{"title":"Automatinis bulvi\u0173 skustuvas 15-20 Kg - ARC paskirstymas","robots":{"index":"index","follow":"follow","max-snippet":"max-snippet:-1","max-image-preview":"max-image-preview:large","max-video-preview":"max-video-preview:-1"},"canonical":"https:\/\/www.distribucionarc.com\/ar\/producto\/pelador-automatico-de-patatas-15-20-kg\/","og_locale":"lt_LT","og_type":"article","og_title":"Pelador autom\u00e1tico de patatas 15-20 Kg","og_description":"Pelador autom\u00e1tico de patatas 15-20 Kg Esta m\u00e1quina peladora autom\u00e1tica ARC es capaz de pelar y lavar varios vegetales, como papas, batatas, jengibres, taros, etc., sin da\u00f1ar su pulpa. El pelado efectivo se consigue mediante tecnolog\u00edas de rotaci\u00f3n centr\u00edfuga y de pelado por fricci\u00f3n, puede llegar a pelar de 15 a 20 kg en 20 minutos. Toda la m\u00e1quina est\u00e1 fabricada en acero inoxidable 201 para una limpieza sin esfuerzo, con ruedas giratorias y mango para un c\u00f3modo desplazamiento. Garant\u00eda\u00a0ARC 2 A\u00d1OS motor m\u00e1s eficiente bajo consumo 1500W soporte t\u00e9cnico\u00a0incluido","og_url":"https:\/\/www.distribucionarc.com\/ar\/producto\/pelador-automatico-de-patatas-15-20-kg\/","og_site_name":"distribuci\u00f3n ARC","article_modified_time":"2023-07-05T16:12:33+00:00","og_image":[{"width":1600,"height":1600,"url":"https:\/\/distribucionarc.com\/wp-content\/uploads\/2020\/08\/Pelador-autom\u00e1tico-de-patatas-15-20-Kg-0.jpg","type":"image\/jpeg"}],"twitter_card":"summary_large_image","twitter_misc":{"Est. reading time":"1 minut\u0117"},"schema":{"@context":"https:\/\/schema.org","@graph":[{"@type":"WebPage","@id":"https:\/\/www.distribucionarc.com\/ar\/producto\/pelador-automatico-de-patatas-15-20-kg\/","url":"https:\/\/www.distribucionarc.com\/ar\/producto\/pelador-automatico-de-patatas-15-20-kg\/","name":"Automatinis bulvi\u0173 skustuvas 15-20 Kg - ARC paskirstymas","isPartOf":{"@id":"https:\/\/distribucionarc.com\/ar\/#website"},"primaryImageOfPage":{"@id":"https:\/\/www.distribucionarc.com\/ar\/producto\/pelador-automatico-de-patatas-15-20-kg\/#primaryimage"},"image":{"@id":"https:\/\/www.distribucionarc.com\/ar\/producto\/pelador-automatico-de-patatas-15-20-kg\/#primaryimage"},"thumbnailUrl":"https:\/\/distribucionarc.com\/wp-content\/uploads\/2020\/08\/Pelador-autom\u00e1tico-de-patatas-15-20-Kg-0.jpg","datePublished":"2020-08-18T10:29:11+00:00","dateModified":"2023-07-05T16:12:33+00:00","breadcrumb":{"@id":"https:\/\/www.distribucionarc.com\/ar\/producto\/pelador-automatico-de-patatas-15-20-kg\/#breadcrumb"},"inLanguage":"lt-LT","potentialAction":[{"@type":"ReadAction","target":["https:\/\/www.distribucionarc.com\/ar\/producto\/pelador-automatico-de-patatas-15-20-kg\/"]}]},{"@type":"ImageObject","inLanguage":"lt-LT","@id":"https:\/\/www.distribucionarc.com\/ar\/producto\/pelador-automatico-de-patatas-15-20-kg\/#primaryimage","url":"https:\/\/distribucionarc.com\/wp-content\/uploads\/2020\/08\/Pelador-autom\u00e1tico-de-patatas-15-20-Kg-0.jpg","contentUrl":"https:\/\/distribucionarc.com\/wp-content\/uploads\/2020\/08\/Pelador-autom\u00e1tico-de-patatas-15-20-Kg-0.jpg","width":1600,"height":1600,"caption":"Pelador autom\u00e1tico de patatas 15-20 Kg"},{"@type":"BreadcrumbList","@id":"https:\/\/www.distribucionarc.com\/ar\/producto\/pelador-automatico-de-patatas-15-20-kg\/#breadcrumb","itemListElement":[{"@type":"ListItem","position":1,"name":"Portada","item":"https:\/\/www.distribucionarc.com\/pt\/"},{"@type":"ListItem","position":2,"name":"Produtos","item":"https:\/\/www.distribucionarc.com\/pt\/shop\/"},{"@type":"ListItem","position":3,"name":"Pelador autom\u00e1tico de patatas 15-20 Kg"}]},{"@type":"WebSite","@id":"https:\/\/distribucionarc.com\/ar\/#website","url":"https:\/\/distribucionarc.com\/ar\/","name":"ARC paskirstymas","description":"\u012emon\u0117 specializuojasi pramonini\u0173 ma\u0161in\u0173, skardini\u0173 sandarinimo ma\u0161in\u0173, table\u010di\u0173 gamybos ma\u0161in\u0173, m\u0117sos pjaustymo ma\u0161in\u0173 gamyboje ir platinime...","publisher":{"@id":"https:\/\/distribucionarc.com\/ar\/#organization"},"potentialAction":[{"@type":"SearchAction","target":{"@type":"EntryPoint","urlTemplate":"https:\/\/distribucionarc.com\/ar\/?s={search_term_string}"},"query-input":{"@type":"PropertyValueSpecification","valueRequired":true,"valueName":"search_term_string"}}],"inLanguage":"lt-LT"},{"@type":"Organization","@id":"https:\/\/distribucionarc.com\/ar\/#organization","name":"ARC platinimas","url":"https:\/\/distribucionarc.com\/ar\/","logo":{"@type":"ImageObject","inLanguage":"lt-LT","@id":"https:\/\/distribucionarc.com\/ar\/#\/schema\/logo\/image\/","url":"https:\/\/distribucionarc.com\/wp-content\/uploads\/2024\/10\/distribucion-ARC-COLOR-SIN-FONDO-e1732295305345.png","contentUrl":"https:\/\/distribucionarc.com\/wp-content\/uploads\/2024\/10\/distribucion-ARC-COLOR-SIN-FONDO-e1732295305345.png","width":1164,"height":558,"caption":"Distribuci\u00f3n ARC"},"image":{"@id":"https:\/\/distribucionarc.com\/ar\/#\/schema\/logo\/image\/"},"description":"\u012emon\u0117 specializuojasi maisto ir farmacijos sektoriams skirt\u0173 pramonini\u0173 ma\u0161in\u0173 gamyboje ir platinime. M\u016bs\u0173 specializacija: M\u0117sos pjaustymo ma\u0161inos Table\u010di\u0173 gamyba Pramonin\u0117s transportavimo sistemos I\u0161pilstymo linijos Dozatoriai Ir dar daugiau... Si\u016blome novatori\u0161kus ir individualiems poreikiams pritaikytus sprendimus, kad optimizuotume j\u016bs\u0173 \u012fmon\u0117s gamybos procesus.","email":"Admistracion@distribucionarc.com","telephone":"+34 643496664","legalName":"ARC TECH SOLUTIONS","foundingDate":"2024-04-09","vatID":"B55480172","numberOfEmployees":{"@type":"QuantitativeValue","minValue":"1","maxValue":"10"}}]}},"_links":{"self":[{"href":"https:\/\/distribucionarc.com\/lt\/wp-json\/wp\/v2\/product\/2427","targetHints":{"allow":["GET"]}}],"collection":[{"href":"https:\/\/distribucionarc.com\/lt\/wp-json\/wp\/v2\/product"}],"about":[{"href":"https:\/\/distribucionarc.com\/lt\/wp-json\/wp\/v2\/types\/product"}],"replies":[{"embeddable":true,"href":"https:\/\/distribucionarc.com\/lt\/wp-json\/wp\/v2\/comments?post=2427"}],"version-history":[{"count":0,"href":"https:\/\/distribucionarc.com\/lt\/wp-json\/wp\/v2\/product\/2427\/revisions"}],"wp:featuredmedia":[{"embeddable":true,"href":"https:\/\/distribucionarc.com\/lt\/wp-json\/wp\/v2\/media\/2434"}],"wp:attachment":[{"href":"https:\/\/distribucionarc.com\/lt\/wp-json\/wp\/v2\/media?parent=2427"}],"wp:term":[{"taxonomy":"product_brand","embeddable":true,"href":"https:\/\/distribucionarc.com\/lt\/wp-json\/wp\/v2\/product_brand?post=2427"},{"taxonomy":"product_cat","embeddable":true,"href":"https:\/\/distribucionarc.com\/lt\/wp-json\/wp\/v2\/product_cat?post=2427"},{"taxonomy":"product_tag","embeddable":true,"href":"https:\/\/distribucionarc.com\/lt\/wp-json\/wp\/v2\/product_tag?post=2427"}],"curies":[{"name":"wp","href":"https:\/\/api.w.org\/{rel}","templated":true}]}}