{"id":2440,"date":"2020-08-18T11:37:11","date_gmt":"2020-08-18T11:37:11","guid":{"rendered":"https:\/\/distribucionarc.com\/?post_type=product&#038;p=2440"},"modified":"2020-09-30T15:18:08","modified_gmt":"2020-09-30T15:18:08","slug":"automatinis-apelsinu-sulciaspaudes-aparatas","status":"publish","type":"product","link":"https:\/\/distribucionarc.com\/lt\/producto\/maquina-exprimidor-automatico-de-naranjas\/","title":{"rendered":"Automatin\u0117 apelsin\u0173 sul\u010di\u0173 spaudimo ma\u0161ina"},"content":{"rendered":"<h2>Automatin\u0117 apelsin\u0173 sul\u010di\u0173 spaudimo ma\u0161ina<\/h2>\n<p>The <strong>apelsin\u0173 sul\u010di\u0173 aparatas <span style=\"color: #ff0000;\">KAM<\/span><span style=\"color: #0000ff;\">R<\/span>c<\/strong> Jis pagamintas su tvirtu maistiniu ner\u016bdijan\u010dio plieno i\u0161oriniu apvalkalu ir ner\u016bdijan\u010dio plieno dangteliu. Nelengva subrai\u017eyti ar r\u016bdyti. Jame yra didel\u0117s talpos vaisi\u0173 laikymo krep\u0161elis, kuris pagerina darbo efektyvum\u0105. Tinka 4-8 cm skersmens apelsinams<\/p>\n<p>Sul\u010di\u0173 i\u0161eiga yra <strong>padid\u0117ja 5%, palyginti su kitomis ma\u0161inomis<\/strong> d\u0117l pjovimo ir sl\u0117gio sistemos. Gali <strong><span style=\"color: #ff9900;\">sultys iki 22-30 apelsin\u0173 per minut\u0119<\/span>.<\/strong><\/p>\n<p>Tai <strong>automatin\u0117 apelsin\u0173 sul\u010diaspaud\u0117 <span style=\"color: #ff0000;\">KAM<\/span><span style=\"color: #0000ff;\">R<\/span>CEAN22<\/strong> Atnaujinta \u012fmontuota i\u0161imamo tipo filtr\u0173 d\u0117\u017e\u0117 (galima i\u0161imti kartu su vandens d\u0117\u017ee). Be dviej\u0173 pritvirtint\u0173 \u017eieveli\u0173 surinkimo kibir\u0173, skirt\u0173 \u017eievel\u0117ms ir nuolau\u017eoms surinkti po sul\u010di\u0173 i\u0161spaudimo, sul\u010di\u0173 puodeliams laikyti naudojamas la\u0161\u0117jimo pad\u0117klas. Visus juos lengva surinkti ir i\u0161ardyti, kad b\u016bt\u0173 lengviau valyti.<\/p>\n<p>Aplink ON\/OFF jungikl\u012f yra apsauginis dangtelis, kuris u\u017etikrina, kad jis yra atsparus vandeniui ir nepraleid\u017eia nuot\u0117kio; Ma\u0161ina nustos veikti be ner\u016bdijan\u010dio plieno dang\u010dio, kad b\u016bt\u0173 u\u017etikrintas operatoriaus saugumas.<\/p>\n<h6><\/h6>\n<h6>Garantija<strong>\u00a0<\/strong><span style=\"color: #ff0000;\"><strong>KAM<\/strong><\/span><span style=\"color: #0000ff;\"><strong>R<\/strong><\/span><strong>C 2 METAI<\/strong><\/h6>\n<h6><span style=\"color: #008000;\">100 W efektyviausias ma\u017e\u0173 s\u0105naud\u0173 variklis<\/span><\/h6>\n<h6>\u012ftraukta technin\u0117 pagalba<\/h6>\n<p>&nbsp;<\/p>\n<table role=\"presentation\" width=\"100%\" cellspacing=\"0\" cellpadding=\"0\">\n<tbody>\n<tr>\n<td class=\"attrLabels\">Garantija:<\/td>\n<td width=\"50.0%\">2 METAI<\/td>\n<\/tr>\n<tr>\n<td class=\"attrLabels\">Spalva:<\/td>\n<td width=\"50.0%\">Sidabras<\/td>\n<td class=\"attrLabels\">Auk\u0161tis:<\/td>\n<td width=\"50.0%\">78,5 cm<\/td>\n<\/tr>\n<tr>\n<td class=\"attrLabels\">Platinimo \u0161alis:<\/td>\n<td width=\"50.0%\">Ispanija, Vokietija, JAV<\/td>\n<td class=\"attrLabels\">Ilgas:<\/td>\n<td width=\"50.0%\">54 cm<\/td>\n<\/tr>\n<tr>\n<td class=\"attrLabels\">Prekinis \u017eenklas:<\/td>\n<td width=\"50.0%\">ARC<\/td>\n<td class=\"attrLabels\">Platus:<\/td>\n<td width=\"50.0%\">\u00a0 34 cm<\/td>\n<\/tr>\n<tr>\n<td class=\"attrLabels\">Produkto tipas:<\/td>\n<td width=\"50.0%\">Profesionalus mai\u0161ytuvas<\/td>\n<td class=\"attrLabels\">Galia:<\/td>\n<td width=\"50.0%\">100W<\/td>\n<\/tr>\n<tr>\n<td class=\"attrLabels\">Gamintojo numeris:<\/td>\n<td width=\"50.0%\">ARCEAN22<\/td>\n<td class=\"attrLabels\">\u012etampa:<\/td>\n<td width=\"50.0%\">110V 60Hz<\/p>\n<p>220V 50Hz<\/td>\n<\/tr>\n<tr>\n<td class=\"attrLabels\">Med\u017eiaga:<\/td>\n<td width=\"50.0%\">304 ner\u016bdijan\u010dio plieno, efektyvus variklis<\/td>\n<td class=\"attrLabels\">Sul\u010di\u0173 spaudimo laikas:<\/td>\n<td width=\"50.0%\">22-30 vienet\u0173 per minut\u0119<\/td>\n<\/tr>\n<tr>\n<td class=\"attrLabels\">Montavimo \u012frankiai:<\/td>\n<td width=\"50.0%\">Taip<\/td>\n<td class=\"attrLabels\">Oran\u017einis skersmuo:<\/td>\n<td width=\"50.0%\">4-8 cm<\/td>\n<\/tr>\n<tr>\n<td class=\"attrLabels\">Svoris:<\/td>\n<td width=\"50.0%\">44,8 kg<\/td>\n<td class=\"attrLabels\">Krep\u0161elio talpa:<\/td>\n<td width=\"50.0%\">Nuo 4 iki 8 kg, priklausomai nuo dyd\u017eio<\/td>\n<\/tr>\n<\/tbody>\n<\/table>","protected":false},"excerpt":{"rendered":"<h2>Automatin\u0117 apelsin\u0173 sul\u010di\u0173 spaudimo ma\u0161ina<\/h2>\n<p>The<strong> sul\u010diaspaud\u0117s ma\u0161ina <span style=\"color: #ff0000;\">KAM<\/span><span style=\"color: #0000ff;\">R<\/span>c<\/strong> Jis yra patrauklaus dizaino ir pagamintas i\u0161 auk\u0161tos kokyb\u0117s maistinio ner\u016bdijan\u010dio plieno. Jis gali efektyviai i\u0161gauti sultis i\u0161 apelsin\u0173, citrin\u0173, laim\u0173 ir kt. Aparatas nulupa od\u0105, gamina \u0161vie\u017eias sultis ir automati\u0161kai filtruoja. Pildydami krep\u0161el\u012f gausite skani\u0173 \u0161vie\u017ei\u0173 sul\u010di\u0173 be pried\u0173 <strong>automatin\u0117 sul\u010diaspaud\u0117<\/strong> ir paspausdami prad\u017eios mygtuk\u0105.<\/p>\n<h6>Garantija<strong>\u00a0<\/strong><span style=\"color: #ff0000;\"><strong>KAM<\/strong><\/span><span style=\"color: #0000ff;\"><strong>R<\/strong><\/span><strong>C 2 METAI<\/strong><\/h6>\n<h6><span style=\"color: #008000;\">100 W efektyviausias ma\u017e\u0173 s\u0105naud\u0173 variklis<\/span><\/h6>\n<h6>\u012ftraukta technin\u0117 pagalba<\/h6>","protected":false},"featured_media":2447,"comment_status":"open","ping_status":"closed","template":"","meta":{"wds_primary_product_brand":0,"wds_primary_product_cat":0},"product_brand":[],"product_cat":[65],"product_tag":[],"class_list":{"0":"post-2440","1":"product","2":"type-product","3":"status-publish","4":"has-post-thumbnail","6":"product_cat-maquinaria-industrial-para-procesar-fruta-verdura-panales","7":"product_shipping_class-express","9":"first","10":"instock","11":"sale","12":"taxable","13":"shipping-taxable","14":"purchasable","15":"product-type-simple"},"yoast_head":"<!-- This site is optimized with the Yoast SEO Premium plugin v24.9 (Yoast SEO v26.1) - https:\/\/yoast.com\/wordpress\/plugins\/seo\/ -->\n<title>M\u00e1quina exprimidor autom\u00e1tico de naranjas - distribuci\u00f3n ARC<\/title>\n<meta name=\"robots\" content=\"index, follow, max-snippet:-1, max-image-preview:large, max-video-preview:-1\" \/>\n<link rel=\"canonical\" href=\"https:\/\/www.distribucionarc.com\/sk\/producto\/maquina-exprimidor-automatico-de-naranjas\/\" \/>\n<meta property=\"og:locale\" content=\"lt_LT\" \/>\n<meta property=\"og:type\" content=\"article\" \/>\n<meta property=\"og:title\" content=\"M\u00e1quina exprimidor autom\u00e1tico de naranjas\" \/>\n<meta property=\"og:description\" content=\"M\u00e1quina exprimidor autom\u00e1tico de naranjas La m\u00e1quina de exprimidora ARC tiene un dise\u00f1o atractivo y est\u00e1 hecha de acero inoxidable de calidad alimentaria de alta calidad. Puede extraer eficazmente el zumo de naranjas, limones, limas, etc. La m\u00e1quina pela la piel, produce zumos frescos y se filtra autom\u00e1ticamente. Obtendr\u00e1 deliciosos jugos frescos sin aditivos llenando la cesta del exprimidor autom\u00e1tico y accionando el bot\u00f3n de inicio. Garant\u00eda\u00a0ARC 2 A\u00d1OS motor m\u00e1s eficiente bajo consumo 100W soporte t\u00e9cnico\u00a0incluido\" \/>\n<meta property=\"og:url\" content=\"https:\/\/www.distribucionarc.com\/sk\/producto\/maquina-exprimidor-automatico-de-naranjas\/\" \/>\n<meta property=\"og:site_name\" content=\"distribuci\u00f3n ARC\" \/>\n<meta property=\"article:modified_time\" content=\"2020-09-30T15:18:08+00:00\" \/>\n<meta property=\"og:image\" content=\"https:\/\/distribucionarc.com\/wp-content\/uploads\/2020\/08\/M\u00e1quina-exprimidor-autom\u00e1tico-de-naranjas-0.jpg\" \/>\n\t<meta property=\"og:image:width\" content=\"1600\" \/>\n\t<meta property=\"og:image:height\" content=\"1600\" \/>\n\t<meta property=\"og:image:type\" content=\"image\/jpeg\" \/>\n<meta name=\"twitter:card\" content=\"summary_large_image\" \/>\n<meta name=\"twitter:label1\" content=\"Est. reading time\" \/>\n\t<meta name=\"twitter:data1\" content=\"1 minut\u0117\" \/>\n<script type=\"application\/ld+json\" class=\"yoast-schema-graph\">{\"@context\":\"https:\/\/schema.org\",\"@graph\":[{\"@type\":\"WebPage\",\"@id\":\"https:\/\/www.distribucionarc.com\/sk\/producto\/maquina-exprimidor-automatico-de-naranjas\/\",\"url\":\"https:\/\/www.distribucionarc.com\/sk\/producto\/maquina-exprimidor-automatico-de-naranjas\/\",\"name\":\"M\u00e1quina exprimidor autom\u00e1tico de naranjas - distribuci\u00f3n ARC\",\"isPartOf\":{\"@id\":\"https:\/\/distribucionarc.com\/pl\/#website\"},\"primaryImageOfPage\":{\"@id\":\"https:\/\/www.distribucionarc.com\/sk\/producto\/maquina-exprimidor-automatico-de-naranjas\/#primaryimage\"},\"image\":{\"@id\":\"https:\/\/www.distribucionarc.com\/sk\/producto\/maquina-exprimidor-automatico-de-naranjas\/#primaryimage\"},\"thumbnailUrl\":\"https:\/\/distribucionarc.com\/wp-content\/uploads\/2020\/08\/M\u00e1quina-exprimidor-autom\u00e1tico-de-naranjas-0.jpg\",\"datePublished\":\"2020-08-18T11:37:11+00:00\",\"dateModified\":\"2020-09-30T15:18:08+00:00\",\"breadcrumb\":{\"@id\":\"https:\/\/www.distribucionarc.com\/sk\/producto\/maquina-exprimidor-automatico-de-naranjas\/#breadcrumb\"},\"inLanguage\":\"lt-LT\",\"potentialAction\":[{\"@type\":\"ReadAction\",\"target\":[\"https:\/\/www.distribucionarc.com\/sk\/producto\/maquina-exprimidor-automatico-de-naranjas\/\"]}]},{\"@type\":\"ImageObject\",\"inLanguage\":\"lt-LT\",\"@id\":\"https:\/\/www.distribucionarc.com\/sk\/producto\/maquina-exprimidor-automatico-de-naranjas\/#primaryimage\",\"url\":\"https:\/\/distribucionarc.com\/wp-content\/uploads\/2020\/08\/M\u00e1quina-exprimidor-autom\u00e1tico-de-naranjas-0.jpg\",\"contentUrl\":\"https:\/\/distribucionarc.com\/wp-content\/uploads\/2020\/08\/M\u00e1quina-exprimidor-autom\u00e1tico-de-naranjas-0.jpg\",\"width\":1600,\"height\":1600,\"caption\":\"M\u00e1quina exprimidor autom\u00e1tico de naranjas\"},{\"@type\":\"BreadcrumbList\",\"@id\":\"https:\/\/www.distribucionarc.com\/sk\/producto\/maquina-exprimidor-automatico-de-naranjas\/#breadcrumb\",\"itemListElement\":[{\"@type\":\"ListItem\",\"position\":1,\"name\":\"Portada\",\"item\":\"https:\/\/www.distribucionarc.com\/tr\/\"},{\"@type\":\"ListItem\",\"position\":2,\"name\":\"Izdelki\",\"item\":\"https:\/\/www.distribucionarc.com\/sl\/trgovina\/\"},{\"@type\":\"ListItem\",\"position\":3,\"name\":\"M\u00e1quina exprimidor autom\u00e1tico de naranjas\"}]},{\"@type\":\"WebSite\",\"@id\":\"https:\/\/distribucionarc.com\/pl\/#website\",\"url\":\"https:\/\/distribucionarc.com\/pl\/\",\"name\":\"distribuci\u00f3n ARC\",\"description\":\"Empresa especializada en la fabricaci\u00f3n y distribuci\u00f3n de maquinaria industrial, selladoras de latas, Maquinas de hacer pastillas, Maquinas de cortar carne...\",\"publisher\":{\"@id\":\"https:\/\/distribucionarc.com\/pl\/#organization\"},\"potentialAction\":[{\"@type\":\"SearchAction\",\"target\":{\"@type\":\"EntryPoint\",\"urlTemplate\":\"https:\/\/distribucionarc.com\/pl\/?s={search_term_string}\"},\"query-input\":{\"@type\":\"PropertyValueSpecification\",\"valueRequired\":true,\"valueName\":\"search_term_string\"}}],\"inLanguage\":\"lt-LT\"},{\"@type\":\"Organization\",\"@id\":\"https:\/\/distribucionarc.com\/pl\/#organization\",\"name\":\"Distribuci\u00f3n ARC\",\"url\":\"https:\/\/distribucionarc.com\/pl\/\",\"logo\":{\"@type\":\"ImageObject\",\"inLanguage\":\"lt-LT\",\"@id\":\"https:\/\/distribucionarc.com\/pl\/#\/schema\/logo\/image\/\",\"url\":\"https:\/\/distribucionarc.com\/wp-content\/uploads\/2024\/10\/distribucion-ARC-COLOR-SIN-FONDO-e1732295305345.png\",\"contentUrl\":\"https:\/\/distribucionarc.com\/wp-content\/uploads\/2024\/10\/distribucion-ARC-COLOR-SIN-FONDO-e1732295305345.png\",\"width\":1164,\"height\":558,\"caption\":\"Distribuci\u00f3n ARC\"},\"image\":{\"@id\":\"https:\/\/distribucionarc.com\/pl\/#\/schema\/logo\/image\/\"},\"description\":\"Empresa especializada en la fabricaci\u00f3n y distribuci\u00f3n de maquinaria industrial para los sectores alimentario y farmac\u00e9utico. Nos especializamos en: M\u00e1quinas de cortar carne Fabricaci\u00f3n de comprimidos Sistemas de transporte industrial L\u00edneas de embotellado Dosificadores Y mucho m\u00e1s... Ofrecemos soluciones innovadoras y personalizadas para optimizar los procesos productivos de tu empresa.\",\"email\":\"Admistracion@distribucionarc.com\",\"telephone\":\"+34 643496664\",\"legalName\":\"ARC TECH SOLUTIONS\",\"foundingDate\":\"2024-04-09\",\"vatID\":\"B55480172\",\"numberOfEmployees\":{\"@type\":\"QuantitativeValue\",\"minValue\":\"1\",\"maxValue\":\"10\"}}]}<\/script>\n<!-- \/ Yoast SEO Premium plugin. -->","yoast_head_json":{"title":"Automatin\u0117 apelsin\u0173 sul\u010di\u0173 spaudimo ma\u0161ina \u2013 ARC paskirstymas","robots":{"index":"index","follow":"follow","max-snippet":"max-snippet:-1","max-image-preview":"max-image-preview:large","max-video-preview":"max-video-preview:-1"},"canonical":"https:\/\/www.distribucionarc.com\/sk\/producto\/maquina-exprimidor-automatico-de-naranjas\/","og_locale":"lt_LT","og_type":"article","og_title":"M\u00e1quina exprimidor autom\u00e1tico de naranjas","og_description":"M\u00e1quina exprimidor autom\u00e1tico de naranjas La m\u00e1quina de exprimidora ARC tiene un dise\u00f1o atractivo y est\u00e1 hecha de acero inoxidable de calidad alimentaria de alta calidad. Puede extraer eficazmente el zumo de naranjas, limones, limas, etc. La m\u00e1quina pela la piel, produce zumos frescos y se filtra autom\u00e1ticamente. Obtendr\u00e1 deliciosos jugos frescos sin aditivos llenando la cesta del exprimidor autom\u00e1tico y accionando el bot\u00f3n de inicio. Garant\u00eda\u00a0ARC 2 A\u00d1OS motor m\u00e1s eficiente bajo consumo 100W soporte t\u00e9cnico\u00a0incluido","og_url":"https:\/\/www.distribucionarc.com\/sk\/producto\/maquina-exprimidor-automatico-de-naranjas\/","og_site_name":"distribuci\u00f3n ARC","article_modified_time":"2020-09-30T15:18:08+00:00","og_image":[{"width":1600,"height":1600,"url":"https:\/\/distribucionarc.com\/wp-content\/uploads\/2020\/08\/M\u00e1quina-exprimidor-autom\u00e1tico-de-naranjas-0.jpg","type":"image\/jpeg"}],"twitter_card":"summary_large_image","twitter_misc":{"Est. reading time":"1 minut\u0117"},"schema":{"@context":"https:\/\/schema.org","@graph":[{"@type":"WebPage","@id":"https:\/\/www.distribucionarc.com\/sk\/producto\/maquina-exprimidor-automatico-de-naranjas\/","url":"https:\/\/www.distribucionarc.com\/sk\/producto\/maquina-exprimidor-automatico-de-naranjas\/","name":"Automatin\u0117 apelsin\u0173 sul\u010di\u0173 spaudimo ma\u0161ina \u2013 ARC paskirstymas","isPartOf":{"@id":"https:\/\/distribucionarc.com\/pl\/#website"},"primaryImageOfPage":{"@id":"https:\/\/www.distribucionarc.com\/sk\/producto\/maquina-exprimidor-automatico-de-naranjas\/#primaryimage"},"image":{"@id":"https:\/\/www.distribucionarc.com\/sk\/producto\/maquina-exprimidor-automatico-de-naranjas\/#primaryimage"},"thumbnailUrl":"https:\/\/distribucionarc.com\/wp-content\/uploads\/2020\/08\/M\u00e1quina-exprimidor-autom\u00e1tico-de-naranjas-0.jpg","datePublished":"2020-08-18T11:37:11+00:00","dateModified":"2020-09-30T15:18:08+00:00","breadcrumb":{"@id":"https:\/\/www.distribucionarc.com\/sk\/producto\/maquina-exprimidor-automatico-de-naranjas\/#breadcrumb"},"inLanguage":"lt-LT","potentialAction":[{"@type":"ReadAction","target":["https:\/\/www.distribucionarc.com\/sk\/producto\/maquina-exprimidor-automatico-de-naranjas\/"]}]},{"@type":"ImageObject","inLanguage":"lt-LT","@id":"https:\/\/www.distribucionarc.com\/sk\/producto\/maquina-exprimidor-automatico-de-naranjas\/#primaryimage","url":"https:\/\/distribucionarc.com\/wp-content\/uploads\/2020\/08\/M\u00e1quina-exprimidor-autom\u00e1tico-de-naranjas-0.jpg","contentUrl":"https:\/\/distribucionarc.com\/wp-content\/uploads\/2020\/08\/M\u00e1quina-exprimidor-autom\u00e1tico-de-naranjas-0.jpg","width":1600,"height":1600,"caption":"M\u00e1quina exprimidor autom\u00e1tico de naranjas"},{"@type":"BreadcrumbList","@id":"https:\/\/www.distribucionarc.com\/sk\/producto\/maquina-exprimidor-automatico-de-naranjas\/#breadcrumb","itemListElement":[{"@type":"ListItem","position":1,"name":"Portada","item":"https:\/\/www.distribucionarc.com\/tr\/"},{"@type":"ListItem","position":2,"name":"Izdelki","item":"https:\/\/www.distribucionarc.com\/sl\/trgovina\/"},{"@type":"ListItem","position":3,"name":"M\u00e1quina exprimidor autom\u00e1tico de naranjas"}]},{"@type":"WebSite","@id":"https:\/\/distribucionarc.com\/pl\/#website","url":"https:\/\/distribucionarc.com\/pl\/","name":"ARC paskirstymas","description":"\u012emon\u0117 specializuojasi pramonini\u0173 ma\u0161in\u0173, skardini\u0173 sandarinimo ma\u0161in\u0173, table\u010di\u0173 gamybos ma\u0161in\u0173, m\u0117sos pjaustymo ma\u0161in\u0173 gamyboje ir platinime...","publisher":{"@id":"https:\/\/distribucionarc.com\/pl\/#organization"},"potentialAction":[{"@type":"SearchAction","target":{"@type":"EntryPoint","urlTemplate":"https:\/\/distribucionarc.com\/pl\/?s={search_term_string}"},"query-input":{"@type":"PropertyValueSpecification","valueRequired":true,"valueName":"search_term_string"}}],"inLanguage":"lt-LT"},{"@type":"Organization","@id":"https:\/\/distribucionarc.com\/pl\/#organization","name":"ARC platinimas","url":"https:\/\/distribucionarc.com\/pl\/","logo":{"@type":"ImageObject","inLanguage":"lt-LT","@id":"https:\/\/distribucionarc.com\/pl\/#\/schema\/logo\/image\/","url":"https:\/\/distribucionarc.com\/wp-content\/uploads\/2024\/10\/distribucion-ARC-COLOR-SIN-FONDO-e1732295305345.png","contentUrl":"https:\/\/distribucionarc.com\/wp-content\/uploads\/2024\/10\/distribucion-ARC-COLOR-SIN-FONDO-e1732295305345.png","width":1164,"height":558,"caption":"Distribuci\u00f3n ARC"},"image":{"@id":"https:\/\/distribucionarc.com\/pl\/#\/schema\/logo\/image\/"},"description":"\u012emon\u0117 specializuojasi maisto ir farmacijos sektoriams skirt\u0173 pramonini\u0173 ma\u0161in\u0173 gamyboje ir platinime. M\u016bs\u0173 specializacija: M\u0117sos pjaustymo ma\u0161inos Table\u010di\u0173 gamyba Pramonin\u0117s transportavimo sistemos I\u0161pilstymo linijos Dozatoriai Ir dar daugiau... Si\u016blome novatori\u0161kus ir individualiems poreikiams pritaikytus sprendimus, kad optimizuotume j\u016bs\u0173 \u012fmon\u0117s gamybos procesus.","email":"Admistracion@distribucionarc.com","telephone":"+34 643496664","legalName":"ARC TECH SOLUTIONS","foundingDate":"2024-04-09","vatID":"B55480172","numberOfEmployees":{"@type":"QuantitativeValue","minValue":"1","maxValue":"10"}}]}},"_links":{"self":[{"href":"https:\/\/distribucionarc.com\/lt\/wp-json\/wp\/v2\/product\/2440","targetHints":{"allow":["GET"]}}],"collection":[{"href":"https:\/\/distribucionarc.com\/lt\/wp-json\/wp\/v2\/product"}],"about":[{"href":"https:\/\/distribucionarc.com\/lt\/wp-json\/wp\/v2\/types\/product"}],"replies":[{"embeddable":true,"href":"https:\/\/distribucionarc.com\/lt\/wp-json\/wp\/v2\/comments?post=2440"}],"version-history":[{"count":0,"href":"https:\/\/distribucionarc.com\/lt\/wp-json\/wp\/v2\/product\/2440\/revisions"}],"wp:featuredmedia":[{"embeddable":true,"href":"https:\/\/distribucionarc.com\/lt\/wp-json\/wp\/v2\/media\/2447"}],"wp:attachment":[{"href":"https:\/\/distribucionarc.com\/lt\/wp-json\/wp\/v2\/media?parent=2440"}],"wp:term":[{"taxonomy":"product_brand","embeddable":true,"href":"https:\/\/distribucionarc.com\/lt\/wp-json\/wp\/v2\/product_brand?post=2440"},{"taxonomy":"product_cat","embeddable":true,"href":"https:\/\/distribucionarc.com\/lt\/wp-json\/wp\/v2\/product_cat?post=2440"},{"taxonomy":"product_tag","embeddable":true,"href":"https:\/\/distribucionarc.com\/lt\/wp-json\/wp\/v2\/product_tag?post=2440"}],"curies":[{"name":"wp","href":"https:\/\/api.w.org\/{rel}","templated":true}]}}