{"id":2493,"date":"2020-08-19T12:13:29","date_gmt":"2020-08-19T12:13:29","guid":{"rendered":"https:\/\/distribucionarc.com\/?post_type=product&#038;p=2493"},"modified":"2020-10-01T07:59:01","modified_gmt":"2020-10-01T07:59:01","slug":"ispilstymo-dozavimo-masina-pildymo-masina-su-maisytuvu-50-ml-%f0%9f%94%9b-500-ml","status":"publish","type":"product","link":"https:\/\/distribucionarc.com\/lt\/producto\/dosificadora-embotelladora-llenadora-con-batidor-50-ml-%f0%9f%94%9b-500-ml\/","title":{"rendered":"Dozatorius, i\u0161pilstymas, u\u017epildas su \u0161luotele 50 ml? 500 ml"},"content":{"rendered":"<h3><strong>Dozatorius, i\u0161pilstymas, u\u017epildas su \u0161luotele 50 ml? 500 ml<\/strong><\/h3>\n<p>&nbsp;<\/p>\n<p>\u0160i ma\u0161ina puikiai tinka <strong>matuoti tokius produktus kaip uogien\u0117s ar pada\u017eai, kuriems reikia plakimo<\/strong> \/ mai\u0161ytuvas, kad gaminys nepertraukiamai jud\u0117t\u0173, turi varikl\u012f su reguliuojamu grei\u010diu ?\ufe0f svarbu reguliuoti greit\u012f, kad pritaikytum\u0117te savo gaminiui, \u0161i ma\u0161ina pagaminta i\u0161 316 ner\u016bdijan\u010dio plieno, naudojamos auk\u0161\u010diausios kokyb\u0117s med\u017eiagos, kad dozatorius atitinka m\u016bs\u0173 grie\u017etus kokyb\u0117s reikalavimus.<\/p>\n<p>I\u0161pilstymo aparatas suprojektuotas pagal modulius Gedimo ar gedimo atveju suteikiame Jums piln\u0105 modul\u012f pakeitimui, suteikiame technin\u0119 pagalb\u0105 ir suteikiame 2 met\u0173 garantij\u0105.<\/p>\n<p>Turi CE sertifikat\u0105<\/p>\n<p>\u0160iame vaizdo \u012fra\u0161e parodysime, kaip ma\u0161ina veikia<\/p>\n<ul>\n<li>Tvirta sukam\u0173j\u0173 vo\u017etuv\u0173 sistemos konstrukcija.<\/li>\n<li>U\u017epildymas pneumatiniu st\u016bmokliu.<\/li>\n<li>St\u016bmoklio padavimo greitis reguliuojamas.<\/li>\n<li>Reguliuojama galvut\u0117 su apsaugos nuo la\u0161\u0117jimo sistema.<\/li>\n<li>U\u017epildymo tikslumas (+\/- 1%)<\/li>\n<li>Lengva prie\u017ei\u016bra ir valymas.<\/li>\n<li>Maisto klas\u0117s ner\u016bdijantis plienas.<\/li>\n<li>Labai lengva valdyti.<\/li>\n<li>Pneumatin\u0117s dalys lengvai surenkamos ir i\u0161montuojamos.<\/li>\n<li>Automatinis ir pusiau automatinis pildymo jungiklis.<\/li>\n<li>Oro sl\u0117gio matuoklis.<\/li>\n<li>Reguliuojamas u\u017epildymo t\u016bris ir greitis.<\/li>\n<\/ul>\n<ul>\n<li>\n<ul>\n<li>Pildymo diapazonas: 50 \u2796 500 ml.<\/li>\n<li>Bunkerio talpa: 30 l.<\/li>\n<li>Greitis iki: 30 buteliuk\u0173\/min.<\/li>\n<li>U\u017epildymo galvut\u0117: vienas antgalis.<\/li>\n<li>Ma\u0161inos med\u017eiaga: 304\/316 ner\u016bdijantis plienas.<\/li>\n<li>2\ufe0f\u20e3 MET\u0172 GARANTIJA<\/li>\n<li>Technin\u0117 pagalba<\/li>\n<\/ul>\n<\/li>\n<\/ul>","protected":false},"excerpt":{"rendered":"<h2 class=\"product_title entry-title\"><strong>Dozatorius, i\u0161pilstymas, u\u017epildas su \u0161luotele 50 ml? 500 ml<\/strong><\/h2>\n<p><strong>Skys\u010dio pildymo ma\u0161ina<\/strong> labai klampus pusiau automatinis, varomas pneumatiniu st\u016bmokliu, pagamintas i\u0161 auk\u0161\u010diausios kokyb\u0117s med\u017eiag\u0173. \u012erengti penki vo\u017etuvai, kurie kontroliuoja produkt\u0173 sraut\u0105. Puikios konstrukcijos konstrukcija ir visi modeliai yra lengvai valdomi. Naudojami pneumatiniai komponentai pagaminti Vokietijoje ir Taivane. Visos naudojamos kontaktin\u0117s med\u017eiagos yra 316 ner\u016bdijantis plienas, atitinkantis GMP reikalavimus. T\u016brio kiek\u012f ir pildymo greit\u012f galima reguliuoti labai tiksliai.<\/p>","protected":false},"featured_media":2500,"comment_status":"open","ping_status":"closed","template":"","meta":{"wds_primary_product_brand":0,"wds_primary_product_cat":0},"product_brand":[],"product_cat":[18,19],"product_tag":[],"class_list":{"0":"post-2493","1":"product","2":"type-product","3":"status-publish","4":"has-post-thumbnail","6":"product_cat-dosificadoras","7":"product_cat-dosificadoras-de-liquidos","8":"product_shipping_class-express","10":"first","11":"instock","12":"sale","13":"taxable","14":"shipping-taxable","15":"purchasable","16":"product-type-simple"},"yoast_head":"<!-- This site is optimized with the Yoast SEO Premium plugin v24.9 (Yoast SEO v26.1) - https:\/\/yoast.com\/wordpress\/plugins\/seo\/ -->\n<title>Dosificadora, Embotelladora, Llenadora con Batidor 50 ml ? 500 ml - distribuci\u00f3n ARC<\/title>\n<meta name=\"robots\" content=\"index, follow, max-snippet:-1, max-image-preview:large, max-video-preview:-1\" \/>\n<link rel=\"canonical\" href=\"https:\/\/www.distribucionarc.com\/en\/producto\/dosificadora-embotelladora-llenadora-con-batidor-50-ml-\ud83d\udd1b-500-ml\/\" \/>\n<meta property=\"og:locale\" content=\"lt_LT\" \/>\n<meta property=\"og:type\" content=\"article\" \/>\n<meta property=\"og:title\" content=\"Dosificadora, Embotelladora, Llenadora con Batidor 50 ml ? 500 ml\" \/>\n<meta property=\"og:description\" content=\"Dosificadora, Embotelladora, Llenadora con Batidor 50 ml ? 500 ml M\u00e1quina para llenado de l\u00edquidos muy viscosos semiautom\u00e1tica, impulsada por un pist\u00f3n neum\u00e1tico, fabricada con materiales de primera calidad. Equipada con cinco v\u00e1lvulas que controlan el flujo de los productos. Estructura con dise\u00f1o superior y todos los modelos son f\u00e1ciles de operar. Los componentes neum\u00e1ticos utilizados son hechos en Alemania y Taiwan. Todos los materiales de contacto utilizados, son de acero inoxidable 316 de acuerdo con los requisitos de GMP. La cantidad de volumen y la velocidad de llenado pueden ser regulados con una gran precisi\u00f3n.\" \/>\n<meta property=\"og:url\" content=\"https:\/\/www.distribucionarc.com\/en\/producto\/dosificadora-embotelladora-llenadora-con-batidor-50-ml-\ud83d\udd1b-500-ml\/\" \/>\n<meta property=\"og:site_name\" content=\"distribuci\u00f3n ARC\" \/>\n<meta property=\"article:modified_time\" content=\"2020-10-01T07:59:01+00:00\" \/>\n<meta property=\"og:image\" content=\"https:\/\/www.distribucionarc.com\/wp-content\/uploads\/2020\/08\/Dosificadora-Embotelladora-Llenadora-con-Batidor-50-ml-500-ml-0.jpg\" \/>\n\t<meta property=\"og:image:width\" content=\"1600\" \/>\n\t<meta property=\"og:image:height\" content=\"1600\" \/>\n\t<meta property=\"og:image:type\" content=\"image\/jpeg\" \/>\n<meta name=\"twitter:card\" content=\"summary_large_image\" \/>\n<meta name=\"twitter:label1\" content=\"Est. reading time\" \/>\n\t<meta name=\"twitter:data1\" content=\"1 minut\u0117\" \/>\n<script type=\"application\/ld+json\" class=\"yoast-schema-graph\">{\"@context\":\"https:\/\/schema.org\",\"@graph\":[{\"@type\":\"WebPage\",\"@id\":\"https:\/\/www.distribucionarc.com\/en\/producto\/dosificadora-embotelladora-llenadora-con-batidor-50-ml-%f0%9f%94%9b-500-ml\/\",\"url\":\"https:\/\/www.distribucionarc.com\/en\/producto\/dosificadora-embotelladora-llenadora-con-batidor-50-ml-%f0%9f%94%9b-500-ml\/\",\"name\":\"Dosificadora, Embotelladora, Llenadora con Batidor 50 ml ? 500 ml - distribuci\u00f3n ARC\",\"isPartOf\":{\"@id\":\"https:\/\/www.distribucionarc.com\/sl\/#website\"},\"primaryImageOfPage\":{\"@id\":\"https:\/\/www.distribucionarc.com\/en\/producto\/dosificadora-embotelladora-llenadora-con-batidor-50-ml-%f0%9f%94%9b-500-ml\/#primaryimage\"},\"image\":{\"@id\":\"https:\/\/www.distribucionarc.com\/en\/producto\/dosificadora-embotelladora-llenadora-con-batidor-50-ml-%f0%9f%94%9b-500-ml\/#primaryimage\"},\"thumbnailUrl\":\"https:\/\/distribucionarc.com\/wp-content\/uploads\/2020\/08\/Dosificadora-Embotelladora-Llenadora-con-Batidor-50-ml-500-ml-0.jpg\",\"datePublished\":\"2020-08-19T12:13:29+00:00\",\"dateModified\":\"2020-10-01T07:59:01+00:00\",\"breadcrumb\":{\"@id\":\"https:\/\/www.distribucionarc.com\/en\/producto\/dosificadora-embotelladora-llenadora-con-batidor-50-ml-%f0%9f%94%9b-500-ml\/#breadcrumb\"},\"inLanguage\":\"lt-LT\",\"potentialAction\":[{\"@type\":\"ReadAction\",\"target\":[\"https:\/\/www.distribucionarc.com\/en\/producto\/dosificadora-embotelladora-llenadora-con-batidor-50-ml-%f0%9f%94%9b-500-ml\/\"]}]},{\"@type\":\"ImageObject\",\"inLanguage\":\"lt-LT\",\"@id\":\"https:\/\/www.distribucionarc.com\/en\/producto\/dosificadora-embotelladora-llenadora-con-batidor-50-ml-%f0%9f%94%9b-500-ml\/#primaryimage\",\"url\":\"https:\/\/distribucionarc.com\/wp-content\/uploads\/2020\/08\/Dosificadora-Embotelladora-Llenadora-con-Batidor-50-ml-500-ml-0.jpg\",\"contentUrl\":\"https:\/\/distribucionarc.com\/wp-content\/uploads\/2020\/08\/Dosificadora-Embotelladora-Llenadora-con-Batidor-50-ml-500-ml-0.jpg\",\"width\":1600,\"height\":1600,\"caption\":\"Dosificadora, Embotelladora, Llenadora con Batidor 50 ml 500 ml\"},{\"@type\":\"BreadcrumbList\",\"@id\":\"https:\/\/www.distribucionarc.com\/en\/producto\/dosificadora-embotelladora-llenadora-con-batidor-50-ml-%f0%9f%94%9b-500-ml\/#breadcrumb\",\"itemListElement\":[{\"@type\":\"ListItem\",\"position\":1,\"name\":\"Portada\",\"item\":\"https:\/\/www.distribucionarc.com\/\"},{\"@type\":\"ListItem\",\"position\":2,\"name\":\"\u00dcr\u00fcnler\",\"item\":\"https:\/\/www.distribucionarc.com\/tr\/magaza\/\"},{\"@type\":\"ListItem\",\"position\":3,\"name\":\"Dosificadora, Embotelladora, Llenadora con Batidor 50 ml ? 500 ml\"}]},{\"@type\":\"WebSite\",\"@id\":\"https:\/\/www.distribucionarc.com\/sl\/#website\",\"url\":\"https:\/\/www.distribucionarc.com\/sl\/\",\"name\":\"distribuci\u00f3n ARC\",\"description\":\"Empresa especializada en la fabricaci\u00f3n y distribuci\u00f3n de maquinaria industrial, selladoras de latas, Maquinas de hacer pastillas, Maquinas de cortar carne...\",\"publisher\":{\"@id\":\"https:\/\/www.distribucionarc.com\/sl\/#organization\"},\"potentialAction\":[{\"@type\":\"SearchAction\",\"target\":{\"@type\":\"EntryPoint\",\"urlTemplate\":\"https:\/\/www.distribucionarc.com\/sl\/?s={search_term_string}\"},\"query-input\":{\"@type\":\"PropertyValueSpecification\",\"valueRequired\":true,\"valueName\":\"search_term_string\"}}],\"inLanguage\":\"lt-LT\"},{\"@type\":\"Organization\",\"@id\":\"https:\/\/www.distribucionarc.com\/sl\/#organization\",\"name\":\"Distribuci\u00f3n ARC\",\"url\":\"https:\/\/www.distribucionarc.com\/sl\/\",\"logo\":{\"@type\":\"ImageObject\",\"inLanguage\":\"lt-LT\",\"@id\":\"https:\/\/www.distribucionarc.com\/sl\/#\/schema\/logo\/image\/\",\"url\":\"https:\/\/distribucionarc.com\/wp-content\/uploads\/2024\/10\/distribucion-ARC-COLOR-SIN-FONDO-e1732295305345.png\",\"contentUrl\":\"https:\/\/distribucionarc.com\/wp-content\/uploads\/2024\/10\/distribucion-ARC-COLOR-SIN-FONDO-e1732295305345.png\",\"width\":1164,\"height\":558,\"caption\":\"Distribuci\u00f3n ARC\"},\"image\":{\"@id\":\"https:\/\/www.distribucionarc.com\/sl\/#\/schema\/logo\/image\/\"},\"description\":\"Empresa especializada en la fabricaci\u00f3n y distribuci\u00f3n de maquinaria industrial para los sectores alimentario y farmac\u00e9utico. Nos especializamos en: M\u00e1quinas de cortar carne Fabricaci\u00f3n de comprimidos Sistemas de transporte industrial L\u00edneas de embotellado Dosificadores Y mucho m\u00e1s... Ofrecemos soluciones innovadoras y personalizadas para optimizar los procesos productivos de tu empresa.\",\"email\":\"Admistracion@distribucionarc.com\",\"telephone\":\"+34 643496664\",\"legalName\":\"ARC TECH SOLUTIONS\",\"foundingDate\":\"2024-04-09\",\"vatID\":\"B55480172\",\"numberOfEmployees\":{\"@type\":\"QuantitativeValue\",\"minValue\":\"1\",\"maxValue\":\"10\"}}]}<\/script>\n<!-- \/ Yoast SEO Premium plugin. -->","yoast_head_json":{"title":"Dozavimo, i\u0161pilstymo, pildymo ma\u0161ina su \u0161luotele 50 ml? 500 ml - ARC paskirstymas","robots":{"index":"index","follow":"follow","max-snippet":"max-snippet:-1","max-image-preview":"max-image-preview:large","max-video-preview":"max-video-preview:-1"},"canonical":"https:\/\/www.distribucionarc.com\/en\/producto\/dosificadora-embotelladora-llenadora-con-batidor-50-ml-\ud83d\udd1b-500-ml\/","og_locale":"lt_LT","og_type":"article","og_title":"Dosificadora, Embotelladora, Llenadora con Batidor 50 ml ? 500 ml","og_description":"Dosificadora, Embotelladora, Llenadora con Batidor 50 ml ? 500 ml M\u00e1quina para llenado de l\u00edquidos muy viscosos semiautom\u00e1tica, impulsada por un pist\u00f3n neum\u00e1tico, fabricada con materiales de primera calidad. Equipada con cinco v\u00e1lvulas que controlan el flujo de los productos. Estructura con dise\u00f1o superior y todos los modelos son f\u00e1ciles de operar. Los componentes neum\u00e1ticos utilizados son hechos en Alemania y Taiwan. Todos los materiales de contacto utilizados, son de acero inoxidable 316 de acuerdo con los requisitos de GMP. La cantidad de volumen y la velocidad de llenado pueden ser regulados con una gran precisi\u00f3n.","og_url":"https:\/\/www.distribucionarc.com\/en\/producto\/dosificadora-embotelladora-llenadora-con-batidor-50-ml-\ud83d\udd1b-500-ml\/","og_site_name":"distribuci\u00f3n ARC","article_modified_time":"2020-10-01T07:59:01+00:00","og_image":[{"width":1600,"height":1600,"url":"https:\/\/www.distribucionarc.com\/wp-content\/uploads\/2020\/08\/Dosificadora-Embotelladora-Llenadora-con-Batidor-50-ml-500-ml-0.jpg","type":"image\/jpeg"}],"twitter_card":"summary_large_image","twitter_misc":{"Est. reading time":"1 minut\u0117"},"schema":{"@context":"https:\/\/schema.org","@graph":[{"@type":"WebPage","@id":"https:\/\/www.distribucionarc.com\/en\/producto\/dosificadora-embotelladora-llenadora-con-batidor-50-ml-%f0%9f%94%9b-500-ml\/","url":"https:\/\/www.distribucionarc.com\/en\/producto\/dosificadora-embotelladora-llenadora-con-batidor-50-ml-%f0%9f%94%9b-500-ml\/","name":"Dozavimo, i\u0161pilstymo, pildymo ma\u0161ina su \u0161luotele 50 ml? 500 ml - ARC paskirstymas","isPartOf":{"@id":"https:\/\/www.distribucionarc.com\/sl\/#website"},"primaryImageOfPage":{"@id":"https:\/\/www.distribucionarc.com\/en\/producto\/dosificadora-embotelladora-llenadora-con-batidor-50-ml-%f0%9f%94%9b-500-ml\/#primaryimage"},"image":{"@id":"https:\/\/www.distribucionarc.com\/en\/producto\/dosificadora-embotelladora-llenadora-con-batidor-50-ml-%f0%9f%94%9b-500-ml\/#primaryimage"},"thumbnailUrl":"https:\/\/distribucionarc.com\/wp-content\/uploads\/2020\/08\/Dosificadora-Embotelladora-Llenadora-con-Batidor-50-ml-500-ml-0.jpg","datePublished":"2020-08-19T12:13:29+00:00","dateModified":"2020-10-01T07:59:01+00:00","breadcrumb":{"@id":"https:\/\/www.distribucionarc.com\/en\/producto\/dosificadora-embotelladora-llenadora-con-batidor-50-ml-%f0%9f%94%9b-500-ml\/#breadcrumb"},"inLanguage":"lt-LT","potentialAction":[{"@type":"ReadAction","target":["https:\/\/www.distribucionarc.com\/en\/producto\/dosificadora-embotelladora-llenadora-con-batidor-50-ml-%f0%9f%94%9b-500-ml\/"]}]},{"@type":"ImageObject","inLanguage":"lt-LT","@id":"https:\/\/www.distribucionarc.com\/en\/producto\/dosificadora-embotelladora-llenadora-con-batidor-50-ml-%f0%9f%94%9b-500-ml\/#primaryimage","url":"https:\/\/distribucionarc.com\/wp-content\/uploads\/2020\/08\/Dosificadora-Embotelladora-Llenadora-con-Batidor-50-ml-500-ml-0.jpg","contentUrl":"https:\/\/distribucionarc.com\/wp-content\/uploads\/2020\/08\/Dosificadora-Embotelladora-Llenadora-con-Batidor-50-ml-500-ml-0.jpg","width":1600,"height":1600,"caption":"Dosificadora, Embotelladora, Llenadora con Batidor 50 ml 500 ml"},{"@type":"BreadcrumbList","@id":"https:\/\/www.distribucionarc.com\/en\/producto\/dosificadora-embotelladora-llenadora-con-batidor-50-ml-%f0%9f%94%9b-500-ml\/#breadcrumb","itemListElement":[{"@type":"ListItem","position":1,"name":"Portada","item":"https:\/\/www.distribucionarc.com\/"},{"@type":"ListItem","position":2,"name":"\u00dcr\u00fcnler","item":"https:\/\/www.distribucionarc.com\/tr\/magaza\/"},{"@type":"ListItem","position":3,"name":"Dosificadora, Embotelladora, Llenadora con Batidor 50 ml ? 500 ml"}]},{"@type":"WebSite","@id":"https:\/\/www.distribucionarc.com\/sl\/#website","url":"https:\/\/www.distribucionarc.com\/sl\/","name":"ARC paskirstymas","description":"\u012emon\u0117 specializuojasi pramonini\u0173 ma\u0161in\u0173, skardini\u0173 sandarinimo ma\u0161in\u0173, table\u010di\u0173 gamybos ma\u0161in\u0173, m\u0117sos pjaustymo ma\u0161in\u0173 gamyboje ir platinime...","publisher":{"@id":"https:\/\/www.distribucionarc.com\/sl\/#organization"},"potentialAction":[{"@type":"SearchAction","target":{"@type":"EntryPoint","urlTemplate":"https:\/\/www.distribucionarc.com\/sl\/?s={search_term_string}"},"query-input":{"@type":"PropertyValueSpecification","valueRequired":true,"valueName":"search_term_string"}}],"inLanguage":"lt-LT"},{"@type":"Organization","@id":"https:\/\/www.distribucionarc.com\/sl\/#organization","name":"ARC platinimas","url":"https:\/\/www.distribucionarc.com\/sl\/","logo":{"@type":"ImageObject","inLanguage":"lt-LT","@id":"https:\/\/www.distribucionarc.com\/sl\/#\/schema\/logo\/image\/","url":"https:\/\/distribucionarc.com\/wp-content\/uploads\/2024\/10\/distribucion-ARC-COLOR-SIN-FONDO-e1732295305345.png","contentUrl":"https:\/\/distribucionarc.com\/wp-content\/uploads\/2024\/10\/distribucion-ARC-COLOR-SIN-FONDO-e1732295305345.png","width":1164,"height":558,"caption":"Distribuci\u00f3n ARC"},"image":{"@id":"https:\/\/www.distribucionarc.com\/sl\/#\/schema\/logo\/image\/"},"description":"\u012emon\u0117 specializuojasi maisto ir farmacijos sektoriams skirt\u0173 pramonini\u0173 ma\u0161in\u0173 gamyboje ir platinime. M\u016bs\u0173 specializacija: M\u0117sos pjaustymo ma\u0161inos Table\u010di\u0173 gamyba Pramonin\u0117s transportavimo sistemos I\u0161pilstymo linijos Dozatoriai Ir dar daugiau... Si\u016blome novatori\u0161kus ir individualiems poreikiams pritaikytus sprendimus, kad optimizuotume j\u016bs\u0173 \u012fmon\u0117s gamybos procesus.","email":"Admistracion@distribucionarc.com","telephone":"+34 643496664","legalName":"ARC TECH SOLUTIONS","foundingDate":"2024-04-09","vatID":"B55480172","numberOfEmployees":{"@type":"QuantitativeValue","minValue":"1","maxValue":"10"}}]}},"_links":{"self":[{"href":"https:\/\/distribucionarc.com\/lt\/wp-json\/wp\/v2\/product\/2493","targetHints":{"allow":["GET"]}}],"collection":[{"href":"https:\/\/distribucionarc.com\/lt\/wp-json\/wp\/v2\/product"}],"about":[{"href":"https:\/\/distribucionarc.com\/lt\/wp-json\/wp\/v2\/types\/product"}],"replies":[{"embeddable":true,"href":"https:\/\/distribucionarc.com\/lt\/wp-json\/wp\/v2\/comments?post=2493"}],"version-history":[{"count":0,"href":"https:\/\/distribucionarc.com\/lt\/wp-json\/wp\/v2\/product\/2493\/revisions"}],"wp:featuredmedia":[{"embeddable":true,"href":"https:\/\/distribucionarc.com\/lt\/wp-json\/wp\/v2\/media\/2500"}],"wp:attachment":[{"href":"https:\/\/distribucionarc.com\/lt\/wp-json\/wp\/v2\/media?parent=2493"}],"wp:term":[{"taxonomy":"product_brand","embeddable":true,"href":"https:\/\/distribucionarc.com\/lt\/wp-json\/wp\/v2\/product_brand?post=2493"},{"taxonomy":"product_cat","embeddable":true,"href":"https:\/\/distribucionarc.com\/lt\/wp-json\/wp\/v2\/product_cat?post=2493"},{"taxonomy":"product_tag","embeddable":true,"href":"https:\/\/distribucionarc.com\/lt\/wp-json\/wp\/v2\/product_tag?post=2493"}],"curies":[{"name":"wp","href":"https:\/\/api.w.org\/{rel}","templated":true}]}}