{"id":2650,"date":"2020-08-19T23:47:44","date_gmt":"2020-08-19T23:47:44","guid":{"rendered":"https:\/\/distribucionarc.com\/?post_type=product&#038;p=2650"},"modified":"2023-06-05T10:18:06","modified_gmt":"2023-06-05T10:18:06","slug":"sulciu-ir-saltu-gerimu-dozatorius-3","status":"publish","type":"product","link":"https:\/\/distribucionarc.com\/lt\/producto\/dispensador-de-zumo-y-bebidas-frias-3\/","title":{"rendered":"Sul\u010di\u0173 ir \u0161alt\u0173 g\u0117rim\u0173 dozatorius 3"},"content":{"rendered":"<h2>Sul\u010di\u0173 ir \u0161alt\u0173 g\u0117rim\u0173 dozatorius 3<\/h2>\n<p>Tai\u00a0<strong>elektrinis dozatorius<\/strong>\u00a0i\u0161\u00a0<strong><span style=\"color: #ff0000;\">KAM<\/span><span style=\"color: #0000ff;\">R<\/span>c<\/strong>\u00a0tinka abiem\u00a0<strong>\u0161alti g\u0117rimai<\/strong>\u00a0kaip\u00a0<strong>kar\u0161ta<\/strong>, pavyzd\u017eiui, sojos pienas, kokteilis, kokteilis, jogurtas, kava ir kt. The<strong>\u00a0dozavimo ma\u0161ina<\/strong>\u00a0Tinka maitinimo \u012fmon\u0117ms, restoran\u0173 tinklams, parduotuv\u0117ms, vie\u0161bu\u010diams ir kt.<\/p>\n<p>\u012emon\u0117s pagaminta be BPA, atspari sm\u016bgiams, maistui tinkama PC pakuot\u0117\u00a0<strong>sul\u010di\u0173 dozatorius<\/strong>\u00a0i\u0161\u00a0<strong><span style=\"color: #ff0000;\">KAM<\/span><span style=\"color: #0000ff;\">R<\/span>c<\/strong>\u00a0Jie skiriasi nuo trapi\u0173 ABS\/AS bak\u0173. \u0160alt\u0173 g\u0117rim\u0173 dozatoriaus korpusas pagamintas i\u0161 3 sluoksni\u0173, tod\u0117l jis tampa \u012fsp\u016bdingesnis ir suteikia didesn\u012f standum\u0105. Ner\u016bdijan\u010dio plieno garintuvas, u\u017etikrinantis puik\u0173 au\u0161inimo efekt\u0105.<\/p>\n<p><strong>G\u0117rim\u0173 dozatorius<\/strong> su 3<strong>\u00a0Kiekviena po 12l bakus<\/strong> (kompakti\u0161kas, bet galingas. Padidinti mai\u0161ytuvai leid\u017eia efektyviau mai\u0161yti 360\u00b0 kampu. Guminiai sandarikliai padeda i\u0161saugoti produkt\u0105 ir u\u017ekirsti keli\u0105 nuot\u0117kiui.<\/p>\n<p>Jis\u00a0<strong>\u0161alt\u0173 g\u0117rim\u0173 dozatorius <span style=\"color: #ff0000;\">KAM<\/span><span style=\"color: #0000ff;\">R<\/span>CDZE3<\/strong>. Jame naudojamas viso vario vamzd\u017eio au\u0161inimo kondensatorius ir didelio na\u0161umo kompresorius ir u\u017etikrina greit\u0105 au\u0161inim\u0105 bei \u0161ildym\u0105. Jis v\u0117sina 5\u201312 \u2103, sunaudodamas tik 100 W, ir \u0161ildo iki 50\u201358 \u2103, sunaudodamas 450 W, nuolat kontroliuojant temperat\u016br\u0105. Jo greitas veikimas ne tik pad\u0117s optimizuoti gamyb\u0105, bet ir<strong>\u00a0skatina ma\u017e\u0105 energijos suvartojim\u0105<\/strong>.\u00a0<strong>\u00a0G\u0117rim\u0173 dozatorius<\/strong>\u00a0Turi atskirus jungiklius, skirtus nepriklausomam mai\u0161ymo, v\u0117sinimo ir \u0161ildymo valdymui. Mai\u0161ymo jungiklis padeda i\u0161vengti nuos\u0117d\u0173 susidarymo bako apa\u010dioje.<\/p>\n<p>Jame yra nuvarv\u0117jimo pad\u0117klas, kur\u012f galima lengvai i\u0161ardyti, kad b\u016bt\u0173 lengva valyti; Specialiai suprojektuotos spyruoklin\u0117s g\u0117rim\u0173 i\u0161leidimo angos, u\u017etikrinan\u010dios be vargo naudojim\u0105; Kelios ventiliacijos angos greitam \u0161ilumos i\u0161sklaidymui.<\/p>\n<h6><strong>Garantija\u00a0<span style=\"color: #ff0000;\">KAM<\/span><span style=\"color: #0000ff;\">R<\/span>C 2 METAI<\/strong><\/h6>\n<h6><span style=\"color: #008000;\">Efektyvus sul\u010di\u0173 ir \u0161alt\u0173 g\u0117rim\u0173 dozatorius, ma\u017eas suvartojimas 400w<\/span><\/h6>\n<h6><strong>\u012ftraukta technin\u0117 pagalba.<\/strong><\/h6>\n<p>&nbsp;<\/p>\n<div class=\"woocommerce-tabs wc-tabs-wrapper\">\n<div id=\"tab-description\" class=\"woocommerce-Tabs-panel woocommerce-Tabs-panel--description panel entry-content wc-tab\" role=\"tabpanel\" aria-labelledby=\"tab-title-description\">\n<table role=\"presentation\" width=\"100%\" cellspacing=\"0\" cellpadding=\"0\">\n<tbody>\n<tr>\n<td class=\"attrLabels\">Temperat\u016bra:<\/td>\n<td width=\"50.0%\">\u0160altas: 5 \u2013 12 \u00baC kar\u0161tas: 50 \u2013 58 \u00baC<\/td>\n<\/tr>\n<tr>\n<td class=\"attrLabels\">Platinimo \u0161alis:<\/td>\n<td width=\"50.0%\">Ispanija, Vokietija, JAV<\/td>\n<td class=\"attrLabels\">Svoris:<\/td>\n<td width=\"50.0%\">33,4 kg<\/td>\n<\/tr>\n<tr>\n<td class=\"attrLabels\">Prekinis \u017eenklas:<\/td>\n<td width=\"50.0%\">ARC<\/td>\n<td class=\"attrLabels\">Auk\u0161tis:<\/td>\n<td width=\"50.0%\">65 cm<\/td>\n<\/tr>\n<tr>\n<td class=\"attrLabels\">Spalva:<\/td>\n<td width=\"50.0%\">Sidabras<\/td>\n<td class=\"attrLabels\">Ilgas:<\/td>\n<td width=\"50.0%\">39,4 cm<\/td>\n<\/tr>\n<tr>\n<td class=\"attrLabels\">Produkto tipas:<\/td>\n<td width=\"50.0%\">G\u0117rim\u0173 dozatorius<\/td>\n<td class=\"attrLabels\">Platus:<\/td>\n<td width=\"50.0%\">\u00a048,2 cm<\/td>\n<\/tr>\n<tr>\n<td class=\"attrLabels\">Gamintojo numeris:<\/td>\n<td width=\"50.0%\">ARCDZE1<\/td>\n<td class=\"attrLabels\">Galia:<\/td>\n<td width=\"50.0%\">\u0160altas: 100W<\/p>\n<p>Kar\u0161ta: 400W<\/td>\n<\/tr>\n<tr>\n<td class=\"attrLabels\">Med\u017eiaga:<\/td>\n<td width=\"50.0%\">ner\u016bdijantis plienas, temperat\u016bros kontrol\u0117, kompiuteris be BPA<\/td>\n<td class=\"attrLabels\">\u012f\u0117jimo \u012ftampa<\/td>\n<td width=\"50.0%\">220V \u2013 60Hz<\/td>\n<\/tr>\n<tr>\n<td class=\"attrLabels\">Skyriai:<\/td>\n<td width=\"50.0%\">\u00a03<\/td>\n<td class=\"attrLabels\">Kabinos dydis:<\/td>\n<td width=\"50.0%\">82 x 33 x 10 cm kiekvienam lygiui<\/td>\n<\/tr>\n<tr>\n<td class=\"attrLabels\">Montavimo \u012frankiai:<\/td>\n<td width=\"50.0%\">Taip<\/td>\n<td class=\"attrLabels\">Garantija:<\/td>\n<td width=\"50.0%\">2 METAI<\/td>\n<\/tr>\n<\/tbody>\n<\/table>\n<\/div>\n<\/div>","protected":false},"excerpt":{"rendered":"<h3>Sul\u010di\u0173 ir \u0161alt\u0173 g\u0117rim\u0173 dozatorius<\/h3>\n<p>Jis\u00a0<strong>Kar\u0161t\u0173 ir \u0161alt\u0173 g\u0117rim\u0173 dozatoriai<\/strong>\u00a0i\u0161\u00a0<strong><span style=\"color: #ff0000;\">KAM<\/span><span style=\"color: #0000ff;\">R<\/span>c<\/strong>, kurio talpa <strong>36L<\/strong>\u00a0\u012f\u00a0<strong>\u0161alt\u0173 g\u0117rim\u0173 pardavimo automatas<\/strong>\u00a0Jame yra dvigubas bakas po 12 l\u00a0<strong>ARCDZE3<\/strong>\u00a0Jis sukuria puik\u0173 na\u0161um\u0105, eleganti\u0161k\u0105 i\u0161vaizd\u0105 ir labai paprast\u0105 naudoti. Padidintas \u010diaupas vaisi\u0173 pluo\u0161tams ir aromatizuotiems gr\u016bdams. Pasir\u016bpinkite savo klientais \u0161iuo\u00a0<strong>eleganti\u0161kas g\u0117rim\u0173 dozatorius<\/strong>\u00a0D\u0117l auk\u0161\u010diausios klas\u0117s apdailos ir naudojimo paprastumo jis yra nepakei\u010diamas gaminys. PC bakas be BPA, auk\u0161\u010diausios klas\u0117s ner\u016bdijan\u010dio plieno ma\u0161inos korpusas ir nuda\u017eytas tvarsliava sudaro atspar\u0173 dilimui ir lengvai valom\u0105 sveikatos apsaug\u0105. Asistentas, turintis pakankamai paj\u0117gum\u0173 patenkinti kasdienius poreikius.\u00a0<strong>Dozatorius\u00a0<span style=\"color: #ff0000;\">KAM<\/span><span style=\"color: #0000ff;\">R<\/span>c<\/strong>\u00a0auk\u0161tos kokyb\u0117s.<\/p>\n<h6><\/h6>\n<h6><strong>Garantija\u00a0<span style=\"color: #ff0000;\">KAM<\/span><span style=\"color: #0000ff;\">R<\/span>C 2 METAI<\/strong><\/h6>\n<h6><span style=\"color: #008000;\">Efektyvus sul\u010di\u0173 ir \u0161alt\u0173 g\u0117rim\u0173 dozatorius, ma\u017eas suvartojimas 400w<\/span><\/h6>\n<h6><strong>\u012ftraukta technin\u0117 pagalba.<\/strong><\/h6>","protected":false},"featured_media":6017,"comment_status":"open","ping_status":"closed","template":"","meta":{"wds_primary_product_brand":0,"wds_primary_product_cat":0},"product_brand":[],"product_cat":[57],"product_tag":[],"class_list":{"0":"post-2650","1":"product","2":"type-product","3":"status-publish","4":"has-post-thumbnail","6":"product_cat-dosificadores-dispensadores","7":"product_shipping_class-hosteleria","9":"first","10":"instock","11":"taxable","12":"shipping-taxable","13":"purchasable","14":"product-type-simple"},"yoast_head":"<!-- This site is optimized with the Yoast SEO Premium plugin v24.9 (Yoast SEO v26.1) - https:\/\/yoast.com\/wordpress\/plugins\/seo\/ -->\n<title>Dispensador de zumo y bebidas fr\u00edas 3 - distribuci\u00f3n ARC<\/title>\n<meta name=\"robots\" content=\"index, follow, max-snippet:-1, max-image-preview:large, max-video-preview:-1\" \/>\n<link rel=\"canonical\" href=\"https:\/\/distribucionarc.com\/lt\/produktas\/sulciu-ir-saltu-gerimu-dozatorius-3\/\" \/>\n<meta property=\"og:locale\" content=\"lt_LT\" \/>\n<meta property=\"og:type\" content=\"article\" \/>\n<meta property=\"og:title\" content=\"Dispensador de zumo y bebidas fr\u00edas 3\" \/>\n<meta property=\"og:description\" content=\"Dispensador de zumo y bebidas fr\u00edas El\u00a0Dispensadores para bebidas fr\u00edas y calientes\u00a0de\u00a0ARC, con una capacidad de 36\u00a0L\u00a0la\u00a0m\u00e1quina expendedora de bebidas fr\u00edas\u00a0cuenta con doble tanque de 12L cada uno , la\u00a0ARCDZE3\u00a0genera un excelente rendimiento, de aspecto elegante y muy f\u00e1cil de usar. Grifo agrandado para fibras de frutas y granos saborizados. Cuide a sus clientes con este\u00a0elegante Dispensador para bebidas\u00a0sus acabados de primera\u00a0 y facilidad de uso lo convierten en un producto indispensable. El tanque de PC sin BPA, el cuerpo de la m\u00e1quina de acero inoxidable de primera clase y el ap\u00f3sito pintado hacia atr\u00e1s forman un protector de salud resistente al desgaste y sencillo de limpiar. Un ayudante con capacidad suficiente para cubrir las necesidades diarias.\u00a0Dispensador\u00a0ARC\u00a0de alta calidad.  Garant\u00eda\u00a0ARC 2 A\u00d1OS Dispensador zumos y bebidas fr\u00edas eficiente, bajo consumo 400w soporte t\u00e9cnico incluido.\" \/>\n<meta property=\"og:url\" content=\"https:\/\/distribucionarc.com\/lt\/produktas\/sulciu-ir-saltu-gerimu-dozatorius-3\/\" \/>\n<meta property=\"og:site_name\" content=\"distribuci\u00f3n ARC\" \/>\n<meta property=\"article:modified_time\" content=\"2023-06-05T10:18:06+00:00\" \/>\n<meta property=\"og:image\" content=\"https:\/\/distribucionarc.com\/wp-content\/uploads\/2020\/08\/Dispensador-de-zumo-y-bebidas-frias-3.jpg\" \/>\n\t<meta property=\"og:image:width\" content=\"1600\" \/>\n\t<meta property=\"og:image:height\" content=\"1600\" \/>\n\t<meta property=\"og:image:type\" content=\"image\/jpeg\" \/>\n<meta name=\"twitter:card\" content=\"summary_large_image\" \/>\n<meta name=\"twitter:label1\" content=\"Est. reading time\" \/>\n\t<meta name=\"twitter:data1\" content=\"2 minut\u0117s\" \/>\n<script type=\"application\/ld+json\" class=\"yoast-schema-graph\">{\"@context\":\"https:\/\/schema.org\",\"@graph\":[{\"@type\":\"WebPage\",\"@id\":\"https:\/\/distribucionarc.com\/de\/producto\/dispensador-de-zumo-y-bebidas-frias-3\/\",\"url\":\"https:\/\/distribucionarc.com\/de\/producto\/dispensador-de-zumo-y-bebidas-frias-3\/\",\"name\":\"Dispensador de zumo y bebidas fr\u00edas 3 - distribuci\u00f3n ARC\",\"isPartOf\":{\"@id\":\"https:\/\/distribucionarc.com\/de\/#website\"},\"primaryImageOfPage\":{\"@id\":\"https:\/\/distribucionarc.com\/de\/producto\/dispensador-de-zumo-y-bebidas-frias-3\/#primaryimage\"},\"image\":{\"@id\":\"https:\/\/distribucionarc.com\/de\/producto\/dispensador-de-zumo-y-bebidas-frias-3\/#primaryimage\"},\"thumbnailUrl\":\"https:\/\/distribucionarc.com\/wp-content\/uploads\/2020\/08\/Dispensador-de-zumo-y-bebidas-frias-3.jpg\",\"datePublished\":\"2020-08-19T23:47:44+00:00\",\"dateModified\":\"2023-06-05T10:18:06+00:00\",\"breadcrumb\":{\"@id\":\"https:\/\/distribucionarc.com\/de\/producto\/dispensador-de-zumo-y-bebidas-frias-3\/#breadcrumb\"},\"inLanguage\":\"lt-LT\",\"potentialAction\":[{\"@type\":\"ReadAction\",\"target\":[\"https:\/\/distribucionarc.com\/de\/producto\/dispensador-de-zumo-y-bebidas-frias-3\/\"]}]},{\"@type\":\"ImageObject\",\"inLanguage\":\"lt-LT\",\"@id\":\"https:\/\/distribucionarc.com\/de\/producto\/dispensador-de-zumo-y-bebidas-frias-3\/#primaryimage\",\"url\":\"https:\/\/distribucionarc.com\/wp-content\/uploads\/2020\/08\/Dispensador-de-zumo-y-bebidas-frias-3.jpg\",\"contentUrl\":\"https:\/\/distribucionarc.com\/wp-content\/uploads\/2020\/08\/Dispensador-de-zumo-y-bebidas-frias-3.jpg\",\"width\":1600,\"height\":1600},{\"@type\":\"BreadcrumbList\",\"@id\":\"https:\/\/distribucionarc.com\/de\/producto\/dispensador-de-zumo-y-bebidas-frias-3\/#breadcrumb\",\"itemListElement\":[{\"@type\":\"ListItem\",\"position\":1,\"name\":\"Portada\",\"item\":\"https:\/\/distribucionarc.com\/pl\/\"},{\"@type\":\"ListItem\",\"position\":2,\"name\":\"Produkty\",\"item\":\"https:\/\/distribucionarc.com\/pl\/shop\/\"},{\"@type\":\"ListItem\",\"position\":3,\"name\":\"Dispensador de zumo y bebidas fr\u00edas 3\"}]},{\"@type\":\"WebSite\",\"@id\":\"https:\/\/distribucionarc.com\/de\/#website\",\"url\":\"https:\/\/distribucionarc.com\/de\/\",\"name\":\"distribuci\u00f3n ARC\",\"description\":\"Empresa especializada en la fabricaci\u00f3n y distribuci\u00f3n de maquinaria industrial, selladoras de latas, Maquinas de hacer pastillas, Maquinas de cortar carne...\",\"publisher\":{\"@id\":\"https:\/\/distribucionarc.com\/de\/#organization\"},\"potentialAction\":[{\"@type\":\"SearchAction\",\"target\":{\"@type\":\"EntryPoint\",\"urlTemplate\":\"https:\/\/distribucionarc.com\/de\/?s={search_term_string}\"},\"query-input\":{\"@type\":\"PropertyValueSpecification\",\"valueRequired\":true,\"valueName\":\"search_term_string\"}}],\"inLanguage\":\"lt-LT\"},{\"@type\":\"Organization\",\"@id\":\"https:\/\/distribucionarc.com\/de\/#organization\",\"name\":\"Distribuci\u00f3n ARC\",\"url\":\"https:\/\/distribucionarc.com\/de\/\",\"logo\":{\"@type\":\"ImageObject\",\"inLanguage\":\"lt-LT\",\"@id\":\"https:\/\/distribucionarc.com\/de\/#\/schema\/logo\/image\/\",\"url\":\"https:\/\/distribucionarc.com\/wp-content\/uploads\/2024\/10\/distribucion-ARC-COLOR-SIN-FONDO-e1732295305345.png\",\"contentUrl\":\"https:\/\/distribucionarc.com\/wp-content\/uploads\/2024\/10\/distribucion-ARC-COLOR-SIN-FONDO-e1732295305345.png\",\"width\":1164,\"height\":558,\"caption\":\"Distribuci\u00f3n ARC\"},\"image\":{\"@id\":\"https:\/\/distribucionarc.com\/de\/#\/schema\/logo\/image\/\"},\"description\":\"Empresa especializada en la fabricaci\u00f3n y distribuci\u00f3n de maquinaria industrial para los sectores alimentario y farmac\u00e9utico. Nos especializamos en: M\u00e1quinas de cortar carne Fabricaci\u00f3n de comprimidos Sistemas de transporte industrial L\u00edneas de embotellado Dosificadores Y mucho m\u00e1s... Ofrecemos soluciones innovadoras y personalizadas para optimizar los procesos productivos de tu empresa.\",\"email\":\"Admistracion@distribucionarc.com\",\"telephone\":\"+34 643496664\",\"legalName\":\"ARC TECH SOLUTIONS\",\"foundingDate\":\"2024-04-09\",\"vatID\":\"B55480172\",\"numberOfEmployees\":{\"@type\":\"QuantitativeValue\",\"minValue\":\"1\",\"maxValue\":\"10\"}}]}<\/script>\n<!-- \/ Yoast SEO Premium plugin. -->","yoast_head_json":{"title":"Sul\u010di\u0173 ir \u0161alt\u0173 g\u0117rim\u0173 dozatorius 3 - ARC paskirstymas","robots":{"index":"index","follow":"follow","max-snippet":"max-snippet:-1","max-image-preview":"max-image-preview:large","max-video-preview":"max-video-preview:-1"},"canonical":"https:\/\/distribucionarc.com\/lt\/produktas\/sulciu-ir-saltu-gerimu-dozatorius-3\/","og_locale":"lt_LT","og_type":"article","og_title":"Dispensador de zumo y bebidas fr\u00edas 3","og_description":"Dispensador de zumo y bebidas fr\u00edas El\u00a0Dispensadores para bebidas fr\u00edas y calientes\u00a0de\u00a0ARC, con una capacidad de 36\u00a0L\u00a0la\u00a0m\u00e1quina expendedora de bebidas fr\u00edas\u00a0cuenta con doble tanque de 12L cada uno , la\u00a0ARCDZE3\u00a0genera un excelente rendimiento, de aspecto elegante y muy f\u00e1cil de usar. Grifo agrandado para fibras de frutas y granos saborizados. Cuide a sus clientes con este\u00a0elegante Dispensador para bebidas\u00a0sus acabados de primera\u00a0 y facilidad de uso lo convierten en un producto indispensable. El tanque de PC sin BPA, el cuerpo de la m\u00e1quina de acero inoxidable de primera clase y el ap\u00f3sito pintado hacia atr\u00e1s forman un protector de salud resistente al desgaste y sencillo de limpiar. Un ayudante con capacidad suficiente para cubrir las necesidades diarias.\u00a0Dispensador\u00a0ARC\u00a0de alta calidad.  Garant\u00eda\u00a0ARC 2 A\u00d1OS Dispensador zumos y bebidas fr\u00edas eficiente, bajo consumo 400w soporte t\u00e9cnico incluido.","og_url":"https:\/\/distribucionarc.com\/lt\/produktas\/sulciu-ir-saltu-gerimu-dozatorius-3\/","og_site_name":"distribuci\u00f3n ARC","article_modified_time":"2023-06-05T10:18:06+00:00","og_image":[{"width":1600,"height":1600,"url":"https:\/\/distribucionarc.com\/wp-content\/uploads\/2020\/08\/Dispensador-de-zumo-y-bebidas-frias-3.jpg","type":"image\/jpeg"}],"twitter_card":"summary_large_image","twitter_misc":{"Est. reading time":"2 minut\u0117s"},"schema":{"@context":"https:\/\/schema.org","@graph":[{"@type":"WebPage","@id":"https:\/\/distribucionarc.com\/de\/producto\/dispensador-de-zumo-y-bebidas-frias-3\/","url":"https:\/\/distribucionarc.com\/de\/producto\/dispensador-de-zumo-y-bebidas-frias-3\/","name":"Sul\u010di\u0173 ir \u0161alt\u0173 g\u0117rim\u0173 dozatorius 3 - ARC paskirstymas","isPartOf":{"@id":"https:\/\/distribucionarc.com\/de\/#website"},"primaryImageOfPage":{"@id":"https:\/\/distribucionarc.com\/de\/producto\/dispensador-de-zumo-y-bebidas-frias-3\/#primaryimage"},"image":{"@id":"https:\/\/distribucionarc.com\/de\/producto\/dispensador-de-zumo-y-bebidas-frias-3\/#primaryimage"},"thumbnailUrl":"https:\/\/distribucionarc.com\/wp-content\/uploads\/2020\/08\/Dispensador-de-zumo-y-bebidas-frias-3.jpg","datePublished":"2020-08-19T23:47:44+00:00","dateModified":"2023-06-05T10:18:06+00:00","breadcrumb":{"@id":"https:\/\/distribucionarc.com\/de\/producto\/dispensador-de-zumo-y-bebidas-frias-3\/#breadcrumb"},"inLanguage":"lt-LT","potentialAction":[{"@type":"ReadAction","target":["https:\/\/distribucionarc.com\/de\/producto\/dispensador-de-zumo-y-bebidas-frias-3\/"]}]},{"@type":"ImageObject","inLanguage":"lt-LT","@id":"https:\/\/distribucionarc.com\/de\/producto\/dispensador-de-zumo-y-bebidas-frias-3\/#primaryimage","url":"https:\/\/distribucionarc.com\/wp-content\/uploads\/2020\/08\/Dispensador-de-zumo-y-bebidas-frias-3.jpg","contentUrl":"https:\/\/distribucionarc.com\/wp-content\/uploads\/2020\/08\/Dispensador-de-zumo-y-bebidas-frias-3.jpg","width":1600,"height":1600},{"@type":"BreadcrumbList","@id":"https:\/\/distribucionarc.com\/de\/producto\/dispensador-de-zumo-y-bebidas-frias-3\/#breadcrumb","itemListElement":[{"@type":"ListItem","position":1,"name":"Portada","item":"https:\/\/distribucionarc.com\/pl\/"},{"@type":"ListItem","position":2,"name":"Produkty","item":"https:\/\/distribucionarc.com\/pl\/shop\/"},{"@type":"ListItem","position":3,"name":"Dispensador de zumo y bebidas fr\u00edas 3"}]},{"@type":"WebSite","@id":"https:\/\/distribucionarc.com\/de\/#website","url":"https:\/\/distribucionarc.com\/de\/","name":"ARC paskirstymas","description":"\u012emon\u0117 specializuojasi pramonini\u0173 ma\u0161in\u0173, skardini\u0173 sandarinimo ma\u0161in\u0173, table\u010di\u0173 gamybos ma\u0161in\u0173, m\u0117sos pjaustymo ma\u0161in\u0173 gamyboje ir platinime...","publisher":{"@id":"https:\/\/distribucionarc.com\/de\/#organization"},"potentialAction":[{"@type":"SearchAction","target":{"@type":"EntryPoint","urlTemplate":"https:\/\/distribucionarc.com\/de\/?s={search_term_string}"},"query-input":{"@type":"PropertyValueSpecification","valueRequired":true,"valueName":"search_term_string"}}],"inLanguage":"lt-LT"},{"@type":"Organization","@id":"https:\/\/distribucionarc.com\/de\/#organization","name":"ARC platinimas","url":"https:\/\/distribucionarc.com\/de\/","logo":{"@type":"ImageObject","inLanguage":"lt-LT","@id":"https:\/\/distribucionarc.com\/de\/#\/schema\/logo\/image\/","url":"https:\/\/distribucionarc.com\/wp-content\/uploads\/2024\/10\/distribucion-ARC-COLOR-SIN-FONDO-e1732295305345.png","contentUrl":"https:\/\/distribucionarc.com\/wp-content\/uploads\/2024\/10\/distribucion-ARC-COLOR-SIN-FONDO-e1732295305345.png","width":1164,"height":558,"caption":"Distribuci\u00f3n ARC"},"image":{"@id":"https:\/\/distribucionarc.com\/de\/#\/schema\/logo\/image\/"},"description":"\u012emon\u0117 specializuojasi maisto ir farmacijos sektoriams skirt\u0173 pramonini\u0173 ma\u0161in\u0173 gamyboje ir platinime. M\u016bs\u0173 specializacija: M\u0117sos pjaustymo ma\u0161inos Table\u010di\u0173 gamyba Pramonin\u0117s transportavimo sistemos I\u0161pilstymo linijos Dozatoriai Ir dar daugiau... Si\u016blome novatori\u0161kus ir individualiems poreikiams pritaikytus sprendimus, kad optimizuotume j\u016bs\u0173 \u012fmon\u0117s gamybos procesus.","email":"Admistracion@distribucionarc.com","telephone":"+34 643496664","legalName":"ARC TECH SOLUTIONS","foundingDate":"2024-04-09","vatID":"B55480172","numberOfEmployees":{"@type":"QuantitativeValue","minValue":"1","maxValue":"10"}}]}},"_links":{"self":[{"href":"https:\/\/distribucionarc.com\/lt\/wp-json\/wp\/v2\/product\/2650","targetHints":{"allow":["GET"]}}],"collection":[{"href":"https:\/\/distribucionarc.com\/lt\/wp-json\/wp\/v2\/product"}],"about":[{"href":"https:\/\/distribucionarc.com\/lt\/wp-json\/wp\/v2\/types\/product"}],"replies":[{"embeddable":true,"href":"https:\/\/distribucionarc.com\/lt\/wp-json\/wp\/v2\/comments?post=2650"}],"version-history":[{"count":0,"href":"https:\/\/distribucionarc.com\/lt\/wp-json\/wp\/v2\/product\/2650\/revisions"}],"wp:featuredmedia":[{"embeddable":true,"href":"https:\/\/distribucionarc.com\/lt\/wp-json\/wp\/v2\/media\/6017"}],"wp:attachment":[{"href":"https:\/\/distribucionarc.com\/lt\/wp-json\/wp\/v2\/media?parent=2650"}],"wp:term":[{"taxonomy":"product_brand","embeddable":true,"href":"https:\/\/distribucionarc.com\/lt\/wp-json\/wp\/v2\/product_brand?post=2650"},{"taxonomy":"product_cat","embeddable":true,"href":"https:\/\/distribucionarc.com\/lt\/wp-json\/wp\/v2\/product_cat?post=2650"},{"taxonomy":"product_tag","embeddable":true,"href":"https:\/\/distribucionarc.com\/lt\/wp-json\/wp\/v2\/product_tag?post=2650"}],"curies":[{"name":"wp","href":"https:\/\/api.w.org\/{rel}","templated":true}]}}