{"id":2785,"date":"2020-08-24T08:34:12","date_gmt":"2020-08-24T08:34:12","guid":{"rendered":"https:\/\/distribucionarc.com\/?post_type=product&#038;p=2785"},"modified":"2023-02-14T11:16:29","modified_gmt":"2023-02-14T11:16:29","slug":"lazerinis-graviravimo-aparatas-co2-pjaustytuvas-pjovimo-irankis-30-x-20-cm","status":"publish","type":"product","link":"https:\/\/distribucionarc.com\/lt\/producto\/maquina-de-grabado-laser-cortador-co2-%e2%80%8bherramienta-de-corte-30-x-20-cm\/","title":{"rendered":"Lazerinio graviravimo stakl\u0117s CO2 pjovimo pjovimo \u012frankis 30 x 50 cm"},"content":{"rendered":"<h3>Lazerinio graviravimo stakl\u0117s CO2 pjovimo pjovimo \u012frankis 30 x 50 cm<\/h3>\n<p>Didelio tikslumo lazerio galvut\u0117\u00a0<strong>\u017eym\u0117jimo ma\u0161ina<span style=\"color: #ff0000;\">\u00a0KAM<\/span><span style=\"color: #0000ff;\">R<\/span>c<\/strong>, pasi\u017eyminti auk\u0161ta kokybe, patikimu veikimu ir ilgaam\u017ei\u0161kumu, pagerina graviravimo tikslum\u0105 ir na\u0161um\u0105. Priimkite i\u0161pl\u0117stin\u012f<strong>\u00a0CO2 lazerio vamzdis<\/strong>\u00a0Tre\u010dios kartos su didele galia ir grei\u010diu. \u0160io lazerio vamzd\u017eio tarnavimo laikas yra iki 1000-1300 valand\u0173.<\/p>\n<p>Jame yra i\u0161manusis skydelis, prieinamas keliomis kalbomis su maitinimo indikacija valdymo plok\u0161t\u0117je, kad b\u016bt\u0173 galima intuityviau ir patogiau valdyti graviravim\u0105. Komplekte yra vamzd\u017ei\u0173 i\u0161traukiklis, oro i\u0161leidimo anga ir ventiliatorius, kurie efektyviai suma\u017eina vis\u0173 elektronini\u0173 komponent\u0173 temperat\u016br\u0105 ir taip prailgina j\u0173 tarnavimo laik\u0105. <strong>Kompiuterizuota graviravimo ma\u0161ina<\/strong> Tinka \u012fvairioms med\u017eiagoms, tokioms kaip mediena, bambukai, nefritas, marmuras, organinis stiklas, kri\u0161tolas, plastikas, drabu\u017eiai, popierius, oda, guma, keramika, stiklas, prek\u0117s \u017eenklai ir kitos nemetalin\u0117s med\u017eiagos<\/p>\n<p>Jame yra USB prievadas, skirtas patogiam prijungimui prie kompiuterio ar ne\u0161iojamojo kompiuterio, kad b\u016bt\u0173 galima geriau ir tiksliau valdyti graviravim\u0105. Be to,\u00a0<strong>lazerinis graviruotojas<span style=\"color: #ff0000;\"> KAM<\/span><span style=\"color: #0000ff;\">R<\/span>CGLCO100<\/strong>\u00a0yra \u012frengtas a\u00a0<strong>\u017eingsninis variklis<\/strong>\u00a0Didelis tikslumas, efektyvus ir stabilus, tod\u0117l galima gauti tikslesn\u012f graviravim\u0105.<\/p>\n<h6><strong>Garantija\u00a0<span style=\"color: #ff0000;\">KAM<\/span><span style=\"color: #0000ff;\">R<\/span>C 2 METAI<\/strong><\/h6>\n<h6><span style=\"color: #008000;\">Efektyvus lazerinis graviruotojas, suvartojimas \u2264 280W<\/span><\/h6>\n<h6><strong>\u012ftraukta technin\u0117 pagalba<\/strong><\/h6>\n<p>&nbsp;<\/p>\n<hr \/>\n<h6>TECHNIN\u0116S SPECIFIKACIJOS<\/h6>\n<h6><\/h6>\n<h6>\u25cfLazerio galia: 50W<br \/>\n\u25cfLazerio tipas: CO2 dujos (CO2 lazerio vamzdis)<br \/>\n\u25cfMaitinimas: 220V 50HZ<br \/>\n\u25cfDarbo stalas: (korinis) platforminis auk\u0161tyn ir \u017eemyn stalas<br \/>\n\u25cfAuk\u0161tis auk\u0161tyn ir \u017eemyn (platforma): 0-15cm<br \/>\n\u25cf Auk\u0161tyn ir \u017eemyn metodas (platforma): automatinis<br \/>\n\u25cfGraviruotojo pavir\u0161ius: 300mmx500mm (20\u2033*12\u2033)<br \/>\n\u25cfPjovimo pavir\u0161ius: 300mmx500mm (20\u2033*12\u2033)<br \/>\n\u25cfMaksimalus. Dro\u017eybos greitis: 0-6000 (mm\/min)<br \/>\n\u25cfMaksimalus. Pjovimo greitis: 0-3600 (mm\/min)<br \/>\n\u25cfVietos tikslumas: &lt;0,001mm<br \/>\n\u25cfSkyrios koeficientas: 0,001 (0,026 mm)\/(1000 dPI)<br \/>\n\u25cfMin. Simboli\u0173 dydis: Simbolis: 2x2mm, Raid\u0117: 1x1mm<br \/>\n\u25cfTikslumas: 0,00125mm<br \/>\n\u25cfPjovimo storis: 0-15mm (priklauso nuo skirting\u0173 med\u017eiag\u0173)<br \/>\n\u25cfVeikimas: raudonos \u0161viesos pad\u0117ties nustatymas, lazerio ta\u0161ko pozicionavimas<br \/>\n\u25cfValdymo konfig\u016bracija: DSP perdavimo s\u0105saja<br \/>\n\u25cfDuomen\u0173 perdavimo s\u0105saja: USB<br \/>\n\u25cfSistemos aplinka: windows xp win7\/8<br \/>\n\u25cfPalaikomas grafinis formatas: failai, kuriuos gali atpa\u017einti CorelDraw, Photoshop, AutoCAD (BMP, GIF, JPEG, PCX, TGA, TIFF, PLT, CDR, DMG, DXF, PAT, CDT, CLK, DEX, CSL, CMX, AI, WPG , WMF, EMF, CGM, SVG, SVGZ, PCT, FMV, GEM, CMX)<br \/>\n\u25cfProgramin\u0117 \u012franga apima: corelLASER<br \/>\n\u25cfSuderinama programin\u0117 \u012franga: CADlaser,LaserDRW,CorelLASER,Photoshop ects (\u012f paket\u0105 ne\u012feina)<br \/>\n\u25cfSpalv\u0173 atskyrimas: Ne<br \/>\n\u25cfPasvir\u0119s graviravimas: Nr<br \/>\n\u25cfAu\u0161inimo b\u016bdas: Vandens au\u0161inimas<br \/>\n\u25cfVandens temperat\u016bra: 5\u2103-35\u2103<br \/>\n\u25cfApsauga nuo vandens tiekimo nutraukimo: komplekte<br \/>\n\u25cfMa\u0161inos matmenys: 91x64x42cm \/ 36\u2033*25\u2033*16,5\u2033<br \/>\n\u25cfNeto svoris: 40kg<br \/>\n\u25cfTaikoma med\u017eiaga: mediena, bambuko lapeliai, nefritas, marmuras, organinis stiklas, kri\u0161tolas, plastikas, drabu\u017eiai, popierius, oda, guma, keramika, stiklas, prek\u0117s \u017eenklai ir kitos nemetalin\u0117s med\u017eiagos<br \/>\n\u25cfLazerinis vamzdelis (gyvenimo valandos): 1000-1300 valand\u0173<br \/>\n\u25cfPad\u0117ties nustatymas i\u0161 naujo: \u22640,0004 colio (0,01 mm)<br \/>\n\u25cfVariklio tipas: \u017eingsninis variklis<br \/>\n\u25cfEnergijos s\u0105naudos: \u2264250W<br \/>\n\u25cfDarbo temperat\u016bra: 0-40\u00b0C<br \/>\n\u25cfDarbin\u0117 dr\u0117gm\u0117: 5-95%<\/h6>","protected":false},"excerpt":{"rendered":"<h2>Lazerinio graviravimo stakl\u0117s CO2 pjovimo pjovimo \u012frankis 30 x 50 cm<\/h2>\n<p>Tai\u00a0<strong>\u017eym\u0117jimo ma\u0161ina<\/strong>\u00a0sujungia naujausi\u0105 lengv\u0105 mechanin\u012f judes\u012f rinkoje, trij\u0173 kart\u0173 modalin\u012f \u012fra\u0161ymo \u012frengin\u012f, kuris jums u\u017etikrins\u00a0<strong>didelis tikslumas ir greitis<\/strong>. Naujasis\u00a0<b>co2 lazerinis graviruotojas ir pjaustytuvas<\/b>\u00a0<strong>ARCGLCO50<\/strong>\u00a0Jame yra 80 W vandens au\u0161inimo lazerinis vamzdis, \u017eingsniniai varikliai, u\u017etikrinantys tobul\u0105 tikslum\u0105, auk\u0161tos kokyb\u0117s valdymo pultas. Jis naudoja USB prievad\u0105, kad prisijungt\u0173 prie ne\u0161iojamojo kompiuterio ar kompiuterio. \u012etrauktas programin\u0117s \u012frangos palaikymas, CorelDraw, \u0161is \u012frenginys gali gerai dirbti su keliais grafiniais formatais, \u012fskaitant EMF \/ JPG \/ PLT \/ WMF.<\/p>\n<h6><strong>Garantija<span style=\"color: #ff0000;\">\u00a0KAM<\/span><span style=\"color: #0000ff;\">R<\/span>C 2 METAI<\/strong><\/h6>\n<h6><span style=\"color: #008000;\">Efektyvus lazerinis graviruotojas, suvartojimas \u2264 280W<\/span><\/h6>\n<h6><strong>\u012ftraukta technin\u0117 pagalba<\/strong><\/h6>","protected":false},"featured_media":2796,"comment_status":"open","ping_status":"closed","template":"","meta":{"wds_primary_product_brand":0,"wds_primary_product_cat":0},"product_brand":[],"product_cat":[69,70],"product_tag":[],"class_list":{"0":"post-2785","1":"product","2":"type-product","3":"status-publish","4":"has-post-thumbnail","6":"product_cat-maquinas-variadas","7":"product_cat-talladoras-marcadoras-de-metal-grabadoras-laser","8":"product_shipping_class-express","10":"first","11":"instock","12":"taxable","13":"shipping-taxable","14":"purchasable","15":"product-type-simple"},"yoast_head":"<!-- This site is optimized with the Yoast SEO Premium plugin v24.9 (Yoast SEO v26.1) - https:\/\/yoast.com\/wordpress\/plugins\/seo\/ -->\n<title>M\u00e1quina de Grabado L\u00e1ser Cortador CO2 \u200bHerramienta de Corte 30 x 50 cm - distribuci\u00f3n ARC<\/title>\n<meta name=\"robots\" content=\"index, follow, max-snippet:-1, max-image-preview:large, max-video-preview:-1\" \/>\n<link rel=\"canonical\" href=\"https:\/\/distribucionarc.com\/lt\/produktas\/lazerinis-graviravimo-aparatas-co2-pjaustytuvas-pjovimo-irankis-30-x-20-cm\/\" \/>\n<meta property=\"og:locale\" content=\"lt_LT\" \/>\n<meta property=\"og:type\" content=\"article\" \/>\n<meta property=\"og:title\" content=\"M\u00e1quina de Grabado L\u00e1ser Cortador CO2 \u200bHerramienta de Corte 30 x 50 cm\" \/>\n<meta property=\"og:description\" content=\"M\u00e1quina de Grabado L\u00e1ser Cortador CO2 \u200bHerramienta de Corte 30 x 50 cm Esta\u00a0m\u00e1quina de marcado\u00a0integra el movimiento mec\u00e1nico de luz m\u00e1s nuevo del mercado, grabador modal de tres generaciones que le asegurara\u00a0alta precisi\u00f3n y velocidad. El nuevo\u00a0grabador y cortador l\u00e1ser de CO2\u00a0ARCGLCO50\u00a0est\u00e1 equipado con un tubo l\u00e1ser de refrigeraci\u00f3n por agua de 80 W, motores de ejecuci\u00f3n paso a paso para una precisi\u00f3n perfecta, panel de control de alta calidad. Emplea un puerto USB para conectarse a su port\u00e1til o PC. El soporte del software est\u00e1 incluido, CorelDraw, esta m\u00e1quina puede funcionar bien con m\u00faltiples formatos gr\u00e1ficos, incluidos EMF \/ JPG \/ PLT \/ WMF. Garant\u00eda\u00a0ARC 2 A\u00d1OS Grabador l\u00e1ser eficiente, consumo \u2264 280W soporte t\u00e9cnico incluido\" \/>\n<meta property=\"og:url\" content=\"https:\/\/distribucionarc.com\/lt\/produktas\/lazerinis-graviravimo-aparatas-co2-pjaustytuvas-pjovimo-irankis-30-x-20-cm\/\" \/>\n<meta property=\"og:site_name\" content=\"distribuci\u00f3n ARC\" \/>\n<meta property=\"article:modified_time\" content=\"2023-02-14T11:16:29+00:00\" \/>\n<meta property=\"og:image\" content=\"https:\/\/distribucionarc.com\/wp-content\/uploads\/2020\/08\/M\u00e1quina-de-Grabado-L\u00e1ser-Cortador-CO2-Herramienta-de-Corte-30-x-20-cm-0.jpg\" \/>\n\t<meta property=\"og:image:width\" content=\"1001\" \/>\n\t<meta property=\"og:image:height\" content=\"1001\" \/>\n\t<meta property=\"og:image:type\" content=\"image\/jpeg\" \/>\n<meta name=\"twitter:card\" content=\"summary_large_image\" \/>\n<meta name=\"twitter:label1\" content=\"Est. reading time\" \/>\n\t<meta name=\"twitter:data1\" content=\"3 minut\u0117s\" \/>\n<script type=\"application\/ld+json\" class=\"yoast-schema-graph\">{\"@context\":\"https:\/\/schema.org\",\"@graph\":[{\"@type\":\"WebPage\",\"@id\":\"https:\/\/distribucionarc.com\/producto\/maquina-de-grabado-laser-cortador-co2-%e2%80%8bherramienta-de-corte-30-x-20-cm\/\",\"url\":\"https:\/\/distribucionarc.com\/producto\/maquina-de-grabado-laser-cortador-co2-%e2%80%8bherramienta-de-corte-30-x-20-cm\/\",\"name\":\"M\u00e1quina de Grabado L\u00e1ser Cortador CO2 \u200bHerramienta de Corte 30 x 50 cm - distribuci\u00f3n ARC\",\"isPartOf\":{\"@id\":\"https:\/\/distribucionarc.com\/de\/#website\"},\"primaryImageOfPage\":{\"@id\":\"https:\/\/distribucionarc.com\/producto\/maquina-de-grabado-laser-cortador-co2-%e2%80%8bherramienta-de-corte-30-x-20-cm\/#primaryimage\"},\"image\":{\"@id\":\"https:\/\/distribucionarc.com\/producto\/maquina-de-grabado-laser-cortador-co2-%e2%80%8bherramienta-de-corte-30-x-20-cm\/#primaryimage\"},\"thumbnailUrl\":\"https:\/\/distribucionarc.com\/wp-content\/uploads\/2020\/08\/M\u00e1quina-de-Grabado-L\u00e1ser-Cortador-CO2-Herramienta-de-Corte-30-x-20-cm-0.jpg\",\"datePublished\":\"2020-08-24T08:34:12+00:00\",\"dateModified\":\"2023-02-14T11:16:29+00:00\",\"breadcrumb\":{\"@id\":\"https:\/\/distribucionarc.com\/producto\/maquina-de-grabado-laser-cortador-co2-%e2%80%8bherramienta-de-corte-30-x-20-cm\/#breadcrumb\"},\"inLanguage\":\"lt-LT\",\"potentialAction\":[{\"@type\":\"ReadAction\",\"target\":[\"https:\/\/distribucionarc.com\/producto\/maquina-de-grabado-laser-cortador-co2-%e2%80%8bherramienta-de-corte-30-x-20-cm\/\"]}]},{\"@type\":\"ImageObject\",\"inLanguage\":\"lt-LT\",\"@id\":\"https:\/\/distribucionarc.com\/producto\/maquina-de-grabado-laser-cortador-co2-%e2%80%8bherramienta-de-corte-30-x-20-cm\/#primaryimage\",\"url\":\"https:\/\/distribucionarc.com\/wp-content\/uploads\/2020\/08\/M\u00e1quina-de-Grabado-L\u00e1ser-Cortador-CO2-Herramienta-de-Corte-30-x-20-cm-0.jpg\",\"contentUrl\":\"https:\/\/distribucionarc.com\/wp-content\/uploads\/2020\/08\/M\u00e1quina-de-Grabado-L\u00e1ser-Cortador-CO2-Herramienta-de-Corte-30-x-20-cm-0.jpg\",\"width\":1001,\"height\":1001,\"caption\":\"M\u00e1quina de Grabado L\u00e1ser Cortador CO2 \u200bHerramienta de Corte 30 x 20 cm\"},{\"@type\":\"BreadcrumbList\",\"@id\":\"https:\/\/distribucionarc.com\/producto\/maquina-de-grabado-laser-cortador-co2-%e2%80%8bherramienta-de-corte-30-x-20-cm\/#breadcrumb\",\"itemListElement\":[{\"@type\":\"ListItem\",\"position\":1,\"name\":\"Portada\",\"item\":\"https:\/\/distribucionarc.com\/pl\/\"},{\"@type\":\"ListItem\",\"position\":2,\"name\":\"Produkty\",\"item\":\"https:\/\/distribucionarc.com\/pl\/shop\/\"},{\"@type\":\"ListItem\",\"position\":3,\"name\":\"M\u00e1quina de Grabado L\u00e1ser Cortador CO2 \u200bHerramienta de Corte 30 x 50 cm\"}]},{\"@type\":\"WebSite\",\"@id\":\"https:\/\/distribucionarc.com\/de\/#website\",\"url\":\"https:\/\/distribucionarc.com\/de\/\",\"name\":\"distribuci\u00f3n ARC\",\"description\":\"Empresa especializada en la fabricaci\u00f3n y distribuci\u00f3n de maquinaria industrial, selladoras de latas, Maquinas de hacer pastillas, Maquinas de cortar carne...\",\"publisher\":{\"@id\":\"https:\/\/distribucionarc.com\/de\/#organization\"},\"potentialAction\":[{\"@type\":\"SearchAction\",\"target\":{\"@type\":\"EntryPoint\",\"urlTemplate\":\"https:\/\/distribucionarc.com\/de\/?s={search_term_string}\"},\"query-input\":{\"@type\":\"PropertyValueSpecification\",\"valueRequired\":true,\"valueName\":\"search_term_string\"}}],\"inLanguage\":\"lt-LT\"},{\"@type\":\"Organization\",\"@id\":\"https:\/\/distribucionarc.com\/de\/#organization\",\"name\":\"Distribuci\u00f3n ARC\",\"url\":\"https:\/\/distribucionarc.com\/de\/\",\"logo\":{\"@type\":\"ImageObject\",\"inLanguage\":\"lt-LT\",\"@id\":\"https:\/\/distribucionarc.com\/de\/#\/schema\/logo\/image\/\",\"url\":\"https:\/\/distribucionarc.com\/wp-content\/uploads\/2024\/10\/distribucion-ARC-COLOR-SIN-FONDO-e1732295305345.png\",\"contentUrl\":\"https:\/\/distribucionarc.com\/wp-content\/uploads\/2024\/10\/distribucion-ARC-COLOR-SIN-FONDO-e1732295305345.png\",\"width\":1164,\"height\":558,\"caption\":\"Distribuci\u00f3n ARC\"},\"image\":{\"@id\":\"https:\/\/distribucionarc.com\/de\/#\/schema\/logo\/image\/\"},\"description\":\"Empresa especializada en la fabricaci\u00f3n y distribuci\u00f3n de maquinaria industrial para los sectores alimentario y farmac\u00e9utico. Nos especializamos en: M\u00e1quinas de cortar carne Fabricaci\u00f3n de comprimidos Sistemas de transporte industrial L\u00edneas de embotellado Dosificadores Y mucho m\u00e1s... Ofrecemos soluciones innovadoras y personalizadas para optimizar los procesos productivos de tu empresa.\",\"email\":\"Admistracion@distribucionarc.com\",\"telephone\":\"+34 643496664\",\"legalName\":\"ARC TECH SOLUTIONS\",\"foundingDate\":\"2024-04-09\",\"vatID\":\"B55480172\",\"numberOfEmployees\":{\"@type\":\"QuantitativeValue\",\"minValue\":\"1\",\"maxValue\":\"10\"}}]}<\/script>\n<!-- \/ Yoast SEO Premium plugin. -->","yoast_head_json":{"title":"Lazerinio graviravimo stakl\u0117s CO2 pjovimo pjovimo \u012frankis 30 x 50 cm - ARC paskirstymas","robots":{"index":"index","follow":"follow","max-snippet":"max-snippet:-1","max-image-preview":"max-image-preview:large","max-video-preview":"max-video-preview:-1"},"canonical":"https:\/\/distribucionarc.com\/lt\/produktas\/lazerinis-graviravimo-aparatas-co2-pjaustytuvas-pjovimo-irankis-30-x-20-cm\/","og_locale":"lt_LT","og_type":"article","og_title":"M\u00e1quina de Grabado L\u00e1ser Cortador CO2 \u200bHerramienta de Corte 30 x 50 cm","og_description":"M\u00e1quina de Grabado L\u00e1ser Cortador CO2 \u200bHerramienta de Corte 30 x 50 cm Esta\u00a0m\u00e1quina de marcado\u00a0integra el movimiento mec\u00e1nico de luz m\u00e1s nuevo del mercado, grabador modal de tres generaciones que le asegurara\u00a0alta precisi\u00f3n y velocidad. El nuevo\u00a0grabador y cortador l\u00e1ser de CO2\u00a0ARCGLCO50\u00a0est\u00e1 equipado con un tubo l\u00e1ser de refrigeraci\u00f3n por agua de 80 W, motores de ejecuci\u00f3n paso a paso para una precisi\u00f3n perfecta, panel de control de alta calidad. Emplea un puerto USB para conectarse a su port\u00e1til o PC. El soporte del software est\u00e1 incluido, CorelDraw, esta m\u00e1quina puede funcionar bien con m\u00faltiples formatos gr\u00e1ficos, incluidos EMF \/ JPG \/ PLT \/ WMF. Garant\u00eda\u00a0ARC 2 A\u00d1OS Grabador l\u00e1ser eficiente, consumo \u2264 280W soporte t\u00e9cnico incluido","og_url":"https:\/\/distribucionarc.com\/lt\/produktas\/lazerinis-graviravimo-aparatas-co2-pjaustytuvas-pjovimo-irankis-30-x-20-cm\/","og_site_name":"distribuci\u00f3n ARC","article_modified_time":"2023-02-14T11:16:29+00:00","og_image":[{"width":1001,"height":1001,"url":"https:\/\/distribucionarc.com\/wp-content\/uploads\/2020\/08\/M\u00e1quina-de-Grabado-L\u00e1ser-Cortador-CO2-Herramienta-de-Corte-30-x-20-cm-0.jpg","type":"image\/jpeg"}],"twitter_card":"summary_large_image","twitter_misc":{"Est. reading time":"3 minut\u0117s"},"schema":{"@context":"https:\/\/schema.org","@graph":[{"@type":"WebPage","@id":"https:\/\/distribucionarc.com\/producto\/maquina-de-grabado-laser-cortador-co2-%e2%80%8bherramienta-de-corte-30-x-20-cm\/","url":"https:\/\/distribucionarc.com\/producto\/maquina-de-grabado-laser-cortador-co2-%e2%80%8bherramienta-de-corte-30-x-20-cm\/","name":"Lazerinio graviravimo stakl\u0117s CO2 pjovimo pjovimo \u012frankis 30 x 50 cm - ARC paskirstymas","isPartOf":{"@id":"https:\/\/distribucionarc.com\/de\/#website"},"primaryImageOfPage":{"@id":"https:\/\/distribucionarc.com\/producto\/maquina-de-grabado-laser-cortador-co2-%e2%80%8bherramienta-de-corte-30-x-20-cm\/#primaryimage"},"image":{"@id":"https:\/\/distribucionarc.com\/producto\/maquina-de-grabado-laser-cortador-co2-%e2%80%8bherramienta-de-corte-30-x-20-cm\/#primaryimage"},"thumbnailUrl":"https:\/\/distribucionarc.com\/wp-content\/uploads\/2020\/08\/M\u00e1quina-de-Grabado-L\u00e1ser-Cortador-CO2-Herramienta-de-Corte-30-x-20-cm-0.jpg","datePublished":"2020-08-24T08:34:12+00:00","dateModified":"2023-02-14T11:16:29+00:00","breadcrumb":{"@id":"https:\/\/distribucionarc.com\/producto\/maquina-de-grabado-laser-cortador-co2-%e2%80%8bherramienta-de-corte-30-x-20-cm\/#breadcrumb"},"inLanguage":"lt-LT","potentialAction":[{"@type":"ReadAction","target":["https:\/\/distribucionarc.com\/producto\/maquina-de-grabado-laser-cortador-co2-%e2%80%8bherramienta-de-corte-30-x-20-cm\/"]}]},{"@type":"ImageObject","inLanguage":"lt-LT","@id":"https:\/\/distribucionarc.com\/producto\/maquina-de-grabado-laser-cortador-co2-%e2%80%8bherramienta-de-corte-30-x-20-cm\/#primaryimage","url":"https:\/\/distribucionarc.com\/wp-content\/uploads\/2020\/08\/M\u00e1quina-de-Grabado-L\u00e1ser-Cortador-CO2-Herramienta-de-Corte-30-x-20-cm-0.jpg","contentUrl":"https:\/\/distribucionarc.com\/wp-content\/uploads\/2020\/08\/M\u00e1quina-de-Grabado-L\u00e1ser-Cortador-CO2-Herramienta-de-Corte-30-x-20-cm-0.jpg","width":1001,"height":1001,"caption":"M\u00e1quina de Grabado L\u00e1ser Cortador CO2 \u200bHerramienta de Corte 30 x 20 cm"},{"@type":"BreadcrumbList","@id":"https:\/\/distribucionarc.com\/producto\/maquina-de-grabado-laser-cortador-co2-%e2%80%8bherramienta-de-corte-30-x-20-cm\/#breadcrumb","itemListElement":[{"@type":"ListItem","position":1,"name":"Portada","item":"https:\/\/distribucionarc.com\/pl\/"},{"@type":"ListItem","position":2,"name":"Produkty","item":"https:\/\/distribucionarc.com\/pl\/shop\/"},{"@type":"ListItem","position":3,"name":"M\u00e1quina de Grabado L\u00e1ser Cortador CO2 \u200bHerramienta de Corte 30 x 50 cm"}]},{"@type":"WebSite","@id":"https:\/\/distribucionarc.com\/de\/#website","url":"https:\/\/distribucionarc.com\/de\/","name":"ARC paskirstymas","description":"\u012emon\u0117 specializuojasi pramonini\u0173 ma\u0161in\u0173, skardini\u0173 sandarinimo ma\u0161in\u0173, table\u010di\u0173 gamybos ma\u0161in\u0173, m\u0117sos pjaustymo ma\u0161in\u0173 gamyboje ir platinime...","publisher":{"@id":"https:\/\/distribucionarc.com\/de\/#organization"},"potentialAction":[{"@type":"SearchAction","target":{"@type":"EntryPoint","urlTemplate":"https:\/\/distribucionarc.com\/de\/?s={search_term_string}"},"query-input":{"@type":"PropertyValueSpecification","valueRequired":true,"valueName":"search_term_string"}}],"inLanguage":"lt-LT"},{"@type":"Organization","@id":"https:\/\/distribucionarc.com\/de\/#organization","name":"ARC platinimas","url":"https:\/\/distribucionarc.com\/de\/","logo":{"@type":"ImageObject","inLanguage":"lt-LT","@id":"https:\/\/distribucionarc.com\/de\/#\/schema\/logo\/image\/","url":"https:\/\/distribucionarc.com\/wp-content\/uploads\/2024\/10\/distribucion-ARC-COLOR-SIN-FONDO-e1732295305345.png","contentUrl":"https:\/\/distribucionarc.com\/wp-content\/uploads\/2024\/10\/distribucion-ARC-COLOR-SIN-FONDO-e1732295305345.png","width":1164,"height":558,"caption":"Distribuci\u00f3n ARC"},"image":{"@id":"https:\/\/distribucionarc.com\/de\/#\/schema\/logo\/image\/"},"description":"\u012emon\u0117 specializuojasi maisto ir farmacijos sektoriams skirt\u0173 pramonini\u0173 ma\u0161in\u0173 gamyboje ir platinime. M\u016bs\u0173 specializacija: M\u0117sos pjaustymo ma\u0161inos Table\u010di\u0173 gamyba Pramonin\u0117s transportavimo sistemos I\u0161pilstymo linijos Dozatoriai Ir dar daugiau... Si\u016blome novatori\u0161kus ir individualiems poreikiams pritaikytus sprendimus, kad optimizuotume j\u016bs\u0173 \u012fmon\u0117s gamybos procesus.","email":"Admistracion@distribucionarc.com","telephone":"+34 643496664","legalName":"ARC TECH SOLUTIONS","foundingDate":"2024-04-09","vatID":"B55480172","numberOfEmployees":{"@type":"QuantitativeValue","minValue":"1","maxValue":"10"}}]}},"_links":{"self":[{"href":"https:\/\/distribucionarc.com\/lt\/wp-json\/wp\/v2\/product\/2785","targetHints":{"allow":["GET"]}}],"collection":[{"href":"https:\/\/distribucionarc.com\/lt\/wp-json\/wp\/v2\/product"}],"about":[{"href":"https:\/\/distribucionarc.com\/lt\/wp-json\/wp\/v2\/types\/product"}],"replies":[{"embeddable":true,"href":"https:\/\/distribucionarc.com\/lt\/wp-json\/wp\/v2\/comments?post=2785"}],"version-history":[{"count":0,"href":"https:\/\/distribucionarc.com\/lt\/wp-json\/wp\/v2\/product\/2785\/revisions"}],"wp:featuredmedia":[{"embeddable":true,"href":"https:\/\/distribucionarc.com\/lt\/wp-json\/wp\/v2\/media\/2796"}],"wp:attachment":[{"href":"https:\/\/distribucionarc.com\/lt\/wp-json\/wp\/v2\/media?parent=2785"}],"wp:term":[{"taxonomy":"product_brand","embeddable":true,"href":"https:\/\/distribucionarc.com\/lt\/wp-json\/wp\/v2\/product_brand?post=2785"},{"taxonomy":"product_cat","embeddable":true,"href":"https:\/\/distribucionarc.com\/lt\/wp-json\/wp\/v2\/product_cat?post=2785"},{"taxonomy":"product_tag","embeddable":true,"href":"https:\/\/distribucionarc.com\/lt\/wp-json\/wp\/v2\/product_tag?post=2785"}],"curies":[{"name":"wp","href":"https:\/\/api.w.org\/{rel}","templated":true}]}}