{"id":2817,"date":"2020-08-24T13:40:48","date_gmt":"2020-08-24T13:40:48","guid":{"rendered":"https:\/\/distribucionarc.com\/?post_type=product&#038;p=2817"},"modified":"2023-02-24T10:45:23","modified_gmt":"2023-02-24T10:45:23","slug":"maisto-vakuuminio-pakavimo-sandarinimo-masina","status":"publish","type":"product","link":"https:\/\/distribucionarc.com\/lt\/producto\/maquina-de-sellado-empaquetadora-al-vacio-de-alimentos\/","title":{"rendered":"Sandarinimo ma\u0161ina, maisto vakuuminio pakavimo ma\u0161ina"},"content":{"rendered":"<h3>Sandarinimo ma\u0161ina, maisto vakuuminio pakavimo ma\u0161ina<\/h3>\n<p>Tai<strong> automatinis vakuuminis sandariklis <span style=\"color: #ff0000;\">KAM<\/span><span style=\"color: #0000ff;\">R<\/span>c<\/strong> Jis naudoja 800 W vakuumin\u012f siurbl\u012f, turi auk\u0161\u010diausios kokyb\u0117s elektrinius komponentus, turi puik\u0173 sandarinimo efekt\u0105 su a<span style=\"color: #000000;\"> <strong>didelis pakavimo greitis<\/strong><\/span>, yra <span style=\"color: #008000;\"><strong>efektyvus ir efektyvus<\/strong><\/span>. \u012erengta ventiliacija, kuri padeda i\u0161sklaidyti or\u0105 ir lengviau paskirstyti \u0161ilum\u0105, tod\u0117l sandarinimo procesas garantuoja saug\u0173 greit\u0105 veikim\u0105.<\/p>\n<p>Du kaitinimo sandarinimo strypai, pagaminti i\u0161 importuotos auk\u0161tai temperat\u016brai atsparios epoksidin\u0117s med\u017eiagos, pasi\u017eymi i\u0161skirtin\u0117mis sandarinimo savyb\u0117mis. Be to, \u0161iuos strypus lengva pakeisti, nors j\u0173 kokybi\u0161ka med\u017eiaga u\u017etikrina didel\u012f patvarum\u0105. Skaidraus organinio stiklo dangtelis su apsaugine sagtimi padeda pritvirtinti dangt\u012f siurbiant ir sandarinant. Vartotojai gali steb\u0117ti vis\u0105 proces\u0105 per dangt\u012f.<\/p>\n<p>Tai <strong>vakuuminis sandariklis <span style=\"color: #ff0000;\">KAM<\/span><span style=\"color: #0000ff;\">R<\/span>CMSV800<\/strong> J\u012f valdo mikrokompiuteris, ma\u0161ina automati\u0161kai valdo vis\u0105 proces\u0105, \u012fskaitant siurbim\u0105, sandarinim\u0105, spausdinim\u0105, v\u0117sinim\u0105 ir v\u0117dinim\u0105. Jame yra \u201estop\u201c mygtukas, jei reikia visi\u0161kai sustabdyti proces\u0105.<\/p>\n<h6><strong>Garantija\u00a0<span style=\"color: #ff0000;\">KAM<\/span><span style=\"color: #0000ff;\">R<\/span>C 2 METAI<\/strong><\/h6>\n<h6><span style=\"color: #008000;\">Efektyvus vakuuminis sandariklis, ma\u017eas suvartojimas 800 W<\/span><\/h6>\n<h6><strong>\u012ftraukta technin\u0117 pagalba<\/strong><\/h6>\n<p>&nbsp;<\/p>\n<p>&nbsp;<\/p>\n<table role=\"presentation\" width=\"100%\" cellspacing=\"0\" cellpadding=\"0\">\n<tbody>\n<tr>\n<td class=\"attrLabels\">Garantija:<\/td>\n<td width=\"50.0%\">2 METAI<\/td>\n<\/tr>\n<tr>\n<td class=\"attrLabels\">Spalva:<\/td>\n<td width=\"50.0%\">Sidabras<\/td>\n<td class=\"attrLabels\">Auk\u0161tis:<\/td>\n<td width=\"50.0%\">96 cm<\/td>\n<\/tr>\n<tr>\n<td class=\"attrLabels\">Platinimo \u0161alis:<\/td>\n<td width=\"50.0%\">Ispanija, Vokietija, JAV<\/td>\n<td class=\"attrLabels\">Ilgas:<\/td>\n<td width=\"50.0%\">54,1 cm<\/td>\n<\/tr>\n<tr>\n<td class=\"attrLabels\">Prekinis \u017eenklas:<\/td>\n<td width=\"50.0%\">ARC<\/td>\n<td class=\"attrLabels\">Platus:<\/td>\n<td width=\"50.0%\">\u00a049 cm<\/td>\n<\/tr>\n<tr>\n<td class=\"attrLabels\">Produkto tipas:<\/td>\n<td width=\"50.0%\">Vakuuminis sandariklis<\/td>\n<td class=\"attrLabels\">Galia:<\/td>\n<td width=\"50.0%\">800W<\/td>\n<\/tr>\n<tr>\n<td class=\"attrLabels\">Gamintojo numeris:<\/td>\n<td width=\"50.0%\">ARCMSV800<\/td>\n<td class=\"attrLabels\">\u012etampa:<\/td>\n<td width=\"50.0%\">220V 50Hz<\/td>\n<\/tr>\n<tr>\n<td class=\"attrLabels\">Med\u017eiaga:<\/td>\n<td width=\"50.0%\">304 ner\u016bdijantis plienas<\/td>\n<td class=\"attrLabels\">Kameros matmenys:<\/td>\n<td width=\"50.0%\">39,9 x 39,9 x 11,4 cm<\/td>\n<\/tr>\n<tr>\n<td class=\"attrLabels\">Montavimo \u012frankiai:<\/td>\n<td width=\"50.0%\">Taip<\/td>\n<td class=\"attrLabels\">Antspaudo dydis:<\/td>\n<td width=\"50.0%\">39,9 x 1 cm (ilgis x auk\u0161tis)<\/td>\n<\/tr>\n<tr>\n<td class=\"attrLabels\">Svoris:<\/td>\n<td width=\"50.0%\">78 kg<\/td>\n<td class=\"attrLabels\">Vakuuminio siurblio greitis:<\/td>\n<td width=\"50.0%\">20 m\u00b3\/h (2x 10\u00b2 Pa)<\/td>\n<\/tr>\n<\/tbody>\n<\/table>","protected":false},"excerpt":{"rendered":"<h3>Sandarinimo ma\u0161ina, maisto vakuuminio pakavimo ma\u0161ina<\/h3>\n<p>Su <strong>vienos kameros vakuuminio pakavimo ma\u0161ina <span style=\"color: #ff0000;\">KAM<\/span><span style=\"color: #0000ff;\">R<\/span>c<\/strong> Kaip pakavimo med\u017eiagas galite naudoti plastikin\u0119 kompozicin\u0119 pl\u0117vel\u0119 arba plastiko lak\u0161t\u0173 kompozicin\u0119 pl\u0117vel\u0119, ji tinka maistui, vaistams, vandens produktams, chemin\u0117ms \u017ealiavoms, elektroniniams komponentams ir kitiems daiktams (kietiems, skystiems ar milteliniams). M\u016bs\u0173 gaminys pagamintas su skaidriu stikliniu dangteliu, tod\u0117l pakavimo procesas yra visi\u0161kai parodytas jums. M\u016bs\u0173 kompakti\u0161kas produktas tikrai yra geriausias j\u016bs\u0173 pasirinkimas.<\/p>\n<h6><strong>Garantija\u00a0<span style=\"color: #ff0000;\">KAM<\/span><span style=\"color: #0000ff;\">R<\/span>C 2 METAI<\/strong><\/h6>\n<h6><span style=\"color: #008000;\">Veiksmingas, ma\u017eai suvartojantis elektrinis kaulo pj\u016bklas 800W<\/span><\/h6>\n<h6><strong>\u012ftraukta technin\u0117 pagalba<\/strong><\/h6>","protected":false},"featured_media":2818,"comment_status":"open","ping_status":"closed","template":"","meta":{"wds_primary_product_brand":0,"wds_primary_product_cat":0},"product_brand":[],"product_cat":[49],"product_tag":[],"class_list":{"0":"post-2817","1":"product","2":"type-product","3":"status-publish","4":"has-post-thumbnail","6":"product_cat-envasadoras-al-vacio","7":"product_shipping_class-express","9":"first","10":"instock","11":"sale","12":"taxable","13":"shipping-taxable","14":"purchasable","15":"product-type-simple"},"yoast_head":"<!-- This site is optimized with the Yoast SEO Premium plugin v24.9 (Yoast SEO v26.1) - https:\/\/yoast.com\/wordpress\/plugins\/seo\/ -->\n<title>M\u00e1quina de sellado, empaquetadora al vac\u00edo de alimentos - distribuci\u00f3n ARC<\/title>\n<meta name=\"robots\" content=\"index, follow, max-snippet:-1, max-image-preview:large, max-video-preview:-1\" \/>\n<link rel=\"canonical\" href=\"https:\/\/www.distribucionarc.com\/ar\/producto\/maquina-de-sellado-empaquetadora-al-vacio-de-alimentos\/\" \/>\n<meta property=\"og:locale\" content=\"lt_LT\" \/>\n<meta property=\"og:type\" content=\"article\" \/>\n<meta property=\"og:title\" content=\"M\u00e1quina de sellado, empaquetadora al vac\u00edo de alimentos\" \/>\n<meta property=\"og:description\" content=\"M\u00e1quina de sellado, empaquetadora al vac\u00edo de alimentos Con la empaquetadora al vac\u00edo de una c\u00e1mara ARC usted puede usar la pel\u00edcula compuesta de pl\u00e1stico o la pel\u00edcula compuesta de l\u00e1mina de pl\u00e1stico como los materiales de empaque, es adecuada para alimentos, medicinas, productos acu\u00e1ticos, materias primas qu\u00edmicas, componentes electr\u00f3nicos y otros art\u00edculos (s\u00f3lidos, l\u00edquidos o en polvo). Nuestro producto est\u00e1 construido con una tapa de vidrio transparente, por lo que el proceso de envasado se muestra completamente a usted. Nuestro producto compacto es definitivamente su mejor opci\u00f3n. Garant\u00eda\u00a0ARC 2 A\u00d1OS Sierra el\u00e9ctrica para huesos eficiente, bajo consumo\u00a0 800W soporte t\u00e9cnico incluido\" \/>\n<meta property=\"og:url\" content=\"https:\/\/www.distribucionarc.com\/ar\/producto\/maquina-de-sellado-empaquetadora-al-vacio-de-alimentos\/\" \/>\n<meta property=\"og:site_name\" content=\"distribuci\u00f3n ARC\" \/>\n<meta property=\"article:modified_time\" content=\"2023-02-24T10:45:23+00:00\" \/>\n<meta property=\"og:image\" content=\"https:\/\/distribucionarc.com\/wp-content\/uploads\/2020\/08\/M\u00e1quina-de-sellado-empaquetadora-al-vac\u00edo-de-alimentos-0.jpg\" \/>\n\t<meta property=\"og:image:width\" content=\"1600\" \/>\n\t<meta property=\"og:image:height\" content=\"1600\" \/>\n\t<meta property=\"og:image:type\" content=\"image\/jpeg\" \/>\n<meta name=\"twitter:card\" content=\"summary_large_image\" \/>\n<meta name=\"twitter:label1\" content=\"Est. reading time\" \/>\n\t<meta name=\"twitter:data1\" content=\"2 minut\u0117s\" \/>\n<script type=\"application\/ld+json\" class=\"yoast-schema-graph\">{\"@context\":\"https:\/\/schema.org\",\"@graph\":[{\"@type\":\"WebPage\",\"@id\":\"https:\/\/www.distribucionarc.com\/ar\/producto\/maquina-de-sellado-empaquetadora-al-vacio-de-alimentos\/\",\"url\":\"https:\/\/www.distribucionarc.com\/ar\/producto\/maquina-de-sellado-empaquetadora-al-vacio-de-alimentos\/\",\"name\":\"M\u00e1quina de sellado, empaquetadora al vac\u00edo de alimentos - distribuci\u00f3n ARC\",\"isPartOf\":{\"@id\":\"https:\/\/distribucionarc.com\/bg\/#website\"},\"primaryImageOfPage\":{\"@id\":\"https:\/\/www.distribucionarc.com\/ar\/producto\/maquina-de-sellado-empaquetadora-al-vacio-de-alimentos\/#primaryimage\"},\"image\":{\"@id\":\"https:\/\/www.distribucionarc.com\/ar\/producto\/maquina-de-sellado-empaquetadora-al-vacio-de-alimentos\/#primaryimage\"},\"thumbnailUrl\":\"https:\/\/distribucionarc.com\/wp-content\/uploads\/2020\/08\/M\u00e1quina-de-sellado-empaquetadora-al-vac\u00edo-de-alimentos-0.jpg\",\"datePublished\":\"2020-08-24T13:40:48+00:00\",\"dateModified\":\"2023-02-24T10:45:23+00:00\",\"breadcrumb\":{\"@id\":\"https:\/\/www.distribucionarc.com\/ar\/producto\/maquina-de-sellado-empaquetadora-al-vacio-de-alimentos\/#breadcrumb\"},\"inLanguage\":\"lt-LT\",\"potentialAction\":[{\"@type\":\"ReadAction\",\"target\":[\"https:\/\/www.distribucionarc.com\/ar\/producto\/maquina-de-sellado-empaquetadora-al-vacio-de-alimentos\/\"]}]},{\"@type\":\"ImageObject\",\"inLanguage\":\"lt-LT\",\"@id\":\"https:\/\/www.distribucionarc.com\/ar\/producto\/maquina-de-sellado-empaquetadora-al-vacio-de-alimentos\/#primaryimage\",\"url\":\"https:\/\/distribucionarc.com\/wp-content\/uploads\/2020\/08\/M\u00e1quina-de-sellado-empaquetadora-al-vac\u00edo-de-alimentos-0.jpg\",\"contentUrl\":\"https:\/\/distribucionarc.com\/wp-content\/uploads\/2020\/08\/M\u00e1quina-de-sellado-empaquetadora-al-vac\u00edo-de-alimentos-0.jpg\",\"width\":1600,\"height\":1600,\"caption\":\"M\u00e1quina de sellado, empaquetadora al vac\u00edo de alimentos\"},{\"@type\":\"BreadcrumbList\",\"@id\":\"https:\/\/www.distribucionarc.com\/ar\/producto\/maquina-de-sellado-empaquetadora-al-vacio-de-alimentos\/#breadcrumb\",\"itemListElement\":[{\"@type\":\"ListItem\",\"position\":1,\"name\":\"Portada\",\"item\":\"https:\/\/distribucionarc.com\/nb\/\"},{\"@type\":\"ListItem\",\"position\":2,\"name\":\"Products\",\"item\":\"https:\/\/www.distribucionarc.com\/en\/shop\/\"},{\"@type\":\"ListItem\",\"position\":3,\"name\":\"M\u00e1quina de sellado, empaquetadora al vac\u00edo de alimentos\"}]},{\"@type\":\"WebSite\",\"@id\":\"https:\/\/distribucionarc.com\/bg\/#website\",\"url\":\"https:\/\/distribucionarc.com\/bg\/\",\"name\":\"distribuci\u00f3n ARC\",\"description\":\"Empresa especializada en la fabricaci\u00f3n y distribuci\u00f3n de maquinaria industrial, selladoras de latas, Maquinas de hacer pastillas, Maquinas de cortar carne...\",\"publisher\":{\"@id\":\"https:\/\/distribucionarc.com\/bg\/#organization\"},\"potentialAction\":[{\"@type\":\"SearchAction\",\"target\":{\"@type\":\"EntryPoint\",\"urlTemplate\":\"https:\/\/distribucionarc.com\/bg\/?s={search_term_string}\"},\"query-input\":{\"@type\":\"PropertyValueSpecification\",\"valueRequired\":true,\"valueName\":\"search_term_string\"}}],\"inLanguage\":\"lt-LT\"},{\"@type\":\"Organization\",\"@id\":\"https:\/\/distribucionarc.com\/bg\/#organization\",\"name\":\"Distribuci\u00f3n ARC\",\"url\":\"https:\/\/distribucionarc.com\/bg\/\",\"logo\":{\"@type\":\"ImageObject\",\"inLanguage\":\"lt-LT\",\"@id\":\"https:\/\/distribucionarc.com\/bg\/#\/schema\/logo\/image\/\",\"url\":\"https:\/\/distribucionarc.com\/wp-content\/uploads\/2024\/10\/distribucion-ARC-COLOR-SIN-FONDO-e1732295305345.png\",\"contentUrl\":\"https:\/\/distribucionarc.com\/wp-content\/uploads\/2024\/10\/distribucion-ARC-COLOR-SIN-FONDO-e1732295305345.png\",\"width\":1164,\"height\":558,\"caption\":\"Distribuci\u00f3n ARC\"},\"image\":{\"@id\":\"https:\/\/distribucionarc.com\/bg\/#\/schema\/logo\/image\/\"},\"description\":\"Empresa especializada en la fabricaci\u00f3n y distribuci\u00f3n de maquinaria industrial para los sectores alimentario y farmac\u00e9utico. Nos especializamos en: M\u00e1quinas de cortar carne Fabricaci\u00f3n de comprimidos Sistemas de transporte industrial L\u00edneas de embotellado Dosificadores Y mucho m\u00e1s... Ofrecemos soluciones innovadoras y personalizadas para optimizar los procesos productivos de tu empresa.\",\"email\":\"Admistracion@distribucionarc.com\",\"telephone\":\"+34 643496664\",\"legalName\":\"ARC TECH SOLUTIONS\",\"foundingDate\":\"2024-04-09\",\"vatID\":\"B55480172\",\"numberOfEmployees\":{\"@type\":\"QuantitativeValue\",\"minValue\":\"1\",\"maxValue\":\"10\"}}]}<\/script>\n<!-- \/ Yoast SEO Premium plugin. -->","yoast_head_json":{"title":"Sandarinimo ma\u0161ina, maisto vakuuminio pakavimo ma\u0161ina - ARC platinimas","robots":{"index":"index","follow":"follow","max-snippet":"max-snippet:-1","max-image-preview":"max-image-preview:large","max-video-preview":"max-video-preview:-1"},"canonical":"https:\/\/www.distribucionarc.com\/ar\/producto\/maquina-de-sellado-empaquetadora-al-vacio-de-alimentos\/","og_locale":"lt_LT","og_type":"article","og_title":"M\u00e1quina de sellado, empaquetadora al vac\u00edo de alimentos","og_description":"M\u00e1quina de sellado, empaquetadora al vac\u00edo de alimentos Con la empaquetadora al vac\u00edo de una c\u00e1mara ARC usted puede usar la pel\u00edcula compuesta de pl\u00e1stico o la pel\u00edcula compuesta de l\u00e1mina de pl\u00e1stico como los materiales de empaque, es adecuada para alimentos, medicinas, productos acu\u00e1ticos, materias primas qu\u00edmicas, componentes electr\u00f3nicos y otros art\u00edculos (s\u00f3lidos, l\u00edquidos o en polvo). Nuestro producto est\u00e1 construido con una tapa de vidrio transparente, por lo que el proceso de envasado se muestra completamente a usted. Nuestro producto compacto es definitivamente su mejor opci\u00f3n. Garant\u00eda\u00a0ARC 2 A\u00d1OS Sierra el\u00e9ctrica para huesos eficiente, bajo consumo\u00a0 800W soporte t\u00e9cnico incluido","og_url":"https:\/\/www.distribucionarc.com\/ar\/producto\/maquina-de-sellado-empaquetadora-al-vacio-de-alimentos\/","og_site_name":"distribuci\u00f3n ARC","article_modified_time":"2023-02-24T10:45:23+00:00","og_image":[{"width":1600,"height":1600,"url":"https:\/\/distribucionarc.com\/wp-content\/uploads\/2020\/08\/M\u00e1quina-de-sellado-empaquetadora-al-vac\u00edo-de-alimentos-0.jpg","type":"image\/jpeg"}],"twitter_card":"summary_large_image","twitter_misc":{"Est. reading time":"2 minut\u0117s"},"schema":{"@context":"https:\/\/schema.org","@graph":[{"@type":"WebPage","@id":"https:\/\/www.distribucionarc.com\/ar\/producto\/maquina-de-sellado-empaquetadora-al-vacio-de-alimentos\/","url":"https:\/\/www.distribucionarc.com\/ar\/producto\/maquina-de-sellado-empaquetadora-al-vacio-de-alimentos\/","name":"Sandarinimo ma\u0161ina, maisto vakuuminio pakavimo ma\u0161ina - ARC platinimas","isPartOf":{"@id":"https:\/\/distribucionarc.com\/bg\/#website"},"primaryImageOfPage":{"@id":"https:\/\/www.distribucionarc.com\/ar\/producto\/maquina-de-sellado-empaquetadora-al-vacio-de-alimentos\/#primaryimage"},"image":{"@id":"https:\/\/www.distribucionarc.com\/ar\/producto\/maquina-de-sellado-empaquetadora-al-vacio-de-alimentos\/#primaryimage"},"thumbnailUrl":"https:\/\/distribucionarc.com\/wp-content\/uploads\/2020\/08\/M\u00e1quina-de-sellado-empaquetadora-al-vac\u00edo-de-alimentos-0.jpg","datePublished":"2020-08-24T13:40:48+00:00","dateModified":"2023-02-24T10:45:23+00:00","breadcrumb":{"@id":"https:\/\/www.distribucionarc.com\/ar\/producto\/maquina-de-sellado-empaquetadora-al-vacio-de-alimentos\/#breadcrumb"},"inLanguage":"lt-LT","potentialAction":[{"@type":"ReadAction","target":["https:\/\/www.distribucionarc.com\/ar\/producto\/maquina-de-sellado-empaquetadora-al-vacio-de-alimentos\/"]}]},{"@type":"ImageObject","inLanguage":"lt-LT","@id":"https:\/\/www.distribucionarc.com\/ar\/producto\/maquina-de-sellado-empaquetadora-al-vacio-de-alimentos\/#primaryimage","url":"https:\/\/distribucionarc.com\/wp-content\/uploads\/2020\/08\/M\u00e1quina-de-sellado-empaquetadora-al-vac\u00edo-de-alimentos-0.jpg","contentUrl":"https:\/\/distribucionarc.com\/wp-content\/uploads\/2020\/08\/M\u00e1quina-de-sellado-empaquetadora-al-vac\u00edo-de-alimentos-0.jpg","width":1600,"height":1600,"caption":"M\u00e1quina de sellado, empaquetadora al vac\u00edo de alimentos"},{"@type":"BreadcrumbList","@id":"https:\/\/www.distribucionarc.com\/ar\/producto\/maquina-de-sellado-empaquetadora-al-vacio-de-alimentos\/#breadcrumb","itemListElement":[{"@type":"ListItem","position":1,"name":"Portada","item":"https:\/\/distribucionarc.com\/nb\/"},{"@type":"ListItem","position":2,"name":"Products","item":"https:\/\/www.distribucionarc.com\/en\/shop\/"},{"@type":"ListItem","position":3,"name":"M\u00e1quina de sellado, empaquetadora al vac\u00edo de alimentos"}]},{"@type":"WebSite","@id":"https:\/\/distribucionarc.com\/bg\/#website","url":"https:\/\/distribucionarc.com\/bg\/","name":"ARC paskirstymas","description":"\u012emon\u0117 specializuojasi pramonini\u0173 ma\u0161in\u0173, skardini\u0173 sandarinimo ma\u0161in\u0173, table\u010di\u0173 gamybos ma\u0161in\u0173, m\u0117sos pjaustymo ma\u0161in\u0173 gamyboje ir platinime...","publisher":{"@id":"https:\/\/distribucionarc.com\/bg\/#organization"},"potentialAction":[{"@type":"SearchAction","target":{"@type":"EntryPoint","urlTemplate":"https:\/\/distribucionarc.com\/bg\/?s={search_term_string}"},"query-input":{"@type":"PropertyValueSpecification","valueRequired":true,"valueName":"search_term_string"}}],"inLanguage":"lt-LT"},{"@type":"Organization","@id":"https:\/\/distribucionarc.com\/bg\/#organization","name":"ARC platinimas","url":"https:\/\/distribucionarc.com\/bg\/","logo":{"@type":"ImageObject","inLanguage":"lt-LT","@id":"https:\/\/distribucionarc.com\/bg\/#\/schema\/logo\/image\/","url":"https:\/\/distribucionarc.com\/wp-content\/uploads\/2024\/10\/distribucion-ARC-COLOR-SIN-FONDO-e1732295305345.png","contentUrl":"https:\/\/distribucionarc.com\/wp-content\/uploads\/2024\/10\/distribucion-ARC-COLOR-SIN-FONDO-e1732295305345.png","width":1164,"height":558,"caption":"Distribuci\u00f3n ARC"},"image":{"@id":"https:\/\/distribucionarc.com\/bg\/#\/schema\/logo\/image\/"},"description":"\u012emon\u0117 specializuojasi maisto ir farmacijos sektoriams skirt\u0173 pramonini\u0173 ma\u0161in\u0173 gamyboje ir platinime. M\u016bs\u0173 specializacija: M\u0117sos pjaustymo ma\u0161inos Table\u010di\u0173 gamyba Pramonin\u0117s transportavimo sistemos I\u0161pilstymo linijos Dozatoriai Ir dar daugiau... Si\u016blome novatori\u0161kus ir individualiems poreikiams pritaikytus sprendimus, kad optimizuotume j\u016bs\u0173 \u012fmon\u0117s gamybos procesus.","email":"Admistracion@distribucionarc.com","telephone":"+34 643496664","legalName":"ARC TECH SOLUTIONS","foundingDate":"2024-04-09","vatID":"B55480172","numberOfEmployees":{"@type":"QuantitativeValue","minValue":"1","maxValue":"10"}}]}},"_links":{"self":[{"href":"https:\/\/distribucionarc.com\/lt\/wp-json\/wp\/v2\/product\/2817","targetHints":{"allow":["GET"]}}],"collection":[{"href":"https:\/\/distribucionarc.com\/lt\/wp-json\/wp\/v2\/product"}],"about":[{"href":"https:\/\/distribucionarc.com\/lt\/wp-json\/wp\/v2\/types\/product"}],"replies":[{"embeddable":true,"href":"https:\/\/distribucionarc.com\/lt\/wp-json\/wp\/v2\/comments?post=2817"}],"version-history":[{"count":0,"href":"https:\/\/distribucionarc.com\/lt\/wp-json\/wp\/v2\/product\/2817\/revisions"}],"wp:featuredmedia":[{"embeddable":true,"href":"https:\/\/distribucionarc.com\/lt\/wp-json\/wp\/v2\/media\/2818"}],"wp:attachment":[{"href":"https:\/\/distribucionarc.com\/lt\/wp-json\/wp\/v2\/media?parent=2817"}],"wp:term":[{"taxonomy":"product_brand","embeddable":true,"href":"https:\/\/distribucionarc.com\/lt\/wp-json\/wp\/v2\/product_brand?post=2817"},{"taxonomy":"product_cat","embeddable":true,"href":"https:\/\/distribucionarc.com\/lt\/wp-json\/wp\/v2\/product_cat?post=2817"},{"taxonomy":"product_tag","embeddable":true,"href":"https:\/\/distribucionarc.com\/lt\/wp-json\/wp\/v2\/product_tag?post=2817"}],"curies":[{"name":"wp","href":"https:\/\/api.w.org\/{rel}","templated":true}]}}