{"id":2830,"date":"2020-08-24T14:40:16","date_gmt":"2020-08-24T14:40:16","guid":{"rendered":"https:\/\/distribucionarc.com\/?post_type=product&#038;p=2830"},"modified":"2022-03-02T10:04:22","modified_gmt":"2022-03-02T10:04:22","slug":"konvejeris-juosta-su-tureklu-pramoninis-konvejeris-juosta-60w","status":"publish","type":"product","link":"https:\/\/distribucionarc.com\/lt\/producto\/cinta-transportadora-con-barandilla-banda-transportadora-industrial-60w\/","title":{"rendered":"Konvejerio juosta su apsauginiu tur\u0117klu, Pramonin\u0117 konvejerio juosta 60W"},"content":{"rendered":"<h3>Konvejerio juosta su apsauginiu tur\u0117klu, Pramonin\u0117 konvejerio juosta 60W<\/h3>\n<p>The <strong>konvejerio juosta <span style=\"color: #ff0000;\">KAM<\/span><span style=\"color: #0000ff;\">R<\/span>c<\/strong> Jis pagamintas tik i\u0161 tvirto ner\u016bdijan\u010dio plieno, kuris yra patvarus, antikorozinis ir ner\u016bdijantis. Sukurta ilgam gyvenimui. Jis <span style=\"color: #008000;\"><strong>Kokybi\u0161kas variklis taupo energij\u0105<\/strong><\/span>, suma\u017eina s\u0105naudas, u\u017etikrina auk\u0161t\u0105 patikimum\u0105 ir garantuoja stabilum\u0105.<\/p>\n<p>The <strong>transportavimo stalas <span style=\"color: #ff0000;\">KAM<\/span><span style=\"color: #0000ff;\">R<\/span>CCTA60<\/strong> Jame yra labai antistatin\u0117 PVC juosta, kuri apsaugo gamin\u012f nuo trinties transportavimo metu padarytos \u017ealos. \u012esitikinkite, kad tur\u0117kl\u0173 auk\u0161tis puikiai atitinka gaminio auk\u0161t\u012f, o tai yra palanki transmisijos stabilumui ir d\u0117l to gaminys nenukris.<\/p>\n<p>Pastovaus grei\u010dio elektroninio reguliatoriaus grandin\u0117, u\u017etikrina didesn\u012f stabilum\u0105. Nor\u0117dami perkelti gaminius, tinkamai sureguliuokite konvejerio juostos greit\u012f.<\/p>\n<h6><strong>Garantija\u00a0<span style=\"color: #ff0000;\">KAM<\/span><span style=\"color: #0000ff;\">R<\/span>C 2 METAI<\/strong><\/h6>\n<h6><span style=\"color: #008000;\">Efektyvi konvejerio juosta, ma\u017eos s\u0105naudos 60W<\/span><\/h6>\n<h6><strong>\u012ftraukta technin\u0117 pagalba<\/strong><\/h6>\n<p>&nbsp;<\/p>\n<table role=\"presentation\" width=\"100%\" cellspacing=\"0\" cellpadding=\"0\">\n<tbody>\n<tr>\n<td class=\"attrLabels\">Garantija:<\/td>\n<td width=\"50.0%\">2 METAI<\/td>\n<\/tr>\n<tr>\n<td class=\"attrLabels\">Spalva:<\/td>\n<td width=\"50.0%\">Sidabras<\/td>\n<td class=\"attrLabels\">Auk\u0161tis:<\/td>\n<td width=\"50.0%\">74,9 cm<\/td>\n<\/tr>\n<tr>\n<td class=\"attrLabels\">Platinimo \u0161alis:<\/td>\n<td width=\"50.0%\">Ispanija, Vokietija, JAV<\/td>\n<td class=\"attrLabels\">Ilgas:<\/td>\n<td width=\"50.0%\">150 cm<\/td>\n<\/tr>\n<tr>\n<td class=\"attrLabels\">Prekinis \u017eenklas:<\/td>\n<td width=\"50.0%\">ARC<\/td>\n<td class=\"attrLabels\">Platus:<\/td>\n<td width=\"50.0%\">\u00a025 cm<\/td>\n<\/tr>\n<tr>\n<td class=\"attrLabels\">Produkto tipas:<\/td>\n<td width=\"50.0%\">Konvejerio juosta<\/td>\n<td class=\"attrLabels\">Galia:<\/td>\n<td width=\"50.0%\">60 W<\/td>\n<\/tr>\n<tr>\n<td class=\"attrLabels\">Gamintojo numeris:<\/td>\n<td width=\"50.0%\">ARCCTA60<\/td>\n<td class=\"attrLabels\">\u012etampa:<\/td>\n<td width=\"50.0%\">220V 50Hz<\/td>\n<\/tr>\n<tr>\n<td class=\"attrLabels\">Med\u017eiaga:<\/td>\n<td width=\"50.0%\">304 ner\u016bdijan\u010dio plieno, varinis variklis<\/td>\n<td class=\"attrLabels\">Veikimo greitis:<\/td>\n<td width=\"50.0%\">0 \u2013 82 min<\/td>\n<\/tr>\n<tr>\n<td class=\"attrLabels\">Montavimo \u012frankiai:<\/td>\n<td width=\"50.0%\">Taip<\/td>\n<td class=\"attrLabels\">Juostos plotis:<\/td>\n<td width=\"50.0%\">20 cm<\/td>\n<\/tr>\n<tr>\n<td class=\"attrLabels\">Svoris:<\/td>\n<td width=\"50.0%\">22 kg<\/td>\n<td class=\"attrLabels\">Juosta nuo \u017eem\u0117s:<\/td>\n<td width=\"50.0%\">75 cm<\/td>\n<\/tr>\n<\/tbody>\n<\/table>","protected":false},"excerpt":{"rendered":"<h2>Konvejerio juosta su apsauginiu tur\u0117klu, Pramonin\u0117 konvejerio juosta 60W<\/h2>\n<p><strong>PVC juostinis konvejeris<\/strong> i\u0161 <strong>ner\u016bdijan\u010dio plieno su vienu tur\u0117klu<\/strong> i\u0161 <strong><span style=\"color: #ff0000;\">KAM<\/span><span style=\"color: #0000ff;\">R<\/span>c<\/strong>. Jis gali b\u016bti naudojamas reaktyvinio kodo ma\u0161inoms arba gali b\u016bti naudojamas atskirai. Naudojant \u0161i\u0105 patikim\u0105 ma\u0161in\u0105,<strong> darbo efektyvumas ir greitis<\/strong> labai pagerins daugyb\u0119 taikymo sektori\u0173, \u012fskaitant maist\u0105, g\u0117rimus, farmacij\u0105, elektronines dalis, chemikalus ir automobili\u0173 dalis, sutaupys laiko ir darbo j\u0117gos bei gamybos s\u0105naud\u0173.<\/p>\n<h6><strong>Garantija\u00a0<span style=\"color: #ff0000;\">KAM<\/span><span style=\"color: #0000ff;\">R<\/span>C 2 METAI<\/strong><\/h6>\n<h6><span style=\"color: #008000;\">Efektyvi konvejerio juosta, ma\u017eos s\u0105naudos 60W<\/span><\/h6>\n<h6><strong>\u012ftraukta technin\u0117 pagalba<\/strong><\/h6>\n<p>&nbsp;<\/p>","protected":false},"featured_media":2831,"comment_status":"open","ping_status":"closed","template":"","meta":{"wds_primary_product_brand":0,"wds_primary_product_cat":0},"product_brand":[],"product_cat":[29,69],"product_tag":[],"class_list":{"0":"post-2830","1":"product","2":"type-product","3":"status-publish","4":"has-post-thumbnail","6":"product_cat-maquinas-industria-quimica","7":"product_cat-maquinas-variadas","8":"product_shipping_class-express","10":"first","11":"instock","12":"taxable","13":"shipping-taxable","14":"purchasable","15":"product-type-simple"},"yoast_head":"<!-- This site is optimized with the Yoast SEO Premium plugin v24.9 (Yoast SEO v26.1) - https:\/\/yoast.com\/wordpress\/plugins\/seo\/ -->\n<title>Cinta transportadora con barandilla, Banda transportadora industrial 60W - distribuci\u00f3n ARC<\/title>\n<meta name=\"robots\" content=\"index, follow, max-snippet:-1, max-image-preview:large, max-video-preview:-1\" \/>\n<link rel=\"canonical\" href=\"https:\/\/jagdesd.tempurl.host\/sk\/producto\/cinta-transportadora-con-barandilla-banda-transportadora-industrial-60w\/\" \/>\n<meta property=\"og:locale\" content=\"lt_LT\" \/>\n<meta property=\"og:type\" content=\"article\" \/>\n<meta property=\"og:title\" content=\"Cinta transportadora con barandilla, Banda transportadora industrial 60W\" \/>\n<meta property=\"og:description\" content=\"Cinta transportadora con barandilla, Banda transportadora industrial 60W Transportador de banda de PVC de acero inoxidable con barandilla simple de ARC. Se puede usar para m\u00e1quinas de c\u00f3digo de chorro o se puede usar de forma independiente. Al utilizar esta m\u00e1quina confiable, la eficiencia y la velocidad de trabajo mejorar\u00e1n enormemente en innumerables sectores de aplicaci\u00f3n, incluida la industria alimentaria, bebidas, farmac\u00e9utica, piezas electr\u00f3nicas, qu\u00edmicas y autopartes, lo que ahorrar\u00e1 tiempo y mano de obra, as\u00ed como costos de producci\u00f3n. Garant\u00eda\u00a0ARC 2 A\u00d1OS Cinta transportadora eficiente, bajo consumo\u00a0 60W soporte t\u00e9cnico incluido &nbsp;\" \/>\n<meta property=\"og:url\" content=\"https:\/\/jagdesd.tempurl.host\/sk\/producto\/cinta-transportadora-con-barandilla-banda-transportadora-industrial-60w\/\" \/>\n<meta property=\"og:site_name\" content=\"distribuci\u00f3n ARC\" \/>\n<meta property=\"article:modified_time\" content=\"2022-03-02T10:04:22+00:00\" \/>\n<meta property=\"og:image\" content=\"https:\/\/jagdesd.tempurl.host\/wp-content\/uploads\/2020\/08\/Cinta-transportadora-con-barandilla-Banda-transportadora-industrial-60W-0.jpg\" \/>\n\t<meta property=\"og:image:width\" content=\"1600\" \/>\n\t<meta property=\"og:image:height\" content=\"1600\" \/>\n\t<meta property=\"og:image:type\" content=\"image\/jpeg\" \/>\n<meta name=\"twitter:card\" content=\"summary_large_image\" \/>\n<meta name=\"twitter:label1\" content=\"Est. reading time\" \/>\n\t<meta name=\"twitter:data1\" content=\"1 minut\u0117\" \/>\n<script type=\"application\/ld+json\" class=\"yoast-schema-graph\">{\"@context\":\"https:\/\/schema.org\",\"@graph\":[{\"@type\":\"WebPage\",\"@id\":\"https:\/\/jagdesd.tempurl.host\/sk\/producto\/cinta-transportadora-con-barandilla-banda-transportadora-industrial-60w\/\",\"url\":\"https:\/\/jagdesd.tempurl.host\/sk\/producto\/cinta-transportadora-con-barandilla-banda-transportadora-industrial-60w\/\",\"name\":\"Cinta transportadora con barandilla, Banda transportadora industrial 60W - distribuci\u00f3n ARC\",\"isPartOf\":{\"@id\":\"https:\/\/distribucionarc.com\/ar\/#website\"},\"primaryImageOfPage\":{\"@id\":\"https:\/\/jagdesd.tempurl.host\/sk\/producto\/cinta-transportadora-con-barandilla-banda-transportadora-industrial-60w\/#primaryimage\"},\"image\":{\"@id\":\"https:\/\/jagdesd.tempurl.host\/sk\/producto\/cinta-transportadora-con-barandilla-banda-transportadora-industrial-60w\/#primaryimage\"},\"thumbnailUrl\":\"https:\/\/distribucionarc.com\/wp-content\/uploads\/2020\/08\/Cinta-transportadora-con-barandilla-Banda-transportadora-industrial-60W-0.jpg\",\"datePublished\":\"2020-08-24T14:40:16+00:00\",\"dateModified\":\"2022-03-02T10:04:22+00:00\",\"breadcrumb\":{\"@id\":\"https:\/\/jagdesd.tempurl.host\/sk\/producto\/cinta-transportadora-con-barandilla-banda-transportadora-industrial-60w\/#breadcrumb\"},\"inLanguage\":\"lt-LT\",\"potentialAction\":[{\"@type\":\"ReadAction\",\"target\":[\"https:\/\/jagdesd.tempurl.host\/sk\/producto\/cinta-transportadora-con-barandilla-banda-transportadora-industrial-60w\/\"]}]},{\"@type\":\"ImageObject\",\"inLanguage\":\"lt-LT\",\"@id\":\"https:\/\/jagdesd.tempurl.host\/sk\/producto\/cinta-transportadora-con-barandilla-banda-transportadora-industrial-60w\/#primaryimage\",\"url\":\"https:\/\/distribucionarc.com\/wp-content\/uploads\/2020\/08\/Cinta-transportadora-con-barandilla-Banda-transportadora-industrial-60W-0.jpg\",\"contentUrl\":\"https:\/\/distribucionarc.com\/wp-content\/uploads\/2020\/08\/Cinta-transportadora-con-barandilla-Banda-transportadora-industrial-60W-0.jpg\",\"width\":1600,\"height\":1600,\"caption\":\"Cinta transportadora con barandilla, Banda transportadora industrial 60W\"},{\"@type\":\"BreadcrumbList\",\"@id\":\"https:\/\/jagdesd.tempurl.host\/sk\/producto\/cinta-transportadora-con-barandilla-banda-transportadora-industrial-60w\/#breadcrumb\",\"itemListElement\":[{\"@type\":\"ListItem\",\"position\":1,\"name\":\"Portada\",\"item\":\"https:\/\/www.distribucionarc.com\/pt\/\"},{\"@type\":\"ListItem\",\"position\":2,\"name\":\"Produtos\",\"item\":\"https:\/\/www.distribucionarc.com\/pt\/shop\/\"},{\"@type\":\"ListItem\",\"position\":3,\"name\":\"Cinta transportadora con barandilla, Banda transportadora industrial 60W\"}]},{\"@type\":\"WebSite\",\"@id\":\"https:\/\/distribucionarc.com\/ar\/#website\",\"url\":\"https:\/\/distribucionarc.com\/ar\/\",\"name\":\"distribuci\u00f3n ARC\",\"description\":\"Empresa especializada en la fabricaci\u00f3n y distribuci\u00f3n de maquinaria industrial, selladoras de latas, Maquinas de hacer pastillas, Maquinas de cortar carne...\",\"publisher\":{\"@id\":\"https:\/\/distribucionarc.com\/ar\/#organization\"},\"potentialAction\":[{\"@type\":\"SearchAction\",\"target\":{\"@type\":\"EntryPoint\",\"urlTemplate\":\"https:\/\/distribucionarc.com\/ar\/?s={search_term_string}\"},\"query-input\":{\"@type\":\"PropertyValueSpecification\",\"valueRequired\":true,\"valueName\":\"search_term_string\"}}],\"inLanguage\":\"lt-LT\"},{\"@type\":\"Organization\",\"@id\":\"https:\/\/distribucionarc.com\/ar\/#organization\",\"name\":\"Distribuci\u00f3n ARC\",\"url\":\"https:\/\/distribucionarc.com\/ar\/\",\"logo\":{\"@type\":\"ImageObject\",\"inLanguage\":\"lt-LT\",\"@id\":\"https:\/\/distribucionarc.com\/ar\/#\/schema\/logo\/image\/\",\"url\":\"https:\/\/distribucionarc.com\/wp-content\/uploads\/2024\/10\/distribucion-ARC-COLOR-SIN-FONDO-e1732295305345.png\",\"contentUrl\":\"https:\/\/distribucionarc.com\/wp-content\/uploads\/2024\/10\/distribucion-ARC-COLOR-SIN-FONDO-e1732295305345.png\",\"width\":1164,\"height\":558,\"caption\":\"Distribuci\u00f3n ARC\"},\"image\":{\"@id\":\"https:\/\/distribucionarc.com\/ar\/#\/schema\/logo\/image\/\"},\"description\":\"Empresa especializada en la fabricaci\u00f3n y distribuci\u00f3n de maquinaria industrial para los sectores alimentario y farmac\u00e9utico. Nos especializamos en: M\u00e1quinas de cortar carne Fabricaci\u00f3n de comprimidos Sistemas de transporte industrial L\u00edneas de embotellado Dosificadores Y mucho m\u00e1s... Ofrecemos soluciones innovadoras y personalizadas para optimizar los procesos productivos de tu empresa.\",\"email\":\"Admistracion@distribucionarc.com\",\"telephone\":\"+34 643496664\",\"legalName\":\"ARC TECH SOLUTIONS\",\"foundingDate\":\"2024-04-09\",\"vatID\":\"B55480172\",\"numberOfEmployees\":{\"@type\":\"QuantitativeValue\",\"minValue\":\"1\",\"maxValue\":\"10\"}}]}<\/script>\n<!-- \/ Yoast SEO Premium plugin. -->","yoast_head_json":{"title":"Konvejerio juosta su apsauginiu tur\u0117klu, Pramonin\u0117 konvejerio juosta 60W - ARC paskirstymas","robots":{"index":"index","follow":"follow","max-snippet":"max-snippet:-1","max-image-preview":"max-image-preview:large","max-video-preview":"max-video-preview:-1"},"canonical":"https:\/\/jagdesd.tempurl.host\/sk\/producto\/cinta-transportadora-con-barandilla-banda-transportadora-industrial-60w\/","og_locale":"lt_LT","og_type":"article","og_title":"Cinta transportadora con barandilla, Banda transportadora industrial 60W","og_description":"Cinta transportadora con barandilla, Banda transportadora industrial 60W Transportador de banda de PVC de acero inoxidable con barandilla simple de ARC. Se puede usar para m\u00e1quinas de c\u00f3digo de chorro o se puede usar de forma independiente. Al utilizar esta m\u00e1quina confiable, la eficiencia y la velocidad de trabajo mejorar\u00e1n enormemente en innumerables sectores de aplicaci\u00f3n, incluida la industria alimentaria, bebidas, farmac\u00e9utica, piezas electr\u00f3nicas, qu\u00edmicas y autopartes, lo que ahorrar\u00e1 tiempo y mano de obra, as\u00ed como costos de producci\u00f3n. Garant\u00eda\u00a0ARC 2 A\u00d1OS Cinta transportadora eficiente, bajo consumo\u00a0 60W soporte t\u00e9cnico incluido &nbsp;","og_url":"https:\/\/jagdesd.tempurl.host\/sk\/producto\/cinta-transportadora-con-barandilla-banda-transportadora-industrial-60w\/","og_site_name":"distribuci\u00f3n ARC","article_modified_time":"2022-03-02T10:04:22+00:00","og_image":[{"width":1600,"height":1600,"url":"https:\/\/jagdesd.tempurl.host\/wp-content\/uploads\/2020\/08\/Cinta-transportadora-con-barandilla-Banda-transportadora-industrial-60W-0.jpg","type":"image\/jpeg"}],"twitter_card":"summary_large_image","twitter_misc":{"Est. reading time":"1 minut\u0117"},"schema":{"@context":"https:\/\/schema.org","@graph":[{"@type":"WebPage","@id":"https:\/\/jagdesd.tempurl.host\/sk\/producto\/cinta-transportadora-con-barandilla-banda-transportadora-industrial-60w\/","url":"https:\/\/jagdesd.tempurl.host\/sk\/producto\/cinta-transportadora-con-barandilla-banda-transportadora-industrial-60w\/","name":"Konvejerio juosta su apsauginiu tur\u0117klu, Pramonin\u0117 konvejerio juosta 60W - ARC paskirstymas","isPartOf":{"@id":"https:\/\/distribucionarc.com\/ar\/#website"},"primaryImageOfPage":{"@id":"https:\/\/jagdesd.tempurl.host\/sk\/producto\/cinta-transportadora-con-barandilla-banda-transportadora-industrial-60w\/#primaryimage"},"image":{"@id":"https:\/\/jagdesd.tempurl.host\/sk\/producto\/cinta-transportadora-con-barandilla-banda-transportadora-industrial-60w\/#primaryimage"},"thumbnailUrl":"https:\/\/distribucionarc.com\/wp-content\/uploads\/2020\/08\/Cinta-transportadora-con-barandilla-Banda-transportadora-industrial-60W-0.jpg","datePublished":"2020-08-24T14:40:16+00:00","dateModified":"2022-03-02T10:04:22+00:00","breadcrumb":{"@id":"https:\/\/jagdesd.tempurl.host\/sk\/producto\/cinta-transportadora-con-barandilla-banda-transportadora-industrial-60w\/#breadcrumb"},"inLanguage":"lt-LT","potentialAction":[{"@type":"ReadAction","target":["https:\/\/jagdesd.tempurl.host\/sk\/producto\/cinta-transportadora-con-barandilla-banda-transportadora-industrial-60w\/"]}]},{"@type":"ImageObject","inLanguage":"lt-LT","@id":"https:\/\/jagdesd.tempurl.host\/sk\/producto\/cinta-transportadora-con-barandilla-banda-transportadora-industrial-60w\/#primaryimage","url":"https:\/\/distribucionarc.com\/wp-content\/uploads\/2020\/08\/Cinta-transportadora-con-barandilla-Banda-transportadora-industrial-60W-0.jpg","contentUrl":"https:\/\/distribucionarc.com\/wp-content\/uploads\/2020\/08\/Cinta-transportadora-con-barandilla-Banda-transportadora-industrial-60W-0.jpg","width":1600,"height":1600,"caption":"Cinta transportadora con barandilla, Banda transportadora industrial 60W"},{"@type":"BreadcrumbList","@id":"https:\/\/jagdesd.tempurl.host\/sk\/producto\/cinta-transportadora-con-barandilla-banda-transportadora-industrial-60w\/#breadcrumb","itemListElement":[{"@type":"ListItem","position":1,"name":"Portada","item":"https:\/\/www.distribucionarc.com\/pt\/"},{"@type":"ListItem","position":2,"name":"Produtos","item":"https:\/\/www.distribucionarc.com\/pt\/shop\/"},{"@type":"ListItem","position":3,"name":"Cinta transportadora con barandilla, Banda transportadora industrial 60W"}]},{"@type":"WebSite","@id":"https:\/\/distribucionarc.com\/ar\/#website","url":"https:\/\/distribucionarc.com\/ar\/","name":"ARC paskirstymas","description":"\u012emon\u0117 specializuojasi pramonini\u0173 ma\u0161in\u0173, skardini\u0173 sandarinimo ma\u0161in\u0173, table\u010di\u0173 gamybos ma\u0161in\u0173, m\u0117sos pjaustymo ma\u0161in\u0173 gamyboje ir platinime...","publisher":{"@id":"https:\/\/distribucionarc.com\/ar\/#organization"},"potentialAction":[{"@type":"SearchAction","target":{"@type":"EntryPoint","urlTemplate":"https:\/\/distribucionarc.com\/ar\/?s={search_term_string}"},"query-input":{"@type":"PropertyValueSpecification","valueRequired":true,"valueName":"search_term_string"}}],"inLanguage":"lt-LT"},{"@type":"Organization","@id":"https:\/\/distribucionarc.com\/ar\/#organization","name":"ARC platinimas","url":"https:\/\/distribucionarc.com\/ar\/","logo":{"@type":"ImageObject","inLanguage":"lt-LT","@id":"https:\/\/distribucionarc.com\/ar\/#\/schema\/logo\/image\/","url":"https:\/\/distribucionarc.com\/wp-content\/uploads\/2024\/10\/distribucion-ARC-COLOR-SIN-FONDO-e1732295305345.png","contentUrl":"https:\/\/distribucionarc.com\/wp-content\/uploads\/2024\/10\/distribucion-ARC-COLOR-SIN-FONDO-e1732295305345.png","width":1164,"height":558,"caption":"Distribuci\u00f3n ARC"},"image":{"@id":"https:\/\/distribucionarc.com\/ar\/#\/schema\/logo\/image\/"},"description":"\u012emon\u0117 specializuojasi maisto ir farmacijos sektoriams skirt\u0173 pramonini\u0173 ma\u0161in\u0173 gamyboje ir platinime. M\u016bs\u0173 specializacija: M\u0117sos pjaustymo ma\u0161inos Table\u010di\u0173 gamyba Pramonin\u0117s transportavimo sistemos I\u0161pilstymo linijos Dozatoriai Ir dar daugiau... Si\u016blome novatori\u0161kus ir individualiems poreikiams pritaikytus sprendimus, kad optimizuotume j\u016bs\u0173 \u012fmon\u0117s gamybos procesus.","email":"Admistracion@distribucionarc.com","telephone":"+34 643496664","legalName":"ARC TECH SOLUTIONS","foundingDate":"2024-04-09","vatID":"B55480172","numberOfEmployees":{"@type":"QuantitativeValue","minValue":"1","maxValue":"10"}}]}},"_links":{"self":[{"href":"https:\/\/distribucionarc.com\/lt\/wp-json\/wp\/v2\/product\/2830","targetHints":{"allow":["GET"]}}],"collection":[{"href":"https:\/\/distribucionarc.com\/lt\/wp-json\/wp\/v2\/product"}],"about":[{"href":"https:\/\/distribucionarc.com\/lt\/wp-json\/wp\/v2\/types\/product"}],"replies":[{"embeddable":true,"href":"https:\/\/distribucionarc.com\/lt\/wp-json\/wp\/v2\/comments?post=2830"}],"version-history":[{"count":0,"href":"https:\/\/distribucionarc.com\/lt\/wp-json\/wp\/v2\/product\/2830\/revisions"}],"wp:featuredmedia":[{"embeddable":true,"href":"https:\/\/distribucionarc.com\/lt\/wp-json\/wp\/v2\/media\/2831"}],"wp:attachment":[{"href":"https:\/\/distribucionarc.com\/lt\/wp-json\/wp\/v2\/media?parent=2830"}],"wp:term":[{"taxonomy":"product_brand","embeddable":true,"href":"https:\/\/distribucionarc.com\/lt\/wp-json\/wp\/v2\/product_brand?post=2830"},{"taxonomy":"product_cat","embeddable":true,"href":"https:\/\/distribucionarc.com\/lt\/wp-json\/wp\/v2\/product_cat?post=2830"},{"taxonomy":"product_tag","embeddable":true,"href":"https:\/\/distribucionarc.com\/lt\/wp-json\/wp\/v2\/product_tag?post=2830"}],"curies":[{"name":"wp","href":"https:\/\/api.w.org\/{rel}","templated":true}]}}