{"id":2842,"date":"2020-08-24T15:07:04","date_gmt":"2020-08-24T15:07:04","guid":{"rendered":"https:\/\/distribucionarc.com\/?post_type=product&#038;p=2842"},"modified":"2020-11-17T07:49:05","modified_gmt":"2020-11-17T07:49:05","slug":"mini-blynu-masinele-50vnt","status":"publish","type":"product","link":"https:\/\/distribucionarc.com\/lt\/producto\/maquina-de-mini-panqueques-50pcs\/","title":{"rendered":"50 vnt mini blyn\u0173 aparatas"},"content":{"rendered":"<h3>50 vnt mini blyn\u0173 aparatas<\/h3>\n<p>Tai<strong>\u00a0blyn\u0173 ma\u0161ina<\/strong> profesionalus yra padengtas auk\u0161tos kokyb\u0117s, maistiniu ner\u016bdijan\u010dio plieno korpusu ir nepridegan\u010dia ketaus plok\u0161te. Higieni\u0161kas ir patvarus. Auk\u0161to laidumo ketaus plok\u0161t\u0117 tolygiai paskirsto \u0161ilum\u0105 ir suteikia\u00a0<strong>blynai<\/strong> auksin\u0117s spalvos su dideliu kepimo plotu (495 x 260 mm). Vienu metu i\u0161kepti iki 50 blyn\u0173 (45 x 10 mm) u\u017etrunka tik 3-5 minutes.<\/p>\n<p>The\u00a0<strong>ma\u0161ina i\u0161\u00a0<\/strong><b>blynai<\/b>\u00a0i\u0161 <strong><span style=\"color: #ff0000;\">KAM<\/span><span style=\"color: #0000ff;\">R<\/span>CMP50<\/strong> Jame yra du termostatai ir 5 minu\u010di\u0173 laikmatis, leid\u017eiantis atskirai valdyti dvi skirtingas sritis. Temperat\u016bros diapazonas 50-300\u00baC. I\u0161kepus blynus \u0161iuo aparatu galite juos tiesiog nuvalyti neabrazyvin\u0117mis kempin\u0117l\u0117mis ir trupu\u010diu ind\u0173 ploviklio, nes abrazyvin\u0117s kempin\u0117s gali pa\u017eeisti ar pa\u0161alinti nelipn\u0173 pavir\u0161i\u0173.<\/p>\n<h6><\/h6>\n<h6><b>Garantija<\/b><strong>\u00a0<\/strong><span style=\"color: #ff0000;\"><strong>KAM<\/strong><\/span><span style=\"color: #0000ff;\"><strong>R<\/strong><\/span><strong>C 2 METAI<\/strong><\/h6>\n<h6><span style=\"color: #008000;\"><b>Veiksminga blyn\u0173 kepimo ma\u0161ina, ma\u017eai suvartojanti 1450 W<\/b><\/span><\/h6>\n<h6><b>\u012ftraukta technin\u0117 pagalba.<\/b><\/h6>\n<p>&nbsp;<\/p>\n<table role=\"presentation\" width=\"100%\" cellspacing=\"0\" cellpadding=\"0\">\n<tbody>\n<tr>\n<td class=\"attrLabels\">Temperat\u016bra:<\/td>\n<td width=\"50.0%\">50-300\u00baC<\/td>\n<\/tr>\n<tr>\n<td class=\"attrLabels\">Platinimo \u0161alis:<\/td>\n<td width=\"50.0%\">Ispanija, Vokietija, JAV<\/td>\n<td class=\"attrLabels\">Svoris:<\/td>\n<td width=\"50.0%\">9 kg<\/td>\n<\/tr>\n<tr>\n<td class=\"attrLabels\">Prekinis \u017eenklas:<\/td>\n<td width=\"50.0%\">ARC<\/td>\n<td class=\"attrLabels\">Auk\u0161tis:<\/td>\n<td width=\"50.0%\">19 cm<\/td>\n<\/tr>\n<tr>\n<td class=\"attrLabels\">Spalva:<\/td>\n<td width=\"50.0%\">Sidabras<\/td>\n<td class=\"attrLabels\">Ilgas:<\/td>\n<td width=\"50.0%\">60 cm<\/td>\n<\/tr>\n<tr>\n<td class=\"attrLabels\">Produkto tipas:<\/td>\n<td width=\"50.0%\">Blyn\u0173 ma\u0161ina<\/td>\n<td class=\"attrLabels\">Platus:<\/td>\n<td width=\"50.0%\">32 cm<\/td>\n<\/tr>\n<tr>\n<td class=\"attrLabels\">Gamintojo numeris:<\/td>\n<td width=\"50.0%\">ARCMP50<\/td>\n<td class=\"attrLabels\">Galia:<\/td>\n<td width=\"50.0%\">1450 W<\/td>\n<\/tr>\n<tr>\n<td class=\"attrLabels\">Med\u017eiaga:<\/td>\n<td width=\"50.0%\">ner\u016bdijantis plienas, nelipnus<\/td>\n<td class=\"attrLabels\">\u012f\u0117jimo \u012ftampa<\/td>\n<td width=\"50.0%\">230V \u2013 50Hz<\/td>\n<\/tr>\n<tr>\n<td class=\"attrLabels\">Blyno dydis:<\/td>\n<td width=\"50.0%\">4,5x1 cm<\/td>\n<td class=\"attrLabels\">Garantija<\/td>\n<td width=\"50.0%\">\u00a0ARC 2 metai<\/td>\n<\/tr>\n<tr>\n<td class=\"attrLabels\">\u0160ildymo laikas:<\/td>\n<td width=\"50.0%\">0-5 min<\/td>\n<td class=\"attrLabels\">Paketo turinys<\/td>\n<td width=\"50.0%\">1 x blyn\u0173 aparatas<\/p>\n<p>4 x Valymo kempin\u0117s<\/p>\n<p>2 x \u0160epetys<\/p>\n<p>1 x skimeris<\/p>\n<p>1 x maisto \u017enypl\u0117s<\/td>\n<\/tr>\n<\/tbody>\n<\/table>\n<p>&nbsp;<\/p>","protected":false},"excerpt":{"rendered":"<h2>50 vnt mini blyn\u0173 aparatas<\/h2>\n<p><strong>Profesionali vaflin\u0117<\/strong>\u00a0<strong><span style=\"color: #ff0000;\">KAM<\/span><span style=\"color: #0000ff;\">R<\/span>c<\/strong> Ma\u017ei pur\u016bs, lengvos ir purios tekst\u016bros blyneliai. Puikiai tinka pusry\u010diams arba kaip u\u017ekandis. Su \u0161iuo\u00a0<strong>profesionali vaflin\u0117<\/strong>\u00a0<strong><span style=\"color: #ff0000;\">KAM<\/span><span style=\"color: #0000ff;\">R<\/span>CMP1<\/strong>, galima kepti iki <strong>50 blyn\u0173<\/strong> ma\u017eus vienu metu vos per 3\u20135 minutes, tod\u0117l jums patogiau \u0161\u012f u\u017ekand\u012f patiekti greitai, nelaukiant klient\u0173.<\/p>\n<h6><b>Garantija<\/b><strong>\u00a0<\/strong><span style=\"color: #ff0000;\"><strong>KAM<\/strong><\/span><span style=\"color: #0000ff;\"><strong>R<\/strong><\/span><strong>C 2 METAI<\/strong><\/h6>\n<h6><span style=\"color: #008000;\"><b>Veiksminga blyn\u0173 kepimo ma\u0161ina, ma\u017eai suvartojanti 1450 W<\/b><\/span><\/h6>\n<h6><b>\u012ftraukta technin\u0117 pagalba.<\/b><\/h6>","protected":false},"featured_media":2848,"comment_status":"open","ping_status":"closed","template":"","meta":{"wds_primary_product_brand":0,"wds_primary_product_cat":0},"product_brand":[],"product_cat":[51],"product_tag":[],"class_list":{"0":"post-2842","1":"product","2":"type-product","3":"status-publish","4":"has-post-thumbnail","6":"product_cat-gofreras-profesionales","7":"product_shipping_class-hosteleria","9":"first","10":"instock","11":"sale","12":"taxable","13":"shipping-taxable","14":"purchasable","15":"product-type-simple"},"yoast_head":"<!-- This site is optimized with the Yoast SEO Premium plugin v24.9 (Yoast SEO v26.1) - https:\/\/yoast.com\/wordpress\/plugins\/seo\/ -->\n<title>M\u00e1quina de mini panqueques 50pcs - distribuci\u00f3n ARC<\/title>\n<meta name=\"robots\" content=\"index, follow, max-snippet:-1, max-image-preview:large, max-video-preview:-1\" \/>\n<link rel=\"canonical\" href=\"https:\/\/distribucionarc.com\/lt\/produktas\/mini-blynu-masinele-50vnt\/\" \/>\n<meta property=\"og:locale\" content=\"lt_LT\" \/>\n<meta property=\"og:type\" content=\"article\" \/>\n<meta property=\"og:title\" content=\"M\u00e1quina de mini panqueques 50pcs\" \/>\n<meta property=\"og:description\" content=\"M\u00e1quina de mini panqueques 50pcs Gofrera profesional\u00a0ARC Peque\u00f1os panqueques esponjosos con una textura ligera y esponjosa. Perfecto para el desayuno o como aperitivo. Con esta\u00a0gofrera profesional\u00a0ARCMP1, puede hornear hasta 50 tortitas peque\u00f1as a la vez en s\u00f3lo 3-5 minutos, por lo que es m\u00e1s c\u00f3modo para usted servir este aperitivo r\u00e1pidamente sin hacer esperar a sus clientes. Garant\u00eda\u00a0ARC 2 A\u00d1OS Maquina de Panqueques eficiente, bajo consumo 1450 W soporte t\u00e9cnico incluido.\" \/>\n<meta property=\"og:url\" content=\"https:\/\/distribucionarc.com\/lt\/produktas\/mini-blynu-masinele-50vnt\/\" \/>\n<meta property=\"og:site_name\" content=\"distribuci\u00f3n ARC\" \/>\n<meta property=\"article:modified_time\" content=\"2020-11-17T07:49:05+00:00\" \/>\n<meta property=\"og:image\" content=\"https:\/\/distribucionarc.com\/wp-content\/uploads\/2020\/08\/M\u00e1quina-de-mini-panqueques-50pcs-0.jpg\" \/>\n\t<meta property=\"og:image:width\" content=\"1600\" \/>\n\t<meta property=\"og:image:height\" content=\"1600\" \/>\n\t<meta property=\"og:image:type\" content=\"image\/jpeg\" \/>\n<meta name=\"twitter:card\" content=\"summary_large_image\" \/>\n<meta name=\"twitter:label1\" content=\"Est. reading time\" \/>\n\t<meta name=\"twitter:data1\" content=\"1 minut\u0117\" \/>\n<script type=\"application\/ld+json\" class=\"yoast-schema-graph\">{\"@context\":\"https:\/\/schema.org\",\"@graph\":[{\"@type\":\"WebPage\",\"@id\":\"https:\/\/distribucionarc.com\/it\/producto\/maquina-de-mini-panqueques-50pcs\/\",\"url\":\"https:\/\/distribucionarc.com\/it\/producto\/maquina-de-mini-panqueques-50pcs\/\",\"name\":\"M\u00e1quina de mini panqueques 50pcs - distribuci\u00f3n ARC\",\"isPartOf\":{\"@id\":\"https:\/\/distribucionarc.com\/de\/#website\"},\"primaryImageOfPage\":{\"@id\":\"https:\/\/distribucionarc.com\/it\/producto\/maquina-de-mini-panqueques-50pcs\/#primaryimage\"},\"image\":{\"@id\":\"https:\/\/distribucionarc.com\/it\/producto\/maquina-de-mini-panqueques-50pcs\/#primaryimage\"},\"thumbnailUrl\":\"https:\/\/distribucionarc.com\/wp-content\/uploads\/2020\/08\/M\u00e1quina-de-mini-panqueques-50pcs-0.jpg\",\"datePublished\":\"2020-08-24T15:07:04+00:00\",\"dateModified\":\"2020-11-17T07:49:05+00:00\",\"breadcrumb\":{\"@id\":\"https:\/\/distribucionarc.com\/it\/producto\/maquina-de-mini-panqueques-50pcs\/#breadcrumb\"},\"inLanguage\":\"lt-LT\",\"potentialAction\":[{\"@type\":\"ReadAction\",\"target\":[\"https:\/\/distribucionarc.com\/it\/producto\/maquina-de-mini-panqueques-50pcs\/\"]}]},{\"@type\":\"ImageObject\",\"inLanguage\":\"lt-LT\",\"@id\":\"https:\/\/distribucionarc.com\/it\/producto\/maquina-de-mini-panqueques-50pcs\/#primaryimage\",\"url\":\"https:\/\/distribucionarc.com\/wp-content\/uploads\/2020\/08\/M\u00e1quina-de-mini-panqueques-50pcs-0.jpg\",\"contentUrl\":\"https:\/\/distribucionarc.com\/wp-content\/uploads\/2020\/08\/M\u00e1quina-de-mini-panqueques-50pcs-0.jpg\",\"width\":1600,\"height\":1600,\"caption\":\"M\u00e1quina de mini panqueques 50pcs\"},{\"@type\":\"BreadcrumbList\",\"@id\":\"https:\/\/distribucionarc.com\/it\/producto\/maquina-de-mini-panqueques-50pcs\/#breadcrumb\",\"itemListElement\":[{\"@type\":\"ListItem\",\"position\":1,\"name\":\"Portada\",\"item\":\"https:\/\/distribucionarc.com\/pl\/\"},{\"@type\":\"ListItem\",\"position\":2,\"name\":\"Produkty\",\"item\":\"https:\/\/distribucionarc.com\/pl\/shop\/\"},{\"@type\":\"ListItem\",\"position\":3,\"name\":\"M\u00e1quina de mini panqueques 50pcs\"}]},{\"@type\":\"WebSite\",\"@id\":\"https:\/\/distribucionarc.com\/de\/#website\",\"url\":\"https:\/\/distribucionarc.com\/de\/\",\"name\":\"distribuci\u00f3n ARC\",\"description\":\"Empresa especializada en la fabricaci\u00f3n y distribuci\u00f3n de maquinaria industrial, selladoras de latas, Maquinas de hacer pastillas, Maquinas de cortar carne...\",\"publisher\":{\"@id\":\"https:\/\/distribucionarc.com\/de\/#organization\"},\"potentialAction\":[{\"@type\":\"SearchAction\",\"target\":{\"@type\":\"EntryPoint\",\"urlTemplate\":\"https:\/\/distribucionarc.com\/de\/?s={search_term_string}\"},\"query-input\":{\"@type\":\"PropertyValueSpecification\",\"valueRequired\":true,\"valueName\":\"search_term_string\"}}],\"inLanguage\":\"lt-LT\"},{\"@type\":\"Organization\",\"@id\":\"https:\/\/distribucionarc.com\/de\/#organization\",\"name\":\"Distribuci\u00f3n ARC\",\"url\":\"https:\/\/distribucionarc.com\/de\/\",\"logo\":{\"@type\":\"ImageObject\",\"inLanguage\":\"lt-LT\",\"@id\":\"https:\/\/distribucionarc.com\/de\/#\/schema\/logo\/image\/\",\"url\":\"https:\/\/distribucionarc.com\/wp-content\/uploads\/2024\/10\/distribucion-ARC-COLOR-SIN-FONDO-e1732295305345.png\",\"contentUrl\":\"https:\/\/distribucionarc.com\/wp-content\/uploads\/2024\/10\/distribucion-ARC-COLOR-SIN-FONDO-e1732295305345.png\",\"width\":1164,\"height\":558,\"caption\":\"Distribuci\u00f3n ARC\"},\"image\":{\"@id\":\"https:\/\/distribucionarc.com\/de\/#\/schema\/logo\/image\/\"},\"description\":\"Empresa especializada en la fabricaci\u00f3n y distribuci\u00f3n de maquinaria industrial para los sectores alimentario y farmac\u00e9utico. Nos especializamos en: M\u00e1quinas de cortar carne Fabricaci\u00f3n de comprimidos Sistemas de transporte industrial L\u00edneas de embotellado Dosificadores Y mucho m\u00e1s... Ofrecemos soluciones innovadoras y personalizadas para optimizar los procesos productivos de tu empresa.\",\"email\":\"Admistracion@distribucionarc.com\",\"telephone\":\"+34 643496664\",\"legalName\":\"ARC TECH SOLUTIONS\",\"foundingDate\":\"2024-04-09\",\"vatID\":\"B55480172\",\"numberOfEmployees\":{\"@type\":\"QuantitativeValue\",\"minValue\":\"1\",\"maxValue\":\"10\"}}]}<\/script>\n<!-- \/ Yoast SEO Premium plugin. -->","yoast_head_json":{"title":"Mini blyn\u0173 aparatas 50vnt - ARC platinimas","robots":{"index":"index","follow":"follow","max-snippet":"max-snippet:-1","max-image-preview":"max-image-preview:large","max-video-preview":"max-video-preview:-1"},"canonical":"https:\/\/distribucionarc.com\/lt\/produktas\/mini-blynu-masinele-50vnt\/","og_locale":"lt_LT","og_type":"article","og_title":"M\u00e1quina de mini panqueques 50pcs","og_description":"M\u00e1quina de mini panqueques 50pcs Gofrera profesional\u00a0ARC Peque\u00f1os panqueques esponjosos con una textura ligera y esponjosa. Perfecto para el desayuno o como aperitivo. Con esta\u00a0gofrera profesional\u00a0ARCMP1, puede hornear hasta 50 tortitas peque\u00f1as a la vez en s\u00f3lo 3-5 minutos, por lo que es m\u00e1s c\u00f3modo para usted servir este aperitivo r\u00e1pidamente sin hacer esperar a sus clientes. Garant\u00eda\u00a0ARC 2 A\u00d1OS Maquina de Panqueques eficiente, bajo consumo 1450 W soporte t\u00e9cnico incluido.","og_url":"https:\/\/distribucionarc.com\/lt\/produktas\/mini-blynu-masinele-50vnt\/","og_site_name":"distribuci\u00f3n ARC","article_modified_time":"2020-11-17T07:49:05+00:00","og_image":[{"width":1600,"height":1600,"url":"https:\/\/distribucionarc.com\/wp-content\/uploads\/2020\/08\/M\u00e1quina-de-mini-panqueques-50pcs-0.jpg","type":"image\/jpeg"}],"twitter_card":"summary_large_image","twitter_misc":{"Est. reading time":"1 minut\u0117"},"schema":{"@context":"https:\/\/schema.org","@graph":[{"@type":"WebPage","@id":"https:\/\/distribucionarc.com\/it\/producto\/maquina-de-mini-panqueques-50pcs\/","url":"https:\/\/distribucionarc.com\/it\/producto\/maquina-de-mini-panqueques-50pcs\/","name":"Mini blyn\u0173 aparatas 50vnt - ARC platinimas","isPartOf":{"@id":"https:\/\/distribucionarc.com\/de\/#website"},"primaryImageOfPage":{"@id":"https:\/\/distribucionarc.com\/it\/producto\/maquina-de-mini-panqueques-50pcs\/#primaryimage"},"image":{"@id":"https:\/\/distribucionarc.com\/it\/producto\/maquina-de-mini-panqueques-50pcs\/#primaryimage"},"thumbnailUrl":"https:\/\/distribucionarc.com\/wp-content\/uploads\/2020\/08\/M\u00e1quina-de-mini-panqueques-50pcs-0.jpg","datePublished":"2020-08-24T15:07:04+00:00","dateModified":"2020-11-17T07:49:05+00:00","breadcrumb":{"@id":"https:\/\/distribucionarc.com\/it\/producto\/maquina-de-mini-panqueques-50pcs\/#breadcrumb"},"inLanguage":"lt-LT","potentialAction":[{"@type":"ReadAction","target":["https:\/\/distribucionarc.com\/it\/producto\/maquina-de-mini-panqueques-50pcs\/"]}]},{"@type":"ImageObject","inLanguage":"lt-LT","@id":"https:\/\/distribucionarc.com\/it\/producto\/maquina-de-mini-panqueques-50pcs\/#primaryimage","url":"https:\/\/distribucionarc.com\/wp-content\/uploads\/2020\/08\/M\u00e1quina-de-mini-panqueques-50pcs-0.jpg","contentUrl":"https:\/\/distribucionarc.com\/wp-content\/uploads\/2020\/08\/M\u00e1quina-de-mini-panqueques-50pcs-0.jpg","width":1600,"height":1600,"caption":"M\u00e1quina de mini panqueques 50pcs"},{"@type":"BreadcrumbList","@id":"https:\/\/distribucionarc.com\/it\/producto\/maquina-de-mini-panqueques-50pcs\/#breadcrumb","itemListElement":[{"@type":"ListItem","position":1,"name":"Portada","item":"https:\/\/distribucionarc.com\/pl\/"},{"@type":"ListItem","position":2,"name":"Produkty","item":"https:\/\/distribucionarc.com\/pl\/shop\/"},{"@type":"ListItem","position":3,"name":"M\u00e1quina de mini panqueques 50pcs"}]},{"@type":"WebSite","@id":"https:\/\/distribucionarc.com\/de\/#website","url":"https:\/\/distribucionarc.com\/de\/","name":"ARC paskirstymas","description":"\u012emon\u0117 specializuojasi pramonini\u0173 ma\u0161in\u0173, skardini\u0173 sandarinimo ma\u0161in\u0173, table\u010di\u0173 gamybos ma\u0161in\u0173, m\u0117sos pjaustymo ma\u0161in\u0173 gamyboje ir platinime...","publisher":{"@id":"https:\/\/distribucionarc.com\/de\/#organization"},"potentialAction":[{"@type":"SearchAction","target":{"@type":"EntryPoint","urlTemplate":"https:\/\/distribucionarc.com\/de\/?s={search_term_string}"},"query-input":{"@type":"PropertyValueSpecification","valueRequired":true,"valueName":"search_term_string"}}],"inLanguage":"lt-LT"},{"@type":"Organization","@id":"https:\/\/distribucionarc.com\/de\/#organization","name":"ARC platinimas","url":"https:\/\/distribucionarc.com\/de\/","logo":{"@type":"ImageObject","inLanguage":"lt-LT","@id":"https:\/\/distribucionarc.com\/de\/#\/schema\/logo\/image\/","url":"https:\/\/distribucionarc.com\/wp-content\/uploads\/2024\/10\/distribucion-ARC-COLOR-SIN-FONDO-e1732295305345.png","contentUrl":"https:\/\/distribucionarc.com\/wp-content\/uploads\/2024\/10\/distribucion-ARC-COLOR-SIN-FONDO-e1732295305345.png","width":1164,"height":558,"caption":"Distribuci\u00f3n ARC"},"image":{"@id":"https:\/\/distribucionarc.com\/de\/#\/schema\/logo\/image\/"},"description":"\u012emon\u0117 specializuojasi maisto ir farmacijos sektoriams skirt\u0173 pramonini\u0173 ma\u0161in\u0173 gamyboje ir platinime. M\u016bs\u0173 specializacija: M\u0117sos pjaustymo ma\u0161inos Table\u010di\u0173 gamyba Pramonin\u0117s transportavimo sistemos I\u0161pilstymo linijos Dozatoriai Ir dar daugiau... Si\u016blome novatori\u0161kus ir individualiems poreikiams pritaikytus sprendimus, kad optimizuotume j\u016bs\u0173 \u012fmon\u0117s gamybos procesus.","email":"Admistracion@distribucionarc.com","telephone":"+34 643496664","legalName":"ARC TECH SOLUTIONS","foundingDate":"2024-04-09","vatID":"B55480172","numberOfEmployees":{"@type":"QuantitativeValue","minValue":"1","maxValue":"10"}}]}},"_links":{"self":[{"href":"https:\/\/distribucionarc.com\/lt\/wp-json\/wp\/v2\/product\/2842","targetHints":{"allow":["GET"]}}],"collection":[{"href":"https:\/\/distribucionarc.com\/lt\/wp-json\/wp\/v2\/product"}],"about":[{"href":"https:\/\/distribucionarc.com\/lt\/wp-json\/wp\/v2\/types\/product"}],"replies":[{"embeddable":true,"href":"https:\/\/distribucionarc.com\/lt\/wp-json\/wp\/v2\/comments?post=2842"}],"version-history":[{"count":0,"href":"https:\/\/distribucionarc.com\/lt\/wp-json\/wp\/v2\/product\/2842\/revisions"}],"wp:featuredmedia":[{"embeddable":true,"href":"https:\/\/distribucionarc.com\/lt\/wp-json\/wp\/v2\/media\/2848"}],"wp:attachment":[{"href":"https:\/\/distribucionarc.com\/lt\/wp-json\/wp\/v2\/media?parent=2842"}],"wp:term":[{"taxonomy":"product_brand","embeddable":true,"href":"https:\/\/distribucionarc.com\/lt\/wp-json\/wp\/v2\/product_brand?post=2842"},{"taxonomy":"product_cat","embeddable":true,"href":"https:\/\/distribucionarc.com\/lt\/wp-json\/wp\/v2\/product_cat?post=2842"},{"taxonomy":"product_tag","embeddable":true,"href":"https:\/\/distribucionarc.com\/lt\/wp-json\/wp\/v2\/product_tag?post=2842"}],"curies":[{"name":"wp","href":"https:\/\/api.w.org\/{rel}","templated":true}]}}