{"id":2881,"date":"2020-08-25T11:44:51","date_gmt":"2020-08-25T11:44:51","guid":{"rendered":"https:\/\/distribucionarc.com\/?post_type=product&#038;p=2881"},"modified":"2020-10-01T11:17:22","modified_gmt":"2020-10-01T11:17:22","slug":"automatinis-kabelio-nuplesimas-15-38mm","status":"publish","type":"product","link":"https:\/\/distribucionarc.com\/lt\/producto\/peladora-de-cables-automatica-15-38mm\/","title":{"rendered":"Automatinis kabeli\u0173 nu\u0117miklis 1,5 \u2013 38mm"},"content":{"rendered":"<h3>Automatinis kabeli\u0173 nu\u0117miklis 1,5 \u2013 38mm<\/h3>\n<p>Ne\u0161iojama ir lengva konstrukcija leid\u017eia lengvai transportuoti <strong>automatinis kabeli\u0173 nu\u0117miklis <span style=\"color: #ff0000;\">KAM<\/span><span style=\"color: #0000ff;\">R<\/span>c<\/strong>. Pagaminta i\u0161 patvaraus plieno, kad b\u016bt\u0173 u\u017etikrintas jo tvirtumas ir saugumas proceso metu. Lengvai valdomas su 4 montavimo angomis.<\/p>\n<p>Galingas 400 vat\u0173, 1 faz\u0117s keturpolio variklio dizainas, pasiekia greit\u012f: 1400 aps.\/min, turi apsaug\u0105: IP44. Pjovimo ratai yra didelio kietumo ir ner\u016bdijantys. D\u0117l variklio galios lupimo greitis yra greitas.<\/p>\n<p>Su <strong>kabeli\u0173 nu\u0117miklis<span style=\"color: #ff0000;\"> KAM<\/span><span style=\"color: #0000ff;\">R<\/span>CPCE400<\/strong> Galite atlikti automatin\u012f arba \u0161vaistiklio proces\u0105, atsi\u017evelgdami \u012f \u012fvairius kylan\u010dius poreikius. Jis gali nuimti apvalius arba plok\u0161\u010dius kabelius su dangteliu nuo 1,5 mm iki 38 mm.  Pjovimo ilgis gali b\u016bti 150-99999 mm<\/p>\n<h6><strong>Garantija\u00a0<span style=\"color: #ff0000;\">KAM<\/span><span style=\"color: #0000ff;\">R<\/span>C 2 METAI<\/strong><\/h6>\n<h6><span style=\"color: #008000;\">Efektyvus kabeli\u0173 nu\u0117miklis, ma\u017eos s\u0105naudos 320w<\/span><\/h6>\n<h6><strong>\u012ftraukta technin\u0117 pagalba<\/strong><\/h6>\n<p>&nbsp;<\/p>\n<table role=\"presentation\" width=\"100%\" cellspacing=\"0\" cellpadding=\"0\">\n<tbody>\n<tr>\n<td class=\"attrLabels\">Prekinis \u017eenklas:<\/td>\n<td width=\"50.0%\">ARC<\/td>\n<\/tr>\n<tr>\n<td class=\"attrLabels\">Platinimo \u0161alis:<\/td>\n<td width=\"50.0%\">Ispanija, Vokietija, JAV<\/td>\n<td class=\"attrLabels\">Svoris:<\/td>\n<td width=\"50.0%\">45 kg<\/td>\n<\/tr>\n<tr>\n<td class=\"attrLabels\">Prekinis \u017eenklas:<\/td>\n<td width=\"50.0%\">ARC<\/td>\n<td class=\"attrLabels\">Auk\u0161tis:<\/td>\n<td width=\"50.0%\">32,2 cm<\/td>\n<\/tr>\n<tr>\n<td class=\"attrLabels\">Spalva:<\/td>\n<td width=\"50.0%\">Juoda, geltona<\/td>\n<td class=\"attrLabels\">Ilgas:<\/td>\n<td width=\"50.0%\">81,5 cm<\/td>\n<\/tr>\n<tr>\n<td class=\"attrLabels\">Produkto tipas:<\/td>\n<td width=\"50.0%\">elektrinis mal\u016bn\u0117lis<\/td>\n<td class=\"attrLabels\">Platus:<\/td>\n<td width=\"50.0%\">34,3 cm<\/td>\n<\/tr>\n<tr>\n<td class=\"attrLabels\">Gamintojo numeris:<\/td>\n<td width=\"50.0%\">ARCPCE400<\/td>\n<td class=\"attrLabels\">Apsaugos lygis:<\/td>\n<td width=\"50.0%\">IP44<\/td>\n<\/tr>\n<tr>\n<td class=\"attrLabels\">Med\u017eiaga:<\/td>\n<td width=\"50.0%\">plieninis, efektyvus variklis<\/td>\n<td class=\"attrLabels\">Vardinis greitis:<\/td>\n<td width=\"50.0%\">14000 aps.\/min<\/td>\n<\/tr>\n<tr>\n<td class=\"attrLabels\">Garantija:<\/td>\n<td width=\"50.0%\">\u00a0 2 metai<\/td>\n<td class=\"attrLabels\">Lizdai:<\/td>\n<td width=\"50.0%\">8 apvalios ir 2 plok\u0161\u010dios skyl\u0117s<\/td>\n<\/tr>\n<tr>\n<td class=\"attrLabels\">Galia:<\/td>\n<td width=\"50.0%\">320W<\/td>\n<td class=\"attrLabels\">A\u0161menys:<\/td>\n<td width=\"50.0%\">10<\/td>\n<\/tr>\n<\/tbody>\n<\/table>","protected":false},"excerpt":{"rendered":"<h2>Automatinis kabeli\u0173 nu\u0117miklis 1,5 \u2013 38mm<\/h2>\n<p>The <strong>automatin\u0117 vielos nu\u0117mimo ma\u0161ina<\/strong> darbalaukis <strong><span style=\"color: #ff0000;\">KAM<\/span><span style=\"color: #0000ff;\">R<\/span>c<\/strong> nupl\u0117\u0161 viel\u0105 nuo 1,5 mm iki 38 mm. Sukurtas taip, kad b\u016bt\u0173 ne\u0161iojamas, su visi\u0161kai apsaugotais peiliais ir avarinio sustabdymo mygtuku, kad b\u016bt\u0173 u\u017etikrintas saugumas. Gryno vario variklis, kurio vardinis greitis yra 1400 aps.\/min., skirtas greitam ir stabiliam vielos pa\u0161alinimui. \u0160i vario nu\u0117mimo ma\u0161ina idealiai tinka \u012fvairi\u0173 tip\u0173 apvaliems kabeliams ir plok\u0161\u010diam apvalkalui.<\/p>\n<h6><strong>Garantija\u00a0<span style=\"color: #ff0000;\">KAM<\/span><span style=\"color: #0000ff;\">R<\/span>C 2 METAI<\/strong><\/h6>\n<h6><span style=\"color: #008000;\">Efektyvus kabeli\u0173 nu\u0117miklis, ma\u017eos s\u0105naudos 320w<\/span><\/h6>\n<h6><strong>\u012ftraukta technin\u0117 pagalba<\/strong><\/h6>","protected":false},"featured_media":2892,"comment_status":"open","ping_status":"closed","template":"","meta":{"wds_primary_product_brand":0,"wds_primary_product_cat":0},"product_brand":[],"product_cat":[69],"product_tag":[],"class_list":{"0":"post-2881","1":"product","2":"type-product","3":"status-publish","4":"has-post-thumbnail","6":"product_cat-maquinas-variadas","7":"product_shipping_class-express","9":"first","10":"instock","11":"sale","12":"taxable","13":"shipping-taxable","14":"purchasable","15":"product-type-simple"},"yoast_head":"<!-- This site is optimized with the Yoast SEO Premium plugin v24.9 (Yoast SEO v26.1) - https:\/\/yoast.com\/wordpress\/plugins\/seo\/ -->\n<title>Peladora de cables autom\u00e1tica 1,5 - 38mm - distribuci\u00f3n ARC<\/title>\n<meta name=\"robots\" content=\"index, follow, max-snippet:-1, max-image-preview:large, max-video-preview:-1\" \/>\n<link rel=\"canonical\" href=\"https:\/\/www.distribucionarc.com\/nb\/producto\/peladora-de-cables-automatica-15-38mm\/\" \/>\n<meta property=\"og:locale\" content=\"lt_LT\" \/>\n<meta property=\"og:type\" content=\"article\" \/>\n<meta property=\"og:title\" content=\"Peladora de cables autom\u00e1tica 1,5 - 38mm\" \/>\n<meta property=\"og:description\" content=\"Peladora de cables autom\u00e1tica 1,5 - 38mm La m\u00e1quina peladora de cables autom\u00e1tica de sobremesa ARC pelar\u00e1 alambre de hasta 1.5 mm a 38mm. Dise\u00f1ado para ser port\u00e1til, con cuchillas totalmente protegidas y bot\u00f3n de parada de emergencia para garantizar la seguridad. El Motor de cobre puro con velocidad nominal de 1400Rpm, para pelar cables de forma r\u00e1pida y estable. Esta m\u00e1quina peladora de cobre es ideal para varios tipos de cables redondos y cables planos de cubierta. Garant\u00eda\u00a0ARC 2 A\u00d1OS Peladora de cable eficiente, bajo consumo 320w soporte t\u00e9cnico incluido\" \/>\n<meta property=\"og:url\" content=\"https:\/\/www.distribucionarc.com\/nb\/producto\/peladora-de-cables-automatica-15-38mm\/\" \/>\n<meta property=\"og:site_name\" content=\"distribuci\u00f3n ARC\" \/>\n<meta property=\"article:modified_time\" content=\"2020-10-01T11:17:22+00:00\" \/>\n<meta property=\"og:image\" content=\"https:\/\/distribucionarc.com\/wp-content\/uploads\/2020\/08\/Peladora-de-cables-autom\u00e1tica-1-5-38mm-0.jpg\" \/>\n\t<meta property=\"og:image:width\" content=\"1600\" \/>\n\t<meta property=\"og:image:height\" content=\"1600\" \/>\n\t<meta property=\"og:image:type\" content=\"image\/jpeg\" \/>\n<meta name=\"twitter:card\" content=\"summary_large_image\" \/>\n<meta name=\"twitter:label1\" content=\"Est. reading time\" \/>\n\t<meta name=\"twitter:data1\" content=\"1 minut\u0117\" \/>\n<script type=\"application\/ld+json\" class=\"yoast-schema-graph\">{\"@context\":\"https:\/\/schema.org\",\"@graph\":[{\"@type\":\"WebPage\",\"@id\":\"https:\/\/www.distribucionarc.com\/nb\/producto\/peladora-de-cables-automatica-15-38mm\/\",\"url\":\"https:\/\/www.distribucionarc.com\/nb\/producto\/peladora-de-cables-automatica-15-38mm\/\",\"name\":\"Peladora de cables autom\u00e1tica 1,5 - 38mm - distribuci\u00f3n ARC\",\"isPartOf\":{\"@id\":\"https:\/\/distribucionarc.com\/pl\/#website\"},\"primaryImageOfPage\":{\"@id\":\"https:\/\/www.distribucionarc.com\/nb\/producto\/peladora-de-cables-automatica-15-38mm\/#primaryimage\"},\"image\":{\"@id\":\"https:\/\/www.distribucionarc.com\/nb\/producto\/peladora-de-cables-automatica-15-38mm\/#primaryimage\"},\"thumbnailUrl\":\"https:\/\/distribucionarc.com\/wp-content\/uploads\/2020\/08\/Peladora-de-cables-autom\u00e1tica-1-5-38mm-0.jpg\",\"datePublished\":\"2020-08-25T11:44:51+00:00\",\"dateModified\":\"2020-10-01T11:17:22+00:00\",\"breadcrumb\":{\"@id\":\"https:\/\/www.distribucionarc.com\/nb\/producto\/peladora-de-cables-automatica-15-38mm\/#breadcrumb\"},\"inLanguage\":\"lt-LT\",\"potentialAction\":[{\"@type\":\"ReadAction\",\"target\":[\"https:\/\/www.distribucionarc.com\/nb\/producto\/peladora-de-cables-automatica-15-38mm\/\"]}]},{\"@type\":\"ImageObject\",\"inLanguage\":\"lt-LT\",\"@id\":\"https:\/\/www.distribucionarc.com\/nb\/producto\/peladora-de-cables-automatica-15-38mm\/#primaryimage\",\"url\":\"https:\/\/distribucionarc.com\/wp-content\/uploads\/2020\/08\/Peladora-de-cables-autom\u00e1tica-1-5-38mm-0.jpg\",\"contentUrl\":\"https:\/\/distribucionarc.com\/wp-content\/uploads\/2020\/08\/Peladora-de-cables-autom\u00e1tica-1-5-38mm-0.jpg\",\"width\":1600,\"height\":1600,\"caption\":\"Peladora de cables autom\u00e1tica 1,5 - 38mm\"},{\"@type\":\"BreadcrumbList\",\"@id\":\"https:\/\/www.distribucionarc.com\/nb\/producto\/peladora-de-cables-automatica-15-38mm\/#breadcrumb\",\"itemListElement\":[{\"@type\":\"ListItem\",\"position\":1,\"name\":\"Portada\",\"item\":\"https:\/\/www.distribucionarc.com\/tr\/\"},{\"@type\":\"ListItem\",\"position\":2,\"name\":\"Izdelki\",\"item\":\"https:\/\/www.distribucionarc.com\/sl\/trgovina\/\"},{\"@type\":\"ListItem\",\"position\":3,\"name\":\"Peladora de cables autom\u00e1tica 1,5 &#8211; 38mm\"}]},{\"@type\":\"WebSite\",\"@id\":\"https:\/\/distribucionarc.com\/pl\/#website\",\"url\":\"https:\/\/distribucionarc.com\/pl\/\",\"name\":\"distribuci\u00f3n ARC\",\"description\":\"Empresa especializada en la fabricaci\u00f3n y distribuci\u00f3n de maquinaria industrial, selladoras de latas, Maquinas de hacer pastillas, Maquinas de cortar carne...\",\"publisher\":{\"@id\":\"https:\/\/distribucionarc.com\/pl\/#organization\"},\"potentialAction\":[{\"@type\":\"SearchAction\",\"target\":{\"@type\":\"EntryPoint\",\"urlTemplate\":\"https:\/\/distribucionarc.com\/pl\/?s={search_term_string}\"},\"query-input\":{\"@type\":\"PropertyValueSpecification\",\"valueRequired\":true,\"valueName\":\"search_term_string\"}}],\"inLanguage\":\"lt-LT\"},{\"@type\":\"Organization\",\"@id\":\"https:\/\/distribucionarc.com\/pl\/#organization\",\"name\":\"Distribuci\u00f3n ARC\",\"url\":\"https:\/\/distribucionarc.com\/pl\/\",\"logo\":{\"@type\":\"ImageObject\",\"inLanguage\":\"lt-LT\",\"@id\":\"https:\/\/distribucionarc.com\/pl\/#\/schema\/logo\/image\/\",\"url\":\"https:\/\/distribucionarc.com\/wp-content\/uploads\/2024\/10\/distribucion-ARC-COLOR-SIN-FONDO-e1732295305345.png\",\"contentUrl\":\"https:\/\/distribucionarc.com\/wp-content\/uploads\/2024\/10\/distribucion-ARC-COLOR-SIN-FONDO-e1732295305345.png\",\"width\":1164,\"height\":558,\"caption\":\"Distribuci\u00f3n ARC\"},\"image\":{\"@id\":\"https:\/\/distribucionarc.com\/pl\/#\/schema\/logo\/image\/\"},\"description\":\"Empresa especializada en la fabricaci\u00f3n y distribuci\u00f3n de maquinaria industrial para los sectores alimentario y farmac\u00e9utico. Nos especializamos en: M\u00e1quinas de cortar carne Fabricaci\u00f3n de comprimidos Sistemas de transporte industrial L\u00edneas de embotellado Dosificadores Y mucho m\u00e1s... Ofrecemos soluciones innovadoras y personalizadas para optimizar los procesos productivos de tu empresa.\",\"email\":\"Admistracion@distribucionarc.com\",\"telephone\":\"+34 643496664\",\"legalName\":\"ARC TECH SOLUTIONS\",\"foundingDate\":\"2024-04-09\",\"vatID\":\"B55480172\",\"numberOfEmployees\":{\"@type\":\"QuantitativeValue\",\"minValue\":\"1\",\"maxValue\":\"10\"}}]}<\/script>\n<!-- \/ Yoast SEO Premium plugin. -->","yoast_head_json":{"title":"Automatinis kabeli\u0173 nu\u0117miklis 1,5 - 38mm - ARC paskirstymas","robots":{"index":"index","follow":"follow","max-snippet":"max-snippet:-1","max-image-preview":"max-image-preview:large","max-video-preview":"max-video-preview:-1"},"canonical":"https:\/\/www.distribucionarc.com\/nb\/producto\/peladora-de-cables-automatica-15-38mm\/","og_locale":"lt_LT","og_type":"article","og_title":"Peladora de cables autom\u00e1tica 1,5 - 38mm","og_description":"Peladora de cables autom\u00e1tica 1,5 - 38mm La m\u00e1quina peladora de cables autom\u00e1tica de sobremesa ARC pelar\u00e1 alambre de hasta 1.5 mm a 38mm. Dise\u00f1ado para ser port\u00e1til, con cuchillas totalmente protegidas y bot\u00f3n de parada de emergencia para garantizar la seguridad. El Motor de cobre puro con velocidad nominal de 1400Rpm, para pelar cables de forma r\u00e1pida y estable. Esta m\u00e1quina peladora de cobre es ideal para varios tipos de cables redondos y cables planos de cubierta. Garant\u00eda\u00a0ARC 2 A\u00d1OS Peladora de cable eficiente, bajo consumo 320w soporte t\u00e9cnico incluido","og_url":"https:\/\/www.distribucionarc.com\/nb\/producto\/peladora-de-cables-automatica-15-38mm\/","og_site_name":"distribuci\u00f3n ARC","article_modified_time":"2020-10-01T11:17:22+00:00","og_image":[{"width":1600,"height":1600,"url":"https:\/\/distribucionarc.com\/wp-content\/uploads\/2020\/08\/Peladora-de-cables-autom\u00e1tica-1-5-38mm-0.jpg","type":"image\/jpeg"}],"twitter_card":"summary_large_image","twitter_misc":{"Est. reading time":"1 minut\u0117"},"schema":{"@context":"https:\/\/schema.org","@graph":[{"@type":"WebPage","@id":"https:\/\/www.distribucionarc.com\/nb\/producto\/peladora-de-cables-automatica-15-38mm\/","url":"https:\/\/www.distribucionarc.com\/nb\/producto\/peladora-de-cables-automatica-15-38mm\/","name":"Automatinis kabeli\u0173 nu\u0117miklis 1,5 - 38mm - ARC paskirstymas","isPartOf":{"@id":"https:\/\/distribucionarc.com\/pl\/#website"},"primaryImageOfPage":{"@id":"https:\/\/www.distribucionarc.com\/nb\/producto\/peladora-de-cables-automatica-15-38mm\/#primaryimage"},"image":{"@id":"https:\/\/www.distribucionarc.com\/nb\/producto\/peladora-de-cables-automatica-15-38mm\/#primaryimage"},"thumbnailUrl":"https:\/\/distribucionarc.com\/wp-content\/uploads\/2020\/08\/Peladora-de-cables-autom\u00e1tica-1-5-38mm-0.jpg","datePublished":"2020-08-25T11:44:51+00:00","dateModified":"2020-10-01T11:17:22+00:00","breadcrumb":{"@id":"https:\/\/www.distribucionarc.com\/nb\/producto\/peladora-de-cables-automatica-15-38mm\/#breadcrumb"},"inLanguage":"lt-LT","potentialAction":[{"@type":"ReadAction","target":["https:\/\/www.distribucionarc.com\/nb\/producto\/peladora-de-cables-automatica-15-38mm\/"]}]},{"@type":"ImageObject","inLanguage":"lt-LT","@id":"https:\/\/www.distribucionarc.com\/nb\/producto\/peladora-de-cables-automatica-15-38mm\/#primaryimage","url":"https:\/\/distribucionarc.com\/wp-content\/uploads\/2020\/08\/Peladora-de-cables-autom\u00e1tica-1-5-38mm-0.jpg","contentUrl":"https:\/\/distribucionarc.com\/wp-content\/uploads\/2020\/08\/Peladora-de-cables-autom\u00e1tica-1-5-38mm-0.jpg","width":1600,"height":1600,"caption":"Peladora de cables autom\u00e1tica 1,5 - 38mm"},{"@type":"BreadcrumbList","@id":"https:\/\/www.distribucionarc.com\/nb\/producto\/peladora-de-cables-automatica-15-38mm\/#breadcrumb","itemListElement":[{"@type":"ListItem","position":1,"name":"Portada","item":"https:\/\/www.distribucionarc.com\/tr\/"},{"@type":"ListItem","position":2,"name":"Izdelki","item":"https:\/\/www.distribucionarc.com\/sl\/trgovina\/"},{"@type":"ListItem","position":3,"name":"Peladora de cables autom\u00e1tica 1,5 &#8211; 38mm"}]},{"@type":"WebSite","@id":"https:\/\/distribucionarc.com\/pl\/#website","url":"https:\/\/distribucionarc.com\/pl\/","name":"ARC paskirstymas","description":"\u012emon\u0117 specializuojasi pramonini\u0173 ma\u0161in\u0173, skardini\u0173 sandarinimo ma\u0161in\u0173, table\u010di\u0173 gamybos ma\u0161in\u0173, m\u0117sos pjaustymo ma\u0161in\u0173 gamyboje ir platinime...","publisher":{"@id":"https:\/\/distribucionarc.com\/pl\/#organization"},"potentialAction":[{"@type":"SearchAction","target":{"@type":"EntryPoint","urlTemplate":"https:\/\/distribucionarc.com\/pl\/?s={search_term_string}"},"query-input":{"@type":"PropertyValueSpecification","valueRequired":true,"valueName":"search_term_string"}}],"inLanguage":"lt-LT"},{"@type":"Organization","@id":"https:\/\/distribucionarc.com\/pl\/#organization","name":"ARC platinimas","url":"https:\/\/distribucionarc.com\/pl\/","logo":{"@type":"ImageObject","inLanguage":"lt-LT","@id":"https:\/\/distribucionarc.com\/pl\/#\/schema\/logo\/image\/","url":"https:\/\/distribucionarc.com\/wp-content\/uploads\/2024\/10\/distribucion-ARC-COLOR-SIN-FONDO-e1732295305345.png","contentUrl":"https:\/\/distribucionarc.com\/wp-content\/uploads\/2024\/10\/distribucion-ARC-COLOR-SIN-FONDO-e1732295305345.png","width":1164,"height":558,"caption":"Distribuci\u00f3n ARC"},"image":{"@id":"https:\/\/distribucionarc.com\/pl\/#\/schema\/logo\/image\/"},"description":"\u012emon\u0117 specializuojasi maisto ir farmacijos sektoriams skirt\u0173 pramonini\u0173 ma\u0161in\u0173 gamyboje ir platinime. M\u016bs\u0173 specializacija: M\u0117sos pjaustymo ma\u0161inos Table\u010di\u0173 gamyba Pramonin\u0117s transportavimo sistemos I\u0161pilstymo linijos Dozatoriai Ir dar daugiau... Si\u016blome novatori\u0161kus ir individualiems poreikiams pritaikytus sprendimus, kad optimizuotume j\u016bs\u0173 \u012fmon\u0117s gamybos procesus.","email":"Admistracion@distribucionarc.com","telephone":"+34 643496664","legalName":"ARC TECH SOLUTIONS","foundingDate":"2024-04-09","vatID":"B55480172","numberOfEmployees":{"@type":"QuantitativeValue","minValue":"1","maxValue":"10"}}]}},"_links":{"self":[{"href":"https:\/\/distribucionarc.com\/lt\/wp-json\/wp\/v2\/product\/2881","targetHints":{"allow":["GET"]}}],"collection":[{"href":"https:\/\/distribucionarc.com\/lt\/wp-json\/wp\/v2\/product"}],"about":[{"href":"https:\/\/distribucionarc.com\/lt\/wp-json\/wp\/v2\/types\/product"}],"replies":[{"embeddable":true,"href":"https:\/\/distribucionarc.com\/lt\/wp-json\/wp\/v2\/comments?post=2881"}],"version-history":[{"count":0,"href":"https:\/\/distribucionarc.com\/lt\/wp-json\/wp\/v2\/product\/2881\/revisions"}],"wp:featuredmedia":[{"embeddable":true,"href":"https:\/\/distribucionarc.com\/lt\/wp-json\/wp\/v2\/media\/2892"}],"wp:attachment":[{"href":"https:\/\/distribucionarc.com\/lt\/wp-json\/wp\/v2\/media?parent=2881"}],"wp:term":[{"taxonomy":"product_brand","embeddable":true,"href":"https:\/\/distribucionarc.com\/lt\/wp-json\/wp\/v2\/product_brand?post=2881"},{"taxonomy":"product_cat","embeddable":true,"href":"https:\/\/distribucionarc.com\/lt\/wp-json\/wp\/v2\/product_cat?post=2881"},{"taxonomy":"product_tag","embeddable":true,"href":"https:\/\/distribucionarc.com\/lt\/wp-json\/wp\/v2\/product_tag?post=2881"}],"curies":[{"name":"wp","href":"https:\/\/api.w.org\/{rel}","templated":true}]}}