{"id":2933,"date":"2020-08-27T09:04:27","date_gmt":"2020-08-27T09:04:27","guid":{"rendered":"https:\/\/distribucionarc.com\/?post_type=product&#038;p=2933"},"modified":"2020-10-01T11:29:47","modified_gmt":"2020-10-01T11:29:47","slug":"saskaitu-skaitiklis-false-bill-detector-1000x-min","status":"publish","type":"product","link":"https:\/\/distribucionarc.com\/lt\/producto\/contador-de-billetes-detector-de-billetes-falsos-1000x-min\/","title":{"rendered":"S\u0105skait\u0173 skaitiklis, padirbt\u0173 kupi\u016br\u0173 detektorius 1000x\/min"},"content":{"rendered":"<h3>S\u0105skait\u0173 skaitiklis, padirbt\u0173 kupi\u016br\u0173 detektorius 1000x\/min<\/h3>\n<p>Jis\u00a0<strong>s\u0105skait\u0173 r\u016b\u0161iuotojas <span style=\"color: #ff0000;\">KAM<\/span><span style=\"color: #0000ff;\">R<\/span>c<\/strong>\u00a0 Sutaupysite savo laik\u0105 skai\u010diuodami kiekvien\u0105 tos pa\u010dios vert\u0117s s\u0105skait\u0105, skaitmeniniame ekrane rodydami bendr\u0105 kiekvienos s\u0105skaitos skai\u010di\u0173. Be jo metod\u0173 <strong>netikr\u0173 kupi\u016br\u0173 tikrinimas<\/strong> UV ir MG.<\/p>\n<p>Jis <strong>automatinis skaitiklis <span style=\"color: #ff0000;\">KAM<\/span><span style=\"color: #0000ff;\">R<\/span>CMCB1M<\/strong> gali suskai\u010diuoti <strong>1000 s\u0105skait\u0173 per minut\u0119<\/strong>, tai u\u017etikrina greit\u0105 ir efektyv\u0173 \u012frengin\u012f. Paketo funkcija: Skai\u010diavimas sustoja, kai pasiekiamas norimas skai\u010dius. Jame yra pasirenkamas antrasis i\u0161orinis ekranas, kad klientas gal\u0117t\u0173 patikrinti<\/p>\n<h6><b>Garantija<\/b><strong>\u00a0<\/strong><span style=\"color: #ff0000;\"><strong>KAM<\/strong><\/span><span style=\"color: #0000ff;\"><strong>R<\/strong><\/span><strong>C 2 METAI<\/strong><\/h6>\n<h6><span style=\"color: #008000;\">Ma\u0161ina<b> Skai\u010diuojamas efektyvus, ma\u017eos s\u0105naudos &lt;65W<\/b><\/span><\/h6>\n<h6><b>\u012ftraukta technin\u0117 pagalba.<\/b><\/h6>\n<p>&nbsp;<\/p>\n<p>&nbsp;<\/p>\n<table width=\"100%\">\n<tbody>\n<tr>\n<td>Prekinis \u017eenklas:<\/td>\n<td width=\"32%\">ARC<\/td>\n<td>Svoris:<\/td>\n<td width=\"30%\">7 kg<\/td>\n<\/tr>\n<tr>\n<td>Platinimo \u0161alis:<\/td>\n<td width=\"32%\">Ispanija, Vokietija, JAV<\/td>\n<td>Auk\u0161tis:<\/td>\n<td width=\"30%\">17 cm<\/td>\n<\/tr>\n<tr>\n<td>Spalva:<\/td>\n<td width=\"32%\">Baltas<\/td>\n<td>Ilgas:<\/td>\n<td width=\"30%\">23,5 cm<\/td>\n<\/tr>\n<tr>\n<td>Produkto tipas:<\/td>\n<td width=\"32%\">S\u0105skait\u0173 skaitiklis<\/td>\n<td>Platus:<\/td>\n<td width=\"30%\">26 cm<\/td>\n<\/tr>\n<tr>\n<td>Gamintojo numeris:<\/td>\n<td width=\"32%\">ARCMCB1M<\/td>\n<td>Skai\u010diavimo greitis:<\/td>\n<td width=\"30%\">1000 per minut\u0119<\/td>\n<\/tr>\n<tr>\n<td>\u00a0Garantija:<\/td>\n<td width=\"32%\">\u00a02 METAI<\/td>\n<td>Tikrinimo sistemos:<\/td>\n<td width=\"30%\">UV ir MG<\/td>\n<\/tr>\n<tr>\n<td>Galia:<\/td>\n<td width=\"32%\">&lt;65W<\/td>\n<td>Funkcija:<\/td>\n<td width=\"30%\">\u00a0Galite sudaryti s\u0105skait\u0173 paketus pagal norim\u0105 vert\u0119<\/td>\n<\/tr>\n<\/tbody>\n<\/table>\n<h6><\/h6>","protected":false},"excerpt":{"rendered":"<h2>S\u0105skait\u0173 skaitiklis, padirbt\u0173 kupi\u016br\u0173 detektorius 1000x\/min<\/h2>\n<p>Jis<strong> s\u0105skait\u0173 skaitiklis <span style=\"color: #ff0000;\">KAM<\/span><span style=\"color: #0000ff;\">R<\/span>c<\/strong> Jis gali automati\u0161kai skai\u010diuoti s\u0105skaitas, be to, atpa\u017einti padirbtas kupi\u016bras, skaitmeniniame ekrane nurodydamas, kuri i\u0161 j\u0173 yra. Tai si\u016blo darbo paprastum\u0105 ir saugum\u0105 <strong>detektorius<\/strong> a\u010di\u016b tavo <span style=\"color: #333399;\"><strong>UV spinduliai<\/strong><\/span> Jie u\u017etikrina greit\u0105 aparat\u0105, kuris lengvai suskai\u010diuos s\u0105skait\u0173 skai\u010di\u0173.<\/p>\n<h6><b>Garantija<\/b><strong>\u00a0<\/strong><span style=\"color: #ff0000;\"><strong>KAM<\/strong><\/span><span style=\"color: #0000ff;\"><strong>R<\/strong><\/span><strong>C 2 METAI<\/strong><\/h6>\n<h6><span style=\"color: #008000;\">Ma\u0161ina<b> Skai\u010diuojamas efektyvus, ma\u017eos s\u0105naudos &lt;65W<\/b><\/span><\/h6>\n<h6><b>\u012ftraukta technin\u0117 pagalba.<\/b><\/h6>","protected":false},"featured_media":2937,"comment_status":"open","ping_status":"closed","template":"","meta":{"wds_primary_product_brand":0,"wds_primary_product_cat":0},"product_brand":[],"product_cat":[69],"product_tag":[],"class_list":{"0":"post-2933","1":"product","2":"type-product","3":"status-publish","4":"has-post-thumbnail","6":"product_cat-maquinas-variadas","7":"product_shipping_class-hosteleria","9":"first","10":"instock","11":"sale","12":"taxable","13":"shipping-taxable","14":"purchasable","15":"product-type-simple"},"yoast_head":"<!-- This site is optimized with the Yoast SEO Premium plugin v24.9 (Yoast SEO v26.1) - https:\/\/yoast.com\/wordpress\/plugins\/seo\/ -->\n<title>Contador de billetes, detector de billetes falsos 1000x\/min - distribuci\u00f3n ARC<\/title>\n<meta name=\"robots\" content=\"index, follow, max-snippet:-1, max-image-preview:large, max-video-preview:-1\" \/>\n<link rel=\"canonical\" href=\"https:\/\/www.distribucionarc.com\/bg\/producto\/contador-de-billetes-detector-de-billetes-falsos-1000x-min\/\" \/>\n<meta property=\"og:locale\" content=\"lt_LT\" \/>\n<meta property=\"og:type\" content=\"article\" \/>\n<meta property=\"og:title\" content=\"Contador de billetes, detector de billetes falsos 1000x\/min\" \/>\n<meta property=\"og:description\" content=\"Contador de billetes, detector de billetes falsos 1000x\/min El contador de billetes ARC puede contar autom\u00e1ticamente billetes, adem\u00e1s de identificar los billetes falsos indicando cual es en la pantalla digital. La simplicidad de trabajo y seguridad que ofrece este detector gracias a sus rayos UV le aseguran una m\u00e1quina r\u00e1pida que contar\u00e1 f\u00e1cilmente el n\u00famero de billetes. Garant\u00eda\u00a0ARC 2 A\u00d1OS M\u00e1quina de conteo eficiente, bajo consumo &lt;65 W soporte t\u00e9cnico incluido.\" \/>\n<meta property=\"og:url\" content=\"https:\/\/www.distribucionarc.com\/bg\/producto\/contador-de-billetes-detector-de-billetes-falsos-1000x-min\/\" \/>\n<meta property=\"og:site_name\" content=\"distribuci\u00f3n ARC\" \/>\n<meta property=\"article:modified_time\" content=\"2020-10-01T11:29:47+00:00\" \/>\n<meta property=\"og:image\" content=\"https:\/\/www.distribucionarc.com\/wp-content\/uploads\/2020\/08\/Contador-de-billetes-detector-de-billetes-falsos-1000xmin-2.jpg\" \/>\n\t<meta property=\"og:image:width\" content=\"1443\" \/>\n\t<meta property=\"og:image:height\" content=\"1011\" \/>\n\t<meta property=\"og:image:type\" content=\"image\/jpeg\" \/>\n<meta name=\"twitter:card\" content=\"summary_large_image\" \/>\n<meta name=\"twitter:label1\" content=\"Est. reading time\" \/>\n\t<meta name=\"twitter:data1\" content=\"1 minut\u0117\" \/>\n<script type=\"application\/ld+json\" class=\"yoast-schema-graph\">{\"@context\":\"https:\/\/schema.org\",\"@graph\":[{\"@type\":\"WebPage\",\"@id\":\"https:\/\/www.distribucionarc.com\/bg\/producto\/contador-de-billetes-detector-de-billetes-falsos-1000x-min\/\",\"url\":\"https:\/\/www.distribucionarc.com\/bg\/producto\/contador-de-billetes-detector-de-billetes-falsos-1000x-min\/\",\"name\":\"Contador de billetes, detector de billetes falsos 1000x\/min - distribuci\u00f3n ARC\",\"isPartOf\":{\"@id\":\"https:\/\/www.distribucionarc.com\/tr\/#website\"},\"primaryImageOfPage\":{\"@id\":\"https:\/\/www.distribucionarc.com\/bg\/producto\/contador-de-billetes-detector-de-billetes-falsos-1000x-min\/#primaryimage\"},\"image\":{\"@id\":\"https:\/\/www.distribucionarc.com\/bg\/producto\/contador-de-billetes-detector-de-billetes-falsos-1000x-min\/#primaryimage\"},\"thumbnailUrl\":\"https:\/\/distribucionarc.com\/wp-content\/uploads\/2020\/08\/Contador-de-billetes-detector-de-billetes-falsos-1000xmin-2.jpg\",\"datePublished\":\"2020-08-27T09:04:27+00:00\",\"dateModified\":\"2020-10-01T11:29:47+00:00\",\"breadcrumb\":{\"@id\":\"https:\/\/www.distribucionarc.com\/bg\/producto\/contador-de-billetes-detector-de-billetes-falsos-1000x-min\/#breadcrumb\"},\"inLanguage\":\"lt-LT\",\"potentialAction\":[{\"@type\":\"ReadAction\",\"target\":[\"https:\/\/www.distribucionarc.com\/bg\/producto\/contador-de-billetes-detector-de-billetes-falsos-1000x-min\/\"]}]},{\"@type\":\"ImageObject\",\"inLanguage\":\"lt-LT\",\"@id\":\"https:\/\/www.distribucionarc.com\/bg\/producto\/contador-de-billetes-detector-de-billetes-falsos-1000x-min\/#primaryimage\",\"url\":\"https:\/\/distribucionarc.com\/wp-content\/uploads\/2020\/08\/Contador-de-billetes-detector-de-billetes-falsos-1000xmin-2.jpg\",\"contentUrl\":\"https:\/\/distribucionarc.com\/wp-content\/uploads\/2020\/08\/Contador-de-billetes-detector-de-billetes-falsos-1000xmin-2.jpg\",\"width\":1443,\"height\":1011,\"caption\":\"Contador de billetes, detector de billetes falsos 1000x\/min\"},{\"@type\":\"BreadcrumbList\",\"@id\":\"https:\/\/www.distribucionarc.com\/bg\/producto\/contador-de-billetes-detector-de-billetes-falsos-1000x-min\/#breadcrumb\",\"itemListElement\":[{\"@type\":\"ListItem\",\"position\":1,\"name\":\"Portada\",\"item\":\"https:\/\/www.distribucionarc.com\/tr\/\"},{\"@type\":\"ListItem\",\"position\":2,\"name\":\"Produktai\",\"item\":\"https:\/\/distribucionarc.com\/lt\/parduotuve\/\"},{\"@type\":\"ListItem\",\"position\":3,\"name\":\"Contador de billetes, detector de billetes falsos 1000x\/min\"}]},{\"@type\":\"WebSite\",\"@id\":\"https:\/\/www.distribucionarc.com\/tr\/#website\",\"url\":\"https:\/\/www.distribucionarc.com\/tr\/\",\"name\":\"distribuci\u00f3n ARC\",\"description\":\"Empresa especializada en la fabricaci\u00f3n y distribuci\u00f3n de maquinaria industrial, selladoras de latas, Maquinas de hacer pastillas, Maquinas de cortar carne...\",\"publisher\":{\"@id\":\"https:\/\/www.distribucionarc.com\/tr\/#organization\"},\"potentialAction\":[{\"@type\":\"SearchAction\",\"target\":{\"@type\":\"EntryPoint\",\"urlTemplate\":\"https:\/\/www.distribucionarc.com\/tr\/?s={search_term_string}\"},\"query-input\":{\"@type\":\"PropertyValueSpecification\",\"valueRequired\":true,\"valueName\":\"search_term_string\"}}],\"inLanguage\":\"lt-LT\"},{\"@type\":\"Organization\",\"@id\":\"https:\/\/www.distribucionarc.com\/tr\/#organization\",\"name\":\"Distribuci\u00f3n ARC\",\"url\":\"https:\/\/www.distribucionarc.com\/tr\/\",\"logo\":{\"@type\":\"ImageObject\",\"inLanguage\":\"lt-LT\",\"@id\":\"https:\/\/www.distribucionarc.com\/tr\/#\/schema\/logo\/image\/\",\"url\":\"https:\/\/distribucionarc.com\/wp-content\/uploads\/2024\/10\/distribucion-ARC-COLOR-SIN-FONDO-e1732295305345.png\",\"contentUrl\":\"https:\/\/distribucionarc.com\/wp-content\/uploads\/2024\/10\/distribucion-ARC-COLOR-SIN-FONDO-e1732295305345.png\",\"width\":1164,\"height\":558,\"caption\":\"Distribuci\u00f3n ARC\"},\"image\":{\"@id\":\"https:\/\/www.distribucionarc.com\/tr\/#\/schema\/logo\/image\/\"},\"description\":\"Empresa especializada en la fabricaci\u00f3n y distribuci\u00f3n de maquinaria industrial para los sectores alimentario y farmac\u00e9utico. Nos especializamos en: M\u00e1quinas de cortar carne Fabricaci\u00f3n de comprimidos Sistemas de transporte industrial L\u00edneas de embotellado Dosificadores Y mucho m\u00e1s... Ofrecemos soluciones innovadoras y personalizadas para optimizar los procesos productivos de tu empresa.\",\"email\":\"Admistracion@distribucionarc.com\",\"telephone\":\"+34 643496664\",\"legalName\":\"ARC TECH SOLUTIONS\",\"foundingDate\":\"2024-04-09\",\"vatID\":\"B55480172\",\"numberOfEmployees\":{\"@type\":\"QuantitativeValue\",\"minValue\":\"1\",\"maxValue\":\"10\"}}]}<\/script>\n<!-- \/ Yoast SEO Premium plugin. -->","yoast_head_json":{"title":"S\u0105skait\u0173 skaitiklis, padirbt\u0173 kupi\u016br\u0173 detektorius 1000x\/min - ARC paskirstymas","robots":{"index":"index","follow":"follow","max-snippet":"max-snippet:-1","max-image-preview":"max-image-preview:large","max-video-preview":"max-video-preview:-1"},"canonical":"https:\/\/www.distribucionarc.com\/bg\/producto\/contador-de-billetes-detector-de-billetes-falsos-1000x-min\/","og_locale":"lt_LT","og_type":"article","og_title":"Contador de billetes, detector de billetes falsos 1000x\/min","og_description":"Contador de billetes, detector de billetes falsos 1000x\/min El contador de billetes ARC puede contar autom\u00e1ticamente billetes, adem\u00e1s de identificar los billetes falsos indicando cual es en la pantalla digital. La simplicidad de trabajo y seguridad que ofrece este detector gracias a sus rayos UV le aseguran una m\u00e1quina r\u00e1pida que contar\u00e1 f\u00e1cilmente el n\u00famero de billetes. Garant\u00eda\u00a0ARC 2 A\u00d1OS M\u00e1quina de conteo eficiente, bajo consumo &lt;65 W soporte t\u00e9cnico incluido.","og_url":"https:\/\/www.distribucionarc.com\/bg\/producto\/contador-de-billetes-detector-de-billetes-falsos-1000x-min\/","og_site_name":"distribuci\u00f3n ARC","article_modified_time":"2020-10-01T11:29:47+00:00","og_image":[{"width":1443,"height":1011,"url":"https:\/\/www.distribucionarc.com\/wp-content\/uploads\/2020\/08\/Contador-de-billetes-detector-de-billetes-falsos-1000xmin-2.jpg","type":"image\/jpeg"}],"twitter_card":"summary_large_image","twitter_misc":{"Est. reading time":"1 minut\u0117"},"schema":{"@context":"https:\/\/schema.org","@graph":[{"@type":"WebPage","@id":"https:\/\/www.distribucionarc.com\/bg\/producto\/contador-de-billetes-detector-de-billetes-falsos-1000x-min\/","url":"https:\/\/www.distribucionarc.com\/bg\/producto\/contador-de-billetes-detector-de-billetes-falsos-1000x-min\/","name":"S\u0105skait\u0173 skaitiklis, padirbt\u0173 kupi\u016br\u0173 detektorius 1000x\/min - ARC paskirstymas","isPartOf":{"@id":"https:\/\/www.distribucionarc.com\/tr\/#website"},"primaryImageOfPage":{"@id":"https:\/\/www.distribucionarc.com\/bg\/producto\/contador-de-billetes-detector-de-billetes-falsos-1000x-min\/#primaryimage"},"image":{"@id":"https:\/\/www.distribucionarc.com\/bg\/producto\/contador-de-billetes-detector-de-billetes-falsos-1000x-min\/#primaryimage"},"thumbnailUrl":"https:\/\/distribucionarc.com\/wp-content\/uploads\/2020\/08\/Contador-de-billetes-detector-de-billetes-falsos-1000xmin-2.jpg","datePublished":"2020-08-27T09:04:27+00:00","dateModified":"2020-10-01T11:29:47+00:00","breadcrumb":{"@id":"https:\/\/www.distribucionarc.com\/bg\/producto\/contador-de-billetes-detector-de-billetes-falsos-1000x-min\/#breadcrumb"},"inLanguage":"lt-LT","potentialAction":[{"@type":"ReadAction","target":["https:\/\/www.distribucionarc.com\/bg\/producto\/contador-de-billetes-detector-de-billetes-falsos-1000x-min\/"]}]},{"@type":"ImageObject","inLanguage":"lt-LT","@id":"https:\/\/www.distribucionarc.com\/bg\/producto\/contador-de-billetes-detector-de-billetes-falsos-1000x-min\/#primaryimage","url":"https:\/\/distribucionarc.com\/wp-content\/uploads\/2020\/08\/Contador-de-billetes-detector-de-billetes-falsos-1000xmin-2.jpg","contentUrl":"https:\/\/distribucionarc.com\/wp-content\/uploads\/2020\/08\/Contador-de-billetes-detector-de-billetes-falsos-1000xmin-2.jpg","width":1443,"height":1011,"caption":"Contador de billetes, detector de billetes falsos 1000x\/min"},{"@type":"BreadcrumbList","@id":"https:\/\/www.distribucionarc.com\/bg\/producto\/contador-de-billetes-detector-de-billetes-falsos-1000x-min\/#breadcrumb","itemListElement":[{"@type":"ListItem","position":1,"name":"Portada","item":"https:\/\/www.distribucionarc.com\/tr\/"},{"@type":"ListItem","position":2,"name":"Produktai","item":"https:\/\/distribucionarc.com\/lt\/parduotuve\/"},{"@type":"ListItem","position":3,"name":"Contador de billetes, detector de billetes falsos 1000x\/min"}]},{"@type":"WebSite","@id":"https:\/\/www.distribucionarc.com\/tr\/#website","url":"https:\/\/www.distribucionarc.com\/tr\/","name":"ARC paskirstymas","description":"\u012emon\u0117 specializuojasi pramonini\u0173 ma\u0161in\u0173, skardini\u0173 sandarinimo ma\u0161in\u0173, table\u010di\u0173 gamybos ma\u0161in\u0173, m\u0117sos pjaustymo ma\u0161in\u0173 gamyboje ir platinime...","publisher":{"@id":"https:\/\/www.distribucionarc.com\/tr\/#organization"},"potentialAction":[{"@type":"SearchAction","target":{"@type":"EntryPoint","urlTemplate":"https:\/\/www.distribucionarc.com\/tr\/?s={search_term_string}"},"query-input":{"@type":"PropertyValueSpecification","valueRequired":true,"valueName":"search_term_string"}}],"inLanguage":"lt-LT"},{"@type":"Organization","@id":"https:\/\/www.distribucionarc.com\/tr\/#organization","name":"ARC platinimas","url":"https:\/\/www.distribucionarc.com\/tr\/","logo":{"@type":"ImageObject","inLanguage":"lt-LT","@id":"https:\/\/www.distribucionarc.com\/tr\/#\/schema\/logo\/image\/","url":"https:\/\/distribucionarc.com\/wp-content\/uploads\/2024\/10\/distribucion-ARC-COLOR-SIN-FONDO-e1732295305345.png","contentUrl":"https:\/\/distribucionarc.com\/wp-content\/uploads\/2024\/10\/distribucion-ARC-COLOR-SIN-FONDO-e1732295305345.png","width":1164,"height":558,"caption":"Distribuci\u00f3n ARC"},"image":{"@id":"https:\/\/www.distribucionarc.com\/tr\/#\/schema\/logo\/image\/"},"description":"\u012emon\u0117 specializuojasi maisto ir farmacijos sektoriams skirt\u0173 pramonini\u0173 ma\u0161in\u0173 gamyboje ir platinime. M\u016bs\u0173 specializacija: M\u0117sos pjaustymo ma\u0161inos Table\u010di\u0173 gamyba Pramonin\u0117s transportavimo sistemos I\u0161pilstymo linijos Dozatoriai Ir dar daugiau... Si\u016blome novatori\u0161kus ir individualiems poreikiams pritaikytus sprendimus, kad optimizuotume j\u016bs\u0173 \u012fmon\u0117s gamybos procesus.","email":"Admistracion@distribucionarc.com","telephone":"+34 643496664","legalName":"ARC TECH SOLUTIONS","foundingDate":"2024-04-09","vatID":"B55480172","numberOfEmployees":{"@type":"QuantitativeValue","minValue":"1","maxValue":"10"}}]}},"_links":{"self":[{"href":"https:\/\/distribucionarc.com\/lt\/wp-json\/wp\/v2\/product\/2933","targetHints":{"allow":["GET"]}}],"collection":[{"href":"https:\/\/distribucionarc.com\/lt\/wp-json\/wp\/v2\/product"}],"about":[{"href":"https:\/\/distribucionarc.com\/lt\/wp-json\/wp\/v2\/types\/product"}],"replies":[{"embeddable":true,"href":"https:\/\/distribucionarc.com\/lt\/wp-json\/wp\/v2\/comments?post=2933"}],"version-history":[{"count":0,"href":"https:\/\/distribucionarc.com\/lt\/wp-json\/wp\/v2\/product\/2933\/revisions"}],"wp:featuredmedia":[{"embeddable":true,"href":"https:\/\/distribucionarc.com\/lt\/wp-json\/wp\/v2\/media\/2937"}],"wp:attachment":[{"href":"https:\/\/distribucionarc.com\/lt\/wp-json\/wp\/v2\/media?parent=2933"}],"wp:term":[{"taxonomy":"product_brand","embeddable":true,"href":"https:\/\/distribucionarc.com\/lt\/wp-json\/wp\/v2\/product_brand?post=2933"},{"taxonomy":"product_cat","embeddable":true,"href":"https:\/\/distribucionarc.com\/lt\/wp-json\/wp\/v2\/product_cat?post=2933"},{"taxonomy":"product_tag","embeddable":true,"href":"https:\/\/distribucionarc.com\/lt\/wp-json\/wp\/v2\/product_tag?post=2933"}],"curies":[{"name":"wp","href":"https:\/\/api.w.org\/{rel}","templated":true}]}}