{"id":2973,"date":"2020-08-27T13:53:19","date_gmt":"2020-08-27T13:53:19","guid":{"rendered":"https:\/\/distribucionarc.com\/?post_type=product&#038;p=2973"},"modified":"2020-10-01T11:38:37","modified_gmt":"2020-10-01T11:38:37","slug":"rankiniu-budu-presuojami-mesainiai","status":"publish","type":"product","link":"https:\/\/distribucionarc.com\/lt\/producto\/prensa-manual-para-fabricar-hamburguesas\/","title":{"rendered":"Rankiniu b\u016bdu paspauskite 10 cm m\u0117sainius"},"content":{"rendered":"<h2>Rankiniu b\u016bdu paspauskite 10 cm m\u0117sainius<\/h2>\n<p>Tai <strong>m\u0117saini\u0173 presas <span style=\"color: #ff0000;\">KAM<\/span><span style=\"color: #0000ff;\">R<\/span>CPHM3<\/strong> Jis pagamintas i\u0161 auk\u0161\u010diausios kokyb\u0117s lietaus aliuminio ir 304 ner\u016bdijan\u010dio plieno. Pavir\u0161ius yra anoduotas, tvirtas ir atsparus r\u016bdims. Pad\u0117klas pagamintas i\u0161 maistui saugaus 304 ner\u016bdijan\u010dio plieno, 100 mm skersmens. Sunku deformuotis ir r\u016bdyti.<\/p>\n<p>M\u0117sainio tir\u0161tum\u0105 galima reguliuoti priklausomai nuo jame esan\u010dios m\u0117sos kiekio. Maksimalus storis 25 mm. Po kiekvienu kampu yra padas, apsaugantis nuo slydimo. Gumos med\u017eiaga suma\u017eina vibracij\u0105 d\u0117l savo elastingumo ir stabilumo eksploatacijos metu.<\/p>\n<p>Komplekte yra 1000 alyv\u0105 sugerian\u010dio popieriaus lap\u0173. Juos galima laikyti laikiklyje, esan\u010diame ma\u0161inos vir\u0161uje. \u0160ie lak\u0161tai neleid\u017eia maistui liestis vienas su kitu, o kiekvienas m\u0117sainis i\u0161lieka \u0161vie\u017eias ir sultingas.<\/p>\n<h6><\/h6>\n<h6><strong>Garantija\u00a0<\/strong><span style=\"color: #ff0000;\"><strong>KAM<\/strong><\/span><span style=\"color: #0000ff;\"><strong>R<\/strong><\/span><strong>C 2 METAI<\/strong><\/h6>\n<h6><strong>\u012ftraukta technin\u0117 pagalba<\/strong><\/h6>\n<p>&nbsp;<\/p>\n<table width=\"100%\">\n<tbody>\n<tr>\n<td>Vaikinas:<\/td>\n<td width=\"50%\">vadovas<\/td>\n<td colspan=\"2\" width=\"327\"><\/td>\n<\/tr>\n<tr>\n<td>Platinimo \u0161alis:<\/td>\n<td width=\"50%\">Ispanija, Vokietija, JAV<\/td>\n<td>Svoris:<\/td>\n<td width=\"50%\">6 kg<\/td>\n<\/tr>\n<tr>\n<td>Prekinis \u017eenklas:<\/td>\n<td width=\"50%\">ARC<\/td>\n<td>Auk\u0161tis:<\/td>\n<td width=\"50%\">27,9 cm<\/td>\n<\/tr>\n<tr>\n<td>Spalva:<\/td>\n<td width=\"50%\">Sidabras<\/td>\n<td>Ilgas:<\/td>\n<td width=\"50%\">24,1 cm<\/td>\n<\/tr>\n<tr>\n<td>Produkto tipas:<\/td>\n<td width=\"50%\">m\u0117saini\u0173 gamintojas<\/td>\n<td>Platus:<\/td>\n<td width=\"50%\">16,5 cm<\/td>\n<\/tr>\n<tr>\n<td>Gamintojo numeris:<\/td>\n<td width=\"50%\">ARCPHM3<\/td>\n<td>Presavimo tipas:<\/td>\n<td width=\"50%\">ranka<\/td>\n<\/tr>\n<tr>\n<td>Med\u017eiaga:<\/td>\n<td width=\"50%\">\u00a0maistinio ner\u016bdijan\u010dio plieno<\/td>\n<td>Formos dydis:<\/td>\n<td width=\"50%\">10 cm<\/td>\n<\/tr>\n<tr>\n<td>Garantija:<\/td>\n<td width=\"50%\">2 METAI<\/td>\n<td>Hamburgerio storis:<\/td>\n<td width=\"50%\">2,5 cm<\/td>\n<\/tr>\n<tr>\n<td>Montavimo \u012frankiai:<\/td>\n<td width=\"50%\">Taip<\/td>\n<td>\u012eranga:<\/td>\n<td width=\"50%\">1000 sugeriamojo popieriaus lap\u0173<\/td>\n<\/tr>\n<\/tbody>\n<\/table>","protected":false},"excerpt":{"rendered":"<h2>Rankiniu b\u016bdu paspauskite 10 cm m\u0117sainius<\/h2>\n<p>Tai <strong>m\u0117saini\u0173 presas<span style=\"color: #ff0000;\"> KAM<\/span><span style=\"color: #0000ff;\">R<\/span>c<\/strong> Tvirta konstrukcija pagaminta i\u0161 aliuminio ir maistinio 304 ner\u016bdijan\u010dio plieno. M\u0117saini\u0173 gaminimo ma\u0161inoje yra 10 cm skersmens pad\u0117klas, popieriaus laikiklis ir ergonomi\u0161ka rankena. Gali greitai paversti malt\u0105 m\u0117s\u0105 tobulu apvaliu m\u0117sainiu, nesunkiai nuleidus svirt\u012f. M\u0117saini\u0173 aparatas tinkamas komerciniam naudojimui.<\/p>\n<h6><strong>Garantija\u00a0<\/strong><span style=\"color: #ff0000;\"><strong>KAM<\/strong><\/span><span style=\"color: #0000ff;\"><strong>R<\/strong><\/span><strong>C 2 METAI<\/strong><\/h6>\n<h6><strong>\u012ftraukta technin\u0117 pagalba<\/strong><\/h6>","protected":false},"featured_media":2974,"comment_status":"open","ping_status":"closed","template":"","meta":{"wds_primary_product_brand":0,"wds_primary_product_cat":0},"product_brand":[],"product_cat":[50],"product_tag":[],"class_list":{"0":"post-2973","1":"product","2":"type-product","3":"status-publish","4":"has-post-thumbnail","6":"product_cat-elaboradoras-de-croquetas-y-albondigas","7":"product_shipping_class-hosteleria","9":"first","10":"instock","11":"sale","12":"taxable","13":"shipping-taxable","14":"purchasable","15":"product-type-simple"},"yoast_head":"<!-- This site is optimized with the Yoast SEO Premium plugin v24.9 (Yoast SEO v26.1) - https:\/\/yoast.com\/wordpress\/plugins\/seo\/ -->\n<title>Prensa manual para fabricar hamburguesas\u00a010cm - distribuci\u00f3n ARC<\/title>\n<meta name=\"robots\" content=\"index, follow, max-snippet:-1, max-image-preview:large, max-video-preview:-1\" \/>\n<link rel=\"canonical\" href=\"https:\/\/distribucionarc.com\/lt\/produktas\/rankiniu-budu-presuojami-mesainiai\/\" \/>\n<meta property=\"og:locale\" content=\"lt_LT\" \/>\n<meta property=\"og:type\" content=\"article\" \/>\n<meta property=\"og:title\" content=\"Prensa manual para fabricar hamburguesas\u00a010cm\" \/>\n<meta property=\"og:description\" content=\"Prensa manual para fabricar hamburguesas 10cm Esta prensa para hamburguesas ARC de estructura resistente est\u00e1 hecha de aluminio fundido y acero inoxidable 304 de calidad alimentaria. La m\u00e1quina para hacer hamburguesas viene con una bandeja de 10cm de di\u00e1metro, un soporte para papel y un mango ergon\u00f3mico. Capaz de convertir r\u00e1pidamente la carne picada en una hamburguesa redonda perfecta bajando la palanca sin esfuerzo. La m\u00e1quina de hamburguesas es adecuada para uso comercial. Garant\u00eda\u00a0ARC 2 A\u00d1OS soporte t\u00e9cnico\u00a0incluido\" \/>\n<meta property=\"og:url\" content=\"https:\/\/distribucionarc.com\/lt\/produktas\/rankiniu-budu-presuojami-mesainiai\/\" \/>\n<meta property=\"og:site_name\" content=\"distribuci\u00f3n ARC\" \/>\n<meta property=\"article:modified_time\" content=\"2020-10-01T11:38:37+00:00\" \/>\n<meta property=\"og:image\" content=\"https:\/\/distribucionarc.com\/wp-content\/uploads\/2020\/08\/Prensa-manual-para-fabricar-hamburguesas-10cm-0.jpg\" \/>\n\t<meta property=\"og:image:width\" content=\"1600\" \/>\n\t<meta property=\"og:image:height\" content=\"1600\" \/>\n\t<meta property=\"og:image:type\" content=\"image\/jpeg\" \/>\n<meta name=\"twitter:card\" content=\"summary_large_image\" \/>\n<meta name=\"twitter:label1\" content=\"Est. reading time\" \/>\n\t<meta name=\"twitter:data1\" content=\"1 minut\u0117\" \/>\n<script type=\"application\/ld+json\" class=\"yoast-schema-graph\">{\"@context\":\"https:\/\/schema.org\",\"@graph\":[{\"@type\":\"WebPage\",\"@id\":\"https:\/\/distribucionarc.com\/bg\/producto\/prensa-manual-para-fabricar-hamburguesas\/\",\"url\":\"https:\/\/distribucionarc.com\/bg\/producto\/prensa-manual-para-fabricar-hamburguesas\/\",\"name\":\"Prensa manual para fabricar hamburguesas\u00a010cm - distribuci\u00f3n ARC\",\"isPartOf\":{\"@id\":\"https:\/\/distribucionarc.com\/ro\/#website\"},\"primaryImageOfPage\":{\"@id\":\"https:\/\/distribucionarc.com\/bg\/producto\/prensa-manual-para-fabricar-hamburguesas\/#primaryimage\"},\"image\":{\"@id\":\"https:\/\/distribucionarc.com\/bg\/producto\/prensa-manual-para-fabricar-hamburguesas\/#primaryimage\"},\"thumbnailUrl\":\"https:\/\/distribucionarc.com\/wp-content\/uploads\/2020\/08\/Prensa-manual-para-fabricar-hamburguesas-10cm-0.jpg\",\"datePublished\":\"2020-08-27T13:53:19+00:00\",\"dateModified\":\"2020-10-01T11:38:37+00:00\",\"breadcrumb\":{\"@id\":\"https:\/\/distribucionarc.com\/bg\/producto\/prensa-manual-para-fabricar-hamburguesas\/#breadcrumb\"},\"inLanguage\":\"lt-LT\",\"potentialAction\":[{\"@type\":\"ReadAction\",\"target\":[\"https:\/\/distribucionarc.com\/bg\/producto\/prensa-manual-para-fabricar-hamburguesas\/\"]}]},{\"@type\":\"ImageObject\",\"inLanguage\":\"lt-LT\",\"@id\":\"https:\/\/distribucionarc.com\/bg\/producto\/prensa-manual-para-fabricar-hamburguesas\/#primaryimage\",\"url\":\"https:\/\/distribucionarc.com\/wp-content\/uploads\/2020\/08\/Prensa-manual-para-fabricar-hamburguesas-10cm-0.jpg\",\"contentUrl\":\"https:\/\/distribucionarc.com\/wp-content\/uploads\/2020\/08\/Prensa-manual-para-fabricar-hamburguesas-10cm-0.jpg\",\"width\":1600,\"height\":1600,\"caption\":\"Prensa manual para fabricar hamburguesas\u00a0\"},{\"@type\":\"BreadcrumbList\",\"@id\":\"https:\/\/distribucionarc.com\/bg\/producto\/prensa-manual-para-fabricar-hamburguesas\/#breadcrumb\",\"itemListElement\":[{\"@type\":\"ListItem\",\"position\":1,\"name\":\"Portada\",\"item\":\"https:\/\/distribucionarc.com\/ar\/\"},{\"@type\":\"ListItem\",\"position\":2,\"name\":\"Proizvodi\",\"item\":\"https:\/\/www.distribucionarc.com\/hr\/ducan\/\"},{\"@type\":\"ListItem\",\"position\":3,\"name\":\"Prensa manual para fabricar hamburguesas\u00a010cm\"}]},{\"@type\":\"WebSite\",\"@id\":\"https:\/\/distribucionarc.com\/ro\/#website\",\"url\":\"https:\/\/distribucionarc.com\/ro\/\",\"name\":\"distribuci\u00f3n ARC\",\"description\":\"Empresa especializada en la fabricaci\u00f3n y distribuci\u00f3n de maquinaria industrial, selladoras de latas, Maquinas de hacer pastillas, Maquinas de cortar carne...\",\"publisher\":{\"@id\":\"https:\/\/distribucionarc.com\/ro\/#organization\"},\"potentialAction\":[{\"@type\":\"SearchAction\",\"target\":{\"@type\":\"EntryPoint\",\"urlTemplate\":\"https:\/\/distribucionarc.com\/ro\/?s={search_term_string}\"},\"query-input\":{\"@type\":\"PropertyValueSpecification\",\"valueRequired\":true,\"valueName\":\"search_term_string\"}}],\"inLanguage\":\"lt-LT\"},{\"@type\":\"Organization\",\"@id\":\"https:\/\/distribucionarc.com\/ro\/#organization\",\"name\":\"Distribuci\u00f3n ARC\",\"url\":\"https:\/\/distribucionarc.com\/ro\/\",\"logo\":{\"@type\":\"ImageObject\",\"inLanguage\":\"lt-LT\",\"@id\":\"https:\/\/distribucionarc.com\/ro\/#\/schema\/logo\/image\/\",\"url\":\"https:\/\/distribucionarc.com\/wp-content\/uploads\/2024\/10\/distribucion-ARC-COLOR-SIN-FONDO-e1732295305345.png\",\"contentUrl\":\"https:\/\/distribucionarc.com\/wp-content\/uploads\/2024\/10\/distribucion-ARC-COLOR-SIN-FONDO-e1732295305345.png\",\"width\":1164,\"height\":558,\"caption\":\"Distribuci\u00f3n ARC\"},\"image\":{\"@id\":\"https:\/\/distribucionarc.com\/ro\/#\/schema\/logo\/image\/\"},\"description\":\"Empresa especializada en la fabricaci\u00f3n y distribuci\u00f3n de maquinaria industrial para los sectores alimentario y farmac\u00e9utico. Nos especializamos en: M\u00e1quinas de cortar carne Fabricaci\u00f3n de comprimidos Sistemas de transporte industrial L\u00edneas de embotellado Dosificadores Y mucho m\u00e1s... Ofrecemos soluciones innovadoras y personalizadas para optimizar los procesos productivos de tu empresa.\",\"email\":\"Admistracion@distribucionarc.com\",\"telephone\":\"+34 643496664\",\"legalName\":\"ARC TECH SOLUTIONS\",\"foundingDate\":\"2024-04-09\",\"vatID\":\"B55480172\",\"numberOfEmployees\":{\"@type\":\"QuantitativeValue\",\"minValue\":\"1\",\"maxValue\":\"10\"}}]}<\/script>\n<!-- \/ Yoast SEO Premium plugin. -->","yoast_head_json":{"title":"Rankinis presas gaminant 10 cm m\u0117sainius \u2013 ARC platinimas","robots":{"index":"index","follow":"follow","max-snippet":"max-snippet:-1","max-image-preview":"max-image-preview:large","max-video-preview":"max-video-preview:-1"},"canonical":"https:\/\/distribucionarc.com\/lt\/produktas\/rankiniu-budu-presuojami-mesainiai\/","og_locale":"lt_LT","og_type":"article","og_title":"Prensa manual para fabricar hamburguesas\u00a010cm","og_description":"Prensa manual para fabricar hamburguesas 10cm Esta prensa para hamburguesas ARC de estructura resistente est\u00e1 hecha de aluminio fundido y acero inoxidable 304 de calidad alimentaria. La m\u00e1quina para hacer hamburguesas viene con una bandeja de 10cm de di\u00e1metro, un soporte para papel y un mango ergon\u00f3mico. Capaz de convertir r\u00e1pidamente la carne picada en una hamburguesa redonda perfecta bajando la palanca sin esfuerzo. La m\u00e1quina de hamburguesas es adecuada para uso comercial. Garant\u00eda\u00a0ARC 2 A\u00d1OS soporte t\u00e9cnico\u00a0incluido","og_url":"https:\/\/distribucionarc.com\/lt\/produktas\/rankiniu-budu-presuojami-mesainiai\/","og_site_name":"distribuci\u00f3n ARC","article_modified_time":"2020-10-01T11:38:37+00:00","og_image":[{"width":1600,"height":1600,"url":"https:\/\/distribucionarc.com\/wp-content\/uploads\/2020\/08\/Prensa-manual-para-fabricar-hamburguesas-10cm-0.jpg","type":"image\/jpeg"}],"twitter_card":"summary_large_image","twitter_misc":{"Est. reading time":"1 minut\u0117"},"schema":{"@context":"https:\/\/schema.org","@graph":[{"@type":"WebPage","@id":"https:\/\/distribucionarc.com\/bg\/producto\/prensa-manual-para-fabricar-hamburguesas\/","url":"https:\/\/distribucionarc.com\/bg\/producto\/prensa-manual-para-fabricar-hamburguesas\/","name":"Rankinis presas gaminant 10 cm m\u0117sainius \u2013 ARC platinimas","isPartOf":{"@id":"https:\/\/distribucionarc.com\/ro\/#website"},"primaryImageOfPage":{"@id":"https:\/\/distribucionarc.com\/bg\/producto\/prensa-manual-para-fabricar-hamburguesas\/#primaryimage"},"image":{"@id":"https:\/\/distribucionarc.com\/bg\/producto\/prensa-manual-para-fabricar-hamburguesas\/#primaryimage"},"thumbnailUrl":"https:\/\/distribucionarc.com\/wp-content\/uploads\/2020\/08\/Prensa-manual-para-fabricar-hamburguesas-10cm-0.jpg","datePublished":"2020-08-27T13:53:19+00:00","dateModified":"2020-10-01T11:38:37+00:00","breadcrumb":{"@id":"https:\/\/distribucionarc.com\/bg\/producto\/prensa-manual-para-fabricar-hamburguesas\/#breadcrumb"},"inLanguage":"lt-LT","potentialAction":[{"@type":"ReadAction","target":["https:\/\/distribucionarc.com\/bg\/producto\/prensa-manual-para-fabricar-hamburguesas\/"]}]},{"@type":"ImageObject","inLanguage":"lt-LT","@id":"https:\/\/distribucionarc.com\/bg\/producto\/prensa-manual-para-fabricar-hamburguesas\/#primaryimage","url":"https:\/\/distribucionarc.com\/wp-content\/uploads\/2020\/08\/Prensa-manual-para-fabricar-hamburguesas-10cm-0.jpg","contentUrl":"https:\/\/distribucionarc.com\/wp-content\/uploads\/2020\/08\/Prensa-manual-para-fabricar-hamburguesas-10cm-0.jpg","width":1600,"height":1600,"caption":"Prensa manual para fabricar hamburguesas\u00a0"},{"@type":"BreadcrumbList","@id":"https:\/\/distribucionarc.com\/bg\/producto\/prensa-manual-para-fabricar-hamburguesas\/#breadcrumb","itemListElement":[{"@type":"ListItem","position":1,"name":"Portada","item":"https:\/\/distribucionarc.com\/ar\/"},{"@type":"ListItem","position":2,"name":"Proizvodi","item":"https:\/\/www.distribucionarc.com\/hr\/ducan\/"},{"@type":"ListItem","position":3,"name":"Prensa manual para fabricar hamburguesas\u00a010cm"}]},{"@type":"WebSite","@id":"https:\/\/distribucionarc.com\/ro\/#website","url":"https:\/\/distribucionarc.com\/ro\/","name":"ARC paskirstymas","description":"\u012emon\u0117 specializuojasi pramonini\u0173 ma\u0161in\u0173, skardini\u0173 sandarinimo ma\u0161in\u0173, table\u010di\u0173 gamybos ma\u0161in\u0173, m\u0117sos pjaustymo ma\u0161in\u0173 gamyboje ir platinime...","publisher":{"@id":"https:\/\/distribucionarc.com\/ro\/#organization"},"potentialAction":[{"@type":"SearchAction","target":{"@type":"EntryPoint","urlTemplate":"https:\/\/distribucionarc.com\/ro\/?s={search_term_string}"},"query-input":{"@type":"PropertyValueSpecification","valueRequired":true,"valueName":"search_term_string"}}],"inLanguage":"lt-LT"},{"@type":"Organization","@id":"https:\/\/distribucionarc.com\/ro\/#organization","name":"ARC platinimas","url":"https:\/\/distribucionarc.com\/ro\/","logo":{"@type":"ImageObject","inLanguage":"lt-LT","@id":"https:\/\/distribucionarc.com\/ro\/#\/schema\/logo\/image\/","url":"https:\/\/distribucionarc.com\/wp-content\/uploads\/2024\/10\/distribucion-ARC-COLOR-SIN-FONDO-e1732295305345.png","contentUrl":"https:\/\/distribucionarc.com\/wp-content\/uploads\/2024\/10\/distribucion-ARC-COLOR-SIN-FONDO-e1732295305345.png","width":1164,"height":558,"caption":"Distribuci\u00f3n ARC"},"image":{"@id":"https:\/\/distribucionarc.com\/ro\/#\/schema\/logo\/image\/"},"description":"\u012emon\u0117 specializuojasi maisto ir farmacijos sektoriams skirt\u0173 pramonini\u0173 ma\u0161in\u0173 gamyboje ir platinime. M\u016bs\u0173 specializacija: M\u0117sos pjaustymo ma\u0161inos Table\u010di\u0173 gamyba Pramonin\u0117s transportavimo sistemos I\u0161pilstymo linijos Dozatoriai Ir dar daugiau... Si\u016blome novatori\u0161kus ir individualiems poreikiams pritaikytus sprendimus, kad optimizuotume j\u016bs\u0173 \u012fmon\u0117s gamybos procesus.","email":"Admistracion@distribucionarc.com","telephone":"+34 643496664","legalName":"ARC TECH SOLUTIONS","foundingDate":"2024-04-09","vatID":"B55480172","numberOfEmployees":{"@type":"QuantitativeValue","minValue":"1","maxValue":"10"}}]}},"_links":{"self":[{"href":"https:\/\/distribucionarc.com\/lt\/wp-json\/wp\/v2\/product\/2973","targetHints":{"allow":["GET"]}}],"collection":[{"href":"https:\/\/distribucionarc.com\/lt\/wp-json\/wp\/v2\/product"}],"about":[{"href":"https:\/\/distribucionarc.com\/lt\/wp-json\/wp\/v2\/types\/product"}],"replies":[{"embeddable":true,"href":"https:\/\/distribucionarc.com\/lt\/wp-json\/wp\/v2\/comments?post=2973"}],"version-history":[{"count":0,"href":"https:\/\/distribucionarc.com\/lt\/wp-json\/wp\/v2\/product\/2973\/revisions"}],"wp:featuredmedia":[{"embeddable":true,"href":"https:\/\/distribucionarc.com\/lt\/wp-json\/wp\/v2\/media\/2974"}],"wp:attachment":[{"href":"https:\/\/distribucionarc.com\/lt\/wp-json\/wp\/v2\/media?parent=2973"}],"wp:term":[{"taxonomy":"product_brand","embeddable":true,"href":"https:\/\/distribucionarc.com\/lt\/wp-json\/wp\/v2\/product_brand?post=2973"},{"taxonomy":"product_cat","embeddable":true,"href":"https:\/\/distribucionarc.com\/lt\/wp-json\/wp\/v2\/product_cat?post=2973"},{"taxonomy":"product_tag","embeddable":true,"href":"https:\/\/distribucionarc.com\/lt\/wp-json\/wp\/v2\/product_tag?post=2973"}],"curies":[{"name":"wp","href":"https:\/\/api.w.org\/{rel}","templated":true}]}}